{"id":944,"date":"2014-01-22T19:02:57","date_gmt":"2014-01-22T18:02:57","guid":{"rendered":"http:\/\/www.omnivion.net\/core\/?page_id=944"},"modified":"2024-01-16T22:18:17","modified_gmt":"2024-01-16T21:18:17","slug":"newtopia-2-0","status":"publish","type":"page","link":"https:\/\/omnivion.net\/core\/fr\/projets\/projets-artistiques\/newtopia-2-0\/","title":{"rendered":"Newtopia 2.0"},"content":{"rendered":"<p><div id=\"attachment_947\" style=\"width: 810px\" class=\"wp-caption alignnone\"><a href=\"https:\/\/i0.wp.com\/www.omnivion.net\/core\/wp-content\/uploads\/2014\/01\/Decorated-Surmi-Tribe_Rod-Waddington_CC-BY-SA-2.0_edit_web.jpg\"><img data-recalc-dims=\"1\" loading=\"lazy\" decoding=\"async\" aria-describedby=\"caption-attachment-947\" class=\"size-full wp-image-947\" src=\"https:\/\/i0.wp.com\/www.omnivion.net\/core\/wp-content\/uploads\/2014\/01\/Decorated-Surmi-Tribe_Rod-Waddington_CC-BY-SA-2.0_edit_web.jpg?resize=800%2C266\" alt=\"Decorated, Surmi Tribe_Rod Waddington_(CC BY-SA 2.0)_edit\" width=\"800\" height=\"266\" srcset=\"https:\/\/i0.wp.com\/omnivion.net\/core\/wp-content\/uploads\/2014\/01\/Decorated-Surmi-Tribe_Rod-Waddington_CC-BY-SA-2.0_edit_web.jpg?w=800&amp;ssl=1 800w, https:\/\/i0.wp.com\/omnivion.net\/core\/wp-content\/uploads\/2014\/01\/Decorated-Surmi-Tribe_Rod-Waddington_CC-BY-SA-2.0_edit_web.jpg?resize=300%2C99&amp;ssl=1 300w\" sizes=\"auto, (max-width: 800px) 100vw, 800px\" \/><\/a><p id=\"caption-attachment-947\" class=\"wp-caption-text\">Decorated, Surmi Tribe_Rod Waddington_(CC BY-SA 2.0)_edit<\/p><\/div><\/p>\n<h2><\/h2>\n<h2>Newtopia 2.0<\/h2>\n<p>&#8230;est la continuation de <strong><a title=\"Newtopia 1\" href=\"http:\/\/www.omnivion.net\/core\/projets\/projets-artistiques\/newtopia_1\/\">Newtopia 1<\/a><\/strong>, qui a \u00e9t\u00e9 pr\u00e9sent\u00e9e \u00e0 la Chapelle des Capucins et la Chapelle Sainte Anne \u00e0 Tours le 8 juin 2013.\u00a0C\u2019est une s\u00e9rie d\u2019\u00e9v\u00e9nements artistiques exp\u00e9rimentaux autour de la question du <b><i>corps sensible en milieu psychiatrique<\/i><\/b>.<\/p>\n<p><strong>Concept g\u00e9n\u00e9ral de la soir\u00e9e\u00a0:<br \/>\n<\/strong><\/p>\n<p><strong><i>Newtopia<\/i>\u00a0:<\/strong> n\u00e9ologisme d\u00e9riv\u00e9 du mot Utopia [Utopie] avec\u00a0 une connotation optimiste qui fait r\u00e9f\u00e9rence \u00e0 la nouveaut\u00e9 cr\u00e9atrice et le potentiel humain.\u00a0Nous ne sommes pas dans l\u2019espoir d\u2019un non-lieu utopique mais dans une posture de confiance face \u00e0 l\u2019avenir, malgr\u00e9 les cynismes et d\u00e9sespoirs environnants li\u00e9s aux crises financi\u00e8res, humanitaires, et autres.<\/p>\n<p>Le point central de l\u2019\u00e9v\u00e9nement est l&rsquo;interrogation de la place du <i>corps sujet \/ corps sensible<\/i> dans nos soci\u00e9t\u00e9s et plus sp\u00e9cifiquement en lien avec le monde psychiatrique. Les interventions seront propos\u00e9es dans des lieux du patrimoine Tourangeau comme la Chapelle Saint Anne, mais aussi au CHU de Tours et au Centre Chor\u00e9graphique National de Tours.<\/p>\n<p>Comment promouvoir des formes hybrides, entre p\u00e9dagogie perceptive et expressivit\u00e9 sensible dans lesquelles le corps sujet revient au centre de nos interrogations? Comment soutenir des approches <i>multir\u00e9f\u00e9rentielles\u00a0<b>[1]<\/b><\/i> et <i>multi-perspectives<\/i> qui stimulent des d\u00e9bats avec des principes de la communication non-violente ?<\/p>\n<p>&nbsp;<\/p>\n<p><strong>Dates et programme : <\/strong><\/p>\n<h3><strong><a title=\"Newtopia 2.1\" href=\"http:\/\/www.omnivion.net\/core\/projets\/projets-artistiques\/newtopia-2-0\/newtopia-2-1\/\">Newtopia 2.1<\/a><\/strong><\/h3>\n<p>Spectacle et exposition : <strong>19 septembre 2014<\/strong> au <strong><a href=\"http:\/\/www.ccntours.com\/\" target=\"_blank\" rel=\"noopener noreferrer\">Centre Chor\u00e9graphique National de Tours<\/a><\/strong><br \/>\n<a title=\"Newtopia 2.1\" href=\"http:\/\/www.omnivion.net\/core\/projets\/projets-artistiques\/newtopia-2-0\/newtopia-2-1\/\"><strong>PROGRAMME D\u00c9TAILL\u00c9 :<\/strong> <strong>2.1<\/strong><\/a><\/p>\n<h3><a href=\"http:\/\/www.omnivion.net\/core\/projets\/projets-artistiques\/newtopia-2-0\/newtopia-2-2-0\/\">Newtopia 2.2<\/a><\/h3>\n<p>Performances : <strong>7<\/strong> <strong>d\u00e9cembre, 2014<\/strong> \u00e0 la <a href=\"http:\/\/chapellesainteanne.com\/\" target=\"_blank\" rel=\"noopener noreferrer\">Chapelle Saint Anne \u00e0 Tours<\/a> \/ La Riche <b><strong>(horaires et programme <a href=\"http:\/\/www.omnivion.net\/core\/projets\/projets-artistiques\/newtopia-2-0\/newtopia-2-2-0\/\">ICI<\/a>)<\/strong><\/b><\/p>\n<h3><a href=\"http:\/\/www.omnivion.net\/core\/projets\/projets-artistiques\/newtopia-2-0\/newtopia-2-3-0\/\"><strong>Newtopia 2.3<\/strong><\/a><\/h3>\n<p>Performances : <strong>10 &amp; 13 d\u00e9cembre<\/strong> <strong>2014<\/strong> au <a href=\"http:\/\/www.chu-tours.fr\/\" target=\"_blank\" rel=\"noopener noreferrer\">CHRU de Tours<\/a>\u00a0 et le <strong>24 avril 2015<\/strong> \u00e0 la <a href=\"http:\/\/www.cvc-inicea.fr\/\" target=\"_blank\" rel=\"noopener noreferrer\">Clinique Psychiatrique des Vontes<\/a> :\u00a0<a href=\"http:\/\/www.omnivion.net\/core\/projets\/projets-artistiques\/newtopia-2-0\/newtopia-2-3-0\/\"><strong>INFO<\/strong><\/a><\/p>\n<h3><strong>Newtopia 2.4<\/strong><\/h3>\n<p>Exposition Photographique par Bernard Duret <em>\u00ab\u00a0Situations d&rsquo;Acc\u00e8s II\u00a0\u00bb<\/em> : <strong>octobre &#8211; d\u00e9cembre<\/strong> <strong>2015<\/strong> \u00e0 <a href=\"https:\/\/cvl.vyv3.fr\/iem-charlemagne\" target=\"_blank\" rel=\"noopener\"><strong>l&rsquo;IEM Charlemagne<\/strong><\/a><\/p>\n<p>&nbsp;<\/p>\n<p><b>(<strong>POUR LE PROGRAMME D\u00c9FINITIF DU 2\u00e8me &amp; 3\u00e8me volet, V\u00c9RIFIEZ SUR CETTE PAGE FIN OCTOBRE ET SUR <a href=\"https:\/\/www.facebook.com\/omnivion\" target=\"_blank\" rel=\"noopener noreferrer\">FACEBOOK<\/a>)<\/strong><\/b><\/p>\n<p>SOUTENU PAR :<\/p>\n<p><a href=\"https:\/\/i0.wp.com\/www.omnivion.net\/core\/wp-content\/uploads\/2014\/08\/640px-CHRU_logo_RVB.jpg\"><img data-recalc-dims=\"1\" loading=\"lazy\" decoding=\"async\" class=\"alignnone size-large wp-image-1094\" src=\"https:\/\/i0.wp.com\/www.omnivion.net\/core\/wp-content\/uploads\/2014\/08\/640px-CHRU_logo_RVB.jpg?resize=1%2C1\" alt=\"640px-CHRU_logo_RVB\" width=\"1\" height=\"1\" srcset=\"https:\/\/i0.wp.com\/omnivion.net\/core\/wp-content\/uploads\/2014\/08\/640px-CHRU_logo_RVB.jpg?w=640&amp;ssl=1 640w, https:\/\/i0.wp.com\/omnivion.net\/core\/wp-content\/uploads\/2014\/08\/640px-CHRU_logo_RVB.jpg?resize=150%2C150&amp;ssl=1 150w, https:\/\/i0.wp.com\/omnivion.net\/core\/wp-content\/uploads\/2014\/08\/640px-CHRU_logo_RVB.jpg?resize=300%2C155&amp;ssl=1 300w\" sizes=\"auto, (max-width: 1px) 100vw, 1px\" \/><\/a><a href=\"http:\/\/omnivion.net\/core\/projets\/projets-artistiques\/newtopia-2-0\/logos_part_n2\/\" rel=\"attachment wp-att-2250\"><img data-recalc-dims=\"1\" loading=\"lazy\" decoding=\"async\" class=\"alignnone size-full wp-image-2250\" src=\"https:\/\/i0.wp.com\/omnivion.net\/core\/wp-content\/uploads\/2014\/01\/logos_part_N2.jpg?resize=974%2C607\" alt=\"\" width=\"974\" height=\"607\" srcset=\"https:\/\/i0.wp.com\/omnivion.net\/core\/wp-content\/uploads\/2014\/01\/logos_part_N2.jpg?w=974&amp;ssl=1 974w, https:\/\/i0.wp.com\/omnivion.net\/core\/wp-content\/uploads\/2014\/01\/logos_part_N2.jpg?resize=300%2C187&amp;ssl=1 300w, https:\/\/i0.wp.com\/omnivion.net\/core\/wp-content\/uploads\/2014\/01\/logos_part_N2.jpg?resize=768%2C479&amp;ssl=1 768w\" sizes=\"auto, (max-width: 974px) 100vw, 974px\" \/><\/a><\/p>\n<h2><\/h2>\n<p><\/p>","protected":false},"excerpt":{"rendered":"<p>Newtopia 2.0 &#8230;est la continuation de Newtopia 1, qui a \u00e9t\u00e9 pr\u00e9sent\u00e9e \u00e0 [&hellip;]<\/p>\n","protected":false},"author":1,"featured_media":0,"parent":60,"menu_order":0,"comment_status":"closed","ping_status":"closed","template":"","meta":{"jetpack_post_was_ever_published":false,"footnotes":""},"class_list":["post-944","page","type-page","status-publish","hentry"],"yoast_head":"<!-- This site is optimized with the Yoast SEO plugin v26.8 - https:\/\/yoast.com\/product\/yoast-seo-wordpress\/ -->\n<title>Newtopia 2.0 - omnivion.net<\/title>\n<meta name=\"robots\" content=\"index, follow, max-snippet:-1, max-image-preview:large, max-video-preview:-1\" \/>\n<link rel=\"canonical\" href=\"https:\/\/omnivion.net\/core\/fr\/projets\/projets-artistiques\/newtopia-2-0\/\" \/>\n<meta property=\"og:locale\" content=\"fr_FR\" \/>\n<meta property=\"og:type\" content=\"article\" \/>\n<meta property=\"og:title\" content=\"Newtopia 2.0 - omnivion.net\" \/>\n<meta property=\"og:description\" content=\"Newtopia 2.0 &#8230;est la continuation de Newtopia 1, qui a \u00e9t\u00e9 pr\u00e9sent\u00e9e \u00e0 [&hellip;]\" \/>\n<meta property=\"og:url\" content=\"https:\/\/omnivion.net\/core\/fr\/projets\/projets-artistiques\/newtopia-2-0\/\" \/>\n<meta property=\"og:site_name\" content=\"omnivion.net\" \/>\n<meta property=\"article:modified_time\" content=\"2024-01-16T21:18:17+00:00\" \/>\n<meta property=\"og:image\" content=\"http:\/\/www.omnivion.net\/core\/wp-content\/uploads\/2014\/01\/Decorated-Surmi-Tribe_Rod-Waddington_CC-BY-SA-2.0_edit_web.jpg\" \/>\n<meta name=\"twitter:card\" content=\"summary_large_image\" \/>\n<meta name=\"twitter:label1\" content=\"Dur\u00e9e de lecture estim\u00e9e\" \/>\n\t<meta name=\"twitter:data1\" content=\"3 minutes\" \/>\n<script type=\"application\/ld+json\" class=\"yoast-schema-graph\">{\"@context\":\"https:\/\/schema.org\",\"@graph\":[{\"@type\":\"WebPage\",\"@id\":\"https:\/\/omnivion.net\/core\/fr\/projets\/projets-artistiques\/newtopia-2-0\/\",\"url\":\"https:\/\/omnivion.net\/core\/fr\/projets\/projets-artistiques\/newtopia-2-0\/\",\"name\":\"Newtopia 2.0 - omnivion.net\",\"isPartOf\":{\"@id\":\"https:\/\/omnivion.net\/core\/fr\/#website\"},\"primaryImageOfPage\":{\"@id\":\"https:\/\/omnivion.net\/core\/fr\/projets\/projets-artistiques\/newtopia-2-0\/#primaryimage\"},\"image\":{\"@id\":\"https:\/\/omnivion.net\/core\/fr\/projets\/projets-artistiques\/newtopia-2-0\/#primaryimage\"},\"thumbnailUrl\":\"http:\/\/www.omnivion.net\/core\/wp-content\/uploads\/2014\/01\/Decorated-Surmi-Tribe_Rod-Waddington_CC-BY-SA-2.0_edit_web.jpg\",\"datePublished\":\"2014-01-22T18:02:57+00:00\",\"dateModified\":\"2024-01-16T21:18:17+00:00\",\"breadcrumb\":{\"@id\":\"https:\/\/omnivion.net\/core\/fr\/projets\/projets-artistiques\/newtopia-2-0\/#breadcrumb\"},\"inLanguage\":\"fr-FR\",\"potentialAction\":[{\"@type\":\"ReadAction\",\"target\":[\"https:\/\/omnivion.net\/core\/fr\/projets\/projets-artistiques\/newtopia-2-0\/\"]}]},{\"@type\":\"ImageObject\",\"inLanguage\":\"fr-FR\",\"@id\":\"https:\/\/omnivion.net\/core\/fr\/projets\/projets-artistiques\/newtopia-2-0\/#primaryimage\",\"url\":\"http:\/\/www.omnivion.net\/core\/wp-content\/uploads\/2014\/01\/Decorated-Surmi-Tribe_Rod-Waddington_CC-BY-SA-2.0_edit_web.jpg\",\"contentUrl\":\"http:\/\/www.omnivion.net\/core\/wp-content\/uploads\/2014\/01\/Decorated-Surmi-Tribe_Rod-Waddington_CC-BY-SA-2.0_edit_web.jpg\"},{\"@type\":\"BreadcrumbList\",\"@id\":\"https:\/\/omnivion.net\/core\/fr\/projets\/projets-artistiques\/newtopia-2-0\/#breadcrumb\",\"itemListElement\":[{\"@type\":\"ListItem\",\"position\":1,\"name\":\"Accueil\",\"item\":\"https:\/\/omnivion.net\/core\/en\/silverstorm\/\"},{\"@type\":\"ListItem\",\"position\":2,\"name\":\"Projets\",\"item\":\"https:\/\/omnivion.net\/core\/fr\/projets\/\"},{\"@type\":\"ListItem\",\"position\":3,\"name\":\"Projets Artistiques\",\"item\":\"https:\/\/omnivion.net\/core\/projets\/projets-artistiques\/\"},{\"@type\":\"ListItem\",\"position\":4,\"name\":\"Newtopia 2.0\"}]},{\"@type\":\"WebSite\",\"@id\":\"https:\/\/omnivion.net\/core\/fr\/#website\",\"url\":\"https:\/\/omnivion.net\/core\/fr\/\",\"name\":\"omnivion.net\",\"description\":\"...ARTS D&#039;\u00caTRE CORPS...\",\"potentialAction\":[{\"@type\":\"SearchAction\",\"target\":{\"@type\":\"EntryPoint\",\"urlTemplate\":\"https:\/\/omnivion.net\/core\/fr\/?s={search_term_string}\"},\"query-input\":{\"@type\":\"PropertyValueSpecification\",\"valueRequired\":true,\"valueName\":\"search_term_string\"}}],\"inLanguage\":\"fr-FR\"}]}<\/script>\n<!-- \/ Yoast SEO plugin. -->","yoast_head_json":{"title":"Newtopia 2.0 - omnivion.net","robots":{"index":"index","follow":"follow","max-snippet":"max-snippet:-1","max-image-preview":"max-image-preview:large","max-video-preview":"max-video-preview:-1"},"canonical":"https:\/\/omnivion.net\/core\/fr\/projets\/projets-artistiques\/newtopia-2-0\/","og_locale":"fr_FR","og_type":"article","og_title":"Newtopia 2.0 - omnivion.net","og_description":"Newtopia 2.0 &#8230;est la continuation de Newtopia 1, qui a \u00e9t\u00e9 pr\u00e9sent\u00e9e \u00e0 [&hellip;]","og_url":"https:\/\/omnivion.net\/core\/fr\/projets\/projets-artistiques\/newtopia-2-0\/","og_site_name":"omnivion.net","article_modified_time":"2024-01-16T21:18:17+00:00","og_image":[{"url":"http:\/\/www.omnivion.net\/core\/wp-content\/uploads\/2014\/01\/Decorated-Surmi-Tribe_Rod-Waddington_CC-BY-SA-2.0_edit_web.jpg","type":"","width":"","height":""}],"twitter_card":"summary_large_image","twitter_misc":{"Dur\u00e9e de lecture estim\u00e9e":"3 minutes"},"schema":{"@context":"https:\/\/schema.org","@graph":[{"@type":"WebPage","@id":"https:\/\/omnivion.net\/core\/fr\/projets\/projets-artistiques\/newtopia-2-0\/","url":"https:\/\/omnivion.net\/core\/fr\/projets\/projets-artistiques\/newtopia-2-0\/","name":"Newtopia 2.0 - omnivion.net","isPartOf":{"@id":"https:\/\/omnivion.net\/core\/fr\/#website"},"primaryImageOfPage":{"@id":"https:\/\/omnivion.net\/core\/fr\/projets\/projets-artistiques\/newtopia-2-0\/#primaryimage"},"image":{"@id":"https:\/\/omnivion.net\/core\/fr\/projets\/projets-artistiques\/newtopia-2-0\/#primaryimage"},"thumbnailUrl":"http:\/\/www.omnivion.net\/core\/wp-content\/uploads\/2014\/01\/Decorated-Surmi-Tribe_Rod-Waddington_CC-BY-SA-2.0_edit_web.jpg","datePublished":"2014-01-22T18:02:57+00:00","dateModified":"2024-01-16T21:18:17+00:00","breadcrumb":{"@id":"https:\/\/omnivion.net\/core\/fr\/projets\/projets-artistiques\/newtopia-2-0\/#breadcrumb"},"inLanguage":"fr-FR","potentialAction":[{"@type":"ReadAction","target":["https:\/\/omnivion.net\/core\/fr\/projets\/projets-artistiques\/newtopia-2-0\/"]}]},{"@type":"ImageObject","inLanguage":"fr-FR","@id":"https:\/\/omnivion.net\/core\/fr\/projets\/projets-artistiques\/newtopia-2-0\/#primaryimage","url":"http:\/\/www.omnivion.net\/core\/wp-content\/uploads\/2014\/01\/Decorated-Surmi-Tribe_Rod-Waddington_CC-BY-SA-2.0_edit_web.jpg","contentUrl":"http:\/\/www.omnivion.net\/core\/wp-content\/uploads\/2014\/01\/Decorated-Surmi-Tribe_Rod-Waddington_CC-BY-SA-2.0_edit_web.jpg"},{"@type":"BreadcrumbList","@id":"https:\/\/omnivion.net\/core\/fr\/projets\/projets-artistiques\/newtopia-2-0\/#breadcrumb","itemListElement":[{"@type":"ListItem","position":1,"name":"Accueil","item":"https:\/\/omnivion.net\/core\/en\/silverstorm\/"},{"@type":"ListItem","position":2,"name":"Projets","item":"https:\/\/omnivion.net\/core\/fr\/projets\/"},{"@type":"ListItem","position":3,"name":"Projets Artistiques","item":"https:\/\/omnivion.net\/core\/projets\/projets-artistiques\/"},{"@type":"ListItem","position":4,"name":"Newtopia 2.0"}]},{"@type":"WebSite","@id":"https:\/\/omnivion.net\/core\/fr\/#website","url":"https:\/\/omnivion.net\/core\/fr\/","name":"omnivion.net","description":"...ARTS D&#039;\u00caTRE CORPS...","potentialAction":[{"@type":"SearchAction","target":{"@type":"EntryPoint","urlTemplate":"https:\/\/omnivion.net\/core\/fr\/?s={search_term_string}"},"query-input":{"@type":"PropertyValueSpecification","valueRequired":true,"valueName":"search_term_string"}}],"inLanguage":"fr-FR"}]}},"jetpack_sharing_enabled":true,"jetpack_shortlink":"https:\/\/wp.me\/P2fe7Q-fe","jetpack_likes_enabled":true,"_links":{"self":[{"href":"https:\/\/omnivion.net\/core\/fr\/wp-json\/wp\/v2\/pages\/944","targetHints":{"allow":["GET"]}}],"collection":[{"href":"https:\/\/omnivion.net\/core\/fr\/wp-json\/wp\/v2\/pages"}],"about":[{"href":"https:\/\/omnivion.net\/core\/fr\/wp-json\/wp\/v2\/types\/page"}],"author":[{"embeddable":true,"href":"https:\/\/omnivion.net\/core\/fr\/wp-json\/wp\/v2\/users\/1"}],"replies":[{"embeddable":true,"href":"https:\/\/omnivion.net\/core\/fr\/wp-json\/wp\/v2\/comments?post=944"}],"version-history":[{"count":33,"href":"https:\/\/omnivion.net\/core\/fr\/wp-json\/wp\/v2\/pages\/944\/revisions"}],"predecessor-version":[{"id":5232,"href":"https:\/\/omnivion.net\/core\/fr\/wp-json\/wp\/v2\/pages\/944\/revisions\/5232"}],"up":[{"embeddable":true,"href":"https:\/\/omnivion.net\/core\/fr\/wp-json\/wp\/v2\/pages\/60"}],"wp:attachment":[{"href":"https:\/\/omnivion.net\/core\/fr\/wp-json\/wp\/v2\/media?parent=944"}],"curies":[{"name":"wp","href":"https:\/\/api.w.org\/{rel}","templated":true}]}}