{"id":908,"date":"2014-01-09T23:50:48","date_gmt":"2014-01-09T22:50:48","guid":{"rendered":"http:\/\/www.omnivion.net\/core\/?page_id=908"},"modified":"2025-06-15T10:35:58","modified_gmt":"2025-06-15T09:35:58","slug":"adhesions","status":"publish","type":"page","link":"https:\/\/omnivion.net\/core\/fr\/contacts\/adhesions\/","title":{"rendered":"Adh\u00e9sions &#038; Dons"},"content":{"rendered":"<p><\/p>\n<h2><a href=\"http:\/\/omnivion.net\/core\/adhesions\/art_is_money_web\/\" rel=\"attachment wp-att-1811\"><img data-recalc-dims=\"1\" loading=\"lazy\" decoding=\"async\" class=\"alignnone size-full wp-image-1811\" src=\"https:\/\/i0.wp.com\/omnivion.net\/core\/wp-content\/uploads\/2014\/01\/Art_is_money_web.jpg?resize=800%2C468\" alt=\"CC_by_2_Unknown\" width=\"800\" height=\"468\" srcset=\"https:\/\/i0.wp.com\/omnivion.net\/core\/wp-content\/uploads\/2014\/01\/Art_is_money_web.jpg?w=800&amp;ssl=1 800w, https:\/\/i0.wp.com\/omnivion.net\/core\/wp-content\/uploads\/2014\/01\/Art_is_money_web.jpg?resize=300%2C176&amp;ssl=1 300w, https:\/\/i0.wp.com\/omnivion.net\/core\/wp-content\/uploads\/2014\/01\/Art_is_money_web.jpg?resize=768%2C449&amp;ssl=1 768w\" sizes=\"auto, (max-width: 800px) 100vw, 800px\" \/><\/a><\/h2>\n<h2>Cotisons!<\/h2>\n<p style=\"text-align: left;\">Investissez \u00e0 l&rsquo;avenir de la danse, de l&rsquo;imaginaire, de l&rsquo;\u00e9ducation du sensible!<\/p>\n<p style=\"text-align: left;\">Soutenez nous par votre adh\u00e9sion ou don : 12\u20ac souhait\u00e9 (7\u20ac minimum) et pas de maximum! :-)<\/p>\n<h3><span style=\"color: #ff6600;\"><strong>NOUVEAU! <\/strong><\/span><\/h3>\n<p>Maintenant sur notre propre site, gr\u00e2ce \u00e0 Hello-Asso vous pouvez r\u00e9gler les cotisations, dans le formulaire ci-dessous. Attention! Par d\u00e9faut Helloasso, ajoute un pourboire pour eux, mais vous pouvez l&rsquo;enlever. Nous avons opt\u00e9 pour cette plateforme pour leur engagement social et la gratuit\u00e9. A vous de voir, si vous vous les soutenez en plus ou pas.<\/p>\n<p><iframe id=\"haWidget\" style=\"width: 100%; height: 1450px; border: none;\" src=\"https:\/\/www.helloasso.com\/associations\/omnivion\/adhesions\/cotisations-new\/widget\"> { const dataHeight = e.data.height; const haWidgetElement = document.getElementById(&lsquo;haWidget&rsquo;); haWidgetElement.height = dataHeight + &lsquo;px&rsquo;; } )\u00a0\u00bb &gt;<\/iframe><\/p>\n<p><strong>Si vous souhaitez seulement nous envoyer un don ponctuel, c&rsquo;est par ici :<br \/>\n<\/strong><a href=\"https:\/\/www.helloasso.com\/associations\/omnivion\/formulaires\/1\/widget\"><strong>helloasso.com\/associations\/omnivion\/formulaires<\/strong><\/a><\/p>","protected":false},"excerpt":{"rendered":"<p>Cotisons! Investissez \u00e0 l&rsquo;avenir de la danse, de l&rsquo;imaginaire, de l&rsquo;\u00e9ducation du sensible! [&hellip;]<\/p>\n","protected":false},"author":1,"featured_media":0,"parent":68,"menu_order":0,"comment_status":"closed","ping_status":"closed","template":"","meta":{"jetpack_post_was_ever_published":false,"footnotes":""},"class_list":["post-908","page","type-page","status-publish","hentry"],"yoast_head":"<!-- This site is optimized with the Yoast SEO plugin v26.8 - https:\/\/yoast.com\/product\/yoast-seo-wordpress\/ -->\n<title>Adh\u00e9sions &amp; Dons - omnivion.net<\/title>\n<meta name=\"robots\" content=\"index, follow, max-snippet:-1, max-image-preview:large, max-video-preview:-1\" \/>\n<link rel=\"canonical\" href=\"https:\/\/omnivion.net\/core\/fr\/contacts\/adhesions\/\" \/>\n<meta property=\"og:locale\" content=\"fr_FR\" \/>\n<meta property=\"og:type\" content=\"article\" \/>\n<meta property=\"og:title\" content=\"Adh\u00e9sions &amp; Dons - omnivion.net\" \/>\n<meta property=\"og:description\" content=\"Cotisons! Investissez \u00e0 l&rsquo;avenir de la danse, de l&rsquo;imaginaire, de l&rsquo;\u00e9ducation du sensible! [&hellip;]\" \/>\n<meta property=\"og:url\" content=\"https:\/\/omnivion.net\/core\/fr\/contacts\/adhesions\/\" \/>\n<meta property=\"og:site_name\" content=\"omnivion.net\" \/>\n<meta property=\"article:modified_time\" content=\"2025-06-15T09:35:58+00:00\" \/>\n<meta property=\"og:image\" content=\"http:\/\/omnivion.net\/core\/wp-content\/uploads\/2014\/01\/Art_is_money_web.jpg\" \/>\n<meta name=\"twitter:card\" content=\"summary_large_image\" \/>\n<meta name=\"twitter:label1\" content=\"Dur\u00e9e de lecture estim\u00e9e\" \/>\n\t<meta name=\"twitter:data1\" content=\"1 minute\" \/>\n<script type=\"application\/ld+json\" class=\"yoast-schema-graph\">{\"@context\":\"https:\/\/schema.org\",\"@graph\":[{\"@type\":\"WebPage\",\"@id\":\"https:\/\/omnivion.net\/core\/fr\/contacts\/adhesions\/\",\"url\":\"https:\/\/omnivion.net\/core\/fr\/contacts\/adhesions\/\",\"name\":\"Adh\u00e9sions & Dons - omnivion.net\",\"isPartOf\":{\"@id\":\"https:\/\/omnivion.net\/core\/fr\/#website\"},\"primaryImageOfPage\":{\"@id\":\"https:\/\/omnivion.net\/core\/fr\/contacts\/adhesions\/#primaryimage\"},\"image\":{\"@id\":\"https:\/\/omnivion.net\/core\/fr\/contacts\/adhesions\/#primaryimage\"},\"thumbnailUrl\":\"http:\/\/omnivion.net\/core\/wp-content\/uploads\/2014\/01\/Art_is_money_web.jpg\",\"datePublished\":\"2014-01-09T22:50:48+00:00\",\"dateModified\":\"2025-06-15T09:35:58+00:00\",\"breadcrumb\":{\"@id\":\"https:\/\/omnivion.net\/core\/fr\/contacts\/adhesions\/#breadcrumb\"},\"inLanguage\":\"fr-FR\",\"potentialAction\":[{\"@type\":\"ReadAction\",\"target\":[\"https:\/\/omnivion.net\/core\/fr\/contacts\/adhesions\/\"]}]},{\"@type\":\"ImageObject\",\"inLanguage\":\"fr-FR\",\"@id\":\"https:\/\/omnivion.net\/core\/fr\/contacts\/adhesions\/#primaryimage\",\"url\":\"http:\/\/omnivion.net\/core\/wp-content\/uploads\/2014\/01\/Art_is_money_web.jpg\",\"contentUrl\":\"http:\/\/omnivion.net\/core\/wp-content\/uploads\/2014\/01\/Art_is_money_web.jpg\"},{\"@type\":\"BreadcrumbList\",\"@id\":\"https:\/\/omnivion.net\/core\/fr\/contacts\/adhesions\/#breadcrumb\",\"itemListElement\":[{\"@type\":\"ListItem\",\"position\":1,\"name\":\"Accueil\",\"item\":\"https:\/\/omnivion.net\/core\/en\/silverstorm\/\"},{\"@type\":\"ListItem\",\"position\":2,\"name\":\"Contacts\",\"item\":\"https:\/\/omnivion.net\/core\/fr\/contacts\/\"},{\"@type\":\"ListItem\",\"position\":3,\"name\":\"Adh\u00e9sions &#038; Dons\"}]},{\"@type\":\"WebSite\",\"@id\":\"https:\/\/omnivion.net\/core\/fr\/#website\",\"url\":\"https:\/\/omnivion.net\/core\/fr\/\",\"name\":\"omnivion.net\",\"description\":\"...ARTS D&#039;\u00caTRE CORPS...\",\"potentialAction\":[{\"@type\":\"SearchAction\",\"target\":{\"@type\":\"EntryPoint\",\"urlTemplate\":\"https:\/\/omnivion.net\/core\/fr\/?s={search_term_string}\"},\"query-input\":{\"@type\":\"PropertyValueSpecification\",\"valueRequired\":true,\"valueName\":\"search_term_string\"}}],\"inLanguage\":\"fr-FR\"}]}<\/script>\n<!-- \/ Yoast SEO plugin. -->","yoast_head_json":{"title":"Adh\u00e9sions & Dons - omnivion.net","robots":{"index":"index","follow":"follow","max-snippet":"max-snippet:-1","max-image-preview":"max-image-preview:large","max-video-preview":"max-video-preview:-1"},"canonical":"https:\/\/omnivion.net\/core\/fr\/contacts\/adhesions\/","og_locale":"fr_FR","og_type":"article","og_title":"Adh\u00e9sions & Dons - omnivion.net","og_description":"Cotisons! Investissez \u00e0 l&rsquo;avenir de la danse, de l&rsquo;imaginaire, de l&rsquo;\u00e9ducation du sensible! [&hellip;]","og_url":"https:\/\/omnivion.net\/core\/fr\/contacts\/adhesions\/","og_site_name":"omnivion.net","article_modified_time":"2025-06-15T09:35:58+00:00","og_image":[{"url":"http:\/\/omnivion.net\/core\/wp-content\/uploads\/2014\/01\/Art_is_money_web.jpg","type":"","width":"","height":""}],"twitter_card":"summary_large_image","twitter_misc":{"Dur\u00e9e de lecture estim\u00e9e":"1 minute"},"schema":{"@context":"https:\/\/schema.org","@graph":[{"@type":"WebPage","@id":"https:\/\/omnivion.net\/core\/fr\/contacts\/adhesions\/","url":"https:\/\/omnivion.net\/core\/fr\/contacts\/adhesions\/","name":"Adh\u00e9sions & Dons - omnivion.net","isPartOf":{"@id":"https:\/\/omnivion.net\/core\/fr\/#website"},"primaryImageOfPage":{"@id":"https:\/\/omnivion.net\/core\/fr\/contacts\/adhesions\/#primaryimage"},"image":{"@id":"https:\/\/omnivion.net\/core\/fr\/contacts\/adhesions\/#primaryimage"},"thumbnailUrl":"http:\/\/omnivion.net\/core\/wp-content\/uploads\/2014\/01\/Art_is_money_web.jpg","datePublished":"2014-01-09T22:50:48+00:00","dateModified":"2025-06-15T09:35:58+00:00","breadcrumb":{"@id":"https:\/\/omnivion.net\/core\/fr\/contacts\/adhesions\/#breadcrumb"},"inLanguage":"fr-FR","potentialAction":[{"@type":"ReadAction","target":["https:\/\/omnivion.net\/core\/fr\/contacts\/adhesions\/"]}]},{"@type":"ImageObject","inLanguage":"fr-FR","@id":"https:\/\/omnivion.net\/core\/fr\/contacts\/adhesions\/#primaryimage","url":"http:\/\/omnivion.net\/core\/wp-content\/uploads\/2014\/01\/Art_is_money_web.jpg","contentUrl":"http:\/\/omnivion.net\/core\/wp-content\/uploads\/2014\/01\/Art_is_money_web.jpg"},{"@type":"BreadcrumbList","@id":"https:\/\/omnivion.net\/core\/fr\/contacts\/adhesions\/#breadcrumb","itemListElement":[{"@type":"ListItem","position":1,"name":"Accueil","item":"https:\/\/omnivion.net\/core\/en\/silverstorm\/"},{"@type":"ListItem","position":2,"name":"Contacts","item":"https:\/\/omnivion.net\/core\/fr\/contacts\/"},{"@type":"ListItem","position":3,"name":"Adh\u00e9sions &#038; Dons"}]},{"@type":"WebSite","@id":"https:\/\/omnivion.net\/core\/fr\/#website","url":"https:\/\/omnivion.net\/core\/fr\/","name":"omnivion.net","description":"...ARTS D&#039;\u00caTRE CORPS...","potentialAction":[{"@type":"SearchAction","target":{"@type":"EntryPoint","urlTemplate":"https:\/\/omnivion.net\/core\/fr\/?s={search_term_string}"},"query-input":{"@type":"PropertyValueSpecification","valueRequired":true,"valueName":"search_term_string"}}],"inLanguage":"fr-FR"}]}},"jetpack_sharing_enabled":true,"jetpack_shortlink":"https:\/\/wp.me\/P2fe7Q-eE","jetpack_likes_enabled":true,"_links":{"self":[{"href":"https:\/\/omnivion.net\/core\/fr\/wp-json\/wp\/v2\/pages\/908","targetHints":{"allow":["GET"]}}],"collection":[{"href":"https:\/\/omnivion.net\/core\/fr\/wp-json\/wp\/v2\/pages"}],"about":[{"href":"https:\/\/omnivion.net\/core\/fr\/wp-json\/wp\/v2\/types\/page"}],"author":[{"embeddable":true,"href":"https:\/\/omnivion.net\/core\/fr\/wp-json\/wp\/v2\/users\/1"}],"replies":[{"embeddable":true,"href":"https:\/\/omnivion.net\/core\/fr\/wp-json\/wp\/v2\/comments?post=908"}],"version-history":[{"count":42,"href":"https:\/\/omnivion.net\/core\/fr\/wp-json\/wp\/v2\/pages\/908\/revisions"}],"predecessor-version":[{"id":5603,"href":"https:\/\/omnivion.net\/core\/fr\/wp-json\/wp\/v2\/pages\/908\/revisions\/5603"}],"up":[{"embeddable":true,"href":"https:\/\/omnivion.net\/core\/fr\/wp-json\/wp\/v2\/pages\/68"}],"wp:attachment":[{"href":"https:\/\/omnivion.net\/core\/fr\/wp-json\/wp\/v2\/media?parent=908"}],"curies":[{"name":"wp","href":"https:\/\/api.w.org\/{rel}","templated":true}]}}