{"id":863,"date":"2013-09-04T20:52:22","date_gmt":"2013-09-04T19:52:22","guid":{"rendered":"http:\/\/www.omnivion.net\/core\/?page_id=863"},"modified":"2023-07-07T21:10:39","modified_gmt":"2023-07-07T20:10:39","slug":"les-apparaitres-performance","status":"publish","type":"page","link":"https:\/\/omnivion.net\/core\/fr\/projets\/projets-artistiques\/les-apparaitres-performance\/","title":{"rendered":"Les Appara\u00eetres \/ performance"},"content":{"rendered":"<p><a href=\"http:\/\/www.omnivion.net\/core\/les-apparaitres-performance\/digital-stillcamera-10\/\" rel=\"attachment wp-att-864\"><img data-recalc-dims=\"1\" loading=\"lazy\" decoding=\"async\" class=\"alignnone size-full wp-image-864\" src=\"https:\/\/i0.wp.com\/www.omnivion.net\/core\/wp-content\/uploads\/2013\/09\/2009-07-01-16-20-48-PICT0465_x_web.jpg?resize=800%2C326\" alt=\"Self Portrait 2009\" width=\"800\" height=\"326\" srcset=\"https:\/\/i0.wp.com\/omnivion.net\/core\/wp-content\/uploads\/2013\/09\/2009-07-01-16-20-48-PICT0465_x_web.jpg?w=800&amp;ssl=1 800w, https:\/\/i0.wp.com\/omnivion.net\/core\/wp-content\/uploads\/2013\/09\/2009-07-01-16-20-48-PICT0465_x_web.jpg?resize=300%2C122&amp;ssl=1 300w\" sizes=\"auto, (max-width: 800px) 100vw, 800px\" \/><\/a><\/p>\n<p>&nbsp;<\/p>\n<p><em>Photo by D.Tsiapkinis <\/em><\/p>\n<p>&nbsp;<\/p>\n<p><strong>Les Appara\u00eetres \/ performance<\/strong> sera une mise en parall\u00e8le po\u00e9tique, entre une exposition de deux peintres et un corps-sujet dansant. \u00c7a sera dans le cadre du vernissage de l&rsquo;exposition <em>Les Appara\u00eetres<\/em> par <strong><a href=\"http:\/\/www.lydiearickx.com\/\" target=\"_blank\" rel=\"noopener\">Lydie Arickx<\/a><\/strong> et <strong><a href=\"http:\/\/www.alaingillis.com\/\" target=\"_blank\" rel=\"noopener\">Alain Gillis<\/a><\/strong>, \u00e0 la <a href=\"http:\/\/chapellesainteanne.com\/\" target=\"_blank\" rel=\"noopener\">Chapelle Saint Anne<\/a> \u00e0 Tours\/La Riche. Dates de l&rsquo;expo : 21 septembre &#8211; 27 octobre 2013. Vernissage et performance le 21 septembre \u00e0 18H.<\/p>","protected":false},"excerpt":{"rendered":"<p>&nbsp; Photo by D.Tsiapkinis &nbsp; Les Appara\u00eetres \/ performance sera une mise en [&hellip;]<\/p>\n","protected":false},"author":1,"featured_media":0,"parent":60,"menu_order":0,"comment_status":"closed","ping_status":"closed","template":"","meta":{"jetpack_post_was_ever_published":false,"footnotes":""},"class_list":["post-863","page","type-page","status-publish","hentry"],"yoast_head":"<!-- This site is optimized with the Yoast SEO plugin v26.8 - https:\/\/yoast.com\/product\/yoast-seo-wordpress\/ -->\n<title>Les Appara\u00eetres \/ performance - omnivion.net<\/title>\n<meta name=\"robots\" content=\"index, follow, max-snippet:-1, max-image-preview:large, max-video-preview:-1\" \/>\n<link rel=\"canonical\" href=\"https:\/\/omnivion.net\/core\/fr\/projets\/projets-artistiques\/les-apparaitres-performance\/\" \/>\n<meta property=\"og:locale\" content=\"fr_FR\" \/>\n<meta property=\"og:type\" content=\"article\" \/>\n<meta property=\"og:title\" content=\"Les Appara\u00eetres \/ performance - omnivion.net\" \/>\n<meta property=\"og:description\" content=\"&nbsp; Photo by D.Tsiapkinis &nbsp; Les Appara\u00eetres \/ performance sera une mise en [&hellip;]\" \/>\n<meta property=\"og:url\" content=\"https:\/\/omnivion.net\/core\/fr\/projets\/projets-artistiques\/les-apparaitres-performance\/\" \/>\n<meta property=\"og:site_name\" content=\"omnivion.net\" \/>\n<meta property=\"article:modified_time\" content=\"2023-07-07T20:10:39+00:00\" \/>\n<meta property=\"og:image\" content=\"http:\/\/www.omnivion.net\/core\/wp-content\/uploads\/2013\/09\/2009-07-01-16-20-48-PICT0465_x_web.jpg\" \/>\n<meta name=\"twitter:card\" content=\"summary_large_image\" \/>\n<meta name=\"twitter:label1\" content=\"Dur\u00e9e de lecture estim\u00e9e\" \/>\n\t<meta name=\"twitter:data1\" content=\"1 minute\" \/>\n<script type=\"application\/ld+json\" class=\"yoast-schema-graph\">{\"@context\":\"https:\/\/schema.org\",\"@graph\":[{\"@type\":\"WebPage\",\"@id\":\"https:\/\/omnivion.net\/core\/fr\/projets\/projets-artistiques\/les-apparaitres-performance\/\",\"url\":\"https:\/\/omnivion.net\/core\/fr\/projets\/projets-artistiques\/les-apparaitres-performance\/\",\"name\":\"Les Appara\u00eetres \/ performance - omnivion.net\",\"isPartOf\":{\"@id\":\"https:\/\/omnivion.net\/core\/fr\/#website\"},\"primaryImageOfPage\":{\"@id\":\"https:\/\/omnivion.net\/core\/fr\/projets\/projets-artistiques\/les-apparaitres-performance\/#primaryimage\"},\"image\":{\"@id\":\"https:\/\/omnivion.net\/core\/fr\/projets\/projets-artistiques\/les-apparaitres-performance\/#primaryimage\"},\"thumbnailUrl\":\"http:\/\/www.omnivion.net\/core\/wp-content\/uploads\/2013\/09\/2009-07-01-16-20-48-PICT0465_x_web.jpg\",\"datePublished\":\"2013-09-04T19:52:22+00:00\",\"dateModified\":\"2023-07-07T20:10:39+00:00\",\"breadcrumb\":{\"@id\":\"https:\/\/omnivion.net\/core\/fr\/projets\/projets-artistiques\/les-apparaitres-performance\/#breadcrumb\"},\"inLanguage\":\"fr-FR\",\"potentialAction\":[{\"@type\":\"ReadAction\",\"target\":[\"https:\/\/omnivion.net\/core\/fr\/projets\/projets-artistiques\/les-apparaitres-performance\/\"]}]},{\"@type\":\"ImageObject\",\"inLanguage\":\"fr-FR\",\"@id\":\"https:\/\/omnivion.net\/core\/fr\/projets\/projets-artistiques\/les-apparaitres-performance\/#primaryimage\",\"url\":\"http:\/\/www.omnivion.net\/core\/wp-content\/uploads\/2013\/09\/2009-07-01-16-20-48-PICT0465_x_web.jpg\",\"contentUrl\":\"http:\/\/www.omnivion.net\/core\/wp-content\/uploads\/2013\/09\/2009-07-01-16-20-48-PICT0465_x_web.jpg\"},{\"@type\":\"BreadcrumbList\",\"@id\":\"https:\/\/omnivion.net\/core\/fr\/projets\/projets-artistiques\/les-apparaitres-performance\/#breadcrumb\",\"itemListElement\":[{\"@type\":\"ListItem\",\"position\":1,\"name\":\"Accueil\",\"item\":\"https:\/\/omnivion.net\/core\/en\/silverstorm\/\"},{\"@type\":\"ListItem\",\"position\":2,\"name\":\"Projets\",\"item\":\"https:\/\/omnivion.net\/core\/fr\/projets\/\"},{\"@type\":\"ListItem\",\"position\":3,\"name\":\"Projets Artistiques\",\"item\":\"https:\/\/omnivion.net\/core\/projets\/projets-artistiques\/\"},{\"@type\":\"ListItem\",\"position\":4,\"name\":\"Les Appara\u00eetres \/ performance\"}]},{\"@type\":\"WebSite\",\"@id\":\"https:\/\/omnivion.net\/core\/fr\/#website\",\"url\":\"https:\/\/omnivion.net\/core\/fr\/\",\"name\":\"omnivion.net\",\"description\":\"...ARTS D&#039;\u00caTRE CORPS...\",\"potentialAction\":[{\"@type\":\"SearchAction\",\"target\":{\"@type\":\"EntryPoint\",\"urlTemplate\":\"https:\/\/omnivion.net\/core\/fr\/?s={search_term_string}\"},\"query-input\":{\"@type\":\"PropertyValueSpecification\",\"valueRequired\":true,\"valueName\":\"search_term_string\"}}],\"inLanguage\":\"fr-FR\"}]}<\/script>\n<!-- \/ Yoast SEO plugin. -->","yoast_head_json":{"title":"Les Appara\u00eetres \/ performance - omnivion.net","robots":{"index":"index","follow":"follow","max-snippet":"max-snippet:-1","max-image-preview":"max-image-preview:large","max-video-preview":"max-video-preview:-1"},"canonical":"https:\/\/omnivion.net\/core\/fr\/projets\/projets-artistiques\/les-apparaitres-performance\/","og_locale":"fr_FR","og_type":"article","og_title":"Les Appara\u00eetres \/ performance - omnivion.net","og_description":"&nbsp; Photo by D.Tsiapkinis &nbsp; Les Appara\u00eetres \/ performance sera une mise en [&hellip;]","og_url":"https:\/\/omnivion.net\/core\/fr\/projets\/projets-artistiques\/les-apparaitres-performance\/","og_site_name":"omnivion.net","article_modified_time":"2023-07-07T20:10:39+00:00","og_image":[{"url":"http:\/\/www.omnivion.net\/core\/wp-content\/uploads\/2013\/09\/2009-07-01-16-20-48-PICT0465_x_web.jpg","type":"","width":"","height":""}],"twitter_card":"summary_large_image","twitter_misc":{"Dur\u00e9e de lecture estim\u00e9e":"1 minute"},"schema":{"@context":"https:\/\/schema.org","@graph":[{"@type":"WebPage","@id":"https:\/\/omnivion.net\/core\/fr\/projets\/projets-artistiques\/les-apparaitres-performance\/","url":"https:\/\/omnivion.net\/core\/fr\/projets\/projets-artistiques\/les-apparaitres-performance\/","name":"Les Appara\u00eetres \/ performance - omnivion.net","isPartOf":{"@id":"https:\/\/omnivion.net\/core\/fr\/#website"},"primaryImageOfPage":{"@id":"https:\/\/omnivion.net\/core\/fr\/projets\/projets-artistiques\/les-apparaitres-performance\/#primaryimage"},"image":{"@id":"https:\/\/omnivion.net\/core\/fr\/projets\/projets-artistiques\/les-apparaitres-performance\/#primaryimage"},"thumbnailUrl":"http:\/\/www.omnivion.net\/core\/wp-content\/uploads\/2013\/09\/2009-07-01-16-20-48-PICT0465_x_web.jpg","datePublished":"2013-09-04T19:52:22+00:00","dateModified":"2023-07-07T20:10:39+00:00","breadcrumb":{"@id":"https:\/\/omnivion.net\/core\/fr\/projets\/projets-artistiques\/les-apparaitres-performance\/#breadcrumb"},"inLanguage":"fr-FR","potentialAction":[{"@type":"ReadAction","target":["https:\/\/omnivion.net\/core\/fr\/projets\/projets-artistiques\/les-apparaitres-performance\/"]}]},{"@type":"ImageObject","inLanguage":"fr-FR","@id":"https:\/\/omnivion.net\/core\/fr\/projets\/projets-artistiques\/les-apparaitres-performance\/#primaryimage","url":"http:\/\/www.omnivion.net\/core\/wp-content\/uploads\/2013\/09\/2009-07-01-16-20-48-PICT0465_x_web.jpg","contentUrl":"http:\/\/www.omnivion.net\/core\/wp-content\/uploads\/2013\/09\/2009-07-01-16-20-48-PICT0465_x_web.jpg"},{"@type":"BreadcrumbList","@id":"https:\/\/omnivion.net\/core\/fr\/projets\/projets-artistiques\/les-apparaitres-performance\/#breadcrumb","itemListElement":[{"@type":"ListItem","position":1,"name":"Accueil","item":"https:\/\/omnivion.net\/core\/en\/silverstorm\/"},{"@type":"ListItem","position":2,"name":"Projets","item":"https:\/\/omnivion.net\/core\/fr\/projets\/"},{"@type":"ListItem","position":3,"name":"Projets Artistiques","item":"https:\/\/omnivion.net\/core\/projets\/projets-artistiques\/"},{"@type":"ListItem","position":4,"name":"Les Appara\u00eetres \/ performance"}]},{"@type":"WebSite","@id":"https:\/\/omnivion.net\/core\/fr\/#website","url":"https:\/\/omnivion.net\/core\/fr\/","name":"omnivion.net","description":"...ARTS D&#039;\u00caTRE CORPS...","potentialAction":[{"@type":"SearchAction","target":{"@type":"EntryPoint","urlTemplate":"https:\/\/omnivion.net\/core\/fr\/?s={search_term_string}"},"query-input":{"@type":"PropertyValueSpecification","valueRequired":true,"valueName":"search_term_string"}}],"inLanguage":"fr-FR"}]}},"jetpack_sharing_enabled":true,"jetpack_shortlink":"https:\/\/wp.me\/P2fe7Q-dV","jetpack_likes_enabled":true,"_links":{"self":[{"href":"https:\/\/omnivion.net\/core\/fr\/wp-json\/wp\/v2\/pages\/863","targetHints":{"allow":["GET"]}}],"collection":[{"href":"https:\/\/omnivion.net\/core\/fr\/wp-json\/wp\/v2\/pages"}],"about":[{"href":"https:\/\/omnivion.net\/core\/fr\/wp-json\/wp\/v2\/types\/page"}],"author":[{"embeddable":true,"href":"https:\/\/omnivion.net\/core\/fr\/wp-json\/wp\/v2\/users\/1"}],"replies":[{"embeddable":true,"href":"https:\/\/omnivion.net\/core\/fr\/wp-json\/wp\/v2\/comments?post=863"}],"version-history":[{"count":10,"href":"https:\/\/omnivion.net\/core\/fr\/wp-json\/wp\/v2\/pages\/863\/revisions"}],"predecessor-version":[{"id":5041,"href":"https:\/\/omnivion.net\/core\/fr\/wp-json\/wp\/v2\/pages\/863\/revisions\/5041"}],"up":[{"embeddable":true,"href":"https:\/\/omnivion.net\/core\/fr\/wp-json\/wp\/v2\/pages\/60"}],"wp:attachment":[{"href":"https:\/\/omnivion.net\/core\/fr\/wp-json\/wp\/v2\/media?parent=863"}],"curies":[{"name":"wp","href":"https:\/\/api.w.org\/{rel}","templated":true}]}}