{"id":822,"date":"2013-08-08T22:37:23","date_gmt":"2013-08-08T21:37:23","guid":{"rendered":"http:\/\/www.omnivion.net\/core\/?page_id=822"},"modified":"2013-08-08T22:38:57","modified_gmt":"2013-08-08T21:38:57","slug":"les-enfants-du-levant","status":"publish","type":"page","link":"https:\/\/omnivion.net\/core\/fr\/projets\/educational-projects\/les-enfants-du-levant\/","title":{"rendered":"Les Enfants du Levant"},"content":{"rendered":"<p><img data-recalc-dims=\"1\" loading=\"lazy\" decoding=\"async\" class=\"size-full wp-image-824 alignnone\" alt=\"illustration\" src=\"https:\/\/i0.wp.com\/www.omnivion.net\/core\/wp-content\/uploads\/2013\/08\/1039829_470603979695918_1134338480_o_b_light.jpg?resize=800%2C291\" width=\"800\" height=\"291\" srcset=\"https:\/\/i0.wp.com\/omnivion.net\/core\/wp-content\/uploads\/2013\/08\/1039829_470603979695918_1134338480_o_b_light.jpg?w=800&amp;ssl=1 800w, https:\/\/i0.wp.com\/omnivion.net\/core\/wp-content\/uploads\/2013\/08\/1039829_470603979695918_1134338480_o_b_light.jpg?resize=300%2C109&amp;ssl=1 300w\" sizes=\"auto, (max-width: 800px) 100vw, 800px\" \/><\/p>\n<p>&nbsp;<\/p>\n<p><strong>Op\u00e9ra pour enfants d\u2019Isabelle Aboulker<\/strong>, interpr\u00e9t\u00e9 par les classes de formation musicale \/ Conservatoire de Vend\u00f4me.<\/p>\n<p>Direction artistique Michelle Pinet, mise en sc\u00e8ne\/chor\u00e9graphie : Dimitri Tsiapkinis.<\/p>\n<p>Extrait du journal La Nouvelle R\u00e9publique (Loire et Cher,\u00a0 : 06\/05\/2013)<\/p>\n<p><em>\u00ab\u00a0[&#8230;] L&rsquo;histoire reprend le texte de Claude Gritti qui raconte dans son roman l&rsquo;histoire de la soixantaine d&rsquo;enfants emmen\u00e9 au Bagne des \u00celes d&rsquo;or dans les ann\u00e9es 1860\u00a0avant que ce dernier, apr\u00e8s un contr\u00f4le dix-sept\u00a0ans plus tard, ne soit ferm\u00e9. Une centaine de tombes d&rsquo;enfants subsistent aujourd&rsquo;hui sur cette \u00eele.\u00a0<\/em> <em>Les textes des chants reprennent donc diff\u00e9rentes situations de leur condition. \u00ab\u00a0Mais les \u00e9l\u00e8ves ne constituent pas une ma\u00eetrise, il a fallu jouer avec les voix, fournir pas mal de travail\u00a0\u00bb, explique l&rsquo;enseignante. \u00ab\u00a0C&rsquo;est un projet qui permet de sortir de la routine de l&rsquo;\u00e9cole de musique, un op\u00e9ra \u00e0 monter, c&rsquo;est toujours une belle aventure humaine.\u00a0\u00bb Il y a cinq ans, l&rsquo;\u00e9cole de musique avec Mich\u00e8le Pinet avait d\u00e9j\u00e0 mont\u00e9 un op\u00e9ra avec des jeunes chanteurs et des professionnels, cette fois, seuls les \u00e9l\u00e8ves \u00e9taient sur sc\u00e8ne.[&#8230;] \u00ab\u00a0<\/em><\/p>\n<p>&nbsp;<\/p>\n<p>Dates des repr\u00e9sentations :<\/p>\n<p><strong>26 juin 2013 : <\/strong>au Minotaure \u00e0 Vend\u00f4me<\/p>\n<p><strong>15 juin 2013 :\u00a0<\/strong>au Th\u00e9\u00e2tre Clavel, \u00e0 Paris<\/p>\n<p><strong>03 mai 2013 : <\/strong>au Minotaure \u00e0 Vend\u00f4me<\/p>\n<p>&nbsp;<\/p>\n<p><\/p>","protected":false},"excerpt":{"rendered":"<p>&nbsp; Op\u00e9ra pour enfants d\u2019Isabelle Aboulker, interpr\u00e9t\u00e9 par les classes de formation musicale [&hellip;]<\/p>\n","protected":false},"author":1,"featured_media":0,"parent":63,"menu_order":0,"comment_status":"closed","ping_status":"closed","template":"","meta":{"jetpack_post_was_ever_published":false,"footnotes":""},"class_list":["post-822","page","type-page","status-publish","hentry"],"yoast_head":"<!-- This site is optimized with the Yoast SEO plugin v26.8 - https:\/\/yoast.com\/product\/yoast-seo-wordpress\/ -->\n<title>Les Enfants du Levant - omnivion.net<\/title>\n<meta name=\"robots\" content=\"index, follow, max-snippet:-1, max-image-preview:large, max-video-preview:-1\" \/>\n<link rel=\"canonical\" href=\"https:\/\/omnivion.net\/core\/fr\/projets\/educational-projects\/les-enfants-du-levant\/\" \/>\n<meta property=\"og:locale\" content=\"fr_FR\" \/>\n<meta property=\"og:type\" content=\"article\" \/>\n<meta property=\"og:title\" content=\"Les Enfants du Levant - omnivion.net\" \/>\n<meta property=\"og:description\" content=\"&nbsp; Op\u00e9ra pour enfants d\u2019Isabelle Aboulker, interpr\u00e9t\u00e9 par les classes de formation musicale [&hellip;]\" \/>\n<meta property=\"og:url\" content=\"https:\/\/omnivion.net\/core\/fr\/projets\/educational-projects\/les-enfants-du-levant\/\" \/>\n<meta property=\"og:site_name\" content=\"omnivion.net\" \/>\n<meta property=\"article:modified_time\" content=\"2013-08-08T21:38:57+00:00\" \/>\n<meta property=\"og:image\" content=\"http:\/\/www.omnivion.net\/core\/wp-content\/uploads\/2013\/08\/1039829_470603979695918_1134338480_o_b_light.jpg\" \/>\n<meta name=\"twitter:card\" content=\"summary_large_image\" \/>\n<meta name=\"twitter:label1\" content=\"Dur\u00e9e de lecture estim\u00e9e\" \/>\n\t<meta name=\"twitter:data1\" content=\"1 minute\" \/>\n<script type=\"application\/ld+json\" class=\"yoast-schema-graph\">{\"@context\":\"https:\/\/schema.org\",\"@graph\":[{\"@type\":\"WebPage\",\"@id\":\"https:\/\/omnivion.net\/core\/fr\/projets\/educational-projects\/les-enfants-du-levant\/\",\"url\":\"https:\/\/omnivion.net\/core\/fr\/projets\/educational-projects\/les-enfants-du-levant\/\",\"name\":\"Les Enfants du Levant - omnivion.net\",\"isPartOf\":{\"@id\":\"https:\/\/omnivion.net\/core\/fr\/#website\"},\"primaryImageOfPage\":{\"@id\":\"https:\/\/omnivion.net\/core\/fr\/projets\/educational-projects\/les-enfants-du-levant\/#primaryimage\"},\"image\":{\"@id\":\"https:\/\/omnivion.net\/core\/fr\/projets\/educational-projects\/les-enfants-du-levant\/#primaryimage\"},\"thumbnailUrl\":\"http:\/\/www.omnivion.net\/core\/wp-content\/uploads\/2013\/08\/1039829_470603979695918_1134338480_o_b_light.jpg\",\"datePublished\":\"2013-08-08T21:37:23+00:00\",\"dateModified\":\"2013-08-08T21:38:57+00:00\",\"breadcrumb\":{\"@id\":\"https:\/\/omnivion.net\/core\/fr\/projets\/educational-projects\/les-enfants-du-levant\/#breadcrumb\"},\"inLanguage\":\"fr-FR\",\"potentialAction\":[{\"@type\":\"ReadAction\",\"target\":[\"https:\/\/omnivion.net\/core\/fr\/projets\/educational-projects\/les-enfants-du-levant\/\"]}]},{\"@type\":\"ImageObject\",\"inLanguage\":\"fr-FR\",\"@id\":\"https:\/\/omnivion.net\/core\/fr\/projets\/educational-projects\/les-enfants-du-levant\/#primaryimage\",\"url\":\"http:\/\/www.omnivion.net\/core\/wp-content\/uploads\/2013\/08\/1039829_470603979695918_1134338480_o_b_light.jpg\",\"contentUrl\":\"http:\/\/www.omnivion.net\/core\/wp-content\/uploads\/2013\/08\/1039829_470603979695918_1134338480_o_b_light.jpg\"},{\"@type\":\"BreadcrumbList\",\"@id\":\"https:\/\/omnivion.net\/core\/fr\/projets\/educational-projects\/les-enfants-du-levant\/#breadcrumb\",\"itemListElement\":[{\"@type\":\"ListItem\",\"position\":1,\"name\":\"Accueil\",\"item\":\"https:\/\/omnivion.net\/core\/en\/silverstorm\/\"},{\"@type\":\"ListItem\",\"position\":2,\"name\":\"Projets\",\"item\":\"https:\/\/omnivion.net\/core\/fr\/projets\/\"},{\"@type\":\"ListItem\",\"position\":3,\"name\":\"Projets Educatifs\",\"item\":\"https:\/\/omnivion.net\/core\/projets\/educational-projects\/\"},{\"@type\":\"ListItem\",\"position\":4,\"name\":\"Les Enfants du Levant\"}]},{\"@type\":\"WebSite\",\"@id\":\"https:\/\/omnivion.net\/core\/fr\/#website\",\"url\":\"https:\/\/omnivion.net\/core\/fr\/\",\"name\":\"omnivion.net\",\"description\":\"...ARTS D&#039;\u00caTRE CORPS...\",\"potentialAction\":[{\"@type\":\"SearchAction\",\"target\":{\"@type\":\"EntryPoint\",\"urlTemplate\":\"https:\/\/omnivion.net\/core\/fr\/?s={search_term_string}\"},\"query-input\":{\"@type\":\"PropertyValueSpecification\",\"valueRequired\":true,\"valueName\":\"search_term_string\"}}],\"inLanguage\":\"fr-FR\"}]}<\/script>\n<!-- \/ Yoast SEO plugin. -->","yoast_head_json":{"title":"Les Enfants du Levant - omnivion.net","robots":{"index":"index","follow":"follow","max-snippet":"max-snippet:-1","max-image-preview":"max-image-preview:large","max-video-preview":"max-video-preview:-1"},"canonical":"https:\/\/omnivion.net\/core\/fr\/projets\/educational-projects\/les-enfants-du-levant\/","og_locale":"fr_FR","og_type":"article","og_title":"Les Enfants du Levant - omnivion.net","og_description":"&nbsp; Op\u00e9ra pour enfants d\u2019Isabelle Aboulker, interpr\u00e9t\u00e9 par les classes de formation musicale [&hellip;]","og_url":"https:\/\/omnivion.net\/core\/fr\/projets\/educational-projects\/les-enfants-du-levant\/","og_site_name":"omnivion.net","article_modified_time":"2013-08-08T21:38:57+00:00","og_image":[{"url":"http:\/\/www.omnivion.net\/core\/wp-content\/uploads\/2013\/08\/1039829_470603979695918_1134338480_o_b_light.jpg","type":"","width":"","height":""}],"twitter_card":"summary_large_image","twitter_misc":{"Dur\u00e9e de lecture estim\u00e9e":"1 minute"},"schema":{"@context":"https:\/\/schema.org","@graph":[{"@type":"WebPage","@id":"https:\/\/omnivion.net\/core\/fr\/projets\/educational-projects\/les-enfants-du-levant\/","url":"https:\/\/omnivion.net\/core\/fr\/projets\/educational-projects\/les-enfants-du-levant\/","name":"Les Enfants du Levant - omnivion.net","isPartOf":{"@id":"https:\/\/omnivion.net\/core\/fr\/#website"},"primaryImageOfPage":{"@id":"https:\/\/omnivion.net\/core\/fr\/projets\/educational-projects\/les-enfants-du-levant\/#primaryimage"},"image":{"@id":"https:\/\/omnivion.net\/core\/fr\/projets\/educational-projects\/les-enfants-du-levant\/#primaryimage"},"thumbnailUrl":"http:\/\/www.omnivion.net\/core\/wp-content\/uploads\/2013\/08\/1039829_470603979695918_1134338480_o_b_light.jpg","datePublished":"2013-08-08T21:37:23+00:00","dateModified":"2013-08-08T21:38:57+00:00","breadcrumb":{"@id":"https:\/\/omnivion.net\/core\/fr\/projets\/educational-projects\/les-enfants-du-levant\/#breadcrumb"},"inLanguage":"fr-FR","potentialAction":[{"@type":"ReadAction","target":["https:\/\/omnivion.net\/core\/fr\/projets\/educational-projects\/les-enfants-du-levant\/"]}]},{"@type":"ImageObject","inLanguage":"fr-FR","@id":"https:\/\/omnivion.net\/core\/fr\/projets\/educational-projects\/les-enfants-du-levant\/#primaryimage","url":"http:\/\/www.omnivion.net\/core\/wp-content\/uploads\/2013\/08\/1039829_470603979695918_1134338480_o_b_light.jpg","contentUrl":"http:\/\/www.omnivion.net\/core\/wp-content\/uploads\/2013\/08\/1039829_470603979695918_1134338480_o_b_light.jpg"},{"@type":"BreadcrumbList","@id":"https:\/\/omnivion.net\/core\/fr\/projets\/educational-projects\/les-enfants-du-levant\/#breadcrumb","itemListElement":[{"@type":"ListItem","position":1,"name":"Accueil","item":"https:\/\/omnivion.net\/core\/en\/silverstorm\/"},{"@type":"ListItem","position":2,"name":"Projets","item":"https:\/\/omnivion.net\/core\/fr\/projets\/"},{"@type":"ListItem","position":3,"name":"Projets Educatifs","item":"https:\/\/omnivion.net\/core\/projets\/educational-projects\/"},{"@type":"ListItem","position":4,"name":"Les Enfants du Levant"}]},{"@type":"WebSite","@id":"https:\/\/omnivion.net\/core\/fr\/#website","url":"https:\/\/omnivion.net\/core\/fr\/","name":"omnivion.net","description":"...ARTS D&#039;\u00caTRE CORPS...","potentialAction":[{"@type":"SearchAction","target":{"@type":"EntryPoint","urlTemplate":"https:\/\/omnivion.net\/core\/fr\/?s={search_term_string}"},"query-input":{"@type":"PropertyValueSpecification","valueRequired":true,"valueName":"search_term_string"}}],"inLanguage":"fr-FR"}]}},"jetpack_sharing_enabled":true,"jetpack_shortlink":"https:\/\/wp.me\/P2fe7Q-dg","jetpack_likes_enabled":true,"_links":{"self":[{"href":"https:\/\/omnivion.net\/core\/fr\/wp-json\/wp\/v2\/pages\/822","targetHints":{"allow":["GET"]}}],"collection":[{"href":"https:\/\/omnivion.net\/core\/fr\/wp-json\/wp\/v2\/pages"}],"about":[{"href":"https:\/\/omnivion.net\/core\/fr\/wp-json\/wp\/v2\/types\/page"}],"author":[{"embeddable":true,"href":"https:\/\/omnivion.net\/core\/fr\/wp-json\/wp\/v2\/users\/1"}],"replies":[{"embeddable":true,"href":"https:\/\/omnivion.net\/core\/fr\/wp-json\/wp\/v2\/comments?post=822"}],"version-history":[{"count":10,"href":"https:\/\/omnivion.net\/core\/fr\/wp-json\/wp\/v2\/pages\/822\/revisions"}],"predecessor-version":[{"id":843,"href":"https:\/\/omnivion.net\/core\/fr\/wp-json\/wp\/v2\/pages\/822\/revisions\/843"}],"up":[{"embeddable":true,"href":"https:\/\/omnivion.net\/core\/fr\/wp-json\/wp\/v2\/pages\/63"}],"wp:attachment":[{"href":"https:\/\/omnivion.net\/core\/fr\/wp-json\/wp\/v2\/media?parent=822"}],"curies":[{"name":"wp","href":"https:\/\/api.w.org\/{rel}","templated":true}]}}