{"id":770,"date":"2013-07-26T15:05:43","date_gmt":"2013-07-26T14:05:43","guid":{"rendered":"http:\/\/www.omnivion.net\/core\/?page_id=770"},"modified":"2013-12-08T15:12:12","modified_gmt":"2013-12-08T14:12:12","slug":"ateliers-choregraphiques","status":"publish","type":"page","link":"https:\/\/omnivion.net\/core\/fr\/projets\/educational-projects\/ateliers-choregraphiques\/","title":{"rendered":"Laboratoire de cr\u00e9ation chor\u00e9graphique; N\u00e9phos \/ Fraises"},"content":{"rendered":"<p><\/p>\n<h2><a href=\"https:\/\/i0.wp.com\/www.omnivion.net\/core\/wp-content\/uploads\/2013\/07\/2013-11-20_Atelier_N%C3%A9phos-Fraises_49_b_light.jpg\"><img data-recalc-dims=\"1\" loading=\"lazy\" decoding=\"async\" class=\"alignnone size-full wp-image-899\" alt=\"2013-11-20_Atelier_N\u00e9phos-Fraises_49_b_light\" src=\"https:\/\/i0.wp.com\/www.omnivion.net\/core\/wp-content\/uploads\/2013\/07\/2013-11-20_Atelier_N%C3%A9phos-Fraises_49_b_light.jpg?resize=800%2C308\" width=\"800\" height=\"308\" srcset=\"https:\/\/i0.wp.com\/omnivion.net\/core\/wp-content\/uploads\/2013\/07\/2013-11-20_Atelier_N%C3%A9phos-Fraises_49_b_light.jpg?w=800&amp;ssl=1 800w, https:\/\/i0.wp.com\/omnivion.net\/core\/wp-content\/uploads\/2013\/07\/2013-11-20_Atelier_N%C3%A9phos-Fraises_49_b_light.jpg?resize=300%2C115&amp;ssl=1 300w\" sizes=\"auto, (max-width: 800px) 100vw, 800px\" \/><\/a><\/h2>\n<h2>2013-2014<\/h2>\n<p>Atelier chor\u00e9graphique bimensuel avec Dimitri Tsiapkinis, ouvert aux amateurs avec de l\u2019exp\u00e9rience en danse contemporaine.<\/p>\n<p>Une repr\u00e9sentation publique est en cours de programmation pour juin 2014.<\/p>\n<p>La th\u00e9matique :<\/p>\n<p>N\u00e9phos en grec c&rsquo;est le nuage. Vapeur, l&rsquo;eau dans un \u00e9tat de transe anti-gravitationnelle. Qui dit N\u00e9phos, dit Skia : Ombre. L&rsquo;ombre de notre ego glorieux, ou de notre culture hyper-complexe.<\/p>\n<p>Dans quelles po\u00e9sies gestuelles s&rsquo;aventurer pour retrouver la l\u00e9g\u00e8ret\u00e9 joyeuse des nuages? Ou l&rsquo;ombre f\u00e9roce de nos arri\u00e8res pens\u00e9es?<\/p>\n<p>Au menu : \u00e9chauffements sensoriels en danse contemporaine, explorations gestuels avec des phrases semi-construites, et cr\u00e9ation de sc\u00e9narios chor\u00e9graphiques individuels \/ou en groupe, avec textes et costumes.<\/p>\n<p>Horaires et dates : les mercredis 18H30-21H00 \/ 25 septembre, 2 &amp; 16 octobre, 6 &amp; 20 novembre, 4 &amp; 11 d\u00e9cembre, 8 &amp; 15 janvier, 5 &amp; 12 f\u00e9vrier, 12 &amp; 19 mars, 16 avril, 7 &amp; 21 mai, 4 &amp; 11 juin.<\/p>\n<p>Lieu des cours : <a href=\"http:\/\/www.centresocialrabiere.fr\/\">Centre social La Rabi\u00e8re<\/a>,\u00a0Rue de la Roti\u00e9re\u00a0\u00a037300 Jou\u00e9-l\u00e8s-Tours (Il y a une station de tramway juste devant la porte!)<\/p>\n<p>Prix : 140\u20ac + 5\u20ac adh\u00e9sion \u00e0 Omnivion.<\/p>\n<p>Info et inscriptions : <a href=\"http:\/\/www.facebook.com\/events\/396263127161576\/\">Facebook Omnivion<\/a> ou info(at)omnivion.net<\/p>\n<p><iframe loading=\"lazy\" src=\"https:\/\/maps.google.com\/maps?oe=utf-8&amp;client=firefox-a&amp;ie=UTF8&amp;q=Centre+social+La+Rabi%C3%A8re,+Rue+de+la+Roti%C3%A9re+37300+Jou%C3%A9-l%C3%A8s-Tours&amp;fb=1&amp;hq=Centre+social+La+Rabi%C3%A8re,&amp;hnear=0x47fcd6232f10961b:0x96b5e6581903f88f,Rue+de+la+Roti%C3%A9re,+37300+Jou%C3%A9-l%C3%A8s-Tours,+France&amp;cid=0,0,4778865265520604691&amp;ll=47.346521,0.662299&amp;spn=0.006295,0.006295&amp;t=h&amp;iwloc=A&amp;output=embed\" height=\"350\" width=\"425\" frameborder=\"0\" marginwidth=\"0\" marginheight=\"0\" scrolling=\"no\"><\/iframe><br \/>\n<small><a style=\"color: #0000ff; text-align: left;\" href=\"https:\/\/maps.google.com\/maps?oe=utf-8&amp;client=firefox-a&amp;ie=UTF8&amp;q=Centre+social+La+Rabi%C3%A8re,+Rue+de+la+Roti%C3%A9re+37300+Jou%C3%A9-l%C3%A8s-Tours&amp;fb=1&amp;hq=Centre+social+La+Rabi%C3%A8re,&amp;hnear=0x47fcd6232f10961b:0x96b5e6581903f88f,Rue+de+la+Roti%C3%A9re,+37300+Jou%C3%A9-l%C3%A8s-Tours,+France&amp;cid=0,0,4778865265520604691&amp;ll=47.346521,0.662299&amp;spn=0.006295,0.006295&amp;t=h&amp;iwloc=A&amp;source=embed\">Agrandir le plan<\/a><\/small><\/p>","protected":false},"excerpt":{"rendered":"<p>2013-2014 Atelier chor\u00e9graphique bimensuel avec Dimitri Tsiapkinis, ouvert aux amateurs avec de l\u2019exp\u00e9rience [&hellip;]<\/p>\n","protected":false},"author":1,"featured_media":0,"parent":63,"menu_order":0,"comment_status":"closed","ping_status":"closed","template":"","meta":{"jetpack_post_was_ever_published":false,"footnotes":""},"class_list":["post-770","page","type-page","status-publish","hentry"],"yoast_head":"<!-- This site is optimized with the Yoast SEO plugin v26.8 - https:\/\/yoast.com\/product\/yoast-seo-wordpress\/ -->\n<title>Laboratoire de cr\u00e9ation chor\u00e9graphique; N\u00e9phos \/ Fraises - omnivion.net<\/title>\n<meta name=\"robots\" content=\"index, follow, max-snippet:-1, max-image-preview:large, max-video-preview:-1\" \/>\n<link rel=\"canonical\" href=\"https:\/\/omnivion.net\/core\/fr\/projets\/educational-projects\/ateliers-choregraphiques\/\" \/>\n<meta property=\"og:locale\" content=\"fr_FR\" \/>\n<meta property=\"og:type\" content=\"article\" \/>\n<meta property=\"og:title\" content=\"Laboratoire de cr\u00e9ation chor\u00e9graphique; N\u00e9phos \/ Fraises - omnivion.net\" \/>\n<meta property=\"og:description\" content=\"2013-2014 Atelier chor\u00e9graphique bimensuel avec Dimitri Tsiapkinis, ouvert aux amateurs avec de l\u2019exp\u00e9rience [&hellip;]\" \/>\n<meta property=\"og:url\" content=\"https:\/\/omnivion.net\/core\/fr\/projets\/educational-projects\/ateliers-choregraphiques\/\" \/>\n<meta property=\"og:site_name\" content=\"omnivion.net\" \/>\n<meta property=\"article:modified_time\" content=\"2013-12-08T14:12:12+00:00\" \/>\n<meta name=\"twitter:card\" content=\"summary_large_image\" \/>\n<meta name=\"twitter:label1\" content=\"Dur\u00e9e de lecture estim\u00e9e\" \/>\n\t<meta name=\"twitter:data1\" content=\"2 minutes\" \/>\n<script type=\"application\/ld+json\" class=\"yoast-schema-graph\">{\"@context\":\"https:\/\/schema.org\",\"@graph\":[{\"@type\":\"WebPage\",\"@id\":\"https:\/\/omnivion.net\/core\/fr\/projets\/educational-projects\/ateliers-choregraphiques\/\",\"url\":\"https:\/\/omnivion.net\/core\/fr\/projets\/educational-projects\/ateliers-choregraphiques\/\",\"name\":\"Laboratoire de cr\u00e9ation chor\u00e9graphique; N\u00e9phos \/ Fraises - omnivion.net\",\"isPartOf\":{\"@id\":\"https:\/\/omnivion.net\/core\/fr\/#website\"},\"datePublished\":\"2013-07-26T14:05:43+00:00\",\"dateModified\":\"2013-12-08T14:12:12+00:00\",\"breadcrumb\":{\"@id\":\"https:\/\/omnivion.net\/core\/fr\/projets\/educational-projects\/ateliers-choregraphiques\/#breadcrumb\"},\"inLanguage\":\"fr-FR\",\"potentialAction\":[{\"@type\":\"ReadAction\",\"target\":[\"https:\/\/omnivion.net\/core\/fr\/projets\/educational-projects\/ateliers-choregraphiques\/\"]}]},{\"@type\":\"BreadcrumbList\",\"@id\":\"https:\/\/omnivion.net\/core\/fr\/projets\/educational-projects\/ateliers-choregraphiques\/#breadcrumb\",\"itemListElement\":[{\"@type\":\"ListItem\",\"position\":1,\"name\":\"Accueil\",\"item\":\"https:\/\/omnivion.net\/core\/en\/silverstorm\/\"},{\"@type\":\"ListItem\",\"position\":2,\"name\":\"Projets\",\"item\":\"https:\/\/omnivion.net\/core\/fr\/projets\/\"},{\"@type\":\"ListItem\",\"position\":3,\"name\":\"Projets Educatifs\",\"item\":\"https:\/\/omnivion.net\/core\/projets\/educational-projects\/\"},{\"@type\":\"ListItem\",\"position\":4,\"name\":\"Laboratoire de cr\u00e9ation chor\u00e9graphique; N\u00e9phos \/ Fraises\"}]},{\"@type\":\"WebSite\",\"@id\":\"https:\/\/omnivion.net\/core\/fr\/#website\",\"url\":\"https:\/\/omnivion.net\/core\/fr\/\",\"name\":\"omnivion.net\",\"description\":\"...ARTS D&#039;\u00caTRE CORPS...\",\"potentialAction\":[{\"@type\":\"SearchAction\",\"target\":{\"@type\":\"EntryPoint\",\"urlTemplate\":\"https:\/\/omnivion.net\/core\/fr\/?s={search_term_string}\"},\"query-input\":{\"@type\":\"PropertyValueSpecification\",\"valueRequired\":true,\"valueName\":\"search_term_string\"}}],\"inLanguage\":\"fr-FR\"}]}<\/script>\n<!-- \/ Yoast SEO plugin. -->","yoast_head_json":{"title":"Laboratoire de cr\u00e9ation chor\u00e9graphique; N\u00e9phos \/ Fraises - omnivion.net","robots":{"index":"index","follow":"follow","max-snippet":"max-snippet:-1","max-image-preview":"max-image-preview:large","max-video-preview":"max-video-preview:-1"},"canonical":"https:\/\/omnivion.net\/core\/fr\/projets\/educational-projects\/ateliers-choregraphiques\/","og_locale":"fr_FR","og_type":"article","og_title":"Laboratoire de cr\u00e9ation chor\u00e9graphique; N\u00e9phos \/ Fraises - omnivion.net","og_description":"2013-2014 Atelier chor\u00e9graphique bimensuel avec Dimitri Tsiapkinis, ouvert aux amateurs avec de l\u2019exp\u00e9rience [&hellip;]","og_url":"https:\/\/omnivion.net\/core\/fr\/projets\/educational-projects\/ateliers-choregraphiques\/","og_site_name":"omnivion.net","article_modified_time":"2013-12-08T14:12:12+00:00","twitter_card":"summary_large_image","twitter_misc":{"Dur\u00e9e de lecture estim\u00e9e":"2 minutes"},"schema":{"@context":"https:\/\/schema.org","@graph":[{"@type":"WebPage","@id":"https:\/\/omnivion.net\/core\/fr\/projets\/educational-projects\/ateliers-choregraphiques\/","url":"https:\/\/omnivion.net\/core\/fr\/projets\/educational-projects\/ateliers-choregraphiques\/","name":"Laboratoire de cr\u00e9ation chor\u00e9graphique; N\u00e9phos \/ Fraises - omnivion.net","isPartOf":{"@id":"https:\/\/omnivion.net\/core\/fr\/#website"},"datePublished":"2013-07-26T14:05:43+00:00","dateModified":"2013-12-08T14:12:12+00:00","breadcrumb":{"@id":"https:\/\/omnivion.net\/core\/fr\/projets\/educational-projects\/ateliers-choregraphiques\/#breadcrumb"},"inLanguage":"fr-FR","potentialAction":[{"@type":"ReadAction","target":["https:\/\/omnivion.net\/core\/fr\/projets\/educational-projects\/ateliers-choregraphiques\/"]}]},{"@type":"BreadcrumbList","@id":"https:\/\/omnivion.net\/core\/fr\/projets\/educational-projects\/ateliers-choregraphiques\/#breadcrumb","itemListElement":[{"@type":"ListItem","position":1,"name":"Accueil","item":"https:\/\/omnivion.net\/core\/en\/silverstorm\/"},{"@type":"ListItem","position":2,"name":"Projets","item":"https:\/\/omnivion.net\/core\/fr\/projets\/"},{"@type":"ListItem","position":3,"name":"Projets Educatifs","item":"https:\/\/omnivion.net\/core\/projets\/educational-projects\/"},{"@type":"ListItem","position":4,"name":"Laboratoire de cr\u00e9ation chor\u00e9graphique; N\u00e9phos \/ Fraises"}]},{"@type":"WebSite","@id":"https:\/\/omnivion.net\/core\/fr\/#website","url":"https:\/\/omnivion.net\/core\/fr\/","name":"omnivion.net","description":"...ARTS D&#039;\u00caTRE CORPS...","potentialAction":[{"@type":"SearchAction","target":{"@type":"EntryPoint","urlTemplate":"https:\/\/omnivion.net\/core\/fr\/?s={search_term_string}"},"query-input":{"@type":"PropertyValueSpecification","valueRequired":true,"valueName":"search_term_string"}}],"inLanguage":"fr-FR"}]}},"jetpack_sharing_enabled":true,"jetpack_shortlink":"https:\/\/wp.me\/P2fe7Q-cq","jetpack_likes_enabled":true,"_links":{"self":[{"href":"https:\/\/omnivion.net\/core\/fr\/wp-json\/wp\/v2\/pages\/770","targetHints":{"allow":["GET"]}}],"collection":[{"href":"https:\/\/omnivion.net\/core\/fr\/wp-json\/wp\/v2\/pages"}],"about":[{"href":"https:\/\/omnivion.net\/core\/fr\/wp-json\/wp\/v2\/types\/page"}],"author":[{"embeddable":true,"href":"https:\/\/omnivion.net\/core\/fr\/wp-json\/wp\/v2\/users\/1"}],"replies":[{"embeddable":true,"href":"https:\/\/omnivion.net\/core\/fr\/wp-json\/wp\/v2\/comments?post=770"}],"version-history":[{"count":17,"href":"https:\/\/omnivion.net\/core\/fr\/wp-json\/wp\/v2\/pages\/770\/revisions"}],"predecessor-version":[{"id":779,"href":"https:\/\/omnivion.net\/core\/fr\/wp-json\/wp\/v2\/pages\/770\/revisions\/779"}],"up":[{"embeddable":true,"href":"https:\/\/omnivion.net\/core\/fr\/wp-json\/wp\/v2\/pages\/63"}],"wp:attachment":[{"href":"https:\/\/omnivion.net\/core\/fr\/wp-json\/wp\/v2\/media?parent=770"}],"curies":[{"name":"wp","href":"https:\/\/api.w.org\/{rel}","templated":true}]}}