{"id":730,"date":"2013-05-28T22:33:48","date_gmt":"2013-05-28T21:33:48","guid":{"rendered":"http:\/\/www.omnivion.net\/core\/?page_id=730"},"modified":"2013-05-28T23:26:38","modified_gmt":"2013-05-28T22:26:38","slug":"newtopia-infos-reservation","status":"publish","type":"page","link":"https:\/\/omnivion.net\/core\/fr\/projets\/projets-artistiques\/newtopia_1\/newtopia-infos-reservation\/","title":{"rendered":"Newtopia \/ Infos r\u00e9servation"},"content":{"rendered":"<p><strong><img data-recalc-dims=\"1\" loading=\"lazy\" decoding=\"async\" class=\"alignnone size-full wp-image-733\" title=\"Digital sunset\" src=\"https:\/\/i0.wp.com\/www.omnivion.net\/core\/wp-content\/uploads\/2013\/05\/oie_282326287epwUptb1.gif?resize=500%2C208\" alt=\"\" width=\"500\" height=\"208\" srcset=\"https:\/\/i0.wp.com\/omnivion.net\/core\/wp-content\/uploads\/2013\/05\/oie_282326287epwUptb1.gif?w=500&amp;ssl=1 500w, https:\/\/i0.wp.com\/omnivion.net\/core\/wp-content\/uploads\/2013\/05\/oie_282326287epwUptb1.gif?resize=300%2C124&amp;ssl=1 300w\" sizes=\"auto, (max-width: 500px) 100vw, 500px\" \/><\/strong><\/p>\n<p>&nbsp;<\/p>\n<p><strong>Proc\u00e9dure de r\u00e9servation pour <\/strong><strong><a title=\"Newtopia 1\" href=\"http:\/\/www.omnivion.net\/core\/projets\/projets-artistiques\/newtopia_1\/\">NEWTOPIA 1<\/a> <a title=\"Newtopia 1\" href=\"http:\/\/www.omnivion.net\/core\/projets\/projets-artistiques\/newtopia_1\/\">(Lien\/Programme)<\/a> :<\/strong><strong><\/strong><\/p>\n<p>Pour ceux qui ont d\u00e9j\u00e0 effectu\u00e9 une demande de r\u00e9servation ou pas&#8230;<strong><\/strong><\/p>\n<p>Nous avons bien re\u00e7u votre r\u00e9servation par courriel ou via Facebook et nous vous en remercions. Comme indiqu\u00e9 dans les diff\u00e9rents supports de communication, la demande de r\u00e9servation se fait dans un premier temps par courriel \u00e0 l&rsquo;adresse suivante : info(at)omnivion.net. Cependant, la jauge \u00e9tant limit\u00e9e \u00e0 60 personnes, nous vous demandons de bien vouloir nous faire parvenir votre r\u00e8glement, afin de valider votre r\u00e9servation num\u00e9rique.<\/p>\n<p>Pour finaliser la r\u00e9servation de vos places, pour les diff\u00e9rents \u00e9v\u00e9nements de la soir\u00e9e, merci d&rsquo;envoyer votre r\u00e8glement par ch\u00e8que \u00e0 l&rsquo;adresse suivante : Association OMNIVION, 7 rue Jenson, 37000 TOURS (Ch\u00e8ques \u00e0 l&rsquo;ordre de Omnivion) Merci d&rsquo;accompagner votre r\u00e8glement d&rsquo;un r\u00e9capitulatif de votre r\u00e9servation (Avec buffet 12\u20ac, sans buffet 8\u20ac). Si vous souhaitez recevoir vos places merci de joindre une enveloppe timbr\u00e9e \u00e0 votre adresse, sinon, les places seront tenues \u00e0 votre disposition, et seront \u00e0 retirer le soir de l&rsquo;\u00e9v\u00e9nement. En vue de la tr\u00e8s petite jauge dont nous disposons, les inscriptions confirm\u00e9es par le r\u00e8glement, seront prises en priorit\u00e9.<\/p>\n<p>Merci de votre compr\u00e9hension,<\/p>\n<p>Bien \u00e0 tous &amp; \u00e0 tr\u00e8s bient\u00f4t,<\/p>\n<p>L&rsquo;\u00e9quipe d&rsquo;Omnivion<\/p>\n<p>&nbsp;<\/p>","protected":false},"excerpt":{"rendered":"<p>&nbsp; Proc\u00e9dure de r\u00e9servation pour NEWTOPIA 1 (Lien\/Programme) : Pour ceux qui ont [&hellip;]<\/p>\n","protected":false},"author":1,"featured_media":0,"parent":621,"menu_order":0,"comment_status":"closed","ping_status":"closed","template":"","meta":{"jetpack_post_was_ever_published":false,"footnotes":""},"class_list":["post-730","page","type-page","status-publish","hentry"],"yoast_head":"<!-- This site is optimized with the Yoast SEO plugin v26.8 - https:\/\/yoast.com\/product\/yoast-seo-wordpress\/ -->\n<title>Newtopia \/ Infos r\u00e9servation - omnivion.net<\/title>\n<meta name=\"robots\" content=\"index, follow, max-snippet:-1, max-image-preview:large, max-video-preview:-1\" \/>\n<link rel=\"canonical\" href=\"https:\/\/omnivion.net\/core\/fr\/projets\/projets-artistiques\/newtopia_1\/newtopia-infos-reservation\/\" \/>\n<meta property=\"og:locale\" content=\"fr_FR\" \/>\n<meta property=\"og:type\" content=\"article\" \/>\n<meta property=\"og:title\" content=\"Newtopia \/ Infos r\u00e9servation - omnivion.net\" \/>\n<meta property=\"og:description\" content=\"&nbsp; Proc\u00e9dure de r\u00e9servation pour NEWTOPIA 1 (Lien\/Programme) : Pour ceux qui ont [&hellip;]\" \/>\n<meta property=\"og:url\" content=\"https:\/\/omnivion.net\/core\/fr\/projets\/projets-artistiques\/newtopia_1\/newtopia-infos-reservation\/\" \/>\n<meta property=\"og:site_name\" content=\"omnivion.net\" \/>\n<meta property=\"article:modified_time\" content=\"2013-05-28T22:26:38+00:00\" \/>\n<meta property=\"og:image\" content=\"http:\/\/www.omnivion.net\/core\/wp-content\/uploads\/2013\/05\/oie_282326287epwUptb1.gif\" \/>\n<meta name=\"twitter:card\" content=\"summary_large_image\" \/>\n<meta name=\"twitter:label1\" content=\"Dur\u00e9e de lecture estim\u00e9e\" \/>\n\t<meta name=\"twitter:data1\" content=\"1 minute\" \/>\n<script type=\"application\/ld+json\" class=\"yoast-schema-graph\">{\"@context\":\"https:\/\/schema.org\",\"@graph\":[{\"@type\":\"WebPage\",\"@id\":\"https:\/\/omnivion.net\/core\/fr\/projets\/projets-artistiques\/newtopia_1\/newtopia-infos-reservation\/\",\"url\":\"https:\/\/omnivion.net\/core\/fr\/projets\/projets-artistiques\/newtopia_1\/newtopia-infos-reservation\/\",\"name\":\"Newtopia \/ Infos r\u00e9servation - omnivion.net\",\"isPartOf\":{\"@id\":\"https:\/\/omnivion.net\/core\/fr\/#website\"},\"primaryImageOfPage\":{\"@id\":\"https:\/\/omnivion.net\/core\/fr\/projets\/projets-artistiques\/newtopia_1\/newtopia-infos-reservation\/#primaryimage\"},\"image\":{\"@id\":\"https:\/\/omnivion.net\/core\/fr\/projets\/projets-artistiques\/newtopia_1\/newtopia-infos-reservation\/#primaryimage\"},\"thumbnailUrl\":\"http:\/\/www.omnivion.net\/core\/wp-content\/uploads\/2013\/05\/oie_282326287epwUptb1.gif\",\"datePublished\":\"2013-05-28T21:33:48+00:00\",\"dateModified\":\"2013-05-28T22:26:38+00:00\",\"breadcrumb\":{\"@id\":\"https:\/\/omnivion.net\/core\/fr\/projets\/projets-artistiques\/newtopia_1\/newtopia-infos-reservation\/#breadcrumb\"},\"inLanguage\":\"fr-FR\",\"potentialAction\":[{\"@type\":\"ReadAction\",\"target\":[\"https:\/\/omnivion.net\/core\/fr\/projets\/projets-artistiques\/newtopia_1\/newtopia-infos-reservation\/\"]}]},{\"@type\":\"ImageObject\",\"inLanguage\":\"fr-FR\",\"@id\":\"https:\/\/omnivion.net\/core\/fr\/projets\/projets-artistiques\/newtopia_1\/newtopia-infos-reservation\/#primaryimage\",\"url\":\"http:\/\/www.omnivion.net\/core\/wp-content\/uploads\/2013\/05\/oie_282326287epwUptb1.gif\",\"contentUrl\":\"http:\/\/www.omnivion.net\/core\/wp-content\/uploads\/2013\/05\/oie_282326287epwUptb1.gif\"},{\"@type\":\"BreadcrumbList\",\"@id\":\"https:\/\/omnivion.net\/core\/fr\/projets\/projets-artistiques\/newtopia_1\/newtopia-infos-reservation\/#breadcrumb\",\"itemListElement\":[{\"@type\":\"ListItem\",\"position\":1,\"name\":\"Accueil\",\"item\":\"https:\/\/omnivion.net\/core\/en\/silverstorm\/\"},{\"@type\":\"ListItem\",\"position\":2,\"name\":\"Projets\",\"item\":\"https:\/\/omnivion.net\/core\/fr\/projets\/\"},{\"@type\":\"ListItem\",\"position\":3,\"name\":\"Projets Artistiques\",\"item\":\"https:\/\/omnivion.net\/core\/projets\/projets-artistiques\/\"},{\"@type\":\"ListItem\",\"position\":4,\"name\":\"Newtopia 1\",\"item\":\"https:\/\/omnivion.net\/core\/projets\/projets-artistiques\/newtopia_1\/\"},{\"@type\":\"ListItem\",\"position\":5,\"name\":\"Newtopia \/ Infos r\u00e9servation\"}]},{\"@type\":\"WebSite\",\"@id\":\"https:\/\/omnivion.net\/core\/fr\/#website\",\"url\":\"https:\/\/omnivion.net\/core\/fr\/\",\"name\":\"omnivion.net\",\"description\":\"...ARTS D&#039;\u00caTRE CORPS...\",\"potentialAction\":[{\"@type\":\"SearchAction\",\"target\":{\"@type\":\"EntryPoint\",\"urlTemplate\":\"https:\/\/omnivion.net\/core\/fr\/?s={search_term_string}\"},\"query-input\":{\"@type\":\"PropertyValueSpecification\",\"valueRequired\":true,\"valueName\":\"search_term_string\"}}],\"inLanguage\":\"fr-FR\"}]}<\/script>\n<!-- \/ Yoast SEO plugin. -->","yoast_head_json":{"title":"Newtopia \/ Infos r\u00e9servation - omnivion.net","robots":{"index":"index","follow":"follow","max-snippet":"max-snippet:-1","max-image-preview":"max-image-preview:large","max-video-preview":"max-video-preview:-1"},"canonical":"https:\/\/omnivion.net\/core\/fr\/projets\/projets-artistiques\/newtopia_1\/newtopia-infos-reservation\/","og_locale":"fr_FR","og_type":"article","og_title":"Newtopia \/ Infos r\u00e9servation - omnivion.net","og_description":"&nbsp; Proc\u00e9dure de r\u00e9servation pour NEWTOPIA 1 (Lien\/Programme) : Pour ceux qui ont [&hellip;]","og_url":"https:\/\/omnivion.net\/core\/fr\/projets\/projets-artistiques\/newtopia_1\/newtopia-infos-reservation\/","og_site_name":"omnivion.net","article_modified_time":"2013-05-28T22:26:38+00:00","og_image":[{"url":"http:\/\/www.omnivion.net\/core\/wp-content\/uploads\/2013\/05\/oie_282326287epwUptb1.gif","type":"","width":"","height":""}],"twitter_card":"summary_large_image","twitter_misc":{"Dur\u00e9e de lecture estim\u00e9e":"1 minute"},"schema":{"@context":"https:\/\/schema.org","@graph":[{"@type":"WebPage","@id":"https:\/\/omnivion.net\/core\/fr\/projets\/projets-artistiques\/newtopia_1\/newtopia-infos-reservation\/","url":"https:\/\/omnivion.net\/core\/fr\/projets\/projets-artistiques\/newtopia_1\/newtopia-infos-reservation\/","name":"Newtopia \/ Infos r\u00e9servation - omnivion.net","isPartOf":{"@id":"https:\/\/omnivion.net\/core\/fr\/#website"},"primaryImageOfPage":{"@id":"https:\/\/omnivion.net\/core\/fr\/projets\/projets-artistiques\/newtopia_1\/newtopia-infos-reservation\/#primaryimage"},"image":{"@id":"https:\/\/omnivion.net\/core\/fr\/projets\/projets-artistiques\/newtopia_1\/newtopia-infos-reservation\/#primaryimage"},"thumbnailUrl":"http:\/\/www.omnivion.net\/core\/wp-content\/uploads\/2013\/05\/oie_282326287epwUptb1.gif","datePublished":"2013-05-28T21:33:48+00:00","dateModified":"2013-05-28T22:26:38+00:00","breadcrumb":{"@id":"https:\/\/omnivion.net\/core\/fr\/projets\/projets-artistiques\/newtopia_1\/newtopia-infos-reservation\/#breadcrumb"},"inLanguage":"fr-FR","potentialAction":[{"@type":"ReadAction","target":["https:\/\/omnivion.net\/core\/fr\/projets\/projets-artistiques\/newtopia_1\/newtopia-infos-reservation\/"]}]},{"@type":"ImageObject","inLanguage":"fr-FR","@id":"https:\/\/omnivion.net\/core\/fr\/projets\/projets-artistiques\/newtopia_1\/newtopia-infos-reservation\/#primaryimage","url":"http:\/\/www.omnivion.net\/core\/wp-content\/uploads\/2013\/05\/oie_282326287epwUptb1.gif","contentUrl":"http:\/\/www.omnivion.net\/core\/wp-content\/uploads\/2013\/05\/oie_282326287epwUptb1.gif"},{"@type":"BreadcrumbList","@id":"https:\/\/omnivion.net\/core\/fr\/projets\/projets-artistiques\/newtopia_1\/newtopia-infos-reservation\/#breadcrumb","itemListElement":[{"@type":"ListItem","position":1,"name":"Accueil","item":"https:\/\/omnivion.net\/core\/en\/silverstorm\/"},{"@type":"ListItem","position":2,"name":"Projets","item":"https:\/\/omnivion.net\/core\/fr\/projets\/"},{"@type":"ListItem","position":3,"name":"Projets Artistiques","item":"https:\/\/omnivion.net\/core\/projets\/projets-artistiques\/"},{"@type":"ListItem","position":4,"name":"Newtopia 1","item":"https:\/\/omnivion.net\/core\/projets\/projets-artistiques\/newtopia_1\/"},{"@type":"ListItem","position":5,"name":"Newtopia \/ Infos r\u00e9servation"}]},{"@type":"WebSite","@id":"https:\/\/omnivion.net\/core\/fr\/#website","url":"https:\/\/omnivion.net\/core\/fr\/","name":"omnivion.net","description":"...ARTS D&#039;\u00caTRE CORPS...","potentialAction":[{"@type":"SearchAction","target":{"@type":"EntryPoint","urlTemplate":"https:\/\/omnivion.net\/core\/fr\/?s={search_term_string}"},"query-input":{"@type":"PropertyValueSpecification","valueRequired":true,"valueName":"search_term_string"}}],"inLanguage":"fr-FR"}]}},"jetpack_sharing_enabled":true,"jetpack_shortlink":"https:\/\/wp.me\/P2fe7Q-bM","jetpack_likes_enabled":true,"_links":{"self":[{"href":"https:\/\/omnivion.net\/core\/fr\/wp-json\/wp\/v2\/pages\/730","targetHints":{"allow":["GET"]}}],"collection":[{"href":"https:\/\/omnivion.net\/core\/fr\/wp-json\/wp\/v2\/pages"}],"about":[{"href":"https:\/\/omnivion.net\/core\/fr\/wp-json\/wp\/v2\/types\/page"}],"author":[{"embeddable":true,"href":"https:\/\/omnivion.net\/core\/fr\/wp-json\/wp\/v2\/users\/1"}],"replies":[{"embeddable":true,"href":"https:\/\/omnivion.net\/core\/fr\/wp-json\/wp\/v2\/comments?post=730"}],"version-history":[{"count":7,"href":"https:\/\/omnivion.net\/core\/fr\/wp-json\/wp\/v2\/pages\/730\/revisions"}],"predecessor-version":[{"id":740,"href":"https:\/\/omnivion.net\/core\/fr\/wp-json\/wp\/v2\/pages\/730\/revisions\/740"}],"up":[{"embeddable":true,"href":"https:\/\/omnivion.net\/core\/fr\/wp-json\/wp\/v2\/pages\/621"}],"wp:attachment":[{"href":"https:\/\/omnivion.net\/core\/fr\/wp-json\/wp\/v2\/media?parent=730"}],"curies":[{"name":"wp","href":"https:\/\/api.w.org\/{rel}","templated":true}]}}