{"id":621,"date":"2013-04-05T19:57:09","date_gmt":"2013-04-05T18:57:09","guid":{"rendered":"http:\/\/www.omnivion.net\/core\/?page_id=621"},"modified":"2024-02-11T01:47:09","modified_gmt":"2024-02-11T00:47:09","slug":"newtopia_1","status":"publish","type":"page","link":"https:\/\/omnivion.net\/core\/fr\/projets\/projets-artistiques\/newtopia_1\/","title":{"rendered":"Newtopia 1"},"content":{"rendered":"<p><\/p>\n<div id=\"attachment_987\" style=\"width: 810px\" class=\"wp-caption alignnone\"><a href=\"https:\/\/i0.wp.com\/www.omnivion.net\/core\/wp-content\/uploads\/2013\/04\/2013-06-08_Newtopia_1_B.Duret_1_edit_web.jpg\"><img data-recalc-dims=\"1\" loading=\"lazy\" decoding=\"async\" aria-describedby=\"caption-attachment-987\" class=\"size-full wp-image-987 \" src=\"https:\/\/i0.wp.com\/www.omnivion.net\/core\/wp-content\/uploads\/2013\/04\/2013-06-08_Newtopia_1_B.Duret_1_edit_web.jpg?resize=800%2C476\" alt=\"Photo \u00a9 Bernard Duret\" width=\"800\" height=\"476\" srcset=\"https:\/\/i0.wp.com\/omnivion.net\/core\/wp-content\/uploads\/2013\/04\/2013-06-08_Newtopia_1_B.Duret_1_edit_web.jpg?w=800&amp;ssl=1 800w, https:\/\/i0.wp.com\/omnivion.net\/core\/wp-content\/uploads\/2013\/04\/2013-06-08_Newtopia_1_B.Duret_1_edit_web.jpg?resize=300%2C178&amp;ssl=1 300w\" sizes=\"auto, (max-width: 800px) 100vw, 800px\" \/><\/a><p id=\"caption-attachment-987\" class=\"wp-caption-text\">Photo \u00a9 Bernard Duret<\/p><\/div>\n<h3 style=\"font-size: 13.333333969116211px;\"><em>\u00a0<\/em><\/h3>\n<p><strong><em>Newtopia<\/em> : n\u00e9ologisme d\u00e9riv\u00e9 du mot <em>utopie<\/em> (utopie en grec : \u00ab\u00a0non-lieu\u00a0\u00bb) avec une connotation optimiste qui fait r\u00e9f\u00e9rence \u00e0 la nouveaut\u00e9 cr\u00e9atrice et au potentiel humain : \u00ab\u00a0nouveau-lieu\u00a0\u00bb. On n\u2019est plus dans le d\u00e9sir d\u2019un non-lieu, mais plut\u00f4t dans une posture de confiance face \u00e0 l\u2019avenir, avec des actes sensibles, et cr\u00e9ateurs.<\/strong><\/p>\n<p><strong><em>Newtopia<\/em>\u00a0= nouveau-lieu. (Divisions et liens)<br \/>\n<\/strong><\/p>\n<p><strong><em>Newtopia 1<\/em><\/strong>, est une carte blanche \u00e0 <a href=\"http:\/\/omnivion.net\/core\/team\/dimitrios-tsiapkinis\/\">Dimitri Tsiapkinis<\/a>, programm\u00e9e \u00e0 la <a href=\"http:\/\/www.messagerdesaintantoine.com\/messaggero\/pagina_articolo.asp?IDX=328IDRX=85\" target=\"_blank\" rel=\"noopener\">Chapelle des Capucins<\/a> et \u00e0 la <a href=\"http:\/\/chapellesainteanne.com\/\" target=\"_blank\" rel=\"noopener\">Chapelle Saint Anne<\/a>, \u00e0 Tours le\u00a0<strong>8 juin 2013.<\/strong>\u00a0C\u2019\u00e9tait un \u00e9v\u00e9nement artistique, genre de projet pilote, premier d\u2019une s\u00e9rie de formes performatives hybrides, au c\u0153ur duquel le concept du\u00a0<strong>corps sujet\u00a0<\/strong>se place au<strong>\u00a0<\/strong>centre des interrogations. Le point central de cette 1\u00e8re \u00e9dition \u00e9tait la solidarit\u00e9 artistique : la performance principale \u00e9tait une collaboration d&rsquo;interpr\u00e8tes venants du monde des soins.<\/p>\n<p><em>Quelles alternatives aux opinionismes partisans ? Quelle place pour la subjectivit\u00e9 individuelle dans un monde de normes \u00e9conomiques ? Pourquoi persistent dans nos cultures les postures dualistes ? Noir ou blanc, droite ou gauche, antagonisme ou solidarit\u00e9, corps ou esprit ? <span style=\"font-size: 12pt; line-height: 19px;\">Les interventions \u00e9taient propos\u00e9es dans deux Chapelles du patrimoine Tourangeau pour revisiter ces lieux sous d&rsquo;autres perspectives et resituer \u00ab [\u2026] le sujet \u2013 incarn\u00e9 et en situation historique \u2013 aux choses et \u00e0 autrui \u00bb. Quels corps contemporains dans une architecture religieuse historique ?<\/span><\/em><\/p>\n<p><strong>[Photos de la soir\u00e9e : <a href=\"https:\/\/www.flickr.com\/photos\/127676311@N07\/albums\/72157647815399906\" target=\"_blank\" rel=\"noopener\">Flickr Omnivion<\/a>]<\/strong><\/p>\n<h3><\/h3>\n<h3><strong>Programme\u00a0:<\/strong><\/h3>\n<p><strong><span style=\"text-decoration: underline;\">CHAPELLE DES CAPUCINS<\/span><\/strong><\/p>\n<p><strong>&gt;18H \/ Ouverture de l\u2019exposition :<br \/>\n<em><a href=\"http:\/\/omnivion.net\/core\/projets\/projets-artistiques\/soma-bis\/\" target=\"_blank\" rel=\"noopener\">Soma Bis<\/a> : <\/em><\/strong>exposition de photographies sur les th\u00e8mes du corps sensible et la dualit\u00e9; par Val\u00e9riane Baffert, et Dimitri Tsiapkinis.<span style=\"font-size: 13px; line-height: 19px;\">\u00a0<\/span><\/p>\n<p><strong>&gt;19H \/ performances :<\/strong><\/p>\n<ul>\n<li><strong><em><a href=\"http:\/\/omnivion.net\/core\/projets\/projets-artistiques\/newtopia_1\/04-2\/\">Z\u00e9ro-virgule-quatre<\/a><\/em><\/strong>\u00a0: performance de danse contemporaine, r\u00e9sultat du partenariat entre Omnivion et CHRU de Tours, service psychiatrique. C\u2019est une collaboration entre danseurs, soign\u00e9s et soignants qui focalise sur l\u2019expressivit\u00e9 personnelle et la solidarit\u00e9. (<strong><strong>Extrait vid\u00e9o : <a href=\"https:\/\/vimeo.com\/911917677?share=copy\" target=\"_blank\" rel=\"noopener\">0,4 \/ Vimeo d\u00e9mo<\/a>),<\/strong><\/strong>Interpr\u00e8tes : Nathalie Cherel, Emilie Coud\u00e8re, Magali Dijoux, Paul Jolit, Bruno Morin, Rosa Pires de Matos.<\/li>\n<li><strong><em>Binaires<\/em><\/strong>\u00a0:\u00a0<em>conf\u00e9rence philosophique martiale<\/em> sur le th\u00e8me du lien entre corps et esprit. Un philosophe parle, et deux jeunes filles \u00ab maitrisent \u00bb l\u2018espace-temps \u00e0\u00a0 travers le geste dans\u00e9 et le Kung Fu.\u00a0<strong>(Extrait vid\u00e9o :<\/strong> <a href=\"http:\/\/youtu.be\/fogi6GJJG2U\" target=\"_blank\" rel=\"noopener\"><strong>d\u00e9mo Youtube<\/strong><\/a><strong>)<br \/>\n<\/strong>Textes par : Vincenzo Rossi-Ercolani. Interpr\u00e8tes : Roland Lebret, Popp\u00e9e Gicquel, Ir\u00e8ne Philippe.Conseils en philosophie : Gilles Roghe.Suivi p\u00e9dagogique en Kung Fu : <a href=\"http:\/\/www.franceshaolin.fr\/\" target=\"_blank\" rel=\"noopener\"><strong>Shi Yan Jun (France Shaolin).<\/strong><\/a><\/li>\n<\/ul>\n<p><strong><span style=\"text-decoration: underline;\">CHAPELLE SAINT ANNE\u00a0:<\/span><\/strong><\/p>\n<p>&nbsp;<\/p>\n<p><strong>&gt;21H30 \/ performance : <\/strong><\/p>\n<ul>\n<li><strong><em>Sans titre<\/em><\/strong>\u00a0: Solo performance danse sur le th\u00e8me du lien entre corps et esprit, et plus sp\u00e9cifiquement sur la transe : entre mouvement sensible et violence. Interpr\u00e8te\u00a0: <strong><a title=\"Dimitri Tsiapkinis\" href=\"http:\/\/www.omnivion.net\/core\/members\/dimitrios-tsiapkinis\/\">Dimitri Tsiapkinis<br \/>\n<\/a><a href=\"http:\/\/youtu.be\/7vIpS2RfFv8\" target=\"_blank\" rel=\"noopener\">(Extrait vid\u00e9o de 7 min)<\/a><\/strong><\/li>\n<\/ul>\n<p><strong>&gt;21H45 \/ Soir\u00e9e festive :<\/strong><\/p>\n<ul>\n<li><strong><em>Buffet gastronomique, <\/em><\/strong>par <strong><a title=\"Ahlam Ettamri\" href=\"http:\/\/www.omnivion.net\/core\/members\/ahlam-ettamri\/\" target=\"_blank\" rel=\"noopener\">Ahlam Ettamri<\/a> <\/strong>&amp;<strong><em>\u00a0 Soir\u00e9e dansante Afro<\/em><\/strong>.<span style=\"font-size: 13px; line-height: 19px;\">\u00a0<\/span><\/li>\n<\/ul>\n<p><strong>&gt;00H00 \/ Soir\u00e9e underground<\/strong><\/p>\n<ul>\n<li><strong><em>Techno minimaliste berlinoise<\/em><\/strong> avec <a href=\"https:\/\/www.facebook.com\/tybee.coreteks\" target=\"_blank\" rel=\"noopener\"><strong>TyBee Coreteks<\/strong><\/a>\u00a0!<\/li>\n<\/ul>\n<p>&nbsp;<\/p>\n<p><strong>[Photos de la soir\u00e9e : <a href=\"https:\/\/flic.kr\/s\/aHsk3Vc3qA\" target=\"_blank\" rel=\"noopener\">Flickr Newtopia 1<\/a>]<\/strong><\/p>\n<p>&nbsp;<\/p>\n<p><strong>Equipe de la\u00a0direction\u00a0:<\/strong><span style=\"font-size: 13px; line-height: 19px;\">\u00a0<\/span><\/p>\n<p>Direction artistique : Dimitri Tsiapkinis<\/p>\n<p>Direction technique : Jean-luc Lingelser<\/p>\n<p>Coordination et communication : Marion Jouhanneau<\/p>\n<p>Assistante production et communication\u00a0: Evelyne Poimul<\/p>\n<p>Comptabilit\u00e9 : R\u00e9mi Lebugle<\/p>\n<h3><\/h3>\n<h3>Accueil \u2013 coproduction\u00a0: <a href=\"http:\/\/lesarpentsdart.fr\">Association Arpents d&rsquo;Art<\/a> et <a href=\"http:\/\/chapellesainteanne.com\">Chapelle Saint-Anne<\/a><\/h3>\n<p><strong>Vous pouvez recevoir nos\u00a0nouvelles en cliquant sur \u00ab\u00a0like\u00a0\u00bb \u00e0 notre page Facebook :\u00a0<a title=\"OMNIVION NEWS!\" href=\"http:\/\/www.facebook.com\/omnivion\">OMNIVION NEWS!<\/a><\/strong><\/p>\n<p>&nbsp;<\/p>\n<div>\n<hr align=\"left\" size=\"1\" width=\"33%\" \/>\n<div>\n<p><a title=\"\" href=\"file:\/\/\/C:\/Users\/Omnivior\/Documents\/Spacetime\/OMNIVIATION\/Projets\/Newtopia%201\/2013_Newtopia_0%201_Programme%20provisoire.doc#_ftnref1\">[1]<\/a>\u00a0\u00a0\u00a0\u00a0\u00a0\u00a0\u00a0\u00a0\u00a0 La multir\u00e9f\u00e9rentialit\u00e9 c\u2019est l\u2019art de conjoindre ce qui n\u2019est pas toujours conjoignable, de rechercher des articulations parfois probl\u00e9matiques, entre au moins deux disciplines distinctes<strong>.<\/strong>\u00a0C\u2019est l\u2019art de faire tenir ensemble, en tension, ce qui tient mal ensemble, ou m\u00eame ne le saurait<strong>.<\/strong>\u00a0Il y faut du talent, et des principes d\u2019organisation de savoirs complexes, d\u2019un savoir feuillet\u00e9<strong>.<\/strong>\u00a0Le sens de l\u2019inconfort et de la complexit\u00e9<strong>.<\/strong>\u00a0Le pionnier du concept est alors Jacques Ardoino. (source\u00a0: <a href=\"http:\/\/www.cifpr.fr\/\">www.cifpr.fr<\/a> )<\/p>\n<\/div>\n<\/div>\n<p><!--more--><\/p>","protected":false},"excerpt":{"rendered":"<p>\u00a0 Newtopia : n\u00e9ologisme d\u00e9riv\u00e9 du mot utopie (utopie en grec : \u00ab\u00a0non-lieu\u00a0\u00bb) [&hellip;]<\/p>\n","protected":false},"author":1,"featured_media":0,"parent":60,"menu_order":0,"comment_status":"closed","ping_status":"closed","template":"","meta":{"jetpack_post_was_ever_published":false,"footnotes":""},"class_list":["post-621","page","type-page","status-publish","hentry"],"yoast_head":"<!-- This site is optimized with the Yoast SEO plugin v27.4 - https:\/\/yoast.com\/product\/yoast-seo-wordpress\/ -->\n<title>Newtopia 1 - omnivion.net<\/title>\n<meta name=\"robots\" content=\"index, follow, max-snippet:-1, max-image-preview:large, max-video-preview:-1\" \/>\n<link rel=\"canonical\" href=\"https:\/\/omnivion.net\/core\/fr\/projets\/projets-artistiques\/newtopia_1\/\" \/>\n<meta property=\"og:locale\" content=\"fr_FR\" \/>\n<meta property=\"og:type\" content=\"article\" \/>\n<meta property=\"og:title\" content=\"Newtopia 1 - omnivion.net\" \/>\n<meta property=\"og:description\" content=\"\u00a0 Newtopia : n\u00e9ologisme d\u00e9riv\u00e9 du mot utopie (utopie en grec : \u00ab\u00a0non-lieu\u00a0\u00bb) [&hellip;]\" \/>\n<meta property=\"og:url\" content=\"https:\/\/omnivion.net\/core\/fr\/projets\/projets-artistiques\/newtopia_1\/\" \/>\n<meta property=\"og:site_name\" content=\"omnivion.net\" \/>\n<meta property=\"article:modified_time\" content=\"2024-02-11T00:47:09+00:00\" \/>\n<meta property=\"og:image\" content=\"http:\/\/www.omnivion.net\/core\/wp-content\/uploads\/2013\/04\/2013-06-08_Newtopia_1_B.Duret_1_edit_web.jpg\" \/>\n<meta name=\"twitter:card\" content=\"summary_large_image\" \/>\n<meta name=\"twitter:label1\" content=\"Dur\u00e9e de lecture estim\u00e9e\" \/>\n\t<meta name=\"twitter:data1\" content=\"4 minutes\" \/>\n<script type=\"application\/ld+json\" class=\"yoast-schema-graph\">{\"@context\":\"https:\\\/\\\/schema.org\",\"@graph\":[{\"@type\":\"WebPage\",\"@id\":\"https:\\\/\\\/omnivion.net\\\/core\\\/fr\\\/projets\\\/projets-artistiques\\\/newtopia_1\\\/\",\"url\":\"https:\\\/\\\/omnivion.net\\\/core\\\/fr\\\/projets\\\/projets-artistiques\\\/newtopia_1\\\/\",\"name\":\"Newtopia 1 - omnivion.net\",\"isPartOf\":{\"@id\":\"https:\\\/\\\/omnivion.net\\\/core\\\/fr\\\/#website\"},\"primaryImageOfPage\":{\"@id\":\"https:\\\/\\\/omnivion.net\\\/core\\\/fr\\\/projets\\\/projets-artistiques\\\/newtopia_1\\\/#primaryimage\"},\"image\":{\"@id\":\"https:\\\/\\\/omnivion.net\\\/core\\\/fr\\\/projets\\\/projets-artistiques\\\/newtopia_1\\\/#primaryimage\"},\"thumbnailUrl\":\"http:\\\/\\\/www.omnivion.net\\\/core\\\/wp-content\\\/uploads\\\/2013\\\/04\\\/2013-06-08_Newtopia_1_B.Duret_1_edit_web.jpg\",\"datePublished\":\"2013-04-05T18:57:09+00:00\",\"dateModified\":\"2024-02-11T00:47:09+00:00\",\"breadcrumb\":{\"@id\":\"https:\\\/\\\/omnivion.net\\\/core\\\/fr\\\/projets\\\/projets-artistiques\\\/newtopia_1\\\/#breadcrumb\"},\"inLanguage\":\"fr-FR\",\"potentialAction\":[{\"@type\":\"ReadAction\",\"target\":[\"https:\\\/\\\/omnivion.net\\\/core\\\/fr\\\/projets\\\/projets-artistiques\\\/newtopia_1\\\/\"]}]},{\"@type\":\"ImageObject\",\"inLanguage\":\"fr-FR\",\"@id\":\"https:\\\/\\\/omnivion.net\\\/core\\\/fr\\\/projets\\\/projets-artistiques\\\/newtopia_1\\\/#primaryimage\",\"url\":\"http:\\\/\\\/www.omnivion.net\\\/core\\\/wp-content\\\/uploads\\\/2013\\\/04\\\/2013-06-08_Newtopia_1_B.Duret_1_edit_web.jpg\",\"contentUrl\":\"http:\\\/\\\/www.omnivion.net\\\/core\\\/wp-content\\\/uploads\\\/2013\\\/04\\\/2013-06-08_Newtopia_1_B.Duret_1_edit_web.jpg\"},{\"@type\":\"BreadcrumbList\",\"@id\":\"https:\\\/\\\/omnivion.net\\\/core\\\/fr\\\/projets\\\/projets-artistiques\\\/newtopia_1\\\/#breadcrumb\",\"itemListElement\":[{\"@type\":\"ListItem\",\"position\":1,\"name\":\"Accueil\",\"item\":\"https:\\\/\\\/omnivion.net\\\/core\\\/en\\\/silverstorm\\\/\"},{\"@type\":\"ListItem\",\"position\":2,\"name\":\"Projets\",\"item\":\"https:\\\/\\\/omnivion.net\\\/core\\\/fr\\\/projets\\\/\"},{\"@type\":\"ListItem\",\"position\":3,\"name\":\"Projets Artistiques\",\"item\":\"https:\\\/\\\/omnivion.net\\\/core\\\/projets\\\/projets-artistiques\\\/\"},{\"@type\":\"ListItem\",\"position\":4,\"name\":\"Newtopia 1\"}]},{\"@type\":\"WebSite\",\"@id\":\"https:\\\/\\\/omnivion.net\\\/core\\\/fr\\\/#website\",\"url\":\"https:\\\/\\\/omnivion.net\\\/core\\\/fr\\\/\",\"name\":\"omnivion.net\",\"description\":\"...ARTS D&#039;\u00caTRE CORPS...\",\"potentialAction\":[{\"@type\":\"SearchAction\",\"target\":{\"@type\":\"EntryPoint\",\"urlTemplate\":\"https:\\\/\\\/omnivion.net\\\/core\\\/fr\\\/?s={search_term_string}\"},\"query-input\":{\"@type\":\"PropertyValueSpecification\",\"valueRequired\":true,\"valueName\":\"search_term_string\"}}],\"inLanguage\":\"fr-FR\"}]}<\/script>\n<!-- \/ Yoast SEO plugin. -->","yoast_head_json":{"title":"Newtopia 1 - omnivion.net","robots":{"index":"index","follow":"follow","max-snippet":"max-snippet:-1","max-image-preview":"max-image-preview:large","max-video-preview":"max-video-preview:-1"},"canonical":"https:\/\/omnivion.net\/core\/fr\/projets\/projets-artistiques\/newtopia_1\/","og_locale":"fr_FR","og_type":"article","og_title":"Newtopia 1 - omnivion.net","og_description":"\u00a0 Newtopia : n\u00e9ologisme d\u00e9riv\u00e9 du mot utopie (utopie en grec : \u00ab\u00a0non-lieu\u00a0\u00bb) [&hellip;]","og_url":"https:\/\/omnivion.net\/core\/fr\/projets\/projets-artistiques\/newtopia_1\/","og_site_name":"omnivion.net","article_modified_time":"2024-02-11T00:47:09+00:00","og_image":[{"url":"http:\/\/www.omnivion.net\/core\/wp-content\/uploads\/2013\/04\/2013-06-08_Newtopia_1_B.Duret_1_edit_web.jpg","type":"","width":"","height":""}],"twitter_card":"summary_large_image","twitter_misc":{"Dur\u00e9e de lecture estim\u00e9e":"4 minutes"},"schema":{"@context":"https:\/\/schema.org","@graph":[{"@type":"WebPage","@id":"https:\/\/omnivion.net\/core\/fr\/projets\/projets-artistiques\/newtopia_1\/","url":"https:\/\/omnivion.net\/core\/fr\/projets\/projets-artistiques\/newtopia_1\/","name":"Newtopia 1 - omnivion.net","isPartOf":{"@id":"https:\/\/omnivion.net\/core\/fr\/#website"},"primaryImageOfPage":{"@id":"https:\/\/omnivion.net\/core\/fr\/projets\/projets-artistiques\/newtopia_1\/#primaryimage"},"image":{"@id":"https:\/\/omnivion.net\/core\/fr\/projets\/projets-artistiques\/newtopia_1\/#primaryimage"},"thumbnailUrl":"http:\/\/www.omnivion.net\/core\/wp-content\/uploads\/2013\/04\/2013-06-08_Newtopia_1_B.Duret_1_edit_web.jpg","datePublished":"2013-04-05T18:57:09+00:00","dateModified":"2024-02-11T00:47:09+00:00","breadcrumb":{"@id":"https:\/\/omnivion.net\/core\/fr\/projets\/projets-artistiques\/newtopia_1\/#breadcrumb"},"inLanguage":"fr-FR","potentialAction":[{"@type":"ReadAction","target":["https:\/\/omnivion.net\/core\/fr\/projets\/projets-artistiques\/newtopia_1\/"]}]},{"@type":"ImageObject","inLanguage":"fr-FR","@id":"https:\/\/omnivion.net\/core\/fr\/projets\/projets-artistiques\/newtopia_1\/#primaryimage","url":"http:\/\/www.omnivion.net\/core\/wp-content\/uploads\/2013\/04\/2013-06-08_Newtopia_1_B.Duret_1_edit_web.jpg","contentUrl":"http:\/\/www.omnivion.net\/core\/wp-content\/uploads\/2013\/04\/2013-06-08_Newtopia_1_B.Duret_1_edit_web.jpg"},{"@type":"BreadcrumbList","@id":"https:\/\/omnivion.net\/core\/fr\/projets\/projets-artistiques\/newtopia_1\/#breadcrumb","itemListElement":[{"@type":"ListItem","position":1,"name":"Accueil","item":"https:\/\/omnivion.net\/core\/en\/silverstorm\/"},{"@type":"ListItem","position":2,"name":"Projets","item":"https:\/\/omnivion.net\/core\/fr\/projets\/"},{"@type":"ListItem","position":3,"name":"Projets Artistiques","item":"https:\/\/omnivion.net\/core\/projets\/projets-artistiques\/"},{"@type":"ListItem","position":4,"name":"Newtopia 1"}]},{"@type":"WebSite","@id":"https:\/\/omnivion.net\/core\/fr\/#website","url":"https:\/\/omnivion.net\/core\/fr\/","name":"omnivion.net","description":"...ARTS D&#039;\u00caTRE CORPS...","potentialAction":[{"@type":"SearchAction","target":{"@type":"EntryPoint","urlTemplate":"https:\/\/omnivion.net\/core\/fr\/?s={search_term_string}"},"query-input":{"@type":"PropertyValueSpecification","valueRequired":true,"valueName":"search_term_string"}}],"inLanguage":"fr-FR"}]}},"jetpack_sharing_enabled":true,"jetpack_shortlink":"https:\/\/wp.me\/P2fe7Q-a1","jetpack_likes_enabled":true,"_links":{"self":[{"href":"https:\/\/omnivion.net\/core\/fr\/wp-json\/wp\/v2\/pages\/621","targetHints":{"allow":["GET"]}}],"collection":[{"href":"https:\/\/omnivion.net\/core\/fr\/wp-json\/wp\/v2\/pages"}],"about":[{"href":"https:\/\/omnivion.net\/core\/fr\/wp-json\/wp\/v2\/types\/page"}],"author":[{"embeddable":true,"href":"https:\/\/omnivion.net\/core\/fr\/wp-json\/wp\/v2\/users\/1"}],"replies":[{"embeddable":true,"href":"https:\/\/omnivion.net\/core\/fr\/wp-json\/wp\/v2\/comments?post=621"}],"version-history":[{"count":60,"href":"https:\/\/omnivion.net\/core\/fr\/wp-json\/wp\/v2\/pages\/621\/revisions"}],"predecessor-version":[{"id":5259,"href":"https:\/\/omnivion.net\/core\/fr\/wp-json\/wp\/v2\/pages\/621\/revisions\/5259"}],"up":[{"embeddable":true,"href":"https:\/\/omnivion.net\/core\/fr\/wp-json\/wp\/v2\/pages\/60"}],"wp:attachment":[{"href":"https:\/\/omnivion.net\/core\/fr\/wp-json\/wp\/v2\/media?parent=621"}],"curies":[{"name":"wp","href":"https:\/\/api.w.org\/{rel}","templated":true}]}}