{"id":60,"date":"2012-02-19T18:00:22","date_gmt":"2012-02-19T17:00:22","guid":{"rendered":"http:\/\/test.matoilnet.org\/wordpress\/?page_id=60"},"modified":"2026-01-04T14:14:23","modified_gmt":"2026-01-04T13:14:23","slug":"projets-artistiques","status":"publish","type":"page","link":"https:\/\/omnivion.net\/core\/fr\/projets\/projets-artistiques\/","title":{"rendered":"Projets Artistiques"},"content":{"rendered":"<p><div id=\"attachment_1663\" style=\"width: 810px\" class=\"wp-caption alignnone\"><a href=\"https:\/\/i0.wp.com\/omnivion.net\/core\/wp-content\/uploads\/2016\/03\/DURET-BERNARD-42_news.jpg\"><img data-recalc-dims=\"1\" loading=\"lazy\" decoding=\"async\" aria-describedby=\"caption-attachment-1663\" class=\"size-full wp-image-1663\" src=\"https:\/\/i0.wp.com\/omnivion.net\/core\/wp-content\/uploads\/2016\/03\/DURET-BERNARD-42_news.jpg?resize=800%2C375\" alt=\"\" width=\"800\" height=\"375\" srcset=\"https:\/\/i0.wp.com\/omnivion.net\/core\/wp-content\/uploads\/2016\/03\/DURET-BERNARD-42_news.jpg?w=800&amp;ssl=1 800w, https:\/\/i0.wp.com\/omnivion.net\/core\/wp-content\/uploads\/2016\/03\/DURET-BERNARD-42_news.jpg?resize=300%2C141&amp;ssl=1 300w, https:\/\/i0.wp.com\/omnivion.net\/core\/wp-content\/uploads\/2016\/03\/DURET-BERNARD-42_news.jpg?resize=768%2C360&amp;ssl=1 768w\" sizes=\"auto, (max-width: 800px) 100vw, 800px\" \/><\/a><p id=\"caption-attachment-1663\" class=\"wp-caption-text\">Photo by \u00a9 Bernard Duret<\/p><\/div><\/p>\n<p>&nbsp;<\/p>\n<h2>Pour tous nos \u00e9v\u00e9nements actuels vous pouvez r\u00e9server ici :\u00a0<a href=\"https:\/\/omnivion.net\/core\/fr\/reservations\/\"><strong>RESERVATIONS<\/strong><\/a><\/h2>\n<p>&nbsp;<\/p>\n<h1>2026<\/h1>\n<ul>\n<li><a href=\"https:\/\/omnivion.net\/core\/projets\/projets-artistiques\/kronos-ou-chronos\/\"><strong>Kronos et Chronos \/ Newtopia 13<\/strong><\/a>\u00a0: performances &amp; expositions, par Dimitri Tsiapkinis et invit\u00e9s.<\/li>\n<li><strong>(H)amour(s) \/ Newtopia 14<\/strong>\u00a0: performances, projections &amp; expositions, par Dimitri Tsiapkinis et invit\u00e9s.<\/li>\n<li><strong><a href=\"https:\/\/omnivion.net\/core\/fr\/art-de-la-chute\/\">L\u2019Art de la Chute<\/a>, <\/strong>cr\u00e9ation th\u00e9\u00e2trale, par le collectif Morsures.<\/li>\n<\/ul>\n<p>&nbsp;<\/p>\n<h1><\/h1>\n<h1>2025<\/h1>\n<ul>\n<li><strong> <a href=\"https:\/\/omnivion.net\/core\/fr\/art-de-la-chute\/\">L\u2019Art de la Chute<\/a>, <\/strong>cr\u00e9ation th\u00e9\u00e2trale, par le collectif Morsures.<\/li>\n<li><strong><a href=\"https:\/\/omnivion.net\/core\/fr\/projets\/projets-artistiques\/newt12\/\">Se Faire Un? Des? Films&#8230;\/Newtopia 12<\/a><\/strong> : performances, projections &amp; expositions, par Dimitri Tsiapkinis et invit\u00e9s.<\/li>\n<\/ul>\n<p>&nbsp;<\/p>\n<h1>2024<\/h1>\n<ul>\n<li><a href=\"https:\/\/omnivion.net\/core\/projets\/projets-artistiques\/retroversions_newt-11\/\"><strong>R\u00e9troversions &amp; Neutopies \/ Newtopia 11<\/strong><\/a>\u00a0: performances &amp; expositions, par Dimitri Tsiapkinis et invit\u00e9s.<\/li>\n<li><strong><a href=\"https:\/\/omnivion.net\/core\/fr\/projets\/projets-artistiques\/newt12\/\">Se Faire Un? Des? Films&#8230;\/Newtopia 12<\/a><\/strong> : performances, projections &amp; expositions, par Dimitri Tsiapkinis et invit\u00e9s.<\/li>\n<li><strong>Prendre Corps \/ Moon Eaters 3<\/strong> : performance par Dimitri Tsiapkinis<\/li>\n<\/ul>\n<p>&nbsp;<\/p>\n<h1><\/h1>\n<h1>2023<\/h1>\n<ul>\n<li><a href=\"https:\/\/omnivion.net\/core\/projets\/projets-artistiques\/retroversions_newt-11\/\"><strong>R\u00e9troversions &amp; Newtopies \/ Newtopia 11<\/strong><\/a>\u00a0: performances &amp; expositions, par Dimitri Tsiapkinis et invit\u00e9s.<\/li>\n<li><strong><a href=\"https:\/\/omnivion.net\/core\/projets\/projets-artistiques\/judith\/\">Judith, le corps s\u00e9par\u00e9<\/a><\/strong> : performance th\u00e9\u00e2trale par le Collectif Morsures.<\/li>\n<li><strong><a href=\"http:\/\/omnivion.net\/core\/projets\/projets-artistiques\/fodo\/\">Feux Oranges d&rsquo;Ours II<\/a> <\/strong>: performance solo par Dimitri Tsiapkinis<\/li>\n<\/ul>\n<p>&nbsp;<\/p>\n<h1>2022<\/h1>\n<ul>\n<li><a href=\"https:\/\/omnivion.net\/core\/projets\/projets-artistiques\/newtopia-10\/\"><strong>Enterres-Encieux \/ Newtopia 10<\/strong><\/a> : performances &amp; expositions, par Dimitri Tsiapkinis et invit\u00e9s.<\/li>\n<li><strong><a href=\"https:\/\/omnivion.net\/core\/projets\/projets-artistiques\/judith\/\">Judith, le corps s\u00e9par\u00e9<\/a><\/strong> : performance th\u00e9\u00e2trale par le Collectif Morsures.<\/li>\n<\/ul>\n<p>&nbsp;<\/p>\n<h1>2021<\/h1>\n<ul>\n<li><a href=\"http:\/\/omnivion.net\/core\/projets\/projets-artistiques\/newtopia-9\/\"><strong>Corps Extatique \/ Newtopia 9<\/strong><\/a>\u00a0: performances &amp; expositions, par D.Tsiapkinis et invit\u00e9s.<\/li>\n<\/ul>\n<p>&nbsp;<\/p>\n<h1>2020<\/h1>\n<ul>\n<li><a href=\"http:\/\/omnivion.net\/core\/projets\/projets-artistiques\/newtopia-8\/\"><strong>Polarit\u00e9s &amp; Dissonances \/ Newtopia 8<\/strong><\/a>\u00a0: performances &amp; expositions, par D.Tsiapkinis et invit\u00e9s.<\/li>\n<\/ul>\n<p>&nbsp;<\/p>\n<h1>2019<\/h1>\n<ul>\n<li><a href=\"http:\/\/omnivion.net\/core\/projets\/projets-artistiques\/newtopia-7\/\"><strong>Newtopia 7<\/strong><\/a>\u00a0: performances &amp; expositions, par D.Tsiapkinis et invit\u00e9s.<\/li>\n<\/ul>\n<p>&nbsp;<\/p>\n<h1>2018<\/h1>\n<ul>\n<li><strong><a href=\"http:\/\/omnivion.net\/core\/projets\/projets-artistiques\/fodo\/\">Feux Oranges d&rsquo;Ours II<\/a> <\/strong>: performance solo par Dimitri Tsiapkinis<\/li>\n<li><a href=\"http:\/\/omnivion.net\/core\/projets\/projets-artistiques\/newtopia-6\/\"><strong>Newtopia 6<\/strong><\/a>\u00a0: performances dirig\u00e9s par D.Tsiapkinis et invit\u00e9s.<\/li>\n<\/ul>\n<p>&nbsp;<\/p>\n<h1>2017<\/h1>\n<ul>\n<li><a href=\"http:\/\/www.omnivion.net\/core\/projets\/projets-artistiques\/newtopia-4\/\"><strong>Newtopia 4<\/strong><\/a> : performances dirig\u00e9s par D.Tsiapkinis et invit\u00e9s.<\/li>\n<li><strong><a href=\"http:\/\/omnivion.net\/core\/projets\/projets-artistiques\/fodo\/\">Feux Oranges d&rsquo;Ours II<\/a> <\/strong>: performance solo par Dimitri Tsiapkinis<\/li>\n<li><a href=\"http:\/\/www.omnivion.net\/core\/projets\/projets-artistiques\/newtopia-5\/\"><strong>Newtopia 5<\/strong><\/a>\u00a0: performances dirig\u00e9s par D.Tsiapkinis et invit\u00e9s.<\/li>\n<\/ul>\n<p>&nbsp;<\/p>\n<h1>2016<\/h1>\n<ul>\n<li><a href=\"http:\/\/www.omnivion.net\/core\/projets\/projets-artistiques\/newtopia-4\/\"><strong>Newtopia 4<\/strong><\/a> : performances dirig\u00e9s par D.Tsiapkinis et invit\u00e9s.<\/li>\n<li><a href=\"http:\/\/www.omnivion.net\/core\/projets\/projets-artistiques\/newtopia-3\/\"><strong>Newtopia 3<\/strong><\/a> : performances et cr\u00e9ations dirig\u00e9s par D.Tsiapkinis et invit\u00e9s.<\/li>\n<\/ul>\n<p>&nbsp;<\/p>\n<h1>2015<\/h1>\n<ul>\n<li><strong><a title=\"La M\u00e9canique des B(ea\/i)ts\" href=\"http:\/\/www.omnivion.net\/core\/projets\/la-mecanique-des-beaits\/\">La M\u00e9canique des B(ea\/i)ts<\/a> :\u00a0<\/strong>performance par [PH] et Dimitri Tsiapkinis. (le 13 mars au festival de danse de Marrakech)<\/li>\n<li><a href=\"http:\/\/www.omnivion.net\/core\/projets\/projets-artistiques\/newtopia-3\/\"><strong>Newtopia 3<\/strong><\/a> : performances dirig\u00e9s par D.Tsiapkinis et invit\u00e9s.<\/li>\n<\/ul>\n<p>&nbsp;<\/p>\n<h1>2014<\/h1>\n<ul>\n<li><strong><a title=\"Newtopia 2.0\" href=\"http:\/\/www.omnivion.net\/core\/projets\/projets-artistiques\/newtopia-2-0\/\">Newtopia 2<\/a> :\u00a0<\/strong>performances-expo, le corps sensible en milieu psychiatrique \/ carte blanche \u00e0 Dimitri Tsiapkinis<\/li>\n<\/ul>\n<p>&nbsp;<\/p>\n<h1>2013<\/h1>\n<ul>\n<li><strong><a title=\"Les Appara\u00eetres \/ performance\" href=\"http:\/\/www.omnivion.net\/core\/projets\/projets-artistiques\/les-apparaitres-performance\/\">Les Appara\u00eetres<\/a><\/strong> : performance avec Dimitri Tsiapkinis<\/li>\n<li><strong><a title=\"Newtopia 1\" href=\"http:\/\/www.omnivion.net\/core\/projets\/projets-artistiques\/newtopia_1\/\">Newtopia 1<\/a>\u00a0:\u00a0<\/strong>performances-expo, carte blanche \u00e0 Dimitri Tsiapkinis<\/li>\n<\/ul>\n<p>&nbsp;<\/p>\n<h1>2012<\/h1>\n<ul>\n<li><strong><a title=\"La\" href=\"http:\/\/www.omnivion.net\/core\/projets\/projets-artistiques\/la_domestique\/\">La Domestique<\/a> : <\/strong>performance solo de Ahlam Ettamri<\/li>\n<li><strong><a href=\"http:\/\/www.omnivion.net\/core\/projets\/projets-artistiques\/age-dor\/\">Age d&rsquo;Or<\/a><\/strong>\u00a0:\u00a0performance solo de Dimitri Tsiapkinis<\/li>\n<li><strong><a href=\"http:\/\/www.omnivion.net\/core\/projets\/projets-artistiques\/03-2\/\">0,3<\/a>\u00a0:\u00a0<\/strong>performance de danse, mise en sc\u00e8ne par Dimitri Tsiapkinis<\/li>\n<\/ul>\n<p>&nbsp;<\/p>\n<h1>2010<\/h1>\n<ul>\n<li><strong><a href=\"http:\/\/www.omnivion.net\/core\/delirium-tremens-2010\/\">Delirium Tremens<\/a><\/strong>\u00a0:\u00a0performance solo de Dimitri Tsiapkinis<\/li>\n<li><strong><a href=\"http:\/\/www.omnivion.net\/core\/projets\/projets-artistiques\/trinity-2010\/\">Trinity<\/a> : <\/strong>performance philosophique, mise en sc\u00e8ne par Dimitri Tsiapkinis<br \/>\n<h3><\/h3>\n<h3><\/h3>\n<\/li>\n<\/ul>\n<p><\/p>","protected":false},"excerpt":{"rendered":"<p>&nbsp; Pour tous nos \u00e9v\u00e9nements actuels vous pouvez r\u00e9server ici :\u00a0RESERVATIONS &nbsp; 2026 [&hellip;]<\/p>\n","protected":false},"author":1,"featured_media":0,"parent":187,"menu_order":0,"comment_status":"open","ping_status":"closed","template":"","meta":{"jetpack_post_was_ever_published":false,"footnotes":""},"class_list":["post-60","page","type-page","status-publish","hentry"],"yoast_head":"<!-- This site is optimized with the Yoast SEO plugin v26.8 - https:\/\/yoast.com\/product\/yoast-seo-wordpress\/ -->\n<title>Projets Artistiques - omnivion.net<\/title>\n<meta name=\"robots\" content=\"index, follow, max-snippet:-1, max-image-preview:large, max-video-preview:-1\" \/>\n<link rel=\"canonical\" href=\"https:\/\/omnivion.net\/core\/fr\/projets\/projets-artistiques\/\" \/>\n<meta property=\"og:locale\" content=\"fr_FR\" \/>\n<meta property=\"og:type\" content=\"article\" \/>\n<meta property=\"og:title\" content=\"Projets Artistiques - omnivion.net\" \/>\n<meta property=\"og:description\" content=\"&nbsp; Pour tous nos \u00e9v\u00e9nements actuels vous pouvez r\u00e9server ici :\u00a0RESERVATIONS &nbsp; 2026 [&hellip;]\" \/>\n<meta property=\"og:url\" content=\"https:\/\/omnivion.net\/core\/fr\/projets\/projets-artistiques\/\" \/>\n<meta property=\"og:site_name\" content=\"omnivion.net\" \/>\n<meta property=\"article:modified_time\" content=\"2026-01-04T13:14:23+00:00\" \/>\n<meta property=\"og:image\" content=\"http:\/\/omnivion.net\/core\/wp-content\/uploads\/2016\/03\/DURET-BERNARD-42_news.jpg\" \/>\n<meta name=\"twitter:card\" content=\"summary_large_image\" \/>\n<meta name=\"twitter:label1\" content=\"Dur\u00e9e de lecture estim\u00e9e\" \/>\n\t<meta name=\"twitter:data1\" content=\"3 minutes\" \/>\n<script type=\"application\/ld+json\" class=\"yoast-schema-graph\">{\"@context\":\"https:\/\/schema.org\",\"@graph\":[{\"@type\":\"WebPage\",\"@id\":\"https:\/\/omnivion.net\/core\/fr\/projets\/projets-artistiques\/\",\"url\":\"https:\/\/omnivion.net\/core\/fr\/projets\/projets-artistiques\/\",\"name\":\"Projets Artistiques - omnivion.net\",\"isPartOf\":{\"@id\":\"https:\/\/omnivion.net\/core\/fr\/#website\"},\"primaryImageOfPage\":{\"@id\":\"https:\/\/omnivion.net\/core\/fr\/projets\/projets-artistiques\/#primaryimage\"},\"image\":{\"@id\":\"https:\/\/omnivion.net\/core\/fr\/projets\/projets-artistiques\/#primaryimage\"},\"thumbnailUrl\":\"http:\/\/omnivion.net\/core\/wp-content\/uploads\/2016\/03\/DURET-BERNARD-42_news.jpg\",\"datePublished\":\"2012-02-19T17:00:22+00:00\",\"dateModified\":\"2026-01-04T13:14:23+00:00\",\"breadcrumb\":{\"@id\":\"https:\/\/omnivion.net\/core\/fr\/projets\/projets-artistiques\/#breadcrumb\"},\"inLanguage\":\"fr-FR\",\"potentialAction\":[{\"@type\":\"ReadAction\",\"target\":[\"https:\/\/omnivion.net\/core\/fr\/projets\/projets-artistiques\/\"]}]},{\"@type\":\"ImageObject\",\"inLanguage\":\"fr-FR\",\"@id\":\"https:\/\/omnivion.net\/core\/fr\/projets\/projets-artistiques\/#primaryimage\",\"url\":\"http:\/\/omnivion.net\/core\/wp-content\/uploads\/2016\/03\/DURET-BERNARD-42_news.jpg\",\"contentUrl\":\"http:\/\/omnivion.net\/core\/wp-content\/uploads\/2016\/03\/DURET-BERNARD-42_news.jpg\"},{\"@type\":\"BreadcrumbList\",\"@id\":\"https:\/\/omnivion.net\/core\/fr\/projets\/projets-artistiques\/#breadcrumb\",\"itemListElement\":[{\"@type\":\"ListItem\",\"position\":1,\"name\":\"Accueil\",\"item\":\"https:\/\/omnivion.net\/core\/en\/silverstorm\/\"},{\"@type\":\"ListItem\",\"position\":2,\"name\":\"Projets\",\"item\":\"https:\/\/omnivion.net\/core\/fr\/projets\/\"},{\"@type\":\"ListItem\",\"position\":3,\"name\":\"Projets Artistiques\"}]},{\"@type\":\"WebSite\",\"@id\":\"https:\/\/omnivion.net\/core\/fr\/#website\",\"url\":\"https:\/\/omnivion.net\/core\/fr\/\",\"name\":\"omnivion.net\",\"description\":\"...ARTS D&#039;\u00caTRE CORPS...\",\"potentialAction\":[{\"@type\":\"SearchAction\",\"target\":{\"@type\":\"EntryPoint\",\"urlTemplate\":\"https:\/\/omnivion.net\/core\/fr\/?s={search_term_string}\"},\"query-input\":{\"@type\":\"PropertyValueSpecification\",\"valueRequired\":true,\"valueName\":\"search_term_string\"}}],\"inLanguage\":\"fr-FR\"}]}<\/script>\n<!-- \/ Yoast SEO plugin. -->","yoast_head_json":{"title":"Projets Artistiques - omnivion.net","robots":{"index":"index","follow":"follow","max-snippet":"max-snippet:-1","max-image-preview":"max-image-preview:large","max-video-preview":"max-video-preview:-1"},"canonical":"https:\/\/omnivion.net\/core\/fr\/projets\/projets-artistiques\/","og_locale":"fr_FR","og_type":"article","og_title":"Projets Artistiques - omnivion.net","og_description":"&nbsp; Pour tous nos \u00e9v\u00e9nements actuels vous pouvez r\u00e9server ici :\u00a0RESERVATIONS &nbsp; 2026 [&hellip;]","og_url":"https:\/\/omnivion.net\/core\/fr\/projets\/projets-artistiques\/","og_site_name":"omnivion.net","article_modified_time":"2026-01-04T13:14:23+00:00","og_image":[{"url":"http:\/\/omnivion.net\/core\/wp-content\/uploads\/2016\/03\/DURET-BERNARD-42_news.jpg","type":"","width":"","height":""}],"twitter_card":"summary_large_image","twitter_misc":{"Dur\u00e9e de lecture estim\u00e9e":"3 minutes"},"schema":{"@context":"https:\/\/schema.org","@graph":[{"@type":"WebPage","@id":"https:\/\/omnivion.net\/core\/fr\/projets\/projets-artistiques\/","url":"https:\/\/omnivion.net\/core\/fr\/projets\/projets-artistiques\/","name":"Projets Artistiques - omnivion.net","isPartOf":{"@id":"https:\/\/omnivion.net\/core\/fr\/#website"},"primaryImageOfPage":{"@id":"https:\/\/omnivion.net\/core\/fr\/projets\/projets-artistiques\/#primaryimage"},"image":{"@id":"https:\/\/omnivion.net\/core\/fr\/projets\/projets-artistiques\/#primaryimage"},"thumbnailUrl":"http:\/\/omnivion.net\/core\/wp-content\/uploads\/2016\/03\/DURET-BERNARD-42_news.jpg","datePublished":"2012-02-19T17:00:22+00:00","dateModified":"2026-01-04T13:14:23+00:00","breadcrumb":{"@id":"https:\/\/omnivion.net\/core\/fr\/projets\/projets-artistiques\/#breadcrumb"},"inLanguage":"fr-FR","potentialAction":[{"@type":"ReadAction","target":["https:\/\/omnivion.net\/core\/fr\/projets\/projets-artistiques\/"]}]},{"@type":"ImageObject","inLanguage":"fr-FR","@id":"https:\/\/omnivion.net\/core\/fr\/projets\/projets-artistiques\/#primaryimage","url":"http:\/\/omnivion.net\/core\/wp-content\/uploads\/2016\/03\/DURET-BERNARD-42_news.jpg","contentUrl":"http:\/\/omnivion.net\/core\/wp-content\/uploads\/2016\/03\/DURET-BERNARD-42_news.jpg"},{"@type":"BreadcrumbList","@id":"https:\/\/omnivion.net\/core\/fr\/projets\/projets-artistiques\/#breadcrumb","itemListElement":[{"@type":"ListItem","position":1,"name":"Accueil","item":"https:\/\/omnivion.net\/core\/en\/silverstorm\/"},{"@type":"ListItem","position":2,"name":"Projets","item":"https:\/\/omnivion.net\/core\/fr\/projets\/"},{"@type":"ListItem","position":3,"name":"Projets Artistiques"}]},{"@type":"WebSite","@id":"https:\/\/omnivion.net\/core\/fr\/#website","url":"https:\/\/omnivion.net\/core\/fr\/","name":"omnivion.net","description":"...ARTS D&#039;\u00caTRE CORPS...","potentialAction":[{"@type":"SearchAction","target":{"@type":"EntryPoint","urlTemplate":"https:\/\/omnivion.net\/core\/fr\/?s={search_term_string}"},"query-input":{"@type":"PropertyValueSpecification","valueRequired":true,"valueName":"search_term_string"}}],"inLanguage":"fr-FR"}]}},"jetpack_sharing_enabled":true,"jetpack_shortlink":"https:\/\/wp.me\/P2fe7Q-Y","jetpack_likes_enabled":true,"_links":{"self":[{"href":"https:\/\/omnivion.net\/core\/fr\/wp-json\/wp\/v2\/pages\/60","targetHints":{"allow":["GET"]}}],"collection":[{"href":"https:\/\/omnivion.net\/core\/fr\/wp-json\/wp\/v2\/pages"}],"about":[{"href":"https:\/\/omnivion.net\/core\/fr\/wp-json\/wp\/v2\/types\/page"}],"author":[{"embeddable":true,"href":"https:\/\/omnivion.net\/core\/fr\/wp-json\/wp\/v2\/users\/1"}],"replies":[{"embeddable":true,"href":"https:\/\/omnivion.net\/core\/fr\/wp-json\/wp\/v2\/comments?post=60"}],"version-history":[{"count":87,"href":"https:\/\/omnivion.net\/core\/fr\/wp-json\/wp\/v2\/pages\/60\/revisions"}],"predecessor-version":[{"id":5893,"href":"https:\/\/omnivion.net\/core\/fr\/wp-json\/wp\/v2\/pages\/60\/revisions\/5893"}],"up":[{"embeddable":true,"href":"https:\/\/omnivion.net\/core\/fr\/wp-json\/wp\/v2\/pages\/187"}],"wp:attachment":[{"href":"https:\/\/omnivion.net\/core\/fr\/wp-json\/wp\/v2\/media?parent=60"}],"curies":[{"name":"wp","href":"https:\/\/api.w.org\/{rel}","templated":true}]}}