{"id":585,"date":"2013-02-16T17:38:41","date_gmt":"2013-02-16T16:38:41","guid":{"rendered":"http:\/\/www.omnivion.net\/core\/?page_id=585"},"modified":"2016-02-24T13:39:50","modified_gmt":"2016-02-24T12:39:50","slug":"03-2","status":"publish","type":"page","link":"https:\/\/omnivion.net\/core\/fr\/projets\/projets-artistiques\/03-2\/","title":{"rendered":"0,3"},"content":{"rendered":"<p><img data-recalc-dims=\"1\" loading=\"lazy\" decoding=\"async\" class=\"alignnone size-full wp-image-586\" title=\"2012-03-23_Omnivion_0,3_R\u00e9p\u00e9titions_14b_light\" src=\"https:\/\/i0.wp.com\/www.omnivion.net\/core\/wp-content\/uploads\/2013\/02\/2012-03-23_Omnivion_03_R%C3%A9p%C3%A9titions_14b_light.jpg?resize=800%2C370\" alt=\"\" width=\"800\" height=\"370\" srcset=\"https:\/\/i0.wp.com\/omnivion.net\/core\/wp-content\/uploads\/2013\/02\/2012-03-23_Omnivion_03_R%C3%A9p%C3%A9titions_14b_light.jpg?w=800&amp;ssl=1 800w, https:\/\/i0.wp.com\/omnivion.net\/core\/wp-content\/uploads\/2013\/02\/2012-03-23_Omnivion_03_R%C3%A9p%C3%A9titions_14b_light.jpg?resize=300%2C138&amp;ssl=1 300w\" sizes=\"auto, (max-width: 800px) 100vw, 800px\" \/><\/p>\n<p style=\"text-align: left;\" align=\"center\"><em><strong>0,3<\/strong><\/em>\u00a0est une collaboration entre danseurs, patients en psychiatrie et soignants.<br \/>\nC&rsquo;est un des r\u00e9sultats du projet p\u00e9dagogique <strong>Indigo<\/strong> avec 4 cliniques psychiatriques d\u2019Indre et Loire :<br \/>\nCPTS Psychiatrie A &amp; B, CHRU Bretonneau, et Service de Psychiatrie du CHIC Amboise-Ch\u00e2teau Renault.<\/p>\n<p style=\"text-align: left;\" align=\"center\">Chor\u00e9graphie : Dimitri Tsiapkinis<br \/>\nDanse : Karine Bonneau, \u00c9milie Coud\u00e8re, Paul Jolit, Bruno Morin<br \/>\nPo\u00e9sie : Paul Jolit<br \/>\nDur\u00e9e : 20 min<\/p>\n<p style=\"text-align: left;\" align=\"center\"><strong>Contenu<\/strong> :<br \/>\nUn collage de po\u00e9sies gestuelles et textuelles inspir\u00e9s des propositions des danseurs de l\u2019atelier Indigo.<\/p>\n<p style=\"text-align: left;\" align=\"center\">0,3 a \u00e9t\u00e9\u00a0pr\u00e9sent\u00e9 dans le cadre de Handidanse \/ Quatre.com1, organis\u00e9 par la compagnie G\u00e9n\u00e9ration Danse<br \/>\net la Mairie de Monts, le 15 Avril 2012 \u00e0 17H.<\/p>\n<p style=\"text-align: left;\" align=\"center\">\n<p><\/p>","protected":false},"excerpt":{"rendered":"<p>0,3\u00a0est une collaboration entre danseurs, patients en psychiatrie et soignants. C&rsquo;est un des [&hellip;]<\/p>\n","protected":false},"author":1,"featured_media":0,"parent":60,"menu_order":5,"comment_status":"closed","ping_status":"closed","template":"","meta":{"jetpack_post_was_ever_published":false,"footnotes":""},"class_list":["post-585","page","type-page","status-publish","hentry"],"yoast_head":"<!-- This site is optimized with the Yoast SEO plugin v26.8 - https:\/\/yoast.com\/product\/yoast-seo-wordpress\/ -->\n<title>0,3 - omnivion.net<\/title>\n<meta name=\"robots\" content=\"index, follow, max-snippet:-1, max-image-preview:large, max-video-preview:-1\" \/>\n<link rel=\"canonical\" href=\"https:\/\/omnivion.net\/core\/fr\/projets\/projets-artistiques\/03-2\/\" \/>\n<meta property=\"og:locale\" content=\"fr_FR\" \/>\n<meta property=\"og:type\" content=\"article\" \/>\n<meta property=\"og:title\" content=\"0,3 - omnivion.net\" \/>\n<meta property=\"og:description\" content=\"0,3\u00a0est une collaboration entre danseurs, patients en psychiatrie et soignants. C&rsquo;est un des [&hellip;]\" \/>\n<meta property=\"og:url\" content=\"https:\/\/omnivion.net\/core\/fr\/projets\/projets-artistiques\/03-2\/\" \/>\n<meta property=\"og:site_name\" content=\"omnivion.net\" \/>\n<meta property=\"article:modified_time\" content=\"2016-02-24T12:39:50+00:00\" \/>\n<meta name=\"twitter:card\" content=\"summary_large_image\" \/>\n<meta name=\"twitter:label1\" content=\"Dur\u00e9e de lecture estim\u00e9e\" \/>\n\t<meta name=\"twitter:data1\" content=\"1 minute\" \/>\n<script type=\"application\/ld+json\" class=\"yoast-schema-graph\">{\"@context\":\"https:\/\/schema.org\",\"@graph\":[{\"@type\":\"WebPage\",\"@id\":\"https:\/\/omnivion.net\/core\/fr\/projets\/projets-artistiques\/03-2\/\",\"url\":\"https:\/\/omnivion.net\/core\/fr\/projets\/projets-artistiques\/03-2\/\",\"name\":\"0,3 - omnivion.net\",\"isPartOf\":{\"@id\":\"https:\/\/omnivion.net\/core\/fr\/#website\"},\"datePublished\":\"2013-02-16T16:38:41+00:00\",\"dateModified\":\"2016-02-24T12:39:50+00:00\",\"breadcrumb\":{\"@id\":\"https:\/\/omnivion.net\/core\/fr\/projets\/projets-artistiques\/03-2\/#breadcrumb\"},\"inLanguage\":\"fr-FR\",\"potentialAction\":[{\"@type\":\"ReadAction\",\"target\":[\"https:\/\/omnivion.net\/core\/fr\/projets\/projets-artistiques\/03-2\/\"]}]},{\"@type\":\"BreadcrumbList\",\"@id\":\"https:\/\/omnivion.net\/core\/fr\/projets\/projets-artistiques\/03-2\/#breadcrumb\",\"itemListElement\":[{\"@type\":\"ListItem\",\"position\":1,\"name\":\"Accueil\",\"item\":\"https:\/\/omnivion.net\/core\/en\/silverstorm\/\"},{\"@type\":\"ListItem\",\"position\":2,\"name\":\"Projets\",\"item\":\"https:\/\/omnivion.net\/core\/fr\/projets\/\"},{\"@type\":\"ListItem\",\"position\":3,\"name\":\"Projets Artistiques\",\"item\":\"https:\/\/omnivion.net\/core\/projets\/projets-artistiques\/\"},{\"@type\":\"ListItem\",\"position\":4,\"name\":\"0,3\"}]},{\"@type\":\"WebSite\",\"@id\":\"https:\/\/omnivion.net\/core\/fr\/#website\",\"url\":\"https:\/\/omnivion.net\/core\/fr\/\",\"name\":\"omnivion.net\",\"description\":\"...ARTS D&#039;\u00caTRE CORPS...\",\"potentialAction\":[{\"@type\":\"SearchAction\",\"target\":{\"@type\":\"EntryPoint\",\"urlTemplate\":\"https:\/\/omnivion.net\/core\/fr\/?s={search_term_string}\"},\"query-input\":{\"@type\":\"PropertyValueSpecification\",\"valueRequired\":true,\"valueName\":\"search_term_string\"}}],\"inLanguage\":\"fr-FR\"}]}<\/script>\n<!-- \/ Yoast SEO plugin. -->","yoast_head_json":{"title":"0,3 - omnivion.net","robots":{"index":"index","follow":"follow","max-snippet":"max-snippet:-1","max-image-preview":"max-image-preview:large","max-video-preview":"max-video-preview:-1"},"canonical":"https:\/\/omnivion.net\/core\/fr\/projets\/projets-artistiques\/03-2\/","og_locale":"fr_FR","og_type":"article","og_title":"0,3 - omnivion.net","og_description":"0,3\u00a0est une collaboration entre danseurs, patients en psychiatrie et soignants. C&rsquo;est un des [&hellip;]","og_url":"https:\/\/omnivion.net\/core\/fr\/projets\/projets-artistiques\/03-2\/","og_site_name":"omnivion.net","article_modified_time":"2016-02-24T12:39:50+00:00","twitter_card":"summary_large_image","twitter_misc":{"Dur\u00e9e de lecture estim\u00e9e":"1 minute"},"schema":{"@context":"https:\/\/schema.org","@graph":[{"@type":"WebPage","@id":"https:\/\/omnivion.net\/core\/fr\/projets\/projets-artistiques\/03-2\/","url":"https:\/\/omnivion.net\/core\/fr\/projets\/projets-artistiques\/03-2\/","name":"0,3 - omnivion.net","isPartOf":{"@id":"https:\/\/omnivion.net\/core\/fr\/#website"},"datePublished":"2013-02-16T16:38:41+00:00","dateModified":"2016-02-24T12:39:50+00:00","breadcrumb":{"@id":"https:\/\/omnivion.net\/core\/fr\/projets\/projets-artistiques\/03-2\/#breadcrumb"},"inLanguage":"fr-FR","potentialAction":[{"@type":"ReadAction","target":["https:\/\/omnivion.net\/core\/fr\/projets\/projets-artistiques\/03-2\/"]}]},{"@type":"BreadcrumbList","@id":"https:\/\/omnivion.net\/core\/fr\/projets\/projets-artistiques\/03-2\/#breadcrumb","itemListElement":[{"@type":"ListItem","position":1,"name":"Accueil","item":"https:\/\/omnivion.net\/core\/en\/silverstorm\/"},{"@type":"ListItem","position":2,"name":"Projets","item":"https:\/\/omnivion.net\/core\/fr\/projets\/"},{"@type":"ListItem","position":3,"name":"Projets Artistiques","item":"https:\/\/omnivion.net\/core\/projets\/projets-artistiques\/"},{"@type":"ListItem","position":4,"name":"0,3"}]},{"@type":"WebSite","@id":"https:\/\/omnivion.net\/core\/fr\/#website","url":"https:\/\/omnivion.net\/core\/fr\/","name":"omnivion.net","description":"...ARTS D&#039;\u00caTRE CORPS...","potentialAction":[{"@type":"SearchAction","target":{"@type":"EntryPoint","urlTemplate":"https:\/\/omnivion.net\/core\/fr\/?s={search_term_string}"},"query-input":{"@type":"PropertyValueSpecification","valueRequired":true,"valueName":"search_term_string"}}],"inLanguage":"fr-FR"}]}},"jetpack_sharing_enabled":true,"jetpack_shortlink":"https:\/\/wp.me\/P2fe7Q-9r","jetpack_likes_enabled":true,"_links":{"self":[{"href":"https:\/\/omnivion.net\/core\/fr\/wp-json\/wp\/v2\/pages\/585","targetHints":{"allow":["GET"]}}],"collection":[{"href":"https:\/\/omnivion.net\/core\/fr\/wp-json\/wp\/v2\/pages"}],"about":[{"href":"https:\/\/omnivion.net\/core\/fr\/wp-json\/wp\/v2\/types\/page"}],"author":[{"embeddable":true,"href":"https:\/\/omnivion.net\/core\/fr\/wp-json\/wp\/v2\/users\/1"}],"replies":[{"embeddable":true,"href":"https:\/\/omnivion.net\/core\/fr\/wp-json\/wp\/v2\/comments?post=585"}],"version-history":[{"count":3,"href":"https:\/\/omnivion.net\/core\/fr\/wp-json\/wp\/v2\/pages\/585\/revisions"}],"predecessor-version":[{"id":1629,"href":"https:\/\/omnivion.net\/core\/fr\/wp-json\/wp\/v2\/pages\/585\/revisions\/1629"}],"up":[{"embeddable":true,"href":"https:\/\/omnivion.net\/core\/fr\/wp-json\/wp\/v2\/pages\/60"}],"wp:attachment":[{"href":"https:\/\/omnivion.net\/core\/fr\/wp-json\/wp\/v2\/media?parent=585"}],"curies":[{"name":"wp","href":"https:\/\/api.w.org\/{rel}","templated":true}]}}