{"id":5820,"date":"2025-10-14T13:20:54","date_gmt":"2025-10-14T12:20:54","guid":{"rendered":"https:\/\/omnivion.net\/core\/?page_id=5820"},"modified":"2026-01-04T14:25:38","modified_gmt":"2026-01-04T13:25:38","slug":"12-5_b","status":"publish","type":"page","link":"https:\/\/omnivion.net\/core\/fr\/projets\/projets-artistiques\/newt12\/12-5_b\/","title":{"rendered":"Newtopia 12.5 (2024) \/ Performance Gr\u00e8ce"},"content":{"rendered":"<p><img data-recalc-dims=\"1\" loading=\"lazy\" decoding=\"async\" class=\"alignnone size-large wp-image-5823\" src=\"https:\/\/i0.wp.com\/omnivion.net\/core\/wp-content\/uploads\/2025\/10\/2024-08-21_Newtopia_12_Repetition_publique_Nikiti_02_web.jpg?resize=800%2C360&#038;ssl=1\" alt=\"\" width=\"800\" height=\"360\" srcset=\"https:\/\/i0.wp.com\/omnivion.net\/core\/wp-content\/uploads\/2025\/10\/2024-08-21_Newtopia_12_Repetition_publique_Nikiti_02_web.jpg?resize=1024%2C461&amp;ssl=1 1024w, https:\/\/i0.wp.com\/omnivion.net\/core\/wp-content\/uploads\/2025\/10\/2024-08-21_Newtopia_12_Repetition_publique_Nikiti_02_web.jpg?resize=300%2C135&amp;ssl=1 300w, https:\/\/i0.wp.com\/omnivion.net\/core\/wp-content\/uploads\/2025\/10\/2024-08-21_Newtopia_12_Repetition_publique_Nikiti_02_web.jpg?resize=768%2C346&amp;ssl=1 768w, https:\/\/i0.wp.com\/omnivion.net\/core\/wp-content\/uploads\/2025\/10\/2024-08-21_Newtopia_12_Repetition_publique_Nikiti_02_web.jpg?w=1500&amp;ssl=1 1500w\" sizes=\"auto, (max-width: 800px) 100vw, 800px\" \/><\/p>\n<p><strong>R\u00e9p\u00e9tition publique \/ performance avec des mati\u00e8res de la cr\u00e9ation Se Faire Un? Des? Films&#8230;\/Newtopia 12.5, le 21 ao\u00fbt 2024, \u00e0 la Gall\u00e9rie Municipale de Nikiti, Mac\u00e9doine Centrale, Gr\u00e8ce (63088).<\/strong><\/p>\n<div><\/div>\n<div>Un duo explosif et m\u00e9ditatif en dialogue avec les \u0153uvres de peinture, pendant l&rsquo;exposition du peintre Giorgos Kordis.<\/div>\n<div><\/div>\n<div>Improvisation de danse contemporaine : Despina Kapoulitsa, Dimitri Tsiapkinis<\/div>\n<div>Photos de la performance : <a href=\"https:\/\/flic.kr\/s\/aHBqjBHy67\">https:\/\/flic.kr\/s\/aHBqjBHy67<\/a><\/div>\n<div><\/div>\n<div><strong>Info sur Newtopia 12 :<\/strong>\u00a0<a href=\"https:\/\/omnivion.net\/core\/projets\/projets-artistiques\/newt12\/\"><strong>omnivion.net\/core\/newt12<\/strong><\/a><\/div>\n<div><\/div>\n<div><\/div>\n<div>Avec le soutien de Michael Moustakas et la commune de Nikiti \/ Gr\u00e8ce.<\/div>\n<div><\/div>\n<div>\n<p><strong>PARTENAIRES ET FINANCEMENT :<\/strong><strong>DRAC Centre, Ville de Tours, Ville de La Riche\/ La Pl\u00e9iade, Fonds de dotation Transept2, CHU de Tours, P\u00f4le de sant\u00e9 la Confluence, IME de Reugny, APAJH37, Magazine Trakt, Centre Social la Rabi\u00e8re, Centre Social Plurielles, Commune de Nikiti \/ Gr\u00e8ce.<\/strong><\/p>\n<\/div>\n<p><\/p>","protected":false},"excerpt":{"rendered":"<p>R\u00e9p\u00e9tition publique \/ performance avec des mati\u00e8res de la cr\u00e9ation Se Faire Un? [&hellip;]<\/p>\n","protected":false},"author":1,"featured_media":0,"parent":5212,"menu_order":0,"comment_status":"closed","ping_status":"closed","template":"","meta":{"jetpack_post_was_ever_published":false,"footnotes":""},"class_list":["post-5820","page","type-page","status-publish","hentry"],"yoast_head":"<!-- This site is optimized with the Yoast SEO plugin v26.8 - https:\/\/yoast.com\/product\/yoast-seo-wordpress\/ -->\n<title>Newtopia 12.5 (2024) \/ Performance Gr\u00e8ce - omnivion.net<\/title>\n<meta name=\"robots\" content=\"index, follow, max-snippet:-1, max-image-preview:large, max-video-preview:-1\" \/>\n<link rel=\"canonical\" href=\"https:\/\/omnivion.net\/core\/fr\/projets\/projets-artistiques\/newt12\/12-5_b\/\" \/>\n<meta property=\"og:locale\" content=\"fr_FR\" \/>\n<meta property=\"og:type\" content=\"article\" \/>\n<meta property=\"og:title\" content=\"Newtopia 12.5 (2024) \/ Performance Gr\u00e8ce - omnivion.net\" \/>\n<meta property=\"og:description\" content=\"R\u00e9p\u00e9tition publique \/ performance avec des mati\u00e8res de la cr\u00e9ation Se Faire Un? [&hellip;]\" \/>\n<meta property=\"og:url\" content=\"https:\/\/omnivion.net\/core\/fr\/projets\/projets-artistiques\/newt12\/12-5_b\/\" \/>\n<meta property=\"og:site_name\" content=\"omnivion.net\" \/>\n<meta property=\"article:modified_time\" content=\"2026-01-04T13:25:38+00:00\" \/>\n<meta property=\"og:image\" content=\"https:\/\/omnivion.net\/core\/wp-content\/uploads\/2025\/10\/2024-08-21_Newtopia_12_Repetition_publique_Nikiti_02_web-1024x461.jpg\" \/>\n<meta name=\"twitter:card\" content=\"summary_large_image\" \/>\n<meta name=\"twitter:label1\" content=\"Dur\u00e9e de lecture estim\u00e9e\" \/>\n\t<meta name=\"twitter:data1\" content=\"1 minute\" \/>\n<script type=\"application\/ld+json\" class=\"yoast-schema-graph\">{\"@context\":\"https:\/\/schema.org\",\"@graph\":[{\"@type\":\"WebPage\",\"@id\":\"https:\/\/omnivion.net\/core\/fr\/projets\/projets-artistiques\/newt12\/12-5_b\/\",\"url\":\"https:\/\/omnivion.net\/core\/fr\/projets\/projets-artistiques\/newt12\/12-5_b\/\",\"name\":\"Newtopia 12.5 (2024) \/ Performance Gr\u00e8ce - omnivion.net\",\"isPartOf\":{\"@id\":\"https:\/\/omnivion.net\/core\/fr\/#website\"},\"primaryImageOfPage\":{\"@id\":\"https:\/\/omnivion.net\/core\/fr\/projets\/projets-artistiques\/newt12\/12-5_b\/#primaryimage\"},\"image\":{\"@id\":\"https:\/\/omnivion.net\/core\/fr\/projets\/projets-artistiques\/newt12\/12-5_b\/#primaryimage\"},\"thumbnailUrl\":\"https:\/\/omnivion.net\/core\/wp-content\/uploads\/2025\/10\/2024-08-21_Newtopia_12_Repetition_publique_Nikiti_02_web-1024x461.jpg\",\"datePublished\":\"2025-10-14T12:20:54+00:00\",\"dateModified\":\"2026-01-04T13:25:38+00:00\",\"breadcrumb\":{\"@id\":\"https:\/\/omnivion.net\/core\/fr\/projets\/projets-artistiques\/newt12\/12-5_b\/#breadcrumb\"},\"inLanguage\":\"fr-FR\",\"potentialAction\":[{\"@type\":\"ReadAction\",\"target\":[\"https:\/\/omnivion.net\/core\/fr\/projets\/projets-artistiques\/newt12\/12-5_b\/\"]}]},{\"@type\":\"ImageObject\",\"inLanguage\":\"fr-FR\",\"@id\":\"https:\/\/omnivion.net\/core\/fr\/projets\/projets-artistiques\/newt12\/12-5_b\/#primaryimage\",\"url\":\"https:\/\/omnivion.net\/core\/wp-content\/uploads\/2025\/10\/2024-08-21_Newtopia_12_Repetition_publique_Nikiti_02_web-1024x461.jpg\",\"contentUrl\":\"https:\/\/omnivion.net\/core\/wp-content\/uploads\/2025\/10\/2024-08-21_Newtopia_12_Repetition_publique_Nikiti_02_web-1024x461.jpg\"},{\"@type\":\"BreadcrumbList\",\"@id\":\"https:\/\/omnivion.net\/core\/fr\/projets\/projets-artistiques\/newt12\/12-5_b\/#breadcrumb\",\"itemListElement\":[{\"@type\":\"ListItem\",\"position\":1,\"name\":\"Accueil\",\"item\":\"https:\/\/omnivion.net\/core\/en\/silverstorm\/\"},{\"@type\":\"ListItem\",\"position\":2,\"name\":\"Projets\",\"item\":\"https:\/\/omnivion.net\/core\/fr\/projets\/\"},{\"@type\":\"ListItem\",\"position\":3,\"name\":\"Projets Artistiques\",\"item\":\"https:\/\/omnivion.net\/core\/projets\/projets-artistiques\/\"},{\"@type\":\"ListItem\",\"position\":4,\"name\":\"Projections Oniriques \/ Newtopia 12\",\"item\":\"https:\/\/omnivion.net\/core\/projets\/projets-artistiques\/newt12\/\"},{\"@type\":\"ListItem\",\"position\":5,\"name\":\"Newtopia 12.5 (2024) \/ Performance Gr\u00e8ce\"}]},{\"@type\":\"WebSite\",\"@id\":\"https:\/\/omnivion.net\/core\/fr\/#website\",\"url\":\"https:\/\/omnivion.net\/core\/fr\/\",\"name\":\"omnivion.net\",\"description\":\"...ARTS D&#039;\u00caTRE CORPS...\",\"potentialAction\":[{\"@type\":\"SearchAction\",\"target\":{\"@type\":\"EntryPoint\",\"urlTemplate\":\"https:\/\/omnivion.net\/core\/fr\/?s={search_term_string}\"},\"query-input\":{\"@type\":\"PropertyValueSpecification\",\"valueRequired\":true,\"valueName\":\"search_term_string\"}}],\"inLanguage\":\"fr-FR\"}]}<\/script>\n<!-- \/ Yoast SEO plugin. -->","yoast_head_json":{"title":"Newtopia 12.5 (2024) \/ Performance Gr\u00e8ce - omnivion.net","robots":{"index":"index","follow":"follow","max-snippet":"max-snippet:-1","max-image-preview":"max-image-preview:large","max-video-preview":"max-video-preview:-1"},"canonical":"https:\/\/omnivion.net\/core\/fr\/projets\/projets-artistiques\/newt12\/12-5_b\/","og_locale":"fr_FR","og_type":"article","og_title":"Newtopia 12.5 (2024) \/ Performance Gr\u00e8ce - omnivion.net","og_description":"R\u00e9p\u00e9tition publique \/ performance avec des mati\u00e8res de la cr\u00e9ation Se Faire Un? [&hellip;]","og_url":"https:\/\/omnivion.net\/core\/fr\/projets\/projets-artistiques\/newt12\/12-5_b\/","og_site_name":"omnivion.net","article_modified_time":"2026-01-04T13:25:38+00:00","og_image":[{"url":"https:\/\/omnivion.net\/core\/wp-content\/uploads\/2025\/10\/2024-08-21_Newtopia_12_Repetition_publique_Nikiti_02_web-1024x461.jpg","type":"","width":"","height":""}],"twitter_card":"summary_large_image","twitter_misc":{"Dur\u00e9e de lecture estim\u00e9e":"1 minute"},"schema":{"@context":"https:\/\/schema.org","@graph":[{"@type":"WebPage","@id":"https:\/\/omnivion.net\/core\/fr\/projets\/projets-artistiques\/newt12\/12-5_b\/","url":"https:\/\/omnivion.net\/core\/fr\/projets\/projets-artistiques\/newt12\/12-5_b\/","name":"Newtopia 12.5 (2024) \/ Performance Gr\u00e8ce - omnivion.net","isPartOf":{"@id":"https:\/\/omnivion.net\/core\/fr\/#website"},"primaryImageOfPage":{"@id":"https:\/\/omnivion.net\/core\/fr\/projets\/projets-artistiques\/newt12\/12-5_b\/#primaryimage"},"image":{"@id":"https:\/\/omnivion.net\/core\/fr\/projets\/projets-artistiques\/newt12\/12-5_b\/#primaryimage"},"thumbnailUrl":"https:\/\/omnivion.net\/core\/wp-content\/uploads\/2025\/10\/2024-08-21_Newtopia_12_Repetition_publique_Nikiti_02_web-1024x461.jpg","datePublished":"2025-10-14T12:20:54+00:00","dateModified":"2026-01-04T13:25:38+00:00","breadcrumb":{"@id":"https:\/\/omnivion.net\/core\/fr\/projets\/projets-artistiques\/newt12\/12-5_b\/#breadcrumb"},"inLanguage":"fr-FR","potentialAction":[{"@type":"ReadAction","target":["https:\/\/omnivion.net\/core\/fr\/projets\/projets-artistiques\/newt12\/12-5_b\/"]}]},{"@type":"ImageObject","inLanguage":"fr-FR","@id":"https:\/\/omnivion.net\/core\/fr\/projets\/projets-artistiques\/newt12\/12-5_b\/#primaryimage","url":"https:\/\/omnivion.net\/core\/wp-content\/uploads\/2025\/10\/2024-08-21_Newtopia_12_Repetition_publique_Nikiti_02_web-1024x461.jpg","contentUrl":"https:\/\/omnivion.net\/core\/wp-content\/uploads\/2025\/10\/2024-08-21_Newtopia_12_Repetition_publique_Nikiti_02_web-1024x461.jpg"},{"@type":"BreadcrumbList","@id":"https:\/\/omnivion.net\/core\/fr\/projets\/projets-artistiques\/newt12\/12-5_b\/#breadcrumb","itemListElement":[{"@type":"ListItem","position":1,"name":"Accueil","item":"https:\/\/omnivion.net\/core\/en\/silverstorm\/"},{"@type":"ListItem","position":2,"name":"Projets","item":"https:\/\/omnivion.net\/core\/fr\/projets\/"},{"@type":"ListItem","position":3,"name":"Projets Artistiques","item":"https:\/\/omnivion.net\/core\/projets\/projets-artistiques\/"},{"@type":"ListItem","position":4,"name":"Projections Oniriques \/ Newtopia 12","item":"https:\/\/omnivion.net\/core\/projets\/projets-artistiques\/newt12\/"},{"@type":"ListItem","position":5,"name":"Newtopia 12.5 (2024) \/ Performance Gr\u00e8ce"}]},{"@type":"WebSite","@id":"https:\/\/omnivion.net\/core\/fr\/#website","url":"https:\/\/omnivion.net\/core\/fr\/","name":"omnivion.net","description":"...ARTS D&#039;\u00caTRE CORPS...","potentialAction":[{"@type":"SearchAction","target":{"@type":"EntryPoint","urlTemplate":"https:\/\/omnivion.net\/core\/fr\/?s={search_term_string}"},"query-input":{"@type":"PropertyValueSpecification","valueRequired":true,"valueName":"search_term_string"}}],"inLanguage":"fr-FR"}]}},"jetpack_sharing_enabled":true,"jetpack_shortlink":"https:\/\/wp.me\/P2fe7Q-1vS","jetpack_likes_enabled":true,"_links":{"self":[{"href":"https:\/\/omnivion.net\/core\/fr\/wp-json\/wp\/v2\/pages\/5820","targetHints":{"allow":["GET"]}}],"collection":[{"href":"https:\/\/omnivion.net\/core\/fr\/wp-json\/wp\/v2\/pages"}],"about":[{"href":"https:\/\/omnivion.net\/core\/fr\/wp-json\/wp\/v2\/types\/page"}],"author":[{"embeddable":true,"href":"https:\/\/omnivion.net\/core\/fr\/wp-json\/wp\/v2\/users\/1"}],"replies":[{"embeddable":true,"href":"https:\/\/omnivion.net\/core\/fr\/wp-json\/wp\/v2\/comments?post=5820"}],"version-history":[{"count":8,"href":"https:\/\/omnivion.net\/core\/fr\/wp-json\/wp\/v2\/pages\/5820\/revisions"}],"predecessor-version":[{"id":5894,"href":"https:\/\/omnivion.net\/core\/fr\/wp-json\/wp\/v2\/pages\/5820\/revisions\/5894"}],"up":[{"embeddable":true,"href":"https:\/\/omnivion.net\/core\/fr\/wp-json\/wp\/v2\/pages\/5212"}],"wp:attachment":[{"href":"https:\/\/omnivion.net\/core\/fr\/wp-json\/wp\/v2\/media?parent=5820"}],"curies":[{"name":"wp","href":"https:\/\/api.w.org\/{rel}","templated":true}]}}