{"id":5807,"date":"2025-10-14T12:28:47","date_gmt":"2025-10-14T11:28:47","guid":{"rendered":"https:\/\/omnivion.net\/core\/?page_id=5807"},"modified":"2025-12-22T12:59:30","modified_gmt":"2025-12-22T11:59:30","slug":"minotaure","status":"publish","type":"page","link":"https:\/\/omnivion.net\/core\/fr\/projets\/projets-artistiques\/kronos-ou-chronos\/minotaure\/","title":{"rendered":"Minotaure \/ Newtopia 13.4 (2025) \/ Kronos ou Chronos"},"content":{"rendered":"<p><img data-recalc-dims=\"1\" loading=\"lazy\" decoding=\"async\" class=\"alignnone size-full wp-image-5808\" src=\"https:\/\/i0.wp.com\/omnivion.net\/core\/wp-content\/uploads\/2025\/10\/2025-08-22_Performance_NEWT13_Minotaure_002_web.jpg?resize=1200%2C605&#038;ssl=1\" alt=\"\" width=\"1200\" height=\"605\" srcset=\"https:\/\/i0.wp.com\/omnivion.net\/core\/wp-content\/uploads\/2025\/10\/2025-08-22_Performance_NEWT13_Minotaure_002_web.jpg?w=1200&amp;ssl=1 1200w, https:\/\/i0.wp.com\/omnivion.net\/core\/wp-content\/uploads\/2025\/10\/2025-08-22_Performance_NEWT13_Minotaure_002_web.jpg?resize=300%2C151&amp;ssl=1 300w, https:\/\/i0.wp.com\/omnivion.net\/core\/wp-content\/uploads\/2025\/10\/2025-08-22_Performance_NEWT13_Minotaure_002_web.jpg?resize=1024%2C516&amp;ssl=1 1024w, https:\/\/i0.wp.com\/omnivion.net\/core\/wp-content\/uploads\/2025\/10\/2025-08-22_Performance_NEWT13_Minotaure_002_web.jpg?resize=768%2C387&amp;ssl=1 768w\" sizes=\"auto, (max-width: 1000px) 100vw, 1000px\" \/><\/p>\n<p>&nbsp;<\/p>\n<p>R\u00e9p\u00e9tition publique \/ performance avec des mati\u00e8res de la cr\u00e9ation <a href=\"https:\/\/omnivion.net\/core\/projets\/projets-artistiques\/kronos-ou-chronos\/kronos\/\"><strong>Kronos &amp; Chronos \/ Newtopia 13.9<\/strong><\/a>, le 22 ao\u00fbt 2025, \u00e0 la Gall\u00e9rie Municipale de Nikiti, Mac\u00e9doine Centrale, Gr\u00e8ce (63088).<\/p>\n<div>Une exploration temporelle des \u00e9tats de corps inspir\u00e9es du mythe de Minotaure, de la mythologie Minoenne : labyrinthes int\u00e9rieurs, ma\u00eetrise des pulsions, suspensions attentives, silences et lenteurs.<\/div>\n<div><\/div>\n<div>Photos : <a href=\"https:\/\/flic.kr\/s\/aHBqjCstDr\">https:\/\/flic.kr\/s\/aHBqjCstDr\u00a0<\/a><\/div>\n<p>&nbsp;<\/p>\n<div>Improvisation de danse contemporaine : <a href=\"https:\/\/omnivion.net\/core\/team\/dimitrios-tsiapkinis\/\">Dimitri Tsiapkinis<\/a><\/div>\n<p>&nbsp;<\/p>\n<div><strong>Info sur Newtopia 13 :<\/strong>\u00a0<a href=\"https:\/\/omnivion.net\/core\/projets\/projets-artistiques\/kronos-ou-chronos\/\"><strong>omnivion.net\/core\/kronos-ou-chronos\/<\/strong><\/a><\/div>\n<div><\/div>\n<p>&nbsp;<\/p>\n<div>Avec le soutien de Michael Moustakas et la commune de Nikiti \/ Gr\u00e8ce.<\/div>\n<p>&nbsp;<\/p>\n<div><strong>PARTENAIRES ET FINANCEMENT :<\/strong><strong>CCN de Tours, Ville de Tours, Mus\u00e9e du Compagnonnage, Ville de La Riche\/ La Pl\u00e9iade, Fonds de dotation Transept2, CHU de Tours, P\u00f4le de sant\u00e9 la Confluence, IME de Reugny, APAJH37, Magazine Trakt, Centre Social la Rabi\u00e8re, Centre Social Plurielles, Commune de Nikiti \/ Gr\u00e8ce.<\/strong><\/div>\n<p><\/p>","protected":false},"excerpt":{"rendered":"<p>&nbsp; R\u00e9p\u00e9tition publique \/ performance avec des mati\u00e8res de la cr\u00e9ation Kronos &amp; [&hellip;]<\/p>\n","protected":false},"author":1,"featured_media":0,"parent":5665,"menu_order":0,"comment_status":"closed","ping_status":"closed","template":"","meta":{"jetpack_post_was_ever_published":false,"footnotes":""},"class_list":["post-5807","page","type-page","status-publish","hentry"],"yoast_head":"<!-- This site is optimized with the Yoast SEO plugin v27.4 - https:\/\/yoast.com\/product\/yoast-seo-wordpress\/ -->\n<title>Minotaure \/ Newtopia 13.4 (2025) \/ Kronos ou Chronos - omnivion.net<\/title>\n<meta name=\"robots\" content=\"index, follow, max-snippet:-1, max-image-preview:large, max-video-preview:-1\" \/>\n<link rel=\"canonical\" href=\"https:\/\/omnivion.net\/core\/fr\/projets\/projets-artistiques\/kronos-ou-chronos\/minotaure\/\" \/>\n<meta property=\"og:locale\" content=\"fr_FR\" \/>\n<meta property=\"og:type\" content=\"article\" \/>\n<meta property=\"og:title\" content=\"Minotaure \/ Newtopia 13.4 (2025) \/ Kronos ou Chronos - omnivion.net\" \/>\n<meta property=\"og:description\" content=\"&nbsp; R\u00e9p\u00e9tition publique \/ performance avec des mati\u00e8res de la cr\u00e9ation Kronos &amp; [&hellip;]\" \/>\n<meta property=\"og:url\" content=\"https:\/\/omnivion.net\/core\/fr\/projets\/projets-artistiques\/kronos-ou-chronos\/minotaure\/\" \/>\n<meta property=\"og:site_name\" content=\"omnivion.net\" \/>\n<meta property=\"article:modified_time\" content=\"2025-12-22T11:59:30+00:00\" \/>\n<meta property=\"og:image\" content=\"https:\/\/omnivion.net\/core\/wp-content\/uploads\/2025\/10\/2025-08-22_Performance_NEWT13_Minotaure_002_web.jpg\" \/>\n<meta name=\"twitter:card\" content=\"summary_large_image\" \/>\n<meta name=\"twitter:label1\" content=\"Dur\u00e9e de lecture estim\u00e9e\" \/>\n\t<meta name=\"twitter:data1\" content=\"1 minute\" \/>\n<script type=\"application\/ld+json\" class=\"yoast-schema-graph\">{\"@context\":\"https:\\\/\\\/schema.org\",\"@graph\":[{\"@type\":\"WebPage\",\"@id\":\"https:\\\/\\\/omnivion.net\\\/core\\\/fr\\\/projets\\\/projets-artistiques\\\/kronos-ou-chronos\\\/minotaure\\\/\",\"url\":\"https:\\\/\\\/omnivion.net\\\/core\\\/fr\\\/projets\\\/projets-artistiques\\\/kronos-ou-chronos\\\/minotaure\\\/\",\"name\":\"Minotaure \\\/ Newtopia 13.4 (2025) \\\/ Kronos ou Chronos - omnivion.net\",\"isPartOf\":{\"@id\":\"https:\\\/\\\/omnivion.net\\\/core\\\/fr\\\/#website\"},\"primaryImageOfPage\":{\"@id\":\"https:\\\/\\\/omnivion.net\\\/core\\\/fr\\\/projets\\\/projets-artistiques\\\/kronos-ou-chronos\\\/minotaure\\\/#primaryimage\"},\"image\":{\"@id\":\"https:\\\/\\\/omnivion.net\\\/core\\\/fr\\\/projets\\\/projets-artistiques\\\/kronos-ou-chronos\\\/minotaure\\\/#primaryimage\"},\"thumbnailUrl\":\"https:\\\/\\\/omnivion.net\\\/core\\\/wp-content\\\/uploads\\\/2025\\\/10\\\/2025-08-22_Performance_NEWT13_Minotaure_002_web.jpg\",\"datePublished\":\"2025-10-14T11:28:47+00:00\",\"dateModified\":\"2025-12-22T11:59:30+00:00\",\"breadcrumb\":{\"@id\":\"https:\\\/\\\/omnivion.net\\\/core\\\/fr\\\/projets\\\/projets-artistiques\\\/kronos-ou-chronos\\\/minotaure\\\/#breadcrumb\"},\"inLanguage\":\"fr-FR\",\"potentialAction\":[{\"@type\":\"ReadAction\",\"target\":[\"https:\\\/\\\/omnivion.net\\\/core\\\/fr\\\/projets\\\/projets-artistiques\\\/kronos-ou-chronos\\\/minotaure\\\/\"]}]},{\"@type\":\"ImageObject\",\"inLanguage\":\"fr-FR\",\"@id\":\"https:\\\/\\\/omnivion.net\\\/core\\\/fr\\\/projets\\\/projets-artistiques\\\/kronos-ou-chronos\\\/minotaure\\\/#primaryimage\",\"url\":\"https:\\\/\\\/omnivion.net\\\/core\\\/wp-content\\\/uploads\\\/2025\\\/10\\\/2025-08-22_Performance_NEWT13_Minotaure_002_web.jpg\",\"contentUrl\":\"https:\\\/\\\/omnivion.net\\\/core\\\/wp-content\\\/uploads\\\/2025\\\/10\\\/2025-08-22_Performance_NEWT13_Minotaure_002_web.jpg\"},{\"@type\":\"BreadcrumbList\",\"@id\":\"https:\\\/\\\/omnivion.net\\\/core\\\/fr\\\/projets\\\/projets-artistiques\\\/kronos-ou-chronos\\\/minotaure\\\/#breadcrumb\",\"itemListElement\":[{\"@type\":\"ListItem\",\"position\":1,\"name\":\"Accueil\",\"item\":\"https:\\\/\\\/omnivion.net\\\/core\\\/en\\\/silverstorm\\\/\"},{\"@type\":\"ListItem\",\"position\":2,\"name\":\"Projets\",\"item\":\"https:\\\/\\\/omnivion.net\\\/core\\\/fr\\\/projets\\\/\"},{\"@type\":\"ListItem\",\"position\":3,\"name\":\"Projets Artistiques\",\"item\":\"https:\\\/\\\/omnivion.net\\\/core\\\/projets\\\/projets-artistiques\\\/\"},{\"@type\":\"ListItem\",\"position\":4,\"name\":\"Kronos ou Chronos \\\/ Newtopia 13 (2025)\",\"item\":\"https:\\\/\\\/omnivion.net\\\/core\\\/projets\\\/projets-artistiques\\\/kronos-ou-chronos\\\/\"},{\"@type\":\"ListItem\",\"position\":5,\"name\":\"Minotaure \\\/ Newtopia 13.4 (2025) \\\/ Kronos ou Chronos\"}]},{\"@type\":\"WebSite\",\"@id\":\"https:\\\/\\\/omnivion.net\\\/core\\\/fr\\\/#website\",\"url\":\"https:\\\/\\\/omnivion.net\\\/core\\\/fr\\\/\",\"name\":\"omnivion.net\",\"description\":\"...ARTS D&#039;\u00caTRE CORPS...\",\"potentialAction\":[{\"@type\":\"SearchAction\",\"target\":{\"@type\":\"EntryPoint\",\"urlTemplate\":\"https:\\\/\\\/omnivion.net\\\/core\\\/fr\\\/?s={search_term_string}\"},\"query-input\":{\"@type\":\"PropertyValueSpecification\",\"valueRequired\":true,\"valueName\":\"search_term_string\"}}],\"inLanguage\":\"fr-FR\"}]}<\/script>\n<!-- \/ Yoast SEO plugin. -->","yoast_head_json":{"title":"Minotaure \/ Newtopia 13.4 (2025) \/ Kronos ou Chronos - omnivion.net","robots":{"index":"index","follow":"follow","max-snippet":"max-snippet:-1","max-image-preview":"max-image-preview:large","max-video-preview":"max-video-preview:-1"},"canonical":"https:\/\/omnivion.net\/core\/fr\/projets\/projets-artistiques\/kronos-ou-chronos\/minotaure\/","og_locale":"fr_FR","og_type":"article","og_title":"Minotaure \/ Newtopia 13.4 (2025) \/ Kronos ou Chronos - omnivion.net","og_description":"&nbsp; R\u00e9p\u00e9tition publique \/ performance avec des mati\u00e8res de la cr\u00e9ation Kronos &amp; [&hellip;]","og_url":"https:\/\/omnivion.net\/core\/fr\/projets\/projets-artistiques\/kronos-ou-chronos\/minotaure\/","og_site_name":"omnivion.net","article_modified_time":"2025-12-22T11:59:30+00:00","og_image":[{"url":"https:\/\/omnivion.net\/core\/wp-content\/uploads\/2025\/10\/2025-08-22_Performance_NEWT13_Minotaure_002_web.jpg","type":"","width":"","height":""}],"twitter_card":"summary_large_image","twitter_misc":{"Dur\u00e9e de lecture estim\u00e9e":"1 minute"},"schema":{"@context":"https:\/\/schema.org","@graph":[{"@type":"WebPage","@id":"https:\/\/omnivion.net\/core\/fr\/projets\/projets-artistiques\/kronos-ou-chronos\/minotaure\/","url":"https:\/\/omnivion.net\/core\/fr\/projets\/projets-artistiques\/kronos-ou-chronos\/minotaure\/","name":"Minotaure \/ Newtopia 13.4 (2025) \/ Kronos ou Chronos - omnivion.net","isPartOf":{"@id":"https:\/\/omnivion.net\/core\/fr\/#website"},"primaryImageOfPage":{"@id":"https:\/\/omnivion.net\/core\/fr\/projets\/projets-artistiques\/kronos-ou-chronos\/minotaure\/#primaryimage"},"image":{"@id":"https:\/\/omnivion.net\/core\/fr\/projets\/projets-artistiques\/kronos-ou-chronos\/minotaure\/#primaryimage"},"thumbnailUrl":"https:\/\/omnivion.net\/core\/wp-content\/uploads\/2025\/10\/2025-08-22_Performance_NEWT13_Minotaure_002_web.jpg","datePublished":"2025-10-14T11:28:47+00:00","dateModified":"2025-12-22T11:59:30+00:00","breadcrumb":{"@id":"https:\/\/omnivion.net\/core\/fr\/projets\/projets-artistiques\/kronos-ou-chronos\/minotaure\/#breadcrumb"},"inLanguage":"fr-FR","potentialAction":[{"@type":"ReadAction","target":["https:\/\/omnivion.net\/core\/fr\/projets\/projets-artistiques\/kronos-ou-chronos\/minotaure\/"]}]},{"@type":"ImageObject","inLanguage":"fr-FR","@id":"https:\/\/omnivion.net\/core\/fr\/projets\/projets-artistiques\/kronos-ou-chronos\/minotaure\/#primaryimage","url":"https:\/\/omnivion.net\/core\/wp-content\/uploads\/2025\/10\/2025-08-22_Performance_NEWT13_Minotaure_002_web.jpg","contentUrl":"https:\/\/omnivion.net\/core\/wp-content\/uploads\/2025\/10\/2025-08-22_Performance_NEWT13_Minotaure_002_web.jpg"},{"@type":"BreadcrumbList","@id":"https:\/\/omnivion.net\/core\/fr\/projets\/projets-artistiques\/kronos-ou-chronos\/minotaure\/#breadcrumb","itemListElement":[{"@type":"ListItem","position":1,"name":"Accueil","item":"https:\/\/omnivion.net\/core\/en\/silverstorm\/"},{"@type":"ListItem","position":2,"name":"Projets","item":"https:\/\/omnivion.net\/core\/fr\/projets\/"},{"@type":"ListItem","position":3,"name":"Projets Artistiques","item":"https:\/\/omnivion.net\/core\/projets\/projets-artistiques\/"},{"@type":"ListItem","position":4,"name":"Kronos ou Chronos \/ Newtopia 13 (2025)","item":"https:\/\/omnivion.net\/core\/projets\/projets-artistiques\/kronos-ou-chronos\/"},{"@type":"ListItem","position":5,"name":"Minotaure \/ Newtopia 13.4 (2025) \/ Kronos ou Chronos"}]},{"@type":"WebSite","@id":"https:\/\/omnivion.net\/core\/fr\/#website","url":"https:\/\/omnivion.net\/core\/fr\/","name":"omnivion.net","description":"...ARTS D&#039;\u00caTRE CORPS...","potentialAction":[{"@type":"SearchAction","target":{"@type":"EntryPoint","urlTemplate":"https:\/\/omnivion.net\/core\/fr\/?s={search_term_string}"},"query-input":{"@type":"PropertyValueSpecification","valueRequired":true,"valueName":"search_term_string"}}],"inLanguage":"fr-FR"}]}},"jetpack_sharing_enabled":true,"jetpack_shortlink":"https:\/\/wp.me\/P2fe7Q-1vF","jetpack_likes_enabled":true,"_links":{"self":[{"href":"https:\/\/omnivion.net\/core\/fr\/wp-json\/wp\/v2\/pages\/5807","targetHints":{"allow":["GET"]}}],"collection":[{"href":"https:\/\/omnivion.net\/core\/fr\/wp-json\/wp\/v2\/pages"}],"about":[{"href":"https:\/\/omnivion.net\/core\/fr\/wp-json\/wp\/v2\/types\/page"}],"author":[{"embeddable":true,"href":"https:\/\/omnivion.net\/core\/fr\/wp-json\/wp\/v2\/users\/1"}],"replies":[{"embeddable":true,"href":"https:\/\/omnivion.net\/core\/fr\/wp-json\/wp\/v2\/comments?post=5807"}],"version-history":[{"count":6,"href":"https:\/\/omnivion.net\/core\/fr\/wp-json\/wp\/v2\/pages\/5807\/revisions"}],"predecessor-version":[{"id":5882,"href":"https:\/\/omnivion.net\/core\/fr\/wp-json\/wp\/v2\/pages\/5807\/revisions\/5882"}],"up":[{"embeddable":true,"href":"https:\/\/omnivion.net\/core\/fr\/wp-json\/wp\/v2\/pages\/5665"}],"wp:attachment":[{"href":"https:\/\/omnivion.net\/core\/fr\/wp-json\/wp\/v2\/media?parent=5807"}],"curies":[{"name":"wp","href":"https:\/\/api.w.org\/{rel}","templated":true}]}}