{"id":5786,"date":"2025-10-14T10:43:46","date_gmt":"2025-10-14T09:43:46","guid":{"rendered":"https:\/\/omnivion.net\/core\/?page_id=5786"},"modified":"2025-10-14T11:56:14","modified_gmt":"2025-10-14T10:56:14","slug":"13-1","status":"publish","type":"page","link":"https:\/\/omnivion.net\/core\/fr\/projets\/projets-artistiques\/kronos-ou-chronos\/13-1\/","title":{"rendered":"Kronos ou Chronos \/ Newtopia 13.1 (2025)"},"content":{"rendered":"<p><img data-recalc-dims=\"1\" loading=\"lazy\" decoding=\"async\" class=\"alignnone wp-image-5787 size-large\" src=\"https:\/\/i0.wp.com\/omnivion.net\/core\/wp-content\/uploads\/2025\/10\/2025-06-13-19.17.12-1_web.jpg?resize=800%2C360&#038;ssl=1\" alt=\"\" width=\"800\" height=\"360\" srcset=\"https:\/\/i0.wp.com\/omnivion.net\/core\/wp-content\/uploads\/2025\/10\/2025-06-13-19.17.12-1_web.jpg?resize=1024%2C461&amp;ssl=1 1024w, https:\/\/i0.wp.com\/omnivion.net\/core\/wp-content\/uploads\/2025\/10\/2025-06-13-19.17.12-1_web.jpg?resize=300%2C135&amp;ssl=1 300w, https:\/\/i0.wp.com\/omnivion.net\/core\/wp-content\/uploads\/2025\/10\/2025-06-13-19.17.12-1_web.jpg?resize=768%2C346&amp;ssl=1 768w, https:\/\/i0.wp.com\/omnivion.net\/core\/wp-content\/uploads\/2025\/10\/2025-06-13-19.17.12-1_web.jpg?w=1500&amp;ssl=1 1500w\" sizes=\"auto, (max-width: 800px) 100vw, 800px\" \/><\/p>\n<p><strong>Performance le 13 juin 2025 \u00e0 15H, \u00e0 la 4e \u00e9dition d&rsquo;Handifestif \u00e0 la Guinguette et \u00e0 la biblioth\u00e8que municipale de Tours!<\/strong><\/p>\n<p>&nbsp;<\/p>\n<p>Premi\u00e8re session Newtopia de 2025, dans le cadre du projet <strong>Kronos ou Chronos<\/strong> !<\/p>\n<p>Une performance de danse inclusive par l&rsquo;\u00e9quipe d&rsquo;Omnivion, inspir\u00e9e des premi\u00e8res recherches chor\u00e9graphiques autour de la notion du \u00ab\u00a0Temps\u00a0\u00bb et ses aspects psychologiques, mythologiques et physiques.<\/p>\n<p><strong>Direction artistique :<\/strong> <a href=\"https:\/\/omnivion.net\/core\/team\/dimitrios-tsiapkinis\/\">Tsiapkinis Dimitri<\/a><\/p>\n<p><strong>Interpr\u00e8tes :<\/strong> Christine Causera, Nadia Ferrari, Cinthia Gomez, Claire Guillaume, K\u00e9vin Mey, Bruno Morin, Rosa Pires de Matos, Yvan Pousset, Asmahane Saad.<\/p>\n<p>&nbsp;<\/p>\n<p><strong>PRODUCTION : OMNIVION Arts d&rsquo;\u00catre Corps, avec le soutien du <a href=\"https:\/\/www.ccntours.com\/\" target=\"_blank\" rel=\"noopener\">CCN de Tours \/ Thomas Lebrun<\/a>.<\/strong><\/p>\n<p><strong><br \/>\nPARTENAIRES ET FINANCEMENT :<\/strong><\/p>\n<p><strong>CCN de Tours, Ville de Tours, Mus\u00e9e du Compagnonnage, Ville de La Riche\/ La Pl\u00e9iade, Fonds de dotation Transept2, CHU de Tours, P\u00f4le de sant\u00e9 la Conflunce, IME de Reugny, APAJH37, Magazine Trakt, Centre Social la Rabi\u00e8re, Centre Social Plurielles.<\/strong><\/p>","protected":false},"excerpt":{"rendered":"<p>Performance le 13 juin 2025 \u00e0 15H, \u00e0 la 4e \u00e9dition d&rsquo;Handifestif \u00e0 [&hellip;]<\/p>\n","protected":false},"author":1,"featured_media":0,"parent":5665,"menu_order":0,"comment_status":"closed","ping_status":"closed","template":"","meta":{"jetpack_post_was_ever_published":false,"footnotes":""},"class_list":["post-5786","page","type-page","status-publish","hentry"],"yoast_head":"<!-- This site is optimized with the Yoast SEO plugin v26.8 - https:\/\/yoast.com\/product\/yoast-seo-wordpress\/ -->\n<title>Kronos ou Chronos \/ Newtopia 13.1 (2025) - omnivion.net<\/title>\n<meta name=\"robots\" content=\"index, follow, max-snippet:-1, max-image-preview:large, max-video-preview:-1\" \/>\n<link rel=\"canonical\" href=\"https:\/\/omnivion.net\/core\/fr\/projets\/projets-artistiques\/kronos-ou-chronos\/13-1\/\" \/>\n<meta property=\"og:locale\" content=\"fr_FR\" \/>\n<meta property=\"og:type\" content=\"article\" \/>\n<meta property=\"og:title\" content=\"Kronos ou Chronos \/ Newtopia 13.1 (2025) - omnivion.net\" \/>\n<meta property=\"og:description\" content=\"Performance le 13 juin 2025 \u00e0 15H, \u00e0 la 4e \u00e9dition d&rsquo;Handifestif \u00e0 [&hellip;]\" \/>\n<meta property=\"og:url\" content=\"https:\/\/omnivion.net\/core\/fr\/projets\/projets-artistiques\/kronos-ou-chronos\/13-1\/\" \/>\n<meta property=\"og:site_name\" content=\"omnivion.net\" \/>\n<meta property=\"article:modified_time\" content=\"2025-10-14T10:56:14+00:00\" \/>\n<meta property=\"og:image\" content=\"https:\/\/omnivion.net\/core\/wp-content\/uploads\/2025\/10\/2025-06-13-19.17.12-1_web-1024x461.jpg\" \/>\n<meta name=\"twitter:card\" content=\"summary_large_image\" \/>\n<meta name=\"twitter:label1\" content=\"Dur\u00e9e de lecture estim\u00e9e\" \/>\n\t<meta name=\"twitter:data1\" content=\"1 minute\" \/>\n<script type=\"application\/ld+json\" class=\"yoast-schema-graph\">{\"@context\":\"https:\/\/schema.org\",\"@graph\":[{\"@type\":\"WebPage\",\"@id\":\"https:\/\/omnivion.net\/core\/fr\/projets\/projets-artistiques\/kronos-ou-chronos\/13-1\/\",\"url\":\"https:\/\/omnivion.net\/core\/fr\/projets\/projets-artistiques\/kronos-ou-chronos\/13-1\/\",\"name\":\"Kronos ou Chronos \/ Newtopia 13.1 (2025) - omnivion.net\",\"isPartOf\":{\"@id\":\"https:\/\/omnivion.net\/core\/fr\/#website\"},\"primaryImageOfPage\":{\"@id\":\"https:\/\/omnivion.net\/core\/fr\/projets\/projets-artistiques\/kronos-ou-chronos\/13-1\/#primaryimage\"},\"image\":{\"@id\":\"https:\/\/omnivion.net\/core\/fr\/projets\/projets-artistiques\/kronos-ou-chronos\/13-1\/#primaryimage\"},\"thumbnailUrl\":\"https:\/\/omnivion.net\/core\/wp-content\/uploads\/2025\/10\/2025-06-13-19.17.12-1_web-1024x461.jpg\",\"datePublished\":\"2025-10-14T09:43:46+00:00\",\"dateModified\":\"2025-10-14T10:56:14+00:00\",\"breadcrumb\":{\"@id\":\"https:\/\/omnivion.net\/core\/fr\/projets\/projets-artistiques\/kronos-ou-chronos\/13-1\/#breadcrumb\"},\"inLanguage\":\"fr-FR\",\"potentialAction\":[{\"@type\":\"ReadAction\",\"target\":[\"https:\/\/omnivion.net\/core\/fr\/projets\/projets-artistiques\/kronos-ou-chronos\/13-1\/\"]}]},{\"@type\":\"ImageObject\",\"inLanguage\":\"fr-FR\",\"@id\":\"https:\/\/omnivion.net\/core\/fr\/projets\/projets-artistiques\/kronos-ou-chronos\/13-1\/#primaryimage\",\"url\":\"https:\/\/omnivion.net\/core\/wp-content\/uploads\/2025\/10\/2025-06-13-19.17.12-1_web-1024x461.jpg\",\"contentUrl\":\"https:\/\/omnivion.net\/core\/wp-content\/uploads\/2025\/10\/2025-06-13-19.17.12-1_web-1024x461.jpg\"},{\"@type\":\"BreadcrumbList\",\"@id\":\"https:\/\/omnivion.net\/core\/fr\/projets\/projets-artistiques\/kronos-ou-chronos\/13-1\/#breadcrumb\",\"itemListElement\":[{\"@type\":\"ListItem\",\"position\":1,\"name\":\"Accueil\",\"item\":\"https:\/\/omnivion.net\/core\/en\/silverstorm\/\"},{\"@type\":\"ListItem\",\"position\":2,\"name\":\"Projets\",\"item\":\"https:\/\/omnivion.net\/core\/fr\/projets\/\"},{\"@type\":\"ListItem\",\"position\":3,\"name\":\"Projets Artistiques\",\"item\":\"https:\/\/omnivion.net\/core\/projets\/projets-artistiques\/\"},{\"@type\":\"ListItem\",\"position\":4,\"name\":\"Kronos ou Chronos \/ Newtopia 13 (2025)\",\"item\":\"https:\/\/omnivion.net\/core\/projets\/projets-artistiques\/kronos-ou-chronos\/\"},{\"@type\":\"ListItem\",\"position\":5,\"name\":\"Kronos ou Chronos \/ Newtopia 13.1 (2025)\"}]},{\"@type\":\"WebSite\",\"@id\":\"https:\/\/omnivion.net\/core\/fr\/#website\",\"url\":\"https:\/\/omnivion.net\/core\/fr\/\",\"name\":\"omnivion.net\",\"description\":\"...ARTS D&#039;\u00caTRE CORPS...\",\"potentialAction\":[{\"@type\":\"SearchAction\",\"target\":{\"@type\":\"EntryPoint\",\"urlTemplate\":\"https:\/\/omnivion.net\/core\/fr\/?s={search_term_string}\"},\"query-input\":{\"@type\":\"PropertyValueSpecification\",\"valueRequired\":true,\"valueName\":\"search_term_string\"}}],\"inLanguage\":\"fr-FR\"}]}<\/script>\n<!-- \/ Yoast SEO plugin. -->","yoast_head_json":{"title":"Kronos ou Chronos \/ Newtopia 13.1 (2025) - omnivion.net","robots":{"index":"index","follow":"follow","max-snippet":"max-snippet:-1","max-image-preview":"max-image-preview:large","max-video-preview":"max-video-preview:-1"},"canonical":"https:\/\/omnivion.net\/core\/fr\/projets\/projets-artistiques\/kronos-ou-chronos\/13-1\/","og_locale":"fr_FR","og_type":"article","og_title":"Kronos ou Chronos \/ Newtopia 13.1 (2025) - omnivion.net","og_description":"Performance le 13 juin 2025 \u00e0 15H, \u00e0 la 4e \u00e9dition d&rsquo;Handifestif \u00e0 [&hellip;]","og_url":"https:\/\/omnivion.net\/core\/fr\/projets\/projets-artistiques\/kronos-ou-chronos\/13-1\/","og_site_name":"omnivion.net","article_modified_time":"2025-10-14T10:56:14+00:00","og_image":[{"url":"https:\/\/omnivion.net\/core\/wp-content\/uploads\/2025\/10\/2025-06-13-19.17.12-1_web-1024x461.jpg","type":"","width":"","height":""}],"twitter_card":"summary_large_image","twitter_misc":{"Dur\u00e9e de lecture estim\u00e9e":"1 minute"},"schema":{"@context":"https:\/\/schema.org","@graph":[{"@type":"WebPage","@id":"https:\/\/omnivion.net\/core\/fr\/projets\/projets-artistiques\/kronos-ou-chronos\/13-1\/","url":"https:\/\/omnivion.net\/core\/fr\/projets\/projets-artistiques\/kronos-ou-chronos\/13-1\/","name":"Kronos ou Chronos \/ Newtopia 13.1 (2025) - omnivion.net","isPartOf":{"@id":"https:\/\/omnivion.net\/core\/fr\/#website"},"primaryImageOfPage":{"@id":"https:\/\/omnivion.net\/core\/fr\/projets\/projets-artistiques\/kronos-ou-chronos\/13-1\/#primaryimage"},"image":{"@id":"https:\/\/omnivion.net\/core\/fr\/projets\/projets-artistiques\/kronos-ou-chronos\/13-1\/#primaryimage"},"thumbnailUrl":"https:\/\/omnivion.net\/core\/wp-content\/uploads\/2025\/10\/2025-06-13-19.17.12-1_web-1024x461.jpg","datePublished":"2025-10-14T09:43:46+00:00","dateModified":"2025-10-14T10:56:14+00:00","breadcrumb":{"@id":"https:\/\/omnivion.net\/core\/fr\/projets\/projets-artistiques\/kronos-ou-chronos\/13-1\/#breadcrumb"},"inLanguage":"fr-FR","potentialAction":[{"@type":"ReadAction","target":["https:\/\/omnivion.net\/core\/fr\/projets\/projets-artistiques\/kronos-ou-chronos\/13-1\/"]}]},{"@type":"ImageObject","inLanguage":"fr-FR","@id":"https:\/\/omnivion.net\/core\/fr\/projets\/projets-artistiques\/kronos-ou-chronos\/13-1\/#primaryimage","url":"https:\/\/omnivion.net\/core\/wp-content\/uploads\/2025\/10\/2025-06-13-19.17.12-1_web-1024x461.jpg","contentUrl":"https:\/\/omnivion.net\/core\/wp-content\/uploads\/2025\/10\/2025-06-13-19.17.12-1_web-1024x461.jpg"},{"@type":"BreadcrumbList","@id":"https:\/\/omnivion.net\/core\/fr\/projets\/projets-artistiques\/kronos-ou-chronos\/13-1\/#breadcrumb","itemListElement":[{"@type":"ListItem","position":1,"name":"Accueil","item":"https:\/\/omnivion.net\/core\/en\/silverstorm\/"},{"@type":"ListItem","position":2,"name":"Projets","item":"https:\/\/omnivion.net\/core\/fr\/projets\/"},{"@type":"ListItem","position":3,"name":"Projets Artistiques","item":"https:\/\/omnivion.net\/core\/projets\/projets-artistiques\/"},{"@type":"ListItem","position":4,"name":"Kronos ou Chronos \/ Newtopia 13 (2025)","item":"https:\/\/omnivion.net\/core\/projets\/projets-artistiques\/kronos-ou-chronos\/"},{"@type":"ListItem","position":5,"name":"Kronos ou Chronos \/ Newtopia 13.1 (2025)"}]},{"@type":"WebSite","@id":"https:\/\/omnivion.net\/core\/fr\/#website","url":"https:\/\/omnivion.net\/core\/fr\/","name":"omnivion.net","description":"...ARTS D&#039;\u00caTRE CORPS...","potentialAction":[{"@type":"SearchAction","target":{"@type":"EntryPoint","urlTemplate":"https:\/\/omnivion.net\/core\/fr\/?s={search_term_string}"},"query-input":{"@type":"PropertyValueSpecification","valueRequired":true,"valueName":"search_term_string"}}],"inLanguage":"fr-FR"}]}},"jetpack_sharing_enabled":true,"jetpack_shortlink":"https:\/\/wp.me\/P2fe7Q-1vk","jetpack_likes_enabled":true,"_links":{"self":[{"href":"https:\/\/omnivion.net\/core\/fr\/wp-json\/wp\/v2\/pages\/5786","targetHints":{"allow":["GET"]}}],"collection":[{"href":"https:\/\/omnivion.net\/core\/fr\/wp-json\/wp\/v2\/pages"}],"about":[{"href":"https:\/\/omnivion.net\/core\/fr\/wp-json\/wp\/v2\/types\/page"}],"author":[{"embeddable":true,"href":"https:\/\/omnivion.net\/core\/fr\/wp-json\/wp\/v2\/users\/1"}],"replies":[{"embeddable":true,"href":"https:\/\/omnivion.net\/core\/fr\/wp-json\/wp\/v2\/comments?post=5786"}],"version-history":[{"count":3,"href":"https:\/\/omnivion.net\/core\/fr\/wp-json\/wp\/v2\/pages\/5786\/revisions"}],"predecessor-version":[{"id":5801,"href":"https:\/\/omnivion.net\/core\/fr\/wp-json\/wp\/v2\/pages\/5786\/revisions\/5801"}],"up":[{"embeddable":true,"href":"https:\/\/omnivion.net\/core\/fr\/wp-json\/wp\/v2\/pages\/5665"}],"wp:attachment":[{"href":"https:\/\/omnivion.net\/core\/fr\/wp-json\/wp\/v2\/media?parent=5786"}],"curies":[{"name":"wp","href":"https:\/\/api.w.org\/{rel}","templated":true}]}}