{"id":5705,"date":"2025-08-25T21:36:56","date_gmt":"2025-08-25T20:36:56","guid":{"rendered":"https:\/\/omnivion.net\/core\/?page_id=5705"},"modified":"2025-08-25T21:51:36","modified_gmt":"2025-08-25T20:51:36","slug":"benoit-pradier","status":"publish","type":"page","link":"https:\/\/omnivion.net\/core\/fr\/team\/benoit-pradier\/","title":{"rendered":"Beno\u00eet Pradier"},"content":{"rendered":"<p><img data-recalc-dims=\"1\" loading=\"lazy\" decoding=\"async\" class=\"alignnone size-full wp-image-5708\" src=\"https:\/\/i0.wp.com\/omnivion.net\/core\/wp-content\/uploads\/2025\/08\/20250413_1259481-1_web.jpg?resize=1200%2C680&#038;ssl=1\" alt=\"\" width=\"1200\" height=\"680\" srcset=\"https:\/\/i0.wp.com\/omnivion.net\/core\/wp-content\/uploads\/2025\/08\/20250413_1259481-1_web.jpg?w=1200&amp;ssl=1 1200w, https:\/\/i0.wp.com\/omnivion.net\/core\/wp-content\/uploads\/2025\/08\/20250413_1259481-1_web.jpg?resize=300%2C170&amp;ssl=1 300w, https:\/\/i0.wp.com\/omnivion.net\/core\/wp-content\/uploads\/2025\/08\/20250413_1259481-1_web.jpg?resize=1024%2C580&amp;ssl=1 1024w, https:\/\/i0.wp.com\/omnivion.net\/core\/wp-content\/uploads\/2025\/08\/20250413_1259481-1_web.jpg?resize=768%2C435&amp;ssl=1 768w\" sizes=\"auto, (max-width: 1000px) 100vw, 1000px\" \/><\/p>\n<p>N\u00e9 corpopetrussien\/alliance de mara\u00eechage, cendres des morts, ferroviaire et limon de la Loire.<br \/>\nBenoit Pradier est un performeur et danseur du dimanche.<br \/>\nDipl\u00f4m\u00e9 des Beaux-Arts de Tours, il rejoint Anna Delog\u00e9 et Ars\u00e8ne Juteau au sein de la compagnie Les Panth\u00e8res N\u00e9buleuses.<br \/>\nEnsemble, iels cr\u00e9ent de \u00ab petits rites de d\u00e9virilisation \u00bb, performances qui surgissent dans le cadre de manifestations culturelles et\/ou scientifiques ainsi que le spectacle DODOLLYWOOD, une ode \u00e0 la paresse par une \u00e9quipe de foot lascive squattant les plateaux de th\u00e9\u00e2tre.<br \/>\nParall\u00e8lement, il cr\u00e9e des performances en compagnie d\u2019ami.es musicienne.s (Marceau Bor\u00e9, Keely Sigot ) o\u00f9 il revisite\/r\u00e9active des folklores, des mythes et des rites populaires en lien avec la m\u00e9moire des corps et des lieux, en r\u00e9sistance au technocapitalisme invasif et aux nouvelles formes de fascisme.<br \/>\nIl fait \u00e9galement parti du collectif de L\u2019Universit\u00e9 populaire pour la Terre \u00e0 Tours et participe aux cr\u00e9ations chor\u00e9graphiques de l\u2019association\u00a0Omnivion.<\/p>\n<p>&nbsp;<\/p>","protected":false},"excerpt":{"rendered":"<p>N\u00e9 corpopetrussien\/alliance de mara\u00eechage, cendres des morts, ferroviaire et limon de la Loire. [&hellip;]<\/p>\n","protected":false},"author":1,"featured_media":0,"parent":66,"menu_order":0,"comment_status":"closed","ping_status":"closed","template":"","meta":{"jetpack_post_was_ever_published":false,"footnotes":""},"class_list":["post-5705","page","type-page","status-publish","hentry"],"yoast_head":"<!-- This site is optimized with the Yoast SEO plugin v26.8 - https:\/\/yoast.com\/product\/yoast-seo-wordpress\/ -->\n<title>Beno\u00eet Pradier - omnivion.net<\/title>\n<meta name=\"robots\" content=\"index, follow, max-snippet:-1, max-image-preview:large, max-video-preview:-1\" \/>\n<link rel=\"canonical\" href=\"https:\/\/omnivion.net\/core\/fr\/team\/benoit-pradier\/\" \/>\n<meta property=\"og:locale\" content=\"fr_FR\" \/>\n<meta property=\"og:type\" content=\"article\" \/>\n<meta property=\"og:title\" content=\"Beno\u00eet Pradier - omnivion.net\" \/>\n<meta property=\"og:description\" content=\"N\u00e9 corpopetrussien\/alliance de mara\u00eechage, cendres des morts, ferroviaire et limon de la Loire. [&hellip;]\" \/>\n<meta property=\"og:url\" content=\"https:\/\/omnivion.net\/core\/fr\/team\/benoit-pradier\/\" \/>\n<meta property=\"og:site_name\" content=\"omnivion.net\" \/>\n<meta property=\"article:modified_time\" content=\"2025-08-25T20:51:36+00:00\" \/>\n<meta property=\"og:image\" content=\"https:\/\/omnivion.net\/core\/wp-content\/uploads\/2025\/08\/20250413_1259481-1_web.jpg\" \/>\n<meta name=\"twitter:card\" content=\"summary_large_image\" \/>\n<meta name=\"twitter:label1\" content=\"Dur\u00e9e de lecture estim\u00e9e\" \/>\n\t<meta name=\"twitter:data1\" content=\"1 minute\" \/>\n<script type=\"application\/ld+json\" class=\"yoast-schema-graph\">{\"@context\":\"https:\/\/schema.org\",\"@graph\":[{\"@type\":\"WebPage\",\"@id\":\"https:\/\/omnivion.net\/core\/fr\/team\/benoit-pradier\/\",\"url\":\"https:\/\/omnivion.net\/core\/fr\/team\/benoit-pradier\/\",\"name\":\"Beno\u00eet Pradier - omnivion.net\",\"isPartOf\":{\"@id\":\"https:\/\/omnivion.net\/core\/fr\/#website\"},\"primaryImageOfPage\":{\"@id\":\"https:\/\/omnivion.net\/core\/fr\/team\/benoit-pradier\/#primaryimage\"},\"image\":{\"@id\":\"https:\/\/omnivion.net\/core\/fr\/team\/benoit-pradier\/#primaryimage\"},\"thumbnailUrl\":\"https:\/\/omnivion.net\/core\/wp-content\/uploads\/2025\/08\/20250413_1259481-1_web.jpg\",\"datePublished\":\"2025-08-25T20:36:56+00:00\",\"dateModified\":\"2025-08-25T20:51:36+00:00\",\"breadcrumb\":{\"@id\":\"https:\/\/omnivion.net\/core\/fr\/team\/benoit-pradier\/#breadcrumb\"},\"inLanguage\":\"fr-FR\",\"potentialAction\":[{\"@type\":\"ReadAction\",\"target\":[\"https:\/\/omnivion.net\/core\/fr\/team\/benoit-pradier\/\"]}]},{\"@type\":\"ImageObject\",\"inLanguage\":\"fr-FR\",\"@id\":\"https:\/\/omnivion.net\/core\/fr\/team\/benoit-pradier\/#primaryimage\",\"url\":\"https:\/\/omnivion.net\/core\/wp-content\/uploads\/2025\/08\/20250413_1259481-1_web.jpg\",\"contentUrl\":\"https:\/\/omnivion.net\/core\/wp-content\/uploads\/2025\/08\/20250413_1259481-1_web.jpg\"},{\"@type\":\"BreadcrumbList\",\"@id\":\"https:\/\/omnivion.net\/core\/fr\/team\/benoit-pradier\/#breadcrumb\",\"itemListElement\":[{\"@type\":\"ListItem\",\"position\":1,\"name\":\"Accueil\",\"item\":\"https:\/\/omnivion.net\/core\/en\/silverstorm\/\"},{\"@type\":\"ListItem\",\"position\":2,\"name\":\"Equipe\",\"item\":\"https:\/\/omnivion.net\/core\/team\/\"},{\"@type\":\"ListItem\",\"position\":3,\"name\":\"Beno\u00eet Pradier\"}]},{\"@type\":\"WebSite\",\"@id\":\"https:\/\/omnivion.net\/core\/fr\/#website\",\"url\":\"https:\/\/omnivion.net\/core\/fr\/\",\"name\":\"omnivion.net\",\"description\":\"...ARTS D&#039;\u00caTRE CORPS...\",\"potentialAction\":[{\"@type\":\"SearchAction\",\"target\":{\"@type\":\"EntryPoint\",\"urlTemplate\":\"https:\/\/omnivion.net\/core\/fr\/?s={search_term_string}\"},\"query-input\":{\"@type\":\"PropertyValueSpecification\",\"valueRequired\":true,\"valueName\":\"search_term_string\"}}],\"inLanguage\":\"fr-FR\"}]}<\/script>\n<!-- \/ Yoast SEO plugin. -->","yoast_head_json":{"title":"Beno\u00eet Pradier - omnivion.net","robots":{"index":"index","follow":"follow","max-snippet":"max-snippet:-1","max-image-preview":"max-image-preview:large","max-video-preview":"max-video-preview:-1"},"canonical":"https:\/\/omnivion.net\/core\/fr\/team\/benoit-pradier\/","og_locale":"fr_FR","og_type":"article","og_title":"Beno\u00eet Pradier - omnivion.net","og_description":"N\u00e9 corpopetrussien\/alliance de mara\u00eechage, cendres des morts, ferroviaire et limon de la Loire. [&hellip;]","og_url":"https:\/\/omnivion.net\/core\/fr\/team\/benoit-pradier\/","og_site_name":"omnivion.net","article_modified_time":"2025-08-25T20:51:36+00:00","og_image":[{"url":"https:\/\/omnivion.net\/core\/wp-content\/uploads\/2025\/08\/20250413_1259481-1_web.jpg","type":"","width":"","height":""}],"twitter_card":"summary_large_image","twitter_misc":{"Dur\u00e9e de lecture estim\u00e9e":"1 minute"},"schema":{"@context":"https:\/\/schema.org","@graph":[{"@type":"WebPage","@id":"https:\/\/omnivion.net\/core\/fr\/team\/benoit-pradier\/","url":"https:\/\/omnivion.net\/core\/fr\/team\/benoit-pradier\/","name":"Beno\u00eet Pradier - omnivion.net","isPartOf":{"@id":"https:\/\/omnivion.net\/core\/fr\/#website"},"primaryImageOfPage":{"@id":"https:\/\/omnivion.net\/core\/fr\/team\/benoit-pradier\/#primaryimage"},"image":{"@id":"https:\/\/omnivion.net\/core\/fr\/team\/benoit-pradier\/#primaryimage"},"thumbnailUrl":"https:\/\/omnivion.net\/core\/wp-content\/uploads\/2025\/08\/20250413_1259481-1_web.jpg","datePublished":"2025-08-25T20:36:56+00:00","dateModified":"2025-08-25T20:51:36+00:00","breadcrumb":{"@id":"https:\/\/omnivion.net\/core\/fr\/team\/benoit-pradier\/#breadcrumb"},"inLanguage":"fr-FR","potentialAction":[{"@type":"ReadAction","target":["https:\/\/omnivion.net\/core\/fr\/team\/benoit-pradier\/"]}]},{"@type":"ImageObject","inLanguage":"fr-FR","@id":"https:\/\/omnivion.net\/core\/fr\/team\/benoit-pradier\/#primaryimage","url":"https:\/\/omnivion.net\/core\/wp-content\/uploads\/2025\/08\/20250413_1259481-1_web.jpg","contentUrl":"https:\/\/omnivion.net\/core\/wp-content\/uploads\/2025\/08\/20250413_1259481-1_web.jpg"},{"@type":"BreadcrumbList","@id":"https:\/\/omnivion.net\/core\/fr\/team\/benoit-pradier\/#breadcrumb","itemListElement":[{"@type":"ListItem","position":1,"name":"Accueil","item":"https:\/\/omnivion.net\/core\/en\/silverstorm\/"},{"@type":"ListItem","position":2,"name":"Equipe","item":"https:\/\/omnivion.net\/core\/team\/"},{"@type":"ListItem","position":3,"name":"Beno\u00eet Pradier"}]},{"@type":"WebSite","@id":"https:\/\/omnivion.net\/core\/fr\/#website","url":"https:\/\/omnivion.net\/core\/fr\/","name":"omnivion.net","description":"...ARTS D&#039;\u00caTRE CORPS...","potentialAction":[{"@type":"SearchAction","target":{"@type":"EntryPoint","urlTemplate":"https:\/\/omnivion.net\/core\/fr\/?s={search_term_string}"},"query-input":{"@type":"PropertyValueSpecification","valueRequired":true,"valueName":"search_term_string"}}],"inLanguage":"fr-FR"}]}},"jetpack_sharing_enabled":true,"jetpack_shortlink":"https:\/\/wp.me\/P2fe7Q-1u1","jetpack_likes_enabled":true,"_links":{"self":[{"href":"https:\/\/omnivion.net\/core\/fr\/wp-json\/wp\/v2\/pages\/5705","targetHints":{"allow":["GET"]}}],"collection":[{"href":"https:\/\/omnivion.net\/core\/fr\/wp-json\/wp\/v2\/pages"}],"about":[{"href":"https:\/\/omnivion.net\/core\/fr\/wp-json\/wp\/v2\/types\/page"}],"author":[{"embeddable":true,"href":"https:\/\/omnivion.net\/core\/fr\/wp-json\/wp\/v2\/users\/1"}],"replies":[{"embeddable":true,"href":"https:\/\/omnivion.net\/core\/fr\/wp-json\/wp\/v2\/comments?post=5705"}],"version-history":[{"count":3,"href":"https:\/\/omnivion.net\/core\/fr\/wp-json\/wp\/v2\/pages\/5705\/revisions"}],"predecessor-version":[{"id":5710,"href":"https:\/\/omnivion.net\/core\/fr\/wp-json\/wp\/v2\/pages\/5705\/revisions\/5710"}],"up":[{"embeddable":true,"href":"https:\/\/omnivion.net\/core\/fr\/wp-json\/wp\/v2\/pages\/66"}],"wp:attachment":[{"href":"https:\/\/omnivion.net\/core\/fr\/wp-json\/wp\/v2\/media?parent=5705"}],"curies":[{"name":"wp","href":"https:\/\/api.w.org\/{rel}","templated":true}]}}