{"id":5701,"date":"2025-08-24T23:26:57","date_gmt":"2025-08-24T22:26:57","guid":{"rendered":"https:\/\/omnivion.net\/core\/?page_id=5701"},"modified":"2025-08-24T23:26:57","modified_gmt":"2025-08-24T22:26:57","slug":"olga-deschamps","status":"publish","type":"page","link":"https:\/\/omnivion.net\/core\/fr\/team\/olga-deschamps\/","title":{"rendered":"Olga Deschamps"},"content":{"rendered":"<p><img data-recalc-dims=\"1\" loading=\"lazy\" decoding=\"async\" class=\"alignnone size-full wp-image-5702\" src=\"https:\/\/i0.wp.com\/omnivion.net\/core\/wp-content\/uploads\/2025\/08\/Anima-Chorda-2025b_web.jpg?resize=1200%2C829&#038;ssl=1\" alt=\"\" width=\"1200\" height=\"829\" srcset=\"https:\/\/i0.wp.com\/omnivion.net\/core\/wp-content\/uploads\/2025\/08\/Anima-Chorda-2025b_web.jpg?w=1200&amp;ssl=1 1200w, https:\/\/i0.wp.com\/omnivion.net\/core\/wp-content\/uploads\/2025\/08\/Anima-Chorda-2025b_web.jpg?resize=300%2C207&amp;ssl=1 300w, https:\/\/i0.wp.com\/omnivion.net\/core\/wp-content\/uploads\/2025\/08\/Anima-Chorda-2025b_web.jpg?resize=1024%2C707&amp;ssl=1 1024w, https:\/\/i0.wp.com\/omnivion.net\/core\/wp-content\/uploads\/2025\/08\/Anima-Chorda-2025b_web.jpg?resize=768%2C531&amp;ssl=1 768w\" sizes=\"auto, (max-width: 1000px) 100vw, 1000px\" \/><\/p>\n<p>&nbsp;<\/p>\n<p>Form\u00e9e d\u00e8s le plus jeune \u00e2ge en danse classique par Sylvie Hermeline et Patricia Dugast, Olga Deschamps s\u2019initie \u00e0 la danse contemporaine en 2014 aupr\u00e8s de Nathalie Tissot et \u00e0 la danse hip-hop en 2016. Elle est form\u00e9e en tant qu\u2019artiste chor\u00e9graphique \u00e0 ACTS Paris o\u00f9 elle suit un enseignement en danse contemporaine, danse classique et technique Graham et se forme \u00e0 la vid\u00e9odanse. Au cours de cette formation, elle investit les r\u00e9sidences de chor\u00e9graphes tels qu\u2019Yvann Alexandre, Herman Diephuis et Eva Klimackova, ainsi que des stages dans la Compagnie Virgule et la Compagnie Mar\u00e9cage pour laquelle elle intervient en milieu scolaire dans Au Tableau ! Elle approfondit ensuite sa formation en danse contemporaine et en technique vocale en Italie aux c\u00f4t\u00e9s de Loris Petrillo et Loredana Parrella, o\u00f9 elle d\u00e9couvre le tai-chi. En 2024, elle sort dipl\u00f4m\u00e9e du master Cr\u00e9ation Artistique de l\u2019Universit\u00e9 de Paris avec le parcours Danse Mouvement Th\u00e9rapie. Olga Deschamps fait appel au mouvement dans\u00e9, \u00e0 la po\u00e9sie et \u00e0 la vid\u00e9odanse pour partager une pens\u00e9e engag\u00e9e et un rapport au monde. Enrichie de son exp\u00e9rience en tant que danse-th\u00e9rapeute en psychiatrie, aupr\u00e8s de personnes en situation de handicap et aupr\u00e8s de personnes de la communaut\u00e9 LGBTQIA+, elle interroge au travers de son travail chor\u00e9graphique les liens corps-psych\u00e9 ainsi que la repr\u00e9sentation des corps minoritaires dans nos soci\u00e9t\u00e9s. En 2025, elle danse pour Omnivion, pour la Compagnie Anima Chorda dans sa premi\u00e8re pi\u00e8ce Terra \u00a71, et intervient dans la Compagnie L\u2019\u00c9chapp\u00e9e Belle.<\/p>","protected":false},"excerpt":{"rendered":"<p>&nbsp; Form\u00e9e d\u00e8s le plus jeune \u00e2ge en danse classique par Sylvie Hermeline [&hellip;]<\/p>\n","protected":false},"author":1,"featured_media":0,"parent":66,"menu_order":0,"comment_status":"closed","ping_status":"closed","template":"","meta":{"jetpack_post_was_ever_published":false,"footnotes":""},"class_list":["post-5701","page","type-page","status-publish","hentry"],"yoast_head":"<!-- This site is optimized with the Yoast SEO plugin v26.8 - https:\/\/yoast.com\/product\/yoast-seo-wordpress\/ -->\n<title>Olga Deschamps - omnivion.net<\/title>\n<meta name=\"robots\" content=\"index, follow, max-snippet:-1, max-image-preview:large, max-video-preview:-1\" \/>\n<link rel=\"canonical\" href=\"https:\/\/omnivion.net\/core\/fr\/team\/olga-deschamps\/\" \/>\n<meta property=\"og:locale\" content=\"fr_FR\" \/>\n<meta property=\"og:type\" content=\"article\" \/>\n<meta property=\"og:title\" content=\"Olga Deschamps - omnivion.net\" \/>\n<meta property=\"og:description\" content=\"&nbsp; Form\u00e9e d\u00e8s le plus jeune \u00e2ge en danse classique par Sylvie Hermeline [&hellip;]\" \/>\n<meta property=\"og:url\" content=\"https:\/\/omnivion.net\/core\/fr\/team\/olga-deschamps\/\" \/>\n<meta property=\"og:site_name\" content=\"omnivion.net\" \/>\n<meta property=\"og:image\" content=\"https:\/\/omnivion.net\/core\/wp-content\/uploads\/2025\/08\/Anima-Chorda-2025b_web.jpg\" \/>\n<meta name=\"twitter:card\" content=\"summary_large_image\" \/>\n<meta name=\"twitter:label1\" content=\"Dur\u00e9e de lecture estim\u00e9e\" \/>\n\t<meta name=\"twitter:data1\" content=\"2 minutes\" \/>\n<script type=\"application\/ld+json\" class=\"yoast-schema-graph\">{\"@context\":\"https:\/\/schema.org\",\"@graph\":[{\"@type\":\"WebPage\",\"@id\":\"https:\/\/omnivion.net\/core\/fr\/team\/olga-deschamps\/\",\"url\":\"https:\/\/omnivion.net\/core\/fr\/team\/olga-deschamps\/\",\"name\":\"Olga Deschamps - omnivion.net\",\"isPartOf\":{\"@id\":\"https:\/\/omnivion.net\/core\/fr\/#website\"},\"primaryImageOfPage\":{\"@id\":\"https:\/\/omnivion.net\/core\/fr\/team\/olga-deschamps\/#primaryimage\"},\"image\":{\"@id\":\"https:\/\/omnivion.net\/core\/fr\/team\/olga-deschamps\/#primaryimage\"},\"thumbnailUrl\":\"https:\/\/omnivion.net\/core\/wp-content\/uploads\/2025\/08\/Anima-Chorda-2025b_web.jpg\",\"datePublished\":\"2025-08-24T22:26:57+00:00\",\"breadcrumb\":{\"@id\":\"https:\/\/omnivion.net\/core\/fr\/team\/olga-deschamps\/#breadcrumb\"},\"inLanguage\":\"fr-FR\",\"potentialAction\":[{\"@type\":\"ReadAction\",\"target\":[\"https:\/\/omnivion.net\/core\/fr\/team\/olga-deschamps\/\"]}]},{\"@type\":\"ImageObject\",\"inLanguage\":\"fr-FR\",\"@id\":\"https:\/\/omnivion.net\/core\/fr\/team\/olga-deschamps\/#primaryimage\",\"url\":\"https:\/\/omnivion.net\/core\/wp-content\/uploads\/2025\/08\/Anima-Chorda-2025b_web.jpg\",\"contentUrl\":\"https:\/\/omnivion.net\/core\/wp-content\/uploads\/2025\/08\/Anima-Chorda-2025b_web.jpg\"},{\"@type\":\"BreadcrumbList\",\"@id\":\"https:\/\/omnivion.net\/core\/fr\/team\/olga-deschamps\/#breadcrumb\",\"itemListElement\":[{\"@type\":\"ListItem\",\"position\":1,\"name\":\"Accueil\",\"item\":\"https:\/\/omnivion.net\/core\/en\/silverstorm\/\"},{\"@type\":\"ListItem\",\"position\":2,\"name\":\"Equipe\",\"item\":\"https:\/\/omnivion.net\/core\/team\/\"},{\"@type\":\"ListItem\",\"position\":3,\"name\":\"Olga Deschamps\"}]},{\"@type\":\"WebSite\",\"@id\":\"https:\/\/omnivion.net\/core\/fr\/#website\",\"url\":\"https:\/\/omnivion.net\/core\/fr\/\",\"name\":\"omnivion.net\",\"description\":\"...ARTS D&#039;\u00caTRE CORPS...\",\"potentialAction\":[{\"@type\":\"SearchAction\",\"target\":{\"@type\":\"EntryPoint\",\"urlTemplate\":\"https:\/\/omnivion.net\/core\/fr\/?s={search_term_string}\"},\"query-input\":{\"@type\":\"PropertyValueSpecification\",\"valueRequired\":true,\"valueName\":\"search_term_string\"}}],\"inLanguage\":\"fr-FR\"}]}<\/script>\n<!-- \/ Yoast SEO plugin. -->","yoast_head_json":{"title":"Olga Deschamps - omnivion.net","robots":{"index":"index","follow":"follow","max-snippet":"max-snippet:-1","max-image-preview":"max-image-preview:large","max-video-preview":"max-video-preview:-1"},"canonical":"https:\/\/omnivion.net\/core\/fr\/team\/olga-deschamps\/","og_locale":"fr_FR","og_type":"article","og_title":"Olga Deschamps - omnivion.net","og_description":"&nbsp; Form\u00e9e d\u00e8s le plus jeune \u00e2ge en danse classique par Sylvie Hermeline [&hellip;]","og_url":"https:\/\/omnivion.net\/core\/fr\/team\/olga-deschamps\/","og_site_name":"omnivion.net","og_image":[{"url":"https:\/\/omnivion.net\/core\/wp-content\/uploads\/2025\/08\/Anima-Chorda-2025b_web.jpg","type":"","width":"","height":""}],"twitter_card":"summary_large_image","twitter_misc":{"Dur\u00e9e de lecture estim\u00e9e":"2 minutes"},"schema":{"@context":"https:\/\/schema.org","@graph":[{"@type":"WebPage","@id":"https:\/\/omnivion.net\/core\/fr\/team\/olga-deschamps\/","url":"https:\/\/omnivion.net\/core\/fr\/team\/olga-deschamps\/","name":"Olga Deschamps - omnivion.net","isPartOf":{"@id":"https:\/\/omnivion.net\/core\/fr\/#website"},"primaryImageOfPage":{"@id":"https:\/\/omnivion.net\/core\/fr\/team\/olga-deschamps\/#primaryimage"},"image":{"@id":"https:\/\/omnivion.net\/core\/fr\/team\/olga-deschamps\/#primaryimage"},"thumbnailUrl":"https:\/\/omnivion.net\/core\/wp-content\/uploads\/2025\/08\/Anima-Chorda-2025b_web.jpg","datePublished":"2025-08-24T22:26:57+00:00","breadcrumb":{"@id":"https:\/\/omnivion.net\/core\/fr\/team\/olga-deschamps\/#breadcrumb"},"inLanguage":"fr-FR","potentialAction":[{"@type":"ReadAction","target":["https:\/\/omnivion.net\/core\/fr\/team\/olga-deschamps\/"]}]},{"@type":"ImageObject","inLanguage":"fr-FR","@id":"https:\/\/omnivion.net\/core\/fr\/team\/olga-deschamps\/#primaryimage","url":"https:\/\/omnivion.net\/core\/wp-content\/uploads\/2025\/08\/Anima-Chorda-2025b_web.jpg","contentUrl":"https:\/\/omnivion.net\/core\/wp-content\/uploads\/2025\/08\/Anima-Chorda-2025b_web.jpg"},{"@type":"BreadcrumbList","@id":"https:\/\/omnivion.net\/core\/fr\/team\/olga-deschamps\/#breadcrumb","itemListElement":[{"@type":"ListItem","position":1,"name":"Accueil","item":"https:\/\/omnivion.net\/core\/en\/silverstorm\/"},{"@type":"ListItem","position":2,"name":"Equipe","item":"https:\/\/omnivion.net\/core\/team\/"},{"@type":"ListItem","position":3,"name":"Olga Deschamps"}]},{"@type":"WebSite","@id":"https:\/\/omnivion.net\/core\/fr\/#website","url":"https:\/\/omnivion.net\/core\/fr\/","name":"omnivion.net","description":"...ARTS D&#039;\u00caTRE CORPS...","potentialAction":[{"@type":"SearchAction","target":{"@type":"EntryPoint","urlTemplate":"https:\/\/omnivion.net\/core\/fr\/?s={search_term_string}"},"query-input":{"@type":"PropertyValueSpecification","valueRequired":true,"valueName":"search_term_string"}}],"inLanguage":"fr-FR"}]}},"jetpack_sharing_enabled":true,"jetpack_shortlink":"https:\/\/wp.me\/P2fe7Q-1tX","jetpack_likes_enabled":true,"_links":{"self":[{"href":"https:\/\/omnivion.net\/core\/fr\/wp-json\/wp\/v2\/pages\/5701","targetHints":{"allow":["GET"]}}],"collection":[{"href":"https:\/\/omnivion.net\/core\/fr\/wp-json\/wp\/v2\/pages"}],"about":[{"href":"https:\/\/omnivion.net\/core\/fr\/wp-json\/wp\/v2\/types\/page"}],"author":[{"embeddable":true,"href":"https:\/\/omnivion.net\/core\/fr\/wp-json\/wp\/v2\/users\/1"}],"replies":[{"embeddable":true,"href":"https:\/\/omnivion.net\/core\/fr\/wp-json\/wp\/v2\/comments?post=5701"}],"version-history":[{"count":1,"href":"https:\/\/omnivion.net\/core\/fr\/wp-json\/wp\/v2\/pages\/5701\/revisions"}],"predecessor-version":[{"id":5703,"href":"https:\/\/omnivion.net\/core\/fr\/wp-json\/wp\/v2\/pages\/5701\/revisions\/5703"}],"up":[{"embeddable":true,"href":"https:\/\/omnivion.net\/core\/fr\/wp-json\/wp\/v2\/pages\/66"}],"wp:attachment":[{"href":"https:\/\/omnivion.net\/core\/fr\/wp-json\/wp\/v2\/media?parent=5701"}],"curies":[{"name":"wp","href":"https:\/\/api.w.org\/{rel}","templated":true}]}}