{"id":5694,"date":"2025-08-24T23:15:25","date_gmt":"2025-08-24T22:15:25","guid":{"rendered":"https:\/\/omnivion.net\/core\/?page_id=5694"},"modified":"2025-08-24T23:17:26","modified_gmt":"2025-08-24T22:17:26","slug":"clement-perot","status":"publish","type":"page","link":"https:\/\/omnivion.net\/core\/fr\/team\/clement-perot\/","title":{"rendered":"Cl\u00e9ment P\u00e9rot"},"content":{"rendered":"<p><a href=\"https:\/\/omnivion.net\/core\/team\/clement-perot\/clement_web\/\"><img data-recalc-dims=\"1\" loading=\"lazy\" decoding=\"async\" class=\"alignnone wp-image-5695 \" src=\"https:\/\/i0.wp.com\/omnivion.net\/core\/wp-content\/uploads\/2025\/08\/Clement_web.jpg?resize=1093%2C734&#038;ssl=1\" alt=\"\" width=\"1093\" height=\"734\" srcset=\"https:\/\/i0.wp.com\/omnivion.net\/core\/wp-content\/uploads\/2025\/08\/Clement_web.jpg?resize=1024%2C687&amp;ssl=1 1024w, https:\/\/i0.wp.com\/omnivion.net\/core\/wp-content\/uploads\/2025\/08\/Clement_web.jpg?resize=300%2C201&amp;ssl=1 300w, https:\/\/i0.wp.com\/omnivion.net\/core\/wp-content\/uploads\/2025\/08\/Clement_web.jpg?resize=768%2C515&amp;ssl=1 768w, https:\/\/i0.wp.com\/omnivion.net\/core\/wp-content\/uploads\/2025\/08\/Clement_web.jpg?w=1200&amp;ssl=1 1200w\" sizes=\"auto, (max-width: 1000px) 100vw, 1000px\" \/><\/a><\/p>\n<div>Cl\u00e9ment P\u00e9rot est cin\u00e9aste et artiste, dipl\u00f4m\u00e9 de l\u2019Ensad puis des Beaux-Arts de Paris en 2022. En 2023, il r\u00e9alise son premier court m\u00e9trage documentaire, <i>Dans la t\u00eate un orage<\/i>. Celui-ci est pr\u00e9sent\u00e9 \u00e0 la Quinzaine des cin\u00e9astes \u00e0 Cannes puis dans d\u2019autres festivals fran\u00e7ais et internationaux tels que Clermont-Ferrand et C\u00f4t\u00e9 court, o\u00f9 il re\u00e7oit le prix T\u00ebnk du documentaire de cin\u00e9ma. Il fait \u00e9galement l\u2019objet de programmations dans plusieurs institutions comme le Centre Pompidou, la Cin\u00e9math\u00e8que Fran\u00e7aise et le Hong Kong Arts Centre, et est diffus\u00e9 sur France 2, ainsi que sur les plateformes T\u00ebnk, France T\u00e9l\u00e9visions et Le Cin\u00e9ma Club. Il d\u00e9veloppe actuellement l\u2019\u00e9criture d\u2019un long m\u00e9trage de fiction.<\/div>\n<div>\n<div>\u00c0 travers des formes hybrides dialoguant entre fiction et documentaire, sa pratique filmique s\u2019inscrit dans des espaces en p\u00e9riph\u00e9rie de notre soci\u00e9t\u00e9. Elle germe principalement dans le r\u00e9el \u00e0 partir de rencontres avec des lieux, des gens ou des r\u00e9cits, et s\u2019int\u00e9resse \u00e0 des questions de communaut\u00e9s, de territoires, de marges et de m\u00e9moires.<\/div>\n<\/div>\n<p><\/p>","protected":false},"excerpt":{"rendered":"<p>Cl\u00e9ment P\u00e9rot est cin\u00e9aste et artiste, dipl\u00f4m\u00e9 de l\u2019Ensad puis des Beaux-Arts de [&hellip;]<\/p>\n","protected":false},"author":1,"featured_media":0,"parent":66,"menu_order":0,"comment_status":"closed","ping_status":"closed","template":"","meta":{"jetpack_post_was_ever_published":false,"footnotes":""},"class_list":["post-5694","page","type-page","status-publish","hentry"],"yoast_head":"<!-- This site is optimized with the Yoast SEO plugin v26.8 - https:\/\/yoast.com\/product\/yoast-seo-wordpress\/ -->\n<title>Cl\u00e9ment P\u00e9rot - omnivion.net<\/title>\n<meta name=\"robots\" content=\"index, follow, max-snippet:-1, max-image-preview:large, max-video-preview:-1\" \/>\n<link rel=\"canonical\" href=\"https:\/\/omnivion.net\/core\/fr\/team\/clement-perot\/\" \/>\n<meta property=\"og:locale\" content=\"fr_FR\" \/>\n<meta property=\"og:type\" content=\"article\" \/>\n<meta property=\"og:title\" content=\"Cl\u00e9ment P\u00e9rot - omnivion.net\" \/>\n<meta property=\"og:description\" content=\"Cl\u00e9ment P\u00e9rot est cin\u00e9aste et artiste, dipl\u00f4m\u00e9 de l\u2019Ensad puis des Beaux-Arts de [&hellip;]\" \/>\n<meta property=\"og:url\" content=\"https:\/\/omnivion.net\/core\/fr\/team\/clement-perot\/\" \/>\n<meta property=\"og:site_name\" content=\"omnivion.net\" \/>\n<meta property=\"article:modified_time\" content=\"2025-08-24T22:17:26+00:00\" \/>\n<meta property=\"og:image\" content=\"https:\/\/omnivion.net\/core\/wp-content\/uploads\/2025\/08\/Clement_web-1024x687.jpg\" \/>\n<meta name=\"twitter:card\" content=\"summary_large_image\" \/>\n<meta name=\"twitter:label1\" content=\"Dur\u00e9e de lecture estim\u00e9e\" \/>\n\t<meta name=\"twitter:data1\" content=\"2 minutes\" \/>\n<script type=\"application\/ld+json\" class=\"yoast-schema-graph\">{\"@context\":\"https:\/\/schema.org\",\"@graph\":[{\"@type\":\"WebPage\",\"@id\":\"https:\/\/omnivion.net\/core\/fr\/team\/clement-perot\/\",\"url\":\"https:\/\/omnivion.net\/core\/fr\/team\/clement-perot\/\",\"name\":\"Cl\u00e9ment P\u00e9rot - omnivion.net\",\"isPartOf\":{\"@id\":\"https:\/\/omnivion.net\/core\/fr\/#website\"},\"primaryImageOfPage\":{\"@id\":\"https:\/\/omnivion.net\/core\/fr\/team\/clement-perot\/#primaryimage\"},\"image\":{\"@id\":\"https:\/\/omnivion.net\/core\/fr\/team\/clement-perot\/#primaryimage\"},\"thumbnailUrl\":\"https:\/\/omnivion.net\/core\/wp-content\/uploads\/2025\/08\/Clement_web-1024x687.jpg\",\"datePublished\":\"2025-08-24T22:15:25+00:00\",\"dateModified\":\"2025-08-24T22:17:26+00:00\",\"breadcrumb\":{\"@id\":\"https:\/\/omnivion.net\/core\/fr\/team\/clement-perot\/#breadcrumb\"},\"inLanguage\":\"fr-FR\",\"potentialAction\":[{\"@type\":\"ReadAction\",\"target\":[\"https:\/\/omnivion.net\/core\/fr\/team\/clement-perot\/\"]}]},{\"@type\":\"ImageObject\",\"inLanguage\":\"fr-FR\",\"@id\":\"https:\/\/omnivion.net\/core\/fr\/team\/clement-perot\/#primaryimage\",\"url\":\"https:\/\/omnivion.net\/core\/wp-content\/uploads\/2025\/08\/Clement_web-1024x687.jpg\",\"contentUrl\":\"https:\/\/omnivion.net\/core\/wp-content\/uploads\/2025\/08\/Clement_web-1024x687.jpg\"},{\"@type\":\"BreadcrumbList\",\"@id\":\"https:\/\/omnivion.net\/core\/fr\/team\/clement-perot\/#breadcrumb\",\"itemListElement\":[{\"@type\":\"ListItem\",\"position\":1,\"name\":\"Accueil\",\"item\":\"https:\/\/omnivion.net\/core\/en\/silverstorm\/\"},{\"@type\":\"ListItem\",\"position\":2,\"name\":\"Equipe\",\"item\":\"https:\/\/omnivion.net\/core\/team\/\"},{\"@type\":\"ListItem\",\"position\":3,\"name\":\"Cl\u00e9ment P\u00e9rot\"}]},{\"@type\":\"WebSite\",\"@id\":\"https:\/\/omnivion.net\/core\/fr\/#website\",\"url\":\"https:\/\/omnivion.net\/core\/fr\/\",\"name\":\"omnivion.net\",\"description\":\"...ARTS D&#039;\u00caTRE CORPS...\",\"potentialAction\":[{\"@type\":\"SearchAction\",\"target\":{\"@type\":\"EntryPoint\",\"urlTemplate\":\"https:\/\/omnivion.net\/core\/fr\/?s={search_term_string}\"},\"query-input\":{\"@type\":\"PropertyValueSpecification\",\"valueRequired\":true,\"valueName\":\"search_term_string\"}}],\"inLanguage\":\"fr-FR\"}]}<\/script>\n<!-- \/ Yoast SEO plugin. -->","yoast_head_json":{"title":"Cl\u00e9ment P\u00e9rot - omnivion.net","robots":{"index":"index","follow":"follow","max-snippet":"max-snippet:-1","max-image-preview":"max-image-preview:large","max-video-preview":"max-video-preview:-1"},"canonical":"https:\/\/omnivion.net\/core\/fr\/team\/clement-perot\/","og_locale":"fr_FR","og_type":"article","og_title":"Cl\u00e9ment P\u00e9rot - omnivion.net","og_description":"Cl\u00e9ment P\u00e9rot est cin\u00e9aste et artiste, dipl\u00f4m\u00e9 de l\u2019Ensad puis des Beaux-Arts de [&hellip;]","og_url":"https:\/\/omnivion.net\/core\/fr\/team\/clement-perot\/","og_site_name":"omnivion.net","article_modified_time":"2025-08-24T22:17:26+00:00","og_image":[{"url":"https:\/\/omnivion.net\/core\/wp-content\/uploads\/2025\/08\/Clement_web-1024x687.jpg","type":"","width":"","height":""}],"twitter_card":"summary_large_image","twitter_misc":{"Dur\u00e9e de lecture estim\u00e9e":"2 minutes"},"schema":{"@context":"https:\/\/schema.org","@graph":[{"@type":"WebPage","@id":"https:\/\/omnivion.net\/core\/fr\/team\/clement-perot\/","url":"https:\/\/omnivion.net\/core\/fr\/team\/clement-perot\/","name":"Cl\u00e9ment P\u00e9rot - omnivion.net","isPartOf":{"@id":"https:\/\/omnivion.net\/core\/fr\/#website"},"primaryImageOfPage":{"@id":"https:\/\/omnivion.net\/core\/fr\/team\/clement-perot\/#primaryimage"},"image":{"@id":"https:\/\/omnivion.net\/core\/fr\/team\/clement-perot\/#primaryimage"},"thumbnailUrl":"https:\/\/omnivion.net\/core\/wp-content\/uploads\/2025\/08\/Clement_web-1024x687.jpg","datePublished":"2025-08-24T22:15:25+00:00","dateModified":"2025-08-24T22:17:26+00:00","breadcrumb":{"@id":"https:\/\/omnivion.net\/core\/fr\/team\/clement-perot\/#breadcrumb"},"inLanguage":"fr-FR","potentialAction":[{"@type":"ReadAction","target":["https:\/\/omnivion.net\/core\/fr\/team\/clement-perot\/"]}]},{"@type":"ImageObject","inLanguage":"fr-FR","@id":"https:\/\/omnivion.net\/core\/fr\/team\/clement-perot\/#primaryimage","url":"https:\/\/omnivion.net\/core\/wp-content\/uploads\/2025\/08\/Clement_web-1024x687.jpg","contentUrl":"https:\/\/omnivion.net\/core\/wp-content\/uploads\/2025\/08\/Clement_web-1024x687.jpg"},{"@type":"BreadcrumbList","@id":"https:\/\/omnivion.net\/core\/fr\/team\/clement-perot\/#breadcrumb","itemListElement":[{"@type":"ListItem","position":1,"name":"Accueil","item":"https:\/\/omnivion.net\/core\/en\/silverstorm\/"},{"@type":"ListItem","position":2,"name":"Equipe","item":"https:\/\/omnivion.net\/core\/team\/"},{"@type":"ListItem","position":3,"name":"Cl\u00e9ment P\u00e9rot"}]},{"@type":"WebSite","@id":"https:\/\/omnivion.net\/core\/fr\/#website","url":"https:\/\/omnivion.net\/core\/fr\/","name":"omnivion.net","description":"...ARTS D&#039;\u00caTRE CORPS...","potentialAction":[{"@type":"SearchAction","target":{"@type":"EntryPoint","urlTemplate":"https:\/\/omnivion.net\/core\/fr\/?s={search_term_string}"},"query-input":{"@type":"PropertyValueSpecification","valueRequired":true,"valueName":"search_term_string"}}],"inLanguage":"fr-FR"}]}},"jetpack_sharing_enabled":true,"jetpack_shortlink":"https:\/\/wp.me\/P2fe7Q-1tQ","jetpack_likes_enabled":true,"_links":{"self":[{"href":"https:\/\/omnivion.net\/core\/fr\/wp-json\/wp\/v2\/pages\/5694","targetHints":{"allow":["GET"]}}],"collection":[{"href":"https:\/\/omnivion.net\/core\/fr\/wp-json\/wp\/v2\/pages"}],"about":[{"href":"https:\/\/omnivion.net\/core\/fr\/wp-json\/wp\/v2\/types\/page"}],"author":[{"embeddable":true,"href":"https:\/\/omnivion.net\/core\/fr\/wp-json\/wp\/v2\/users\/1"}],"replies":[{"embeddable":true,"href":"https:\/\/omnivion.net\/core\/fr\/wp-json\/wp\/v2\/comments?post=5694"}],"version-history":[{"count":3,"href":"https:\/\/omnivion.net\/core\/fr\/wp-json\/wp\/v2\/pages\/5694\/revisions"}],"predecessor-version":[{"id":5698,"href":"https:\/\/omnivion.net\/core\/fr\/wp-json\/wp\/v2\/pages\/5694\/revisions\/5698"}],"up":[{"embeddable":true,"href":"https:\/\/omnivion.net\/core\/fr\/wp-json\/wp\/v2\/pages\/66"}],"wp:attachment":[{"href":"https:\/\/omnivion.net\/core\/fr\/wp-json\/wp\/v2\/media?parent=5694"}],"curies":[{"name":"wp","href":"https:\/\/api.w.org\/{rel}","templated":true}]}}