{"id":5665,"date":"2025-07-26T13:16:36","date_gmt":"2025-07-26T12:16:36","guid":{"rendered":"https:\/\/omnivion.net\/core\/?page_id=5665"},"modified":"2026-02-06T13:22:16","modified_gmt":"2026-02-06T12:22:16","slug":"kronos-ou-chronos","status":"publish","type":"page","link":"https:\/\/omnivion.net\/core\/fr\/projets\/projets-artistiques\/kronos-ou-chronos\/","title":{"rendered":"Kronos ou Chronos \/ Newtopia 13 (2025)"},"content":{"rendered":"<p><img data-recalc-dims=\"1\" loading=\"lazy\" decoding=\"async\" class=\"size-full wp-image-5669\" src=\"https:\/\/i0.wp.com\/omnivion.net\/core\/wp-content\/uploads\/2025\/07\/image-from-rawpixel-id-8765584-edit1_web.jpg?resize=1200%2C689&#038;ssl=1\" alt=\"\" width=\"1200\" height=\"689\" srcset=\"https:\/\/i0.wp.com\/omnivion.net\/core\/wp-content\/uploads\/2025\/07\/image-from-rawpixel-id-8765584-edit1_web.jpg?w=1200&amp;ssl=1 1200w, https:\/\/i0.wp.com\/omnivion.net\/core\/wp-content\/uploads\/2025\/07\/image-from-rawpixel-id-8765584-edit1_web.jpg?resize=300%2C172&amp;ssl=1 300w, https:\/\/i0.wp.com\/omnivion.net\/core\/wp-content\/uploads\/2025\/07\/image-from-rawpixel-id-8765584-edit1_web.jpg?resize=1024%2C588&amp;ssl=1 1024w, https:\/\/i0.wp.com\/omnivion.net\/core\/wp-content\/uploads\/2025\/07\/image-from-rawpixel-id-8765584-edit1_web.jpg?resize=768%2C441&amp;ssl=1 768w\" sizes=\"auto, (max-width: 1000px) 100vw, 1000px\" \/><\/p>\n<p>&nbsp;<\/p>\n<p><strong>KRONOS OU CHRONOS<\/strong> est un projet artistique et chor\u00e9graphique inclusif en lien avec le milieu psychiatrique. C\u2019est une entreprise collaborative d\u2019un r\u00e9seau d\u2019artistes amateurs et professionnels autour de nos conceptions et v\u00e9cus du temps. Comment l\u2019art du mouvement peut-il transformer nos perceptions et nos id\u00e9es sur le temps ?<br \/>\nC&rsquo;est une nouvelle exp\u00e9dition de la cr\u00e9ation artistique dans l\u2019inconnu qui glisse sur les fronti\u00e8res entre le monde de la sant\u00e9 et le monde de la danse contemporaine et qui a commenc\u00e9 en 2013 : Newtopia \/ Danse et Sant\u00e9 Psychique &amp; Mentale, en Touraine et ailleurs. Dimitri Tsiapkinis dirige ce projet riche d\u2019\u00e9v\u00e9nements artistiques et p\u00e9dagogiques avec la complicit\u00e9 de l\u2019\u00e9quipe d\u2019Omnivion, un groupe compos\u00e9 d\u2019artistes professionnels et amateurs, certains souffrant de psychopathologies. Notre 12\u00e8me production, Se Faire Un ? Des ? Films ? \u00e0 la Pl\u00e9iade \u00e0 Tours en mai 2025, a \u00e9mu notre public et nos artistes.<\/p>\n<p><strong>KRONOS OU CHRONOS<\/strong> s\u2019adresse \u00e0 des personnes hospitalis\u00e9es et\/ou suivies en milieu psychiatrique ou EME, une partie de l\u2019\u00e9quipe soignante, des danseurs professionnels et amateurs, et autres artistes invit\u00e9s. Un laboratoire d\u2019explorations chor\u00e9graphiques, musicales et th\u00e9\u00e2trales pour promouvoir l\u2019authenticit\u00e9, les \u00e9changes sociaux et la citoyennet\u00e9. <strong>C\u2019est une cr\u00e9ation inclusive qui vise \u00e0 po\u00e9tiser notre rapport au temps.<\/strong><\/p>\n<p>Temps pr\u00e9sent, \u00e9ternit\u00e9, atemporalit\u00e9, pass\u00e9, avenir, temps quantique : des concepts philosophiques qui donnent le vertige. Mais <strong>l\u2019art de la danse, l\u2019art du mouvement est l\u2019art par excellence pour traiter la question du temps<\/strong>. La danse est la matrice m\u00eame de tous les arts : sans mouvement corporel expressif, pas d\u2019acte artistique. En sant\u00e9 psychique, nous savons bien que le rapport au temps pass\u00e9 et futur est une source de souffrance pour certains d\u2019entre nous. Le rapport \u00e0 l\u2019autre, la qualit\u00e9 du temps que nous passons avec les autres, semble se r\u00e9tr\u00e9cir, surtout pour des personnes souffrant de psychopathologies. La solitude aussi affecte notre rapport au temps et notre bien-\u00eatre. Un rapport sensible \u00e0 notre corpor\u00e9it\u00e9, \u00e0 nos temporalit\u00e9s int\u00e9rieures, une mise en commun des outils artistiques pour explorer en communaut\u00e9 et po\u00e9tiser les questions du temps, ouvrira de nouveaux espaces-temps \u00e9mouvants et nourrira la communaut\u00e9 par les esth\u00e9tiques du geste dans\u00e9.<\/p>\n<p>&nbsp;<\/p>\n<h2><strong>Au programme :<\/strong><\/h2>\n<p>&nbsp;<\/p>\n<p><strong>\u2013 13 juin 2025 : <a href=\"https:\/\/omnivion.net\/core\/fr\/projets\/projets-artistiques\/kronos-ou-chronos\/13-1\/\">Kronos ou Chronos \/ Newtopia 13.1<\/a><\/strong>, performance \u00e0 la Guinguette de Tours (37000)<\/p>\n<p><strong>\u2013 14 juin 2025 : <a href=\"https:\/\/omnivion.net\/core\/fr\/projets\/projets-artistiques\/kronos-ou-chronos\/13-2\/\">Kronos ou Chronos \/ Newtopia 13.2<\/a><\/strong>, performance \u00e0 la Confluence P\u00f4le de Sant\u00e9 Mentale, Saint-Cyr-sur-Loire (37540)<\/p>\n<p><strong>\u2013 24 juin 2025 : <a href=\"https:\/\/omnivion.net\/core\/fr\/projets\/projets-artistiques\/kronos-ou-chronos\/13-3\/\">Kronos ou Chronos \/ Newtopia 13.3<\/a><\/strong>, performance au Service Psychiatrique A du CHU de Tours, Saint-Avertin (37550)<\/p>\n<p><strong>\u2013 22 Ao\u00fbt 2025 : <a href=\"https:\/\/omnivion.net\/core\/projets\/projets-artistiques\/kronos-ou-chronos\/minotaure\/\">Kronos ou Chronos \/ Newtopia 13.4 \/ Minotaure<\/a>,<\/strong> performance \u00e0 Apothiki, Gall\u00e9rie Municipale de Nikiti, Gr\u00e8ce (63088)<\/p>\n<p><strong>\u2013 9-12 octobre 2025 : <a href=\"https:\/\/omnivion.net\/core\/projets\/projets-artistiques\/kronos-ou-chronos\/newt13-6\/\">Kronos ou Chronos \/ Newtopia 13.6<\/a>, <\/strong>performances, expo et projections, \u00e0 la Salle Capitulaire, celliers St. Julien, Tours (37000)<\/p>\n<p><strong>\u2013 Novembre 2025 &#8211; Mai 2026 : <a href=\"https:\/\/flic.kr\/s\/aHBqjCFzot\">Kronos ou Chronos \/ Newtopia 13.5<\/a>,<\/strong> exposition photos au BAPU, Tours (37200)<\/p>\n<p><strong>\u2013 Automne 2025 : <a href=\"https:\/\/flic.kr\/s\/aHBqjCEtoC\">Kronos ou Chronos \/ Newtopia 13.7<\/a>, <\/strong>exposition photos \u00e0 l&rsquo;APAJH37, Langeais (37130)<\/p>\n<p><strong>\u2013\u00a0<\/strong><strong>23 mai 2026 : <\/strong><a href=\"https:\/\/omnivion.net\/core\/projets\/projets-artistiques\/kronos-ou-chronos\/kronos\/\"><strong>Kronos &amp; Chronos \/ Newtopia 13.8, <\/strong><\/a>cr\u00e9ation danse-th\u00e9\u00e2trale \u00e0 la Pl\u00e9iade, La Riche (37520)<\/p>\n<p>&nbsp;<\/p>\n<p><strong>PRODUCTION : OMNIVION Arts d&rsquo;\u00catre Corps, avec le soutien du <a href=\"https:\/\/www.ccntours.com\/\" target=\"_blank\" rel=\"noopener\">CCN de Tours \/ Thomas Lebrun<\/a>.<\/strong><\/p>\n<p><strong><br \/>\nPARTENAIRES ET FINANCEMENT :<\/strong><\/p>\n<p><strong>CCN de Tours, Ville de Tours, Mus\u00e9e du Compagnonnage, Ville de La Riche\/ La Pl\u00e9iade, Fonds de dotation Transept2, CHU de Tours, P\u00f4le de sant\u00e9 la Confluence, IME de Reugny, APAJH37, Magazine Trakt, Centre Social la Rabi\u00e8re, Centre Social Plurielles, Commune de Nikiti \/ Gr\u00e8ce.<\/strong><\/p>\n<p>&nbsp;<\/p>\n<p><span style=\"font-family: arial, helvetica, sans-serif;\">Photo en t\u00eate : Hine, Lewis 1908 \/ CC<span style=\"font-size: 12pt;\">0<\/span><\/span><\/p>","protected":false},"excerpt":{"rendered":"<p>&nbsp; KRONOS OU CHRONOS est un projet artistique et chor\u00e9graphique inclusif en lien [&hellip;]<\/p>\n","protected":false},"author":1,"featured_media":0,"parent":60,"menu_order":0,"comment_status":"closed","ping_status":"closed","template":"","meta":{"jetpack_post_was_ever_published":false,"footnotes":""},"class_list":["post-5665","page","type-page","status-publish","hentry"],"yoast_head":"<!-- This site is optimized with the Yoast SEO plugin v27.4 - https:\/\/yoast.com\/product\/yoast-seo-wordpress\/ -->\n<title>Kronos ou Chronos \/ Newtopia 13 (2025) - omnivion.net<\/title>\n<meta name=\"robots\" content=\"index, follow, max-snippet:-1, max-image-preview:large, max-video-preview:-1\" \/>\n<link rel=\"canonical\" href=\"https:\/\/omnivion.net\/core\/fr\/projets\/projets-artistiques\/kronos-ou-chronos\/\" \/>\n<meta property=\"og:locale\" content=\"fr_FR\" \/>\n<meta property=\"og:type\" content=\"article\" \/>\n<meta property=\"og:title\" content=\"Kronos ou Chronos \/ Newtopia 13 (2025) - omnivion.net\" \/>\n<meta property=\"og:description\" content=\"&nbsp; KRONOS OU CHRONOS est un projet artistique et chor\u00e9graphique inclusif en lien [&hellip;]\" \/>\n<meta property=\"og:url\" content=\"https:\/\/omnivion.net\/core\/fr\/projets\/projets-artistiques\/kronos-ou-chronos\/\" \/>\n<meta property=\"og:site_name\" content=\"omnivion.net\" \/>\n<meta property=\"article:modified_time\" content=\"2026-02-06T12:22:16+00:00\" \/>\n<meta property=\"og:image\" content=\"https:\/\/omnivion.net\/core\/wp-content\/uploads\/2025\/07\/image-from-rawpixel-id-8765584-edit1_web.jpg\" \/>\n<meta name=\"twitter:card\" content=\"summary_large_image\" \/>\n<meta name=\"twitter:label1\" content=\"Dur\u00e9e de lecture estim\u00e9e\" \/>\n\t<meta name=\"twitter:data1\" content=\"4 minutes\" \/>\n<script type=\"application\/ld+json\" class=\"yoast-schema-graph\">{\"@context\":\"https:\\\/\\\/schema.org\",\"@graph\":[{\"@type\":\"WebPage\",\"@id\":\"https:\\\/\\\/omnivion.net\\\/core\\\/fr\\\/projets\\\/projets-artistiques\\\/kronos-ou-chronos\\\/\",\"url\":\"https:\\\/\\\/omnivion.net\\\/core\\\/fr\\\/projets\\\/projets-artistiques\\\/kronos-ou-chronos\\\/\",\"name\":\"Kronos ou Chronos \\\/ Newtopia 13 (2025) - omnivion.net\",\"isPartOf\":{\"@id\":\"https:\\\/\\\/omnivion.net\\\/core\\\/fr\\\/#website\"},\"primaryImageOfPage\":{\"@id\":\"https:\\\/\\\/omnivion.net\\\/core\\\/fr\\\/projets\\\/projets-artistiques\\\/kronos-ou-chronos\\\/#primaryimage\"},\"image\":{\"@id\":\"https:\\\/\\\/omnivion.net\\\/core\\\/fr\\\/projets\\\/projets-artistiques\\\/kronos-ou-chronos\\\/#primaryimage\"},\"thumbnailUrl\":\"https:\\\/\\\/omnivion.net\\\/core\\\/wp-content\\\/uploads\\\/2025\\\/07\\\/image-from-rawpixel-id-8765584-edit1_web.jpg\",\"datePublished\":\"2025-07-26T12:16:36+00:00\",\"dateModified\":\"2026-02-06T12:22:16+00:00\",\"breadcrumb\":{\"@id\":\"https:\\\/\\\/omnivion.net\\\/core\\\/fr\\\/projets\\\/projets-artistiques\\\/kronos-ou-chronos\\\/#breadcrumb\"},\"inLanguage\":\"fr-FR\",\"potentialAction\":[{\"@type\":\"ReadAction\",\"target\":[\"https:\\\/\\\/omnivion.net\\\/core\\\/fr\\\/projets\\\/projets-artistiques\\\/kronos-ou-chronos\\\/\"]}]},{\"@type\":\"ImageObject\",\"inLanguage\":\"fr-FR\",\"@id\":\"https:\\\/\\\/omnivion.net\\\/core\\\/fr\\\/projets\\\/projets-artistiques\\\/kronos-ou-chronos\\\/#primaryimage\",\"url\":\"https:\\\/\\\/omnivion.net\\\/core\\\/wp-content\\\/uploads\\\/2025\\\/07\\\/image-from-rawpixel-id-8765584-edit1_web.jpg\",\"contentUrl\":\"https:\\\/\\\/omnivion.net\\\/core\\\/wp-content\\\/uploads\\\/2025\\\/07\\\/image-from-rawpixel-id-8765584-edit1_web.jpg\"},{\"@type\":\"BreadcrumbList\",\"@id\":\"https:\\\/\\\/omnivion.net\\\/core\\\/fr\\\/projets\\\/projets-artistiques\\\/kronos-ou-chronos\\\/#breadcrumb\",\"itemListElement\":[{\"@type\":\"ListItem\",\"position\":1,\"name\":\"Accueil\",\"item\":\"https:\\\/\\\/omnivion.net\\\/core\\\/en\\\/silverstorm\\\/\"},{\"@type\":\"ListItem\",\"position\":2,\"name\":\"Projets\",\"item\":\"https:\\\/\\\/omnivion.net\\\/core\\\/fr\\\/projets\\\/\"},{\"@type\":\"ListItem\",\"position\":3,\"name\":\"Projets Artistiques\",\"item\":\"https:\\\/\\\/omnivion.net\\\/core\\\/projets\\\/projets-artistiques\\\/\"},{\"@type\":\"ListItem\",\"position\":4,\"name\":\"Kronos ou Chronos \\\/ Newtopia 13 (2025)\"}]},{\"@type\":\"WebSite\",\"@id\":\"https:\\\/\\\/omnivion.net\\\/core\\\/fr\\\/#website\",\"url\":\"https:\\\/\\\/omnivion.net\\\/core\\\/fr\\\/\",\"name\":\"omnivion.net\",\"description\":\"...ARTS D&#039;\u00caTRE CORPS...\",\"potentialAction\":[{\"@type\":\"SearchAction\",\"target\":{\"@type\":\"EntryPoint\",\"urlTemplate\":\"https:\\\/\\\/omnivion.net\\\/core\\\/fr\\\/?s={search_term_string}\"},\"query-input\":{\"@type\":\"PropertyValueSpecification\",\"valueRequired\":true,\"valueName\":\"search_term_string\"}}],\"inLanguage\":\"fr-FR\"}]}<\/script>\n<!-- \/ Yoast SEO plugin. -->","yoast_head_json":{"title":"Kronos ou Chronos \/ Newtopia 13 (2025) - omnivion.net","robots":{"index":"index","follow":"follow","max-snippet":"max-snippet:-1","max-image-preview":"max-image-preview:large","max-video-preview":"max-video-preview:-1"},"canonical":"https:\/\/omnivion.net\/core\/fr\/projets\/projets-artistiques\/kronos-ou-chronos\/","og_locale":"fr_FR","og_type":"article","og_title":"Kronos ou Chronos \/ Newtopia 13 (2025) - omnivion.net","og_description":"&nbsp; KRONOS OU CHRONOS est un projet artistique et chor\u00e9graphique inclusif en lien [&hellip;]","og_url":"https:\/\/omnivion.net\/core\/fr\/projets\/projets-artistiques\/kronos-ou-chronos\/","og_site_name":"omnivion.net","article_modified_time":"2026-02-06T12:22:16+00:00","og_image":[{"url":"https:\/\/omnivion.net\/core\/wp-content\/uploads\/2025\/07\/image-from-rawpixel-id-8765584-edit1_web.jpg","type":"","width":"","height":""}],"twitter_card":"summary_large_image","twitter_misc":{"Dur\u00e9e de lecture estim\u00e9e":"4 minutes"},"schema":{"@context":"https:\/\/schema.org","@graph":[{"@type":"WebPage","@id":"https:\/\/omnivion.net\/core\/fr\/projets\/projets-artistiques\/kronos-ou-chronos\/","url":"https:\/\/omnivion.net\/core\/fr\/projets\/projets-artistiques\/kronos-ou-chronos\/","name":"Kronos ou Chronos \/ Newtopia 13 (2025) - omnivion.net","isPartOf":{"@id":"https:\/\/omnivion.net\/core\/fr\/#website"},"primaryImageOfPage":{"@id":"https:\/\/omnivion.net\/core\/fr\/projets\/projets-artistiques\/kronos-ou-chronos\/#primaryimage"},"image":{"@id":"https:\/\/omnivion.net\/core\/fr\/projets\/projets-artistiques\/kronos-ou-chronos\/#primaryimage"},"thumbnailUrl":"https:\/\/omnivion.net\/core\/wp-content\/uploads\/2025\/07\/image-from-rawpixel-id-8765584-edit1_web.jpg","datePublished":"2025-07-26T12:16:36+00:00","dateModified":"2026-02-06T12:22:16+00:00","breadcrumb":{"@id":"https:\/\/omnivion.net\/core\/fr\/projets\/projets-artistiques\/kronos-ou-chronos\/#breadcrumb"},"inLanguage":"fr-FR","potentialAction":[{"@type":"ReadAction","target":["https:\/\/omnivion.net\/core\/fr\/projets\/projets-artistiques\/kronos-ou-chronos\/"]}]},{"@type":"ImageObject","inLanguage":"fr-FR","@id":"https:\/\/omnivion.net\/core\/fr\/projets\/projets-artistiques\/kronos-ou-chronos\/#primaryimage","url":"https:\/\/omnivion.net\/core\/wp-content\/uploads\/2025\/07\/image-from-rawpixel-id-8765584-edit1_web.jpg","contentUrl":"https:\/\/omnivion.net\/core\/wp-content\/uploads\/2025\/07\/image-from-rawpixel-id-8765584-edit1_web.jpg"},{"@type":"BreadcrumbList","@id":"https:\/\/omnivion.net\/core\/fr\/projets\/projets-artistiques\/kronos-ou-chronos\/#breadcrumb","itemListElement":[{"@type":"ListItem","position":1,"name":"Accueil","item":"https:\/\/omnivion.net\/core\/en\/silverstorm\/"},{"@type":"ListItem","position":2,"name":"Projets","item":"https:\/\/omnivion.net\/core\/fr\/projets\/"},{"@type":"ListItem","position":3,"name":"Projets Artistiques","item":"https:\/\/omnivion.net\/core\/projets\/projets-artistiques\/"},{"@type":"ListItem","position":4,"name":"Kronos ou Chronos \/ Newtopia 13 (2025)"}]},{"@type":"WebSite","@id":"https:\/\/omnivion.net\/core\/fr\/#website","url":"https:\/\/omnivion.net\/core\/fr\/","name":"omnivion.net","description":"...ARTS D&#039;\u00caTRE CORPS...","potentialAction":[{"@type":"SearchAction","target":{"@type":"EntryPoint","urlTemplate":"https:\/\/omnivion.net\/core\/fr\/?s={search_term_string}"},"query-input":{"@type":"PropertyValueSpecification","valueRequired":true,"valueName":"search_term_string"}}],"inLanguage":"fr-FR"}]}},"jetpack_sharing_enabled":true,"jetpack_shortlink":"https:\/\/wp.me\/P2fe7Q-1tn","jetpack_likes_enabled":true,"_links":{"self":[{"href":"https:\/\/omnivion.net\/core\/fr\/wp-json\/wp\/v2\/pages\/5665","targetHints":{"allow":["GET"]}}],"collection":[{"href":"https:\/\/omnivion.net\/core\/fr\/wp-json\/wp\/v2\/pages"}],"about":[{"href":"https:\/\/omnivion.net\/core\/fr\/wp-json\/wp\/v2\/types\/page"}],"author":[{"embeddable":true,"href":"https:\/\/omnivion.net\/core\/fr\/wp-json\/wp\/v2\/users\/1"}],"replies":[{"embeddable":true,"href":"https:\/\/omnivion.net\/core\/fr\/wp-json\/wp\/v2\/comments?post=5665"}],"version-history":[{"count":26,"href":"https:\/\/omnivion.net\/core\/fr\/wp-json\/wp\/v2\/pages\/5665\/revisions"}],"predecessor-version":[{"id":5921,"href":"https:\/\/omnivion.net\/core\/fr\/wp-json\/wp\/v2\/pages\/5665\/revisions\/5921"}],"up":[{"embeddable":true,"href":"https:\/\/omnivion.net\/core\/fr\/wp-json\/wp\/v2\/pages\/60"}],"wp:attachment":[{"href":"https:\/\/omnivion.net\/core\/fr\/wp-json\/wp\/v2\/media?parent=5665"}],"curies":[{"name":"wp","href":"https:\/\/api.w.org\/{rel}","templated":true}]}}