{"id":5639,"date":"2025-07-04T11:19:20","date_gmt":"2025-07-04T10:19:20","guid":{"rendered":"https:\/\/omnivion.net\/core\/?page_id=5639"},"modified":"2025-07-04T11:32:47","modified_gmt":"2025-07-04T10:32:47","slug":"synkrousi","status":"publish","type":"page","link":"https:\/\/omnivion.net\/core\/fr\/projets\/projets-artistiques\/synkrousi\/","title":{"rendered":"\u03a3\u03a5\u039d-\u039a\u03a1\u039f\u03a5\u03a3\u0397 (2024)"},"content":{"rendered":"<p><div id=\"attachment_5640\" style=\"width: 1210px\" class=\"wp-caption alignnone\"><img data-recalc-dims=\"1\" loading=\"lazy\" decoding=\"async\" aria-describedby=\"caption-attachment-5640\" class=\"size-full wp-image-5640\" src=\"https:\/\/i0.wp.com\/omnivion.net\/core\/wp-content\/uploads\/2025\/07\/2-53_redimensionner_web.jpg?resize=1200%2C800&#038;ssl=1\" alt=\"\" width=\"1200\" height=\"800\" srcset=\"https:\/\/i0.wp.com\/omnivion.net\/core\/wp-content\/uploads\/2025\/07\/2-53_redimensionner_web.jpg?w=1200&amp;ssl=1 1200w, https:\/\/i0.wp.com\/omnivion.net\/core\/wp-content\/uploads\/2025\/07\/2-53_redimensionner_web.jpg?resize=300%2C200&amp;ssl=1 300w, https:\/\/i0.wp.com\/omnivion.net\/core\/wp-content\/uploads\/2025\/07\/2-53_redimensionner_web.jpg?resize=1024%2C683&amp;ssl=1 1024w, https:\/\/i0.wp.com\/omnivion.net\/core\/wp-content\/uploads\/2025\/07\/2-53_redimensionner_web.jpg?resize=768%2C512&amp;ssl=1 768w\" sizes=\"auto, (max-width: 1000px) 100vw, 1000px\" \/><p id=\"caption-attachment-5640\" class=\"wp-caption-text\">Photo par Apostolos Zacharakis<\/p><\/div><\/p>\n<p>&nbsp;<\/p>\n<h2>\u03a3\u03a5\u039d-\u039a\u03a1\u039f\u03a5\u03a3H (2024)<\/h2>\n<p><strong>Un projet du <a href=\"https:\/\/milosdancetheater.com\/\">Centre International de Danse et de Th\u00e9\u00e2tre de Milos<\/a> avec la collaboration d&rsquo;Omnivion.<\/strong><\/p>\n<p><strong>Pr\u00e9sent\u00e9 le 21 juillet 2024 au Centre de Conf\u00e9rence de Milos, Cyclades \/ Gr\u00e8ce.<\/strong><\/p>\n<p>Photos : <a href=\"https:\/\/www.flickr.com\/photos\/omnivion\/albums\/72177720320317226\/\">https:\/\/www.flickr.com\/photos\/omnivion\/albums\/72177720320317226\/<\/a><\/p>\n<p>&nbsp;<\/p>\n<p>&nbsp;<\/p>\n<p><strong>Note d\u2019intention<\/strong><\/p>\n<p>Il s&rsquo;agit d&rsquo;une action intersectorielle sous la forme d&rsquo;un atelier en trois parties pour les enfants et les adolescents, au cours duquel nous explorerons les limites de la notion du conflit social, psychologique et corporel.<\/p>\n<p>Le groupe de participants aux ateliers, \u00e2g\u00e9s de 10 \u00e0 18 ans, exp\u00e9rimentera sous la direction de deux animateurs\/p\u00e9dagogues (Filio Louvari, Dimitri Tsiapkinis) de mani\u00e8re ludique, en utilisant des outils issus de la danse contemporaine, des arts martiaux et du th\u00e9\u00e2tre corporel.<\/p>\n<p>Comment \u00e9duquer les enfants et les adolescents \u00e0 \u00e9viter les conflits destructeurs ? Comment les sensibiliser \u00e0 la n\u00e9cessit\u00e9 de limiter la violence ? Toute forme de violence est-elle \u00ab mauvaise\u00bb ? Avant m\u00eame d&rsquo;aborder le concept de conflit, examinons l&rsquo;\u00e9tymologie du mot d&rsquo;un point de vue scientifique : Une collision est un ph\u00e9nom\u00e8ne physique qui d\u00e9signe le rapprochement instantan\u00e9 de deux corps. Et nous connaissons bien le pr\u00e9fixe \u00abco-\u00bb : il signifie \u00ab\u00a0ensemble\u00a0\u00bb.<\/p>\n<p>Alors&#8230; une collision ensemble ? Que signifie cet oxymore ?<\/p>\n<p>Qui se souvient de la lutte enrag\u00e9e de son enfance avec les fr\u00e8res et s\u0153urs ou les copains dans le salon ? Des bagarres pleines de vitalit\u00e9 et d&rsquo;excitation, apportant une sorte de joie myst\u00e9rieuse ? Aujourd&rsquo;hui, nous l&rsquo;attribuerions certainement au ph\u00e9nom\u00e8ne du d\u00e9veloppement de la testost\u00e9rone qui, soit dit en passant, n&rsquo;est pas l&rsquo;apanage des seuls gar\u00e7ons. Il appara\u00eet comme une tendance naturelle saine qui renforce le corps et participe au d\u00e9veloppement de l&rsquo;esprit.<\/p>\n<p>Notre morale pacifiste (apr\u00e8s deux guerres) tend \u00e0 r\u00e9primer toute forme de violence avec un z\u00e8le fervent, surtout quand on voit des petits gar\u00e7ons \u00ab se taper dessus \u00bb. Il est d\u00e9sormais tr\u00e8s rare que les jeunes expriment cet \u00e9lan. Un \u00e9lan qui n&rsquo;est pas seulement dirig\u00e9 contre l&rsquo;autre mais aussi contre l&rsquo;univers : grimper aux arbres, courir \u00e0 travers les champs pour s&rsquo;amuser, crier fort, lancer des pierres le plus loin possible, et ainsi de suite. \u00c0 l&rsquo;\u00e9cole, de tels comportements sont consid\u00e9r\u00e9s comme inappropri\u00e9s et sont difficiles \u00e0 traiter de mani\u00e8re \u00ab productive \u00bb.<\/p>\n<p>Lors d&rsquo;un atelier avec des lyc\u00e9ens, je me souviens du profond \u00e9merveillement sur leurs visages lorsque je leur ai demand\u00e9 de courir \u00e0 travers une ar\u00e8ne rouge en hurlant, ce qu&rsquo;ils auraient fait spontan\u00e9ment si aucun adulte n&rsquo;\u00e9tait pr\u00e9sent&#8230; Certains d&rsquo;entre eux ont timidement demand\u00e9 la permission \u00e0 leur professeur suite \u00e0 mes mes instructions ! L&rsquo;excitation qu&rsquo;ils ont ressentie par la suite \u00e9tait tr\u00e8s amusante. Je consid\u00e8re qu&rsquo;une familiarisation prudente des jeunes avec les conflits verbaux et physiques est une priorit\u00e9 absolue, afin de stimuler leur intelligence kinesth\u00e9sique et \u00e9motionnelle.<\/p>\n<p>Exemples : Quand et o\u00f9 suis-je bless\u00e9 par tel ou tel comportement ?<\/p>\n<p>Ma camarade de classe pourrait-elle \u00eatre bless\u00e9e de la m\u00eame mani\u00e8re si je lui faisais la m\u00eame chose ? Comment tomber sans se faire mal et comment accompagner quelqu&rsquo;un dans sa chute ? Quel poids puis-je donner \u00e0 l&rsquo;autre et comment puis-je y participer physiquement ou mentalement ?<\/p>\n<p>&nbsp;<\/p>\n<h3>Approche p\u00e9dagogique<\/h3>\n<p>Comme toutes les actions du CIDTM, celle-ci aborde l&rsquo;enseignement comme un processus d&rsquo;\u00e9change et de coop\u00e9ration entre formateur et \u00e9tudiant et sera men\u00e9e avec les m\u00e9thodes de la \u00ab P\u00e9dagogie de la joie \u00bb et de la \u00ab Communication non violente \u00bb. Un processus d\u2019enseignement non formelle plein de cr\u00e9ation, et avec le concept du jeu comme point de d\u00e9part de chaque action\/exercice.<\/p>\n<p>La dimension exp\u00e9rimentale de ces ateliers r\u00e9side dans le fait que les ateliers seront suivis par les \u00e9tudiants et les trois animateurs, cr\u00e9ant ainsi une hi\u00e9rarchie horizontale (nous pr\u00e9f\u00e9rons dire une \u00ab non-hi\u00e9rarchie \u00bb) dans le groupe qui, \u00e0 la fin de l&rsquo;action, d\u00e9cidera de la forme de la performance. D&rsquo;autres mati\u00e8res des ateliers deviendront des sc\u00e8nes qui seront partag\u00e9es avec le public, et d&rsquo;autres resteront \u00ab secr\u00e8tes \u00bb entre les participants, en fonction de la volont\u00e9 des jeunes.<\/p>\n<p>&nbsp;<\/p>\n<h3>Objectif<\/h3>\n<p>L&rsquo;un des principaux objectifs du Centre International de Danse et de Th\u00e9\u00e2tre de Milos est de renforcer l&rsquo;id\u00e9e que l&rsquo;art s&rsquo;adresse \u00e0 toute personne sans exception, en mettant l&rsquo;accent sur l&rsquo;autonomisation des enfants et des adolescents. Comme tous nos projets, cette action sp\u00e9cifique vise \u00e0 d\u00e9velopper l&rsquo;intelligence kinesth\u00e9sique, \u00e9motionnelle et intellectuelle, loin des st\u00e9r\u00e9otypes sociaux, des \u00ab habitudes \u00bb et de la discrimination du pass\u00e9. C\u2019est une tentative de sensibilisation et d&rsquo;\u00e9veil qui inspirera les communaut\u00e9s des prochaines g\u00e9n\u00e9rations \u00e0 des perceptions diff\u00e9rentes de soi, d&rsquo;autrui et du monde.<\/p>\n<p>&nbsp;<\/p>\n<p><strong>Animation de l&rsquo;atelier p\u00e9dagogique \/ Chor\u00e9graphie \/ Direction :<\/strong> Filio Louvari, Dimitri Tsiapkinis<\/p>\n<p><strong>Interpr\u00e9tation \/ Performance :<\/strong> Le groupe d&rsquo;enfants et d&rsquo;adolescents de l&rsquo;atelier avec les animateurs<\/p>\n<p><strong>Photographe :<\/strong> Apostolos Zacharakis<\/p>\n<p><strong>Organisation de la production :<\/strong> Stelios Zoulias<\/p>\n<p><strong>Communication :<\/strong> Centre International de Danse et de Th\u00e9\u00e2tre de Milos (CIDTM)<\/p>\n<p><strong>Page web :<\/strong> <a href=\"https:\/\/milosdancetheater.com\">https:\/\/milosdancetheater.com<\/a><\/p>\n<p>&nbsp;<\/p>","protected":false},"excerpt":{"rendered":"<p>&nbsp; \u03a3\u03a5\u039d-\u039a\u03a1\u039f\u03a5\u03a3H (2024) Un projet du Centre International de Danse et de Th\u00e9\u00e2tre [&hellip;]<\/p>\n","protected":false},"author":1,"featured_media":0,"parent":60,"menu_order":0,"comment_status":"closed","ping_status":"closed","template":"","meta":{"jetpack_post_was_ever_published":false,"footnotes":""},"class_list":["post-5639","page","type-page","status-publish","hentry"],"yoast_head":"<!-- This site is optimized with the Yoast SEO plugin v26.8 - https:\/\/yoast.com\/product\/yoast-seo-wordpress\/ -->\n<title>\u03a3\u03a5\u039d-\u039a\u03a1\u039f\u03a5\u03a3\u0397 (2024) - omnivion.net<\/title>\n<meta name=\"robots\" content=\"index, follow, max-snippet:-1, max-image-preview:large, max-video-preview:-1\" \/>\n<link rel=\"canonical\" href=\"https:\/\/omnivion.net\/core\/fr\/projets\/projets-artistiques\/synkrousi\/\" \/>\n<meta property=\"og:locale\" content=\"fr_FR\" \/>\n<meta property=\"og:type\" content=\"article\" \/>\n<meta property=\"og:title\" content=\"\u03a3\u03a5\u039d-\u039a\u03a1\u039f\u03a5\u03a3\u0397 (2024) - omnivion.net\" \/>\n<meta property=\"og:description\" content=\"&nbsp; \u03a3\u03a5\u039d-\u039a\u03a1\u039f\u03a5\u03a3H (2024) Un projet du Centre International de Danse et de Th\u00e9\u00e2tre [&hellip;]\" \/>\n<meta property=\"og:url\" content=\"https:\/\/omnivion.net\/core\/fr\/projets\/projets-artistiques\/synkrousi\/\" \/>\n<meta property=\"og:site_name\" content=\"omnivion.net\" \/>\n<meta property=\"article:modified_time\" content=\"2025-07-04T10:32:47+00:00\" \/>\n<meta property=\"og:image\" content=\"https:\/\/omnivion.net\/core\/wp-content\/uploads\/2025\/07\/2-53_redimensionner_web.jpg\" \/>\n<meta name=\"twitter:card\" content=\"summary_large_image\" \/>\n<meta name=\"twitter:label1\" content=\"Dur\u00e9e de lecture estim\u00e9e\" \/>\n\t<meta name=\"twitter:data1\" content=\"5 minutes\" \/>\n<script type=\"application\/ld+json\" class=\"yoast-schema-graph\">{\"@context\":\"https:\/\/schema.org\",\"@graph\":[{\"@type\":\"WebPage\",\"@id\":\"https:\/\/omnivion.net\/core\/fr\/projets\/projets-artistiques\/synkrousi\/\",\"url\":\"https:\/\/omnivion.net\/core\/fr\/projets\/projets-artistiques\/synkrousi\/\",\"name\":\"\u03a3\u03a5\u039d-\u039a\u03a1\u039f\u03a5\u03a3\u0397 (2024) - omnivion.net\",\"isPartOf\":{\"@id\":\"https:\/\/omnivion.net\/core\/fr\/#website\"},\"primaryImageOfPage\":{\"@id\":\"https:\/\/omnivion.net\/core\/fr\/projets\/projets-artistiques\/synkrousi\/#primaryimage\"},\"image\":{\"@id\":\"https:\/\/omnivion.net\/core\/fr\/projets\/projets-artistiques\/synkrousi\/#primaryimage\"},\"thumbnailUrl\":\"https:\/\/omnivion.net\/core\/wp-content\/uploads\/2025\/07\/2-53_redimensionner_web.jpg\",\"datePublished\":\"2025-07-04T10:19:20+00:00\",\"dateModified\":\"2025-07-04T10:32:47+00:00\",\"breadcrumb\":{\"@id\":\"https:\/\/omnivion.net\/core\/fr\/projets\/projets-artistiques\/synkrousi\/#breadcrumb\"},\"inLanguage\":\"fr-FR\",\"potentialAction\":[{\"@type\":\"ReadAction\",\"target\":[\"https:\/\/omnivion.net\/core\/fr\/projets\/projets-artistiques\/synkrousi\/\"]}]},{\"@type\":\"ImageObject\",\"inLanguage\":\"fr-FR\",\"@id\":\"https:\/\/omnivion.net\/core\/fr\/projets\/projets-artistiques\/synkrousi\/#primaryimage\",\"url\":\"https:\/\/omnivion.net\/core\/wp-content\/uploads\/2025\/07\/2-53_redimensionner_web.jpg\",\"contentUrl\":\"https:\/\/omnivion.net\/core\/wp-content\/uploads\/2025\/07\/2-53_redimensionner_web.jpg\"},{\"@type\":\"BreadcrumbList\",\"@id\":\"https:\/\/omnivion.net\/core\/fr\/projets\/projets-artistiques\/synkrousi\/#breadcrumb\",\"itemListElement\":[{\"@type\":\"ListItem\",\"position\":1,\"name\":\"Accueil\",\"item\":\"https:\/\/omnivion.net\/core\/en\/silverstorm\/\"},{\"@type\":\"ListItem\",\"position\":2,\"name\":\"Projets\",\"item\":\"https:\/\/omnivion.net\/core\/fr\/projets\/\"},{\"@type\":\"ListItem\",\"position\":3,\"name\":\"Projets Artistiques\",\"item\":\"https:\/\/omnivion.net\/core\/projets\/projets-artistiques\/\"},{\"@type\":\"ListItem\",\"position\":4,\"name\":\"\u03a3\u03a5\u039d-\u039a\u03a1\u039f\u03a5\u03a3\u0397 (2024)\"}]},{\"@type\":\"WebSite\",\"@id\":\"https:\/\/omnivion.net\/core\/fr\/#website\",\"url\":\"https:\/\/omnivion.net\/core\/fr\/\",\"name\":\"omnivion.net\",\"description\":\"...ARTS D&#039;\u00caTRE CORPS...\",\"potentialAction\":[{\"@type\":\"SearchAction\",\"target\":{\"@type\":\"EntryPoint\",\"urlTemplate\":\"https:\/\/omnivion.net\/core\/fr\/?s={search_term_string}\"},\"query-input\":{\"@type\":\"PropertyValueSpecification\",\"valueRequired\":true,\"valueName\":\"search_term_string\"}}],\"inLanguage\":\"fr-FR\"}]}<\/script>\n<!-- \/ Yoast SEO plugin. -->","yoast_head_json":{"title":"\u03a3\u03a5\u039d-\u039a\u03a1\u039f\u03a5\u03a3\u0397 (2024) - omnivion.net","robots":{"index":"index","follow":"follow","max-snippet":"max-snippet:-1","max-image-preview":"max-image-preview:large","max-video-preview":"max-video-preview:-1"},"canonical":"https:\/\/omnivion.net\/core\/fr\/projets\/projets-artistiques\/synkrousi\/","og_locale":"fr_FR","og_type":"article","og_title":"\u03a3\u03a5\u039d-\u039a\u03a1\u039f\u03a5\u03a3\u0397 (2024) - omnivion.net","og_description":"&nbsp; \u03a3\u03a5\u039d-\u039a\u03a1\u039f\u03a5\u03a3H (2024) Un projet du Centre International de Danse et de Th\u00e9\u00e2tre [&hellip;]","og_url":"https:\/\/omnivion.net\/core\/fr\/projets\/projets-artistiques\/synkrousi\/","og_site_name":"omnivion.net","article_modified_time":"2025-07-04T10:32:47+00:00","og_image":[{"url":"https:\/\/omnivion.net\/core\/wp-content\/uploads\/2025\/07\/2-53_redimensionner_web.jpg","type":"","width":"","height":""}],"twitter_card":"summary_large_image","twitter_misc":{"Dur\u00e9e de lecture estim\u00e9e":"5 minutes"},"schema":{"@context":"https:\/\/schema.org","@graph":[{"@type":"WebPage","@id":"https:\/\/omnivion.net\/core\/fr\/projets\/projets-artistiques\/synkrousi\/","url":"https:\/\/omnivion.net\/core\/fr\/projets\/projets-artistiques\/synkrousi\/","name":"\u03a3\u03a5\u039d-\u039a\u03a1\u039f\u03a5\u03a3\u0397 (2024) - omnivion.net","isPartOf":{"@id":"https:\/\/omnivion.net\/core\/fr\/#website"},"primaryImageOfPage":{"@id":"https:\/\/omnivion.net\/core\/fr\/projets\/projets-artistiques\/synkrousi\/#primaryimage"},"image":{"@id":"https:\/\/omnivion.net\/core\/fr\/projets\/projets-artistiques\/synkrousi\/#primaryimage"},"thumbnailUrl":"https:\/\/omnivion.net\/core\/wp-content\/uploads\/2025\/07\/2-53_redimensionner_web.jpg","datePublished":"2025-07-04T10:19:20+00:00","dateModified":"2025-07-04T10:32:47+00:00","breadcrumb":{"@id":"https:\/\/omnivion.net\/core\/fr\/projets\/projets-artistiques\/synkrousi\/#breadcrumb"},"inLanguage":"fr-FR","potentialAction":[{"@type":"ReadAction","target":["https:\/\/omnivion.net\/core\/fr\/projets\/projets-artistiques\/synkrousi\/"]}]},{"@type":"ImageObject","inLanguage":"fr-FR","@id":"https:\/\/omnivion.net\/core\/fr\/projets\/projets-artistiques\/synkrousi\/#primaryimage","url":"https:\/\/omnivion.net\/core\/wp-content\/uploads\/2025\/07\/2-53_redimensionner_web.jpg","contentUrl":"https:\/\/omnivion.net\/core\/wp-content\/uploads\/2025\/07\/2-53_redimensionner_web.jpg"},{"@type":"BreadcrumbList","@id":"https:\/\/omnivion.net\/core\/fr\/projets\/projets-artistiques\/synkrousi\/#breadcrumb","itemListElement":[{"@type":"ListItem","position":1,"name":"Accueil","item":"https:\/\/omnivion.net\/core\/en\/silverstorm\/"},{"@type":"ListItem","position":2,"name":"Projets","item":"https:\/\/omnivion.net\/core\/fr\/projets\/"},{"@type":"ListItem","position":3,"name":"Projets Artistiques","item":"https:\/\/omnivion.net\/core\/projets\/projets-artistiques\/"},{"@type":"ListItem","position":4,"name":"\u03a3\u03a5\u039d-\u039a\u03a1\u039f\u03a5\u03a3\u0397 (2024)"}]},{"@type":"WebSite","@id":"https:\/\/omnivion.net\/core\/fr\/#website","url":"https:\/\/omnivion.net\/core\/fr\/","name":"omnivion.net","description":"...ARTS D&#039;\u00caTRE CORPS...","potentialAction":[{"@type":"SearchAction","target":{"@type":"EntryPoint","urlTemplate":"https:\/\/omnivion.net\/core\/fr\/?s={search_term_string}"},"query-input":{"@type":"PropertyValueSpecification","valueRequired":true,"valueName":"search_term_string"}}],"inLanguage":"fr-FR"}]}},"jetpack_sharing_enabled":true,"jetpack_shortlink":"https:\/\/wp.me\/P2fe7Q-1sX","jetpack_likes_enabled":true,"_links":{"self":[{"href":"https:\/\/omnivion.net\/core\/fr\/wp-json\/wp\/v2\/pages\/5639","targetHints":{"allow":["GET"]}}],"collection":[{"href":"https:\/\/omnivion.net\/core\/fr\/wp-json\/wp\/v2\/pages"}],"about":[{"href":"https:\/\/omnivion.net\/core\/fr\/wp-json\/wp\/v2\/types\/page"}],"author":[{"embeddable":true,"href":"https:\/\/omnivion.net\/core\/fr\/wp-json\/wp\/v2\/users\/1"}],"replies":[{"embeddable":true,"href":"https:\/\/omnivion.net\/core\/fr\/wp-json\/wp\/v2\/comments?post=5639"}],"version-history":[{"count":4,"href":"https:\/\/omnivion.net\/core\/fr\/wp-json\/wp\/v2\/pages\/5639\/revisions"}],"predecessor-version":[{"id":5644,"href":"https:\/\/omnivion.net\/core\/fr\/wp-json\/wp\/v2\/pages\/5639\/revisions\/5644"}],"up":[{"embeddable":true,"href":"https:\/\/omnivion.net\/core\/fr\/wp-json\/wp\/v2\/pages\/60"}],"wp:attachment":[{"href":"https:\/\/omnivion.net\/core\/fr\/wp-json\/wp\/v2\/media?parent=5639"}],"curies":[{"name":"wp","href":"https:\/\/api.w.org\/{rel}","templated":true}]}}