{"id":5607,"date":"2025-06-22T20:25:11","date_gmt":"2025-06-22T19:25:11","guid":{"rendered":"https:\/\/omnivion.net\/core\/?page_id=5607"},"modified":"2026-04-04T12:35:15","modified_gmt":"2026-04-04T11:35:15","slug":"kronos","status":"publish","type":"page","link":"https:\/\/omnivion.net\/core\/fr\/projets\/projets-artistiques\/kronos-ou-chronos\/kronos\/","title":{"rendered":"Kronos &#038; Chronos \/ Newtopia 13.9 (2025)"},"content":{"rendered":"<p><div id=\"attachment_5608\" style=\"width: 810px\" class=\"wp-caption alignnone\"><img data-recalc-dims=\"1\" loading=\"lazy\" decoding=\"async\" aria-describedby=\"caption-attachment-5608\" class=\"size-full wp-image-5608\" src=\"https:\/\/i0.wp.com\/omnivion.net\/core\/wp-content\/uploads\/2025\/06\/2025-06-18-20.49.27-2_web.jpg?resize=800%2C360&#038;ssl=1\" alt=\"\" width=\"800\" height=\"360\" srcset=\"https:\/\/i0.wp.com\/omnivion.net\/core\/wp-content\/uploads\/2025\/06\/2025-06-18-20.49.27-2_web.jpg?w=800&amp;ssl=1 800w, https:\/\/i0.wp.com\/omnivion.net\/core\/wp-content\/uploads\/2025\/06\/2025-06-18-20.49.27-2_web.jpg?resize=300%2C135&amp;ssl=1 300w, https:\/\/i0.wp.com\/omnivion.net\/core\/wp-content\/uploads\/2025\/06\/2025-06-18-20.49.27-2_web.jpg?resize=768%2C346&amp;ssl=1 768w\" sizes=\"auto, (max-width: 800px) 100vw, 800px\" \/><p id=\"caption-attachment-5608\" class=\"wp-caption-text\">Photo par D. Tsiapkinis<\/p><\/div><\/p>\n<p>&nbsp;<\/p>\n<h2>Spectacle chor\u00e9graphique, th\u00e9\u00e2tral et musical, le 23 mai 2026,<\/h2>\n<h2>\u00e0 19H30 \u00e0 la Pl\u00e9iade, 154 Rue de la Mairie \u2013 37520 La Riche<\/h2>\n<p><strong>R\u00e9servations : <a href=\"https:\/\/www.helloasso.com\/associations\/omnivion\/evenements\/kronos-chronos-newtopia-13-8-2026\">https:\/\/www.helloasso.com\/associations\/omnivion\/evenements\/kronos-chronos-newtopia-13-8-2026<\/a><\/strong><\/p>\n<p><strong>Photos des r\u00e9p\u00e9titions par @BernardDuret : <a href=\"https:\/\/flic.kr\/s\/aHBqjCPUay\">https:\/\/flic.kr\/s\/aHBqjCPUay<\/a>\u00a0<\/strong><\/p>\n<p>&nbsp;<\/p>\n<p><strong>KRONOS ET CHRONOS<\/strong> est un projet artistique et chor\u00e9graphique inclusif en lien avec le milieu psychiatrique. C\u2019est une entreprise collaborative d\u2019un r\u00e9seau d\u2019artistes amateurs et professionnels autour de nos conceptions et v\u00e9cus du temps. Comment l\u2019art du mouvement peut-il transformer nos perceptions et nos id\u00e9es sur le temps ?<br \/>\nC&rsquo;est une nouvelle exp\u00e9dition de la cr\u00e9ation artistique dans l\u2019inconnu qui glisse sur les fronti\u00e8res entre le monde de la sant\u00e9 et le monde de la danse contemporaine et qui a commenc\u00e9 en 2013 : Newtopia \/ Danse et Sant\u00e9 Psychique &amp; Mentale, en Touraine et ailleurs. Dimitri Tsiapkinis dirige ce projet riche d\u2019\u00e9v\u00e9nements artistiques et p\u00e9dagogiques avec la complicit\u00e9 de l\u2019\u00e9quipe d\u2019Omnivion, un groupe compos\u00e9 d\u2019artistes professionnels et amateurs, certains souffrant de psychopathologies. Notre 12\u00e8me production, Se Faire Un ? Des ? Films ? \u00e0 la Pl\u00e9iade \u00e0 Tours en mai 2025, a \u00e9mu notre public et nos artistes.<\/p>\n<p><strong>KRONOS ET CHRONOS<\/strong> s\u2019adresse \u00e0 des personnes hospitalis\u00e9es et\/ou suivies en milieu psychiatrique ou EME, une partie de l\u2019\u00e9quipe soignante, des danseurs professionnels et amateurs, et autres artistes invit\u00e9s. Un laboratoire d\u2019explorations chor\u00e9graphiques, musicales et th\u00e9\u00e2trales pour promouvoir l\u2019authenticit\u00e9, les \u00e9changes sociaux et la citoyennet\u00e9. C\u2019est une cr\u00e9ation inclusive qui vise \u00e0 po\u00e9tiser notre rapport au temps.<\/p>\n<p>Temps pr\u00e9sent, \u00e9ternit\u00e9, atemporalit\u00e9, pass\u00e9, avenir, temps quantique : des concepts philosophiques qui donnent le vertige. Mais l\u2019art de la danse, l\u2019art du mouvement est l\u2019art par excellence pour traiter la question du temps. La danse est la matrice m\u00eame de tous les arts : sans mouvement corporel expressif, pas d\u2019acte artistique. En sant\u00e9 psychique, nous savons bien que le rapport au temps pass\u00e9 et futur est une source de souffrance pour certains d\u2019entre nous. Le rapport \u00e0 l\u2019autre, la qualit\u00e9 du temps que nous passons avec les autres, semble se r\u00e9tr\u00e9cir, surtout pour des personnes souffrant de psychopathologies. La solitude aussi affecte notre rapport au temps et notre bien-\u00eatre. Un rapport sensible \u00e0 notre corpor\u00e9it\u00e9, \u00e0 nos temporalit\u00e9s int\u00e9rieures, une mise en commun des outils artistiques pour explorer en communaut\u00e9 et po\u00e9tiser les questions du temps, ouvrira de nouveaux espaces-temps \u00e9mouvants et nourrira la communaut\u00e9 par l\u2019esth\u00e9tique du geste dans\u00e9.<\/p>\n<p><strong>Kronos et Chronos<\/strong> fait partie du projet global <a href=\"https:\/\/omnivion.net\/core\/projets\/projets-artistiques\/kronos-ou-chronos\/\"><strong>Newtopia 13<\/strong><\/a>. Voir programmation ici : <a href=\"https:\/\/omnivion.net\/core\/projets\/projets-artistiques\/kronos-ou-chronos\/\">omnivion.net\/core\/kronos-ou-chronos<\/a><\/p>\n<p>&nbsp;<\/p>\n<p><strong>Conception \/ direction :<\/strong> Dimitri Tsiapkinis<\/p>\n<p><strong>Interpr\u00e9tation, chor\u00e9graphie :\u00a0<\/strong>Alain Ferrandez, Aur\u00e9lie Lefeuvre, Bartel Bruynseels, Beno\u00eet Pradier, Bernadette Gridelet, Bruno Morin, C\u00e9cilia Parody, Cinthia Gomez, Claire Guillaume, Dimitri Tsiapkinis, \u00c9lise Fidry, Ga\u00eblle Delahaie, Gilles Lolivier, Gilles Roghe, Itzel Gomez, Lilia Mammar, Lydie, Ma\u00efthy Kourouma, Rosa Pires de Matos, Yvan Pousset, et des enfants de la maternelle Marceau \/ Saint-Pierre-des-Corps.<\/p>\n<p><strong>Slam po\u00e9sie :<\/strong> Bartel Bruynseels, Alain Ferrandez<\/p>\n<p><strong>Musique :<\/strong> Alain Ferrandez, C\u00e9cilia Parody<\/p>\n<p><strong>\u00c9clairage\/r\u00e9gie technique :<\/strong> Marine Pourqui\u00e9<\/p>\n<p><strong>Production :<\/strong> Omnivion\/ Arts d\u2019\u00catre Corps, avec le soutien du CCN de Tours \/ Thomas Lebrun.<\/p>\n<p><strong>Dur\u00e9e :<\/strong> ~ 60min<\/p>\n<p>&nbsp;<\/p>\n<p>\/\/\/\/\/\/\/\/\/\/\/\/\/\/\/\/\/\/\/\/\/\/\/\/\/\/\/\/\/\/\/\/\/\/\/\/\/\/\/\/\/\/\/\/\/\/\/\/\/\/\/\/\/\/\/\/\/\/\/\/\/\/\/\/\/\/\/\/\/\/\/\/\/\/\/\/\/\/\/\/\/\/\/\/\/\/\/\/\/\/<\/p>\n<p><strong>Partenaires et financement : CCN de Tours, Ville de Tours, Ville de La Riche\/ La Pl\u00e9iade,\u00a0 CHU de Tours, P\u00f4le de sant\u00e9 la Conflunce, IME de Reugny, APAJH37, Magazine Trakt, Centre Social la Rabi\u00e8re, Centre Social Plurielles.<\/strong><\/p>","protected":false},"excerpt":{"rendered":"<p>&nbsp; Spectacle chor\u00e9graphique, th\u00e9\u00e2tral et musical, le 23 mai 2026, \u00e0 19H30 \u00e0 [&hellip;]<\/p>\n","protected":false},"author":1,"featured_media":0,"parent":5665,"menu_order":0,"comment_status":"closed","ping_status":"closed","template":"","meta":{"jetpack_post_was_ever_published":false,"footnotes":""},"class_list":["post-5607","page","type-page","status-publish","hentry"],"yoast_head":"<!-- This site is optimized with the Yoast SEO plugin v27.4 - https:\/\/yoast.com\/product\/yoast-seo-wordpress\/ -->\n<title>Kronos &amp; Chronos \/ Newtopia 13.9 (2025) - omnivion.net<\/title>\n<meta name=\"robots\" content=\"index, follow, max-snippet:-1, max-image-preview:large, max-video-preview:-1\" \/>\n<link rel=\"canonical\" href=\"https:\/\/omnivion.net\/core\/fr\/projets\/projets-artistiques\/kronos-ou-chronos\/kronos\/\" \/>\n<meta property=\"og:locale\" content=\"fr_FR\" \/>\n<meta property=\"og:type\" content=\"article\" \/>\n<meta property=\"og:title\" content=\"Kronos &amp; Chronos \/ Newtopia 13.9 (2025) - omnivion.net\" \/>\n<meta property=\"og:description\" content=\"&nbsp; Spectacle chor\u00e9graphique, th\u00e9\u00e2tral et musical, le 23 mai 2026, \u00e0 19H30 \u00e0 [&hellip;]\" \/>\n<meta property=\"og:url\" content=\"https:\/\/omnivion.net\/core\/fr\/projets\/projets-artistiques\/kronos-ou-chronos\/kronos\/\" \/>\n<meta property=\"og:site_name\" content=\"omnivion.net\" \/>\n<meta property=\"article:modified_time\" content=\"2026-04-04T11:35:15+00:00\" \/>\n<meta property=\"og:image\" content=\"https:\/\/omnivion.net\/core\/wp-content\/uploads\/2025\/06\/2025-06-18-20.49.27-2_web.jpg\" \/>\n<meta name=\"twitter:card\" content=\"summary_large_image\" \/>\n<meta name=\"twitter:label1\" content=\"Dur\u00e9e de lecture estim\u00e9e\" \/>\n\t<meta name=\"twitter:data1\" content=\"3 minutes\" \/>\n<script type=\"application\/ld+json\" class=\"yoast-schema-graph\">{\"@context\":\"https:\\\/\\\/schema.org\",\"@graph\":[{\"@type\":\"WebPage\",\"@id\":\"https:\\\/\\\/omnivion.net\\\/core\\\/fr\\\/projets\\\/projets-artistiques\\\/kronos-ou-chronos\\\/kronos\\\/\",\"url\":\"https:\\\/\\\/omnivion.net\\\/core\\\/fr\\\/projets\\\/projets-artistiques\\\/kronos-ou-chronos\\\/kronos\\\/\",\"name\":\"Kronos & Chronos \\\/ Newtopia 13.9 (2025) - omnivion.net\",\"isPartOf\":{\"@id\":\"https:\\\/\\\/omnivion.net\\\/core\\\/fr\\\/#website\"},\"primaryImageOfPage\":{\"@id\":\"https:\\\/\\\/omnivion.net\\\/core\\\/fr\\\/projets\\\/projets-artistiques\\\/kronos-ou-chronos\\\/kronos\\\/#primaryimage\"},\"image\":{\"@id\":\"https:\\\/\\\/omnivion.net\\\/core\\\/fr\\\/projets\\\/projets-artistiques\\\/kronos-ou-chronos\\\/kronos\\\/#primaryimage\"},\"thumbnailUrl\":\"https:\\\/\\\/omnivion.net\\\/core\\\/wp-content\\\/uploads\\\/2025\\\/06\\\/2025-06-18-20.49.27-2_web.jpg\",\"datePublished\":\"2025-06-22T19:25:11+00:00\",\"dateModified\":\"2026-04-04T11:35:15+00:00\",\"breadcrumb\":{\"@id\":\"https:\\\/\\\/omnivion.net\\\/core\\\/fr\\\/projets\\\/projets-artistiques\\\/kronos-ou-chronos\\\/kronos\\\/#breadcrumb\"},\"inLanguage\":\"fr-FR\",\"potentialAction\":[{\"@type\":\"ReadAction\",\"target\":[\"https:\\\/\\\/omnivion.net\\\/core\\\/fr\\\/projets\\\/projets-artistiques\\\/kronos-ou-chronos\\\/kronos\\\/\"]}]},{\"@type\":\"ImageObject\",\"inLanguage\":\"fr-FR\",\"@id\":\"https:\\\/\\\/omnivion.net\\\/core\\\/fr\\\/projets\\\/projets-artistiques\\\/kronos-ou-chronos\\\/kronos\\\/#primaryimage\",\"url\":\"https:\\\/\\\/omnivion.net\\\/core\\\/wp-content\\\/uploads\\\/2025\\\/06\\\/2025-06-18-20.49.27-2_web.jpg\",\"contentUrl\":\"https:\\\/\\\/omnivion.net\\\/core\\\/wp-content\\\/uploads\\\/2025\\\/06\\\/2025-06-18-20.49.27-2_web.jpg\"},{\"@type\":\"BreadcrumbList\",\"@id\":\"https:\\\/\\\/omnivion.net\\\/core\\\/fr\\\/projets\\\/projets-artistiques\\\/kronos-ou-chronos\\\/kronos\\\/#breadcrumb\",\"itemListElement\":[{\"@type\":\"ListItem\",\"position\":1,\"name\":\"Accueil\",\"item\":\"https:\\\/\\\/omnivion.net\\\/core\\\/en\\\/silverstorm\\\/\"},{\"@type\":\"ListItem\",\"position\":2,\"name\":\"Projets\",\"item\":\"https:\\\/\\\/omnivion.net\\\/core\\\/fr\\\/projets\\\/\"},{\"@type\":\"ListItem\",\"position\":3,\"name\":\"Projets Artistiques\",\"item\":\"https:\\\/\\\/omnivion.net\\\/core\\\/projets\\\/projets-artistiques\\\/\"},{\"@type\":\"ListItem\",\"position\":4,\"name\":\"Kronos ou Chronos \\\/ Newtopia 13 (2025)\",\"item\":\"https:\\\/\\\/omnivion.net\\\/core\\\/projets\\\/projets-artistiques\\\/kronos-ou-chronos\\\/\"},{\"@type\":\"ListItem\",\"position\":5,\"name\":\"Kronos &#038; Chronos \\\/ Newtopia 13.9 (2025)\"}]},{\"@type\":\"WebSite\",\"@id\":\"https:\\\/\\\/omnivion.net\\\/core\\\/fr\\\/#website\",\"url\":\"https:\\\/\\\/omnivion.net\\\/core\\\/fr\\\/\",\"name\":\"omnivion.net\",\"description\":\"...ARTS D&#039;\u00caTRE CORPS...\",\"potentialAction\":[{\"@type\":\"SearchAction\",\"target\":{\"@type\":\"EntryPoint\",\"urlTemplate\":\"https:\\\/\\\/omnivion.net\\\/core\\\/fr\\\/?s={search_term_string}\"},\"query-input\":{\"@type\":\"PropertyValueSpecification\",\"valueRequired\":true,\"valueName\":\"search_term_string\"}}],\"inLanguage\":\"fr-FR\"}]}<\/script>\n<!-- \/ Yoast SEO plugin. -->","yoast_head_json":{"title":"Kronos & Chronos \/ Newtopia 13.9 (2025) - omnivion.net","robots":{"index":"index","follow":"follow","max-snippet":"max-snippet:-1","max-image-preview":"max-image-preview:large","max-video-preview":"max-video-preview:-1"},"canonical":"https:\/\/omnivion.net\/core\/fr\/projets\/projets-artistiques\/kronos-ou-chronos\/kronos\/","og_locale":"fr_FR","og_type":"article","og_title":"Kronos & Chronos \/ Newtopia 13.9 (2025) - omnivion.net","og_description":"&nbsp; Spectacle chor\u00e9graphique, th\u00e9\u00e2tral et musical, le 23 mai 2026, \u00e0 19H30 \u00e0 [&hellip;]","og_url":"https:\/\/omnivion.net\/core\/fr\/projets\/projets-artistiques\/kronos-ou-chronos\/kronos\/","og_site_name":"omnivion.net","article_modified_time":"2026-04-04T11:35:15+00:00","og_image":[{"url":"https:\/\/omnivion.net\/core\/wp-content\/uploads\/2025\/06\/2025-06-18-20.49.27-2_web.jpg","type":"","width":"","height":""}],"twitter_card":"summary_large_image","twitter_misc":{"Dur\u00e9e de lecture estim\u00e9e":"3 minutes"},"schema":{"@context":"https:\/\/schema.org","@graph":[{"@type":"WebPage","@id":"https:\/\/omnivion.net\/core\/fr\/projets\/projets-artistiques\/kronos-ou-chronos\/kronos\/","url":"https:\/\/omnivion.net\/core\/fr\/projets\/projets-artistiques\/kronos-ou-chronos\/kronos\/","name":"Kronos & Chronos \/ Newtopia 13.9 (2025) - omnivion.net","isPartOf":{"@id":"https:\/\/omnivion.net\/core\/fr\/#website"},"primaryImageOfPage":{"@id":"https:\/\/omnivion.net\/core\/fr\/projets\/projets-artistiques\/kronos-ou-chronos\/kronos\/#primaryimage"},"image":{"@id":"https:\/\/omnivion.net\/core\/fr\/projets\/projets-artistiques\/kronos-ou-chronos\/kronos\/#primaryimage"},"thumbnailUrl":"https:\/\/omnivion.net\/core\/wp-content\/uploads\/2025\/06\/2025-06-18-20.49.27-2_web.jpg","datePublished":"2025-06-22T19:25:11+00:00","dateModified":"2026-04-04T11:35:15+00:00","breadcrumb":{"@id":"https:\/\/omnivion.net\/core\/fr\/projets\/projets-artistiques\/kronos-ou-chronos\/kronos\/#breadcrumb"},"inLanguage":"fr-FR","potentialAction":[{"@type":"ReadAction","target":["https:\/\/omnivion.net\/core\/fr\/projets\/projets-artistiques\/kronos-ou-chronos\/kronos\/"]}]},{"@type":"ImageObject","inLanguage":"fr-FR","@id":"https:\/\/omnivion.net\/core\/fr\/projets\/projets-artistiques\/kronos-ou-chronos\/kronos\/#primaryimage","url":"https:\/\/omnivion.net\/core\/wp-content\/uploads\/2025\/06\/2025-06-18-20.49.27-2_web.jpg","contentUrl":"https:\/\/omnivion.net\/core\/wp-content\/uploads\/2025\/06\/2025-06-18-20.49.27-2_web.jpg"},{"@type":"BreadcrumbList","@id":"https:\/\/omnivion.net\/core\/fr\/projets\/projets-artistiques\/kronos-ou-chronos\/kronos\/#breadcrumb","itemListElement":[{"@type":"ListItem","position":1,"name":"Accueil","item":"https:\/\/omnivion.net\/core\/en\/silverstorm\/"},{"@type":"ListItem","position":2,"name":"Projets","item":"https:\/\/omnivion.net\/core\/fr\/projets\/"},{"@type":"ListItem","position":3,"name":"Projets Artistiques","item":"https:\/\/omnivion.net\/core\/projets\/projets-artistiques\/"},{"@type":"ListItem","position":4,"name":"Kronos ou Chronos \/ Newtopia 13 (2025)","item":"https:\/\/omnivion.net\/core\/projets\/projets-artistiques\/kronos-ou-chronos\/"},{"@type":"ListItem","position":5,"name":"Kronos &#038; Chronos \/ Newtopia 13.9 (2025)"}]},{"@type":"WebSite","@id":"https:\/\/omnivion.net\/core\/fr\/#website","url":"https:\/\/omnivion.net\/core\/fr\/","name":"omnivion.net","description":"...ARTS D&#039;\u00caTRE CORPS...","potentialAction":[{"@type":"SearchAction","target":{"@type":"EntryPoint","urlTemplate":"https:\/\/omnivion.net\/core\/fr\/?s={search_term_string}"},"query-input":{"@type":"PropertyValueSpecification","valueRequired":true,"valueName":"search_term_string"}}],"inLanguage":"fr-FR"}]}},"jetpack_sharing_enabled":true,"jetpack_shortlink":"https:\/\/wp.me\/P2fe7Q-1sr","jetpack_likes_enabled":true,"_links":{"self":[{"href":"https:\/\/omnivion.net\/core\/fr\/wp-json\/wp\/v2\/pages\/5607","targetHints":{"allow":["GET"]}}],"collection":[{"href":"https:\/\/omnivion.net\/core\/fr\/wp-json\/wp\/v2\/pages"}],"about":[{"href":"https:\/\/omnivion.net\/core\/fr\/wp-json\/wp\/v2\/types\/page"}],"author":[{"embeddable":true,"href":"https:\/\/omnivion.net\/core\/fr\/wp-json\/wp\/v2\/users\/1"}],"replies":[{"embeddable":true,"href":"https:\/\/omnivion.net\/core\/fr\/wp-json\/wp\/v2\/comments?post=5607"}],"version-history":[{"count":14,"href":"https:\/\/omnivion.net\/core\/fr\/wp-json\/wp\/v2\/pages\/5607\/revisions"}],"predecessor-version":[{"id":6063,"href":"https:\/\/omnivion.net\/core\/fr\/wp-json\/wp\/v2\/pages\/5607\/revisions\/6063"}],"up":[{"embeddable":true,"href":"https:\/\/omnivion.net\/core\/fr\/wp-json\/wp\/v2\/pages\/5665"}],"wp:attachment":[{"href":"https:\/\/omnivion.net\/core\/fr\/wp-json\/wp\/v2\/media?parent=5607"}],"curies":[{"name":"wp","href":"https:\/\/api.w.org\/{rel}","templated":true}]}}