{"id":5592,"date":"2025-05-29T14:54:41","date_gmt":"2025-05-29T13:54:41","guid":{"rendered":"https:\/\/omnivion.net\/core\/?page_id=5592"},"modified":"2025-10-14T17:15:31","modified_gmt":"2025-10-14T16:15:31","slug":"12-3-2","status":"publish","type":"page","link":"https:\/\/omnivion.net\/core\/fr\/projets\/projets-artistiques\/newt12\/12-3-2\/","title":{"rendered":"Projections Oniriques \/ Newtopia 12.3"},"content":{"rendered":"<p><img data-recalc-dims=\"1\" loading=\"lazy\" decoding=\"async\" class=\"alignnone size-full wp-image-5593\" src=\"https:\/\/i0.wp.com\/omnivion.net\/core\/wp-content\/uploads\/2025\/05\/2024-08-23_Expo_NEWT_12.2_BAPU_edit_web.jpg?resize=800%2C511&#038;ssl=1\" alt=\"\" width=\"800\" height=\"511\" srcset=\"https:\/\/i0.wp.com\/omnivion.net\/core\/wp-content\/uploads\/2025\/05\/2024-08-23_Expo_NEWT_12.2_BAPU_edit_web.jpg?w=800&amp;ssl=1 800w, https:\/\/i0.wp.com\/omnivion.net\/core\/wp-content\/uploads\/2025\/05\/2024-08-23_Expo_NEWT_12.2_BAPU_edit_web.jpg?resize=300%2C192&amp;ssl=1 300w, https:\/\/i0.wp.com\/omnivion.net\/core\/wp-content\/uploads\/2025\/05\/2024-08-23_Expo_NEWT_12.2_BAPU_edit_web.jpg?resize=768%2C491&amp;ssl=1 768w\" sizes=\"auto, (max-width: 800px) 100vw, 800px\" \/><\/p>\n<p>Projet de sensibilisation \u00e0 la danse contemporaine adress\u00e9 \u00e0 des \u00e9tudiants universitaires suivis par le Bureau d\u2019Aide Psychologique. Une exposition de photographies de Bernard Duret, extraites des pr\u00e9c\u00e9dentes sessions Newtopia.<\/p>\n<p><strong>Photographe :<\/strong> Bernard Duret<br \/>\n<strong>Lieu :<\/strong> BAPU, 12 avenue Marcel Dassault, Tours (37200)<br \/>\n<strong>Dur\u00e9e de l&rsquo;exposition :<\/strong> 24 Ao\u00fbt 2024 &#8211; 2 mai 2025.<br \/>\n<strong>Vernissage :<\/strong> 3 octobre 2025.<\/p>\n<p><strong>Page web de Bernard Duret<\/strong> : <a href=\"https:\/\/www.flickr.com\/photos\/46500487@N05\/albums\">https:\/\/www.flickr.com\/photos\/46500487@N05\/albums<\/a><\/p>","protected":false},"excerpt":{"rendered":"<p>Projet de sensibilisation \u00e0 la danse contemporaine adress\u00e9 \u00e0 des \u00e9tudiants universitaires suivis [&hellip;]<\/p>\n","protected":false},"author":1,"featured_media":0,"parent":5212,"menu_order":0,"comment_status":"closed","ping_status":"closed","template":"","meta":{"jetpack_post_was_ever_published":false,"footnotes":""},"class_list":["post-5592","page","type-page","status-publish","hentry"],"yoast_head":"<!-- This site is optimized with the Yoast SEO plugin v26.8 - https:\/\/yoast.com\/product\/yoast-seo-wordpress\/ -->\n<title>Projections Oniriques \/ Newtopia 12.3 - omnivion.net<\/title>\n<meta name=\"robots\" content=\"index, follow, max-snippet:-1, max-image-preview:large, max-video-preview:-1\" \/>\n<link rel=\"canonical\" href=\"https:\/\/omnivion.net\/core\/fr\/projets\/projets-artistiques\/newt12\/12-3-2\/\" \/>\n<meta property=\"og:locale\" content=\"fr_FR\" \/>\n<meta property=\"og:type\" content=\"article\" \/>\n<meta property=\"og:title\" content=\"Projections Oniriques \/ Newtopia 12.3 - omnivion.net\" \/>\n<meta property=\"og:description\" content=\"Projet de sensibilisation \u00e0 la danse contemporaine adress\u00e9 \u00e0 des \u00e9tudiants universitaires suivis [&hellip;]\" \/>\n<meta property=\"og:url\" content=\"https:\/\/omnivion.net\/core\/fr\/projets\/projets-artistiques\/newt12\/12-3-2\/\" \/>\n<meta property=\"og:site_name\" content=\"omnivion.net\" \/>\n<meta property=\"article:modified_time\" content=\"2025-10-14T16:15:31+00:00\" \/>\n<meta property=\"og:image\" content=\"https:\/\/omnivion.net\/core\/wp-content\/uploads\/2025\/05\/2024-08-23_Expo_NEWT_12.2_BAPU_edit_web.jpg\" \/>\n<meta name=\"twitter:card\" content=\"summary_large_image\" \/>\n<meta name=\"twitter:label1\" content=\"Dur\u00e9e de lecture estim\u00e9e\" \/>\n\t<meta name=\"twitter:data1\" content=\"1 minute\" \/>\n<script type=\"application\/ld+json\" class=\"yoast-schema-graph\">{\"@context\":\"https:\/\/schema.org\",\"@graph\":[{\"@type\":\"WebPage\",\"@id\":\"https:\/\/omnivion.net\/core\/fr\/projets\/projets-artistiques\/newt12\/12-3-2\/\",\"url\":\"https:\/\/omnivion.net\/core\/fr\/projets\/projets-artistiques\/newt12\/12-3-2\/\",\"name\":\"Projections Oniriques \/ Newtopia 12.3 - omnivion.net\",\"isPartOf\":{\"@id\":\"https:\/\/omnivion.net\/core\/fr\/#website\"},\"primaryImageOfPage\":{\"@id\":\"https:\/\/omnivion.net\/core\/fr\/projets\/projets-artistiques\/newt12\/12-3-2\/#primaryimage\"},\"image\":{\"@id\":\"https:\/\/omnivion.net\/core\/fr\/projets\/projets-artistiques\/newt12\/12-3-2\/#primaryimage\"},\"thumbnailUrl\":\"https:\/\/omnivion.net\/core\/wp-content\/uploads\/2025\/05\/2024-08-23_Expo_NEWT_12.2_BAPU_edit_web.jpg\",\"datePublished\":\"2025-05-29T13:54:41+00:00\",\"dateModified\":\"2025-10-14T16:15:31+00:00\",\"breadcrumb\":{\"@id\":\"https:\/\/omnivion.net\/core\/fr\/projets\/projets-artistiques\/newt12\/12-3-2\/#breadcrumb\"},\"inLanguage\":\"fr-FR\",\"potentialAction\":[{\"@type\":\"ReadAction\",\"target\":[\"https:\/\/omnivion.net\/core\/fr\/projets\/projets-artistiques\/newt12\/12-3-2\/\"]}]},{\"@type\":\"ImageObject\",\"inLanguage\":\"fr-FR\",\"@id\":\"https:\/\/omnivion.net\/core\/fr\/projets\/projets-artistiques\/newt12\/12-3-2\/#primaryimage\",\"url\":\"https:\/\/omnivion.net\/core\/wp-content\/uploads\/2025\/05\/2024-08-23_Expo_NEWT_12.2_BAPU_edit_web.jpg\",\"contentUrl\":\"https:\/\/omnivion.net\/core\/wp-content\/uploads\/2025\/05\/2024-08-23_Expo_NEWT_12.2_BAPU_edit_web.jpg\"},{\"@type\":\"BreadcrumbList\",\"@id\":\"https:\/\/omnivion.net\/core\/fr\/projets\/projets-artistiques\/newt12\/12-3-2\/#breadcrumb\",\"itemListElement\":[{\"@type\":\"ListItem\",\"position\":1,\"name\":\"Accueil\",\"item\":\"https:\/\/omnivion.net\/core\/en\/silverstorm\/\"},{\"@type\":\"ListItem\",\"position\":2,\"name\":\"Projets\",\"item\":\"https:\/\/omnivion.net\/core\/fr\/projets\/\"},{\"@type\":\"ListItem\",\"position\":3,\"name\":\"Projets Artistiques\",\"item\":\"https:\/\/omnivion.net\/core\/projets\/projets-artistiques\/\"},{\"@type\":\"ListItem\",\"position\":4,\"name\":\"Projections Oniriques \/ Newtopia 12\",\"item\":\"https:\/\/omnivion.net\/core\/projets\/projets-artistiques\/newt12\/\"},{\"@type\":\"ListItem\",\"position\":5,\"name\":\"Projections Oniriques \/ Newtopia 12.3\"}]},{\"@type\":\"WebSite\",\"@id\":\"https:\/\/omnivion.net\/core\/fr\/#website\",\"url\":\"https:\/\/omnivion.net\/core\/fr\/\",\"name\":\"omnivion.net\",\"description\":\"...ARTS D&#039;\u00caTRE CORPS...\",\"potentialAction\":[{\"@type\":\"SearchAction\",\"target\":{\"@type\":\"EntryPoint\",\"urlTemplate\":\"https:\/\/omnivion.net\/core\/fr\/?s={search_term_string}\"},\"query-input\":{\"@type\":\"PropertyValueSpecification\",\"valueRequired\":true,\"valueName\":\"search_term_string\"}}],\"inLanguage\":\"fr-FR\"}]}<\/script>\n<!-- \/ Yoast SEO plugin. -->","yoast_head_json":{"title":"Projections Oniriques \/ Newtopia 12.3 - omnivion.net","robots":{"index":"index","follow":"follow","max-snippet":"max-snippet:-1","max-image-preview":"max-image-preview:large","max-video-preview":"max-video-preview:-1"},"canonical":"https:\/\/omnivion.net\/core\/fr\/projets\/projets-artistiques\/newt12\/12-3-2\/","og_locale":"fr_FR","og_type":"article","og_title":"Projections Oniriques \/ Newtopia 12.3 - omnivion.net","og_description":"Projet de sensibilisation \u00e0 la danse contemporaine adress\u00e9 \u00e0 des \u00e9tudiants universitaires suivis [&hellip;]","og_url":"https:\/\/omnivion.net\/core\/fr\/projets\/projets-artistiques\/newt12\/12-3-2\/","og_site_name":"omnivion.net","article_modified_time":"2025-10-14T16:15:31+00:00","og_image":[{"url":"https:\/\/omnivion.net\/core\/wp-content\/uploads\/2025\/05\/2024-08-23_Expo_NEWT_12.2_BAPU_edit_web.jpg","type":"","width":"","height":""}],"twitter_card":"summary_large_image","twitter_misc":{"Dur\u00e9e de lecture estim\u00e9e":"1 minute"},"schema":{"@context":"https:\/\/schema.org","@graph":[{"@type":"WebPage","@id":"https:\/\/omnivion.net\/core\/fr\/projets\/projets-artistiques\/newt12\/12-3-2\/","url":"https:\/\/omnivion.net\/core\/fr\/projets\/projets-artistiques\/newt12\/12-3-2\/","name":"Projections Oniriques \/ Newtopia 12.3 - omnivion.net","isPartOf":{"@id":"https:\/\/omnivion.net\/core\/fr\/#website"},"primaryImageOfPage":{"@id":"https:\/\/omnivion.net\/core\/fr\/projets\/projets-artistiques\/newt12\/12-3-2\/#primaryimage"},"image":{"@id":"https:\/\/omnivion.net\/core\/fr\/projets\/projets-artistiques\/newt12\/12-3-2\/#primaryimage"},"thumbnailUrl":"https:\/\/omnivion.net\/core\/wp-content\/uploads\/2025\/05\/2024-08-23_Expo_NEWT_12.2_BAPU_edit_web.jpg","datePublished":"2025-05-29T13:54:41+00:00","dateModified":"2025-10-14T16:15:31+00:00","breadcrumb":{"@id":"https:\/\/omnivion.net\/core\/fr\/projets\/projets-artistiques\/newt12\/12-3-2\/#breadcrumb"},"inLanguage":"fr-FR","potentialAction":[{"@type":"ReadAction","target":["https:\/\/omnivion.net\/core\/fr\/projets\/projets-artistiques\/newt12\/12-3-2\/"]}]},{"@type":"ImageObject","inLanguage":"fr-FR","@id":"https:\/\/omnivion.net\/core\/fr\/projets\/projets-artistiques\/newt12\/12-3-2\/#primaryimage","url":"https:\/\/omnivion.net\/core\/wp-content\/uploads\/2025\/05\/2024-08-23_Expo_NEWT_12.2_BAPU_edit_web.jpg","contentUrl":"https:\/\/omnivion.net\/core\/wp-content\/uploads\/2025\/05\/2024-08-23_Expo_NEWT_12.2_BAPU_edit_web.jpg"},{"@type":"BreadcrumbList","@id":"https:\/\/omnivion.net\/core\/fr\/projets\/projets-artistiques\/newt12\/12-3-2\/#breadcrumb","itemListElement":[{"@type":"ListItem","position":1,"name":"Accueil","item":"https:\/\/omnivion.net\/core\/en\/silverstorm\/"},{"@type":"ListItem","position":2,"name":"Projets","item":"https:\/\/omnivion.net\/core\/fr\/projets\/"},{"@type":"ListItem","position":3,"name":"Projets Artistiques","item":"https:\/\/omnivion.net\/core\/projets\/projets-artistiques\/"},{"@type":"ListItem","position":4,"name":"Projections Oniriques \/ Newtopia 12","item":"https:\/\/omnivion.net\/core\/projets\/projets-artistiques\/newt12\/"},{"@type":"ListItem","position":5,"name":"Projections Oniriques \/ Newtopia 12.3"}]},{"@type":"WebSite","@id":"https:\/\/omnivion.net\/core\/fr\/#website","url":"https:\/\/omnivion.net\/core\/fr\/","name":"omnivion.net","description":"...ARTS D&#039;\u00caTRE CORPS...","potentialAction":[{"@type":"SearchAction","target":{"@type":"EntryPoint","urlTemplate":"https:\/\/omnivion.net\/core\/fr\/?s={search_term_string}"},"query-input":{"@type":"PropertyValueSpecification","valueRequired":true,"valueName":"search_term_string"}}],"inLanguage":"fr-FR"}]}},"jetpack_sharing_enabled":true,"jetpack_shortlink":"https:\/\/wp.me\/P2fe7Q-1sc","jetpack_likes_enabled":true,"_links":{"self":[{"href":"https:\/\/omnivion.net\/core\/fr\/wp-json\/wp\/v2\/pages\/5592","targetHints":{"allow":["GET"]}}],"collection":[{"href":"https:\/\/omnivion.net\/core\/fr\/wp-json\/wp\/v2\/pages"}],"about":[{"href":"https:\/\/omnivion.net\/core\/fr\/wp-json\/wp\/v2\/types\/page"}],"author":[{"embeddable":true,"href":"https:\/\/omnivion.net\/core\/fr\/wp-json\/wp\/v2\/users\/1"}],"replies":[{"embeddable":true,"href":"https:\/\/omnivion.net\/core\/fr\/wp-json\/wp\/v2\/comments?post=5592"}],"version-history":[{"count":4,"href":"https:\/\/omnivion.net\/core\/fr\/wp-json\/wp\/v2\/pages\/5592\/revisions"}],"predecessor-version":[{"id":5834,"href":"https:\/\/omnivion.net\/core\/fr\/wp-json\/wp\/v2\/pages\/5592\/revisions\/5834"}],"up":[{"embeddable":true,"href":"https:\/\/omnivion.net\/core\/fr\/wp-json\/wp\/v2\/pages\/5212"}],"wp:attachment":[{"href":"https:\/\/omnivion.net\/core\/fr\/wp-json\/wp\/v2\/media?parent=5592"}],"curies":[{"name":"wp","href":"https:\/\/api.w.org\/{rel}","templated":true}]}}