{"id":5583,"date":"2025-05-29T14:20:28","date_gmt":"2025-05-29T13:20:28","guid":{"rendered":"https:\/\/omnivion.net\/core\/?page_id=5583"},"modified":"2026-02-26T11:23:25","modified_gmt":"2026-02-26T10:23:25","slug":"art-de-la-chute","status":"publish","type":"page","link":"https:\/\/omnivion.net\/core\/fr\/art-de-la-chute\/","title":{"rendered":"L&rsquo;Art de la Chute"},"content":{"rendered":"<p><img data-recalc-dims=\"1\" loading=\"lazy\" decoding=\"async\" class=\"alignnone size-full wp-image-5865\" src=\"https:\/\/i0.wp.com\/omnivion.net\/core\/wp-content\/uploads\/2025\/12\/WhatsApp-Image-2025-12-01-at-21.13.49-15.jpeg?resize=1564%2C1005&#038;ssl=1\" alt=\"\" width=\"1564\" height=\"1005\" srcset=\"https:\/\/i0.wp.com\/omnivion.net\/core\/wp-content\/uploads\/2025\/12\/WhatsApp-Image-2025-12-01-at-21.13.49-15.jpeg?w=1564&amp;ssl=1 1564w, https:\/\/i0.wp.com\/omnivion.net\/core\/wp-content\/uploads\/2025\/12\/WhatsApp-Image-2025-12-01-at-21.13.49-15.jpeg?resize=300%2C193&amp;ssl=1 300w, https:\/\/i0.wp.com\/omnivion.net\/core\/wp-content\/uploads\/2025\/12\/WhatsApp-Image-2025-12-01-at-21.13.49-15.jpeg?resize=1024%2C658&amp;ssl=1 1024w, https:\/\/i0.wp.com\/omnivion.net\/core\/wp-content\/uploads\/2025\/12\/WhatsApp-Image-2025-12-01-at-21.13.49-15.jpeg?resize=768%2C494&amp;ssl=1 768w, https:\/\/i0.wp.com\/omnivion.net\/core\/wp-content\/uploads\/2025\/12\/WhatsApp-Image-2025-12-01-at-21.13.49-15.jpeg?resize=1536%2C987&amp;ssl=1 1536w\" sizes=\"auto, (max-width: 1000px) 100vw, 1000px\" \/><\/p>\n<h3>La pi\u00e8ce <em>L\u2019Art de la Chute<\/em> de Sara Stridsberg (traduction de Marianne S\u00e9gol) est publi\u00e9e et repr\u00e9sent\u00e9e par L\u2019ARCHE \u2013 \u00e9diteur &amp; agence th\u00e9\u00e2trale. [www.arche-\u00e9diteur.com]<\/h3>\n<p>&nbsp;<\/p>\n<p>Le collectif <em>Morsures<\/em> (Karin Romer, Catherine Smit, Dimitri Tsiapkinis) a le plaisir de vous inviter \u00e0 d\u00e9couvrir sa nouvelle cr\u00e9ation th\u00e9\u00e2trale!<\/p>\n<p>&nbsp;<\/p>\n<p><span style=\"font-size: 14pt;\"><strong>Prochaine repr\u00e9sentation le mardi 10 mars 2026 \u00e0 19H30, \u00e0 la Charpente, 4 Rue Charles P\u00e9guy, 37400 Amboise<\/strong><\/span><\/p>\n<h3>Billetterie : <a href=\"https:\/\/www.helloasso.com\/associations\/omnivion\/evenements\/art-de-la-chute\">https:\/\/www.helloasso.com\/associations\/omnivion\/evenements\/art-de-la-chute<\/a><\/h3>\n<p>&nbsp;<\/p>\n<p>Au d\u00e9but des ann\u00e9es 70 \u00e0 East Hampton, station baln\u00e9aire pris\u00e9e par l\u2019\u00e9lite new-yorkaise, Little Edie, 56 ans et sa m\u00e8re Big Edie, 79 ans, vivent dans le plus grand d\u00e9nuement, dans une immense maison de dix-huit pi\u00e8ces qui, au cours du temps, s\u2019est progressivement d\u00e9grad\u00e9e. Elles n\u2019occupent plus d\u00e9sormais qu\u2019une seule pi\u00e8ce, les autres \u00e9tant devenues inaccessibles. Des ratons laveurs, des dizaines de chats, des oiseaux de mer circulent librement dans la maison.<\/p>\n<p>Mortellement lass\u00e9es l\u2019une de l\u2019autre, la m\u00e8re et la fille continuent pourtant inlassablement de jouer, de danser, de chanter, de rire, de se ha\u00efr, de se blesser et d\u2019oublier qu\u2019elles l\u2019ont fait, de s\u2019aimer\u2026 Attendant encore et toujours d\u2019\u00eatre \u00ab\u00a0rep\u00e9r\u00e9es\u00a0\u00bb, elles passent le temps en \u00e9grenant leurs souvenirs, font rarement le m\u00e9nage, et se demandent comment elles font pour se supporter. Dans ce monde qui s\u2019\u00e9croule, o\u00f9 rien ne permet plus de distinguer l\u2019aurore du cr\u00e9puscule, elles sont libres et souveraines\u00a0: des \u00e9toiles dans leur propre vie\u2026<\/p>\n<p>Tante et cousine de Jacqueline Kennedy Onassis, Edith Ewing Bouvier Beale et Edith Bouvier Beale, ont \u00e9t\u00e9 immortalis\u00e9es dans le film <em>Grey Gardens,<\/em> r\u00e9alis\u00e9 par David et Albert Mayles en 1975 <em>(<\/em><a href=\"https:\/\/www.youtube.com\/watch?v=3m_lP_ELDhw\">https:\/\/www.youtube.com\/watch?v=3m_lP_ELDhw<\/a>). La pi\u00e8ce de Sara Stridsberg s\u2019en inspire librement.<\/p>\n<p>&nbsp;<\/p>\n<p><strong>Mise en sc\u00e8ne et sc\u00e9nographie :<\/strong> Collectif <em>Morsures<\/em>, avec la complicit\u00e9 de Bernard Pico.<\/p>\n<p><strong>LA M\u00c8RE (79 ans) :<\/strong> Karin Romer<br \/>\n<strong>LA FILLE (56 ans) :<\/strong> Catherine Smit<br \/>\n<strong>UNE TROISI\u00c8ME PERSONNE<\/strong><br \/>\n(Le fr\u00e8re Bouvier, le fr\u00e8re Phelan, Jackie Kennedy, Eugene, un homme qui travaille dans le cin\u00e9ma, le p\u00e8re Steve, une voix de radio, un ministre de l\u2019Int\u00e9rieur, l\u2019homme du service d\u2019hygi\u00e8ne, un journaliste) <strong>:<\/strong> Dimitri Tsiapkinis<br \/>\n<strong>Cr\u00e9ation sonore :<\/strong> Antoine Lay\u00e8re<br \/>\n<b>Sc\u00e9nographie\u00a0<\/b>: C\u00e9cile Pitois<\/p>\n<p><strong>Dossier du projet : <\/strong><a href=\"https:\/\/omnivion.net\/core\/wp-content\/uploads\/2025\/05\/Dossier-Lart-de-la-chute.pdf\"><strong>Art de la Chute PDF<\/strong><\/a><\/p>\n<p>Un projet soutenu par Omnivion.<\/p>\n<p>&nbsp;<\/p>\n<p>\/\/\/\/\/\/\/\/\/\/\/\/\/\/\/\/\/\/\/\/\/\/\/\/\/\/\/\/\/\/\/\/\/\/\/\/\/\/\/\/\/\/\/\/\/\/\/\/\/\/\/\/\/\/\/\/\/\/\/\/\/\/\/\/\/\/\/\/\/\/\/\/\/\/\/\/\/\/\/\/\/\/\/\/\/\/\/\/\/\/\/\/\/\/\/\/\/\/\/\/\/\/\/\/\/\/\/<\/p>\n<h4>&gt;Pr\u00e9c\u00e9dentes repr\u00e9sentations : 24 &#8211; 25 janvier 2026, \u00e0 <a href=\"https:\/\/abbaye-bourgueil.fr\/2025\/08\/29\/lart-de-la-chute\/\">l&rsquo;Abbaye de Bourgueil<\/a>, BOURGUEIL (37140)<\/h4>\n<p><\/p>","protected":false},"excerpt":{"rendered":"<p>La pi\u00e8ce L\u2019Art de la Chute de Sara Stridsberg (traduction de Marianne S\u00e9gol) [&hellip;]<\/p>\n","protected":false},"author":1,"featured_media":0,"parent":0,"menu_order":0,"comment_status":"closed","ping_status":"closed","template":"","meta":{"jetpack_post_was_ever_published":false,"footnotes":""},"class_list":["post-5583","page","type-page","status-publish","hentry"],"yoast_head":"<!-- This site is optimized with the Yoast SEO plugin v26.8 - https:\/\/yoast.com\/product\/yoast-seo-wordpress\/ -->\n<title>L&#039;Art de la Chute - omnivion.net<\/title>\n<meta name=\"robots\" content=\"index, follow, max-snippet:-1, max-image-preview:large, max-video-preview:-1\" \/>\n<link rel=\"canonical\" href=\"https:\/\/omnivion.net\/core\/fr\/art-de-la-chute\/\" \/>\n<meta property=\"og:locale\" content=\"fr_FR\" \/>\n<meta property=\"og:type\" content=\"article\" \/>\n<meta property=\"og:title\" content=\"L&#039;Art de la Chute - omnivion.net\" \/>\n<meta property=\"og:description\" content=\"La pi\u00e8ce L\u2019Art de la Chute de Sara Stridsberg (traduction de Marianne S\u00e9gol) [&hellip;]\" \/>\n<meta property=\"og:url\" content=\"https:\/\/omnivion.net\/core\/fr\/art-de-la-chute\/\" \/>\n<meta property=\"og:site_name\" content=\"omnivion.net\" \/>\n<meta property=\"article:modified_time\" content=\"2026-02-26T10:23:25+00:00\" \/>\n<meta property=\"og:image\" content=\"https:\/\/omnivion.net\/core\/wp-content\/uploads\/2025\/12\/WhatsApp-Image-2025-12-01-at-21.13.49-15.jpeg\" \/>\n<meta name=\"twitter:card\" content=\"summary_large_image\" \/>\n<meta name=\"twitter:label1\" content=\"Dur\u00e9e de lecture estim\u00e9e\" \/>\n\t<meta name=\"twitter:data1\" content=\"3 minutes\" \/>\n<script type=\"application\/ld+json\" class=\"yoast-schema-graph\">{\"@context\":\"https:\/\/schema.org\",\"@graph\":[{\"@type\":\"WebPage\",\"@id\":\"https:\/\/omnivion.net\/core\/fr\/art-de-la-chute\/\",\"url\":\"https:\/\/omnivion.net\/core\/fr\/art-de-la-chute\/\",\"name\":\"L'Art de la Chute - omnivion.net\",\"isPartOf\":{\"@id\":\"https:\/\/omnivion.net\/core\/fr\/#website\"},\"primaryImageOfPage\":{\"@id\":\"https:\/\/omnivion.net\/core\/fr\/art-de-la-chute\/#primaryimage\"},\"image\":{\"@id\":\"https:\/\/omnivion.net\/core\/fr\/art-de-la-chute\/#primaryimage\"},\"thumbnailUrl\":\"https:\/\/omnivion.net\/core\/wp-content\/uploads\/2025\/12\/WhatsApp-Image-2025-12-01-at-21.13.49-15.jpeg\",\"datePublished\":\"2025-05-29T13:20:28+00:00\",\"dateModified\":\"2026-02-26T10:23:25+00:00\",\"breadcrumb\":{\"@id\":\"https:\/\/omnivion.net\/core\/fr\/art-de-la-chute\/#breadcrumb\"},\"inLanguage\":\"fr-FR\",\"potentialAction\":[{\"@type\":\"ReadAction\",\"target\":[\"https:\/\/omnivion.net\/core\/fr\/art-de-la-chute\/\"]}]},{\"@type\":\"ImageObject\",\"inLanguage\":\"fr-FR\",\"@id\":\"https:\/\/omnivion.net\/core\/fr\/art-de-la-chute\/#primaryimage\",\"url\":\"https:\/\/omnivion.net\/core\/wp-content\/uploads\/2025\/12\/WhatsApp-Image-2025-12-01-at-21.13.49-15.jpeg\",\"contentUrl\":\"https:\/\/omnivion.net\/core\/wp-content\/uploads\/2025\/12\/WhatsApp-Image-2025-12-01-at-21.13.49-15.jpeg\"},{\"@type\":\"BreadcrumbList\",\"@id\":\"https:\/\/omnivion.net\/core\/fr\/art-de-la-chute\/#breadcrumb\",\"itemListElement\":[{\"@type\":\"ListItem\",\"position\":1,\"name\":\"Accueil\",\"item\":\"https:\/\/omnivion.net\/core\/en\/silverstorm\/\"},{\"@type\":\"ListItem\",\"position\":2,\"name\":\"L&rsquo;Art de la Chute\"}]},{\"@type\":\"WebSite\",\"@id\":\"https:\/\/omnivion.net\/core\/fr\/#website\",\"url\":\"https:\/\/omnivion.net\/core\/fr\/\",\"name\":\"omnivion.net\",\"description\":\"...ARTS D&#039;\u00caTRE CORPS...\",\"potentialAction\":[{\"@type\":\"SearchAction\",\"target\":{\"@type\":\"EntryPoint\",\"urlTemplate\":\"https:\/\/omnivion.net\/core\/fr\/?s={search_term_string}\"},\"query-input\":{\"@type\":\"PropertyValueSpecification\",\"valueRequired\":true,\"valueName\":\"search_term_string\"}}],\"inLanguage\":\"fr-FR\"}]}<\/script>\n<!-- \/ Yoast SEO plugin. -->","yoast_head_json":{"title":"L'Art de la Chute - omnivion.net","robots":{"index":"index","follow":"follow","max-snippet":"max-snippet:-1","max-image-preview":"max-image-preview:large","max-video-preview":"max-video-preview:-1"},"canonical":"https:\/\/omnivion.net\/core\/fr\/art-de-la-chute\/","og_locale":"fr_FR","og_type":"article","og_title":"L'Art de la Chute - omnivion.net","og_description":"La pi\u00e8ce L\u2019Art de la Chute de Sara Stridsberg (traduction de Marianne S\u00e9gol) [&hellip;]","og_url":"https:\/\/omnivion.net\/core\/fr\/art-de-la-chute\/","og_site_name":"omnivion.net","article_modified_time":"2026-02-26T10:23:25+00:00","og_image":[{"url":"https:\/\/omnivion.net\/core\/wp-content\/uploads\/2025\/12\/WhatsApp-Image-2025-12-01-at-21.13.49-15.jpeg","type":"","width":"","height":""}],"twitter_card":"summary_large_image","twitter_misc":{"Dur\u00e9e de lecture estim\u00e9e":"3 minutes"},"schema":{"@context":"https:\/\/schema.org","@graph":[{"@type":"WebPage","@id":"https:\/\/omnivion.net\/core\/fr\/art-de-la-chute\/","url":"https:\/\/omnivion.net\/core\/fr\/art-de-la-chute\/","name":"L'Art de la Chute - omnivion.net","isPartOf":{"@id":"https:\/\/omnivion.net\/core\/fr\/#website"},"primaryImageOfPage":{"@id":"https:\/\/omnivion.net\/core\/fr\/art-de-la-chute\/#primaryimage"},"image":{"@id":"https:\/\/omnivion.net\/core\/fr\/art-de-la-chute\/#primaryimage"},"thumbnailUrl":"https:\/\/omnivion.net\/core\/wp-content\/uploads\/2025\/12\/WhatsApp-Image-2025-12-01-at-21.13.49-15.jpeg","datePublished":"2025-05-29T13:20:28+00:00","dateModified":"2026-02-26T10:23:25+00:00","breadcrumb":{"@id":"https:\/\/omnivion.net\/core\/fr\/art-de-la-chute\/#breadcrumb"},"inLanguage":"fr-FR","potentialAction":[{"@type":"ReadAction","target":["https:\/\/omnivion.net\/core\/fr\/art-de-la-chute\/"]}]},{"@type":"ImageObject","inLanguage":"fr-FR","@id":"https:\/\/omnivion.net\/core\/fr\/art-de-la-chute\/#primaryimage","url":"https:\/\/omnivion.net\/core\/wp-content\/uploads\/2025\/12\/WhatsApp-Image-2025-12-01-at-21.13.49-15.jpeg","contentUrl":"https:\/\/omnivion.net\/core\/wp-content\/uploads\/2025\/12\/WhatsApp-Image-2025-12-01-at-21.13.49-15.jpeg"},{"@type":"BreadcrumbList","@id":"https:\/\/omnivion.net\/core\/fr\/art-de-la-chute\/#breadcrumb","itemListElement":[{"@type":"ListItem","position":1,"name":"Accueil","item":"https:\/\/omnivion.net\/core\/en\/silverstorm\/"},{"@type":"ListItem","position":2,"name":"L&rsquo;Art de la Chute"}]},{"@type":"WebSite","@id":"https:\/\/omnivion.net\/core\/fr\/#website","url":"https:\/\/omnivion.net\/core\/fr\/","name":"omnivion.net","description":"...ARTS D&#039;\u00caTRE CORPS...","potentialAction":[{"@type":"SearchAction","target":{"@type":"EntryPoint","urlTemplate":"https:\/\/omnivion.net\/core\/fr\/?s={search_term_string}"},"query-input":{"@type":"PropertyValueSpecification","valueRequired":true,"valueName":"search_term_string"}}],"inLanguage":"fr-FR"}]}},"jetpack_sharing_enabled":true,"jetpack_shortlink":"https:\/\/wp.me\/P2fe7Q-1s3","jetpack_likes_enabled":true,"_links":{"self":[{"href":"https:\/\/omnivion.net\/core\/fr\/wp-json\/wp\/v2\/pages\/5583","targetHints":{"allow":["GET"]}}],"collection":[{"href":"https:\/\/omnivion.net\/core\/fr\/wp-json\/wp\/v2\/pages"}],"about":[{"href":"https:\/\/omnivion.net\/core\/fr\/wp-json\/wp\/v2\/types\/page"}],"author":[{"embeddable":true,"href":"https:\/\/omnivion.net\/core\/fr\/wp-json\/wp\/v2\/users\/1"}],"replies":[{"embeddable":true,"href":"https:\/\/omnivion.net\/core\/fr\/wp-json\/wp\/v2\/comments?post=5583"}],"version-history":[{"count":14,"href":"https:\/\/omnivion.net\/core\/fr\/wp-json\/wp\/v2\/pages\/5583\/revisions"}],"predecessor-version":[{"id":5929,"href":"https:\/\/omnivion.net\/core\/fr\/wp-json\/wp\/v2\/pages\/5583\/revisions\/5929"}],"wp:attachment":[{"href":"https:\/\/omnivion.net\/core\/fr\/wp-json\/wp\/v2\/media?parent=5583"}],"curies":[{"name":"wp","href":"https:\/\/api.w.org\/{rel}","templated":true}]}}