{"id":5551,"date":"2025-05-24T19:47:37","date_gmt":"2025-05-24T18:47:37","guid":{"rendered":"https:\/\/omnivion.net\/core\/?page_id=5551"},"modified":"2025-05-29T13:31:17","modified_gmt":"2025-05-29T12:31:17","slug":"moon-eaters-iii","status":"publish","type":"page","link":"https:\/\/omnivion.net\/core\/fr\/projets\/projets-artistiques\/moon-eaters-iii\/","title":{"rendered":"MOON EATERS III \/ PRENDRE CORPS (2024)"},"content":{"rendered":"<p><div id=\"attachment_5552\" style=\"width: 810px\" class=\"wp-caption alignnone\"><img data-recalc-dims=\"1\" loading=\"lazy\" decoding=\"async\" aria-describedby=\"caption-attachment-5552\" class=\"size-full wp-image-5552\" src=\"https:\/\/i0.wp.com\/omnivion.net\/core\/wp-content\/uploads\/2025\/05\/2024-03-28_Prendre_Corps_Moon_Eaters_III_09_web.jpg?resize=800%2C450&#038;ssl=1\" alt=\"\" width=\"800\" height=\"450\" srcset=\"https:\/\/i0.wp.com\/omnivion.net\/core\/wp-content\/uploads\/2025\/05\/2024-03-28_Prendre_Corps_Moon_Eaters_III_09_web.jpg?w=800&amp;ssl=1 800w, https:\/\/i0.wp.com\/omnivion.net\/core\/wp-content\/uploads\/2025\/05\/2024-03-28_Prendre_Corps_Moon_Eaters_III_09_web.jpg?resize=300%2C169&amp;ssl=1 300w, https:\/\/i0.wp.com\/omnivion.net\/core\/wp-content\/uploads\/2025\/05\/2024-03-28_Prendre_Corps_Moon_Eaters_III_09_web.jpg?resize=768%2C432&amp;ssl=1 768w\" sizes=\"auto, (max-width: 800px) 100vw, 800px\" \/><p id=\"caption-attachment-5552\" class=\"wp-caption-text\">Photo par Dimitri Tsiapkinis<\/p><\/div><\/p>\n<p>&nbsp;<\/p>\n<p><strong><em><u>Prendre Corps \/ Moon Eaters 3 \/ Danse Shaolin <\/u><\/em><\/strong>| 30min<\/p>\n<p><strong>Pr\u00e9sent\u00e9 le 8 avril 2024, au Centre Social Gentiana, Tours (37100).<\/strong><\/p>\n<p>Photos du projet : <a href=\"https:\/\/flic.kr\/s\/aHBqjCfvZg\">https:\/\/flic.kr\/s\/aHBqjCfvZg<\/a><\/p>\n<p>Deux objectifs majeurs pour ce projet de danse : <strong>mettre des d\u00e9fis \u00e0 notre sens kinesth\u00e9sique et explorer des mobilit\u00e9s en lien avec des aspects martiales.<\/strong><\/p>\n<p>Dimitri Tsiapkinis, assistant du ma\u00eetre Shaolin <strong>Shi Yan Jun<\/strong> depuis 16 ans, a propos\u00e9 d\u2019\u00e9tudier des possibilit\u00e9s d\u2019expressivit\u00e9 gestuelle inspir\u00e9e du Kung Fu et du Tai Chi. L\u2019ancrage au sol, la concentration aigu\u00eb, la rapidit\u00e9 et la pr\u00e9cision gestuelle font partie des \u00e9l\u00e9ments cl\u00e9s dans l\u2019entra\u00eenement Shaolin, mais aussi dans celui de la danse. Il a \u00e9t\u00e9 assist\u00e9 par Ir\u00e8ne Bellenger, \u00e9galement assistante du ma\u00eetre Shaolin. La notion du duel\u00a0a \u00e9t\u00e9 \u00e9galement abord\u00e9e : duels avec soi-m\u00eame, avec l\u2019autre, avec le sol, avec l\u2019espace\u2026Une expressivit\u00e9 qui po\u00e9tise la r\u00e9sistance, le conflit, mais aussi la fluidit\u00e9 \u00e0 deux, comme avec le <em>Tui Shu<\/em> (pousser les mains) du Tai Chi. Les \u00e9chauffements \u00e9taient assur\u00e9s par Cindy Jasmin et accompagn\u00e9s musicalement par Papson Atike (percussions).<\/p>\n<p><strong>Interpr\u00e8tes : <\/strong>Mouna-Koultou ASSIMAKOU, Malcom BIAS, Oceane L\u00e9a CAUMONT, David-loup CHAMBERLIN, Emilie COLLIN, Goncalo Jos\u00e9 COSTA AMARAL, Gloria DUGUEY, Malika ELATIKY, Stella FORMOSA, Alexis GUILLEMIN, Tasnime IDRISS, Franciana NOMENJANAHARY, Axel Nicolas PREX, Dimitri TSIAPKINIS, Emma Jeanne VASCHALDE.<\/p>\n<p>&nbsp;<br \/>\n<strong>Assistant.e.s p\u00e9dagogiques :<\/strong> Ir\u00e8ne Bellenger, Cindy Jasmin, Papson Atike.<br \/>\n&nbsp;<br \/>\n<\/p>","protected":false},"excerpt":{"rendered":"<p>&nbsp; Prendre Corps \/ Moon Eaters 3 \/ Danse Shaolin | 30min Pr\u00e9sent\u00e9 [&hellip;]<\/p>\n","protected":false},"author":1,"featured_media":0,"parent":60,"menu_order":0,"comment_status":"closed","ping_status":"closed","template":"","meta":{"jetpack_post_was_ever_published":false,"footnotes":""},"class_list":["post-5551","page","type-page","status-publish","hentry"],"yoast_head":"<!-- This site is optimized with the Yoast SEO plugin v26.8 - https:\/\/yoast.com\/product\/yoast-seo-wordpress\/ -->\n<title>MOON EATERS III \/ PRENDRE CORPS (2024) - omnivion.net<\/title>\n<meta name=\"robots\" content=\"index, follow, max-snippet:-1, max-image-preview:large, max-video-preview:-1\" \/>\n<link rel=\"canonical\" href=\"https:\/\/omnivion.net\/core\/fr\/projets\/projets-artistiques\/moon-eaters-iii\/\" \/>\n<meta property=\"og:locale\" content=\"fr_FR\" \/>\n<meta property=\"og:type\" content=\"article\" \/>\n<meta property=\"og:title\" content=\"MOON EATERS III \/ PRENDRE CORPS (2024) - omnivion.net\" \/>\n<meta property=\"og:description\" content=\"&nbsp; Prendre Corps \/ Moon Eaters 3 \/ Danse Shaolin | 30min Pr\u00e9sent\u00e9 [&hellip;]\" \/>\n<meta property=\"og:url\" content=\"https:\/\/omnivion.net\/core\/fr\/projets\/projets-artistiques\/moon-eaters-iii\/\" \/>\n<meta property=\"og:site_name\" content=\"omnivion.net\" \/>\n<meta property=\"article:modified_time\" content=\"2025-05-29T12:31:17+00:00\" \/>\n<meta property=\"og:image\" content=\"https:\/\/omnivion.net\/core\/wp-content\/uploads\/2025\/05\/2024-03-28_Prendre_Corps_Moon_Eaters_III_09_web.jpg\" \/>\n<meta name=\"twitter:card\" content=\"summary_large_image\" \/>\n<meta name=\"twitter:label1\" content=\"Dur\u00e9e de lecture estim\u00e9e\" \/>\n\t<meta name=\"twitter:data1\" content=\"2 minutes\" \/>\n<script type=\"application\/ld+json\" class=\"yoast-schema-graph\">{\"@context\":\"https:\/\/schema.org\",\"@graph\":[{\"@type\":\"WebPage\",\"@id\":\"https:\/\/omnivion.net\/core\/fr\/projets\/projets-artistiques\/moon-eaters-iii\/\",\"url\":\"https:\/\/omnivion.net\/core\/fr\/projets\/projets-artistiques\/moon-eaters-iii\/\",\"name\":\"MOON EATERS III \/ PRENDRE CORPS (2024) - omnivion.net\",\"isPartOf\":{\"@id\":\"https:\/\/omnivion.net\/core\/fr\/#website\"},\"primaryImageOfPage\":{\"@id\":\"https:\/\/omnivion.net\/core\/fr\/projets\/projets-artistiques\/moon-eaters-iii\/#primaryimage\"},\"image\":{\"@id\":\"https:\/\/omnivion.net\/core\/fr\/projets\/projets-artistiques\/moon-eaters-iii\/#primaryimage\"},\"thumbnailUrl\":\"https:\/\/omnivion.net\/core\/wp-content\/uploads\/2025\/05\/2024-03-28_Prendre_Corps_Moon_Eaters_III_09_web.jpg\",\"datePublished\":\"2025-05-24T18:47:37+00:00\",\"dateModified\":\"2025-05-29T12:31:17+00:00\",\"breadcrumb\":{\"@id\":\"https:\/\/omnivion.net\/core\/fr\/projets\/projets-artistiques\/moon-eaters-iii\/#breadcrumb\"},\"inLanguage\":\"fr-FR\",\"potentialAction\":[{\"@type\":\"ReadAction\",\"target\":[\"https:\/\/omnivion.net\/core\/fr\/projets\/projets-artistiques\/moon-eaters-iii\/\"]}]},{\"@type\":\"ImageObject\",\"inLanguage\":\"fr-FR\",\"@id\":\"https:\/\/omnivion.net\/core\/fr\/projets\/projets-artistiques\/moon-eaters-iii\/#primaryimage\",\"url\":\"https:\/\/omnivion.net\/core\/wp-content\/uploads\/2025\/05\/2024-03-28_Prendre_Corps_Moon_Eaters_III_09_web.jpg\",\"contentUrl\":\"https:\/\/omnivion.net\/core\/wp-content\/uploads\/2025\/05\/2024-03-28_Prendre_Corps_Moon_Eaters_III_09_web.jpg\"},{\"@type\":\"BreadcrumbList\",\"@id\":\"https:\/\/omnivion.net\/core\/fr\/projets\/projets-artistiques\/moon-eaters-iii\/#breadcrumb\",\"itemListElement\":[{\"@type\":\"ListItem\",\"position\":1,\"name\":\"Accueil\",\"item\":\"https:\/\/omnivion.net\/core\/en\/silverstorm\/\"},{\"@type\":\"ListItem\",\"position\":2,\"name\":\"Projets\",\"item\":\"https:\/\/omnivion.net\/core\/fr\/projets\/\"},{\"@type\":\"ListItem\",\"position\":3,\"name\":\"Projets Artistiques\",\"item\":\"https:\/\/omnivion.net\/core\/projets\/projets-artistiques\/\"},{\"@type\":\"ListItem\",\"position\":4,\"name\":\"MOON EATERS III \/ PRENDRE CORPS (2024)\"}]},{\"@type\":\"WebSite\",\"@id\":\"https:\/\/omnivion.net\/core\/fr\/#website\",\"url\":\"https:\/\/omnivion.net\/core\/fr\/\",\"name\":\"omnivion.net\",\"description\":\"...ARTS D&#039;\u00caTRE CORPS...\",\"potentialAction\":[{\"@type\":\"SearchAction\",\"target\":{\"@type\":\"EntryPoint\",\"urlTemplate\":\"https:\/\/omnivion.net\/core\/fr\/?s={search_term_string}\"},\"query-input\":{\"@type\":\"PropertyValueSpecification\",\"valueRequired\":true,\"valueName\":\"search_term_string\"}}],\"inLanguage\":\"fr-FR\"}]}<\/script>\n<!-- \/ Yoast SEO plugin. -->","yoast_head_json":{"title":"MOON EATERS III \/ PRENDRE CORPS (2024) - omnivion.net","robots":{"index":"index","follow":"follow","max-snippet":"max-snippet:-1","max-image-preview":"max-image-preview:large","max-video-preview":"max-video-preview:-1"},"canonical":"https:\/\/omnivion.net\/core\/fr\/projets\/projets-artistiques\/moon-eaters-iii\/","og_locale":"fr_FR","og_type":"article","og_title":"MOON EATERS III \/ PRENDRE CORPS (2024) - omnivion.net","og_description":"&nbsp; Prendre Corps \/ Moon Eaters 3 \/ Danse Shaolin | 30min Pr\u00e9sent\u00e9 [&hellip;]","og_url":"https:\/\/omnivion.net\/core\/fr\/projets\/projets-artistiques\/moon-eaters-iii\/","og_site_name":"omnivion.net","article_modified_time":"2025-05-29T12:31:17+00:00","og_image":[{"url":"https:\/\/omnivion.net\/core\/wp-content\/uploads\/2025\/05\/2024-03-28_Prendre_Corps_Moon_Eaters_III_09_web.jpg","type":"","width":"","height":""}],"twitter_card":"summary_large_image","twitter_misc":{"Dur\u00e9e de lecture estim\u00e9e":"2 minutes"},"schema":{"@context":"https:\/\/schema.org","@graph":[{"@type":"WebPage","@id":"https:\/\/omnivion.net\/core\/fr\/projets\/projets-artistiques\/moon-eaters-iii\/","url":"https:\/\/omnivion.net\/core\/fr\/projets\/projets-artistiques\/moon-eaters-iii\/","name":"MOON EATERS III \/ PRENDRE CORPS (2024) - omnivion.net","isPartOf":{"@id":"https:\/\/omnivion.net\/core\/fr\/#website"},"primaryImageOfPage":{"@id":"https:\/\/omnivion.net\/core\/fr\/projets\/projets-artistiques\/moon-eaters-iii\/#primaryimage"},"image":{"@id":"https:\/\/omnivion.net\/core\/fr\/projets\/projets-artistiques\/moon-eaters-iii\/#primaryimage"},"thumbnailUrl":"https:\/\/omnivion.net\/core\/wp-content\/uploads\/2025\/05\/2024-03-28_Prendre_Corps_Moon_Eaters_III_09_web.jpg","datePublished":"2025-05-24T18:47:37+00:00","dateModified":"2025-05-29T12:31:17+00:00","breadcrumb":{"@id":"https:\/\/omnivion.net\/core\/fr\/projets\/projets-artistiques\/moon-eaters-iii\/#breadcrumb"},"inLanguage":"fr-FR","potentialAction":[{"@type":"ReadAction","target":["https:\/\/omnivion.net\/core\/fr\/projets\/projets-artistiques\/moon-eaters-iii\/"]}]},{"@type":"ImageObject","inLanguage":"fr-FR","@id":"https:\/\/omnivion.net\/core\/fr\/projets\/projets-artistiques\/moon-eaters-iii\/#primaryimage","url":"https:\/\/omnivion.net\/core\/wp-content\/uploads\/2025\/05\/2024-03-28_Prendre_Corps_Moon_Eaters_III_09_web.jpg","contentUrl":"https:\/\/omnivion.net\/core\/wp-content\/uploads\/2025\/05\/2024-03-28_Prendre_Corps_Moon_Eaters_III_09_web.jpg"},{"@type":"BreadcrumbList","@id":"https:\/\/omnivion.net\/core\/fr\/projets\/projets-artistiques\/moon-eaters-iii\/#breadcrumb","itemListElement":[{"@type":"ListItem","position":1,"name":"Accueil","item":"https:\/\/omnivion.net\/core\/en\/silverstorm\/"},{"@type":"ListItem","position":2,"name":"Projets","item":"https:\/\/omnivion.net\/core\/fr\/projets\/"},{"@type":"ListItem","position":3,"name":"Projets Artistiques","item":"https:\/\/omnivion.net\/core\/projets\/projets-artistiques\/"},{"@type":"ListItem","position":4,"name":"MOON EATERS III \/ PRENDRE CORPS (2024)"}]},{"@type":"WebSite","@id":"https:\/\/omnivion.net\/core\/fr\/#website","url":"https:\/\/omnivion.net\/core\/fr\/","name":"omnivion.net","description":"...ARTS D&#039;\u00caTRE CORPS...","potentialAction":[{"@type":"SearchAction","target":{"@type":"EntryPoint","urlTemplate":"https:\/\/omnivion.net\/core\/fr\/?s={search_term_string}"},"query-input":{"@type":"PropertyValueSpecification","valueRequired":true,"valueName":"search_term_string"}}],"inLanguage":"fr-FR"}]}},"jetpack_sharing_enabled":true,"jetpack_shortlink":"https:\/\/wp.me\/P2fe7Q-1rx","jetpack_likes_enabled":true,"_links":{"self":[{"href":"https:\/\/omnivion.net\/core\/fr\/wp-json\/wp\/v2\/pages\/5551","targetHints":{"allow":["GET"]}}],"collection":[{"href":"https:\/\/omnivion.net\/core\/fr\/wp-json\/wp\/v2\/pages"}],"about":[{"href":"https:\/\/omnivion.net\/core\/fr\/wp-json\/wp\/v2\/types\/page"}],"author":[{"embeddable":true,"href":"https:\/\/omnivion.net\/core\/fr\/wp-json\/wp\/v2\/users\/1"}],"replies":[{"embeddable":true,"href":"https:\/\/omnivion.net\/core\/fr\/wp-json\/wp\/v2\/comments?post=5551"}],"version-history":[{"count":3,"href":"https:\/\/omnivion.net\/core\/fr\/wp-json\/wp\/v2\/pages\/5551\/revisions"}],"predecessor-version":[{"id":5577,"href":"https:\/\/omnivion.net\/core\/fr\/wp-json\/wp\/v2\/pages\/5551\/revisions\/5577"}],"up":[{"embeddable":true,"href":"https:\/\/omnivion.net\/core\/fr\/wp-json\/wp\/v2\/pages\/60"}],"wp:attachment":[{"href":"https:\/\/omnivion.net\/core\/fr\/wp-json\/wp\/v2\/media?parent=5551"}],"curies":[{"name":"wp","href":"https:\/\/api.w.org\/{rel}","templated":true}]}}