{"id":5488,"date":"2024-12-15T20:03:26","date_gmt":"2024-12-15T19:03:26","guid":{"rendered":"https:\/\/omnivion.net\/core\/?page_id=5488"},"modified":"2026-01-04T14:36:23","modified_gmt":"2026-01-04T13:36:23","slug":"marches-ensemble","status":"publish","type":"page","link":"https:\/\/omnivion.net\/core\/fr\/projets\/projets-artistiques\/newt12\/marches-ensemble\/","title":{"rendered":"March\u00e9s &#8211; Ensemble \/ Projections Oniriques \/ Newtopia 12.1 &#038; 12.3"},"content":{"rendered":"<p><img data-recalc-dims=\"1\" loading=\"lazy\" decoding=\"async\" class=\"alignnone size-full wp-image-5490\" src=\"https:\/\/i0.wp.com\/omnivion.net\/core\/wp-content\/uploads\/2024\/12\/2024-12-14-15.47.21b.jpg?resize=800%2C450&#038;ssl=1\" alt=\"\" width=\"800\" height=\"450\" srcset=\"https:\/\/i0.wp.com\/omnivion.net\/core\/wp-content\/uploads\/2024\/12\/2024-12-14-15.47.21b.jpg?w=800&amp;ssl=1 800w, https:\/\/i0.wp.com\/omnivion.net\/core\/wp-content\/uploads\/2024\/12\/2024-12-14-15.47.21b.jpg?resize=300%2C169&amp;ssl=1 300w, https:\/\/i0.wp.com\/omnivion.net\/core\/wp-content\/uploads\/2024\/12\/2024-12-14-15.47.21b.jpg?resize=768%2C432&amp;ssl=1 768w\" sizes=\"auto, (max-width: 800px) 100vw, 800px\" \/><\/p>\n<p>Deux performances de danse inclusive dans des lieux publiques \u00e0 Tours, avec des mati\u00e8res de la cr\u00e9ation en cours <a href=\"https:\/\/omnivion.net\/core\/projets\/projets-artistiques\/newt12\/se-faire-des-films\/\"><em><strong>\u00ab\u00a0Se Faire Un? Des? Films&#8230;\/ Newtopia 12.5\u00a0\u00bb<\/strong><\/em><\/a>.<\/p>\n<p>Depuis quelques ann\u00e9es Omnivion explore les possibilit\u00e9s de performance dans la rue, souvent dans les march\u00e9s de la ville. Nous profitons de l&rsquo;ouverture architecturale, de l&rsquo;ambiance sonore, des couleurs de marchandises et surtout le rapport direct avec le public, souvent surpris de nos interventions sans pr\u00e9avis. Outre l&rsquo;opportunit\u00e9 de d\u00e9velopper la th\u00e9matique de Newtopia 12, nous visons aussi \u00e0 la sensibilisation de nos concitoyens \u00e0 la danse contemporaine et la danse inclusive.<\/p>\n<p><strong>Performeurs :<\/strong> Christine Causera, Ga\u00eblle Delahaie, Nadia Ferrari, Cintia Gomez, Bernadette Gridelet, K\u00e9vin Mey, Bruno Morin, Rosa Pires de Matos, Yvan Pousset, Dimitri Tsiapkinis.<\/p>\n<p><strong>Premier rendez-vous, le 9 f\u00e9vrier 2024 au march\u00e9 Saint-Paul au Sanitas, \u00e0 Tours (37000).<\/strong><\/p>\n<p>Photos : <a href=\"https:\/\/flic.kr\/s\/aHBqjBVcet\">https:\/\/flic.kr\/s\/aHBqjBVcet<\/a><\/p>\n<p><strong>Deuxi\u00e8me rendez-vous le 14 d\u00e9cembre 2024 \u00e0 la Place Neuve, \u00e0 Tours (37000).<\/strong><\/p>\n<p>Photos : <a href=\"https:\/\/flic.kr\/s\/aHBqjBV5NL\">https:\/\/flic.kr\/s\/aHBqjBV5NL<\/a><\/p>\n<p>&nbsp;<\/p>","protected":false},"excerpt":{"rendered":"<p>Deux performances de danse inclusive dans des lieux publiques \u00e0 Tours, avec des [&hellip;]<\/p>\n","protected":false},"author":1,"featured_media":0,"parent":5212,"menu_order":0,"comment_status":"closed","ping_status":"closed","template":"","meta":{"jetpack_post_was_ever_published":false,"footnotes":""},"class_list":["post-5488","page","type-page","status-publish","hentry"],"yoast_head":"<!-- This site is optimized with the Yoast SEO plugin v26.8 - https:\/\/yoast.com\/product\/yoast-seo-wordpress\/ -->\n<title>March\u00e9s - Ensemble \/ Projections Oniriques \/ Newtopia 12.1 &amp; 12.3 - omnivion.net<\/title>\n<meta name=\"robots\" content=\"index, follow, max-snippet:-1, max-image-preview:large, max-video-preview:-1\" \/>\n<link rel=\"canonical\" href=\"https:\/\/omnivion.net\/core\/fr\/projets\/projets-artistiques\/newt12\/marches-ensemble\/\" \/>\n<meta property=\"og:locale\" content=\"fr_FR\" \/>\n<meta property=\"og:type\" content=\"article\" \/>\n<meta property=\"og:title\" content=\"March\u00e9s - Ensemble \/ Projections Oniriques \/ Newtopia 12.1 &amp; 12.3 - omnivion.net\" \/>\n<meta property=\"og:description\" content=\"Deux performances de danse inclusive dans des lieux publiques \u00e0 Tours, avec des [&hellip;]\" \/>\n<meta property=\"og:url\" content=\"https:\/\/omnivion.net\/core\/fr\/projets\/projets-artistiques\/newt12\/marches-ensemble\/\" \/>\n<meta property=\"og:site_name\" content=\"omnivion.net\" \/>\n<meta property=\"article:modified_time\" content=\"2026-01-04T13:36:23+00:00\" \/>\n<meta property=\"og:image\" content=\"https:\/\/omnivion.net\/core\/wp-content\/uploads\/2024\/12\/2024-12-14-15.47.21b.jpg\" \/>\n<meta name=\"twitter:card\" content=\"summary_large_image\" \/>\n<meta name=\"twitter:label1\" content=\"Dur\u00e9e de lecture estim\u00e9e\" \/>\n\t<meta name=\"twitter:data1\" content=\"1 minute\" \/>\n<script type=\"application\/ld+json\" class=\"yoast-schema-graph\">{\"@context\":\"https:\/\/schema.org\",\"@graph\":[{\"@type\":\"WebPage\",\"@id\":\"https:\/\/omnivion.net\/core\/fr\/projets\/projets-artistiques\/newt12\/marches-ensemble\/\",\"url\":\"https:\/\/omnivion.net\/core\/fr\/projets\/projets-artistiques\/newt12\/marches-ensemble\/\",\"name\":\"March\u00e9s - Ensemble \/ Projections Oniriques \/ Newtopia 12.1 & 12.3 - omnivion.net\",\"isPartOf\":{\"@id\":\"https:\/\/omnivion.net\/core\/fr\/#website\"},\"primaryImageOfPage\":{\"@id\":\"https:\/\/omnivion.net\/core\/fr\/projets\/projets-artistiques\/newt12\/marches-ensemble\/#primaryimage\"},\"image\":{\"@id\":\"https:\/\/omnivion.net\/core\/fr\/projets\/projets-artistiques\/newt12\/marches-ensemble\/#primaryimage\"},\"thumbnailUrl\":\"https:\/\/omnivion.net\/core\/wp-content\/uploads\/2024\/12\/2024-12-14-15.47.21b.jpg\",\"datePublished\":\"2024-12-15T19:03:26+00:00\",\"dateModified\":\"2026-01-04T13:36:23+00:00\",\"breadcrumb\":{\"@id\":\"https:\/\/omnivion.net\/core\/fr\/projets\/projets-artistiques\/newt12\/marches-ensemble\/#breadcrumb\"},\"inLanguage\":\"fr-FR\",\"potentialAction\":[{\"@type\":\"ReadAction\",\"target\":[\"https:\/\/omnivion.net\/core\/fr\/projets\/projets-artistiques\/newt12\/marches-ensemble\/\"]}]},{\"@type\":\"ImageObject\",\"inLanguage\":\"fr-FR\",\"@id\":\"https:\/\/omnivion.net\/core\/fr\/projets\/projets-artistiques\/newt12\/marches-ensemble\/#primaryimage\",\"url\":\"https:\/\/omnivion.net\/core\/wp-content\/uploads\/2024\/12\/2024-12-14-15.47.21b.jpg\",\"contentUrl\":\"https:\/\/omnivion.net\/core\/wp-content\/uploads\/2024\/12\/2024-12-14-15.47.21b.jpg\"},{\"@type\":\"BreadcrumbList\",\"@id\":\"https:\/\/omnivion.net\/core\/fr\/projets\/projets-artistiques\/newt12\/marches-ensemble\/#breadcrumb\",\"itemListElement\":[{\"@type\":\"ListItem\",\"position\":1,\"name\":\"Accueil\",\"item\":\"https:\/\/omnivion.net\/core\/en\/silverstorm\/\"},{\"@type\":\"ListItem\",\"position\":2,\"name\":\"Projets\",\"item\":\"https:\/\/omnivion.net\/core\/fr\/projets\/\"},{\"@type\":\"ListItem\",\"position\":3,\"name\":\"Projets Artistiques\",\"item\":\"https:\/\/omnivion.net\/core\/projets\/projets-artistiques\/\"},{\"@type\":\"ListItem\",\"position\":4,\"name\":\"Projections Oniriques \/ Newtopia 12\",\"item\":\"https:\/\/omnivion.net\/core\/projets\/projets-artistiques\/newt12\/\"},{\"@type\":\"ListItem\",\"position\":5,\"name\":\"March\u00e9s &#8211; Ensemble \/ Projections Oniriques \/ Newtopia 12.1 &#038; 12.3\"}]},{\"@type\":\"WebSite\",\"@id\":\"https:\/\/omnivion.net\/core\/fr\/#website\",\"url\":\"https:\/\/omnivion.net\/core\/fr\/\",\"name\":\"omnivion.net\",\"description\":\"...ARTS D&#039;\u00caTRE CORPS...\",\"potentialAction\":[{\"@type\":\"SearchAction\",\"target\":{\"@type\":\"EntryPoint\",\"urlTemplate\":\"https:\/\/omnivion.net\/core\/fr\/?s={search_term_string}\"},\"query-input\":{\"@type\":\"PropertyValueSpecification\",\"valueRequired\":true,\"valueName\":\"search_term_string\"}}],\"inLanguage\":\"fr-FR\"}]}<\/script>\n<!-- \/ Yoast SEO plugin. -->","yoast_head_json":{"title":"March\u00e9s - Ensemble \/ Projections Oniriques \/ Newtopia 12.1 & 12.3 - omnivion.net","robots":{"index":"index","follow":"follow","max-snippet":"max-snippet:-1","max-image-preview":"max-image-preview:large","max-video-preview":"max-video-preview:-1"},"canonical":"https:\/\/omnivion.net\/core\/fr\/projets\/projets-artistiques\/newt12\/marches-ensemble\/","og_locale":"fr_FR","og_type":"article","og_title":"March\u00e9s - Ensemble \/ Projections Oniriques \/ Newtopia 12.1 & 12.3 - omnivion.net","og_description":"Deux performances de danse inclusive dans des lieux publiques \u00e0 Tours, avec des [&hellip;]","og_url":"https:\/\/omnivion.net\/core\/fr\/projets\/projets-artistiques\/newt12\/marches-ensemble\/","og_site_name":"omnivion.net","article_modified_time":"2026-01-04T13:36:23+00:00","og_image":[{"url":"https:\/\/omnivion.net\/core\/wp-content\/uploads\/2024\/12\/2024-12-14-15.47.21b.jpg","type":"","width":"","height":""}],"twitter_card":"summary_large_image","twitter_misc":{"Dur\u00e9e de lecture estim\u00e9e":"1 minute"},"schema":{"@context":"https:\/\/schema.org","@graph":[{"@type":"WebPage","@id":"https:\/\/omnivion.net\/core\/fr\/projets\/projets-artistiques\/newt12\/marches-ensemble\/","url":"https:\/\/omnivion.net\/core\/fr\/projets\/projets-artistiques\/newt12\/marches-ensemble\/","name":"March\u00e9s - Ensemble \/ Projections Oniriques \/ Newtopia 12.1 & 12.3 - omnivion.net","isPartOf":{"@id":"https:\/\/omnivion.net\/core\/fr\/#website"},"primaryImageOfPage":{"@id":"https:\/\/omnivion.net\/core\/fr\/projets\/projets-artistiques\/newt12\/marches-ensemble\/#primaryimage"},"image":{"@id":"https:\/\/omnivion.net\/core\/fr\/projets\/projets-artistiques\/newt12\/marches-ensemble\/#primaryimage"},"thumbnailUrl":"https:\/\/omnivion.net\/core\/wp-content\/uploads\/2024\/12\/2024-12-14-15.47.21b.jpg","datePublished":"2024-12-15T19:03:26+00:00","dateModified":"2026-01-04T13:36:23+00:00","breadcrumb":{"@id":"https:\/\/omnivion.net\/core\/fr\/projets\/projets-artistiques\/newt12\/marches-ensemble\/#breadcrumb"},"inLanguage":"fr-FR","potentialAction":[{"@type":"ReadAction","target":["https:\/\/omnivion.net\/core\/fr\/projets\/projets-artistiques\/newt12\/marches-ensemble\/"]}]},{"@type":"ImageObject","inLanguage":"fr-FR","@id":"https:\/\/omnivion.net\/core\/fr\/projets\/projets-artistiques\/newt12\/marches-ensemble\/#primaryimage","url":"https:\/\/omnivion.net\/core\/wp-content\/uploads\/2024\/12\/2024-12-14-15.47.21b.jpg","contentUrl":"https:\/\/omnivion.net\/core\/wp-content\/uploads\/2024\/12\/2024-12-14-15.47.21b.jpg"},{"@type":"BreadcrumbList","@id":"https:\/\/omnivion.net\/core\/fr\/projets\/projets-artistiques\/newt12\/marches-ensemble\/#breadcrumb","itemListElement":[{"@type":"ListItem","position":1,"name":"Accueil","item":"https:\/\/omnivion.net\/core\/en\/silverstorm\/"},{"@type":"ListItem","position":2,"name":"Projets","item":"https:\/\/omnivion.net\/core\/fr\/projets\/"},{"@type":"ListItem","position":3,"name":"Projets Artistiques","item":"https:\/\/omnivion.net\/core\/projets\/projets-artistiques\/"},{"@type":"ListItem","position":4,"name":"Projections Oniriques \/ Newtopia 12","item":"https:\/\/omnivion.net\/core\/projets\/projets-artistiques\/newt12\/"},{"@type":"ListItem","position":5,"name":"March\u00e9s &#8211; Ensemble \/ Projections Oniriques \/ Newtopia 12.1 &#038; 12.3"}]},{"@type":"WebSite","@id":"https:\/\/omnivion.net\/core\/fr\/#website","url":"https:\/\/omnivion.net\/core\/fr\/","name":"omnivion.net","description":"...ARTS D&#039;\u00caTRE CORPS...","potentialAction":[{"@type":"SearchAction","target":{"@type":"EntryPoint","urlTemplate":"https:\/\/omnivion.net\/core\/fr\/?s={search_term_string}"},"query-input":{"@type":"PropertyValueSpecification","valueRequired":true,"valueName":"search_term_string"}}],"inLanguage":"fr-FR"}]}},"jetpack_sharing_enabled":true,"jetpack_shortlink":"https:\/\/wp.me\/P2fe7Q-1qw","jetpack_likes_enabled":true,"_links":{"self":[{"href":"https:\/\/omnivion.net\/core\/fr\/wp-json\/wp\/v2\/pages\/5488","targetHints":{"allow":["GET"]}}],"collection":[{"href":"https:\/\/omnivion.net\/core\/fr\/wp-json\/wp\/v2\/pages"}],"about":[{"href":"https:\/\/omnivion.net\/core\/fr\/wp-json\/wp\/v2\/types\/page"}],"author":[{"embeddable":true,"href":"https:\/\/omnivion.net\/core\/fr\/wp-json\/wp\/v2\/users\/1"}],"replies":[{"embeddable":true,"href":"https:\/\/omnivion.net\/core\/fr\/wp-json\/wp\/v2\/comments?post=5488"}],"version-history":[{"count":5,"href":"https:\/\/omnivion.net\/core\/fr\/wp-json\/wp\/v2\/pages\/5488\/revisions"}],"predecessor-version":[{"id":5900,"href":"https:\/\/omnivion.net\/core\/fr\/wp-json\/wp\/v2\/pages\/5488\/revisions\/5900"}],"up":[{"embeddable":true,"href":"https:\/\/omnivion.net\/core\/fr\/wp-json\/wp\/v2\/pages\/5212"}],"wp:attachment":[{"href":"https:\/\/omnivion.net\/core\/fr\/wp-json\/wp\/v2\/media?parent=5488"}],"curies":[{"name":"wp","href":"https:\/\/api.w.org\/{rel}","templated":true}]}}