{"id":5413,"date":"2024-07-11T09:20:53","date_gmt":"2024-07-11T08:20:53","guid":{"rendered":"https:\/\/omnivion.net\/core\/projets\/educational-projects\/newtopia-atelier-inclusif-copy\/"},"modified":"2024-09-03T21:14:28","modified_gmt":"2024-09-03T20:14:28","slug":"newtopia-atelier-inclusif","status":"publish","type":"page","link":"https:\/\/omnivion.net\/core\/fr\/projets\/educational-projects\/newtopia-atelier-inclusif\/","title":{"rendered":"NEWTOPIA \/ Atelier inclusif hebdomadaire avec Dimitri Tsiapkinis 2023-2024"},"content":{"rendered":"<p><img data-recalc-dims=\"1\" loading=\"lazy\" decoding=\"async\" class=\"alignnone wp-image-5031\" src=\"https:\/\/i0.wp.com\/omnivion.net\/core\/wp-content\/uploads\/2023\/07\/2023-03-31-20.17.11b_web.jpg?resize=846%2C401\" alt=\"\" width=\"846\" height=\"401\" srcset=\"https:\/\/i0.wp.com\/omnivion.net\/core\/wp-content\/uploads\/2023\/07\/2023-03-31-20.17.11b_web.jpg?w=800&amp;ssl=1 800w, https:\/\/i0.wp.com\/omnivion.net\/core\/wp-content\/uploads\/2023\/07\/2023-03-31-20.17.11b_web.jpg?resize=300%2C142&amp;ssl=1 300w, https:\/\/i0.wp.com\/omnivion.net\/core\/wp-content\/uploads\/2023\/07\/2023-03-31-20.17.11b_web.jpg?resize=768%2C364&amp;ssl=1 768w\" sizes=\"auto, (max-width: 846px) 100vw, 846px\" \/><\/p>\n<p>&nbsp;<\/p>\n<h2><strong>Atelier inclusif hebdomadaire 2023-2024, avec Dimitri Tsiapkinis ouvert \u00e0 toute personne ayant un minimum d\u2019exp\u00e9rience <\/strong><strong>en expression corporelle de tout genre (Niveau mixte)<\/strong><\/h2>\n<p>&nbsp;<\/p>\n<p><strong>Objectifs :<\/strong><\/p>\n<ul>\n<li>&gt;\u00c9tudier diverses pratiques de danse contemporaine dans une perspective d\u2019ouverture<\/li>\n<li>&gt;Prendre plaisir \u00e0 improviser et \u00e0 inventer des danses ; seul ou \u00e0 plusieurs<\/li>\n<li>&gt;Participer \u00e0 l\u2019invention des mati\u00e8res pour Newtopia 11 \/ Projet de danse inclusif (danse et psychisme)<\/li>\n<\/ul>\n<p>Un travail technique et cr\u00e9atif avec les fondamentaux de la danse contemporaine qui s\u2019inspire de multiples sources, comme les pratiques somatiques (p\u00e9dagogie perceptive\/fascia), les arts martiaux Shaolin, le th\u00e9\u00e2tre corporel, les danses d\u2019ailleurs. Les improvisations cadencent et re-contextualisent le travail technique. Nous insistons \u00e0 l\u2019expressivit\u00e9 sensible et \u00e0 la singularit\u00e9 du danseur en opposition au <em>corps-objet<\/em> qui perdure dans nos soci\u00e9t\u00e9s. Les mati\u00e8res que nous allons partager vont nourrir des performances diverses dans le cadre de <a href=\"https:\/\/omnivion.net\/core\/projets\/projets-artistiques\/retroversions_newt-11\/\"><strong>Newtopia 11 \/ R\u00e9troversions &amp; Neutopies<\/strong><\/a>. Une \u00e9ventuelle participation aux performances publiques sera n\u00e9goci\u00e9e avec le directeur du projet.<\/p>\n<p>[Photos de l&rsquo;atelier Newtopia 10 de la saison derni\u00e8re : <a href=\"https:\/\/flic.kr\/s\/aHBqjAGoyp\">https:\/\/flic.kr\/s\/aHBqjAGoyp<\/a> ]<\/p>\n<p><strong>\/\/\/\/\/\/\/\/\/\/\/\/\/\/\/\/\/\/\/\/\/\/\/\/\/\/\/\/\/\/\/\/\/\/\/\/\/\/\/\/\/\/\/\/\/\/\/\/\/\/\/\/\/\/\/\/\/\/\/\/\/\/\/\/\/\/\/\/\/\/\/\/\/\/\/\/\/\/\/\/\/\/\/\/\/\/\/\/<\/strong><\/p>\n<p>&nbsp;<\/p>\n<p><strong>Horaires : vendredis 18H30-21H00 (25 sessions!)<\/strong><\/p>\n<p><strong>Lieu : Salle polyvalente \/ Centre Social Plurielles, 6 Avenue du G\u00e9n\u00e9ral de Gaulle, 37000 Tours<br \/>\n<\/strong><\/p>\n<p><strong>(ou parfois certains MERCREDIS au Centre social La Rabi\u00e8re,<\/strong> Rue de la Roti\u00e9re, 37300 Jou\u00e9-l\u00e8s-Tours )<\/p>\n<p><strong>Dates du 1er trimestre : <\/strong><\/p>\n<ul>\n<li><strong>13(Rabi\u00e8re!), <\/strong><strong>22, 29 septembre<\/strong><\/li>\n<li><strong>13, 20 octobre<\/strong><\/li>\n<li><strong>8(Rabi\u00e8re!), 15(Rabi\u00e8re!), 24 novembre<\/strong><\/li>\n<li><strong>1, 8, 22 d\u00e9cembre\u00a0<\/strong><br \/>\n<strong>=&gt; 11 sessions<\/strong><\/li>\n<\/ul>\n<p><strong>Dates du 2\u00e8me &amp; 3\u00e8me trimestre : <\/strong><\/p>\n<ul>\n<li><strong>12, 17(Rabi\u00e8re!), 26 janvier<\/strong><\/li>\n<li><strong>2, 9, 23 f\u00e9vrier<\/strong><\/li>\n<li><strong>13(Rabi\u00e8re!), 22, 29 mars<\/strong><\/li>\n<li><strong>19 avril<\/strong><\/li>\n<li><strong>17, 24 mai<\/strong><\/li>\n<li><strong>5(Rabi\u00e8re!), 21 juin<br \/>\n<\/strong><strong>=&gt; 14 sessions<\/strong><\/li>\n<\/ul>\n<p><strong>\u00a0<\/strong><span style=\"color: #ff0000;\"><strong>Session bonus!<\/strong> <\/span>le<strong> 29 juin 2024, suivie de notre AG festive annuelle!<br \/>\n<\/strong><\/p>\n<p>&nbsp;<\/p>\n<p><strong>METTEZ CETTE PAGE A VOS FAVORIS POUR V\u00c9RIFIER R\u00c9GULI\u00c8REMENT LES DATES! :-)<\/strong><\/p>\n<p><strong>Tarif pour les 25 ateliers : 240\u20ac<\/strong> (facilit\u00e9 de paiement possible) <strong>Inscriptions : EXPIR\u00c9<\/strong><\/p>\n<p>&nbsp;<\/p>\n<p><strong>+ Adh\u00e9sion \u00e0 Omnivion : 10\u20ac.<\/strong> Vous pouvez adh\u00e9rer ici : <strong><a href=\"https:\/\/www.helloasso.com\/associations\/omnivion\/adhesions\/adhesions-cotisations-2020-2022\">helloasso.com\/associations\/omnivion\/adhesions<\/a><\/strong><\/p>\n<p>ou par ce flashcode :<\/p>\n<p><img data-recalc-dims=\"1\" loading=\"lazy\" decoding=\"async\" class=\"alignnone wp-image-5035 size-thumbnail\" src=\"https:\/\/i0.wp.com\/omnivion.net\/core\/wp-content\/uploads\/2023\/07\/qrcode1-150x150.png?resize=150%2C150\" alt=\"\" width=\"150\" height=\"150\" srcset=\"https:\/\/i0.wp.com\/omnivion.net\/core\/wp-content\/uploads\/2023\/07\/qrcode1.png?resize=150%2C150&amp;ssl=1 150w, https:\/\/i0.wp.com\/omnivion.net\/core\/wp-content\/uploads\/2023\/07\/qrcode1.png?resize=300%2C300&amp;ssl=1 300w, https:\/\/i0.wp.com\/omnivion.net\/core\/wp-content\/uploads\/2023\/07\/qrcode1.png?w=600&amp;ssl=1 600w\" sizes=\"auto, (max-width: 150px) 100vw, 150px\" \/><\/p>\n<p>&nbsp;<\/p>\n<p>\/\/\/\/\/\/\/\/\/\/\/\/\/\/\/\/\/\/\/\/\/\/\/\/\/\/\/\/\/\/\/\/\/\/\/\/\/\/\/\/\/\/\/\/\/\/\/\/\/\/\/\/\/\/\/\/\/\/\/\/\/\/\/\/\/\/\/\/\/\/\/\/\/\/\/\/\/\/\/\/\/\/\/\/\/\/\/\/\/\/\/\/\/\/\/\/\/\/\/\/\/\/\/\/\/\/\/\/\/\/\/\/\/\/\/<\/p>\n<p>&nbsp;<\/p>\n<p>Autres infos, photos etc. sur <a href=\"https:\/\/www.facebook.com\/omnivion\">Facebook<\/a> et par mail \u00e0 nos adh\u00e9rents.<\/p>","protected":false},"excerpt":{"rendered":"<p>&nbsp; Atelier inclusif hebdomadaire 2023-2024, avec Dimitri Tsiapkinis ouvert \u00e0 toute personne ayant [&hellip;]<\/p>\n","protected":false},"author":1,"featured_media":0,"parent":63,"menu_order":0,"comment_status":"closed","ping_status":"closed","template":"","meta":{"jetpack_post_was_ever_published":false,"footnotes":""},"class_list":["post-5413","page","type-page","status-publish","hentry"],"yoast_head":"<!-- This site is optimized with the Yoast SEO plugin v26.8 - https:\/\/yoast.com\/product\/yoast-seo-wordpress\/ -->\n<title>NEWTOPIA \/ Atelier inclusif hebdomadaire avec Dimitri Tsiapkinis 2023-2024 - omnivion.net<\/title>\n<meta name=\"robots\" content=\"index, follow, max-snippet:-1, max-image-preview:large, max-video-preview:-1\" \/>\n<link rel=\"canonical\" href=\"https:\/\/omnivion.net\/core\/fr\/projets\/educational-projects\/newtopia-atelier-inclusif\/\" \/>\n<meta property=\"og:locale\" content=\"fr_FR\" \/>\n<meta property=\"og:type\" content=\"article\" \/>\n<meta property=\"og:title\" content=\"NEWTOPIA \/ Atelier inclusif hebdomadaire avec Dimitri Tsiapkinis 2023-2024 - omnivion.net\" \/>\n<meta property=\"og:description\" content=\"&nbsp; Atelier inclusif hebdomadaire 2023-2024, avec Dimitri Tsiapkinis ouvert \u00e0 toute personne ayant [&hellip;]\" \/>\n<meta property=\"og:url\" content=\"https:\/\/omnivion.net\/core\/fr\/projets\/educational-projects\/newtopia-atelier-inclusif\/\" \/>\n<meta property=\"og:site_name\" content=\"omnivion.net\" \/>\n<meta property=\"article:modified_time\" content=\"2024-09-03T20:14:28+00:00\" \/>\n<meta property=\"og:image\" content=\"http:\/\/omnivion.net\/core\/wp-content\/uploads\/2023\/07\/2023-03-31-20.17.11b_web.jpg\" \/>\n<meta name=\"twitter:card\" content=\"summary_large_image\" \/>\n<meta name=\"twitter:label1\" content=\"Dur\u00e9e de lecture estim\u00e9e\" \/>\n\t<meta name=\"twitter:data1\" content=\"3 minutes\" \/>\n<script type=\"application\/ld+json\" class=\"yoast-schema-graph\">{\"@context\":\"https:\/\/schema.org\",\"@graph\":[{\"@type\":\"WebPage\",\"@id\":\"https:\/\/omnivion.net\/core\/fr\/projets\/educational-projects\/newtopia-atelier-inclusif\/\",\"url\":\"https:\/\/omnivion.net\/core\/fr\/projets\/educational-projects\/newtopia-atelier-inclusif\/\",\"name\":\"NEWTOPIA \/ Atelier inclusif hebdomadaire avec Dimitri Tsiapkinis 2023-2024 - omnivion.net\",\"isPartOf\":{\"@id\":\"https:\/\/omnivion.net\/core\/fr\/#website\"},\"primaryImageOfPage\":{\"@id\":\"https:\/\/omnivion.net\/core\/fr\/projets\/educational-projects\/newtopia-atelier-inclusif\/#primaryimage\"},\"image\":{\"@id\":\"https:\/\/omnivion.net\/core\/fr\/projets\/educational-projects\/newtopia-atelier-inclusif\/#primaryimage\"},\"thumbnailUrl\":\"http:\/\/omnivion.net\/core\/wp-content\/uploads\/2023\/07\/2023-03-31-20.17.11b_web.jpg\",\"datePublished\":\"2024-07-11T08:20:53+00:00\",\"dateModified\":\"2024-09-03T20:14:28+00:00\",\"breadcrumb\":{\"@id\":\"https:\/\/omnivion.net\/core\/fr\/projets\/educational-projects\/newtopia-atelier-inclusif\/#breadcrumb\"},\"inLanguage\":\"fr-FR\",\"potentialAction\":[{\"@type\":\"ReadAction\",\"target\":[\"https:\/\/omnivion.net\/core\/fr\/projets\/educational-projects\/newtopia-atelier-inclusif\/\"]}]},{\"@type\":\"ImageObject\",\"inLanguage\":\"fr-FR\",\"@id\":\"https:\/\/omnivion.net\/core\/fr\/projets\/educational-projects\/newtopia-atelier-inclusif\/#primaryimage\",\"url\":\"http:\/\/omnivion.net\/core\/wp-content\/uploads\/2023\/07\/2023-03-31-20.17.11b_web.jpg\",\"contentUrl\":\"http:\/\/omnivion.net\/core\/wp-content\/uploads\/2023\/07\/2023-03-31-20.17.11b_web.jpg\"},{\"@type\":\"BreadcrumbList\",\"@id\":\"https:\/\/omnivion.net\/core\/fr\/projets\/educational-projects\/newtopia-atelier-inclusif\/#breadcrumb\",\"itemListElement\":[{\"@type\":\"ListItem\",\"position\":1,\"name\":\"Accueil\",\"item\":\"https:\/\/omnivion.net\/core\/en\/silverstorm\/\"},{\"@type\":\"ListItem\",\"position\":2,\"name\":\"Projets\",\"item\":\"https:\/\/omnivion.net\/core\/fr\/projets\/\"},{\"@type\":\"ListItem\",\"position\":3,\"name\":\"Projets Educatifs\",\"item\":\"https:\/\/omnivion.net\/core\/projets\/educational-projects\/\"},{\"@type\":\"ListItem\",\"position\":4,\"name\":\"NEWTOPIA \/ Atelier inclusif hebdomadaire avec Dimitri Tsiapkinis 2023-2024\"}]},{\"@type\":\"WebSite\",\"@id\":\"https:\/\/omnivion.net\/core\/fr\/#website\",\"url\":\"https:\/\/omnivion.net\/core\/fr\/\",\"name\":\"omnivion.net\",\"description\":\"...ARTS D&#039;\u00caTRE CORPS...\",\"potentialAction\":[{\"@type\":\"SearchAction\",\"target\":{\"@type\":\"EntryPoint\",\"urlTemplate\":\"https:\/\/omnivion.net\/core\/fr\/?s={search_term_string}\"},\"query-input\":{\"@type\":\"PropertyValueSpecification\",\"valueRequired\":true,\"valueName\":\"search_term_string\"}}],\"inLanguage\":\"fr-FR\"}]}<\/script>\n<!-- \/ Yoast SEO plugin. -->","yoast_head_json":{"title":"NEWTOPIA \/ Atelier inclusif hebdomadaire avec Dimitri Tsiapkinis 2023-2024 - omnivion.net","robots":{"index":"index","follow":"follow","max-snippet":"max-snippet:-1","max-image-preview":"max-image-preview:large","max-video-preview":"max-video-preview:-1"},"canonical":"https:\/\/omnivion.net\/core\/fr\/projets\/educational-projects\/newtopia-atelier-inclusif\/","og_locale":"fr_FR","og_type":"article","og_title":"NEWTOPIA \/ Atelier inclusif hebdomadaire avec Dimitri Tsiapkinis 2023-2024 - omnivion.net","og_description":"&nbsp; Atelier inclusif hebdomadaire 2023-2024, avec Dimitri Tsiapkinis ouvert \u00e0 toute personne ayant [&hellip;]","og_url":"https:\/\/omnivion.net\/core\/fr\/projets\/educational-projects\/newtopia-atelier-inclusif\/","og_site_name":"omnivion.net","article_modified_time":"2024-09-03T20:14:28+00:00","og_image":[{"url":"http:\/\/omnivion.net\/core\/wp-content\/uploads\/2023\/07\/2023-03-31-20.17.11b_web.jpg","type":"","width":"","height":""}],"twitter_card":"summary_large_image","twitter_misc":{"Dur\u00e9e de lecture estim\u00e9e":"3 minutes"},"schema":{"@context":"https:\/\/schema.org","@graph":[{"@type":"WebPage","@id":"https:\/\/omnivion.net\/core\/fr\/projets\/educational-projects\/newtopia-atelier-inclusif\/","url":"https:\/\/omnivion.net\/core\/fr\/projets\/educational-projects\/newtopia-atelier-inclusif\/","name":"NEWTOPIA \/ Atelier inclusif hebdomadaire avec Dimitri Tsiapkinis 2023-2024 - omnivion.net","isPartOf":{"@id":"https:\/\/omnivion.net\/core\/fr\/#website"},"primaryImageOfPage":{"@id":"https:\/\/omnivion.net\/core\/fr\/projets\/educational-projects\/newtopia-atelier-inclusif\/#primaryimage"},"image":{"@id":"https:\/\/omnivion.net\/core\/fr\/projets\/educational-projects\/newtopia-atelier-inclusif\/#primaryimage"},"thumbnailUrl":"http:\/\/omnivion.net\/core\/wp-content\/uploads\/2023\/07\/2023-03-31-20.17.11b_web.jpg","datePublished":"2024-07-11T08:20:53+00:00","dateModified":"2024-09-03T20:14:28+00:00","breadcrumb":{"@id":"https:\/\/omnivion.net\/core\/fr\/projets\/educational-projects\/newtopia-atelier-inclusif\/#breadcrumb"},"inLanguage":"fr-FR","potentialAction":[{"@type":"ReadAction","target":["https:\/\/omnivion.net\/core\/fr\/projets\/educational-projects\/newtopia-atelier-inclusif\/"]}]},{"@type":"ImageObject","inLanguage":"fr-FR","@id":"https:\/\/omnivion.net\/core\/fr\/projets\/educational-projects\/newtopia-atelier-inclusif\/#primaryimage","url":"http:\/\/omnivion.net\/core\/wp-content\/uploads\/2023\/07\/2023-03-31-20.17.11b_web.jpg","contentUrl":"http:\/\/omnivion.net\/core\/wp-content\/uploads\/2023\/07\/2023-03-31-20.17.11b_web.jpg"},{"@type":"BreadcrumbList","@id":"https:\/\/omnivion.net\/core\/fr\/projets\/educational-projects\/newtopia-atelier-inclusif\/#breadcrumb","itemListElement":[{"@type":"ListItem","position":1,"name":"Accueil","item":"https:\/\/omnivion.net\/core\/en\/silverstorm\/"},{"@type":"ListItem","position":2,"name":"Projets","item":"https:\/\/omnivion.net\/core\/fr\/projets\/"},{"@type":"ListItem","position":3,"name":"Projets Educatifs","item":"https:\/\/omnivion.net\/core\/projets\/educational-projects\/"},{"@type":"ListItem","position":4,"name":"NEWTOPIA \/ Atelier inclusif hebdomadaire avec Dimitri Tsiapkinis 2023-2024"}]},{"@type":"WebSite","@id":"https:\/\/omnivion.net\/core\/fr\/#website","url":"https:\/\/omnivion.net\/core\/fr\/","name":"omnivion.net","description":"...ARTS D&#039;\u00caTRE CORPS...","potentialAction":[{"@type":"SearchAction","target":{"@type":"EntryPoint","urlTemplate":"https:\/\/omnivion.net\/core\/fr\/?s={search_term_string}"},"query-input":{"@type":"PropertyValueSpecification","valueRequired":true,"valueName":"search_term_string"}}],"inLanguage":"fr-FR"}]}},"jetpack_sharing_enabled":true,"jetpack_shortlink":"https:\/\/wp.me\/P2fe7Q-1pj","jetpack_likes_enabled":true,"_links":{"self":[{"href":"https:\/\/omnivion.net\/core\/fr\/wp-json\/wp\/v2\/pages\/5413","targetHints":{"allow":["GET"]}}],"collection":[{"href":"https:\/\/omnivion.net\/core\/fr\/wp-json\/wp\/v2\/pages"}],"about":[{"href":"https:\/\/omnivion.net\/core\/fr\/wp-json\/wp\/v2\/types\/page"}],"author":[{"embeddable":true,"href":"https:\/\/omnivion.net\/core\/fr\/wp-json\/wp\/v2\/users\/1"}],"replies":[{"embeddable":true,"href":"https:\/\/omnivion.net\/core\/fr\/wp-json\/wp\/v2\/comments?post=5413"}],"version-history":[{"count":2,"href":"https:\/\/omnivion.net\/core\/fr\/wp-json\/wp\/v2\/pages\/5413\/revisions"}],"predecessor-version":[{"id":5445,"href":"https:\/\/omnivion.net\/core\/fr\/wp-json\/wp\/v2\/pages\/5413\/revisions\/5445"}],"up":[{"embeddable":true,"href":"https:\/\/omnivion.net\/core\/fr\/wp-json\/wp\/v2\/pages\/63"}],"wp:attachment":[{"href":"https:\/\/omnivion.net\/core\/fr\/wp-json\/wp\/v2\/media?parent=5413"}],"curies":[{"name":"wp","href":"https:\/\/api.w.org\/{rel}","templated":true}]}}