{"id":5403,"date":"2024-07-09T21:15:07","date_gmt":"2024-07-09T20:15:07","guid":{"rendered":"https:\/\/omnivion.net\/core\/?page_id=5403"},"modified":"2026-01-04T14:33:46","modified_gmt":"2026-01-04T13:33:46","slug":"se-faire-des-films","status":"publish","type":"page","link":"https:\/\/omnivion.net\/core\/fr\/projets\/projets-artistiques\/newt12\/se-faire-des-films\/","title":{"rendered":"Se Faire Un? Des? Films&#8230;\/ Newtopia 12.4"},"content":{"rendered":"<p><div id=\"attachment_5560\" style=\"width: 810px\" class=\"wp-caption alignnone\"><img data-recalc-dims=\"1\" loading=\"lazy\" decoding=\"async\" aria-describedby=\"caption-attachment-5560\" class=\"size-full wp-image-5560\" src=\"https:\/\/i0.wp.com\/omnivion.net\/core\/wp-content\/uploads\/2025\/05\/%C2%A9-Bernard-DURET-25.jpg?resize=800%2C534&#038;ssl=1\" alt=\"\" width=\"800\" height=\"534\" srcset=\"https:\/\/i0.wp.com\/omnivion.net\/core\/wp-content\/uploads\/2025\/05\/%C2%A9-Bernard-DURET-25.jpg?w=800&amp;ssl=1 800w, https:\/\/i0.wp.com\/omnivion.net\/core\/wp-content\/uploads\/2025\/05\/%C2%A9-Bernard-DURET-25.jpg?resize=300%2C200&amp;ssl=1 300w, https:\/\/i0.wp.com\/omnivion.net\/core\/wp-content\/uploads\/2025\/05\/%C2%A9-Bernard-DURET-25.jpg?resize=768%2C513&amp;ssl=1 768w\" sizes=\"auto, (max-width: 800px) 100vw, 800px\" \/><p id=\"caption-attachment-5560\" class=\"wp-caption-text\">Photo par Bernard Duret<\/p><\/div><\/p>\n<p>&nbsp;<\/p>\n<h2>Spectacle chor\u00e9graphique, th\u00e9\u00e2tral et musical, le 17 mai 2025,<\/h2>\n<h2>\u00e0 20H30 \u00e0 la Pl\u00e9iade, 154 Rue de la Mairie &#8211; 37520 La Riche<\/h2>\n<p><strong>Photos du spectacle par Bernard Duret : <a href=\"https:\/\/www.flickr.com\/photos\/omnivion\/albums\/72177720326445322\" target=\"_blank\" rel=\"noopener\">flickr.com\/photos\/omnivion\/albums\/72177720326445322\u00a0<\/a><\/strong><\/p>\n<p>&nbsp;<\/p>\n<p>&nbsp;<\/p>\n<p><strong>SE FAIRE UN? \/ DES? FILMS<\/strong>&#8230;est un nouveau projet chor\u00e9graphique et artistique inclusif de la s\u00e9rie <a href=\"https:\/\/omnivion.net\/core\/fr\/projets\/projets-artistiques\/newt12\/\"><strong>Projections Oniriques \/ Newtopia 12<\/strong><\/a>. Encore une opportunit\u00e9 pour notre r\u00e9seau d\u2019artistes d\u2019inventer des mondes po\u00e9tiques entre r\u00eave et r\u00e9alit\u00e9, entre sciences et arts, entre technologie et corpor\u00e9it\u00e9s sensibles.<br \/>\nDimitri Tsiapkinis dirige les projets inclusifs <strong>Newtopia<\/strong> avec la complicit\u00e9 de l\u2019\u00e9quipe d\u2019Omnivion, un groupe compos\u00e9 d\u2019artistes professionnels et amateurs, certains souffrant de psychopathologies. Des projets chor\u00e9graphiques et artistiques inclusifs d\u00e9velopp\u00e9s autour de la conviction que la danse participe \u00e0 l\u2019\u00e9panouissement de soi et de la communaut\u00e9.<\/p>\n<p>Cette ann\u00e9e, nous envisageons une cr\u00e9ation avec plein de couleurs. <strong>SE FAIRE UN? \/ DES? FILMS\u2026<\/strong> c\u2019est de l\u2019art brut chor\u00e9graphique avec des mati\u00e8res produites collectivement qui ont un seul but : l\u2019\u00e9panouissement expressif de la communaut\u00e9. Nous assemblerons des performances inspir\u00e9es en partie du monde du cin\u00e9ma en un grand sc\u00e9nario semi-absurde qui nous fera voyager dans des imaginaires singuliers, solitaires ou collectifs. Un projet collaboratif qui vise la cr\u00e9ation artistique solidaire. Danser et inventer ensemble pour enrichir les moyens d\u2019expression et stimuler l\u2019authenticit\u00e9, les \u00e9changes sociaux et la citoyennet\u00e9 en imaginant de nouvelles fa\u00e7ons d\u2019\u00eatre au monde.<\/p>\n<p><strong>Conception \/ direction :<\/strong> Dimitri Tsiapkinis<br \/>\n<strong>Danse &amp; Chor\u00e9graphie : <\/strong>Alain Ferrandez, Anna\u00efck Nicolazic, Aur\u00e9lie Lefeuvre, Bartel Bruynseels, Bruno Morin, Cinthia Gomez, Claire Guillaume, Dimitri Tsiapkinis, Ga\u00eblle Delahaie, Gilles Lolivier, K\u00e9vin Mey, Rosa Pires de Matos, Sophie Abbas, Yvan Pousset<\/p>\n<p><strong>Musique :<\/strong> Alain Ferrandez<br \/>\n<strong>Slam po\u00e9sie :<\/strong> Bartel Bruynseels<br \/>\n<strong>Monologue th\u00e9\u00e2trale :<\/strong> Anna\u00efck Nicolazic<br \/>\n<strong>Texte :<\/strong> Adeline Gautret<br \/>\n<strong>\u00c9clairage\/r\u00e9gie technique :<\/strong> Marine Pourqui\u00e9<br \/>\n<strong><br \/>\nProduction :<\/strong> Omnivion\/ Arts d\u2019\u00catre Corps<br \/>\n<strong>Dur\u00e9e :<\/strong> ~ 60min<\/p>\n<p>Billetterie : <a href=\"https:\/\/www.helloasso.com\/associations\/omnivion\/evenements\/se-faire-un-des-films-newtopia-12-4-2025\">https:\/\/www.helloasso.com\/associations\/omnivion\/evenements\/se-faire-un-des-films-newtopia-12-4-2025<\/a><\/p>\n<p>\/\/\/\/\/\/\/\/\/\/\/\/\/\/\/\/\/\/\/\/\/\/\/\/\/\/\/\/\/\/\/\/\/\/\/\/\/\/\/\/\/\/\/\/\/\/\/\/\/\/\/\/\/\/\/\/\/\/\/\/\/\/\/\/\/\/\/\/\/\/\/\/\/\/\/\/\/\/\/\/\/\/\/\/\/\/\/\/\/\/<\/p>\n<p><strong>Partenaires et financement :<\/strong> DRAC Centre, CHU de Tours, Ville de Tours, Ville de La Riche\/ La Pl\u00e9iade, Fondation SNCF \/ Coup de c\u0153ur solidaire, Fonds de dotation Transept2,\u00a0 P\u00f4le de sant\u00e9 la Conflunce, IME de Reugny, APAJH37, Magazine Trakt, la Rabouilleuse \/ \u00c9cole de Loire, Centre Social la Rabi\u00e8re, Centre Social Plurielles.<\/p>\n<p><img data-recalc-dims=\"1\" loading=\"lazy\" decoding=\"async\" class=\"alignnone size-full wp-image-5547\" src=\"https:\/\/i0.wp.com\/omnivion.net\/core\/wp-content\/uploads\/2025\/04\/Logos_NEWT_12.4.jpg?resize=1118%2C174&#038;ssl=1\" alt=\"\" width=\"1118\" height=\"174\" srcset=\"https:\/\/i0.wp.com\/omnivion.net\/core\/wp-content\/uploads\/2025\/04\/Logos_NEWT_12.4.jpg?w=1118&amp;ssl=1 1118w, https:\/\/i0.wp.com\/omnivion.net\/core\/wp-content\/uploads\/2025\/04\/Logos_NEWT_12.4.jpg?resize=300%2C47&amp;ssl=1 300w, https:\/\/i0.wp.com\/omnivion.net\/core\/wp-content\/uploads\/2025\/04\/Logos_NEWT_12.4.jpg?resize=1024%2C159&amp;ssl=1 1024w, https:\/\/i0.wp.com\/omnivion.net\/core\/wp-content\/uploads\/2025\/04\/Logos_NEWT_12.4.jpg?resize=768%2C120&amp;ssl=1 768w\" sizes=\"auto, (max-width: 1000px) 100vw, 1000px\" \/><\/p>","protected":false},"excerpt":{"rendered":"<p>&nbsp; Spectacle chor\u00e9graphique, th\u00e9\u00e2tral et musical, le 17 mai 2025, \u00e0 20H30 \u00e0 [&hellip;]<\/p>\n","protected":false},"author":1,"featured_media":0,"parent":5212,"menu_order":0,"comment_status":"closed","ping_status":"closed","template":"","meta":{"jetpack_post_was_ever_published":false,"footnotes":""},"class_list":["post-5403","page","type-page","status-publish","hentry"],"yoast_head":"<!-- This site is optimized with the Yoast SEO plugin v26.8 - https:\/\/yoast.com\/product\/yoast-seo-wordpress\/ -->\n<title>Se Faire Un? Des? Films...\/ Newtopia 12.4 - omnivion.net<\/title>\n<meta name=\"description\" content=\"SE FAIRE UN? \/ DES? FILMS\u2026 c\u2019est de l\u2019art brut chor\u00e9graphique avec des mati\u00e8res produites collectivement qui ont un seul but : l\u2019\u00e9panouissement expressif de la communaut\u00e9. Nous assemblerons des performances inspir\u00e9es en partie du monde du cin\u00e9ma en un grand sc\u00e9nario semi-absurde qui nous fera voyager dans des imaginaires singuliers, solitaires ou collectifs.\" \/>\n<meta name=\"robots\" content=\"index, follow, max-snippet:-1, max-image-preview:large, max-video-preview:-1\" \/>\n<link rel=\"canonical\" href=\"https:\/\/omnivion.net\/core\/fr\/projets\/projets-artistiques\/newt12\/se-faire-des-films\/\" \/>\n<meta property=\"og:locale\" content=\"fr_FR\" \/>\n<meta property=\"og:type\" content=\"article\" \/>\n<meta property=\"og:title\" content=\"Se Faire Un? Des? Films...\/ Newtopia 12.4 - omnivion.net\" \/>\n<meta property=\"og:description\" content=\"{:fr}SE FAIRE UN? \/ DES? FILMS\u2026 c\u2019est de l\u2019art brut chor\u00e9graphique avec des mati\u00e8res produites collectivement qui ont un seul but : l\u2019\u00e9panouissement expressif de la communaut\u00e9. Nous assemblerons des performances inspir\u00e9es en partie du monde du cin\u00e9ma en un grand sc\u00e9nario semi-absurde qui nous fera voyager dans des imaginaires singuliers, solitaires ou collectifs.{:}\" \/>\n<meta property=\"og:url\" content=\"https:\/\/omnivion.net\/core\/fr\/projets\/projets-artistiques\/newt12\/se-faire-des-films\/\" \/>\n<meta property=\"og:site_name\" content=\"omnivion.net\" \/>\n<meta property=\"article:modified_time\" content=\"2026-01-04T13:33:46+00:00\" \/>\n<meta property=\"og:image\" content=\"https:\/\/omnivion.net\/core\/wp-content\/uploads\/2025\/04\/Logos_NEWT_12.4.jpg\" \/>\n<meta name=\"twitter:card\" content=\"summary_large_image\" \/>\n<meta name=\"twitter:label1\" content=\"Dur\u00e9e de lecture estim\u00e9e\" \/>\n\t<meta name=\"twitter:data1\" content=\"3 minutes\" \/>\n<script type=\"application\/ld+json\" class=\"yoast-schema-graph\">{\"@context\":\"https:\/\/schema.org\",\"@graph\":[{\"@type\":\"WebPage\",\"@id\":\"https:\/\/omnivion.net\/core\/fr\/projets\/projets-artistiques\/newt12\/se-faire-des-films\/\",\"url\":\"https:\/\/omnivion.net\/core\/fr\/projets\/projets-artistiques\/newt12\/se-faire-des-films\/\",\"name\":\"Se Faire Un? Des? Films...\/ Newtopia 12.4 - omnivion.net\",\"isPartOf\":{\"@id\":\"https:\/\/omnivion.net\/core\/fr\/#website\"},\"primaryImageOfPage\":{\"@id\":\"https:\/\/omnivion.net\/core\/fr\/projets\/projets-artistiques\/newt12\/se-faire-des-films\/#primaryimage\"},\"image\":{\"@id\":\"https:\/\/omnivion.net\/core\/fr\/projets\/projets-artistiques\/newt12\/se-faire-des-films\/#primaryimage\"},\"thumbnailUrl\":\"https:\/\/omnivion.net\/core\/wp-content\/uploads\/2025\/04\/Logos_NEWT_12.4.jpg\",\"datePublished\":\"2024-07-09T20:15:07+00:00\",\"dateModified\":\"2026-01-04T13:33:46+00:00\",\"description\":\"{:fr}SE FAIRE UN? \/ DES? FILMS\u2026 c\u2019est de l\u2019art brut chor\u00e9graphique avec des mati\u00e8res produites collectivement qui ont un seul but : l\u2019\u00e9panouissement expressif de la communaut\u00e9. Nous assemblerons des performances inspir\u00e9es en partie du monde du cin\u00e9ma en un grand sc\u00e9nario semi-absurde qui nous fera voyager dans des imaginaires singuliers, solitaires ou collectifs.{:}\",\"breadcrumb\":{\"@id\":\"https:\/\/omnivion.net\/core\/fr\/projets\/projets-artistiques\/newt12\/se-faire-des-films\/#breadcrumb\"},\"inLanguage\":\"fr-FR\",\"potentialAction\":[{\"@type\":\"ReadAction\",\"target\":[\"https:\/\/omnivion.net\/core\/fr\/projets\/projets-artistiques\/newt12\/se-faire-des-films\/\"]}]},{\"@type\":\"ImageObject\",\"inLanguage\":\"fr-FR\",\"@id\":\"https:\/\/omnivion.net\/core\/fr\/projets\/projets-artistiques\/newt12\/se-faire-des-films\/#primaryimage\",\"url\":\"https:\/\/omnivion.net\/core\/wp-content\/uploads\/2025\/04\/Logos_NEWT_12.4.jpg\",\"contentUrl\":\"https:\/\/omnivion.net\/core\/wp-content\/uploads\/2025\/04\/Logos_NEWT_12.4.jpg\"},{\"@type\":\"BreadcrumbList\",\"@id\":\"https:\/\/omnivion.net\/core\/fr\/projets\/projets-artistiques\/newt12\/se-faire-des-films\/#breadcrumb\",\"itemListElement\":[{\"@type\":\"ListItem\",\"position\":1,\"name\":\"Accueil\",\"item\":\"https:\/\/omnivion.net\/core\/en\/silverstorm\/\"},{\"@type\":\"ListItem\",\"position\":2,\"name\":\"Projets\",\"item\":\"https:\/\/omnivion.net\/core\/fr\/projets\/\"},{\"@type\":\"ListItem\",\"position\":3,\"name\":\"Projets Artistiques\",\"item\":\"https:\/\/omnivion.net\/core\/projets\/projets-artistiques\/\"},{\"@type\":\"ListItem\",\"position\":4,\"name\":\"Projections Oniriques \/ Newtopia 12\",\"item\":\"https:\/\/omnivion.net\/core\/projets\/projets-artistiques\/newt12\/\"},{\"@type\":\"ListItem\",\"position\":5,\"name\":\"Se Faire Un? Des? Films&#8230;\/ Newtopia 12.4\"}]},{\"@type\":\"WebSite\",\"@id\":\"https:\/\/omnivion.net\/core\/fr\/#website\",\"url\":\"https:\/\/omnivion.net\/core\/fr\/\",\"name\":\"omnivion.net\",\"description\":\"...ARTS D&#039;\u00caTRE CORPS...\",\"potentialAction\":[{\"@type\":\"SearchAction\",\"target\":{\"@type\":\"EntryPoint\",\"urlTemplate\":\"https:\/\/omnivion.net\/core\/fr\/?s={search_term_string}\"},\"query-input\":{\"@type\":\"PropertyValueSpecification\",\"valueRequired\":true,\"valueName\":\"search_term_string\"}}],\"inLanguage\":\"fr-FR\"}]}<\/script>\n<!-- \/ Yoast SEO plugin. -->","yoast_head_json":{"title":"Se Faire Un? Des? Films...\/ Newtopia 12.4 - omnivion.net","description":"SE FAIRE UN? \/ DES? FILMS\u2026 c\u2019est de l\u2019art brut chor\u00e9graphique avec des mati\u00e8res produites collectivement qui ont un seul but : l\u2019\u00e9panouissement expressif de la communaut\u00e9. Nous assemblerons des performances inspir\u00e9es en partie du monde du cin\u00e9ma en un grand sc\u00e9nario semi-absurde qui nous fera voyager dans des imaginaires singuliers, solitaires ou collectifs.","robots":{"index":"index","follow":"follow","max-snippet":"max-snippet:-1","max-image-preview":"max-image-preview:large","max-video-preview":"max-video-preview:-1"},"canonical":"https:\/\/omnivion.net\/core\/fr\/projets\/projets-artistiques\/newt12\/se-faire-des-films\/","og_locale":"fr_FR","og_type":"article","og_title":"Se Faire Un? Des? Films...\/ Newtopia 12.4 - omnivion.net","og_description":"{:fr}SE FAIRE UN? \/ DES? FILMS\u2026 c\u2019est de l\u2019art brut chor\u00e9graphique avec des mati\u00e8res produites collectivement qui ont un seul but : l\u2019\u00e9panouissement expressif de la communaut\u00e9. Nous assemblerons des performances inspir\u00e9es en partie du monde du cin\u00e9ma en un grand sc\u00e9nario semi-absurde qui nous fera voyager dans des imaginaires singuliers, solitaires ou collectifs.{:}","og_url":"https:\/\/omnivion.net\/core\/fr\/projets\/projets-artistiques\/newt12\/se-faire-des-films\/","og_site_name":"omnivion.net","article_modified_time":"2026-01-04T13:33:46+00:00","og_image":[{"url":"https:\/\/omnivion.net\/core\/wp-content\/uploads\/2025\/04\/Logos_NEWT_12.4.jpg","type":"","width":"","height":""}],"twitter_card":"summary_large_image","twitter_misc":{"Dur\u00e9e de lecture estim\u00e9e":"3 minutes"},"schema":{"@context":"https:\/\/schema.org","@graph":[{"@type":"WebPage","@id":"https:\/\/omnivion.net\/core\/fr\/projets\/projets-artistiques\/newt12\/se-faire-des-films\/","url":"https:\/\/omnivion.net\/core\/fr\/projets\/projets-artistiques\/newt12\/se-faire-des-films\/","name":"Se Faire Un? Des? Films...\/ Newtopia 12.4 - omnivion.net","isPartOf":{"@id":"https:\/\/omnivion.net\/core\/fr\/#website"},"primaryImageOfPage":{"@id":"https:\/\/omnivion.net\/core\/fr\/projets\/projets-artistiques\/newt12\/se-faire-des-films\/#primaryimage"},"image":{"@id":"https:\/\/omnivion.net\/core\/fr\/projets\/projets-artistiques\/newt12\/se-faire-des-films\/#primaryimage"},"thumbnailUrl":"https:\/\/omnivion.net\/core\/wp-content\/uploads\/2025\/04\/Logos_NEWT_12.4.jpg","datePublished":"2024-07-09T20:15:07+00:00","dateModified":"2026-01-04T13:33:46+00:00","description":"{:fr}SE FAIRE UN? \/ DES? FILMS\u2026 c\u2019est de l\u2019art brut chor\u00e9graphique avec des mati\u00e8res produites collectivement qui ont un seul but : l\u2019\u00e9panouissement expressif de la communaut\u00e9. Nous assemblerons des performances inspir\u00e9es en partie du monde du cin\u00e9ma en un grand sc\u00e9nario semi-absurde qui nous fera voyager dans des imaginaires singuliers, solitaires ou collectifs.{:}","breadcrumb":{"@id":"https:\/\/omnivion.net\/core\/fr\/projets\/projets-artistiques\/newt12\/se-faire-des-films\/#breadcrumb"},"inLanguage":"fr-FR","potentialAction":[{"@type":"ReadAction","target":["https:\/\/omnivion.net\/core\/fr\/projets\/projets-artistiques\/newt12\/se-faire-des-films\/"]}]},{"@type":"ImageObject","inLanguage":"fr-FR","@id":"https:\/\/omnivion.net\/core\/fr\/projets\/projets-artistiques\/newt12\/se-faire-des-films\/#primaryimage","url":"https:\/\/omnivion.net\/core\/wp-content\/uploads\/2025\/04\/Logos_NEWT_12.4.jpg","contentUrl":"https:\/\/omnivion.net\/core\/wp-content\/uploads\/2025\/04\/Logos_NEWT_12.4.jpg"},{"@type":"BreadcrumbList","@id":"https:\/\/omnivion.net\/core\/fr\/projets\/projets-artistiques\/newt12\/se-faire-des-films\/#breadcrumb","itemListElement":[{"@type":"ListItem","position":1,"name":"Accueil","item":"https:\/\/omnivion.net\/core\/en\/silverstorm\/"},{"@type":"ListItem","position":2,"name":"Projets","item":"https:\/\/omnivion.net\/core\/fr\/projets\/"},{"@type":"ListItem","position":3,"name":"Projets Artistiques","item":"https:\/\/omnivion.net\/core\/projets\/projets-artistiques\/"},{"@type":"ListItem","position":4,"name":"Projections Oniriques \/ Newtopia 12","item":"https:\/\/omnivion.net\/core\/projets\/projets-artistiques\/newt12\/"},{"@type":"ListItem","position":5,"name":"Se Faire Un? Des? Films&#8230;\/ Newtopia 12.4"}]},{"@type":"WebSite","@id":"https:\/\/omnivion.net\/core\/fr\/#website","url":"https:\/\/omnivion.net\/core\/fr\/","name":"omnivion.net","description":"...ARTS D&#039;\u00caTRE CORPS...","potentialAction":[{"@type":"SearchAction","target":{"@type":"EntryPoint","urlTemplate":"https:\/\/omnivion.net\/core\/fr\/?s={search_term_string}"},"query-input":{"@type":"PropertyValueSpecification","valueRequired":true,"valueName":"search_term_string"}}],"inLanguage":"fr-FR"}]}},"jetpack_sharing_enabled":true,"jetpack_shortlink":"https:\/\/wp.me\/P2fe7Q-1p9","jetpack_likes_enabled":true,"_links":{"self":[{"href":"https:\/\/omnivion.net\/core\/fr\/wp-json\/wp\/v2\/pages\/5403","targetHints":{"allow":["GET"]}}],"collection":[{"href":"https:\/\/omnivion.net\/core\/fr\/wp-json\/wp\/v2\/pages"}],"about":[{"href":"https:\/\/omnivion.net\/core\/fr\/wp-json\/wp\/v2\/types\/page"}],"author":[{"embeddable":true,"href":"https:\/\/omnivion.net\/core\/fr\/wp-json\/wp\/v2\/users\/1"}],"replies":[{"embeddable":true,"href":"https:\/\/omnivion.net\/core\/fr\/wp-json\/wp\/v2\/comments?post=5403"}],"version-history":[{"count":20,"href":"https:\/\/omnivion.net\/core\/fr\/wp-json\/wp\/v2\/pages\/5403\/revisions"}],"predecessor-version":[{"id":5898,"href":"https:\/\/omnivion.net\/core\/fr\/wp-json\/wp\/v2\/pages\/5403\/revisions\/5898"}],"up":[{"embeddable":true,"href":"https:\/\/omnivion.net\/core\/fr\/wp-json\/wp\/v2\/pages\/5212"}],"wp:attachment":[{"href":"https:\/\/omnivion.net\/core\/fr\/wp-json\/wp\/v2\/media?parent=5403"}],"curies":[{"name":"wp","href":"https:\/\/api.w.org\/{rel}","templated":true}]}}