{"id":5349,"date":"2024-04-07T19:40:49","date_gmt":"2024-04-07T18:40:49","guid":{"rendered":"https:\/\/omnivion.net\/core\/?page_id=5349"},"modified":"2024-04-07T19:41:20","modified_gmt":"2024-04-07T18:41:20","slug":"10-6","status":"publish","type":"page","link":"https:\/\/omnivion.net\/core\/fr\/projets\/projets-artistiques\/newtopia-10\/10-6\/","title":{"rendered":"Enterres-Encieux \/ Newtopia 10.6 (2023)"},"content":{"rendered":"<p><img data-recalc-dims=\"1\" loading=\"lazy\" decoding=\"async\" class=\"alignnone size-full wp-image-5351\" src=\"https:\/\/i0.wp.com\/omnivion.net\/core\/wp-content\/uploads\/2024\/04\/2023-05-16_Newtopia_10.6_PSY_A_169_edit_web.jpg?resize=800%2C369&#038;ssl=1\" alt=\"\" width=\"800\" height=\"369\" srcset=\"https:\/\/i0.wp.com\/omnivion.net\/core\/wp-content\/uploads\/2024\/04\/2023-05-16_Newtopia_10.6_PSY_A_169_edit_web.jpg?w=800&amp;ssl=1 800w, https:\/\/i0.wp.com\/omnivion.net\/core\/wp-content\/uploads\/2024\/04\/2023-05-16_Newtopia_10.6_PSY_A_169_edit_web.jpg?resize=300%2C138&amp;ssl=1 300w, https:\/\/i0.wp.com\/omnivion.net\/core\/wp-content\/uploads\/2024\/04\/2023-05-16_Newtopia_10.6_PSY_A_169_edit_web.jpg?resize=768%2C354&amp;ssl=1 768w\" sizes=\"auto, (max-width: 800px) 100vw, 800px\" \/><\/p>\n<p><strong>Le 16 mai 2023, \u00e0 l&rsquo;H\u00f4pital Trousseau, Chambray-l\u00e8s-Tours (37170).<\/strong><\/p>\n<p>Performance d\u2019improvisation et atelier de danse contemporaine festif, autour de Newtopia 10 dans la caf\u00e9t\u00e9ria de la clinique Psychiatrique A \/ H\u00f4pital Trousseau \/ CHU de Tours.<\/p>\n<p><strong>Performance<\/strong> : Dominique Chanteloup, Cinthia Gomez, Ma\u00efthy Kourouma, Rosa Pires de Matos, Dimitri Tsiapkinis.<\/p>\n<p><strong>Photos\u00a0de l\u2019\u00e9v\u00e8nement : \u00a0<a href=\"https:\/\/flic.kr\/s\/aHBqjBkGm9\">https:\/\/flic.kr\/s\/aHBqjBkGm9<\/a> <\/strong><\/p>\n<p>&nbsp;<\/p>\n<p>&nbsp;<\/p>","protected":false},"excerpt":{"rendered":"<p>Le 16 mai 2023, \u00e0 l&rsquo;H\u00f4pital Trousseau, Chambray-l\u00e8s-Tours (37170). Performance d\u2019improvisation et atelier [&hellip;]<\/p>\n","protected":false},"author":1,"featured_media":0,"parent":4461,"menu_order":0,"comment_status":"closed","ping_status":"closed","template":"","meta":{"jetpack_post_was_ever_published":false,"footnotes":""},"class_list":["post-5349","page","type-page","status-publish","hentry"],"yoast_head":"<!-- This site is optimized with the Yoast SEO plugin v26.8 - https:\/\/yoast.com\/product\/yoast-seo-wordpress\/ -->\n<title>Enterres-Encieux \/ Newtopia 10.6 (2023) - omnivion.net<\/title>\n<meta name=\"robots\" content=\"index, follow, max-snippet:-1, max-image-preview:large, max-video-preview:-1\" \/>\n<link rel=\"canonical\" href=\"https:\/\/omnivion.net\/core\/fr\/projets\/projets-artistiques\/newtopia-10\/10-6\/\" \/>\n<meta property=\"og:locale\" content=\"fr_FR\" \/>\n<meta property=\"og:type\" content=\"article\" \/>\n<meta property=\"og:title\" content=\"Enterres-Encieux \/ Newtopia 10.6 (2023) - omnivion.net\" \/>\n<meta property=\"og:description\" content=\"Le 16 mai 2023, \u00e0 l&rsquo;H\u00f4pital Trousseau, Chambray-l\u00e8s-Tours (37170). Performance d\u2019improvisation et atelier [&hellip;]\" \/>\n<meta property=\"og:url\" content=\"https:\/\/omnivion.net\/core\/fr\/projets\/projets-artistiques\/newtopia-10\/10-6\/\" \/>\n<meta property=\"og:site_name\" content=\"omnivion.net\" \/>\n<meta property=\"article:modified_time\" content=\"2024-04-07T18:41:20+00:00\" \/>\n<meta property=\"og:image\" content=\"https:\/\/omnivion.net\/core\/wp-content\/uploads\/2024\/04\/2023-05-16_Newtopia_10.6_PSY_A_169_edit_web.jpg\" \/>\n<meta name=\"twitter:card\" content=\"summary_large_image\" \/>\n<meta name=\"twitter:label1\" content=\"Dur\u00e9e de lecture estim\u00e9e\" \/>\n\t<meta name=\"twitter:data1\" content=\"1 minute\" \/>\n<script type=\"application\/ld+json\" class=\"yoast-schema-graph\">{\"@context\":\"https:\/\/schema.org\",\"@graph\":[{\"@type\":\"WebPage\",\"@id\":\"https:\/\/omnivion.net\/core\/fr\/projets\/projets-artistiques\/newtopia-10\/10-6\/\",\"url\":\"https:\/\/omnivion.net\/core\/fr\/projets\/projets-artistiques\/newtopia-10\/10-6\/\",\"name\":\"Enterres-Encieux \/ Newtopia 10.6 (2023) - omnivion.net\",\"isPartOf\":{\"@id\":\"https:\/\/omnivion.net\/core\/fr\/#website\"},\"primaryImageOfPage\":{\"@id\":\"https:\/\/omnivion.net\/core\/fr\/projets\/projets-artistiques\/newtopia-10\/10-6\/#primaryimage\"},\"image\":{\"@id\":\"https:\/\/omnivion.net\/core\/fr\/projets\/projets-artistiques\/newtopia-10\/10-6\/#primaryimage\"},\"thumbnailUrl\":\"https:\/\/omnivion.net\/core\/wp-content\/uploads\/2024\/04\/2023-05-16_Newtopia_10.6_PSY_A_169_edit_web.jpg\",\"datePublished\":\"2024-04-07T18:40:49+00:00\",\"dateModified\":\"2024-04-07T18:41:20+00:00\",\"breadcrumb\":{\"@id\":\"https:\/\/omnivion.net\/core\/fr\/projets\/projets-artistiques\/newtopia-10\/10-6\/#breadcrumb\"},\"inLanguage\":\"fr-FR\",\"potentialAction\":[{\"@type\":\"ReadAction\",\"target\":[\"https:\/\/omnivion.net\/core\/fr\/projets\/projets-artistiques\/newtopia-10\/10-6\/\"]}]},{\"@type\":\"ImageObject\",\"inLanguage\":\"fr-FR\",\"@id\":\"https:\/\/omnivion.net\/core\/fr\/projets\/projets-artistiques\/newtopia-10\/10-6\/#primaryimage\",\"url\":\"https:\/\/omnivion.net\/core\/wp-content\/uploads\/2024\/04\/2023-05-16_Newtopia_10.6_PSY_A_169_edit_web.jpg\",\"contentUrl\":\"https:\/\/omnivion.net\/core\/wp-content\/uploads\/2024\/04\/2023-05-16_Newtopia_10.6_PSY_A_169_edit_web.jpg\"},{\"@type\":\"BreadcrumbList\",\"@id\":\"https:\/\/omnivion.net\/core\/fr\/projets\/projets-artistiques\/newtopia-10\/10-6\/#breadcrumb\",\"itemListElement\":[{\"@type\":\"ListItem\",\"position\":1,\"name\":\"Accueil\",\"item\":\"https:\/\/omnivion.net\/core\/en\/silverstorm\/\"},{\"@type\":\"ListItem\",\"position\":2,\"name\":\"Projets\",\"item\":\"https:\/\/omnivion.net\/core\/fr\/projets\/\"},{\"@type\":\"ListItem\",\"position\":3,\"name\":\"Projets Artistiques\",\"item\":\"https:\/\/omnivion.net\/core\/projets\/projets-artistiques\/\"},{\"@type\":\"ListItem\",\"position\":4,\"name\":\"ENTERRES &#8211; ENCIEUX \/ NEWTOPIA 10\",\"item\":\"https:\/\/omnivion.net\/core\/projets\/projets-artistiques\/newtopia-10\/\"},{\"@type\":\"ListItem\",\"position\":5,\"name\":\"Enterres-Encieux \/ Newtopia 10.6 (2023)\"}]},{\"@type\":\"WebSite\",\"@id\":\"https:\/\/omnivion.net\/core\/fr\/#website\",\"url\":\"https:\/\/omnivion.net\/core\/fr\/\",\"name\":\"omnivion.net\",\"description\":\"...ARTS D&#039;\u00caTRE CORPS...\",\"potentialAction\":[{\"@type\":\"SearchAction\",\"target\":{\"@type\":\"EntryPoint\",\"urlTemplate\":\"https:\/\/omnivion.net\/core\/fr\/?s={search_term_string}\"},\"query-input\":{\"@type\":\"PropertyValueSpecification\",\"valueRequired\":true,\"valueName\":\"search_term_string\"}}],\"inLanguage\":\"fr-FR\"}]}<\/script>\n<!-- \/ Yoast SEO plugin. -->","yoast_head_json":{"title":"Enterres-Encieux \/ Newtopia 10.6 (2023) - omnivion.net","robots":{"index":"index","follow":"follow","max-snippet":"max-snippet:-1","max-image-preview":"max-image-preview:large","max-video-preview":"max-video-preview:-1"},"canonical":"https:\/\/omnivion.net\/core\/fr\/projets\/projets-artistiques\/newtopia-10\/10-6\/","og_locale":"fr_FR","og_type":"article","og_title":"Enterres-Encieux \/ Newtopia 10.6 (2023) - omnivion.net","og_description":"Le 16 mai 2023, \u00e0 l&rsquo;H\u00f4pital Trousseau, Chambray-l\u00e8s-Tours (37170). Performance d\u2019improvisation et atelier [&hellip;]","og_url":"https:\/\/omnivion.net\/core\/fr\/projets\/projets-artistiques\/newtopia-10\/10-6\/","og_site_name":"omnivion.net","article_modified_time":"2024-04-07T18:41:20+00:00","og_image":[{"url":"https:\/\/omnivion.net\/core\/wp-content\/uploads\/2024\/04\/2023-05-16_Newtopia_10.6_PSY_A_169_edit_web.jpg","type":"","width":"","height":""}],"twitter_card":"summary_large_image","twitter_misc":{"Dur\u00e9e de lecture estim\u00e9e":"1 minute"},"schema":{"@context":"https:\/\/schema.org","@graph":[{"@type":"WebPage","@id":"https:\/\/omnivion.net\/core\/fr\/projets\/projets-artistiques\/newtopia-10\/10-6\/","url":"https:\/\/omnivion.net\/core\/fr\/projets\/projets-artistiques\/newtopia-10\/10-6\/","name":"Enterres-Encieux \/ Newtopia 10.6 (2023) - omnivion.net","isPartOf":{"@id":"https:\/\/omnivion.net\/core\/fr\/#website"},"primaryImageOfPage":{"@id":"https:\/\/omnivion.net\/core\/fr\/projets\/projets-artistiques\/newtopia-10\/10-6\/#primaryimage"},"image":{"@id":"https:\/\/omnivion.net\/core\/fr\/projets\/projets-artistiques\/newtopia-10\/10-6\/#primaryimage"},"thumbnailUrl":"https:\/\/omnivion.net\/core\/wp-content\/uploads\/2024\/04\/2023-05-16_Newtopia_10.6_PSY_A_169_edit_web.jpg","datePublished":"2024-04-07T18:40:49+00:00","dateModified":"2024-04-07T18:41:20+00:00","breadcrumb":{"@id":"https:\/\/omnivion.net\/core\/fr\/projets\/projets-artistiques\/newtopia-10\/10-6\/#breadcrumb"},"inLanguage":"fr-FR","potentialAction":[{"@type":"ReadAction","target":["https:\/\/omnivion.net\/core\/fr\/projets\/projets-artistiques\/newtopia-10\/10-6\/"]}]},{"@type":"ImageObject","inLanguage":"fr-FR","@id":"https:\/\/omnivion.net\/core\/fr\/projets\/projets-artistiques\/newtopia-10\/10-6\/#primaryimage","url":"https:\/\/omnivion.net\/core\/wp-content\/uploads\/2024\/04\/2023-05-16_Newtopia_10.6_PSY_A_169_edit_web.jpg","contentUrl":"https:\/\/omnivion.net\/core\/wp-content\/uploads\/2024\/04\/2023-05-16_Newtopia_10.6_PSY_A_169_edit_web.jpg"},{"@type":"BreadcrumbList","@id":"https:\/\/omnivion.net\/core\/fr\/projets\/projets-artistiques\/newtopia-10\/10-6\/#breadcrumb","itemListElement":[{"@type":"ListItem","position":1,"name":"Accueil","item":"https:\/\/omnivion.net\/core\/en\/silverstorm\/"},{"@type":"ListItem","position":2,"name":"Projets","item":"https:\/\/omnivion.net\/core\/fr\/projets\/"},{"@type":"ListItem","position":3,"name":"Projets Artistiques","item":"https:\/\/omnivion.net\/core\/projets\/projets-artistiques\/"},{"@type":"ListItem","position":4,"name":"ENTERRES &#8211; ENCIEUX \/ NEWTOPIA 10","item":"https:\/\/omnivion.net\/core\/projets\/projets-artistiques\/newtopia-10\/"},{"@type":"ListItem","position":5,"name":"Enterres-Encieux \/ Newtopia 10.6 (2023)"}]},{"@type":"WebSite","@id":"https:\/\/omnivion.net\/core\/fr\/#website","url":"https:\/\/omnivion.net\/core\/fr\/","name":"omnivion.net","description":"...ARTS D&#039;\u00caTRE CORPS...","potentialAction":[{"@type":"SearchAction","target":{"@type":"EntryPoint","urlTemplate":"https:\/\/omnivion.net\/core\/fr\/?s={search_term_string}"},"query-input":{"@type":"PropertyValueSpecification","valueRequired":true,"valueName":"search_term_string"}}],"inLanguage":"fr-FR"}]}},"jetpack_sharing_enabled":true,"jetpack_shortlink":"https:\/\/wp.me\/P2fe7Q-1oh","jetpack_likes_enabled":true,"_links":{"self":[{"href":"https:\/\/omnivion.net\/core\/fr\/wp-json\/wp\/v2\/pages\/5349","targetHints":{"allow":["GET"]}}],"collection":[{"href":"https:\/\/omnivion.net\/core\/fr\/wp-json\/wp\/v2\/pages"}],"about":[{"href":"https:\/\/omnivion.net\/core\/fr\/wp-json\/wp\/v2\/types\/page"}],"author":[{"embeddable":true,"href":"https:\/\/omnivion.net\/core\/fr\/wp-json\/wp\/v2\/users\/1"}],"replies":[{"embeddable":true,"href":"https:\/\/omnivion.net\/core\/fr\/wp-json\/wp\/v2\/comments?post=5349"}],"version-history":[{"count":1,"href":"https:\/\/omnivion.net\/core\/fr\/wp-json\/wp\/v2\/pages\/5349\/revisions"}],"predecessor-version":[{"id":5352,"href":"https:\/\/omnivion.net\/core\/fr\/wp-json\/wp\/v2\/pages\/5349\/revisions\/5352"}],"up":[{"embeddable":true,"href":"https:\/\/omnivion.net\/core\/fr\/wp-json\/wp\/v2\/pages\/4461"}],"wp:attachment":[{"href":"https:\/\/omnivion.net\/core\/fr\/wp-json\/wp\/v2\/media?parent=5349"}],"curies":[{"name":"wp","href":"https:\/\/api.w.org\/{rel}","templated":true}]}}