{"id":5212,"date":"2023-12-26T16:35:31","date_gmt":"2023-12-26T15:35:31","guid":{"rendered":"https:\/\/omnivion.net\/core\/?page_id=5212"},"modified":"2026-01-04T14:36:55","modified_gmt":"2026-01-04T13:36:55","slug":"newt12","status":"publish","type":"page","link":"https:\/\/omnivion.net\/core\/fr\/projets\/projets-artistiques\/newt12\/","title":{"rendered":"Projections Oniriques \/ Newtopia 12"},"content":{"rendered":"<p><div id=\"attachment_5215\" style=\"width: 810px\" class=\"wp-caption alignnone\"><img data-recalc-dims=\"1\" loading=\"lazy\" decoding=\"async\" aria-describedby=\"caption-attachment-5215\" class=\"size-full wp-image-5215\" src=\"https:\/\/i0.wp.com\/omnivion.net\/core\/wp-content\/uploads\/2023\/12\/Capture-decran-2023-12-26-163156.jpg?resize=800%2C557\" alt=\"\" width=\"800\" height=\"557\" srcset=\"https:\/\/i0.wp.com\/omnivion.net\/core\/wp-content\/uploads\/2023\/12\/Capture-decran-2023-12-26-163156.jpg?w=800&amp;ssl=1 800w, https:\/\/i0.wp.com\/omnivion.net\/core\/wp-content\/uploads\/2023\/12\/Capture-decran-2023-12-26-163156.jpg?resize=300%2C209&amp;ssl=1 300w, https:\/\/i0.wp.com\/omnivion.net\/core\/wp-content\/uploads\/2023\/12\/Capture-decran-2023-12-26-163156.jpg?resize=768%2C535&amp;ssl=1 768w\" sizes=\"auto, (max-width: 800px) 100vw, 800px\" \/><p id=\"caption-attachment-5215\" class=\"wp-caption-text\">Collage Ateliers Newtopia 2023-2024<\/p><\/div><\/p>\n<p>&nbsp;<\/p>\n<p><strong>Projections Oniriques<\/strong>&#8230;est un nouveau projet chor\u00e9graphique et artistique inclusif. Encore une opportunit\u00e9 pour notre r\u00e9seau d\u2019artistes d\u2019inventer des mondes po\u00e9tiques entre r\u00eave et r\u00e9alit\u00e9, entre sciences et arts, entre technologie et corpor\u00e9it\u00e9s sensibles.<br \/>\nDimitri Tsiapkinis dirige ces projets inclusifs avec la complicit\u00e9 de l\u2019\u00e9quipe d\u2019Omnivion, un groupe compos\u00e9 d\u2019artistes professionnels et amateurs, certains souffrant de psychopathologies. Sont envisag\u00e9s une nouvelle cr\u00e9ation de danse-th\u00e9\u00e2tre, une exposition photographique, une exposition d\u2019art brut, des projections de films, des performances et stages dans l\u2019esprit inclusif et solidaire. Des projets chor\u00e9graphiques et artistiques inclusifs d\u00e9velopp\u00e9s autour de la conviction que la danse et l&rsquo;art participent \u00e0 l\u2019\u00e9panouissement de soi et de la communaut\u00e9.<\/p>\n<p>De <strong>Newtopia 1 (2013)<\/strong> jusqu\u2019\u00e0 <strong>Newtopia 11 (2023)<\/strong>, l\u2019univers d\u2019Omnivion a \u00e9t\u00e9 partag\u00e9 dans des lieux du patrimoine de la Touraine, comme la Chapelle des Fr\u00e8res Mineurs, la Chapelle Sainte Anne, le CCN de Tours, les H\u00f4pitaux du CHU, la Pl\u00e9iade \u00e0 la Riche, le Centre Social la Rabi\u00e8re \u00e0 Jou\u00e9-l\u00e8s-Tours, la Rabouilleuse \u00c9cole de Loire, les Cin\u00e9mas Studio, la Salle Villeret aux Fontaines, la Croix Rouge \u00e0 Chambray-l\u00e8s-Tours, le Centre Social Gentiana, et le Petit Morier. Un projet qui s\u2019inscrit dans le champ de la cr\u00e9ation m\u00e9ta-moderne et questionne des notions comme corps sensible, maladie psychique, handicap mental, int\u00e9gration sociale et cr\u00e9ation artistique inclusive.<br \/>\nLe projet artistique et p\u00e9dagogique <strong>Projections Oniriques<\/strong>&#8230; s\u2019adresse \u00e0 des personnes hospitalis\u00e9es et\/ou suivies en milieu psychiatrique, EME ou EHPAD, une partie de l\u2019\u00e9quipe soignante, des danseurs professionnels et amateurs, et autres artistes qui ont exprim\u00e9 un d\u00e9sir de pratiquer leur art aupr\u00e8s de cette population. Une entreprise collaborative qui vise la cr\u00e9ation artistique solidaire. Une mise en commun des moyens d\u2019expression et de la cr\u00e9ativit\u00e9 pour stimuler l\u2019authenticit\u00e9, les \u00e9changes sociaux et la citoyennet\u00e9 tout en gagnant de la confiance en soi et dans le monde.<\/p>\n<p>&nbsp;<\/p>\n<p><strong>PROGRAMME :<\/strong><\/p>\n<p><strong>\u2013 9 f\u00e9vrier 2024 : <a href=\"https:\/\/omnivion.net\/core\/projets\/projets-artistiques\/newt12\/marches-ensemble\/\">Projections Oniriques\/ Newtopia 12.1<\/a>,<\/strong> performance publique au March\u00e9 St. Paul, Tours (37000)<\/p>\n<p><strong>\u2013 21 Ao\u00fbt 2024 : <a href=\"https:\/\/omnivion.net\/core\/fr\/projets\/projets-artistiques\/newt12\/12-5_b\/\">Projections Oniriques \/ Newtopia 12.5 <\/a><\/strong>\u00a0 \u00e0 la Gall\u00e9rie Municipale de Nikiti (63088), Gr\u00e8ce<\/p>\n<p><strong>\u2013 sept 2024 &#8211; juin 2025 : <a href=\"https:\/\/omnivion.net\/core\/fr\/projets\/projets-artistiques\/newt12\/12-2\/\">Projections Oniriques \/ Newtopia 12.2<\/a><\/strong><b>,\u00a0<\/b>exposition de photographies de Bernard Duret au BAPU \/ APAJH37, Tours (37200)<\/p>\n<p><strong>\u2013 14 d\u00e9cembre 2024 : <a href=\"https:\/\/omnivion.net\/core\/projets\/projets-artistiques\/newt12\/marches-ensemble\/\">Projections Oniriques \/ Newtopia 12.3<\/a>, <\/strong>performances publiques \u00e0 la Place Neuve, Tours<\/p>\n<p><strong>\u2013 17 mai 2025 : <a href=\"https:\/\/omnivion.net\/core\/projets\/projets-artistiques\/newt12\/se-faire-des-films\/\">Projections Oniriques \/ Newtopia 12.4<\/a><\/strong><b>, <\/b>\u00e0 la Pl\u00e9iade \/ La Riche (37520)<\/p>\n<p>&nbsp;<\/p>\n<p>\/\/\/\/\/\/\/\/\/\/\/\/\/\/\/\/\/\/\/\/\/\/\/\/\/\/\/\/\/\/\/\/\/\/\/\/\/\/\/\/\/\/\/\/\/\/\/\/\/\/\/\/\/\/\/\/\/\/\/\/\/\/\/\/\/\/\/\/\/\/\/\/\/\/\/\/\/\/\/\/\/\/\/\/\/\/\/\/\/\/<\/p>\n<p><strong>Partenaires et financement :<\/strong><\/p>\n<p><strong>DRAC Centre, Fonds de dotation Transept2, CHU de Tours, Ville de Tours, La Pl\u00e9iade \/ Ville de la Riche, Fondation SNCF, P\u00f4le de sant\u00e9 la Conflunce, IME de Reugny, APAJH37, Magazine Trakt, la Rabouilleuse \/ \u00c9cole de Loire, Centre Social la Rabi\u00e8re, Centre Social Plurielles.<\/strong><\/p>","protected":false},"excerpt":{"rendered":"<p>&nbsp; Projections Oniriques&#8230;est un nouveau projet chor\u00e9graphique et artistique inclusif. Encore une opportunit\u00e9 [&hellip;]<\/p>\n","protected":false},"author":1,"featured_media":0,"parent":60,"menu_order":0,"comment_status":"closed","ping_status":"closed","template":"","meta":{"jetpack_post_was_ever_published":false,"footnotes":""},"class_list":["post-5212","page","type-page","status-publish","hentry"],"yoast_head":"<!-- This site is optimized with the Yoast SEO plugin v26.8 - https:\/\/yoast.com\/product\/yoast-seo-wordpress\/ -->\n<title>Projections Oniriques \/ Newtopia 12 - omnivion.net<\/title>\n<meta name=\"robots\" content=\"index, follow, max-snippet:-1, max-image-preview:large, max-video-preview:-1\" \/>\n<link rel=\"canonical\" href=\"https:\/\/omnivion.net\/core\/fr\/projets\/projets-artistiques\/newt12\/\" \/>\n<meta property=\"og:locale\" content=\"fr_FR\" \/>\n<meta property=\"og:type\" content=\"article\" \/>\n<meta property=\"og:title\" content=\"Projections Oniriques \/ Newtopia 12 - omnivion.net\" \/>\n<meta property=\"og:description\" content=\"&nbsp; Projections Oniriques&#8230;est un nouveau projet chor\u00e9graphique et artistique inclusif. Encore une opportunit\u00e9 [&hellip;]\" \/>\n<meta property=\"og:url\" content=\"https:\/\/omnivion.net\/core\/fr\/projets\/projets-artistiques\/newt12\/\" \/>\n<meta property=\"og:site_name\" content=\"omnivion.net\" \/>\n<meta property=\"article:modified_time\" content=\"2026-01-04T13:36:55+00:00\" \/>\n<meta property=\"og:image\" content=\"http:\/\/omnivion.net\/core\/wp-content\/uploads\/2023\/12\/Capture-decran-2023-12-26-163156.jpg\" \/>\n<meta name=\"twitter:card\" content=\"summary_large_image\" \/>\n<meta name=\"twitter:label1\" content=\"Dur\u00e9e de lecture estim\u00e9e\" \/>\n\t<meta name=\"twitter:data1\" content=\"3 minutes\" \/>\n<script type=\"application\/ld+json\" class=\"yoast-schema-graph\">{\"@context\":\"https:\/\/schema.org\",\"@graph\":[{\"@type\":\"WebPage\",\"@id\":\"https:\/\/omnivion.net\/core\/fr\/projets\/projets-artistiques\/newt12\/\",\"url\":\"https:\/\/omnivion.net\/core\/fr\/projets\/projets-artistiques\/newt12\/\",\"name\":\"Projections Oniriques \/ Newtopia 12 - omnivion.net\",\"isPartOf\":{\"@id\":\"https:\/\/omnivion.net\/core\/fr\/#website\"},\"primaryImageOfPage\":{\"@id\":\"https:\/\/omnivion.net\/core\/fr\/projets\/projets-artistiques\/newt12\/#primaryimage\"},\"image\":{\"@id\":\"https:\/\/omnivion.net\/core\/fr\/projets\/projets-artistiques\/newt12\/#primaryimage\"},\"thumbnailUrl\":\"http:\/\/omnivion.net\/core\/wp-content\/uploads\/2023\/12\/Capture-decran-2023-12-26-163156.jpg\",\"datePublished\":\"2023-12-26T15:35:31+00:00\",\"dateModified\":\"2026-01-04T13:36:55+00:00\",\"breadcrumb\":{\"@id\":\"https:\/\/omnivion.net\/core\/fr\/projets\/projets-artistiques\/newt12\/#breadcrumb\"},\"inLanguage\":\"fr-FR\",\"potentialAction\":[{\"@type\":\"ReadAction\",\"target\":[\"https:\/\/omnivion.net\/core\/fr\/projets\/projets-artistiques\/newt12\/\"]}]},{\"@type\":\"ImageObject\",\"inLanguage\":\"fr-FR\",\"@id\":\"https:\/\/omnivion.net\/core\/fr\/projets\/projets-artistiques\/newt12\/#primaryimage\",\"url\":\"http:\/\/omnivion.net\/core\/wp-content\/uploads\/2023\/12\/Capture-decran-2023-12-26-163156.jpg\",\"contentUrl\":\"http:\/\/omnivion.net\/core\/wp-content\/uploads\/2023\/12\/Capture-decran-2023-12-26-163156.jpg\"},{\"@type\":\"BreadcrumbList\",\"@id\":\"https:\/\/omnivion.net\/core\/fr\/projets\/projets-artistiques\/newt12\/#breadcrumb\",\"itemListElement\":[{\"@type\":\"ListItem\",\"position\":1,\"name\":\"Accueil\",\"item\":\"https:\/\/omnivion.net\/core\/en\/silverstorm\/\"},{\"@type\":\"ListItem\",\"position\":2,\"name\":\"Projets\",\"item\":\"https:\/\/omnivion.net\/core\/fr\/projets\/\"},{\"@type\":\"ListItem\",\"position\":3,\"name\":\"Projets Artistiques\",\"item\":\"https:\/\/omnivion.net\/core\/projets\/projets-artistiques\/\"},{\"@type\":\"ListItem\",\"position\":4,\"name\":\"Projections Oniriques \/ Newtopia 12\"}]},{\"@type\":\"WebSite\",\"@id\":\"https:\/\/omnivion.net\/core\/fr\/#website\",\"url\":\"https:\/\/omnivion.net\/core\/fr\/\",\"name\":\"omnivion.net\",\"description\":\"...ARTS D&#039;\u00caTRE CORPS...\",\"potentialAction\":[{\"@type\":\"SearchAction\",\"target\":{\"@type\":\"EntryPoint\",\"urlTemplate\":\"https:\/\/omnivion.net\/core\/fr\/?s={search_term_string}\"},\"query-input\":{\"@type\":\"PropertyValueSpecification\",\"valueRequired\":true,\"valueName\":\"search_term_string\"}}],\"inLanguage\":\"fr-FR\"}]}<\/script>\n<!-- \/ Yoast SEO plugin. -->","yoast_head_json":{"title":"Projections Oniriques \/ Newtopia 12 - omnivion.net","robots":{"index":"index","follow":"follow","max-snippet":"max-snippet:-1","max-image-preview":"max-image-preview:large","max-video-preview":"max-video-preview:-1"},"canonical":"https:\/\/omnivion.net\/core\/fr\/projets\/projets-artistiques\/newt12\/","og_locale":"fr_FR","og_type":"article","og_title":"Projections Oniriques \/ Newtopia 12 - omnivion.net","og_description":"&nbsp; Projections Oniriques&#8230;est un nouveau projet chor\u00e9graphique et artistique inclusif. Encore une opportunit\u00e9 [&hellip;]","og_url":"https:\/\/omnivion.net\/core\/fr\/projets\/projets-artistiques\/newt12\/","og_site_name":"omnivion.net","article_modified_time":"2026-01-04T13:36:55+00:00","og_image":[{"url":"http:\/\/omnivion.net\/core\/wp-content\/uploads\/2023\/12\/Capture-decran-2023-12-26-163156.jpg","type":"","width":"","height":""}],"twitter_card":"summary_large_image","twitter_misc":{"Dur\u00e9e de lecture estim\u00e9e":"3 minutes"},"schema":{"@context":"https:\/\/schema.org","@graph":[{"@type":"WebPage","@id":"https:\/\/omnivion.net\/core\/fr\/projets\/projets-artistiques\/newt12\/","url":"https:\/\/omnivion.net\/core\/fr\/projets\/projets-artistiques\/newt12\/","name":"Projections Oniriques \/ Newtopia 12 - omnivion.net","isPartOf":{"@id":"https:\/\/omnivion.net\/core\/fr\/#website"},"primaryImageOfPage":{"@id":"https:\/\/omnivion.net\/core\/fr\/projets\/projets-artistiques\/newt12\/#primaryimage"},"image":{"@id":"https:\/\/omnivion.net\/core\/fr\/projets\/projets-artistiques\/newt12\/#primaryimage"},"thumbnailUrl":"http:\/\/omnivion.net\/core\/wp-content\/uploads\/2023\/12\/Capture-decran-2023-12-26-163156.jpg","datePublished":"2023-12-26T15:35:31+00:00","dateModified":"2026-01-04T13:36:55+00:00","breadcrumb":{"@id":"https:\/\/omnivion.net\/core\/fr\/projets\/projets-artistiques\/newt12\/#breadcrumb"},"inLanguage":"fr-FR","potentialAction":[{"@type":"ReadAction","target":["https:\/\/omnivion.net\/core\/fr\/projets\/projets-artistiques\/newt12\/"]}]},{"@type":"ImageObject","inLanguage":"fr-FR","@id":"https:\/\/omnivion.net\/core\/fr\/projets\/projets-artistiques\/newt12\/#primaryimage","url":"http:\/\/omnivion.net\/core\/wp-content\/uploads\/2023\/12\/Capture-decran-2023-12-26-163156.jpg","contentUrl":"http:\/\/omnivion.net\/core\/wp-content\/uploads\/2023\/12\/Capture-decran-2023-12-26-163156.jpg"},{"@type":"BreadcrumbList","@id":"https:\/\/omnivion.net\/core\/fr\/projets\/projets-artistiques\/newt12\/#breadcrumb","itemListElement":[{"@type":"ListItem","position":1,"name":"Accueil","item":"https:\/\/omnivion.net\/core\/en\/silverstorm\/"},{"@type":"ListItem","position":2,"name":"Projets","item":"https:\/\/omnivion.net\/core\/fr\/projets\/"},{"@type":"ListItem","position":3,"name":"Projets Artistiques","item":"https:\/\/omnivion.net\/core\/projets\/projets-artistiques\/"},{"@type":"ListItem","position":4,"name":"Projections Oniriques \/ Newtopia 12"}]},{"@type":"WebSite","@id":"https:\/\/omnivion.net\/core\/fr\/#website","url":"https:\/\/omnivion.net\/core\/fr\/","name":"omnivion.net","description":"...ARTS D&#039;\u00caTRE CORPS...","potentialAction":[{"@type":"SearchAction","target":{"@type":"EntryPoint","urlTemplate":"https:\/\/omnivion.net\/core\/fr\/?s={search_term_string}"},"query-input":{"@type":"PropertyValueSpecification","valueRequired":true,"valueName":"search_term_string"}}],"inLanguage":"fr-FR"}]}},"jetpack_sharing_enabled":true,"jetpack_shortlink":"https:\/\/wp.me\/P2fe7Q-1m4","jetpack_likes_enabled":true,"_links":{"self":[{"href":"https:\/\/omnivion.net\/core\/fr\/wp-json\/wp\/v2\/pages\/5212","targetHints":{"allow":["GET"]}}],"collection":[{"href":"https:\/\/omnivion.net\/core\/fr\/wp-json\/wp\/v2\/pages"}],"about":[{"href":"https:\/\/omnivion.net\/core\/fr\/wp-json\/wp\/v2\/types\/page"}],"author":[{"embeddable":true,"href":"https:\/\/omnivion.net\/core\/fr\/wp-json\/wp\/v2\/users\/1"}],"replies":[{"embeddable":true,"href":"https:\/\/omnivion.net\/core\/fr\/wp-json\/wp\/v2\/comments?post=5212"}],"version-history":[{"count":24,"href":"https:\/\/omnivion.net\/core\/fr\/wp-json\/wp\/v2\/pages\/5212\/revisions"}],"predecessor-version":[{"id":5899,"href":"https:\/\/omnivion.net\/core\/fr\/wp-json\/wp\/v2\/pages\/5212\/revisions\/5899"}],"up":[{"embeddable":true,"href":"https:\/\/omnivion.net\/core\/fr\/wp-json\/wp\/v2\/pages\/60"}],"wp:attachment":[{"href":"https:\/\/omnivion.net\/core\/fr\/wp-json\/wp\/v2\/media?parent=5212"}],"curies":[{"name":"wp","href":"https:\/\/api.w.org\/{rel}","templated":true}]}}