{"id":52,"date":"2012-02-12T20:16:28","date_gmt":"2012-02-12T19:16:28","guid":{"rendered":"http:\/\/test.matoilnet.org\/wordpress\/?page_id=52"},"modified":"2023-07-16T22:26:11","modified_gmt":"2023-07-16T21:26:11","slug":"presentation","status":"publish","type":"page","link":"https:\/\/omnivion.net\/core\/fr\/presentation\/","title":{"rendered":"\u00c0 propos"},"content":{"rendered":"<p><div id=\"attachment_1019\" style=\"width: 810px\" class=\"wp-caption alignnone\"><a href=\"https:\/\/i0.wp.com\/www.omnivion.net\/core\/wp-content\/uploads\/2012\/02\/Vinoth-Chandar_Illusion_CC-BY-2.0_edit_web.jpg\"><img data-recalc-dims=\"1\" loading=\"lazy\" decoding=\"async\" aria-describedby=\"caption-attachment-1019\" class=\"size-full wp-image-1019\" src=\"https:\/\/i0.wp.com\/www.omnivion.net\/core\/wp-content\/uploads\/2012\/02\/Vinoth-Chandar_Illusion_CC-BY-2.0_edit_web.jpg?resize=800%2C274\" alt=\"Vinoth Chandar_Illusion_(CC BY 2.0)_edit\" width=\"800\" height=\"274\" srcset=\"https:\/\/i0.wp.com\/omnivion.net\/core\/wp-content\/uploads\/2012\/02\/Vinoth-Chandar_Illusion_CC-BY-2.0_edit_web.jpg?w=800&amp;ssl=1 800w, https:\/\/i0.wp.com\/omnivion.net\/core\/wp-content\/uploads\/2012\/02\/Vinoth-Chandar_Illusion_CC-BY-2.0_edit_web.jpg?resize=300%2C102&amp;ssl=1 300w\" sizes=\"auto, (max-width: 800px) 100vw, 800px\" \/><\/a><p id=\"caption-attachment-1019\" class=\"wp-caption-text\">Vinoth Chandar_Illusion_(CC BY 2.0)_edit<\/p><\/div><\/p>\n<h1><\/h1>\n<h1 style=\"text-align: left;\"><strong>Omnivion \/ Arts d&rsquo;\u00eatre corps<\/strong><\/h1>\n<p style=\"text-align: left;\">Association loi 1901, fond\u00e9e en 2011<\/p>\n<p>&nbsp;<\/p>\n<p style=\"text-align: left;\">Le nom de l&rsquo;association est un n\u00e9ologisme po\u00e9tique qui signifie<em> multiplicit\u00e9 du vivant. omni\u00a0: <\/em>pr\u00e9fixe latin signifiant \u00ab\u00a0tout\u00a0\u00bb<em> + vion\u00a0: <\/em>du grec \u03b2\u03af\u03bf\u03bd signifiant vie \/ \u00eatre vivant.<\/p>\n<p style=\"text-align: left;\">Omnivion soutient\u00a0la cr\u00e9ation et diffusion de spectacles, de performances, de conf\u00e9rences ou <strong>toute forme d&rsquo;action artistique et p\u00e9dagogique qui promeut un rapport sensible envers soi, l&rsquo;autre et le monde<\/strong>.<\/p>\n<p style=\"text-align: left;\">Le vivant est au centre de nos questionnements esth\u00e9tiques et \u00e9ducatives. Nous revendiquons un \u00ab\u00a0<em><strong>corps-sujet-sensible\u00a0\u00bb<\/strong><\/em> en r\u00e9sonance avec des nouveaux paradigmes <strong><a href=\"http:\/\/www.metamodernism.org\/\">m\u00e9tamodernes<\/a> et en opposition au \u00ab\u00a0corps objet\u00a0\u00bb<\/strong> toujours entretenu par la culture\u00a0mainstream. On promeut un nouvel individualisme po\u00e9tique dans une complexit\u00e9 sensible avec l\u2019environnement social, naturel et culturel :<\/p>\n<p style=\"text-align: left;\"><strong><em>\u00eatre autonome et responsable socialement non pas gr\u00e2ce \u00e0 la loi, mais gr\u00e2ce \u00e0 un rapport sensible au monde; d\u00e9velopper\u00a0des\u00a0singularit\u00e9s qui soutiennent et enrichissent la communaut\u00e9.\u00a0<\/em><\/strong><\/p>\n<p>Notre projet central est <strong>Newtopia : un \u00e9v\u00e9nement artistique inclusif<\/strong> en lien avec le monde psychiatrique, (souffrance psychique et mentale). Nous cherchons \u00e0 participer \u00e0 un r\u00e9seau de nature optimiste, dans lequel la cr\u00e9ativit\u00e9, l\u2019empathie et l\u2019intelligence kinesth\u00e9sique sont consid\u00e9r\u00e9es comme des valeurs prioritaires pour l\u2019\u00e9ducation et l\u2019\u00e9panouissement de l\u2019individu. Nous n\u2019avons pas peur de la folie et nos inspirations s\u2019enracinent en partie dans les \u00ab\u00a0psychopathologies\u00a0\u00bb de certains de nos ami(e)s et collaborateurs\u00a0! Dans ce but, l\u2019association peut engager ponctuellement des artistes, ou r\u00e9aliser des collaborations avec d\u2019autres associations, organismes ou structures publiques.<\/p>\n<p style=\"text-align: left;\">Dimitri Tsiapkinis, artiste chor\u00e9graphique<\/p>\n<div id=\"LongURL_tooltip\" style=\"position: absolute; text-align: left; z-index: 999; display: none; opacity: 0.9; background-color: #ffff99; width: 400px; padding: 4px; top: 236px; left: 284px;\"><\/div>\n<div id=\"LongURL_tooltip\" style=\"position: absolute; text-align: left; z-index: 999; display: none; opacity: 0.9; background-color: #ffff99; width: 400px; padding: 4px;\"><\/div>\n<div id=\"LongURL_tooltip\" style=\"position: absolute; text-align: left; z-index: 999; display: none; opacity: 0.9; background-color: #ffff99; width: 400px; padding: 4px;\"><\/div>\n<p><\/p>","protected":false},"excerpt":{"rendered":"<p>Omnivion \/ Arts d&rsquo;\u00eatre corps Association loi 1901, fond\u00e9e en 2011 &nbsp; Le [&hellip;]<\/p>\n","protected":false},"author":1,"featured_media":0,"parent":0,"menu_order":0,"comment_status":"open","ping_status":"open","template":"","meta":{"jetpack_post_was_ever_published":false,"footnotes":""},"class_list":["post-52","page","type-page","status-publish","hentry"],"yoast_head":"<!-- This site is optimized with the Yoast SEO plugin v26.8 - https:\/\/yoast.com\/product\/yoast-seo-wordpress\/ -->\n<title>\u00c0 propos - omnivion.net<\/title>\n<meta name=\"robots\" content=\"index, follow, max-snippet:-1, max-image-preview:large, max-video-preview:-1\" \/>\n<link rel=\"canonical\" href=\"https:\/\/omnivion.net\/core\/fr\/presentation\/\" \/>\n<meta property=\"og:locale\" content=\"fr_FR\" \/>\n<meta property=\"og:type\" content=\"article\" \/>\n<meta property=\"og:title\" content=\"\u00c0 propos - omnivion.net\" \/>\n<meta property=\"og:description\" content=\"Omnivion \/ Arts d&rsquo;\u00eatre corps Association loi 1901, fond\u00e9e en 2011 &nbsp; Le [&hellip;]\" \/>\n<meta property=\"og:url\" content=\"https:\/\/omnivion.net\/core\/fr\/presentation\/\" \/>\n<meta property=\"og:site_name\" content=\"omnivion.net\" \/>\n<meta property=\"article:modified_time\" content=\"2023-07-16T21:26:11+00:00\" \/>\n<meta property=\"og:image\" content=\"http:\/\/www.omnivion.net\/core\/wp-content\/uploads\/2012\/02\/Vinoth-Chandar_Illusion_CC-BY-2.0_edit_web.jpg\" \/>\n<meta name=\"twitter:card\" content=\"summary_large_image\" \/>\n<meta name=\"twitter:label1\" content=\"Dur\u00e9e de lecture estim\u00e9e\" \/>\n\t<meta name=\"twitter:data1\" content=\"2 minutes\" \/>\n<script type=\"application\/ld+json\" class=\"yoast-schema-graph\">{\"@context\":\"https:\/\/schema.org\",\"@graph\":[{\"@type\":\"WebPage\",\"@id\":\"https:\/\/omnivion.net\/core\/fr\/presentation\/\",\"url\":\"https:\/\/omnivion.net\/core\/fr\/presentation\/\",\"name\":\"\u00c0 propos - omnivion.net\",\"isPartOf\":{\"@id\":\"https:\/\/omnivion.net\/core\/fr\/#website\"},\"primaryImageOfPage\":{\"@id\":\"https:\/\/omnivion.net\/core\/fr\/presentation\/#primaryimage\"},\"image\":{\"@id\":\"https:\/\/omnivion.net\/core\/fr\/presentation\/#primaryimage\"},\"thumbnailUrl\":\"http:\/\/www.omnivion.net\/core\/wp-content\/uploads\/2012\/02\/Vinoth-Chandar_Illusion_CC-BY-2.0_edit_web.jpg\",\"datePublished\":\"2012-02-12T19:16:28+00:00\",\"dateModified\":\"2023-07-16T21:26:11+00:00\",\"breadcrumb\":{\"@id\":\"https:\/\/omnivion.net\/core\/fr\/presentation\/#breadcrumb\"},\"inLanguage\":\"fr-FR\",\"potentialAction\":[{\"@type\":\"ReadAction\",\"target\":[\"https:\/\/omnivion.net\/core\/fr\/presentation\/\"]}]},{\"@type\":\"ImageObject\",\"inLanguage\":\"fr-FR\",\"@id\":\"https:\/\/omnivion.net\/core\/fr\/presentation\/#primaryimage\",\"url\":\"http:\/\/www.omnivion.net\/core\/wp-content\/uploads\/2012\/02\/Vinoth-Chandar_Illusion_CC-BY-2.0_edit_web.jpg\",\"contentUrl\":\"http:\/\/www.omnivion.net\/core\/wp-content\/uploads\/2012\/02\/Vinoth-Chandar_Illusion_CC-BY-2.0_edit_web.jpg\"},{\"@type\":\"BreadcrumbList\",\"@id\":\"https:\/\/omnivion.net\/core\/fr\/presentation\/#breadcrumb\",\"itemListElement\":[{\"@type\":\"ListItem\",\"position\":1,\"name\":\"Accueil\",\"item\":\"https:\/\/omnivion.net\/core\/en\/silverstorm\/\"},{\"@type\":\"ListItem\",\"position\":2,\"name\":\"\u00c0 propos\"}]},{\"@type\":\"WebSite\",\"@id\":\"https:\/\/omnivion.net\/core\/fr\/#website\",\"url\":\"https:\/\/omnivion.net\/core\/fr\/\",\"name\":\"omnivion.net\",\"description\":\"...ARTS D&#039;\u00caTRE CORPS...\",\"potentialAction\":[{\"@type\":\"SearchAction\",\"target\":{\"@type\":\"EntryPoint\",\"urlTemplate\":\"https:\/\/omnivion.net\/core\/fr\/?s={search_term_string}\"},\"query-input\":{\"@type\":\"PropertyValueSpecification\",\"valueRequired\":true,\"valueName\":\"search_term_string\"}}],\"inLanguage\":\"fr-FR\"}]}<\/script>\n<!-- \/ Yoast SEO plugin. -->","yoast_head_json":{"title":"\u00c0 propos - omnivion.net","robots":{"index":"index","follow":"follow","max-snippet":"max-snippet:-1","max-image-preview":"max-image-preview:large","max-video-preview":"max-video-preview:-1"},"canonical":"https:\/\/omnivion.net\/core\/fr\/presentation\/","og_locale":"fr_FR","og_type":"article","og_title":"\u00c0 propos - omnivion.net","og_description":"Omnivion \/ Arts d&rsquo;\u00eatre corps Association loi 1901, fond\u00e9e en 2011 &nbsp; Le [&hellip;]","og_url":"https:\/\/omnivion.net\/core\/fr\/presentation\/","og_site_name":"omnivion.net","article_modified_time":"2023-07-16T21:26:11+00:00","og_image":[{"url":"http:\/\/www.omnivion.net\/core\/wp-content\/uploads\/2012\/02\/Vinoth-Chandar_Illusion_CC-BY-2.0_edit_web.jpg","type":"","width":"","height":""}],"twitter_card":"summary_large_image","twitter_misc":{"Dur\u00e9e de lecture estim\u00e9e":"2 minutes"},"schema":{"@context":"https:\/\/schema.org","@graph":[{"@type":"WebPage","@id":"https:\/\/omnivion.net\/core\/fr\/presentation\/","url":"https:\/\/omnivion.net\/core\/fr\/presentation\/","name":"\u00c0 propos - omnivion.net","isPartOf":{"@id":"https:\/\/omnivion.net\/core\/fr\/#website"},"primaryImageOfPage":{"@id":"https:\/\/omnivion.net\/core\/fr\/presentation\/#primaryimage"},"image":{"@id":"https:\/\/omnivion.net\/core\/fr\/presentation\/#primaryimage"},"thumbnailUrl":"http:\/\/www.omnivion.net\/core\/wp-content\/uploads\/2012\/02\/Vinoth-Chandar_Illusion_CC-BY-2.0_edit_web.jpg","datePublished":"2012-02-12T19:16:28+00:00","dateModified":"2023-07-16T21:26:11+00:00","breadcrumb":{"@id":"https:\/\/omnivion.net\/core\/fr\/presentation\/#breadcrumb"},"inLanguage":"fr-FR","potentialAction":[{"@type":"ReadAction","target":["https:\/\/omnivion.net\/core\/fr\/presentation\/"]}]},{"@type":"ImageObject","inLanguage":"fr-FR","@id":"https:\/\/omnivion.net\/core\/fr\/presentation\/#primaryimage","url":"http:\/\/www.omnivion.net\/core\/wp-content\/uploads\/2012\/02\/Vinoth-Chandar_Illusion_CC-BY-2.0_edit_web.jpg","contentUrl":"http:\/\/www.omnivion.net\/core\/wp-content\/uploads\/2012\/02\/Vinoth-Chandar_Illusion_CC-BY-2.0_edit_web.jpg"},{"@type":"BreadcrumbList","@id":"https:\/\/omnivion.net\/core\/fr\/presentation\/#breadcrumb","itemListElement":[{"@type":"ListItem","position":1,"name":"Accueil","item":"https:\/\/omnivion.net\/core\/en\/silverstorm\/"},{"@type":"ListItem","position":2,"name":"\u00c0 propos"}]},{"@type":"WebSite","@id":"https:\/\/omnivion.net\/core\/fr\/#website","url":"https:\/\/omnivion.net\/core\/fr\/","name":"omnivion.net","description":"...ARTS D&#039;\u00caTRE CORPS...","potentialAction":[{"@type":"SearchAction","target":{"@type":"EntryPoint","urlTemplate":"https:\/\/omnivion.net\/core\/fr\/?s={search_term_string}"},"query-input":{"@type":"PropertyValueSpecification","valueRequired":true,"valueName":"search_term_string"}}],"inLanguage":"fr-FR"}]}},"jetpack_sharing_enabled":true,"jetpack_shortlink":"https:\/\/wp.me\/P2fe7Q-Q","jetpack_likes_enabled":true,"_links":{"self":[{"href":"https:\/\/omnivion.net\/core\/fr\/wp-json\/wp\/v2\/pages\/52","targetHints":{"allow":["GET"]}}],"collection":[{"href":"https:\/\/omnivion.net\/core\/fr\/wp-json\/wp\/v2\/pages"}],"about":[{"href":"https:\/\/omnivion.net\/core\/fr\/wp-json\/wp\/v2\/types\/page"}],"author":[{"embeddable":true,"href":"https:\/\/omnivion.net\/core\/fr\/wp-json\/wp\/v2\/users\/1"}],"replies":[{"embeddable":true,"href":"https:\/\/omnivion.net\/core\/fr\/wp-json\/wp\/v2\/comments?post=52"}],"version-history":[{"count":44,"href":"https:\/\/omnivion.net\/core\/fr\/wp-json\/wp\/v2\/pages\/52\/revisions"}],"predecessor-version":[{"id":5115,"href":"https:\/\/omnivion.net\/core\/fr\/wp-json\/wp\/v2\/pages\/52\/revisions\/5115"}],"wp:attachment":[{"href":"https:\/\/omnivion.net\/core\/fr\/wp-json\/wp\/v2\/media?parent=52"}],"curies":[{"name":"wp","href":"https:\/\/api.w.org\/{rel}","templated":true}]}}