{"id":5170,"date":"2023-11-07T22:39:53","date_gmt":"2023-11-07T21:39:53","guid":{"rendered":"https:\/\/omnivion.net\/core\/?page_id=5170"},"modified":"2024-12-16T00:02:24","modified_gmt":"2024-12-15T23:02:24","slug":"traces-urbaines","status":"publish","type":"page","link":"https:\/\/omnivion.net\/core\/fr\/projets\/projets-artistiques\/retroversions_newt-11\/traces-urbaines\/","title":{"rendered":"Traces Urbaines \/ Newtopia 11.2 &#038; 11.3"},"content":{"rendered":"<p><img data-recalc-dims=\"1\" loading=\"lazy\" decoding=\"async\" class=\"alignnone size-full wp-image-5172\" src=\"https:\/\/i0.wp.com\/omnivion.net\/core\/wp-content\/uploads\/2023\/11\/%C2%A9-Bernard-DURET-33_web-1.jpg?resize=800%2C534\" alt=\"\" width=\"800\" height=\"534\" srcset=\"https:\/\/i0.wp.com\/omnivion.net\/core\/wp-content\/uploads\/2023\/11\/%C2%A9-Bernard-DURET-33_web-1.jpg?w=800&amp;ssl=1 800w, https:\/\/i0.wp.com\/omnivion.net\/core\/wp-content\/uploads\/2023\/11\/%C2%A9-Bernard-DURET-33_web-1.jpg?resize=300%2C200&amp;ssl=1 300w, https:\/\/i0.wp.com\/omnivion.net\/core\/wp-content\/uploads\/2023\/11\/%C2%A9-Bernard-DURET-33_web-1.jpg?resize=768%2C513&amp;ssl=1 768w\" sizes=\"auto, (max-width: 800px) 100vw, 800px\" \/><\/p>\n<p><strong><span style=\"font-size: 10pt;\">Photo par Bernard Duret<\/span><\/strong><\/p>\n<p>&nbsp;<\/p>\n<p>Dans la continuit\u00e9 du projet <a href=\"https:\/\/omnivion.net\/core\/projets\/projets-artistiques\/retroversions_newt-11\/\"><strong>Retroversions-Neutopies<\/strong><\/a> nous continuons de c\u00e9l\u00e9brer les 10 ans de cr\u00e9ations Newtopia.<\/p>\n<p>Une nouvelle opportunit\u00e9 de sortir des studios \u00e0 la rencontre de nos concitoyens. Nous souhaitons ainsi multiplier les exp\u00e9riences du <em>corps-sujet-sensible<\/em> dans la cit\u00e9. \u00catre pr\u00e8s de soi et ouverts \u00e0 la communaut\u00e9. Les th\u00e9matiques du projet s&rsquo;inspirent des pr\u00e9c\u00e9dentes ann\u00e9es de recherche, comme ici la <em>Lenteur et le Silence<\/em> (Newtopia 4).<\/p>\n<p>Ces moments de danse ne sont pas communiqu\u00e9s au public, et agissent comme des surprises pour les passants qui sont parfois invit\u00e9s de participer. Des danses improvis\u00e9es \u00e0 l&rsquo;\u00e9coute de soi, l&rsquo;autre et environnement.<\/p>\n<p><strong>Interpr\u00e8tes :<\/strong> Catherine Aubert, Rosa Pires de Matos, Bruno Morin, Yvan Pousset, Dimitri Tsiapkinis.<\/p>\n<p><strong>Dates et lieux :<\/strong><\/p>\n<p>\u2013 7 Octobre 2023, Newtopia 11.2 au March\u00e9 Beaujardin, Tours (37000)<\/p>\n<p>\u2013 19 Novembre 2023, Newtopia 11.3 au March\u00e9 Velpeau, Tours (37000)<\/p>","protected":false},"excerpt":{"rendered":"<p>Photo par Bernard Duret &nbsp; Dans la continuit\u00e9 du projet Retroversions-Neutopies nous continuons [&hellip;]<\/p>\n","protected":false},"author":1,"featured_media":0,"parent":5071,"menu_order":0,"comment_status":"closed","ping_status":"closed","template":"","meta":{"jetpack_post_was_ever_published":false,"footnotes":""},"class_list":["post-5170","page","type-page","status-publish","hentry"],"yoast_head":"<!-- This site is optimized with the Yoast SEO plugin v26.8 - https:\/\/yoast.com\/product\/yoast-seo-wordpress\/ -->\n<title>Traces Urbaines \/ Newtopia 11.2 &amp; 11.3 - omnivion.net<\/title>\n<meta name=\"robots\" content=\"index, follow, max-snippet:-1, max-image-preview:large, max-video-preview:-1\" \/>\n<link rel=\"canonical\" href=\"https:\/\/omnivion.net\/core\/fr\/projets\/projets-artistiques\/retroversions_newt-11\/traces-urbaines\/\" \/>\n<meta property=\"og:locale\" content=\"fr_FR\" \/>\n<meta property=\"og:type\" content=\"article\" \/>\n<meta property=\"og:title\" content=\"Traces Urbaines \/ Newtopia 11.2 \/ Tours (37000)\" \/>\n<meta property=\"og:description\" content=\"Performance Omnivion \/ Danse Inclusive\" \/>\n<meta property=\"og:url\" content=\"https:\/\/omnivion.net\/core\/fr\/projets\/projets-artistiques\/retroversions_newt-11\/traces-urbaines\/\" \/>\n<meta property=\"og:site_name\" content=\"omnivion.net\" \/>\n<meta property=\"article:modified_time\" content=\"2024-12-15T23:02:24+00:00\" \/>\n<meta property=\"og:image\" content=\"https:\/\/omnivion.net\/core\/wp-content\/uploads\/2023\/11\/\u00a9-Bernard-DURET-33_web-1.jpg\" \/>\n\t<meta property=\"og:image:width\" content=\"800\" \/>\n\t<meta property=\"og:image:height\" content=\"534\" \/>\n\t<meta property=\"og:image:type\" content=\"image\/jpeg\" \/>\n<meta name=\"twitter:card\" content=\"summary_large_image\" \/>\n<meta name=\"twitter:label1\" content=\"Dur\u00e9e de lecture estim\u00e9e\" \/>\n\t<meta name=\"twitter:data1\" content=\"1 minute\" \/>\n<script type=\"application\/ld+json\" class=\"yoast-schema-graph\">{\"@context\":\"https:\/\/schema.org\",\"@graph\":[{\"@type\":\"WebPage\",\"@id\":\"https:\/\/omnivion.net\/core\/fr\/projets\/projets-artistiques\/retroversions_newt-11\/traces-urbaines\/\",\"url\":\"https:\/\/omnivion.net\/core\/fr\/projets\/projets-artistiques\/retroversions_newt-11\/traces-urbaines\/\",\"name\":\"Traces Urbaines \/ Newtopia 11.2 & 11.3 - omnivion.net\",\"isPartOf\":{\"@id\":\"https:\/\/omnivion.net\/core\/fr\/#website\"},\"datePublished\":\"2023-11-07T21:39:53+00:00\",\"dateModified\":\"2024-12-15T23:02:24+00:00\",\"breadcrumb\":{\"@id\":\"https:\/\/omnivion.net\/core\/fr\/projets\/projets-artistiques\/retroversions_newt-11\/traces-urbaines\/#breadcrumb\"},\"inLanguage\":\"fr-FR\",\"potentialAction\":[{\"@type\":\"ReadAction\",\"target\":[\"https:\/\/omnivion.net\/core\/fr\/projets\/projets-artistiques\/retroversions_newt-11\/traces-urbaines\/\"]}]},{\"@type\":\"BreadcrumbList\",\"@id\":\"https:\/\/omnivion.net\/core\/fr\/projets\/projets-artistiques\/retroversions_newt-11\/traces-urbaines\/#breadcrumb\",\"itemListElement\":[{\"@type\":\"ListItem\",\"position\":1,\"name\":\"Accueil\",\"item\":\"https:\/\/omnivion.net\/core\/en\/silverstorm\/\"},{\"@type\":\"ListItem\",\"position\":2,\"name\":\"Projets\",\"item\":\"https:\/\/omnivion.net\/core\/fr\/projets\/\"},{\"@type\":\"ListItem\",\"position\":3,\"name\":\"Projets Artistiques\",\"item\":\"https:\/\/omnivion.net\/core\/projets\/projets-artistiques\/\"},{\"@type\":\"ListItem\",\"position\":4,\"name\":\"R\u00c9TROVERSIONS &#038; NEUTOPIES \/ NEWTOPIA 11\",\"item\":\"https:\/\/omnivion.net\/core\/projets\/projets-artistiques\/retroversions_newt-11\/\"},{\"@type\":\"ListItem\",\"position\":5,\"name\":\"Traces Urbaines \/ Newtopia 11.2 &#038; 11.3\"}]},{\"@type\":\"WebSite\",\"@id\":\"https:\/\/omnivion.net\/core\/fr\/#website\",\"url\":\"https:\/\/omnivion.net\/core\/fr\/\",\"name\":\"omnivion.net\",\"description\":\"...ARTS D&#039;\u00caTRE CORPS...\",\"potentialAction\":[{\"@type\":\"SearchAction\",\"target\":{\"@type\":\"EntryPoint\",\"urlTemplate\":\"https:\/\/omnivion.net\/core\/fr\/?s={search_term_string}\"},\"query-input\":{\"@type\":\"PropertyValueSpecification\",\"valueRequired\":true,\"valueName\":\"search_term_string\"}}],\"inLanguage\":\"fr-FR\"}]}<\/script>\n<!-- \/ Yoast SEO plugin. -->","yoast_head_json":{"title":"Traces Urbaines \/ Newtopia 11.2 & 11.3 - omnivion.net","robots":{"index":"index","follow":"follow","max-snippet":"max-snippet:-1","max-image-preview":"max-image-preview:large","max-video-preview":"max-video-preview:-1"},"canonical":"https:\/\/omnivion.net\/core\/fr\/projets\/projets-artistiques\/retroversions_newt-11\/traces-urbaines\/","og_locale":"fr_FR","og_type":"article","og_title":"Traces Urbaines \/ Newtopia 11.2 \/ Tours (37000)","og_description":"Performance Omnivion \/ Danse Inclusive","og_url":"https:\/\/omnivion.net\/core\/fr\/projets\/projets-artistiques\/retroversions_newt-11\/traces-urbaines\/","og_site_name":"omnivion.net","article_modified_time":"2024-12-15T23:02:24+00:00","og_image":[{"width":800,"height":534,"url":"https:\/\/omnivion.net\/core\/wp-content\/uploads\/2023\/11\/\u00a9-Bernard-DURET-33_web-1.jpg","type":"image\/jpeg"}],"twitter_card":"summary_large_image","twitter_misc":{"Dur\u00e9e de lecture estim\u00e9e":"1 minute"},"schema":{"@context":"https:\/\/schema.org","@graph":[{"@type":"WebPage","@id":"https:\/\/omnivion.net\/core\/fr\/projets\/projets-artistiques\/retroversions_newt-11\/traces-urbaines\/","url":"https:\/\/omnivion.net\/core\/fr\/projets\/projets-artistiques\/retroversions_newt-11\/traces-urbaines\/","name":"Traces Urbaines \/ Newtopia 11.2 & 11.3 - omnivion.net","isPartOf":{"@id":"https:\/\/omnivion.net\/core\/fr\/#website"},"datePublished":"2023-11-07T21:39:53+00:00","dateModified":"2024-12-15T23:02:24+00:00","breadcrumb":{"@id":"https:\/\/omnivion.net\/core\/fr\/projets\/projets-artistiques\/retroversions_newt-11\/traces-urbaines\/#breadcrumb"},"inLanguage":"fr-FR","potentialAction":[{"@type":"ReadAction","target":["https:\/\/omnivion.net\/core\/fr\/projets\/projets-artistiques\/retroversions_newt-11\/traces-urbaines\/"]}]},{"@type":"BreadcrumbList","@id":"https:\/\/omnivion.net\/core\/fr\/projets\/projets-artistiques\/retroversions_newt-11\/traces-urbaines\/#breadcrumb","itemListElement":[{"@type":"ListItem","position":1,"name":"Accueil","item":"https:\/\/omnivion.net\/core\/en\/silverstorm\/"},{"@type":"ListItem","position":2,"name":"Projets","item":"https:\/\/omnivion.net\/core\/fr\/projets\/"},{"@type":"ListItem","position":3,"name":"Projets Artistiques","item":"https:\/\/omnivion.net\/core\/projets\/projets-artistiques\/"},{"@type":"ListItem","position":4,"name":"R\u00c9TROVERSIONS &#038; NEUTOPIES \/ NEWTOPIA 11","item":"https:\/\/omnivion.net\/core\/projets\/projets-artistiques\/retroversions_newt-11\/"},{"@type":"ListItem","position":5,"name":"Traces Urbaines \/ Newtopia 11.2 &#038; 11.3"}]},{"@type":"WebSite","@id":"https:\/\/omnivion.net\/core\/fr\/#website","url":"https:\/\/omnivion.net\/core\/fr\/","name":"omnivion.net","description":"...ARTS D&#039;\u00caTRE CORPS...","potentialAction":[{"@type":"SearchAction","target":{"@type":"EntryPoint","urlTemplate":"https:\/\/omnivion.net\/core\/fr\/?s={search_term_string}"},"query-input":{"@type":"PropertyValueSpecification","valueRequired":true,"valueName":"search_term_string"}}],"inLanguage":"fr-FR"}]}},"jetpack_sharing_enabled":true,"jetpack_shortlink":"https:\/\/wp.me\/P2fe7Q-1lo","jetpack_likes_enabled":true,"_links":{"self":[{"href":"https:\/\/omnivion.net\/core\/fr\/wp-json\/wp\/v2\/pages\/5170","targetHints":{"allow":["GET"]}}],"collection":[{"href":"https:\/\/omnivion.net\/core\/fr\/wp-json\/wp\/v2\/pages"}],"about":[{"href":"https:\/\/omnivion.net\/core\/fr\/wp-json\/wp\/v2\/types\/page"}],"author":[{"embeddable":true,"href":"https:\/\/omnivion.net\/core\/fr\/wp-json\/wp\/v2\/users\/1"}],"replies":[{"embeddable":true,"href":"https:\/\/omnivion.net\/core\/fr\/wp-json\/wp\/v2\/comments?post=5170"}],"version-history":[{"count":2,"href":"https:\/\/omnivion.net\/core\/fr\/wp-json\/wp\/v2\/pages\/5170\/revisions"}],"predecessor-version":[{"id":5501,"href":"https:\/\/omnivion.net\/core\/fr\/wp-json\/wp\/v2\/pages\/5170\/revisions\/5501"}],"up":[{"embeddable":true,"href":"https:\/\/omnivion.net\/core\/fr\/wp-json\/wp\/v2\/pages\/5071"}],"wp:attachment":[{"href":"https:\/\/omnivion.net\/core\/fr\/wp-json\/wp\/v2\/media?parent=5170"}],"curies":[{"name":"wp","href":"https:\/\/api.w.org\/{rel}","templated":true}]}}