{"id":5148,"date":"2023-09-02T13:05:13","date_gmt":"2023-09-02T12:05:13","guid":{"rendered":"https:\/\/omnivion.net\/core\/?page_id=5148"},"modified":"2023-09-02T13:17:06","modified_gmt":"2023-09-02T12:17:06","slug":"le-temps-des-crocodiles","status":"publish","type":"page","link":"https:\/\/omnivion.net\/core\/fr\/le-temps-des-crocodiles\/","title":{"rendered":"Le Temps des Crocodiles"},"content":{"rendered":"<p><\/p>\n<p align=\"justify\"><img data-recalc-dims=\"1\" loading=\"lazy\" decoding=\"async\" class=\"alignnone size-full wp-image-5149\" src=\"https:\/\/i0.wp.com\/omnivion.net\/core\/wp-content\/uploads\/2023\/09\/bateau_web.jpg?resize=800%2C450\" alt=\"\" width=\"800\" height=\"450\" srcset=\"https:\/\/i0.wp.com\/omnivion.net\/core\/wp-content\/uploads\/2023\/09\/bateau_web.jpg?w=800&amp;ssl=1 800w, https:\/\/i0.wp.com\/omnivion.net\/core\/wp-content\/uploads\/2023\/09\/bateau_web.jpg?resize=300%2C169&amp;ssl=1 300w, https:\/\/i0.wp.com\/omnivion.net\/core\/wp-content\/uploads\/2023\/09\/bateau_web.jpg?resize=768%2C432&amp;ssl=1 768w\" sizes=\"auto, (max-width: 800px) 100vw, 800px\" \/><\/p>\n<p>&nbsp;<\/p>\n<p><strong>Titre : <\/strong><em>Le Temps des crocodiles, \u00e9l\u00e9gie<\/em><\/p>\n<p><strong>Date de fin<\/strong>\u00a0: octobre 2019<\/p>\n<p><strong>R\u00e9sum\u00e9 court :<\/strong><br \/>\n\u00ab\u00a0Il faut faire payer les grecs\u00a0\u00bb\u00a0: c\u2019est de cette violente assignation prononc\u00e9e \u00e0 l\u2019unisson dans l\u2019Union Europ\u00e9enne des ann\u00e9es 2012-2014 qu\u2019est n\u00e9e l\u2019id\u00e9e du film, d\u2019un film de d\u00e9ploration. Le Temps des crocodiles est une \u00e9l\u00e9gie, dans le sens grec du terme\u00a0: un r\u00e9cit de lamentation qui, de loin, dans l\u2019exil, \u00e9voque la d\u00e9faite du peuple grec face \u00e0 un ch\u00e2timent aussi implacable qu\u2019injuste.<\/p>\n<p><strong>Format : DCP<\/strong><\/p>\n<p><strong>Couleur et Noir et blanc<\/strong><\/p>\n<p><strong>Production\u00a0:<\/strong> L\u2019image d\u2019apr\u00e8s<br \/>\n4 place des Petites Boucheries 37000 Tours<br \/>\nN\u00b0 Siret : 50221451300041- Code APE : 5911C<br \/>\nT\u00e9l. Maud\u00a0: 06 40 23 43 30<br \/>\n<a href=\"mailto:maudmartin@limagedapres.fr\">maudmartin@limagedapres.fr<\/a><\/p>\n<p><strong>Lien film sur Vimeo :<\/strong><br \/>\nvimeo.com\/253783367<br \/>\nmdp\u00a0: croco<\/p>\n<p>&nbsp;<\/p>\n<p><strong>Bio Florence Doucet :<\/strong><br \/>\nJe suis n\u00e9e en 1970 et vis \u00e0 Tours depuis une vingtaine d&rsquo;ann\u00e9es. Apr\u00e8s un doctorat de Lettres sur les jardins dans la litt\u00e9rature classique, j&rsquo;enseigne la litt\u00e9rature et le cin\u00e9ma.<br \/>\nJe r\u00e9alise des films qui proposent une r\u00e9flexion, une m\u00e9ditation sur les lieux.<\/p>\n<p>&nbsp;<\/p>\n<p><strong>Filmo Florence Doucet :<\/strong><br \/>\n2011 \u2013 2018<br \/>\nFantaisies saisonni\u00e8res. Tr\u00e8s courts m\u00e9trages en forme de po\u00e8mes filmiques.<br \/>\n\u00ab Chasse ou la cavali\u00e8re bleue \u2013 octobre \u00bb ; \u00ab En lavoir ou pas \u2013 novembre \u00bb ; \u00ab Little big Hole \u2013 janvier \u00bb ; \u00ab Le Havre de Gr\u00e2ce \u2013 f\u00e9vrier \u00bb ; \u00ab Oceanus infans \u2013 d\u00e9cembre \u00bb ; \u00ab Bateau ivre \u2013 ao\u00fbt \u00bb ; \u00ab De Divinatione \u2013 mars \u00bb\u2026<\/p>\n<p>2010<br \/>\nNarcisse, fragments, avec C\u00e9cilia Ribault et Dimitri Tsiapkinis, danseurs. Essai chor\u00e9graphique et po\u00e9tique, tourn\u00e9 dans une piscine de plein air d\u00e9saffect\u00e9e.<\/p>\n<p>I prefer not to, avec H\u00e9l\u00e9na Fin, plasticienne. Court m\u00e9trage r\u00e9alis\u00e9 dans le cadre du Festival \u00ab Filmer le travail \u00bb de l\u2019Universit\u00e9 de Poitiers. Premier Prix.<\/p>\n<p>2005-2012<br \/>\nCinq films, une s\u00e9rie : \u00ab La Dame en vert \u00bb, avec Annie Achermann (chor\u00e9graphe, Compagnie Travers\u00e9e Dix).<br \/>\nBog Queen, Irlande du sud<br \/>\nThe Green Lady, Springfield, Vermont<br \/>\nEsperando a Lino, Barcelone<br \/>\nPour que les corbeaux et les corneilles s\u2019en repaissent, Bruxelles<br \/>\nBerlin in memoriam, Berlin.<\/p>\n<p>&nbsp;<\/p>","protected":false},"excerpt":{"rendered":"<p>&nbsp; Titre : Le Temps des crocodiles, \u00e9l\u00e9gie Date de fin\u00a0: octobre 2019 [&hellip;]<\/p>\n","protected":false},"author":1,"featured_media":0,"parent":0,"menu_order":0,"comment_status":"closed","ping_status":"closed","template":"","meta":{"jetpack_post_was_ever_published":false,"footnotes":""},"class_list":["post-5148","page","type-page","status-publish","hentry"],"yoast_head":"<!-- This site is optimized with the Yoast SEO plugin v26.8 - https:\/\/yoast.com\/product\/yoast-seo-wordpress\/ -->\n<title>Le Temps des Crocodiles - omnivion.net<\/title>\n<meta name=\"robots\" content=\"index, follow, max-snippet:-1, max-image-preview:large, max-video-preview:-1\" \/>\n<link rel=\"canonical\" href=\"https:\/\/omnivion.net\/core\/fr\/le-temps-des-crocodiles\/\" \/>\n<meta property=\"og:locale\" content=\"fr_FR\" \/>\n<meta property=\"og:type\" content=\"article\" \/>\n<meta property=\"og:title\" content=\"Le Temps des Crocodiles - omnivion.net\" \/>\n<meta property=\"og:description\" content=\"&nbsp; Titre : Le Temps des crocodiles, \u00e9l\u00e9gie Date de fin\u00a0: octobre 2019 [&hellip;]\" \/>\n<meta property=\"og:url\" content=\"https:\/\/omnivion.net\/core\/fr\/le-temps-des-crocodiles\/\" \/>\n<meta property=\"og:site_name\" content=\"omnivion.net\" \/>\n<meta property=\"article:modified_time\" content=\"2023-09-02T12:17:06+00:00\" \/>\n<meta property=\"og:image\" content=\"http:\/\/omnivion.net\/core\/wp-content\/uploads\/2023\/09\/bateau_web.jpg\" \/>\n<meta name=\"twitter:card\" content=\"summary_large_image\" \/>\n<meta name=\"twitter:label1\" content=\"Dur\u00e9e de lecture estim\u00e9e\" \/>\n\t<meta name=\"twitter:data1\" content=\"3 minutes\" \/>\n<script type=\"application\/ld+json\" class=\"yoast-schema-graph\">{\"@context\":\"https:\/\/schema.org\",\"@graph\":[{\"@type\":\"WebPage\",\"@id\":\"https:\/\/omnivion.net\/core\/fr\/le-temps-des-crocodiles\/\",\"url\":\"https:\/\/omnivion.net\/core\/fr\/le-temps-des-crocodiles\/\",\"name\":\"Le Temps des Crocodiles - omnivion.net\",\"isPartOf\":{\"@id\":\"https:\/\/omnivion.net\/core\/fr\/#website\"},\"primaryImageOfPage\":{\"@id\":\"https:\/\/omnivion.net\/core\/fr\/le-temps-des-crocodiles\/#primaryimage\"},\"image\":{\"@id\":\"https:\/\/omnivion.net\/core\/fr\/le-temps-des-crocodiles\/#primaryimage\"},\"thumbnailUrl\":\"http:\/\/omnivion.net\/core\/wp-content\/uploads\/2023\/09\/bateau_web.jpg\",\"datePublished\":\"2023-09-02T12:05:13+00:00\",\"dateModified\":\"2023-09-02T12:17:06+00:00\",\"breadcrumb\":{\"@id\":\"https:\/\/omnivion.net\/core\/fr\/le-temps-des-crocodiles\/#breadcrumb\"},\"inLanguage\":\"fr-FR\",\"potentialAction\":[{\"@type\":\"ReadAction\",\"target\":[\"https:\/\/omnivion.net\/core\/fr\/le-temps-des-crocodiles\/\"]}]},{\"@type\":\"ImageObject\",\"inLanguage\":\"fr-FR\",\"@id\":\"https:\/\/omnivion.net\/core\/fr\/le-temps-des-crocodiles\/#primaryimage\",\"url\":\"http:\/\/omnivion.net\/core\/wp-content\/uploads\/2023\/09\/bateau_web.jpg\",\"contentUrl\":\"http:\/\/omnivion.net\/core\/wp-content\/uploads\/2023\/09\/bateau_web.jpg\"},{\"@type\":\"BreadcrumbList\",\"@id\":\"https:\/\/omnivion.net\/core\/fr\/le-temps-des-crocodiles\/#breadcrumb\",\"itemListElement\":[{\"@type\":\"ListItem\",\"position\":1,\"name\":\"Accueil\",\"item\":\"https:\/\/omnivion.net\/core\/en\/silverstorm\/\"},{\"@type\":\"ListItem\",\"position\":2,\"name\":\"Le Temps des Crocodiles\"}]},{\"@type\":\"WebSite\",\"@id\":\"https:\/\/omnivion.net\/core\/fr\/#website\",\"url\":\"https:\/\/omnivion.net\/core\/fr\/\",\"name\":\"omnivion.net\",\"description\":\"...ARTS D&#039;\u00caTRE CORPS...\",\"potentialAction\":[{\"@type\":\"SearchAction\",\"target\":{\"@type\":\"EntryPoint\",\"urlTemplate\":\"https:\/\/omnivion.net\/core\/fr\/?s={search_term_string}\"},\"query-input\":{\"@type\":\"PropertyValueSpecification\",\"valueRequired\":true,\"valueName\":\"search_term_string\"}}],\"inLanguage\":\"fr-FR\"}]}<\/script>\n<!-- \/ Yoast SEO plugin. -->","yoast_head_json":{"title":"Le Temps des Crocodiles - omnivion.net","robots":{"index":"index","follow":"follow","max-snippet":"max-snippet:-1","max-image-preview":"max-image-preview:large","max-video-preview":"max-video-preview:-1"},"canonical":"https:\/\/omnivion.net\/core\/fr\/le-temps-des-crocodiles\/","og_locale":"fr_FR","og_type":"article","og_title":"Le Temps des Crocodiles - omnivion.net","og_description":"&nbsp; Titre : Le Temps des crocodiles, \u00e9l\u00e9gie Date de fin\u00a0: octobre 2019 [&hellip;]","og_url":"https:\/\/omnivion.net\/core\/fr\/le-temps-des-crocodiles\/","og_site_name":"omnivion.net","article_modified_time":"2023-09-02T12:17:06+00:00","og_image":[{"url":"http:\/\/omnivion.net\/core\/wp-content\/uploads\/2023\/09\/bateau_web.jpg","type":"","width":"","height":""}],"twitter_card":"summary_large_image","twitter_misc":{"Dur\u00e9e de lecture estim\u00e9e":"3 minutes"},"schema":{"@context":"https:\/\/schema.org","@graph":[{"@type":"WebPage","@id":"https:\/\/omnivion.net\/core\/fr\/le-temps-des-crocodiles\/","url":"https:\/\/omnivion.net\/core\/fr\/le-temps-des-crocodiles\/","name":"Le Temps des Crocodiles - omnivion.net","isPartOf":{"@id":"https:\/\/omnivion.net\/core\/fr\/#website"},"primaryImageOfPage":{"@id":"https:\/\/omnivion.net\/core\/fr\/le-temps-des-crocodiles\/#primaryimage"},"image":{"@id":"https:\/\/omnivion.net\/core\/fr\/le-temps-des-crocodiles\/#primaryimage"},"thumbnailUrl":"http:\/\/omnivion.net\/core\/wp-content\/uploads\/2023\/09\/bateau_web.jpg","datePublished":"2023-09-02T12:05:13+00:00","dateModified":"2023-09-02T12:17:06+00:00","breadcrumb":{"@id":"https:\/\/omnivion.net\/core\/fr\/le-temps-des-crocodiles\/#breadcrumb"},"inLanguage":"fr-FR","potentialAction":[{"@type":"ReadAction","target":["https:\/\/omnivion.net\/core\/fr\/le-temps-des-crocodiles\/"]}]},{"@type":"ImageObject","inLanguage":"fr-FR","@id":"https:\/\/omnivion.net\/core\/fr\/le-temps-des-crocodiles\/#primaryimage","url":"http:\/\/omnivion.net\/core\/wp-content\/uploads\/2023\/09\/bateau_web.jpg","contentUrl":"http:\/\/omnivion.net\/core\/wp-content\/uploads\/2023\/09\/bateau_web.jpg"},{"@type":"BreadcrumbList","@id":"https:\/\/omnivion.net\/core\/fr\/le-temps-des-crocodiles\/#breadcrumb","itemListElement":[{"@type":"ListItem","position":1,"name":"Accueil","item":"https:\/\/omnivion.net\/core\/en\/silverstorm\/"},{"@type":"ListItem","position":2,"name":"Le Temps des Crocodiles"}]},{"@type":"WebSite","@id":"https:\/\/omnivion.net\/core\/fr\/#website","url":"https:\/\/omnivion.net\/core\/fr\/","name":"omnivion.net","description":"...ARTS D&#039;\u00caTRE CORPS...","potentialAction":[{"@type":"SearchAction","target":{"@type":"EntryPoint","urlTemplate":"https:\/\/omnivion.net\/core\/fr\/?s={search_term_string}"},"query-input":{"@type":"PropertyValueSpecification","valueRequired":true,"valueName":"search_term_string"}}],"inLanguage":"fr-FR"}]}},"jetpack_sharing_enabled":true,"jetpack_shortlink":"https:\/\/wp.me\/P2fe7Q-1l2","jetpack_likes_enabled":true,"_links":{"self":[{"href":"https:\/\/omnivion.net\/core\/fr\/wp-json\/wp\/v2\/pages\/5148","targetHints":{"allow":["GET"]}}],"collection":[{"href":"https:\/\/omnivion.net\/core\/fr\/wp-json\/wp\/v2\/pages"}],"about":[{"href":"https:\/\/omnivion.net\/core\/fr\/wp-json\/wp\/v2\/types\/page"}],"author":[{"embeddable":true,"href":"https:\/\/omnivion.net\/core\/fr\/wp-json\/wp\/v2\/users\/1"}],"replies":[{"embeddable":true,"href":"https:\/\/omnivion.net\/core\/fr\/wp-json\/wp\/v2\/comments?post=5148"}],"version-history":[{"count":3,"href":"https:\/\/omnivion.net\/core\/fr\/wp-json\/wp\/v2\/pages\/5148\/revisions"}],"predecessor-version":[{"id":5152,"href":"https:\/\/omnivion.net\/core\/fr\/wp-json\/wp\/v2\/pages\/5148\/revisions\/5152"}],"wp:attachment":[{"href":"https:\/\/omnivion.net\/core\/fr\/wp-json\/wp\/v2\/media?parent=5148"}],"curies":[{"name":"wp","href":"https:\/\/api.w.org\/{rel}","templated":true}]}}