{"id":5096,"date":"2023-07-16T16:28:37","date_gmt":"2023-07-16T15:28:37","guid":{"rendered":"https:\/\/omnivion.net\/core\/?page_id=5096"},"modified":"2023-12-12T22:02:36","modified_gmt":"2023-12-12T21:02:36","slug":"stage_kapoulitsa","status":"publish","type":"page","link":"https:\/\/omnivion.net\/core\/fr\/projets\/educational-projects\/stage_kapoulitsa\/","title":{"rendered":"Stage de danse contemporaine avec Despina Kapoulitsa"},"content":{"rendered":"<p><img data-recalc-dims=\"1\" loading=\"lazy\" decoding=\"async\" class=\"alignnone size-large wp-image-5104\" src=\"https:\/\/i0.wp.com\/omnivion.net\/core\/wp-content\/uploads\/2023\/07\/D.kapoulitsa_3_web-1024x492.jpg?resize=800%2C384\" alt=\"\" width=\"800\" height=\"384\" srcset=\"https:\/\/i0.wp.com\/omnivion.net\/core\/wp-content\/uploads\/2023\/07\/D.kapoulitsa_3_web.jpg?resize=1024%2C492&amp;ssl=1 1024w, https:\/\/i0.wp.com\/omnivion.net\/core\/wp-content\/uploads\/2023\/07\/D.kapoulitsa_3_web.jpg?resize=300%2C144&amp;ssl=1 300w, https:\/\/i0.wp.com\/omnivion.net\/core\/wp-content\/uploads\/2023\/07\/D.kapoulitsa_3_web.jpg?resize=768%2C369&amp;ssl=1 768w, https:\/\/i0.wp.com\/omnivion.net\/core\/wp-content\/uploads\/2023\/07\/D.kapoulitsa_3_web.jpg?resize=1536%2C738&amp;ssl=1 1536w, https:\/\/i0.wp.com\/omnivion.net\/core\/wp-content\/uploads\/2023\/07\/D.kapoulitsa_3_web.jpg?w=1600&amp;ssl=1 1600w\" sizes=\"auto, (max-width: 800px) 100vw, 800px\" \/><\/p>\n<h1><strong>Improvisation et composition instantan\u00e9e<\/strong><\/h1>\n<p>&nbsp;<\/p>\n<p>pour ceux qui souhaitent se mettre en mouvement, danser, explorer leur expressivit\u00e9 gestuelle ou approfondir leur exp\u00e9rience de la danse.<\/p>\n<p>Lieu : Le Petit Morier, <span class=\"LrzXr\">81 Bd Jean Royer, 37000 Tours<\/span><\/p>\n<p>Dates :<\/p>\n<ul>\n<li><strong>17-18 d\u00e9cembre 2022,<\/strong> au Centre Social la Rabi\u00e8re \u00e0 Jou\u00e9-l\u00e8s-Tours (37300)<\/li>\n<li><strong>30 septembre &#8211; 1er Octobre 2023,<\/strong> au Studio du Petit Morier, Tours (37000)<\/li>\n<li><strong>Printemps 2024, <\/strong>au Petit Morier, Tours (37000)<\/li>\n<\/ul>\n<p><strong>\u00e0 reprogrammer en 2024<\/strong><\/p>\n<p>Horaires : Samedi 14H-18H \/ Dimanche 13H-17H<\/p>\n<p>Tarif\u00a0: 50\u20ac<\/p>\n<p>&nbsp;<\/p>\n<p><strong>Description :<\/strong><\/p>\n<p>Dans ce stage, \u00e0 travers le processus cr\u00e9atif de l&rsquo;improvisation, nous nous mettrons en mouvement et composerons des danses, explorant un corps \u00a0\u00bb <em>\u00e9largi dans l&rsquo;espace et le temps<\/em> \u00ab\u00a0.<\/p>\n<p>Dans la premi\u00e8re partie du cours, nous nous concentrons sur l\u2019enrichissement de la perception corporelle et de la mobilit\u00e9.<\/p>\n<p>Nous commen\u00e7ons par des duos ou des petits groupes, o\u00f9 nous produisons du mouvement chez l\u2019autre et d\u00e9veloppons un mouvement \u00ab\u00a0sans effort\u00a0\u00bb dans l&rsquo;espace.<\/p>\n<p>Ensuite, nous progressons vers l&rsquo;exploration personnelle, suivie d\u2019un partage d&rsquo;exp\u00e9riences avec le groupe. Nous nous concentrons sur les diff\u00e9rentes qualit\u00e9s de mouvement, ainsi que sur les \u00e9l\u00e9ments de temps et d&rsquo;espace du mouvement.<\/p>\n<p>Dans la deuxi\u00e8me partie, nous visons \u00e0 d\u00e9velopper nos m\u00e9thodes de composition \u00e0 l&rsquo;aide d&rsquo;outils structurels et d&rsquo;exercices.<\/p>\n<p>Nous concluons par des sessions de danse o\u00f9 nous appliquons diff\u00e9rentes m\u00e9thodes chor\u00e9graphiques, des partitions et des jeux. Nous cr\u00e9ons de petites danses improvis\u00e9es et \u00e9ph\u00e9m\u00e8res en mettant notre attention sur ce qui se passe \u00e0 chaque instant dans les espaces et les temps collectifs de chaque danse.<\/p>\n<p>Le stage serra en langue anglaise avec des traductions ponctuelles.<\/p>\n<p>&nbsp;<\/p>\n<p><strong>Bio\u00a0:<\/strong><\/p>\n<p>Despina Kapoulitsa travaille dans le domaine de la danse contemporaine \u00e0 Thessalonique, Gr\u00e8ce. Elle se consacre \u00e0 l&rsquo;enseignement de la danse contemporaine et de l&rsquo;improvisation, \u00e0 la chor\u00e9graphie et \u00e0 la recherche, tout en travaillant comme artiste ind\u00e9pendante. Elle est titulaire d&rsquo;un dipl\u00f4me d&rsquo;\u00c9tat de professeur de danse classique et contemporaine d\u00e9livr\u00e9 par le Minist\u00e8re Grec de la Culture et d&rsquo;un Master en Chor\u00e9graphie de l\u2019Universit\u00e9 Fontys aux Pays-Bas. Elle a aussi une licence en Droit et a suivi des \u00e9tudes post-gradu\u00e9es \u00e0 l&rsquo;universit\u00e9 Aristote de Thessalonique. Sa recherche artistique se concentre sur l&rsquo;approche et le d\u00e9veloppement d&rsquo;un corps en constante expansion dans le temps et l&rsquo;espace \u00e0 travers la cr\u00e9ation de m\u00e9thodes chor\u00e9graphiques bas\u00e9es sur l&rsquo;application et l&rsquo;extension des principes des pratiques somatiques.\u00a0 En tant que chor\u00e9graphe, elle a cr\u00e9\u00e9 et interpr\u00e9t\u00e9 des chor\u00e9graphies de groupe et des soli dans le cadre de divers festivals, tels que la 14e Biennale des jeunes artistes d&rsquo;Europe et de la M\u00e9diterran\u00e9e, la 51e Dimitria, le Festival de la For\u00eat du Th\u00e9\u00e2tre d&rsquo;\u00c9tat de la Gr\u00e8ce du Nord, et a collabor\u00e9 avec des groupes de danse et de th\u00e9\u00e2tre, ainsi qu&rsquo;avec des artistes ind\u00e9pendants. Elle est l&rsquo;une des membres fondateurs du groupe d&rsquo;arts du spectacle Random Magnetic Moment, qui se consacre \u00e0 la recherche cin\u00e9tique et \u00e0 la cr\u00e9ation de spectacles d&rsquo;improvisation et de composition en temps r\u00e9el, dans des espaces int\u00e9rieurs comme ext\u00e9rieurs, en collaboration avec des musiciens et des artistes visuels. Elle enseigne les techniques de danse contemporaine et l&rsquo;improvisation dans des \u00e9coles de danse professionnelles, des lieux de performance et \u00e0 l&rsquo;\u00e9cole d&rsquo;art d&rsquo;Ambelokipon Dimitris Horn \u00e0 Thessalonique.<\/p>\n<p>&nbsp;<\/p>","protected":false},"excerpt":{"rendered":"<p>Improvisation et composition instantan\u00e9e &nbsp; pour ceux qui souhaitent se mettre en mouvement, [&hellip;]<\/p>\n","protected":false},"author":1,"featured_media":0,"parent":63,"menu_order":0,"comment_status":"closed","ping_status":"closed","template":"","meta":{"jetpack_post_was_ever_published":false,"footnotes":""},"class_list":["post-5096","page","type-page","status-publish","hentry"],"yoast_head":"<!-- This site is optimized with the Yoast SEO plugin v26.8 - https:\/\/yoast.com\/product\/yoast-seo-wordpress\/ -->\n<title>Stage de danse contemporaine avec Despina Kapoulitsa - omnivion.net<\/title>\n<meta name=\"robots\" content=\"index, follow, max-snippet:-1, max-image-preview:large, max-video-preview:-1\" \/>\n<link rel=\"canonical\" href=\"https:\/\/omnivion.net\/core\/fr\/projets\/educational-projects\/stage_kapoulitsa\/\" \/>\n<meta property=\"og:locale\" content=\"fr_FR\" \/>\n<meta property=\"og:type\" content=\"article\" \/>\n<meta property=\"og:title\" content=\"Un petit stage pour bien commencer la saison?\" \/>\n<meta property=\"og:description\" content=\"Improvisation et composition instantan\u00e9e avec Despina Kapoulitsa \u00e0 Tours!\" \/>\n<meta property=\"og:url\" content=\"https:\/\/omnivion.net\/core\/fr\/projets\/educational-projects\/stage_kapoulitsa\/\" \/>\n<meta property=\"og:site_name\" content=\"omnivion.net\" \/>\n<meta property=\"article:modified_time\" content=\"2023-12-12T21:02:36+00:00\" \/>\n<meta property=\"og:image\" content=\"https:\/\/i0.wp.com\/omnivion.net\/core\/wp-content\/uploads\/2023\/07\/D.kapoulitsa_3_web.jpg?fit=1600%2C769&ssl=1\" \/>\n\t<meta property=\"og:image:width\" content=\"1600\" \/>\n\t<meta property=\"og:image:height\" content=\"769\" \/>\n\t<meta property=\"og:image:type\" content=\"image\/jpeg\" \/>\n<meta name=\"twitter:card\" content=\"summary_large_image\" \/>\n<meta name=\"twitter:label1\" content=\"Dur\u00e9e de lecture estim\u00e9e\" \/>\n\t<meta name=\"twitter:data1\" content=\"3 minutes\" \/>\n<script type=\"application\/ld+json\" class=\"yoast-schema-graph\">{\"@context\":\"https:\/\/schema.org\",\"@graph\":[{\"@type\":\"WebPage\",\"@id\":\"https:\/\/omnivion.net\/core\/fr\/projets\/educational-projects\/stage_kapoulitsa\/\",\"url\":\"https:\/\/omnivion.net\/core\/fr\/projets\/educational-projects\/stage_kapoulitsa\/\",\"name\":\"Stage de danse contemporaine avec Despina Kapoulitsa - omnivion.net\",\"isPartOf\":{\"@id\":\"https:\/\/omnivion.net\/core\/fr\/#website\"},\"primaryImageOfPage\":{\"@id\":\"https:\/\/omnivion.net\/core\/fr\/projets\/educational-projects\/stage_kapoulitsa\/#primaryimage\"},\"image\":{\"@id\":\"https:\/\/omnivion.net\/core\/fr\/projets\/educational-projects\/stage_kapoulitsa\/#primaryimage\"},\"thumbnailUrl\":\"http:\/\/omnivion.net\/core\/wp-content\/uploads\/2023\/07\/D.kapoulitsa_3_web-1024x492.jpg\",\"datePublished\":\"2023-07-16T15:28:37+00:00\",\"dateModified\":\"2023-12-12T21:02:36+00:00\",\"breadcrumb\":{\"@id\":\"https:\/\/omnivion.net\/core\/fr\/projets\/educational-projects\/stage_kapoulitsa\/#breadcrumb\"},\"inLanguage\":\"fr-FR\",\"potentialAction\":[{\"@type\":\"ReadAction\",\"target\":[\"https:\/\/omnivion.net\/core\/fr\/projets\/educational-projects\/stage_kapoulitsa\/\"]}]},{\"@type\":\"ImageObject\",\"inLanguage\":\"fr-FR\",\"@id\":\"https:\/\/omnivion.net\/core\/fr\/projets\/educational-projects\/stage_kapoulitsa\/#primaryimage\",\"url\":\"http:\/\/omnivion.net\/core\/wp-content\/uploads\/2023\/07\/D.kapoulitsa_3_web-1024x492.jpg\",\"contentUrl\":\"http:\/\/omnivion.net\/core\/wp-content\/uploads\/2023\/07\/D.kapoulitsa_3_web-1024x492.jpg\"},{\"@type\":\"BreadcrumbList\",\"@id\":\"https:\/\/omnivion.net\/core\/fr\/projets\/educational-projects\/stage_kapoulitsa\/#breadcrumb\",\"itemListElement\":[{\"@type\":\"ListItem\",\"position\":1,\"name\":\"Accueil\",\"item\":\"https:\/\/omnivion.net\/core\/en\/silverstorm\/\"},{\"@type\":\"ListItem\",\"position\":2,\"name\":\"Projets\",\"item\":\"https:\/\/omnivion.net\/core\/fr\/projets\/\"},{\"@type\":\"ListItem\",\"position\":3,\"name\":\"Projets Educatifs\",\"item\":\"https:\/\/omnivion.net\/core\/projets\/educational-projects\/\"},{\"@type\":\"ListItem\",\"position\":4,\"name\":\"Stage de danse contemporaine avec Despina Kapoulitsa\"}]},{\"@type\":\"WebSite\",\"@id\":\"https:\/\/omnivion.net\/core\/fr\/#website\",\"url\":\"https:\/\/omnivion.net\/core\/fr\/\",\"name\":\"omnivion.net\",\"description\":\"...ARTS D&#039;\u00caTRE CORPS...\",\"potentialAction\":[{\"@type\":\"SearchAction\",\"target\":{\"@type\":\"EntryPoint\",\"urlTemplate\":\"https:\/\/omnivion.net\/core\/fr\/?s={search_term_string}\"},\"query-input\":{\"@type\":\"PropertyValueSpecification\",\"valueRequired\":true,\"valueName\":\"search_term_string\"}}],\"inLanguage\":\"fr-FR\"}]}<\/script>\n<!-- \/ Yoast SEO plugin. -->","yoast_head_json":{"title":"Stage de danse contemporaine avec Despina Kapoulitsa - omnivion.net","robots":{"index":"index","follow":"follow","max-snippet":"max-snippet:-1","max-image-preview":"max-image-preview:large","max-video-preview":"max-video-preview:-1"},"canonical":"https:\/\/omnivion.net\/core\/fr\/projets\/educational-projects\/stage_kapoulitsa\/","og_locale":"fr_FR","og_type":"article","og_title":"Un petit stage pour bien commencer la saison?","og_description":"Improvisation et composition instantan\u00e9e avec Despina Kapoulitsa \u00e0 Tours!","og_url":"https:\/\/omnivion.net\/core\/fr\/projets\/educational-projects\/stage_kapoulitsa\/","og_site_name":"omnivion.net","article_modified_time":"2023-12-12T21:02:36+00:00","og_image":[{"width":1600,"height":769,"url":"https:\/\/i0.wp.com\/omnivion.net\/core\/wp-content\/uploads\/2023\/07\/D.kapoulitsa_3_web.jpg?fit=1600%2C769&ssl=1","type":"image\/jpeg"}],"twitter_card":"summary_large_image","twitter_misc":{"Dur\u00e9e de lecture estim\u00e9e":"3 minutes"},"schema":{"@context":"https:\/\/schema.org","@graph":[{"@type":"WebPage","@id":"https:\/\/omnivion.net\/core\/fr\/projets\/educational-projects\/stage_kapoulitsa\/","url":"https:\/\/omnivion.net\/core\/fr\/projets\/educational-projects\/stage_kapoulitsa\/","name":"Stage de danse contemporaine avec Despina Kapoulitsa - omnivion.net","isPartOf":{"@id":"https:\/\/omnivion.net\/core\/fr\/#website"},"primaryImageOfPage":{"@id":"https:\/\/omnivion.net\/core\/fr\/projets\/educational-projects\/stage_kapoulitsa\/#primaryimage"},"image":{"@id":"https:\/\/omnivion.net\/core\/fr\/projets\/educational-projects\/stage_kapoulitsa\/#primaryimage"},"thumbnailUrl":"http:\/\/omnivion.net\/core\/wp-content\/uploads\/2023\/07\/D.kapoulitsa_3_web-1024x492.jpg","datePublished":"2023-07-16T15:28:37+00:00","dateModified":"2023-12-12T21:02:36+00:00","breadcrumb":{"@id":"https:\/\/omnivion.net\/core\/fr\/projets\/educational-projects\/stage_kapoulitsa\/#breadcrumb"},"inLanguage":"fr-FR","potentialAction":[{"@type":"ReadAction","target":["https:\/\/omnivion.net\/core\/fr\/projets\/educational-projects\/stage_kapoulitsa\/"]}]},{"@type":"ImageObject","inLanguage":"fr-FR","@id":"https:\/\/omnivion.net\/core\/fr\/projets\/educational-projects\/stage_kapoulitsa\/#primaryimage","url":"http:\/\/omnivion.net\/core\/wp-content\/uploads\/2023\/07\/D.kapoulitsa_3_web-1024x492.jpg","contentUrl":"http:\/\/omnivion.net\/core\/wp-content\/uploads\/2023\/07\/D.kapoulitsa_3_web-1024x492.jpg"},{"@type":"BreadcrumbList","@id":"https:\/\/omnivion.net\/core\/fr\/projets\/educational-projects\/stage_kapoulitsa\/#breadcrumb","itemListElement":[{"@type":"ListItem","position":1,"name":"Accueil","item":"https:\/\/omnivion.net\/core\/en\/silverstorm\/"},{"@type":"ListItem","position":2,"name":"Projets","item":"https:\/\/omnivion.net\/core\/fr\/projets\/"},{"@type":"ListItem","position":3,"name":"Projets Educatifs","item":"https:\/\/omnivion.net\/core\/projets\/educational-projects\/"},{"@type":"ListItem","position":4,"name":"Stage de danse contemporaine avec Despina Kapoulitsa"}]},{"@type":"WebSite","@id":"https:\/\/omnivion.net\/core\/fr\/#website","url":"https:\/\/omnivion.net\/core\/fr\/","name":"omnivion.net","description":"...ARTS D&#039;\u00caTRE CORPS...","potentialAction":[{"@type":"SearchAction","target":{"@type":"EntryPoint","urlTemplate":"https:\/\/omnivion.net\/core\/fr\/?s={search_term_string}"},"query-input":{"@type":"PropertyValueSpecification","valueRequired":true,"valueName":"search_term_string"}}],"inLanguage":"fr-FR"}]}},"jetpack_sharing_enabled":true,"jetpack_shortlink":"https:\/\/wp.me\/P2fe7Q-1kc","jetpack_likes_enabled":true,"_links":{"self":[{"href":"https:\/\/omnivion.net\/core\/fr\/wp-json\/wp\/v2\/pages\/5096","targetHints":{"allow":["GET"]}}],"collection":[{"href":"https:\/\/omnivion.net\/core\/fr\/wp-json\/wp\/v2\/pages"}],"about":[{"href":"https:\/\/omnivion.net\/core\/fr\/wp-json\/wp\/v2\/types\/page"}],"author":[{"embeddable":true,"href":"https:\/\/omnivion.net\/core\/fr\/wp-json\/wp\/v2\/users\/1"}],"replies":[{"embeddable":true,"href":"https:\/\/omnivion.net\/core\/fr\/wp-json\/wp\/v2\/comments?post=5096"}],"version-history":[{"count":8,"href":"https:\/\/omnivion.net\/core\/fr\/wp-json\/wp\/v2\/pages\/5096\/revisions"}],"predecessor-version":[{"id":5206,"href":"https:\/\/omnivion.net\/core\/fr\/wp-json\/wp\/v2\/pages\/5096\/revisions\/5206"}],"up":[{"embeddable":true,"href":"https:\/\/omnivion.net\/core\/fr\/wp-json\/wp\/v2\/pages\/63"}],"wp:attachment":[{"href":"https:\/\/omnivion.net\/core\/fr\/wp-json\/wp\/v2\/media?parent=5096"}],"curies":[{"name":"wp","href":"https:\/\/api.w.org\/{rel}","templated":true}]}}