{"id":5071,"date":"2023-07-13T22:48:26","date_gmt":"2023-07-13T21:48:26","guid":{"rendered":"https:\/\/omnivion.net\/core\/?page_id=5071"},"modified":"2024-12-16T20:54:47","modified_gmt":"2024-12-16T19:54:47","slug":"retroversions_newt-11","status":"publish","type":"page","link":"https:\/\/omnivion.net\/core\/fr\/projets\/projets-artistiques\/retroversions_newt-11\/","title":{"rendered":"R\u00c9TROVERSIONS &#038; NEUTOPIES \/ NEWTOPIA 11"},"content":{"rendered":"<p><div id=\"attachment_5269\" style=\"width: 810px\" class=\"wp-caption alignnone\"><img data-recalc-dims=\"1\" loading=\"lazy\" decoding=\"async\" aria-describedby=\"caption-attachment-5269\" class=\"size-full wp-image-5269\" src=\"https:\/\/i0.wp.com\/omnivion.net\/core\/wp-content\/uploads\/2024\/02\/%C2%A9-Bernard-DURET-19_edit_web.jpg?resize=800%2C472\" alt=\"\" width=\"800\" height=\"472\" srcset=\"https:\/\/i0.wp.com\/omnivion.net\/core\/wp-content\/uploads\/2024\/02\/%C2%A9-Bernard-DURET-19_edit_web.jpg?w=800&amp;ssl=1 800w, https:\/\/i0.wp.com\/omnivion.net\/core\/wp-content\/uploads\/2024\/02\/%C2%A9-Bernard-DURET-19_edit_web.jpg?resize=300%2C177&amp;ssl=1 300w, https:\/\/i0.wp.com\/omnivion.net\/core\/wp-content\/uploads\/2024\/02\/%C2%A9-Bernard-DURET-19_edit_web.jpg?resize=768%2C453&amp;ssl=1 768w\" sizes=\"auto, (max-width: 800px) 100vw, 800px\" \/><p id=\"caption-attachment-5269\" class=\"wp-caption-text\">Photo par Bernard DURET<\/p><\/div><\/p>\n<p>&nbsp;<\/p>\n<p><strong><em>R\u00c9TROVERSIONS &amp; NEUTOPIES <\/em>se con\u00e7oit comme une r\u00e9trospective festive des 10 derni\u00e8res ann\u00e9es d\u2019aventures chor\u00e9graphiques inclusives <em>Newtopia \/ <\/em>Danse et Psychisme<\/strong>, en Touraine et ailleurs.<\/p>\n<p>Dimitri Tsiapkinis dirige ces projets inclusifs avec la complicit\u00e9 de l\u2019\u00e9quipe d\u2019Omnivion, un groupe compos\u00e9 d\u2019artistes professionnels et amateurs, certains souffrant de psychopathologies. Sont envisag\u00e9s une nouvelle cr\u00e9ation de danse-th\u00e9\u00e2tre, une exposition photographique, une projection de film, des performances et stages dans l\u2019esprit<strong> inclusif et solidaire.<\/strong> <strong>Des projets chor\u00e9graphiques et artistiques <em>inclusifs<\/em> d\u00e9velopp\u00e9s autour de la conviction que la danse participe \u00e0 l\u2019\u00e9panouissement de soi et de la communaut\u00e9.<\/strong> De Newtopia 1 jusqu\u2019\u00e0 Newtopia 10, l\u2019univers d\u2019Omnivion a \u00e9t\u00e9 partag\u00e9 dans des lieux du patrimoine de la Touraine, comme la Chapelle des Fr\u00e8res Mineurs, la Chapelle Sainte Anne, le CCN de Tours, les H\u00f4pitaux du CHU, la Pl\u00e9iade \u00e0 la Riche, le Centre Social la Rabi\u00e8re \u00e0 Jou\u00e9-l\u00e8s-Tours, la Rabouilleuse \u00c9cole de Loire, les Cin\u00e9mas Studio, la Salle Villeret aux Fontaines, la Croix Rouge \u00e0 Chambray-l\u00e8s-Tours, le Centre Social Gentiana, le Vodanum \u00e0 Rochecorbon et le Petit Morier.<\/p>\n<p>Un projet qui s\u2019inscrit dans le champ de la cr\u00e9ation m\u00e9ta-moderne et questionne des notions comme <strong><em>corps sensible, maladie psychique, handicap mental, int\u00e9gration sociale et cr\u00e9ation artistique inclusive<\/em><\/strong>.<\/p>\n<p><strong>La Compagnie Omnivion cherche \u00e0 inventer des danses, des p\u00e9dagogies nouvelles qui sont toujours en qu\u00eate de liens sociaux pour les personnes souffrant de psychopathologies. L\u2019axe central de ces approches est l&rsquo;exploration de <em>l\u2019expressivit\u00e9 du corps sensible<\/em> dans le contexte hospitalier psychiatrique, les EHPAD et EME et leurs liens avec le monde ext\u00e9rieur<\/strong>. Ces pr\u00e9occupations artistiques et culturelles co\u00efncident avec celles du programme national <strong><u>Culture et Sant\u00e9 (1999) et Culture et Handicap (2005)<\/u><\/strong> : donner acc\u00e8s \u00e0 la culture aux personnes hospitalis\u00e9es ou emp\u00each\u00e9es, dans un objectif de <strong><u>transformation et d\u2019humanisation des soins<\/u><\/strong>, mais aussi aux personnes souffrant d\u2019autres handicaps : d\u00e9mocratiser l\u2019acc\u00e8s \u00e0 l\u2019art et la culture, transmettre une ouverture de nos capacit\u00e9s de cr\u00e9ation, et <strong><u>promouvoir l\u2019empathie et la solidarit\u00e9<\/u><\/strong> entre diff\u00e9rents groupes sociaux.<\/p>\n<p>Le travail artistique et p\u00e9dagogique <strong><em>10 ans Newtopia<\/em><\/strong> \/ <strong><em>R\u00e9troversions &amp; Neutopies<\/em><\/strong> s\u2019adresse \u00e0 des personnes hospitalis\u00e9es et\/ou suivies en milieu psychiatrique, EME ou EHPAD, une partie de l\u2019\u00e9quipe soignante, des danseurs professionnels et amateurs, et autres artistes qui ont exprim\u00e9 un d\u00e9sir de pratiquer leur art aupr\u00e8s de cette population. <strong>Une entreprise collaborative qui vise \u00e0 la cr\u00e9ation artistique solidaire. Une mise en commun des moyens d\u2019expression et de la cr\u00e9ativit\u00e9 pour stimuler l\u2019authenticit\u00e9, les \u00e9changes sociaux et la citoyennet\u00e9 tout en gagnant de la confiance en soi et dans le monde.<\/strong><\/p>\n<p><strong><em>\u00a0<\/em><\/strong><\/p>\n<p><strong>PROGRAMME :<\/strong><\/p>\n<p>&nbsp;<\/p>\n<p><strong>\u2013 18 f\u00e9vrier 2023 : <a href=\"https:\/\/omnivion.net\/core\/projets\/projets-artistiques\/retroversions_newt-11\/newt11-1\/\"><em>R\u00e9troversions &amp; Neutopies<\/em> \/ Newtopia 11.1<\/a>, <\/strong>au Cimeti\u00e8re de St. Michael Gemeinde, Berlin (12049)<\/p>\n<p><strong>\u2013 7 octobre 2023 : <a href=\"https:\/\/omnivion.net\/core\/projets\/projets-artistiques\/retroversions_newt-11\/traces-urbaines\/\"><em>Traces Urbaines<\/em> \/ Newtopia 11.2<\/a>,<\/strong> au March\u00e9 Beaujardin, Tours (37000)<\/p>\n<p><strong>\u2013 19 nov. 2023 : <a href=\"https:\/\/omnivion.net\/core\/projets\/projets-artistiques\/retroversions_newt-11\/traces-urbaines\/\"><em>Traces Urbaines II<\/em> \/ Newtopia 11.3<\/a>, <\/strong>au et March\u00e9 Velpeau, Tours (37000)<\/p>\n<p><strong>\u2013 14 f\u00e9vrier 2024 : <a href=\"https:\/\/omnivion.net\/core\/projets\/projets-artistiques\/retroversions_newt-11\/newt_11-4\/\"><em>R\u00e9troversions &amp; Neutopies<\/em> \/ Newtopia 11.4<\/a>, <\/strong>performances \u00e0 l\u2019h\u00f4pital Trousseau, St. Avertin\u00a0(37550)<\/p>\n<p><strong>\u2013 6 &amp; 13 avril 2024 : <a href=\"https:\/\/omnivion.net\/core\/projets\/projets-artistiques\/retroversions_newt-11\/recycle10\/\">Re-CYCLE Dix \/ Newtopia 11.5<\/a>,<\/strong> au Centre Social Pluriel(le)s, Tours (37000)<\/p>\n<p>&nbsp;<\/p>\n<p><strong>\/\/\/\/\/\/\/\/\/\/\/\/\/\/\/\/\/\/\/\/\/\/\/\/\/\/\/\/\/\/\/\/\/\/\/\/\/\/\/\/\/\/\/\/\/\/\/\/\/\/\/\/\/\/\/\/\/\/\/\/\/\/\/\/\/\/\/\/\/\/\/\/\/\/\/\/\/\/\/\/\/\/\/\/\/\/\/\/\/\/\/\/\/\/\/\/\/\/\/\/\/\/<\/strong><\/p>\n<p><strong>Partenaires et financement : DRAC et ARS Centre, Fonds de dotation Transept2, CHU de Tours, Ville de Tours, <\/strong><a href=\"https:\/\/www.inicea.fr\/pole-de-sante-mentale-la-confluence-saint-cyr-sur-loire\"><strong>P\u00f4le de sant\u00e9 la Conflunce<\/strong><\/a><strong>, IME de Reugny, APAJH37, Magazine Trakt, la Rabouilleuse \/ \u00c9cole de Loire, Centre Social la Rabi\u00e8re, <\/strong><a href=\"https:\/\/www.csplurielles.fr\/\"><strong>Centre Social Plurielles<\/strong><\/a><strong>.<\/strong><\/p>\n<p>&nbsp;<\/p>\n<p>&nbsp;<\/p>\n<p><em><strong>\u00a0<\/strong><\/em><\/p>\n<p>&nbsp;<\/p>","protected":false},"excerpt":{"rendered":"<p>&nbsp; R\u00c9TROVERSIONS &amp; NEUTOPIES se con\u00e7oit comme une r\u00e9trospective festive des 10 derni\u00e8res [&hellip;]<\/p>\n","protected":false},"author":1,"featured_media":0,"parent":60,"menu_order":0,"comment_status":"closed","ping_status":"closed","template":"","meta":{"jetpack_post_was_ever_published":false,"footnotes":""},"class_list":["post-5071","page","type-page","status-publish","hentry"],"yoast_head":"<!-- This site is optimized with the Yoast SEO plugin v26.8 - https:\/\/yoast.com\/product\/yoast-seo-wordpress\/ -->\n<title>R\u00c9TROVERSIONS &amp; NEUTOPIES \/ NEWTOPIA 11 - omnivion.net<\/title>\n<meta name=\"robots\" content=\"index, follow, max-snippet:-1, max-image-preview:large, max-video-preview:-1\" \/>\n<link rel=\"canonical\" href=\"https:\/\/omnivion.net\/core\/fr\/projets\/projets-artistiques\/retroversions_newt-11\/\" \/>\n<meta property=\"og:locale\" content=\"fr_FR\" \/>\n<meta property=\"og:type\" content=\"article\" \/>\n<meta property=\"og:title\" content=\"RETROVERSIONS &amp; NEUTOPIES \/ DANSONS!\" \/>\n<meta property=\"og:description\" content=\"R\u00e9trospective festive des 10 derni\u00e8res ann\u00e9es d\u2019aventures chor\u00e9graphiques inclusives Newtopia \/ Danse et Psychisme\" \/>\n<meta property=\"og:url\" content=\"https:\/\/omnivion.net\/core\/fr\/projets\/projets-artistiques\/retroversions_newt-11\/\" \/>\n<meta property=\"og:site_name\" content=\"omnivion.net\" \/>\n<meta property=\"article:modified_time\" content=\"2024-12-16T19:54:47+00:00\" \/>\n<meta property=\"og:image\" content=\"https:\/\/omnivion.net\/core\/wp-content\/uploads\/2024\/02\/\u00a9-Bernard-DURET-19_edit_web.jpg\" \/>\n\t<meta property=\"og:image:width\" content=\"800\" \/>\n\t<meta property=\"og:image:height\" content=\"472\" \/>\n\t<meta property=\"og:image:type\" content=\"image\/jpeg\" \/>\n<meta name=\"twitter:card\" content=\"summary_large_image\" \/>\n<meta name=\"twitter:label1\" content=\"Dur\u00e9e de lecture estim\u00e9e\" \/>\n\t<meta name=\"twitter:data1\" content=\"3 minutes\" \/>\n<script type=\"application\/ld+json\" class=\"yoast-schema-graph\">{\"@context\":\"https:\/\/schema.org\",\"@graph\":[{\"@type\":\"WebPage\",\"@id\":\"https:\/\/omnivion.net\/core\/fr\/projets\/projets-artistiques\/retroversions_newt-11\/\",\"url\":\"https:\/\/omnivion.net\/core\/fr\/projets\/projets-artistiques\/retroversions_newt-11\/\",\"name\":\"R\u00c9TROVERSIONS & NEUTOPIES \/ NEWTOPIA 11 - omnivion.net\",\"isPartOf\":{\"@id\":\"https:\/\/omnivion.net\/core\/fr\/#website\"},\"datePublished\":\"2023-07-13T21:48:26+00:00\",\"dateModified\":\"2024-12-16T19:54:47+00:00\",\"breadcrumb\":{\"@id\":\"https:\/\/omnivion.net\/core\/fr\/projets\/projets-artistiques\/retroversions_newt-11\/#breadcrumb\"},\"inLanguage\":\"fr-FR\",\"potentialAction\":[{\"@type\":\"ReadAction\",\"target\":[\"https:\/\/omnivion.net\/core\/fr\/projets\/projets-artistiques\/retroversions_newt-11\/\"]}]},{\"@type\":\"BreadcrumbList\",\"@id\":\"https:\/\/omnivion.net\/core\/fr\/projets\/projets-artistiques\/retroversions_newt-11\/#breadcrumb\",\"itemListElement\":[{\"@type\":\"ListItem\",\"position\":1,\"name\":\"Accueil\",\"item\":\"https:\/\/omnivion.net\/core\/en\/silverstorm\/\"},{\"@type\":\"ListItem\",\"position\":2,\"name\":\"Projets\",\"item\":\"https:\/\/omnivion.net\/core\/fr\/projets\/\"},{\"@type\":\"ListItem\",\"position\":3,\"name\":\"Projets Artistiques\",\"item\":\"https:\/\/omnivion.net\/core\/projets\/projets-artistiques\/\"},{\"@type\":\"ListItem\",\"position\":4,\"name\":\"R\u00c9TROVERSIONS &#038; NEUTOPIES \/ NEWTOPIA 11\"}]},{\"@type\":\"WebSite\",\"@id\":\"https:\/\/omnivion.net\/core\/fr\/#website\",\"url\":\"https:\/\/omnivion.net\/core\/fr\/\",\"name\":\"omnivion.net\",\"description\":\"...ARTS D&#039;\u00caTRE CORPS...\",\"potentialAction\":[{\"@type\":\"SearchAction\",\"target\":{\"@type\":\"EntryPoint\",\"urlTemplate\":\"https:\/\/omnivion.net\/core\/fr\/?s={search_term_string}\"},\"query-input\":{\"@type\":\"PropertyValueSpecification\",\"valueRequired\":true,\"valueName\":\"search_term_string\"}}],\"inLanguage\":\"fr-FR\"}]}<\/script>\n<!-- \/ Yoast SEO plugin. -->","yoast_head_json":{"title":"R\u00c9TROVERSIONS & NEUTOPIES \/ NEWTOPIA 11 - omnivion.net","robots":{"index":"index","follow":"follow","max-snippet":"max-snippet:-1","max-image-preview":"max-image-preview:large","max-video-preview":"max-video-preview:-1"},"canonical":"https:\/\/omnivion.net\/core\/fr\/projets\/projets-artistiques\/retroversions_newt-11\/","og_locale":"fr_FR","og_type":"article","og_title":"RETROVERSIONS & NEUTOPIES \/ DANSONS!","og_description":"R\u00e9trospective festive des 10 derni\u00e8res ann\u00e9es d\u2019aventures chor\u00e9graphiques inclusives Newtopia \/ Danse et Psychisme","og_url":"https:\/\/omnivion.net\/core\/fr\/projets\/projets-artistiques\/retroversions_newt-11\/","og_site_name":"omnivion.net","article_modified_time":"2024-12-16T19:54:47+00:00","og_image":[{"width":800,"height":472,"url":"https:\/\/omnivion.net\/core\/wp-content\/uploads\/2024\/02\/\u00a9-Bernard-DURET-19_edit_web.jpg","type":"image\/jpeg"}],"twitter_card":"summary_large_image","twitter_misc":{"Dur\u00e9e de lecture estim\u00e9e":"3 minutes"},"schema":{"@context":"https:\/\/schema.org","@graph":[{"@type":"WebPage","@id":"https:\/\/omnivion.net\/core\/fr\/projets\/projets-artistiques\/retroversions_newt-11\/","url":"https:\/\/omnivion.net\/core\/fr\/projets\/projets-artistiques\/retroversions_newt-11\/","name":"R\u00c9TROVERSIONS & NEUTOPIES \/ NEWTOPIA 11 - omnivion.net","isPartOf":{"@id":"https:\/\/omnivion.net\/core\/fr\/#website"},"datePublished":"2023-07-13T21:48:26+00:00","dateModified":"2024-12-16T19:54:47+00:00","breadcrumb":{"@id":"https:\/\/omnivion.net\/core\/fr\/projets\/projets-artistiques\/retroversions_newt-11\/#breadcrumb"},"inLanguage":"fr-FR","potentialAction":[{"@type":"ReadAction","target":["https:\/\/omnivion.net\/core\/fr\/projets\/projets-artistiques\/retroversions_newt-11\/"]}]},{"@type":"BreadcrumbList","@id":"https:\/\/omnivion.net\/core\/fr\/projets\/projets-artistiques\/retroversions_newt-11\/#breadcrumb","itemListElement":[{"@type":"ListItem","position":1,"name":"Accueil","item":"https:\/\/omnivion.net\/core\/en\/silverstorm\/"},{"@type":"ListItem","position":2,"name":"Projets","item":"https:\/\/omnivion.net\/core\/fr\/projets\/"},{"@type":"ListItem","position":3,"name":"Projets Artistiques","item":"https:\/\/omnivion.net\/core\/projets\/projets-artistiques\/"},{"@type":"ListItem","position":4,"name":"R\u00c9TROVERSIONS &#038; NEUTOPIES \/ NEWTOPIA 11"}]},{"@type":"WebSite","@id":"https:\/\/omnivion.net\/core\/fr\/#website","url":"https:\/\/omnivion.net\/core\/fr\/","name":"omnivion.net","description":"...ARTS D&#039;\u00caTRE CORPS...","potentialAction":[{"@type":"SearchAction","target":{"@type":"EntryPoint","urlTemplate":"https:\/\/omnivion.net\/core\/fr\/?s={search_term_string}"},"query-input":{"@type":"PropertyValueSpecification","valueRequired":true,"valueName":"search_term_string"}}],"inLanguage":"fr-FR"}]}},"jetpack_sharing_enabled":true,"jetpack_shortlink":"https:\/\/wp.me\/P2fe7Q-1jN","jetpack_likes_enabled":true,"_links":{"self":[{"href":"https:\/\/omnivion.net\/core\/fr\/wp-json\/wp\/v2\/pages\/5071","targetHints":{"allow":["GET"]}}],"collection":[{"href":"https:\/\/omnivion.net\/core\/fr\/wp-json\/wp\/v2\/pages"}],"about":[{"href":"https:\/\/omnivion.net\/core\/fr\/wp-json\/wp\/v2\/types\/page"}],"author":[{"embeddable":true,"href":"https:\/\/omnivion.net\/core\/fr\/wp-json\/wp\/v2\/users\/1"}],"replies":[{"embeddable":true,"href":"https:\/\/omnivion.net\/core\/fr\/wp-json\/wp\/v2\/comments?post=5071"}],"version-history":[{"count":19,"href":"https:\/\/omnivion.net\/core\/fr\/wp-json\/wp\/v2\/pages\/5071\/revisions"}],"predecessor-version":[{"id":5506,"href":"https:\/\/omnivion.net\/core\/fr\/wp-json\/wp\/v2\/pages\/5071\/revisions\/5506"}],"up":[{"embeddable":true,"href":"https:\/\/omnivion.net\/core\/fr\/wp-json\/wp\/v2\/pages\/60"}],"wp:attachment":[{"href":"https:\/\/omnivion.net\/core\/fr\/wp-json\/wp\/v2\/media?parent=5071"}],"curies":[{"name":"wp","href":"https:\/\/api.w.org\/{rel}","templated":true}]}}