{"id":5068,"date":"2023-07-13T22:50:09","date_gmt":"2023-07-13T21:50:09","guid":{"rendered":"https:\/\/omnivion.net\/core\/?page_id=5068"},"modified":"2023-07-16T16:41:42","modified_gmt":"2023-07-16T15:41:42","slug":"newt11-1","status":"publish","type":"page","link":"https:\/\/omnivion.net\/core\/fr\/projets\/projets-artistiques\/retroversions_newt-11\/newt11-1\/","title":{"rendered":"O TRACES \/ RETROVERSIONS &#038; NEUTOPIES \/ NEWTOPIA 11.1"},"content":{"rendered":"<p>&nbsp;<\/p>\n<p>&nbsp;<\/p>\n<div id=\"attachment_5081\" style=\"width: 810px\" class=\"wp-caption alignnone\"><img data-recalc-dims=\"1\" loading=\"lazy\" decoding=\"async\" aria-describedby=\"caption-attachment-5081\" class=\"size-full wp-image-5081\" src=\"https:\/\/i0.wp.com\/omnivion.net\/core\/wp-content\/uploads\/2023\/07\/2023-02-18_NEWTOPIA-11.1_BERLIN_30b_web.png?resize=800%2C378\" alt=\"\" width=\"800\" height=\"378\" srcset=\"https:\/\/i0.wp.com\/omnivion.net\/core\/wp-content\/uploads\/2023\/07\/2023-02-18_NEWTOPIA-11.1_BERLIN_30b_web.png?w=800&amp;ssl=1 800w, https:\/\/i0.wp.com\/omnivion.net\/core\/wp-content\/uploads\/2023\/07\/2023-02-18_NEWTOPIA-11.1_BERLIN_30b_web.png?resize=300%2C142&amp;ssl=1 300w, https:\/\/i0.wp.com\/omnivion.net\/core\/wp-content\/uploads\/2023\/07\/2023-02-18_NEWTOPIA-11.1_BERLIN_30b_web.png?resize=768%2C363&amp;ssl=1 768w\" sizes=\"auto, (max-width: 800px) 100vw, 800px\" \/><p id=\"caption-attachment-5081\" class=\"wp-caption-text\"><span style=\"font-size: 10pt;\">Photo par Dimitri Tsiapkinis<\/span><\/p><\/div>\n<p>&nbsp;<\/p>\n<p><strong>Performance de danse contemporaine sur le rapport aux souvenirs des \u00e9v\u00e9nements marquants. Une \u00e9tude qui relie la th\u00e9matique de Newtopia 10 \u2013 la mort \u2013 avec la th\u00e9matique de Newtopia 11 \u2013 la trace.<\/strong><\/p>\n<p>Le fil conducteur, en r\u00e9sonance avec Newtopia, demeure le rapport entre danse et psychisme. Contempler, habiter un lieu tout en stimulant sa kinesth\u00e9sie et laisser venir le geste : une tentative de catharsis en douceur, ou tout simplement une reconnexion avec l\u2019\u00eatre sensible en nous. Tirer du sens de nos souvenirs, les r\u00e9interpr\u00e9ter et les connecter \u00e0 sa corpor\u00e9it\u00e9. Dans le contexte sp\u00e9cifique, les artistes explorent leurs souvenirs de la ville de Berlin : fascination culturelle, deuil, qu\u00eate de transe, solitude. Une contemplation sur la trace, l\u2019ancien et le nouveau, la m\u00e9lancolie et la jubilation, la remise en question des a priori esth\u00e9tiques et professionnels.<\/p>\n<p><strong>Performance<\/strong> : Despoina Kapoulitsa, Dimitri Tsiapkinis.<\/p>\n<p><strong>Lieu<\/strong> : Cimeti\u00e8re de St. Michael Gemeinde Berlin (12049), Allemagne<\/p>\n<p><strong>Date<\/strong> : 18 f\u00e9vrier 2023<\/p>\n<p><strong>Photos : <a href=\"https:\/\/flic.kr\/s\/aHBqjAMpm7\">https:\/\/flic.kr\/s\/aHBqjAMpm7<\/a><\/strong><\/p>","protected":false},"excerpt":{"rendered":"<p>&nbsp; &nbsp; &nbsp; Performance de danse contemporaine sur le rapport aux souvenirs des [&hellip;]<\/p>\n","protected":false},"author":1,"featured_media":0,"parent":5071,"menu_order":0,"comment_status":"closed","ping_status":"closed","template":"","meta":{"jetpack_post_was_ever_published":false,"footnotes":""},"class_list":["post-5068","page","type-page","status-publish","hentry"],"yoast_head":"<!-- This site is optimized with the Yoast SEO plugin v26.8 - https:\/\/yoast.com\/product\/yoast-seo-wordpress\/ -->\n<title>O TRACES \/ RETROVERSIONS &amp; NEUTOPIES \/ NEWTOPIA 11.1 - omnivion.net<\/title>\n<meta name=\"robots\" content=\"index, follow, max-snippet:-1, max-image-preview:large, max-video-preview:-1\" \/>\n<link rel=\"canonical\" href=\"https:\/\/omnivion.net\/core\/fr\/projets\/projets-artistiques\/retroversions_newt-11\/newt11-1\/\" \/>\n<meta property=\"og:locale\" content=\"fr_FR\" \/>\n<meta property=\"og:type\" content=\"article\" \/>\n<meta property=\"og:title\" content=\"O TRACES \/ RETROVERSIONS &amp; NEUTOPIES \/ NEWTOPIA 11.1 - omnivion.net\" \/>\n<meta property=\"og:description\" content=\"&nbsp; &nbsp; &nbsp; Performance de danse contemporaine sur le rapport aux souvenirs des [&hellip;]\" \/>\n<meta property=\"og:url\" content=\"https:\/\/omnivion.net\/core\/fr\/projets\/projets-artistiques\/retroversions_newt-11\/newt11-1\/\" \/>\n<meta property=\"og:site_name\" content=\"omnivion.net\" \/>\n<meta property=\"article:modified_time\" content=\"2023-07-16T15:41:42+00:00\" \/>\n<meta property=\"og:image\" content=\"http:\/\/omnivion.net\/core\/wp-content\/uploads\/2023\/07\/2023-02-18_NEWTOPIA-11.1_BERLIN_30b_web.png\" \/>\n<meta name=\"twitter:card\" content=\"summary_large_image\" \/>\n<meta name=\"twitter:label1\" content=\"Dur\u00e9e de lecture estim\u00e9e\" \/>\n\t<meta name=\"twitter:data1\" content=\"2 minutes\" \/>\n<script type=\"application\/ld+json\" class=\"yoast-schema-graph\">{\"@context\":\"https:\/\/schema.org\",\"@graph\":[{\"@type\":\"WebPage\",\"@id\":\"https:\/\/omnivion.net\/core\/fr\/projets\/projets-artistiques\/retroversions_newt-11\/newt11-1\/\",\"url\":\"https:\/\/omnivion.net\/core\/fr\/projets\/projets-artistiques\/retroversions_newt-11\/newt11-1\/\",\"name\":\"O TRACES \/ RETROVERSIONS & NEUTOPIES \/ NEWTOPIA 11.1 - omnivion.net\",\"isPartOf\":{\"@id\":\"https:\/\/omnivion.net\/core\/fr\/#website\"},\"primaryImageOfPage\":{\"@id\":\"https:\/\/omnivion.net\/core\/fr\/projets\/projets-artistiques\/retroversions_newt-11\/newt11-1\/#primaryimage\"},\"image\":{\"@id\":\"https:\/\/omnivion.net\/core\/fr\/projets\/projets-artistiques\/retroversions_newt-11\/newt11-1\/#primaryimage\"},\"thumbnailUrl\":\"http:\/\/omnivion.net\/core\/wp-content\/uploads\/2023\/07\/2023-02-18_NEWTOPIA-11.1_BERLIN_30b_web.png\",\"datePublished\":\"2023-07-13T21:50:09+00:00\",\"dateModified\":\"2023-07-16T15:41:42+00:00\",\"breadcrumb\":{\"@id\":\"https:\/\/omnivion.net\/core\/fr\/projets\/projets-artistiques\/retroversions_newt-11\/newt11-1\/#breadcrumb\"},\"inLanguage\":\"fr-FR\",\"potentialAction\":[{\"@type\":\"ReadAction\",\"target\":[\"https:\/\/omnivion.net\/core\/fr\/projets\/projets-artistiques\/retroversions_newt-11\/newt11-1\/\"]}]},{\"@type\":\"ImageObject\",\"inLanguage\":\"fr-FR\",\"@id\":\"https:\/\/omnivion.net\/core\/fr\/projets\/projets-artistiques\/retroversions_newt-11\/newt11-1\/#primaryimage\",\"url\":\"http:\/\/omnivion.net\/core\/wp-content\/uploads\/2023\/07\/2023-02-18_NEWTOPIA-11.1_BERLIN_30b_web.png\",\"contentUrl\":\"http:\/\/omnivion.net\/core\/wp-content\/uploads\/2023\/07\/2023-02-18_NEWTOPIA-11.1_BERLIN_30b_web.png\"},{\"@type\":\"BreadcrumbList\",\"@id\":\"https:\/\/omnivion.net\/core\/fr\/projets\/projets-artistiques\/retroversions_newt-11\/newt11-1\/#breadcrumb\",\"itemListElement\":[{\"@type\":\"ListItem\",\"position\":1,\"name\":\"Accueil\",\"item\":\"https:\/\/omnivion.net\/core\/en\/silverstorm\/\"},{\"@type\":\"ListItem\",\"position\":2,\"name\":\"Projets\",\"item\":\"https:\/\/omnivion.net\/core\/fr\/projets\/\"},{\"@type\":\"ListItem\",\"position\":3,\"name\":\"Projets Artistiques\",\"item\":\"https:\/\/omnivion.net\/core\/projets\/projets-artistiques\/\"},{\"@type\":\"ListItem\",\"position\":4,\"name\":\"R\u00c9TROVERSIONS &#038; NEUTOPIES \/ NEWTOPIA 11\",\"item\":\"https:\/\/omnivion.net\/core\/projets\/projets-artistiques\/retroversions_newt-11\/\"},{\"@type\":\"ListItem\",\"position\":5,\"name\":\"O TRACES \/ RETROVERSIONS &#038; NEUTOPIES \/ NEWTOPIA 11.1\"}]},{\"@type\":\"WebSite\",\"@id\":\"https:\/\/omnivion.net\/core\/fr\/#website\",\"url\":\"https:\/\/omnivion.net\/core\/fr\/\",\"name\":\"omnivion.net\",\"description\":\"...ARTS D&#039;\u00caTRE CORPS...\",\"potentialAction\":[{\"@type\":\"SearchAction\",\"target\":{\"@type\":\"EntryPoint\",\"urlTemplate\":\"https:\/\/omnivion.net\/core\/fr\/?s={search_term_string}\"},\"query-input\":{\"@type\":\"PropertyValueSpecification\",\"valueRequired\":true,\"valueName\":\"search_term_string\"}}],\"inLanguage\":\"fr-FR\"}]}<\/script>\n<!-- \/ Yoast SEO plugin. -->","yoast_head_json":{"title":"O TRACES \/ RETROVERSIONS & NEUTOPIES \/ NEWTOPIA 11.1 - omnivion.net","robots":{"index":"index","follow":"follow","max-snippet":"max-snippet:-1","max-image-preview":"max-image-preview:large","max-video-preview":"max-video-preview:-1"},"canonical":"https:\/\/omnivion.net\/core\/fr\/projets\/projets-artistiques\/retroversions_newt-11\/newt11-1\/","og_locale":"fr_FR","og_type":"article","og_title":"O TRACES \/ RETROVERSIONS & NEUTOPIES \/ NEWTOPIA 11.1 - omnivion.net","og_description":"&nbsp; &nbsp; &nbsp; Performance de danse contemporaine sur le rapport aux souvenirs des [&hellip;]","og_url":"https:\/\/omnivion.net\/core\/fr\/projets\/projets-artistiques\/retroversions_newt-11\/newt11-1\/","og_site_name":"omnivion.net","article_modified_time":"2023-07-16T15:41:42+00:00","og_image":[{"url":"http:\/\/omnivion.net\/core\/wp-content\/uploads\/2023\/07\/2023-02-18_NEWTOPIA-11.1_BERLIN_30b_web.png","type":"","width":"","height":""}],"twitter_card":"summary_large_image","twitter_misc":{"Dur\u00e9e de lecture estim\u00e9e":"2 minutes"},"schema":{"@context":"https:\/\/schema.org","@graph":[{"@type":"WebPage","@id":"https:\/\/omnivion.net\/core\/fr\/projets\/projets-artistiques\/retroversions_newt-11\/newt11-1\/","url":"https:\/\/omnivion.net\/core\/fr\/projets\/projets-artistiques\/retroversions_newt-11\/newt11-1\/","name":"O TRACES \/ RETROVERSIONS & NEUTOPIES \/ NEWTOPIA 11.1 - omnivion.net","isPartOf":{"@id":"https:\/\/omnivion.net\/core\/fr\/#website"},"primaryImageOfPage":{"@id":"https:\/\/omnivion.net\/core\/fr\/projets\/projets-artistiques\/retroversions_newt-11\/newt11-1\/#primaryimage"},"image":{"@id":"https:\/\/omnivion.net\/core\/fr\/projets\/projets-artistiques\/retroversions_newt-11\/newt11-1\/#primaryimage"},"thumbnailUrl":"http:\/\/omnivion.net\/core\/wp-content\/uploads\/2023\/07\/2023-02-18_NEWTOPIA-11.1_BERLIN_30b_web.png","datePublished":"2023-07-13T21:50:09+00:00","dateModified":"2023-07-16T15:41:42+00:00","breadcrumb":{"@id":"https:\/\/omnivion.net\/core\/fr\/projets\/projets-artistiques\/retroversions_newt-11\/newt11-1\/#breadcrumb"},"inLanguage":"fr-FR","potentialAction":[{"@type":"ReadAction","target":["https:\/\/omnivion.net\/core\/fr\/projets\/projets-artistiques\/retroversions_newt-11\/newt11-1\/"]}]},{"@type":"ImageObject","inLanguage":"fr-FR","@id":"https:\/\/omnivion.net\/core\/fr\/projets\/projets-artistiques\/retroversions_newt-11\/newt11-1\/#primaryimage","url":"http:\/\/omnivion.net\/core\/wp-content\/uploads\/2023\/07\/2023-02-18_NEWTOPIA-11.1_BERLIN_30b_web.png","contentUrl":"http:\/\/omnivion.net\/core\/wp-content\/uploads\/2023\/07\/2023-02-18_NEWTOPIA-11.1_BERLIN_30b_web.png"},{"@type":"BreadcrumbList","@id":"https:\/\/omnivion.net\/core\/fr\/projets\/projets-artistiques\/retroversions_newt-11\/newt11-1\/#breadcrumb","itemListElement":[{"@type":"ListItem","position":1,"name":"Accueil","item":"https:\/\/omnivion.net\/core\/en\/silverstorm\/"},{"@type":"ListItem","position":2,"name":"Projets","item":"https:\/\/omnivion.net\/core\/fr\/projets\/"},{"@type":"ListItem","position":3,"name":"Projets Artistiques","item":"https:\/\/omnivion.net\/core\/projets\/projets-artistiques\/"},{"@type":"ListItem","position":4,"name":"R\u00c9TROVERSIONS &#038; NEUTOPIES \/ NEWTOPIA 11","item":"https:\/\/omnivion.net\/core\/projets\/projets-artistiques\/retroversions_newt-11\/"},{"@type":"ListItem","position":5,"name":"O TRACES \/ RETROVERSIONS &#038; NEUTOPIES \/ NEWTOPIA 11.1"}]},{"@type":"WebSite","@id":"https:\/\/omnivion.net\/core\/fr\/#website","url":"https:\/\/omnivion.net\/core\/fr\/","name":"omnivion.net","description":"...ARTS D&#039;\u00caTRE CORPS...","potentialAction":[{"@type":"SearchAction","target":{"@type":"EntryPoint","urlTemplate":"https:\/\/omnivion.net\/core\/fr\/?s={search_term_string}"},"query-input":{"@type":"PropertyValueSpecification","valueRequired":true,"valueName":"search_term_string"}}],"inLanguage":"fr-FR"}]}},"jetpack_sharing_enabled":true,"jetpack_shortlink":"https:\/\/wp.me\/P2fe7Q-1jK","jetpack_likes_enabled":true,"_links":{"self":[{"href":"https:\/\/omnivion.net\/core\/fr\/wp-json\/wp\/v2\/pages\/5068","targetHints":{"allow":["GET"]}}],"collection":[{"href":"https:\/\/omnivion.net\/core\/fr\/wp-json\/wp\/v2\/pages"}],"about":[{"href":"https:\/\/omnivion.net\/core\/fr\/wp-json\/wp\/v2\/types\/page"}],"author":[{"embeddable":true,"href":"https:\/\/omnivion.net\/core\/fr\/wp-json\/wp\/v2\/users\/1"}],"replies":[{"embeddable":true,"href":"https:\/\/omnivion.net\/core\/fr\/wp-json\/wp\/v2\/comments?post=5068"}],"version-history":[{"count":5,"href":"https:\/\/omnivion.net\/core\/fr\/wp-json\/wp\/v2\/pages\/5068\/revisions"}],"predecessor-version":[{"id":5102,"href":"https:\/\/omnivion.net\/core\/fr\/wp-json\/wp\/v2\/pages\/5068\/revisions\/5102"}],"up":[{"embeddable":true,"href":"https:\/\/omnivion.net\/core\/fr\/wp-json\/wp\/v2\/pages\/5071"}],"wp:attachment":[{"href":"https:\/\/omnivion.net\/core\/fr\/wp-json\/wp\/v2\/media?parent=5068"}],"curies":[{"name":"wp","href":"https:\/\/api.w.org\/{rel}","templated":true}]}}