{"id":5025,"date":"2023-07-02T21:06:55","date_gmt":"2023-07-02T20:06:55","guid":{"rendered":"https:\/\/omnivion.net\/core\/?page_id=5025"},"modified":"2025-06-15T10:30:56","modified_gmt":"2025-06-15T09:30:56","slug":"newtopia-atelier_2024","status":"publish","type":"page","link":"https:\/\/omnivion.net\/core\/fr\/projets\/educational-projects\/newtopia-atelier_2024\/","title":{"rendered":"NEWTOPIA \/ Atelier inclusif hebdomadaire avec Dimitri Tsiapkinis (2024-2025)"},"content":{"rendered":"<p><img data-recalc-dims=\"1\" loading=\"lazy\" decoding=\"async\" class=\"alignnone size-full wp-image-5427\" src=\"https:\/\/i0.wp.com\/omnivion.net\/core\/wp-content\/uploads\/2024\/07\/20240112_205335-01b_web.jpeg?resize=800%2C360&#038;ssl=1\" alt=\"\" width=\"800\" height=\"360\" srcset=\"https:\/\/i0.wp.com\/omnivion.net\/core\/wp-content\/uploads\/2024\/07\/20240112_205335-01b_web.jpeg?w=800&amp;ssl=1 800w, https:\/\/i0.wp.com\/omnivion.net\/core\/wp-content\/uploads\/2024\/07\/20240112_205335-01b_web.jpeg?resize=300%2C135&amp;ssl=1 300w, https:\/\/i0.wp.com\/omnivion.net\/core\/wp-content\/uploads\/2024\/07\/20240112_205335-01b_web.jpeg?resize=768%2C346&amp;ssl=1 768w\" sizes=\"auto, (max-width: 800px) 100vw, 800px\" \/><\/p>\n<p>&nbsp;<\/p>\n<h2><strong>Atelier inclusif hebdomadaire 2024-2025, avec Dimitri Tsiapkinis ouvert \u00e0 toute personne ayant un minimum d\u2019exp\u00e9rience <\/strong><strong>en expression corporelle de tout genre (Niveau mixte)<\/strong><\/h2>\n<p>&nbsp;<\/p>\n<p><strong>Objectifs :<\/strong><\/p>\n<ul>\n<li>&gt;\u00c9tudier diverses pratiques de danse contemporaine dans une perspective d\u2019ouverture<\/li>\n<li>&gt;Prendre plaisir \u00e0 improviser et \u00e0 inventer des danses ; seul ou \u00e0 plusieurs<\/li>\n<li>&gt;Participer \u00e0 l\u2019invention des mati\u00e8res pour <a href=\"https:\/\/omnivion.net\/core\/projets\/projets-artistiques\/newt12\/films12-7\/\">Newtopia 12 \/ Projet de danse inclusif<\/a> (danse et psychisme)<\/li>\n<\/ul>\n<p>Un travail technique et cr\u00e9atif avec les fondamentaux de la danse contemporaine qui s\u2019inspire de multiples sources, comme les pratiques somatiques (p\u00e9dagogie perceptive\/fascia), les arts martiaux Shaolin, le th\u00e9\u00e2tre corporel, les danses d\u2019ailleurs. Les improvisations cadencent et re-contextualisent le travail technique. Nous insistons \u00e0 l\u2019expressivit\u00e9 sensible et \u00e0 la singularit\u00e9 du danseur en opposition au <em>corps-objet<\/em> qui perdure dans nos soci\u00e9t\u00e9s. Les mati\u00e8res que nous allons partager vont nourrir des performances diverses dans le cadre de <a href=\"https:\/\/omnivion.net\/core\/projets\/projets-artistiques\/newt12\/\"><strong>Newtopia 12 \/ Projections Oniriques<\/strong><\/a>. Une \u00e9ventuelle participation aux performances publiques sera n\u00e9goci\u00e9e avec le directeur du projet.<\/p>\n<p><strong>[Photos de l&rsquo;atelier Newtopia 11 de la saison 2023-2024 :<\/strong><\/p>\n<p><a href=\"https:\/\/www.flickr.com\/gp\/omnivion\/r5uN3516DS\">https:\/\/www.flickr.com\/gp\/omnivion\/r5uN3516DS<\/a><\/p>\n<p><strong>\/\/\/\/\/\/\/\/\/\/\/\/\/\/\/\/\/\/\/\/\/\/\/\/\/\/\/\/\/\/\/\/\/\/\/\/\/\/\/\/\/\/\/\/\/\/\/\/\/\/\/\/\/\/\/\/\/\/\/\/\/\/\/\/\/\/\/\/\/\/\/\/\/\/\/\/\/\/\/\/\/\/\/\/\/\/\/\/<\/strong><\/p>\n<p>&nbsp;<\/p>\n<p><strong>Horaires : vendredis 18H30-21H00 (25 sessions!)<\/strong><\/p>\n<p><strong>Lieu : Salle polyvalente \/ Centre Social Plurielles, 2 Avenue du G\u00e9n\u00e9ral de Gaulle, 37000 Tours<\/strong><\/p>\n<p><strong>Tarif pour les 25 ateliers de deux heures et demie : 275\u20ac<\/strong> (facilit\u00e9 de paiement possible) \/ Paiements \u00e0 la s\u00e9ance aussi possible dans certains cas (Contactez-nous pour en savoir plus).<br \/>\n<strong>Inscriptions : <a href=\"https:\/\/www.helloasso.com\/associations\/omnivion\/evenements\/atelier-de-danse-inclusive-omnivion-2024-2025\">https:\/\/www.helloasso.com\/associations\/omnivion\/evenements\/atelier-de-danse-inclusive-omnivion-2024-2025<\/a><\/strong><\/p>\n<p>ou par ce flashcode :<\/p>\n<p><img data-recalc-dims=\"1\" loading=\"lazy\" decoding=\"async\" class=\"alignnone wp-image-5425\" src=\"https:\/\/i0.wp.com\/omnivion.net\/core\/wp-content\/uploads\/2024\/07\/qrcode1.png?resize=202%2C202&#038;ssl=1\" alt=\"\" width=\"202\" height=\"202\" srcset=\"https:\/\/i0.wp.com\/omnivion.net\/core\/wp-content\/uploads\/2024\/07\/qrcode1.png?w=600&amp;ssl=1 600w, https:\/\/i0.wp.com\/omnivion.net\/core\/wp-content\/uploads\/2024\/07\/qrcode1.png?resize=300%2C300&amp;ssl=1 300w, https:\/\/i0.wp.com\/omnivion.net\/core\/wp-content\/uploads\/2024\/07\/qrcode1.png?resize=150%2C150&amp;ssl=1 150w\" sizes=\"auto, (max-width: 202px) 100vw, 202px\" \/><\/p>\n<p><strong>+ Adh\u00e9sion \u00e0 Omnivion : 12\u20ac\u00a0 \/ 7\u20ac.<\/strong> Vous pouvez adh\u00e9rer ici : <strong><a href=\"https:\/\/www.helloasso.com\/associations\/omnivion\/adhesions\/cotisations-new\">helloasso.com\/associations\/omnivion\/adhesions<\/a><\/strong><\/p>\n<p>&nbsp;<\/p>\n<p>&nbsp;<\/p>\n<p><strong>Dates du 1er trimestre : <\/strong><\/p>\n<ul>\n<li><strong>13,<\/strong><strong> 20, 27 septembre<\/strong><\/li>\n<li><strong>4, 11 octobre<\/strong><\/li>\n<li><strong>8, 22, 29 novembre<\/strong><\/li>\n<li><strong>6, 13 d\u00e9cembre\u00a0<\/strong><br \/>\n<strong>=&gt; 10 sessions<\/strong><\/li>\n<\/ul>\n<p><strong>Dates du 2\u00e8me &amp; 3\u00e8me trimestre : <\/strong><\/p>\n<ul>\n<li><strong>10, 24, 31 janvier<br \/>\n<\/strong><\/li>\n<li><strong>7, 28 f\u00e9vrier<br \/>\n<\/strong><\/li>\n<li><strong>7, 14, 21, 28 mars<br \/>\n<\/strong><\/li>\n<li><strong>4, 25 avril<\/strong><\/li>\n<li><strong>2, 23 mai<\/strong><\/li>\n<li><strong>6, <span style=\"color: #ff0000;\">20 juin (attention! L&rsquo;atelier du 13 juin a \u00e9t\u00e9 remplac\u00e9 par un atelier clown le 20 juin!)<\/span><\/strong><br \/>\n<strong>=&gt; 15 sessions<\/strong><\/li>\n<\/ul>\n<p><span style=\"color: #ff6600;\"><strong>&gt;&gt;&gt;HelloAsso offre gratuitement ses services \u00e0 notre association. Si vous le pouvez, pensez \u00e0 laisser une contribution volontaire au moment de votre paiement : <\/strong><\/span><strong><span style=\"color: #ff6600;\">votre soutien permet de faire vivre ce mod\u00e8le solidaire ! &lt;&lt;&lt;<\/span><br \/>\n<\/strong><\/p>\n<p>\/\/\/\/\/\/\/\/\/\/\/\/\/\/\/\/\/\/\/\/\/\/\/\/\/\/\/\/\/\/\/\/\/\/\/\/\/\/\/\/\/\/\/\/\/\/\/\/\/\/\/\/\/\/\/\/\/\/\/\/\/\/\/\/\/\/\/\/\/\/\/\/\/\/\/\/\/\/\/\/\/\/\/\/\/\/\/\/\/\/\/\/\/\/\/\/\/\/\/\/\/\/\/\/\/\/\/\/\/\/\/\/\/\/\/<\/p>\n<p>&nbsp;<\/p>\n<p>Autres infos, photos etc. sur <a href=\"https:\/\/www.facebook.com\/omnivion\">Facebook<\/a> et par mail \u00e0 nos adh\u00e9rents.<\/p>","protected":false},"excerpt":{"rendered":"<p>&nbsp; Atelier inclusif hebdomadaire 2024-2025, avec Dimitri Tsiapkinis ouvert \u00e0 toute personne ayant [&hellip;]<\/p>\n","protected":false},"author":1,"featured_media":0,"parent":63,"menu_order":0,"comment_status":"closed","ping_status":"closed","template":"","meta":{"jetpack_post_was_ever_published":false,"footnotes":""},"class_list":["post-5025","page","type-page","status-publish","hentry"],"yoast_head":"<!-- This site is optimized with the Yoast SEO plugin v26.8 - https:\/\/yoast.com\/product\/yoast-seo-wordpress\/ -->\n<title>NEWTOPIA \/ Atelier inclusif hebdomadaire avec Dimitri Tsiapkinis (2024-2025) - omnivion.net<\/title>\n<meta name=\"robots\" content=\"index, follow, max-snippet:-1, max-image-preview:large, max-video-preview:-1\" \/>\n<link rel=\"canonical\" href=\"https:\/\/omnivion.net\/core\/fr\/projets\/educational-projects\/newtopia-atelier_2024\/\" \/>\n<meta property=\"og:locale\" content=\"fr_FR\" \/>\n<meta property=\"og:type\" content=\"article\" \/>\n<meta property=\"og:title\" content=\"NEWTOPIA \/ Atelier inclusif hebdomadaire avec Dimitri Tsiapkinis (2024-2025) - omnivion.net\" \/>\n<meta property=\"og:description\" content=\"&nbsp; Atelier inclusif hebdomadaire 2024-2025, avec Dimitri Tsiapkinis ouvert \u00e0 toute personne ayant [&hellip;]\" \/>\n<meta property=\"og:url\" content=\"https:\/\/omnivion.net\/core\/fr\/projets\/educational-projects\/newtopia-atelier_2024\/\" \/>\n<meta property=\"og:site_name\" content=\"omnivion.net\" \/>\n<meta property=\"article:modified_time\" content=\"2025-06-15T09:30:56+00:00\" \/>\n<meta property=\"og:image\" content=\"https:\/\/omnivion.net\/core\/wp-content\/uploads\/2024\/07\/20240112_205335-01b_web.jpeg\" \/>\n\t<meta property=\"og:image:width\" content=\"800\" \/>\n\t<meta property=\"og:image:height\" content=\"360\" \/>\n\t<meta property=\"og:image:type\" content=\"image\/jpeg\" \/>\n<meta name=\"twitter:card\" content=\"summary_large_image\" \/>\n<meta name=\"twitter:label1\" content=\"Dur\u00e9e de lecture estim\u00e9e\" \/>\n\t<meta name=\"twitter:data1\" content=\"3 minutes\" \/>\n<script type=\"application\/ld+json\" class=\"yoast-schema-graph\">{\"@context\":\"https:\/\/schema.org\",\"@graph\":[{\"@type\":\"WebPage\",\"@id\":\"https:\/\/omnivion.net\/core\/fr\/projets\/educational-projects\/newtopia-atelier_2024\/\",\"url\":\"https:\/\/omnivion.net\/core\/fr\/projets\/educational-projects\/newtopia-atelier_2024\/\",\"name\":\"NEWTOPIA \/ Atelier inclusif hebdomadaire avec Dimitri Tsiapkinis (2024-2025) - omnivion.net\",\"isPartOf\":{\"@id\":\"https:\/\/omnivion.net\/core\/fr\/#website\"},\"primaryImageOfPage\":{\"@id\":\"https:\/\/omnivion.net\/core\/fr\/projets\/educational-projects\/newtopia-atelier_2024\/#primaryimage\"},\"image\":{\"@id\":\"https:\/\/omnivion.net\/core\/fr\/projets\/educational-projects\/newtopia-atelier_2024\/#primaryimage\"},\"thumbnailUrl\":\"https:\/\/omnivion.net\/core\/wp-content\/uploads\/2024\/07\/20240112_205335-01b_web.jpeg\",\"datePublished\":\"2023-07-02T20:06:55+00:00\",\"dateModified\":\"2025-06-15T09:30:56+00:00\",\"breadcrumb\":{\"@id\":\"https:\/\/omnivion.net\/core\/fr\/projets\/educational-projects\/newtopia-atelier_2024\/#breadcrumb\"},\"inLanguage\":\"fr-FR\",\"potentialAction\":[{\"@type\":\"ReadAction\",\"target\":[\"https:\/\/omnivion.net\/core\/fr\/projets\/educational-projects\/newtopia-atelier_2024\/\"]}]},{\"@type\":\"ImageObject\",\"inLanguage\":\"fr-FR\",\"@id\":\"https:\/\/omnivion.net\/core\/fr\/projets\/educational-projects\/newtopia-atelier_2024\/#primaryimage\",\"url\":\"https:\/\/omnivion.net\/core\/wp-content\/uploads\/2024\/07\/20240112_205335-01b_web.jpeg\",\"contentUrl\":\"https:\/\/omnivion.net\/core\/wp-content\/uploads\/2024\/07\/20240112_205335-01b_web.jpeg\"},{\"@type\":\"BreadcrumbList\",\"@id\":\"https:\/\/omnivion.net\/core\/fr\/projets\/educational-projects\/newtopia-atelier_2024\/#breadcrumb\",\"itemListElement\":[{\"@type\":\"ListItem\",\"position\":1,\"name\":\"Accueil\",\"item\":\"https:\/\/omnivion.net\/core\/en\/silverstorm\/\"},{\"@type\":\"ListItem\",\"position\":2,\"name\":\"Projets\",\"item\":\"https:\/\/omnivion.net\/core\/fr\/projets\/\"},{\"@type\":\"ListItem\",\"position\":3,\"name\":\"Projets Educatifs\",\"item\":\"https:\/\/omnivion.net\/core\/projets\/educational-projects\/\"},{\"@type\":\"ListItem\",\"position\":4,\"name\":\"NEWTOPIA \/ Atelier inclusif hebdomadaire avec Dimitri Tsiapkinis (2024-2025)\"}]},{\"@type\":\"WebSite\",\"@id\":\"https:\/\/omnivion.net\/core\/fr\/#website\",\"url\":\"https:\/\/omnivion.net\/core\/fr\/\",\"name\":\"omnivion.net\",\"description\":\"...ARTS D&#039;\u00caTRE CORPS...\",\"potentialAction\":[{\"@type\":\"SearchAction\",\"target\":{\"@type\":\"EntryPoint\",\"urlTemplate\":\"https:\/\/omnivion.net\/core\/fr\/?s={search_term_string}\"},\"query-input\":{\"@type\":\"PropertyValueSpecification\",\"valueRequired\":true,\"valueName\":\"search_term_string\"}}],\"inLanguage\":\"fr-FR\"}]}<\/script>\n<!-- \/ Yoast SEO plugin. -->","yoast_head_json":{"title":"NEWTOPIA \/ Atelier inclusif hebdomadaire avec Dimitri Tsiapkinis (2024-2025) - omnivion.net","robots":{"index":"index","follow":"follow","max-snippet":"max-snippet:-1","max-image-preview":"max-image-preview:large","max-video-preview":"max-video-preview:-1"},"canonical":"https:\/\/omnivion.net\/core\/fr\/projets\/educational-projects\/newtopia-atelier_2024\/","og_locale":"fr_FR","og_type":"article","og_title":"NEWTOPIA \/ Atelier inclusif hebdomadaire avec Dimitri Tsiapkinis (2024-2025) - omnivion.net","og_description":"&nbsp; Atelier inclusif hebdomadaire 2024-2025, avec Dimitri Tsiapkinis ouvert \u00e0 toute personne ayant [&hellip;]","og_url":"https:\/\/omnivion.net\/core\/fr\/projets\/educational-projects\/newtopia-atelier_2024\/","og_site_name":"omnivion.net","article_modified_time":"2025-06-15T09:30:56+00:00","og_image":[{"width":800,"height":360,"url":"https:\/\/omnivion.net\/core\/wp-content\/uploads\/2024\/07\/20240112_205335-01b_web.jpeg","type":"image\/jpeg"}],"twitter_card":"summary_large_image","twitter_misc":{"Dur\u00e9e de lecture estim\u00e9e":"3 minutes"},"schema":{"@context":"https:\/\/schema.org","@graph":[{"@type":"WebPage","@id":"https:\/\/omnivion.net\/core\/fr\/projets\/educational-projects\/newtopia-atelier_2024\/","url":"https:\/\/omnivion.net\/core\/fr\/projets\/educational-projects\/newtopia-atelier_2024\/","name":"NEWTOPIA \/ Atelier inclusif hebdomadaire avec Dimitri Tsiapkinis (2024-2025) - omnivion.net","isPartOf":{"@id":"https:\/\/omnivion.net\/core\/fr\/#website"},"primaryImageOfPage":{"@id":"https:\/\/omnivion.net\/core\/fr\/projets\/educational-projects\/newtopia-atelier_2024\/#primaryimage"},"image":{"@id":"https:\/\/omnivion.net\/core\/fr\/projets\/educational-projects\/newtopia-atelier_2024\/#primaryimage"},"thumbnailUrl":"https:\/\/omnivion.net\/core\/wp-content\/uploads\/2024\/07\/20240112_205335-01b_web.jpeg","datePublished":"2023-07-02T20:06:55+00:00","dateModified":"2025-06-15T09:30:56+00:00","breadcrumb":{"@id":"https:\/\/omnivion.net\/core\/fr\/projets\/educational-projects\/newtopia-atelier_2024\/#breadcrumb"},"inLanguage":"fr-FR","potentialAction":[{"@type":"ReadAction","target":["https:\/\/omnivion.net\/core\/fr\/projets\/educational-projects\/newtopia-atelier_2024\/"]}]},{"@type":"ImageObject","inLanguage":"fr-FR","@id":"https:\/\/omnivion.net\/core\/fr\/projets\/educational-projects\/newtopia-atelier_2024\/#primaryimage","url":"https:\/\/omnivion.net\/core\/wp-content\/uploads\/2024\/07\/20240112_205335-01b_web.jpeg","contentUrl":"https:\/\/omnivion.net\/core\/wp-content\/uploads\/2024\/07\/20240112_205335-01b_web.jpeg"},{"@type":"BreadcrumbList","@id":"https:\/\/omnivion.net\/core\/fr\/projets\/educational-projects\/newtopia-atelier_2024\/#breadcrumb","itemListElement":[{"@type":"ListItem","position":1,"name":"Accueil","item":"https:\/\/omnivion.net\/core\/en\/silverstorm\/"},{"@type":"ListItem","position":2,"name":"Projets","item":"https:\/\/omnivion.net\/core\/fr\/projets\/"},{"@type":"ListItem","position":3,"name":"Projets Educatifs","item":"https:\/\/omnivion.net\/core\/projets\/educational-projects\/"},{"@type":"ListItem","position":4,"name":"NEWTOPIA \/ Atelier inclusif hebdomadaire avec Dimitri Tsiapkinis (2024-2025)"}]},{"@type":"WebSite","@id":"https:\/\/omnivion.net\/core\/fr\/#website","url":"https:\/\/omnivion.net\/core\/fr\/","name":"omnivion.net","description":"...ARTS D&#039;\u00caTRE CORPS...","potentialAction":[{"@type":"SearchAction","target":{"@type":"EntryPoint","urlTemplate":"https:\/\/omnivion.net\/core\/fr\/?s={search_term_string}"},"query-input":{"@type":"PropertyValueSpecification","valueRequired":true,"valueName":"search_term_string"}}],"inLanguage":"fr-FR"}]}},"jetpack_sharing_enabled":true,"jetpack_shortlink":"https:\/\/wp.me\/P2fe7Q-1j3","jetpack_likes_enabled":true,"_links":{"self":[{"href":"https:\/\/omnivion.net\/core\/fr\/wp-json\/wp\/v2\/pages\/5025","targetHints":{"allow":["GET"]}}],"collection":[{"href":"https:\/\/omnivion.net\/core\/fr\/wp-json\/wp\/v2\/pages"}],"about":[{"href":"https:\/\/omnivion.net\/core\/fr\/wp-json\/wp\/v2\/types\/page"}],"author":[{"embeddable":true,"href":"https:\/\/omnivion.net\/core\/fr\/wp-json\/wp\/v2\/users\/1"}],"replies":[{"embeddable":true,"href":"https:\/\/omnivion.net\/core\/fr\/wp-json\/wp\/v2\/comments?post=5025"}],"version-history":[{"count":46,"href":"https:\/\/omnivion.net\/core\/fr\/wp-json\/wp\/v2\/pages\/5025\/revisions"}],"predecessor-version":[{"id":5601,"href":"https:\/\/omnivion.net\/core\/fr\/wp-json\/wp\/v2\/pages\/5025\/revisions\/5601"}],"up":[{"embeddable":true,"href":"https:\/\/omnivion.net\/core\/fr\/wp-json\/wp\/v2\/pages\/63"}],"wp:attachment":[{"href":"https:\/\/omnivion.net\/core\/fr\/wp-json\/wp\/v2\/media?parent=5025"}],"curies":[{"name":"wp","href":"https:\/\/api.w.org\/{rel}","templated":true}]}}