{"id":502,"date":"2012-08-30T23:54:05","date_gmt":"2012-08-30T22:54:05","guid":{"rendered":"http:\/\/www.omnivion.net\/core\/?page_id=502"},"modified":"2017-03-08T09:50:29","modified_gmt":"2017-03-08T08:50:29","slug":"la_domestique","status":"publish","type":"page","link":"https:\/\/omnivion.net\/core\/fr\/projets\/projets-artistiques\/la_domestique\/","title":{"rendered":"La Domestique"},"content":{"rendered":"<p><img data-recalc-dims=\"1\" loading=\"lazy\" decoding=\"async\" class=\"alignnone size-full wp-image-504\" title=\"Digital StillCamera\" src=\"https:\/\/i0.wp.com\/www.omnivion.net\/core\/wp-content\/uploads\/2012\/08\/2012-11_Go%C3%BBter-ma-danse_A.Ettamri_web.jpg?resize=800%2C282\" alt=\"\" width=\"800\" height=\"282\" srcset=\"https:\/\/i0.wp.com\/omnivion.net\/core\/wp-content\/uploads\/2012\/08\/2012-11_Go%C3%BBter-ma-danse_A.Ettamri_web.jpg?w=800&amp;ssl=1 800w, https:\/\/i0.wp.com\/omnivion.net\/core\/wp-content\/uploads\/2012\/08\/2012-11_Go%C3%BBter-ma-danse_A.Ettamri_web.jpg?resize=300%2C105&amp;ssl=1 300w\" sizes=\"auto, (max-width: 800px) 100vw, 800px\" \/><\/p>\n<p><strong>\u00ab\u00a0La Domestique<\/strong>\u00a0\u00bb<\/p>\n<p>Chor\u00e9graphie-performance solo : <a title=\"Ahlam Ettamri\" href=\"http:\/\/www.omnivion.net\/core\/members\/ahlam-ettamri\/\">Ahlam Ettamri<\/a><\/p>\n<p>Revisiter l\u2019histoire familiale d\u2019un kidnapping chez les b\u00e9douins, dans un r\u00e9seau d\u2019esclavage Arabe au d\u00e9but du 20<sup>\u00e8me<\/sup> si\u00e8cle. Une qu\u00eate identitaire pour exprimer et po\u00e9tiser les tensions qui hantent les femmes de ma famille. Quelle danse pour d\u00e9noncer un ph\u00e9nom\u00e8ne qui perdure\u00a0jusqu\u2019\u00e0\u00a0nos jours dans divers parties du monde.<\/p>\n<p>Cette performance a \u00e9t\u00e9 pr\u00e9sent\u00e9 dans le cadre de Plumes d&rsquo;Afrique au <a href=\"http:\/\/www.ccntours.com\/\" target=\"_blank\">Centre Chor\u00e9graphique National de Tours<\/a> le 9 novembre 2012.<\/p>","protected":false},"excerpt":{"rendered":"<p>\u00ab\u00a0La Domestique\u00a0\u00bb Chor\u00e9graphie-performance solo : Ahlam Ettamri Revisiter l\u2019histoire familiale d\u2019un kidnapping chez [&hellip;]<\/p>\n","protected":false},"author":1,"featured_media":0,"parent":60,"menu_order":0,"comment_status":"closed","ping_status":"closed","template":"","meta":{"jetpack_post_was_ever_published":false,"footnotes":""},"class_list":["post-502","page","type-page","status-publish","hentry"],"yoast_head":"<!-- This site is optimized with the Yoast SEO plugin v27.4 - https:\/\/yoast.com\/product\/yoast-seo-wordpress\/ -->\n<title>La Domestique - omnivion.net<\/title>\n<meta name=\"robots\" content=\"index, follow, max-snippet:-1, max-image-preview:large, max-video-preview:-1\" \/>\n<link rel=\"canonical\" href=\"https:\/\/omnivion.net\/core\/fr\/projets\/projets-artistiques\/la_domestique\/\" \/>\n<meta property=\"og:locale\" content=\"fr_FR\" \/>\n<meta property=\"og:type\" content=\"article\" \/>\n<meta property=\"og:title\" content=\"La Domestique - omnivion.net\" \/>\n<meta property=\"og:description\" content=\"\u00ab\u00a0La Domestique\u00a0\u00bb Chor\u00e9graphie-performance solo : Ahlam Ettamri Revisiter l\u2019histoire familiale d\u2019un kidnapping chez [&hellip;]\" \/>\n<meta property=\"og:url\" content=\"https:\/\/omnivion.net\/core\/fr\/projets\/projets-artistiques\/la_domestique\/\" \/>\n<meta property=\"og:site_name\" content=\"omnivion.net\" \/>\n<meta property=\"article:modified_time\" content=\"2017-03-08T08:50:29+00:00\" \/>\n<meta name=\"twitter:card\" content=\"summary_large_image\" \/>\n<meta name=\"twitter:label1\" content=\"Dur\u00e9e de lecture estim\u00e9e\" \/>\n\t<meta name=\"twitter:data1\" content=\"1 minute\" \/>\n<script type=\"application\/ld+json\" class=\"yoast-schema-graph\">{\"@context\":\"https:\\\/\\\/schema.org\",\"@graph\":[{\"@type\":\"WebPage\",\"@id\":\"https:\\\/\\\/omnivion.net\\\/core\\\/fr\\\/projets\\\/projets-artistiques\\\/la_domestique\\\/\",\"url\":\"https:\\\/\\\/omnivion.net\\\/core\\\/fr\\\/projets\\\/projets-artistiques\\\/la_domestique\\\/\",\"name\":\"La Domestique - omnivion.net\",\"isPartOf\":{\"@id\":\"https:\\\/\\\/omnivion.net\\\/core\\\/fr\\\/#website\"},\"datePublished\":\"2012-08-30T22:54:05+00:00\",\"dateModified\":\"2017-03-08T08:50:29+00:00\",\"breadcrumb\":{\"@id\":\"https:\\\/\\\/omnivion.net\\\/core\\\/fr\\\/projets\\\/projets-artistiques\\\/la_domestique\\\/#breadcrumb\"},\"inLanguage\":\"fr-FR\",\"potentialAction\":[{\"@type\":\"ReadAction\",\"target\":[\"https:\\\/\\\/omnivion.net\\\/core\\\/fr\\\/projets\\\/projets-artistiques\\\/la_domestique\\\/\"]}]},{\"@type\":\"BreadcrumbList\",\"@id\":\"https:\\\/\\\/omnivion.net\\\/core\\\/fr\\\/projets\\\/projets-artistiques\\\/la_domestique\\\/#breadcrumb\",\"itemListElement\":[{\"@type\":\"ListItem\",\"position\":1,\"name\":\"Accueil\",\"item\":\"https:\\\/\\\/omnivion.net\\\/core\\\/en\\\/silverstorm\\\/\"},{\"@type\":\"ListItem\",\"position\":2,\"name\":\"Projets\",\"item\":\"https:\\\/\\\/omnivion.net\\\/core\\\/fr\\\/projets\\\/\"},{\"@type\":\"ListItem\",\"position\":3,\"name\":\"Projets Artistiques\",\"item\":\"https:\\\/\\\/omnivion.net\\\/core\\\/projets\\\/projets-artistiques\\\/\"},{\"@type\":\"ListItem\",\"position\":4,\"name\":\"La Domestique\"}]},{\"@type\":\"WebSite\",\"@id\":\"https:\\\/\\\/omnivion.net\\\/core\\\/fr\\\/#website\",\"url\":\"https:\\\/\\\/omnivion.net\\\/core\\\/fr\\\/\",\"name\":\"omnivion.net\",\"description\":\"...ARTS D&#039;\u00caTRE CORPS...\",\"potentialAction\":[{\"@type\":\"SearchAction\",\"target\":{\"@type\":\"EntryPoint\",\"urlTemplate\":\"https:\\\/\\\/omnivion.net\\\/core\\\/fr\\\/?s={search_term_string}\"},\"query-input\":{\"@type\":\"PropertyValueSpecification\",\"valueRequired\":true,\"valueName\":\"search_term_string\"}}],\"inLanguage\":\"fr-FR\"}]}<\/script>\n<!-- \/ Yoast SEO plugin. -->","yoast_head_json":{"title":"La Domestique - omnivion.net","robots":{"index":"index","follow":"follow","max-snippet":"max-snippet:-1","max-image-preview":"max-image-preview:large","max-video-preview":"max-video-preview:-1"},"canonical":"https:\/\/omnivion.net\/core\/fr\/projets\/projets-artistiques\/la_domestique\/","og_locale":"fr_FR","og_type":"article","og_title":"La Domestique - omnivion.net","og_description":"\u00ab\u00a0La Domestique\u00a0\u00bb Chor\u00e9graphie-performance solo : Ahlam Ettamri Revisiter l\u2019histoire familiale d\u2019un kidnapping chez [&hellip;]","og_url":"https:\/\/omnivion.net\/core\/fr\/projets\/projets-artistiques\/la_domestique\/","og_site_name":"omnivion.net","article_modified_time":"2017-03-08T08:50:29+00:00","twitter_card":"summary_large_image","twitter_misc":{"Dur\u00e9e de lecture estim\u00e9e":"1 minute"},"schema":{"@context":"https:\/\/schema.org","@graph":[{"@type":"WebPage","@id":"https:\/\/omnivion.net\/core\/fr\/projets\/projets-artistiques\/la_domestique\/","url":"https:\/\/omnivion.net\/core\/fr\/projets\/projets-artistiques\/la_domestique\/","name":"La Domestique - omnivion.net","isPartOf":{"@id":"https:\/\/omnivion.net\/core\/fr\/#website"},"datePublished":"2012-08-30T22:54:05+00:00","dateModified":"2017-03-08T08:50:29+00:00","breadcrumb":{"@id":"https:\/\/omnivion.net\/core\/fr\/projets\/projets-artistiques\/la_domestique\/#breadcrumb"},"inLanguage":"fr-FR","potentialAction":[{"@type":"ReadAction","target":["https:\/\/omnivion.net\/core\/fr\/projets\/projets-artistiques\/la_domestique\/"]}]},{"@type":"BreadcrumbList","@id":"https:\/\/omnivion.net\/core\/fr\/projets\/projets-artistiques\/la_domestique\/#breadcrumb","itemListElement":[{"@type":"ListItem","position":1,"name":"Accueil","item":"https:\/\/omnivion.net\/core\/en\/silverstorm\/"},{"@type":"ListItem","position":2,"name":"Projets","item":"https:\/\/omnivion.net\/core\/fr\/projets\/"},{"@type":"ListItem","position":3,"name":"Projets Artistiques","item":"https:\/\/omnivion.net\/core\/projets\/projets-artistiques\/"},{"@type":"ListItem","position":4,"name":"La Domestique"}]},{"@type":"WebSite","@id":"https:\/\/omnivion.net\/core\/fr\/#website","url":"https:\/\/omnivion.net\/core\/fr\/","name":"omnivion.net","description":"...ARTS D&#039;\u00caTRE CORPS...","potentialAction":[{"@type":"SearchAction","target":{"@type":"EntryPoint","urlTemplate":"https:\/\/omnivion.net\/core\/fr\/?s={search_term_string}"},"query-input":{"@type":"PropertyValueSpecification","valueRequired":true,"valueName":"search_term_string"}}],"inLanguage":"fr-FR"}]}},"jetpack_sharing_enabled":true,"jetpack_shortlink":"https:\/\/wp.me\/P2fe7Q-86","jetpack_likes_enabled":true,"_links":{"self":[{"href":"https:\/\/omnivion.net\/core\/fr\/wp-json\/wp\/v2\/pages\/502","targetHints":{"allow":["GET"]}}],"collection":[{"href":"https:\/\/omnivion.net\/core\/fr\/wp-json\/wp\/v2\/pages"}],"about":[{"href":"https:\/\/omnivion.net\/core\/fr\/wp-json\/wp\/v2\/types\/page"}],"author":[{"embeddable":true,"href":"https:\/\/omnivion.net\/core\/fr\/wp-json\/wp\/v2\/users\/1"}],"replies":[{"embeddable":true,"href":"https:\/\/omnivion.net\/core\/fr\/wp-json\/wp\/v2\/comments?post=502"}],"version-history":[{"count":12,"href":"https:\/\/omnivion.net\/core\/fr\/wp-json\/wp\/v2\/pages\/502\/revisions"}],"predecessor-version":[{"id":2094,"href":"https:\/\/omnivion.net\/core\/fr\/wp-json\/wp\/v2\/pages\/502\/revisions\/2094"}],"up":[{"embeddable":true,"href":"https:\/\/omnivion.net\/core\/fr\/wp-json\/wp\/v2\/pages\/60"}],"wp:attachment":[{"href":"https:\/\/omnivion.net\/core\/fr\/wp-json\/wp\/v2\/media?parent=502"}],"curies":[{"name":"wp","href":"https:\/\/api.w.org\/{rel}","templated":true}]}}