{"id":5009,"date":"2023-06-07T23:03:33","date_gmt":"2023-06-07T22:03:33","guid":{"rendered":"https:\/\/omnivion.net\/core\/?page_id=5009"},"modified":"2023-06-07T23:05:03","modified_gmt":"2023-06-07T22:05:03","slug":"maithy-kourouma","status":"publish","type":"page","link":"https:\/\/omnivion.net\/core\/fr\/team\/maithy-kourouma\/","title":{"rendered":"Ma\u00efthy Kourouma"},"content":{"rendered":"<p><div id=\"attachment_5010\" style=\"width: 810px\" class=\"wp-caption alignnone\"><img data-recalc-dims=\"1\" loading=\"lazy\" decoding=\"async\" aria-describedby=\"caption-attachment-5010\" class=\"size-full wp-image-5010\" src=\"https:\/\/i0.wp.com\/omnivion.net\/core\/wp-content\/uploads\/2023\/06\/%C2%A9-Bernard-DURET-86_edit1_web.jpg?resize=800%2C457\" alt=\"\" width=\"800\" height=\"457\" srcset=\"https:\/\/i0.wp.com\/omnivion.net\/core\/wp-content\/uploads\/2023\/06\/%C2%A9-Bernard-DURET-86_edit1_web.jpg?w=800&amp;ssl=1 800w, https:\/\/i0.wp.com\/omnivion.net\/core\/wp-content\/uploads\/2023\/06\/%C2%A9-Bernard-DURET-86_edit1_web.jpg?resize=300%2C171&amp;ssl=1 300w, https:\/\/i0.wp.com\/omnivion.net\/core\/wp-content\/uploads\/2023\/06\/%C2%A9-Bernard-DURET-86_edit1_web.jpg?resize=768%2C439&amp;ssl=1 768w\" sizes=\"auto, (max-width: 800px) 100vw, 800px\" \/><p id=\"caption-attachment-5010\" class=\"wp-caption-text\">\u00a9 Bernard DURET<\/p><\/div><\/p>\n<p>&nbsp;<\/p>\n<p>Ma\u00efthy Kourouma est un artiste circassien dont la discipline principale est le contortionnisme. Il est \u00e9galement danseur, musicien.<\/p>\n<p>N\u00e9 en 2000 en Guin\u00e9e Conakry, il a commenc\u00e9 \u00e0 danser d\u00e8s l&rsquo;enfance et a pratiqu\u00e9 la danse de rue afro et hip hop.<\/p>\n<p>En 2015, il a eu ses premi\u00e8res exp\u00e9riences avec l&rsquo;acrobatie et le contortionnisme. En 2018 il a \u00e9t\u00e9 engag\u00e9 au Sincirque au S\u00e9n\u00e9gal comme circassien.<\/p>\n<p>En 2021, il est engag\u00e9 au cirque Paparoni, \u00e0 Tunis en Tunisie.<\/p>\n<p>Aujourd&rsquo;hui, il pratique son art au sein de l&rsquo;association Omnivion, mais aussi dans d&rsquo;autres associations.<\/p>","protected":false},"excerpt":{"rendered":"<p>&nbsp; Ma\u00efthy Kourouma est un artiste circassien dont la discipline principale est le [&hellip;]<\/p>\n","protected":false},"author":1,"featured_media":0,"parent":66,"menu_order":0,"comment_status":"closed","ping_status":"closed","template":"","meta":{"jetpack_post_was_ever_published":false,"footnotes":""},"class_list":["post-5009","page","type-page","status-publish","hentry"],"yoast_head":"<!-- This site is optimized with the Yoast SEO plugin v27.4 - https:\/\/yoast.com\/product\/yoast-seo-wordpress\/ -->\n<title>Ma\u00efthy Kourouma - omnivion.net<\/title>\n<meta name=\"robots\" content=\"index, follow, max-snippet:-1, max-image-preview:large, max-video-preview:-1\" \/>\n<link rel=\"canonical\" href=\"https:\/\/omnivion.net\/core\/fr\/team\/maithy-kourouma\/\" \/>\n<meta property=\"og:locale\" content=\"fr_FR\" \/>\n<meta property=\"og:type\" content=\"article\" \/>\n<meta property=\"og:title\" content=\"Ma\u00efthy Kourouma - omnivion.net\" \/>\n<meta property=\"og:description\" content=\"&nbsp; Ma\u00efthy Kourouma est un artiste circassien dont la discipline principale est le [&hellip;]\" \/>\n<meta property=\"og:url\" content=\"https:\/\/omnivion.net\/core\/fr\/team\/maithy-kourouma\/\" \/>\n<meta property=\"og:site_name\" content=\"omnivion.net\" \/>\n<meta property=\"article:modified_time\" content=\"2023-06-07T22:05:03+00:00\" \/>\n<meta name=\"twitter:card\" content=\"summary_large_image\" \/>\n<meta name=\"twitter:label1\" content=\"Dur\u00e9e de lecture estim\u00e9e\" \/>\n\t<meta name=\"twitter:data1\" content=\"1 minute\" \/>\n<script type=\"application\/ld+json\" class=\"yoast-schema-graph\">{\"@context\":\"https:\\\/\\\/schema.org\",\"@graph\":[{\"@type\":\"WebPage\",\"@id\":\"https:\\\/\\\/omnivion.net\\\/core\\\/fr\\\/team\\\/maithy-kourouma\\\/\",\"url\":\"https:\\\/\\\/omnivion.net\\\/core\\\/fr\\\/team\\\/maithy-kourouma\\\/\",\"name\":\"Ma\u00efthy Kourouma - omnivion.net\",\"isPartOf\":{\"@id\":\"https:\\\/\\\/omnivion.net\\\/core\\\/fr\\\/#website\"},\"datePublished\":\"2023-06-07T22:03:33+00:00\",\"dateModified\":\"2023-06-07T22:05:03+00:00\",\"breadcrumb\":{\"@id\":\"https:\\\/\\\/omnivion.net\\\/core\\\/fr\\\/team\\\/maithy-kourouma\\\/#breadcrumb\"},\"inLanguage\":\"fr-FR\",\"potentialAction\":[{\"@type\":\"ReadAction\",\"target\":[\"https:\\\/\\\/omnivion.net\\\/core\\\/fr\\\/team\\\/maithy-kourouma\\\/\"]}]},{\"@type\":\"BreadcrumbList\",\"@id\":\"https:\\\/\\\/omnivion.net\\\/core\\\/fr\\\/team\\\/maithy-kourouma\\\/#breadcrumb\",\"itemListElement\":[{\"@type\":\"ListItem\",\"position\":1,\"name\":\"Accueil\",\"item\":\"https:\\\/\\\/omnivion.net\\\/core\\\/en\\\/silverstorm\\\/\"},{\"@type\":\"ListItem\",\"position\":2,\"name\":\"Equipe\",\"item\":\"https:\\\/\\\/omnivion.net\\\/core\\\/team\\\/\"},{\"@type\":\"ListItem\",\"position\":3,\"name\":\"Ma\u00efthy Kourouma\"}]},{\"@type\":\"WebSite\",\"@id\":\"https:\\\/\\\/omnivion.net\\\/core\\\/fr\\\/#website\",\"url\":\"https:\\\/\\\/omnivion.net\\\/core\\\/fr\\\/\",\"name\":\"omnivion.net\",\"description\":\"...ARTS D&#039;\u00caTRE CORPS...\",\"potentialAction\":[{\"@type\":\"SearchAction\",\"target\":{\"@type\":\"EntryPoint\",\"urlTemplate\":\"https:\\\/\\\/omnivion.net\\\/core\\\/fr\\\/?s={search_term_string}\"},\"query-input\":{\"@type\":\"PropertyValueSpecification\",\"valueRequired\":true,\"valueName\":\"search_term_string\"}}],\"inLanguage\":\"fr-FR\"}]}<\/script>\n<!-- \/ Yoast SEO plugin. -->","yoast_head_json":{"title":"Ma\u00efthy Kourouma - omnivion.net","robots":{"index":"index","follow":"follow","max-snippet":"max-snippet:-1","max-image-preview":"max-image-preview:large","max-video-preview":"max-video-preview:-1"},"canonical":"https:\/\/omnivion.net\/core\/fr\/team\/maithy-kourouma\/","og_locale":"fr_FR","og_type":"article","og_title":"Ma\u00efthy Kourouma - omnivion.net","og_description":"&nbsp; Ma\u00efthy Kourouma est un artiste circassien dont la discipline principale est le [&hellip;]","og_url":"https:\/\/omnivion.net\/core\/fr\/team\/maithy-kourouma\/","og_site_name":"omnivion.net","article_modified_time":"2023-06-07T22:05:03+00:00","twitter_card":"summary_large_image","twitter_misc":{"Dur\u00e9e de lecture estim\u00e9e":"1 minute"},"schema":{"@context":"https:\/\/schema.org","@graph":[{"@type":"WebPage","@id":"https:\/\/omnivion.net\/core\/fr\/team\/maithy-kourouma\/","url":"https:\/\/omnivion.net\/core\/fr\/team\/maithy-kourouma\/","name":"Ma\u00efthy Kourouma - omnivion.net","isPartOf":{"@id":"https:\/\/omnivion.net\/core\/fr\/#website"},"datePublished":"2023-06-07T22:03:33+00:00","dateModified":"2023-06-07T22:05:03+00:00","breadcrumb":{"@id":"https:\/\/omnivion.net\/core\/fr\/team\/maithy-kourouma\/#breadcrumb"},"inLanguage":"fr-FR","potentialAction":[{"@type":"ReadAction","target":["https:\/\/omnivion.net\/core\/fr\/team\/maithy-kourouma\/"]}]},{"@type":"BreadcrumbList","@id":"https:\/\/omnivion.net\/core\/fr\/team\/maithy-kourouma\/#breadcrumb","itemListElement":[{"@type":"ListItem","position":1,"name":"Accueil","item":"https:\/\/omnivion.net\/core\/en\/silverstorm\/"},{"@type":"ListItem","position":2,"name":"Equipe","item":"https:\/\/omnivion.net\/core\/team\/"},{"@type":"ListItem","position":3,"name":"Ma\u00efthy Kourouma"}]},{"@type":"WebSite","@id":"https:\/\/omnivion.net\/core\/fr\/#website","url":"https:\/\/omnivion.net\/core\/fr\/","name":"omnivion.net","description":"...ARTS D&#039;\u00caTRE CORPS...","potentialAction":[{"@type":"SearchAction","target":{"@type":"EntryPoint","urlTemplate":"https:\/\/omnivion.net\/core\/fr\/?s={search_term_string}"},"query-input":{"@type":"PropertyValueSpecification","valueRequired":true,"valueName":"search_term_string"}}],"inLanguage":"fr-FR"}]}},"jetpack_sharing_enabled":true,"jetpack_shortlink":"https:\/\/wp.me\/P2fe7Q-1iN","jetpack_likes_enabled":true,"_links":{"self":[{"href":"https:\/\/omnivion.net\/core\/fr\/wp-json\/wp\/v2\/pages\/5009","targetHints":{"allow":["GET"]}}],"collection":[{"href":"https:\/\/omnivion.net\/core\/fr\/wp-json\/wp\/v2\/pages"}],"about":[{"href":"https:\/\/omnivion.net\/core\/fr\/wp-json\/wp\/v2\/types\/page"}],"author":[{"embeddable":true,"href":"https:\/\/omnivion.net\/core\/fr\/wp-json\/wp\/v2\/users\/1"}],"replies":[{"embeddable":true,"href":"https:\/\/omnivion.net\/core\/fr\/wp-json\/wp\/v2\/comments?post=5009"}],"version-history":[{"count":2,"href":"https:\/\/omnivion.net\/core\/fr\/wp-json\/wp\/v2\/pages\/5009\/revisions"}],"predecessor-version":[{"id":5012,"href":"https:\/\/omnivion.net\/core\/fr\/wp-json\/wp\/v2\/pages\/5009\/revisions\/5012"}],"up":[{"embeddable":true,"href":"https:\/\/omnivion.net\/core\/fr\/wp-json\/wp\/v2\/pages\/66"}],"wp:attachment":[{"href":"https:\/\/omnivion.net\/core\/fr\/wp-json\/wp\/v2\/media?parent=5009"}],"curies":[{"name":"wp","href":"https:\/\/api.w.org\/{rel}","templated":true}]}}