{"id":4929,"date":"2023-02-07T11:03:01","date_gmt":"2023-02-07T10:03:01","guid":{"rendered":"https:\/\/omnivion.net\/core\/?page_id=4929"},"modified":"2025-10-23T08:50:28","modified_gmt":"2025-10-23T07:50:28","slug":"collectif-morsures","status":"publish","type":"page","link":"https:\/\/omnivion.net\/core\/fr\/team\/collectif-morsures\/","title":{"rendered":"COLLECTIF MORSURES"},"content":{"rendered":"<p><img data-recalc-dims=\"1\" loading=\"lazy\" decoding=\"async\" class=\"alignnone size-full wp-image-5839\" src=\"https:\/\/i0.wp.com\/omnivion.net\/core\/wp-content\/uploads\/2025\/10\/20251008_161630_edit_web.jpg?resize=1200%2C572&#038;ssl=1\" alt=\"\" width=\"1200\" height=\"572\" srcset=\"https:\/\/i0.wp.com\/omnivion.net\/core\/wp-content\/uploads\/2025\/10\/20251008_161630_edit_web.jpg?w=1200&amp;ssl=1 1200w, https:\/\/i0.wp.com\/omnivion.net\/core\/wp-content\/uploads\/2025\/10\/20251008_161630_edit_web.jpg?resize=300%2C143&amp;ssl=1 300w, https:\/\/i0.wp.com\/omnivion.net\/core\/wp-content\/uploads\/2025\/10\/20251008_161630_edit_web.jpg?resize=1024%2C488&amp;ssl=1 1024w, https:\/\/i0.wp.com\/omnivion.net\/core\/wp-content\/uploads\/2025\/10\/20251008_161630_edit_web.jpg?resize=768%2C366&amp;ssl=1 768w\" sizes=\"auto, (max-width: 1000px) 100vw, 1000px\" \/><\/p>\n<p>&nbsp;<\/p>\n<p class=\"western\" align=\"left\"><span style=\"font-family: arial, helvetica, sans-serif;\"><b>Le collectif\u00a0<\/b><b>Morsures<\/b><span style=\"font-family: Times New Roman (Vietnamese), serif;\"><b> est ne\u0301 de la rencontre de Catherine Jacoux, Karin Romer com\u00e9diennes, Dimitri Tsiapkinis chor\u00e9graphe et danseur avec <\/b><\/span><a href=\"https:\/\/omnivion.net\/core\/projets\/projets-artistiques\/judith\/\"><span style=\"font-family: Times New Roman (Vietnamese), serif;\"><i><b>Judith. Le Corps se\u0301par\u00e9<\/b><\/i><\/span><\/a><span style=\"font-family: Times New Roman (Vietnamese), serif;\"><b> d&rsquo;Howard Barker\u00a0dans la traduction de Jean-Michel D\u00e9prats (\u00c9ditions The\u0301a\u0302trales).<\/b><\/span><\/span><\/p>\n<p class=\"western\"><span style=\"font-family: arial, helvetica, sans-serif;\">Cr\u00e9\u00e9 en 2020 donc pendant la <span style=\"font-family: Times New Roman (Vietnamese), serif;\">pand\u00e9mie, il est le fruit d\u2019un sentiment d\u2019urgence, d\u2019une soif\u00a0de venir\u00a0s\u2019abreuver a\u0300 la source m\u00eame du th\u00e9\u00e2tre dans sa vitalit\u00e9 sacr\u00e9e\u00a0: le th\u00e9\u00e2tre comme union de trois corps d\u00e9sirants, parlants, pouss\u00e9s par une m\u00eame envie et une m\u00eame jubilation, ils se s<\/span><\/span><span style=\"font-family: Times New Roman, serif;\"><span style=\"font-family: arial, helvetica, sans-serif;\">ont empar\u00e9s de deux pi\u00e8ces d\u00e9j\u00e0 et se sont engag\u00e9s dans un parcours de cr\u00e9ation : <a href=\"https:\/\/omnivion.net\/core\/projets\/projets-artistiques\/judith\/\"><em>Judith<\/em> de Howard Barker<\/a> et &#8211; toujours en cr\u00e9ation &#8211; <em>l&rsquo;Art de la Chute<\/em> de Sara Stridberg.<\/span> <\/span><\/p>\n<p class=\"western\"><span style=\"font-family: arial, helvetica, sans-serif;\">Le Collectif Morsures a fait ses premiers pas sur le plateau du Th\u00e9\u00e2tre Olympia, Centre dramatique national de Tours puis il a pr\u00e9sent\u00e9 une premi\u00e8re \u00e9tape de travail de <a href=\"https:\/\/omnivion.net\/core\/projets\/projets-artistiques\/judith\/\"><em>Judith, le Corps S\u00e9par\u00e9<\/em><\/a> sur le Parvis du Mus\u00e9e ethnographique de Nikiti (Mac\u00e9doine Centrale, Gr\u00e8ce) face \u00e0 la mer \u00c9g\u00e9e, puis il a navigu\u00e9 dans plusieurs structures de la R\u00e9gion Centre, sans oublier un voyage \u00e0 Paris pour une repr\u00e9sentation au Regard du Cygne\u2026 <\/span><br \/>\n<span style=\"font-family: arial, helvetica, sans-serif;\">Ce premier projet est labellis\u00e9 par le Pass Culture. Et Omnivion a re\u00e7u un soutien du Conseil d\u00e9partemental d\u2019Indre-et-Loire pour cette cr\u00e9ation. Le spectacle est toujours disponible en tourn\u00e9e.\u00a0<\/span><br \/>\n<span style=\"font-family: arial, helvetica, sans-serif;\">Heureux de cette premi\u00e8re aventure commune : Catherine Smit-Jacoux, Karin Romer et Dimitri Tsiapkinis ont d\u00e9cid\u00e9 de poursuivre le chemin du Collectif Morsures. Il fallait trouver un texte au plus pr\u00e8s de leurs exigences et aspirations et qui pourrait contribuer \u00e0 affirmer l\u2019identit\u00e9 de leur projet. Ils sont \u00ab tomb\u00e9s \u00bb sur <em>L\u2019Art de la Chute<\/em> de Sara Stridsberg, traduit du su\u00e9dois par Marianne S\u00e9gol-Samoy, publi\u00e9 par l\u2019Arche-\u00e9diteur &amp; agence th\u00e9\u00e2trale. La pi\u00e8ce est encore in\u00e9dite, elle est en cours de cr\u00e9ation et la premi\u00e8re est pr\u00e9vue \u00e0 l&rsquo;Abbaye Royale de Bourgeuil.<\/span><\/p>\n<p>Info : info@omnivion.net<\/p>","protected":false},"excerpt":{"rendered":"<p>&nbsp; Le collectif\u00a0Morsures est ne\u0301 de la rencontre de Catherine Jacoux, Karin Romer [&hellip;]<\/p>\n","protected":false},"author":1,"featured_media":0,"parent":66,"menu_order":0,"comment_status":"closed","ping_status":"closed","template":"","meta":{"jetpack_post_was_ever_published":false,"footnotes":""},"class_list":["post-4929","page","type-page","status-publish","hentry"],"yoast_head":"<!-- This site is optimized with the Yoast SEO plugin v26.8 - https:\/\/yoast.com\/product\/yoast-seo-wordpress\/ -->\n<title>COLLECTIF MORSURES - omnivion.net<\/title>\n<meta name=\"robots\" content=\"index, follow, max-snippet:-1, max-image-preview:large, max-video-preview:-1\" \/>\n<link rel=\"canonical\" href=\"https:\/\/omnivion.net\/core\/fr\/team\/collectif-morsures\/\" \/>\n<meta property=\"og:locale\" content=\"fr_FR\" \/>\n<meta property=\"og:type\" content=\"article\" \/>\n<meta property=\"og:title\" content=\"COLLECTIF MORSURES - omnivion.net\" \/>\n<meta property=\"og:description\" content=\"&nbsp; Le collectif\u00a0Morsures est ne\u0301 de la rencontre de Catherine Jacoux, Karin Romer [&hellip;]\" \/>\n<meta property=\"og:url\" content=\"https:\/\/omnivion.net\/core\/fr\/team\/collectif-morsures\/\" \/>\n<meta property=\"og:site_name\" content=\"omnivion.net\" \/>\n<meta property=\"article:modified_time\" content=\"2025-10-23T07:50:28+00:00\" \/>\n<meta property=\"og:image\" content=\"https:\/\/omnivion.net\/core\/wp-content\/uploads\/2025\/10\/20251008_161630_edit_web.jpg\" \/>\n<meta name=\"twitter:card\" content=\"summary_large_image\" \/>\n<meta name=\"twitter:label1\" content=\"Dur\u00e9e de lecture estim\u00e9e\" \/>\n\t<meta name=\"twitter:data1\" content=\"2 minutes\" \/>\n<script type=\"application\/ld+json\" class=\"yoast-schema-graph\">{\"@context\":\"https:\/\/schema.org\",\"@graph\":[{\"@type\":\"WebPage\",\"@id\":\"https:\/\/omnivion.net\/core\/fr\/team\/collectif-morsures\/\",\"url\":\"https:\/\/omnivion.net\/core\/fr\/team\/collectif-morsures\/\",\"name\":\"COLLECTIF MORSURES - omnivion.net\",\"isPartOf\":{\"@id\":\"https:\/\/omnivion.net\/core\/fr\/#website\"},\"primaryImageOfPage\":{\"@id\":\"https:\/\/omnivion.net\/core\/fr\/team\/collectif-morsures\/#primaryimage\"},\"image\":{\"@id\":\"https:\/\/omnivion.net\/core\/fr\/team\/collectif-morsures\/#primaryimage\"},\"thumbnailUrl\":\"https:\/\/omnivion.net\/core\/wp-content\/uploads\/2025\/10\/20251008_161630_edit_web.jpg\",\"datePublished\":\"2023-02-07T10:03:01+00:00\",\"dateModified\":\"2025-10-23T07:50:28+00:00\",\"breadcrumb\":{\"@id\":\"https:\/\/omnivion.net\/core\/fr\/team\/collectif-morsures\/#breadcrumb\"},\"inLanguage\":\"fr-FR\",\"potentialAction\":[{\"@type\":\"ReadAction\",\"target\":[\"https:\/\/omnivion.net\/core\/fr\/team\/collectif-morsures\/\"]}]},{\"@type\":\"ImageObject\",\"inLanguage\":\"fr-FR\",\"@id\":\"https:\/\/omnivion.net\/core\/fr\/team\/collectif-morsures\/#primaryimage\",\"url\":\"https:\/\/omnivion.net\/core\/wp-content\/uploads\/2025\/10\/20251008_161630_edit_web.jpg\",\"contentUrl\":\"https:\/\/omnivion.net\/core\/wp-content\/uploads\/2025\/10\/20251008_161630_edit_web.jpg\"},{\"@type\":\"BreadcrumbList\",\"@id\":\"https:\/\/omnivion.net\/core\/fr\/team\/collectif-morsures\/#breadcrumb\",\"itemListElement\":[{\"@type\":\"ListItem\",\"position\":1,\"name\":\"Accueil\",\"item\":\"https:\/\/omnivion.net\/core\/en\/silverstorm\/\"},{\"@type\":\"ListItem\",\"position\":2,\"name\":\"Equipe\",\"item\":\"https:\/\/omnivion.net\/core\/team\/\"},{\"@type\":\"ListItem\",\"position\":3,\"name\":\"COLLECTIF MORSURES\"}]},{\"@type\":\"WebSite\",\"@id\":\"https:\/\/omnivion.net\/core\/fr\/#website\",\"url\":\"https:\/\/omnivion.net\/core\/fr\/\",\"name\":\"omnivion.net\",\"description\":\"...ARTS D&#039;\u00caTRE CORPS...\",\"potentialAction\":[{\"@type\":\"SearchAction\",\"target\":{\"@type\":\"EntryPoint\",\"urlTemplate\":\"https:\/\/omnivion.net\/core\/fr\/?s={search_term_string}\"},\"query-input\":{\"@type\":\"PropertyValueSpecification\",\"valueRequired\":true,\"valueName\":\"search_term_string\"}}],\"inLanguage\":\"fr-FR\"}]}<\/script>\n<!-- \/ Yoast SEO plugin. -->","yoast_head_json":{"title":"COLLECTIF MORSURES - omnivion.net","robots":{"index":"index","follow":"follow","max-snippet":"max-snippet:-1","max-image-preview":"max-image-preview:large","max-video-preview":"max-video-preview:-1"},"canonical":"https:\/\/omnivion.net\/core\/fr\/team\/collectif-morsures\/","og_locale":"fr_FR","og_type":"article","og_title":"COLLECTIF MORSURES - omnivion.net","og_description":"&nbsp; Le collectif\u00a0Morsures est ne\u0301 de la rencontre de Catherine Jacoux, Karin Romer [&hellip;]","og_url":"https:\/\/omnivion.net\/core\/fr\/team\/collectif-morsures\/","og_site_name":"omnivion.net","article_modified_time":"2025-10-23T07:50:28+00:00","og_image":[{"url":"https:\/\/omnivion.net\/core\/wp-content\/uploads\/2025\/10\/20251008_161630_edit_web.jpg","type":"","width":"","height":""}],"twitter_card":"summary_large_image","twitter_misc":{"Dur\u00e9e de lecture estim\u00e9e":"2 minutes"},"schema":{"@context":"https:\/\/schema.org","@graph":[{"@type":"WebPage","@id":"https:\/\/omnivion.net\/core\/fr\/team\/collectif-morsures\/","url":"https:\/\/omnivion.net\/core\/fr\/team\/collectif-morsures\/","name":"COLLECTIF MORSURES - omnivion.net","isPartOf":{"@id":"https:\/\/omnivion.net\/core\/fr\/#website"},"primaryImageOfPage":{"@id":"https:\/\/omnivion.net\/core\/fr\/team\/collectif-morsures\/#primaryimage"},"image":{"@id":"https:\/\/omnivion.net\/core\/fr\/team\/collectif-morsures\/#primaryimage"},"thumbnailUrl":"https:\/\/omnivion.net\/core\/wp-content\/uploads\/2025\/10\/20251008_161630_edit_web.jpg","datePublished":"2023-02-07T10:03:01+00:00","dateModified":"2025-10-23T07:50:28+00:00","breadcrumb":{"@id":"https:\/\/omnivion.net\/core\/fr\/team\/collectif-morsures\/#breadcrumb"},"inLanguage":"fr-FR","potentialAction":[{"@type":"ReadAction","target":["https:\/\/omnivion.net\/core\/fr\/team\/collectif-morsures\/"]}]},{"@type":"ImageObject","inLanguage":"fr-FR","@id":"https:\/\/omnivion.net\/core\/fr\/team\/collectif-morsures\/#primaryimage","url":"https:\/\/omnivion.net\/core\/wp-content\/uploads\/2025\/10\/20251008_161630_edit_web.jpg","contentUrl":"https:\/\/omnivion.net\/core\/wp-content\/uploads\/2025\/10\/20251008_161630_edit_web.jpg"},{"@type":"BreadcrumbList","@id":"https:\/\/omnivion.net\/core\/fr\/team\/collectif-morsures\/#breadcrumb","itemListElement":[{"@type":"ListItem","position":1,"name":"Accueil","item":"https:\/\/omnivion.net\/core\/en\/silverstorm\/"},{"@type":"ListItem","position":2,"name":"Equipe","item":"https:\/\/omnivion.net\/core\/team\/"},{"@type":"ListItem","position":3,"name":"COLLECTIF MORSURES"}]},{"@type":"WebSite","@id":"https:\/\/omnivion.net\/core\/fr\/#website","url":"https:\/\/omnivion.net\/core\/fr\/","name":"omnivion.net","description":"...ARTS D&#039;\u00caTRE CORPS...","potentialAction":[{"@type":"SearchAction","target":{"@type":"EntryPoint","urlTemplate":"https:\/\/omnivion.net\/core\/fr\/?s={search_term_string}"},"query-input":{"@type":"PropertyValueSpecification","valueRequired":true,"valueName":"search_term_string"}}],"inLanguage":"fr-FR"}]}},"jetpack_sharing_enabled":true,"jetpack_shortlink":"https:\/\/wp.me\/P2fe7Q-1hv","jetpack_likes_enabled":true,"_links":{"self":[{"href":"https:\/\/omnivion.net\/core\/fr\/wp-json\/wp\/v2\/pages\/4929","targetHints":{"allow":["GET"]}}],"collection":[{"href":"https:\/\/omnivion.net\/core\/fr\/wp-json\/wp\/v2\/pages"}],"about":[{"href":"https:\/\/omnivion.net\/core\/fr\/wp-json\/wp\/v2\/types\/page"}],"author":[{"embeddable":true,"href":"https:\/\/omnivion.net\/core\/fr\/wp-json\/wp\/v2\/users\/1"}],"replies":[{"embeddable":true,"href":"https:\/\/omnivion.net\/core\/fr\/wp-json\/wp\/v2\/comments?post=4929"}],"version-history":[{"count":3,"href":"https:\/\/omnivion.net\/core\/fr\/wp-json\/wp\/v2\/pages\/4929\/revisions"}],"predecessor-version":[{"id":5840,"href":"https:\/\/omnivion.net\/core\/fr\/wp-json\/wp\/v2\/pages\/4929\/revisions\/5840"}],"up":[{"embeddable":true,"href":"https:\/\/omnivion.net\/core\/fr\/wp-json\/wp\/v2\/pages\/66"}],"wp:attachment":[{"href":"https:\/\/omnivion.net\/core\/fr\/wp-json\/wp\/v2\/media?parent=4929"}],"curies":[{"name":"wp","href":"https:\/\/api.w.org\/{rel}","templated":true}]}}