{"id":490,"date":"2012-08-30T22:22:19","date_gmt":"2012-08-30T21:22:19","guid":{"rendered":"http:\/\/www.omnivion.net\/core\/?page_id=490"},"modified":"2022-01-03T12:10:51","modified_gmt":"2022-01-03T11:10:51","slug":"emilie_coudere","status":"publish","type":"page","link":"https:\/\/omnivion.net\/core\/fr\/team\/emilie_coudere\/","title":{"rendered":"Emilie Coud\u00e8re"},"content":{"rendered":"<p><div id=\"attachment_2892\" style=\"width: 810px\" class=\"wp-caption alignnone\"><a href=\"https:\/\/i0.wp.com\/omnivion.net\/core\/wp-content\/uploads\/2018\/09\/DURET-Bernard-130_edit_web.jpg\"><img data-recalc-dims=\"1\" loading=\"lazy\" decoding=\"async\" aria-describedby=\"caption-attachment-2892\" class=\"size-full wp-image-2892\" src=\"https:\/\/i0.wp.com\/omnivion.net\/core\/wp-content\/uploads\/2018\/09\/DURET-Bernard-130_edit_web.jpg?resize=800%2C547\" alt=\"\" width=\"800\" height=\"547\" srcset=\"https:\/\/i0.wp.com\/omnivion.net\/core\/wp-content\/uploads\/2018\/09\/DURET-Bernard-130_edit_web.jpg?w=800&amp;ssl=1 800w, https:\/\/i0.wp.com\/omnivion.net\/core\/wp-content\/uploads\/2018\/09\/DURET-Bernard-130_edit_web.jpg?resize=300%2C205&amp;ssl=1 300w, https:\/\/i0.wp.com\/omnivion.net\/core\/wp-content\/uploads\/2018\/09\/DURET-Bernard-130_edit_web.jpg?resize=768%2C525&amp;ssl=1 768w\" sizes=\"auto, (max-width: 800px) 100vw, 800px\" \/><\/a><p id=\"caption-attachment-2892\" class=\"wp-caption-text\">Photo (edit) \u00a9 Bernard Duret<\/p><\/div><\/p>\n<p>&nbsp;<\/p>\n<h3>Emilie Coud\u00e8re<\/h3>\n<p>est psychologue de profession, elle exerce aupr\u00e8s des jeunes enfants et de leurs parents. Passionn\u00e9e par la danse, elle rencontre diff\u00e9rents professeurs de danse et chor\u00e9graphes au cours de stage et cours annuels.<\/p>\n<p>Entre 2001 et 2007, \u00e0 la facult\u00e9 de psychologie de l\u2019universit\u00e9 Fran\u00e7ois Rabelais de Tours, elle explore la part consciente et inconsciente de l\u2019\u00eatre humain, elle \u00e9tudie les m\u00e9canismes de pens\u00e9e et le comportement des individus. Elle d\u00e9couvrira surtout la singularit\u00e9 du sujet.<\/p>\n<p>Pendant ce temps, elle danse, au SUAPS sous la direction de V\u00e9ronique Sol\u00e9 (2001) et Maria Crespo-Pita pour le Hip-Hop-Jazz.<\/p>\n<p>Attir\u00e9e par les rythmes cadenc\u00e9s et chaloup\u00e9s, elle d\u00e9couvre avec Jamel de l\u2019association Ambre-Eb\u00e8ne des danses m\u00e9tiss\u00e9es \u00ab\u00a0Afro-tropicale\u00a0\u00bb. Ensuite vient le temps des danses de soci\u00e9t\u00e9s \/ de bal tel que la salsa, le tango argentin, le samba et les danses traditionnelles, b\u00e9l\u00e9, rumba (Christiane Emmanuel) et flamenco.<\/p>\n<p>En 2008, elle fr\u00e9quente le Centre Chor\u00e9graphique National de Tours lors de la direction par Bernardo Montet et y rencontre de nombreux chor\u00e9graphes gr\u00e2ce aux stages pour amateurs.<\/p>\n<p>Elle a notamment \u00e9t\u00e9 marqu\u00e9e par la pratique de Latifa La\u00e2bissi, Vincent Dupont, C\u00e9cile Loyer.<\/p>\n<p>Ensuite elle danse avec la Cie Le Talweg avec la transmission de Myriam Lebreton, Francis Plisson et C\u00e9cilia Ribault.<\/p>\n<p>Dans le cadre des danses partag\u00e9es au CND, elle croise le chemin de R\u00e9gine Chopinot, Catherine Diverr\u00e8s, Emmanuelle Huynh et Nina Dipla \u00e0 la M\u00e9nagerie de Verre.<\/p>\n<p>Au fil de ces ann\u00e9es se tisse et se noue l\u2019\u00e9vidence ou l\u2019essentiel de la compl\u00e9mentarit\u00e9 de ces deux aspirations, la psychologie et la danse.<\/p>\n<p>C\u2019est lors des stages au CCNT, qu\u2019elle rencontre Dimitri Tsiapkinis, elle le sollicite pour un entretien afin de mieux conna\u00eetre le travail qu\u2019il propose lors des ateliers Indigo (ateliers men\u00e9s avec des patients en psychiatrie d\u2019abord intra-muros puis dans la cit\u00e9). Comment conjugue-t-il la danse, discipline artistique et la <em>p\u00e9dagogie perceptive<\/em> ?<\/p>\n<p>\u00ab\u00a0Le travail tout en finesse et subtil de Dimitri m\u2019a touch\u00e9e. En dansant avec Omnivion, je flirte avec le sujet sensible singulier qui danse (en moi et chez l\u2019autre) !\u00a0\u00bb<\/p>\n<p>Emilie Coud\u00e8re \u00e9tait pr\u00e9sidente de l\u2019association Omnivion de 2015 \u00e0 2021.<\/p>","protected":false},"excerpt":{"rendered":"<p>&nbsp; Emilie Coud\u00e8re est psychologue de profession, elle exerce aupr\u00e8s des jeunes enfants [&hellip;]<\/p>\n","protected":false},"author":1,"featured_media":0,"parent":66,"menu_order":0,"comment_status":"closed","ping_status":"closed","template":"","meta":{"jetpack_post_was_ever_published":false,"footnotes":""},"class_list":["post-490","page","type-page","status-publish","hentry"],"yoast_head":"<!-- This site is optimized with the Yoast SEO plugin v26.8 - https:\/\/yoast.com\/product\/yoast-seo-wordpress\/ -->\n<title>Emilie Coud\u00e8re - omnivion.net<\/title>\n<meta name=\"robots\" content=\"index, follow, max-snippet:-1, max-image-preview:large, max-video-preview:-1\" \/>\n<link rel=\"canonical\" href=\"https:\/\/omnivion.net\/core\/fr\/team\/emilie_coudere\/\" \/>\n<meta property=\"og:locale\" content=\"fr_FR\" \/>\n<meta property=\"og:type\" content=\"article\" \/>\n<meta property=\"og:title\" content=\"Emilie Coud\u00e8re - omnivion.net\" \/>\n<meta property=\"og:description\" content=\"&nbsp; Emilie Coud\u00e8re est psychologue de profession, elle exerce aupr\u00e8s des jeunes enfants [&hellip;]\" \/>\n<meta property=\"og:url\" content=\"https:\/\/omnivion.net\/core\/fr\/team\/emilie_coudere\/\" \/>\n<meta property=\"og:site_name\" content=\"omnivion.net\" \/>\n<meta property=\"article:modified_time\" content=\"2022-01-03T11:10:51+00:00\" \/>\n<meta property=\"og:image\" content=\"http:\/\/omnivion.net\/core\/wp-content\/uploads\/2018\/09\/DURET-Bernard-130_edit_web.jpg\" \/>\n<meta name=\"twitter:card\" content=\"summary_large_image\" \/>\n<meta name=\"twitter:label1\" content=\"Dur\u00e9e de lecture estim\u00e9e\" \/>\n\t<meta name=\"twitter:data1\" content=\"1 minute\" \/>\n<script type=\"application\/ld+json\" class=\"yoast-schema-graph\">{\"@context\":\"https:\/\/schema.org\",\"@graph\":[{\"@type\":\"WebPage\",\"@id\":\"https:\/\/omnivion.net\/core\/fr\/team\/emilie_coudere\/\",\"url\":\"https:\/\/omnivion.net\/core\/fr\/team\/emilie_coudere\/\",\"name\":\"Emilie Coud\u00e8re - omnivion.net\",\"isPartOf\":{\"@id\":\"https:\/\/omnivion.net\/core\/fr\/#website\"},\"primaryImageOfPage\":{\"@id\":\"https:\/\/omnivion.net\/core\/fr\/team\/emilie_coudere\/#primaryimage\"},\"image\":{\"@id\":\"https:\/\/omnivion.net\/core\/fr\/team\/emilie_coudere\/#primaryimage\"},\"thumbnailUrl\":\"http:\/\/omnivion.net\/core\/wp-content\/uploads\/2018\/09\/DURET-Bernard-130_edit_web.jpg\",\"datePublished\":\"2012-08-30T21:22:19+00:00\",\"dateModified\":\"2022-01-03T11:10:51+00:00\",\"breadcrumb\":{\"@id\":\"https:\/\/omnivion.net\/core\/fr\/team\/emilie_coudere\/#breadcrumb\"},\"inLanguage\":\"fr-FR\",\"potentialAction\":[{\"@type\":\"ReadAction\",\"target\":[\"https:\/\/omnivion.net\/core\/fr\/team\/emilie_coudere\/\"]}]},{\"@type\":\"ImageObject\",\"inLanguage\":\"fr-FR\",\"@id\":\"https:\/\/omnivion.net\/core\/fr\/team\/emilie_coudere\/#primaryimage\",\"url\":\"http:\/\/omnivion.net\/core\/wp-content\/uploads\/2018\/09\/DURET-Bernard-130_edit_web.jpg\",\"contentUrl\":\"http:\/\/omnivion.net\/core\/wp-content\/uploads\/2018\/09\/DURET-Bernard-130_edit_web.jpg\"},{\"@type\":\"BreadcrumbList\",\"@id\":\"https:\/\/omnivion.net\/core\/fr\/team\/emilie_coudere\/#breadcrumb\",\"itemListElement\":[{\"@type\":\"ListItem\",\"position\":1,\"name\":\"Accueil\",\"item\":\"https:\/\/omnivion.net\/core\/en\/silverstorm\/\"},{\"@type\":\"ListItem\",\"position\":2,\"name\":\"Equipe\",\"item\":\"https:\/\/omnivion.net\/core\/team\/\"},{\"@type\":\"ListItem\",\"position\":3,\"name\":\"Emilie Coud\u00e8re\"}]},{\"@type\":\"WebSite\",\"@id\":\"https:\/\/omnivion.net\/core\/fr\/#website\",\"url\":\"https:\/\/omnivion.net\/core\/fr\/\",\"name\":\"omnivion.net\",\"description\":\"...ARTS D&#039;\u00caTRE CORPS...\",\"potentialAction\":[{\"@type\":\"SearchAction\",\"target\":{\"@type\":\"EntryPoint\",\"urlTemplate\":\"https:\/\/omnivion.net\/core\/fr\/?s={search_term_string}\"},\"query-input\":{\"@type\":\"PropertyValueSpecification\",\"valueRequired\":true,\"valueName\":\"search_term_string\"}}],\"inLanguage\":\"fr-FR\"}]}<\/script>\n<!-- \/ Yoast SEO plugin. -->","yoast_head_json":{"title":"Emilie Coud\u00e8re - omnivion.net","robots":{"index":"index","follow":"follow","max-snippet":"max-snippet:-1","max-image-preview":"max-image-preview:large","max-video-preview":"max-video-preview:-1"},"canonical":"https:\/\/omnivion.net\/core\/fr\/team\/emilie_coudere\/","og_locale":"fr_FR","og_type":"article","og_title":"Emilie Coud\u00e8re - omnivion.net","og_description":"&nbsp; Emilie Coud\u00e8re est psychologue de profession, elle exerce aupr\u00e8s des jeunes enfants [&hellip;]","og_url":"https:\/\/omnivion.net\/core\/fr\/team\/emilie_coudere\/","og_site_name":"omnivion.net","article_modified_time":"2022-01-03T11:10:51+00:00","og_image":[{"url":"http:\/\/omnivion.net\/core\/wp-content\/uploads\/2018\/09\/DURET-Bernard-130_edit_web.jpg","type":"","width":"","height":""}],"twitter_card":"summary_large_image","twitter_misc":{"Dur\u00e9e de lecture estim\u00e9e":"1 minute"},"schema":{"@context":"https:\/\/schema.org","@graph":[{"@type":"WebPage","@id":"https:\/\/omnivion.net\/core\/fr\/team\/emilie_coudere\/","url":"https:\/\/omnivion.net\/core\/fr\/team\/emilie_coudere\/","name":"Emilie Coud\u00e8re - omnivion.net","isPartOf":{"@id":"https:\/\/omnivion.net\/core\/fr\/#website"},"primaryImageOfPage":{"@id":"https:\/\/omnivion.net\/core\/fr\/team\/emilie_coudere\/#primaryimage"},"image":{"@id":"https:\/\/omnivion.net\/core\/fr\/team\/emilie_coudere\/#primaryimage"},"thumbnailUrl":"http:\/\/omnivion.net\/core\/wp-content\/uploads\/2018\/09\/DURET-Bernard-130_edit_web.jpg","datePublished":"2012-08-30T21:22:19+00:00","dateModified":"2022-01-03T11:10:51+00:00","breadcrumb":{"@id":"https:\/\/omnivion.net\/core\/fr\/team\/emilie_coudere\/#breadcrumb"},"inLanguage":"fr-FR","potentialAction":[{"@type":"ReadAction","target":["https:\/\/omnivion.net\/core\/fr\/team\/emilie_coudere\/"]}]},{"@type":"ImageObject","inLanguage":"fr-FR","@id":"https:\/\/omnivion.net\/core\/fr\/team\/emilie_coudere\/#primaryimage","url":"http:\/\/omnivion.net\/core\/wp-content\/uploads\/2018\/09\/DURET-Bernard-130_edit_web.jpg","contentUrl":"http:\/\/omnivion.net\/core\/wp-content\/uploads\/2018\/09\/DURET-Bernard-130_edit_web.jpg"},{"@type":"BreadcrumbList","@id":"https:\/\/omnivion.net\/core\/fr\/team\/emilie_coudere\/#breadcrumb","itemListElement":[{"@type":"ListItem","position":1,"name":"Accueil","item":"https:\/\/omnivion.net\/core\/en\/silverstorm\/"},{"@type":"ListItem","position":2,"name":"Equipe","item":"https:\/\/omnivion.net\/core\/team\/"},{"@type":"ListItem","position":3,"name":"Emilie Coud\u00e8re"}]},{"@type":"WebSite","@id":"https:\/\/omnivion.net\/core\/fr\/#website","url":"https:\/\/omnivion.net\/core\/fr\/","name":"omnivion.net","description":"...ARTS D&#039;\u00caTRE CORPS...","potentialAction":[{"@type":"SearchAction","target":{"@type":"EntryPoint","urlTemplate":"https:\/\/omnivion.net\/core\/fr\/?s={search_term_string}"},"query-input":{"@type":"PropertyValueSpecification","valueRequired":true,"valueName":"search_term_string"}}],"inLanguage":"fr-FR"}]}},"jetpack_sharing_enabled":true,"jetpack_shortlink":"https:\/\/wp.me\/P2fe7Q-7U","jetpack_likes_enabled":true,"_links":{"self":[{"href":"https:\/\/omnivion.net\/core\/fr\/wp-json\/wp\/v2\/pages\/490","targetHints":{"allow":["GET"]}}],"collection":[{"href":"https:\/\/omnivion.net\/core\/fr\/wp-json\/wp\/v2\/pages"}],"about":[{"href":"https:\/\/omnivion.net\/core\/fr\/wp-json\/wp\/v2\/types\/page"}],"author":[{"embeddable":true,"href":"https:\/\/omnivion.net\/core\/fr\/wp-json\/wp\/v2\/users\/1"}],"replies":[{"embeddable":true,"href":"https:\/\/omnivion.net\/core\/fr\/wp-json\/wp\/v2\/comments?post=490"}],"version-history":[{"count":11,"href":"https:\/\/omnivion.net\/core\/fr\/wp-json\/wp\/v2\/pages\/490\/revisions"}],"predecessor-version":[{"id":4372,"href":"https:\/\/omnivion.net\/core\/fr\/wp-json\/wp\/v2\/pages\/490\/revisions\/4372"}],"up":[{"embeddable":true,"href":"https:\/\/omnivion.net\/core\/fr\/wp-json\/wp\/v2\/pages\/66"}],"wp:attachment":[{"href":"https:\/\/omnivion.net\/core\/fr\/wp-json\/wp\/v2\/media?parent=490"}],"curies":[{"name":"wp","href":"https:\/\/api.w.org\/{rel}","templated":true}]}}