{"id":4859,"date":"2022-10-30T23:19:24","date_gmt":"2022-10-30T22:19:24","guid":{"rendered":"https:\/\/omnivion.net\/core\/?page_id=4859"},"modified":"2023-02-08T08:10:41","modified_gmt":"2023-02-08T07:10:41","slug":"cours-mensuel","status":"publish","type":"page","link":"https:\/\/omnivion.net\/core\/fr\/projets\/educational-projects\/cours-mensuel\/","title":{"rendered":"Cours mensuel de danse contemporaine"},"content":{"rendered":"<p><img data-recalc-dims=\"1\" loading=\"lazy\" decoding=\"async\" class=\"alignnone size-full wp-image-4860\" src=\"https:\/\/i0.wp.com\/omnivion.net\/core\/wp-content\/uploads\/2022\/10\/FB_IMG_1666613123306_edit.jpg?resize=800%2C474\" alt=\"\" width=\"800\" height=\"474\" srcset=\"https:\/\/i0.wp.com\/omnivion.net\/core\/wp-content\/uploads\/2022\/10\/FB_IMG_1666613123306_edit.jpg?w=800&amp;ssl=1 800w, https:\/\/i0.wp.com\/omnivion.net\/core\/wp-content\/uploads\/2022\/10\/FB_IMG_1666613123306_edit.jpg?resize=300%2C178&amp;ssl=1 300w, https:\/\/i0.wp.com\/omnivion.net\/core\/wp-content\/uploads\/2022\/10\/FB_IMG_1666613123306_edit.jpg?resize=768%2C455&amp;ssl=1 768w\" sizes=\"auto, (max-width: 800px) 100vw, 800px\" \/><\/p>\n<p>&nbsp;<\/p>\n<p><strong>Cours <\/strong><strong>mensuel <\/strong><strong>de danse contemporaine<\/strong>, avec <a href=\"https:\/\/omnivion.net\/core\/team\/cinthia-gomez\/\"><strong>Cinthia Gomez<\/strong><\/a>, \u00e0 la Rabi\u00e8re \u00e0 Jou\u00e9-l\u00e8s-Tours (37300)<\/p>\n<p>Les mercredis, 18H30 &#8211; 20H00 et un vendredi : le 27 janvier, \u00e0 Plurielles (!).<\/p>\n<p>Tarif : 10\u20ac<\/p>\n<p>Une proposition de cours technique, inspir\u00e9 de la danse moderne cubaine et des \u00e9l\u00e9ments des danses traditionnelles mexicaines.<\/p>\n<p><strong>Dates :<\/strong><\/p>\n<p><strong>27 janvier (: exceptionnellement \u00e0 Plurielles, <span class=\"LrzXr\">Salle polyvalente, 2 Av. du G\u00e9n\u00e9ral de Gaulle, 37000 Tours<\/span>!)<\/strong><br \/>\n1 f\u00e9vrier<br \/>\n22 mars<br \/>\n14 avril<br \/>\n24 mai<br \/>\n14 juin<\/p>","protected":false},"excerpt":{"rendered":"<p>&nbsp; Cours mensuel de danse contemporaine, avec Cinthia Gomez, \u00e0 la Rabi\u00e8re \u00e0 [&hellip;]<\/p>\n","protected":false},"author":1,"featured_media":0,"parent":63,"menu_order":0,"comment_status":"closed","ping_status":"closed","template":"","meta":{"jetpack_post_was_ever_published":false,"footnotes":""},"class_list":["post-4859","page","type-page","status-publish","hentry"],"yoast_head":"<!-- This site is optimized with the Yoast SEO plugin v26.8 - https:\/\/yoast.com\/product\/yoast-seo-wordpress\/ -->\n<title>Cours mensuel de danse contemporaine - omnivion.net<\/title>\n<meta name=\"robots\" content=\"index, follow, max-snippet:-1, max-image-preview:large, max-video-preview:-1\" \/>\n<link rel=\"canonical\" href=\"https:\/\/omnivion.net\/core\/fr\/projets\/educational-projects\/cours-mensuel\/\" \/>\n<meta property=\"og:locale\" content=\"fr_FR\" \/>\n<meta property=\"og:type\" content=\"article\" \/>\n<meta property=\"og:title\" content=\"Dansez ave Cinthia Gomez!\" \/>\n<meta property=\"og:description\" content=\"Cours mensuel inspir\u00e9 de la danse moderne cubaine et des \u00e9l\u00e9ments des danses traditionnelles mexicaines\" \/>\n<meta property=\"og:url\" content=\"https:\/\/omnivion.net\/core\/fr\/projets\/educational-projects\/cours-mensuel\/\" \/>\n<meta property=\"og:site_name\" content=\"omnivion.net\" \/>\n<meta property=\"article:modified_time\" content=\"2023-02-08T07:10:41+00:00\" \/>\n<meta property=\"og:image\" content=\"https:\/\/i0.wp.com\/omnivion.net\/core\/wp-content\/uploads\/2022\/10\/FB_IMG_1666613123306_edit.jpg?fit=800%2C474&ssl=1\" \/>\n\t<meta property=\"og:image:width\" content=\"800\" \/>\n\t<meta property=\"og:image:height\" content=\"474\" \/>\n\t<meta property=\"og:image:type\" content=\"image\/jpeg\" \/>\n<meta name=\"twitter:card\" content=\"summary_large_image\" \/>\n<meta name=\"twitter:label1\" content=\"Dur\u00e9e de lecture estim\u00e9e\" \/>\n\t<meta name=\"twitter:data1\" content=\"1 minute\" \/>\n<script type=\"application\/ld+json\" class=\"yoast-schema-graph\">{\"@context\":\"https:\/\/schema.org\",\"@graph\":[{\"@type\":\"WebPage\",\"@id\":\"https:\/\/omnivion.net\/core\/fr\/projets\/educational-projects\/cours-mensuel\/\",\"url\":\"https:\/\/omnivion.net\/core\/fr\/projets\/educational-projects\/cours-mensuel\/\",\"name\":\"Cours mensuel de danse contemporaine - omnivion.net\",\"isPartOf\":{\"@id\":\"https:\/\/omnivion.net\/core\/fr\/#website\"},\"primaryImageOfPage\":{\"@id\":\"https:\/\/omnivion.net\/core\/fr\/projets\/educational-projects\/cours-mensuel\/#primaryimage\"},\"image\":{\"@id\":\"https:\/\/omnivion.net\/core\/fr\/projets\/educational-projects\/cours-mensuel\/#primaryimage\"},\"thumbnailUrl\":\"http:\/\/omnivion.net\/core\/wp-content\/uploads\/2022\/10\/FB_IMG_1666613123306_edit.jpg\",\"datePublished\":\"2022-10-30T22:19:24+00:00\",\"dateModified\":\"2023-02-08T07:10:41+00:00\",\"breadcrumb\":{\"@id\":\"https:\/\/omnivion.net\/core\/fr\/projets\/educational-projects\/cours-mensuel\/#breadcrumb\"},\"inLanguage\":\"fr-FR\",\"potentialAction\":[{\"@type\":\"ReadAction\",\"target\":[\"https:\/\/omnivion.net\/core\/fr\/projets\/educational-projects\/cours-mensuel\/\"]}]},{\"@type\":\"ImageObject\",\"inLanguage\":\"fr-FR\",\"@id\":\"https:\/\/omnivion.net\/core\/fr\/projets\/educational-projects\/cours-mensuel\/#primaryimage\",\"url\":\"http:\/\/omnivion.net\/core\/wp-content\/uploads\/2022\/10\/FB_IMG_1666613123306_edit.jpg\",\"contentUrl\":\"http:\/\/omnivion.net\/core\/wp-content\/uploads\/2022\/10\/FB_IMG_1666613123306_edit.jpg\"},{\"@type\":\"BreadcrumbList\",\"@id\":\"https:\/\/omnivion.net\/core\/fr\/projets\/educational-projects\/cours-mensuel\/#breadcrumb\",\"itemListElement\":[{\"@type\":\"ListItem\",\"position\":1,\"name\":\"Accueil\",\"item\":\"https:\/\/omnivion.net\/core\/en\/silverstorm\/\"},{\"@type\":\"ListItem\",\"position\":2,\"name\":\"Projets\",\"item\":\"https:\/\/omnivion.net\/core\/fr\/projets\/\"},{\"@type\":\"ListItem\",\"position\":3,\"name\":\"Projets Educatifs\",\"item\":\"https:\/\/omnivion.net\/core\/projets\/educational-projects\/\"},{\"@type\":\"ListItem\",\"position\":4,\"name\":\"Cours mensuel de danse contemporaine\"}]},{\"@type\":\"WebSite\",\"@id\":\"https:\/\/omnivion.net\/core\/fr\/#website\",\"url\":\"https:\/\/omnivion.net\/core\/fr\/\",\"name\":\"omnivion.net\",\"description\":\"...ARTS D&#039;\u00caTRE CORPS...\",\"potentialAction\":[{\"@type\":\"SearchAction\",\"target\":{\"@type\":\"EntryPoint\",\"urlTemplate\":\"https:\/\/omnivion.net\/core\/fr\/?s={search_term_string}\"},\"query-input\":{\"@type\":\"PropertyValueSpecification\",\"valueRequired\":true,\"valueName\":\"search_term_string\"}}],\"inLanguage\":\"fr-FR\"}]}<\/script>\n<!-- \/ Yoast SEO plugin. -->","yoast_head_json":{"title":"Cours mensuel de danse contemporaine - omnivion.net","robots":{"index":"index","follow":"follow","max-snippet":"max-snippet:-1","max-image-preview":"max-image-preview:large","max-video-preview":"max-video-preview:-1"},"canonical":"https:\/\/omnivion.net\/core\/fr\/projets\/educational-projects\/cours-mensuel\/","og_locale":"fr_FR","og_type":"article","og_title":"Dansez ave Cinthia Gomez!","og_description":"Cours mensuel inspir\u00e9 de la danse moderne cubaine et des \u00e9l\u00e9ments des danses traditionnelles mexicaines","og_url":"https:\/\/omnivion.net\/core\/fr\/projets\/educational-projects\/cours-mensuel\/","og_site_name":"omnivion.net","article_modified_time":"2023-02-08T07:10:41+00:00","og_image":[{"width":800,"height":474,"url":"https:\/\/i0.wp.com\/omnivion.net\/core\/wp-content\/uploads\/2022\/10\/FB_IMG_1666613123306_edit.jpg?fit=800%2C474&ssl=1","type":"image\/jpeg"}],"twitter_card":"summary_large_image","twitter_misc":{"Dur\u00e9e de lecture estim\u00e9e":"1 minute"},"schema":{"@context":"https:\/\/schema.org","@graph":[{"@type":"WebPage","@id":"https:\/\/omnivion.net\/core\/fr\/projets\/educational-projects\/cours-mensuel\/","url":"https:\/\/omnivion.net\/core\/fr\/projets\/educational-projects\/cours-mensuel\/","name":"Cours mensuel de danse contemporaine - omnivion.net","isPartOf":{"@id":"https:\/\/omnivion.net\/core\/fr\/#website"},"primaryImageOfPage":{"@id":"https:\/\/omnivion.net\/core\/fr\/projets\/educational-projects\/cours-mensuel\/#primaryimage"},"image":{"@id":"https:\/\/omnivion.net\/core\/fr\/projets\/educational-projects\/cours-mensuel\/#primaryimage"},"thumbnailUrl":"http:\/\/omnivion.net\/core\/wp-content\/uploads\/2022\/10\/FB_IMG_1666613123306_edit.jpg","datePublished":"2022-10-30T22:19:24+00:00","dateModified":"2023-02-08T07:10:41+00:00","breadcrumb":{"@id":"https:\/\/omnivion.net\/core\/fr\/projets\/educational-projects\/cours-mensuel\/#breadcrumb"},"inLanguage":"fr-FR","potentialAction":[{"@type":"ReadAction","target":["https:\/\/omnivion.net\/core\/fr\/projets\/educational-projects\/cours-mensuel\/"]}]},{"@type":"ImageObject","inLanguage":"fr-FR","@id":"https:\/\/omnivion.net\/core\/fr\/projets\/educational-projects\/cours-mensuel\/#primaryimage","url":"http:\/\/omnivion.net\/core\/wp-content\/uploads\/2022\/10\/FB_IMG_1666613123306_edit.jpg","contentUrl":"http:\/\/omnivion.net\/core\/wp-content\/uploads\/2022\/10\/FB_IMG_1666613123306_edit.jpg"},{"@type":"BreadcrumbList","@id":"https:\/\/omnivion.net\/core\/fr\/projets\/educational-projects\/cours-mensuel\/#breadcrumb","itemListElement":[{"@type":"ListItem","position":1,"name":"Accueil","item":"https:\/\/omnivion.net\/core\/en\/silverstorm\/"},{"@type":"ListItem","position":2,"name":"Projets","item":"https:\/\/omnivion.net\/core\/fr\/projets\/"},{"@type":"ListItem","position":3,"name":"Projets Educatifs","item":"https:\/\/omnivion.net\/core\/projets\/educational-projects\/"},{"@type":"ListItem","position":4,"name":"Cours mensuel de danse contemporaine"}]},{"@type":"WebSite","@id":"https:\/\/omnivion.net\/core\/fr\/#website","url":"https:\/\/omnivion.net\/core\/fr\/","name":"omnivion.net","description":"...ARTS D&#039;\u00caTRE CORPS...","potentialAction":[{"@type":"SearchAction","target":{"@type":"EntryPoint","urlTemplate":"https:\/\/omnivion.net\/core\/fr\/?s={search_term_string}"},"query-input":{"@type":"PropertyValueSpecification","valueRequired":true,"valueName":"search_term_string"}}],"inLanguage":"fr-FR"}]}},"jetpack_sharing_enabled":true,"jetpack_shortlink":"https:\/\/wp.me\/P2fe7Q-1gn","jetpack_likes_enabled":true,"_links":{"self":[{"href":"https:\/\/omnivion.net\/core\/fr\/wp-json\/wp\/v2\/pages\/4859","targetHints":{"allow":["GET"]}}],"collection":[{"href":"https:\/\/omnivion.net\/core\/fr\/wp-json\/wp\/v2\/pages"}],"about":[{"href":"https:\/\/omnivion.net\/core\/fr\/wp-json\/wp\/v2\/types\/page"}],"author":[{"embeddable":true,"href":"https:\/\/omnivion.net\/core\/fr\/wp-json\/wp\/v2\/users\/1"}],"replies":[{"embeddable":true,"href":"https:\/\/omnivion.net\/core\/fr\/wp-json\/wp\/v2\/comments?post=4859"}],"version-history":[{"count":7,"href":"https:\/\/omnivion.net\/core\/fr\/wp-json\/wp\/v2\/pages\/4859\/revisions"}],"predecessor-version":[{"id":4932,"href":"https:\/\/omnivion.net\/core\/fr\/wp-json\/wp\/v2\/pages\/4859\/revisions\/4932"}],"up":[{"embeddable":true,"href":"https:\/\/omnivion.net\/core\/fr\/wp-json\/wp\/v2\/pages\/63"}],"wp:attachment":[{"href":"https:\/\/omnivion.net\/core\/fr\/wp-json\/wp\/v2\/media?parent=4859"}],"curies":[{"name":"wp","href":"https:\/\/api.w.org\/{rel}","templated":true}]}}