{"id":4854,"date":"2022-10-30T22:55:15","date_gmt":"2022-10-30T21:55:15","guid":{"rendered":"https:\/\/omnivion.net\/core\/?page_id=4854"},"modified":"2022-10-30T22:55:15","modified_gmt":"2022-10-30T21:55:15","slug":"cinthia-gomez","status":"publish","type":"page","link":"https:\/\/omnivion.net\/core\/fr\/team\/cinthia-gomez\/","title":{"rendered":"Cinthia Gomez"},"content":{"rendered":"<p><div id=\"attachment_4855\" style=\"width: 810px\" class=\"wp-caption alignnone\"><img data-recalc-dims=\"1\" loading=\"lazy\" decoding=\"async\" aria-describedby=\"caption-attachment-4855\" class=\"size-full wp-image-4855\" src=\"https:\/\/i0.wp.com\/omnivion.net\/core\/wp-content\/uploads\/2022\/10\/Bernard-DURET-40_edit_web.jpg?resize=800%2C363\" alt=\"\" width=\"800\" height=\"363\" srcset=\"https:\/\/i0.wp.com\/omnivion.net\/core\/wp-content\/uploads\/2022\/10\/Bernard-DURET-40_edit_web.jpg?w=800&amp;ssl=1 800w, https:\/\/i0.wp.com\/omnivion.net\/core\/wp-content\/uploads\/2022\/10\/Bernard-DURET-40_edit_web.jpg?resize=300%2C136&amp;ssl=1 300w, https:\/\/i0.wp.com\/omnivion.net\/core\/wp-content\/uploads\/2022\/10\/Bernard-DURET-40_edit_web.jpg?resize=768%2C348&amp;ssl=1 768w\" sizes=\"auto, (max-width: 800px) 100vw, 800px\" \/><p id=\"caption-attachment-4855\" class=\"wp-caption-text\">Photo par Bernard Duret<\/p><\/div><\/p>\n<p>&nbsp;<\/p>\n<p><strong><span style=\"font-size: x-large;\">Cinthia Gomez<\/span><\/strong><\/p>\n<p>est danseuse professionnelle, dipl\u00f4m\u00e9e en danse contemporaine de l\u2019\u00c9cole de danse d\u2019\u00c9tat de San Luis Potos\u00ed au Mexique (2009-2013).<\/p>\n<p>En 2017, elle a suivi des s\u00e9minaires de recherche, d\u2019analyse et de p\u00e9dagogie de la danse, a \u00e9tudi\u00e9 la danse moderne cubaine dans un stage international \u00e0 la Havane. Apr\u00e8s avoir termin\u00e9 ses \u00e9tudes et avoir dans\u00e9 avec la compagnie de danse <i>Nucleo danza, <\/i>elle retourne \u00e0 Guerrero, sa ville natale, o\u00f9 elle est invit\u00e9e en tant que danseuse et chor\u00e9graphe du projet <i>Los diablos del Cerro de las Tablas<\/i> pr\u00e9sent\u00e9 au Centre Pompidou \u00e0 Paris en novembre 2013 et au Festival Mestizo Arts \u00e0 Anvers en octobre 2014.<\/p>\n<p>Elle a particip\u00e9 \u00e0 la fondation de la Compagnie de danse contemporaine d\u2019Acapulco en 2016, au projet de danse <i>Magic et Illusionismo<\/i> au Grand Rex \u00e0 Paris en octobre 2018 et au projet Rad\u201902 de la Compagnie Chiendent durant l\u2019\u00e9t\u00e9 2022.<\/p>\n<p>Elle vit actuellement \u00e0 Tours o\u00f9 elle danse et enseigne au sein de l\u2019association de danse inclusive Omnivion.<\/p>","protected":false},"excerpt":{"rendered":"<p>&nbsp; Cinthia Gomez est danseuse professionnelle, dipl\u00f4m\u00e9e en danse contemporaine de l\u2019\u00c9cole de [&hellip;]<\/p>\n","protected":false},"author":1,"featured_media":0,"parent":66,"menu_order":0,"comment_status":"closed","ping_status":"closed","template":"","meta":{"jetpack_post_was_ever_published":false,"footnotes":""},"class_list":["post-4854","page","type-page","status-publish","hentry"],"yoast_head":"<!-- This site is optimized with the Yoast SEO plugin v27.4 - https:\/\/yoast.com\/product\/yoast-seo-wordpress\/ -->\n<title>Cinthia Gomez - omnivion.net<\/title>\n<meta name=\"robots\" content=\"index, follow, max-snippet:-1, max-image-preview:large, max-video-preview:-1\" \/>\n<link rel=\"canonical\" href=\"https:\/\/omnivion.net\/core\/fr\/team\/cinthia-gomez\/\" \/>\n<meta property=\"og:locale\" content=\"fr_FR\" \/>\n<meta property=\"og:type\" content=\"article\" \/>\n<meta property=\"og:title\" content=\"Cinthia Gomez - omnivion.net\" \/>\n<meta property=\"og:description\" content=\"&nbsp; Cinthia Gomez est danseuse professionnelle, dipl\u00f4m\u00e9e en danse contemporaine de l\u2019\u00c9cole de [&hellip;]\" \/>\n<meta property=\"og:url\" content=\"https:\/\/omnivion.net\/core\/fr\/team\/cinthia-gomez\/\" \/>\n<meta property=\"og:site_name\" content=\"omnivion.net\" \/>\n<meta property=\"og:image\" content=\"http:\/\/omnivion.net\/core\/wp-content\/uploads\/2022\/10\/Bernard-DURET-40_edit_web.jpg\" \/>\n<meta name=\"twitter:card\" content=\"summary_large_image\" \/>\n<meta name=\"twitter:label1\" content=\"Dur\u00e9e de lecture estim\u00e9e\" \/>\n\t<meta name=\"twitter:data1\" content=\"2 minutes\" \/>\n<script type=\"application\/ld+json\" class=\"yoast-schema-graph\">{\"@context\":\"https:\\\/\\\/schema.org\",\"@graph\":[{\"@type\":\"WebPage\",\"@id\":\"https:\\\/\\\/omnivion.net\\\/core\\\/fr\\\/team\\\/cinthia-gomez\\\/\",\"url\":\"https:\\\/\\\/omnivion.net\\\/core\\\/fr\\\/team\\\/cinthia-gomez\\\/\",\"name\":\"Cinthia Gomez - omnivion.net\",\"isPartOf\":{\"@id\":\"https:\\\/\\\/omnivion.net\\\/core\\\/fr\\\/#website\"},\"primaryImageOfPage\":{\"@id\":\"https:\\\/\\\/omnivion.net\\\/core\\\/fr\\\/team\\\/cinthia-gomez\\\/#primaryimage\"},\"image\":{\"@id\":\"https:\\\/\\\/omnivion.net\\\/core\\\/fr\\\/team\\\/cinthia-gomez\\\/#primaryimage\"},\"thumbnailUrl\":\"http:\\\/\\\/omnivion.net\\\/core\\\/wp-content\\\/uploads\\\/2022\\\/10\\\/Bernard-DURET-40_edit_web.jpg\",\"datePublished\":\"2022-10-30T21:55:15+00:00\",\"breadcrumb\":{\"@id\":\"https:\\\/\\\/omnivion.net\\\/core\\\/fr\\\/team\\\/cinthia-gomez\\\/#breadcrumb\"},\"inLanguage\":\"fr-FR\",\"potentialAction\":[{\"@type\":\"ReadAction\",\"target\":[\"https:\\\/\\\/omnivion.net\\\/core\\\/fr\\\/team\\\/cinthia-gomez\\\/\"]}]},{\"@type\":\"ImageObject\",\"inLanguage\":\"fr-FR\",\"@id\":\"https:\\\/\\\/omnivion.net\\\/core\\\/fr\\\/team\\\/cinthia-gomez\\\/#primaryimage\",\"url\":\"http:\\\/\\\/omnivion.net\\\/core\\\/wp-content\\\/uploads\\\/2022\\\/10\\\/Bernard-DURET-40_edit_web.jpg\",\"contentUrl\":\"http:\\\/\\\/omnivion.net\\\/core\\\/wp-content\\\/uploads\\\/2022\\\/10\\\/Bernard-DURET-40_edit_web.jpg\"},{\"@type\":\"BreadcrumbList\",\"@id\":\"https:\\\/\\\/omnivion.net\\\/core\\\/fr\\\/team\\\/cinthia-gomez\\\/#breadcrumb\",\"itemListElement\":[{\"@type\":\"ListItem\",\"position\":1,\"name\":\"Accueil\",\"item\":\"https:\\\/\\\/omnivion.net\\\/core\\\/en\\\/silverstorm\\\/\"},{\"@type\":\"ListItem\",\"position\":2,\"name\":\"Equipe\",\"item\":\"https:\\\/\\\/omnivion.net\\\/core\\\/team\\\/\"},{\"@type\":\"ListItem\",\"position\":3,\"name\":\"Cinthia Gomez\"}]},{\"@type\":\"WebSite\",\"@id\":\"https:\\\/\\\/omnivion.net\\\/core\\\/fr\\\/#website\",\"url\":\"https:\\\/\\\/omnivion.net\\\/core\\\/fr\\\/\",\"name\":\"omnivion.net\",\"description\":\"...ARTS D&#039;\u00caTRE CORPS...\",\"potentialAction\":[{\"@type\":\"SearchAction\",\"target\":{\"@type\":\"EntryPoint\",\"urlTemplate\":\"https:\\\/\\\/omnivion.net\\\/core\\\/fr\\\/?s={search_term_string}\"},\"query-input\":{\"@type\":\"PropertyValueSpecification\",\"valueRequired\":true,\"valueName\":\"search_term_string\"}}],\"inLanguage\":\"fr-FR\"}]}<\/script>\n<!-- \/ Yoast SEO plugin. -->","yoast_head_json":{"title":"Cinthia Gomez - omnivion.net","robots":{"index":"index","follow":"follow","max-snippet":"max-snippet:-1","max-image-preview":"max-image-preview:large","max-video-preview":"max-video-preview:-1"},"canonical":"https:\/\/omnivion.net\/core\/fr\/team\/cinthia-gomez\/","og_locale":"fr_FR","og_type":"article","og_title":"Cinthia Gomez - omnivion.net","og_description":"&nbsp; Cinthia Gomez est danseuse professionnelle, dipl\u00f4m\u00e9e en danse contemporaine de l\u2019\u00c9cole de [&hellip;]","og_url":"https:\/\/omnivion.net\/core\/fr\/team\/cinthia-gomez\/","og_site_name":"omnivion.net","og_image":[{"url":"http:\/\/omnivion.net\/core\/wp-content\/uploads\/2022\/10\/Bernard-DURET-40_edit_web.jpg","type":"","width":"","height":""}],"twitter_card":"summary_large_image","twitter_misc":{"Dur\u00e9e de lecture estim\u00e9e":"2 minutes"},"schema":{"@context":"https:\/\/schema.org","@graph":[{"@type":"WebPage","@id":"https:\/\/omnivion.net\/core\/fr\/team\/cinthia-gomez\/","url":"https:\/\/omnivion.net\/core\/fr\/team\/cinthia-gomez\/","name":"Cinthia Gomez - omnivion.net","isPartOf":{"@id":"https:\/\/omnivion.net\/core\/fr\/#website"},"primaryImageOfPage":{"@id":"https:\/\/omnivion.net\/core\/fr\/team\/cinthia-gomez\/#primaryimage"},"image":{"@id":"https:\/\/omnivion.net\/core\/fr\/team\/cinthia-gomez\/#primaryimage"},"thumbnailUrl":"http:\/\/omnivion.net\/core\/wp-content\/uploads\/2022\/10\/Bernard-DURET-40_edit_web.jpg","datePublished":"2022-10-30T21:55:15+00:00","breadcrumb":{"@id":"https:\/\/omnivion.net\/core\/fr\/team\/cinthia-gomez\/#breadcrumb"},"inLanguage":"fr-FR","potentialAction":[{"@type":"ReadAction","target":["https:\/\/omnivion.net\/core\/fr\/team\/cinthia-gomez\/"]}]},{"@type":"ImageObject","inLanguage":"fr-FR","@id":"https:\/\/omnivion.net\/core\/fr\/team\/cinthia-gomez\/#primaryimage","url":"http:\/\/omnivion.net\/core\/wp-content\/uploads\/2022\/10\/Bernard-DURET-40_edit_web.jpg","contentUrl":"http:\/\/omnivion.net\/core\/wp-content\/uploads\/2022\/10\/Bernard-DURET-40_edit_web.jpg"},{"@type":"BreadcrumbList","@id":"https:\/\/omnivion.net\/core\/fr\/team\/cinthia-gomez\/#breadcrumb","itemListElement":[{"@type":"ListItem","position":1,"name":"Accueil","item":"https:\/\/omnivion.net\/core\/en\/silverstorm\/"},{"@type":"ListItem","position":2,"name":"Equipe","item":"https:\/\/omnivion.net\/core\/team\/"},{"@type":"ListItem","position":3,"name":"Cinthia Gomez"}]},{"@type":"WebSite","@id":"https:\/\/omnivion.net\/core\/fr\/#website","url":"https:\/\/omnivion.net\/core\/fr\/","name":"omnivion.net","description":"...ARTS D&#039;\u00caTRE CORPS...","potentialAction":[{"@type":"SearchAction","target":{"@type":"EntryPoint","urlTemplate":"https:\/\/omnivion.net\/core\/fr\/?s={search_term_string}"},"query-input":{"@type":"PropertyValueSpecification","valueRequired":true,"valueName":"search_term_string"}}],"inLanguage":"fr-FR"}]}},"jetpack_sharing_enabled":true,"jetpack_shortlink":"https:\/\/wp.me\/P2fe7Q-1gi","jetpack_likes_enabled":true,"_links":{"self":[{"href":"https:\/\/omnivion.net\/core\/fr\/wp-json\/wp\/v2\/pages\/4854","targetHints":{"allow":["GET"]}}],"collection":[{"href":"https:\/\/omnivion.net\/core\/fr\/wp-json\/wp\/v2\/pages"}],"about":[{"href":"https:\/\/omnivion.net\/core\/fr\/wp-json\/wp\/v2\/types\/page"}],"author":[{"embeddable":true,"href":"https:\/\/omnivion.net\/core\/fr\/wp-json\/wp\/v2\/users\/1"}],"replies":[{"embeddable":true,"href":"https:\/\/omnivion.net\/core\/fr\/wp-json\/wp\/v2\/comments?post=4854"}],"version-history":[{"count":1,"href":"https:\/\/omnivion.net\/core\/fr\/wp-json\/wp\/v2\/pages\/4854\/revisions"}],"predecessor-version":[{"id":4856,"href":"https:\/\/omnivion.net\/core\/fr\/wp-json\/wp\/v2\/pages\/4854\/revisions\/4856"}],"up":[{"embeddable":true,"href":"https:\/\/omnivion.net\/core\/fr\/wp-json\/wp\/v2\/pages\/66"}],"wp:attachment":[{"href":"https:\/\/omnivion.net\/core\/fr\/wp-json\/wp\/v2\/media?parent=4854"}],"curies":[{"name":"wp","href":"https:\/\/api.w.org\/{rel}","templated":true}]}}