{"id":479,"date":"2012-08-30T21:49:36","date_gmt":"2012-08-30T20:49:36","guid":{"rendered":"http:\/\/www.omnivion.net\/core\/?page_id=479"},"modified":"2022-05-18T16:08:37","modified_gmt":"2022-05-18T15:08:37","slug":"ahlam-ettamri","status":"publish","type":"page","link":"https:\/\/omnivion.net\/core\/fr\/team\/ahlam-ettamri\/","title":{"rendered":"Ahlam Ettamri"},"content":{"rendered":"<p><img data-recalc-dims=\"1\" loading=\"lazy\" decoding=\"async\" class=\"alignnone size-full wp-image-483\" src=\"https:\/\/i0.wp.com\/omnivion.net\/core\/wp-content\/uploads\/2012\/08\/P1130010b_web.jpg?resize=800%2C354\" alt=\"\" width=\"800\" height=\"354\" srcset=\"https:\/\/i0.wp.com\/omnivion.net\/core\/wp-content\/uploads\/2012\/08\/P1130010b_web.jpg?w=800&amp;ssl=1 800w, https:\/\/i0.wp.com\/omnivion.net\/core\/wp-content\/uploads\/2012\/08\/P1130010b_web.jpg?resize=300%2C132&amp;ssl=1 300w\" sizes=\"auto, (max-width: 800px) 100vw, 800px\" \/><br \/>\n&nbsp;<\/p>\n<p>Ahlam Ettamri suit d\u00e8s 2002, la formation de danse contemporaine Al Mokhtabar, dispens\u00e9e par la compagnie Anania au Maroc (Marrakech). Suite \u00e0 cette formation elle obtient une bourse d\u2019\u00e9tudes de deux ans par l\u2019Ambassade de la France au Maroc, et le Centre chor\u00e9graphique national de Tours (CCNT). Elle est alors admise au Conservatoire \u00e0 Rayonnement R\u00e9gional Francis Poulenc de Tours et\u00a0 participe en parall\u00e8le aux stages organis\u00e9s par le CCNT sous la direction de Bernardo Montet. Elle continue de se former en int\u00e9grant la Classe danse \u2013 \u00e9tudes de Hallet Eghayan \u00e0 Lyon, puis l\u2019\u00e9cole Nationale de musique et danse de Montreuil. Entre 2004 et 2011, elle est interpr\u00e8te pour la compagnie de danse Anania \u00e0 Marrakech, dirig\u00e9e conjointement par Taoufiq Izeddiou, Bouchra Ouizguen et Sa\u00efd Ait El Moumen. Elle a particip\u00e9 \u00e0 toutes les cr\u00e9ations de T.Izeddiou et l\u2019accompagne lors de ses tourn\u00e9es en Europe et en Afrique jusqu\u2019en 2011. En 2005, elle collabore \u00e0 la cr\u00e9ation <em>Apn\u00e9e<\/em> de Dimitri Tsiapkinis, avec la compagnie de danse xsoma, \u00e0 Thessaloniki en Gr\u00e8ce.\u00a0 Pour Omnivion elle a propos\u00e9 deux performances\u00a0au <a href=\"http:\/\/www.ccntours.com\/\" target=\"_blank\" rel=\"noopener\">Centre Chor\u00e9graphique National de Tours<\/a> : <em>La Domestique<\/em> qui a \u00e9t\u00e9 pr\u00e9sent\u00e9 dans le cadre de Plumes d&rsquo;Afrique (2012) et <em>Duel des Roses<\/em> pendant <a title=\"Newtopia 2.0\" href=\"http:\/\/www.omnivion.net\/core\/projets\/projets-artistiques\/newtopia-2-0\/\">Newtopia 2<\/a> (2014). Entre 2014 et 2017, elle a \u00e9t\u00e9 assistante chor\u00e9graphe pour le projet Newtopia.<\/p>","protected":false},"excerpt":{"rendered":"<p>&nbsp; Ahlam Ettamri suit d\u00e8s 2002, la formation de danse contemporaine Al Mokhtabar, [&hellip;]<\/p>\n","protected":false},"author":1,"featured_media":0,"parent":66,"menu_order":0,"comment_status":"closed","ping_status":"closed","template":"","meta":{"jetpack_post_was_ever_published":false,"footnotes":""},"class_list":["post-479","page","type-page","status-publish","hentry"],"yoast_head":"<!-- This site is optimized with the Yoast SEO plugin v26.8 - https:\/\/yoast.com\/product\/yoast-seo-wordpress\/ -->\n<title>Ahlam Ettamri - omnivion.net<\/title>\n<meta name=\"robots\" content=\"index, follow, max-snippet:-1, max-image-preview:large, max-video-preview:-1\" \/>\n<link rel=\"canonical\" href=\"https:\/\/omnivion.net\/core\/fr\/team\/ahlam-ettamri\/\" \/>\n<meta property=\"og:locale\" content=\"fr_FR\" \/>\n<meta property=\"og:type\" content=\"article\" \/>\n<meta property=\"og:title\" content=\"Ahlam Ettamri - omnivion.net\" \/>\n<meta property=\"og:description\" content=\"&nbsp; Ahlam Ettamri suit d\u00e8s 2002, la formation de danse contemporaine Al Mokhtabar, [&hellip;]\" \/>\n<meta property=\"og:url\" content=\"https:\/\/omnivion.net\/core\/fr\/team\/ahlam-ettamri\/\" \/>\n<meta property=\"og:site_name\" content=\"omnivion.net\" \/>\n<meta property=\"article:modified_time\" content=\"2022-05-18T15:08:37+00:00\" \/>\n<meta property=\"og:image\" content=\"http:\/\/omnivion.net\/core\/wp-content\/uploads\/2012\/08\/P1130010b_web.jpg\" \/>\n<meta name=\"twitter:card\" content=\"summary_large_image\" \/>\n<meta name=\"twitter:label1\" content=\"Dur\u00e9e de lecture estim\u00e9e\" \/>\n\t<meta name=\"twitter:data1\" content=\"2 minutes\" \/>\n<script type=\"application\/ld+json\" class=\"yoast-schema-graph\">{\"@context\":\"https:\/\/schema.org\",\"@graph\":[{\"@type\":\"WebPage\",\"@id\":\"https:\/\/omnivion.net\/core\/fr\/team\/ahlam-ettamri\/\",\"url\":\"https:\/\/omnivion.net\/core\/fr\/team\/ahlam-ettamri\/\",\"name\":\"Ahlam Ettamri - omnivion.net\",\"isPartOf\":{\"@id\":\"https:\/\/omnivion.net\/core\/fr\/#website\"},\"primaryImageOfPage\":{\"@id\":\"https:\/\/omnivion.net\/core\/fr\/team\/ahlam-ettamri\/#primaryimage\"},\"image\":{\"@id\":\"https:\/\/omnivion.net\/core\/fr\/team\/ahlam-ettamri\/#primaryimage\"},\"thumbnailUrl\":\"http:\/\/omnivion.net\/core\/wp-content\/uploads\/2012\/08\/P1130010b_web.jpg\",\"datePublished\":\"2012-08-30T20:49:36+00:00\",\"dateModified\":\"2022-05-18T15:08:37+00:00\",\"breadcrumb\":{\"@id\":\"https:\/\/omnivion.net\/core\/fr\/team\/ahlam-ettamri\/#breadcrumb\"},\"inLanguage\":\"fr-FR\",\"potentialAction\":[{\"@type\":\"ReadAction\",\"target\":[\"https:\/\/omnivion.net\/core\/fr\/team\/ahlam-ettamri\/\"]}]},{\"@type\":\"ImageObject\",\"inLanguage\":\"fr-FR\",\"@id\":\"https:\/\/omnivion.net\/core\/fr\/team\/ahlam-ettamri\/#primaryimage\",\"url\":\"http:\/\/omnivion.net\/core\/wp-content\/uploads\/2012\/08\/P1130010b_web.jpg\",\"contentUrl\":\"http:\/\/omnivion.net\/core\/wp-content\/uploads\/2012\/08\/P1130010b_web.jpg\"},{\"@type\":\"BreadcrumbList\",\"@id\":\"https:\/\/omnivion.net\/core\/fr\/team\/ahlam-ettamri\/#breadcrumb\",\"itemListElement\":[{\"@type\":\"ListItem\",\"position\":1,\"name\":\"Accueil\",\"item\":\"https:\/\/omnivion.net\/core\/en\/silverstorm\/\"},{\"@type\":\"ListItem\",\"position\":2,\"name\":\"Equipe\",\"item\":\"https:\/\/omnivion.net\/core\/team\/\"},{\"@type\":\"ListItem\",\"position\":3,\"name\":\"Ahlam Ettamri\"}]},{\"@type\":\"WebSite\",\"@id\":\"https:\/\/omnivion.net\/core\/fr\/#website\",\"url\":\"https:\/\/omnivion.net\/core\/fr\/\",\"name\":\"omnivion.net\",\"description\":\"...ARTS D&#039;\u00caTRE CORPS...\",\"potentialAction\":[{\"@type\":\"SearchAction\",\"target\":{\"@type\":\"EntryPoint\",\"urlTemplate\":\"https:\/\/omnivion.net\/core\/fr\/?s={search_term_string}\"},\"query-input\":{\"@type\":\"PropertyValueSpecification\",\"valueRequired\":true,\"valueName\":\"search_term_string\"}}],\"inLanguage\":\"fr-FR\"}]}<\/script>\n<!-- \/ Yoast SEO plugin. -->","yoast_head_json":{"title":"Ahlam Ettamri - omnivion.net","robots":{"index":"index","follow":"follow","max-snippet":"max-snippet:-1","max-image-preview":"max-image-preview:large","max-video-preview":"max-video-preview:-1"},"canonical":"https:\/\/omnivion.net\/core\/fr\/team\/ahlam-ettamri\/","og_locale":"fr_FR","og_type":"article","og_title":"Ahlam Ettamri - omnivion.net","og_description":"&nbsp; Ahlam Ettamri suit d\u00e8s 2002, la formation de danse contemporaine Al Mokhtabar, [&hellip;]","og_url":"https:\/\/omnivion.net\/core\/fr\/team\/ahlam-ettamri\/","og_site_name":"omnivion.net","article_modified_time":"2022-05-18T15:08:37+00:00","og_image":[{"url":"http:\/\/omnivion.net\/core\/wp-content\/uploads\/2012\/08\/P1130010b_web.jpg","type":"","width":"","height":""}],"twitter_card":"summary_large_image","twitter_misc":{"Dur\u00e9e de lecture estim\u00e9e":"2 minutes"},"schema":{"@context":"https:\/\/schema.org","@graph":[{"@type":"WebPage","@id":"https:\/\/omnivion.net\/core\/fr\/team\/ahlam-ettamri\/","url":"https:\/\/omnivion.net\/core\/fr\/team\/ahlam-ettamri\/","name":"Ahlam Ettamri - omnivion.net","isPartOf":{"@id":"https:\/\/omnivion.net\/core\/fr\/#website"},"primaryImageOfPage":{"@id":"https:\/\/omnivion.net\/core\/fr\/team\/ahlam-ettamri\/#primaryimage"},"image":{"@id":"https:\/\/omnivion.net\/core\/fr\/team\/ahlam-ettamri\/#primaryimage"},"thumbnailUrl":"http:\/\/omnivion.net\/core\/wp-content\/uploads\/2012\/08\/P1130010b_web.jpg","datePublished":"2012-08-30T20:49:36+00:00","dateModified":"2022-05-18T15:08:37+00:00","breadcrumb":{"@id":"https:\/\/omnivion.net\/core\/fr\/team\/ahlam-ettamri\/#breadcrumb"},"inLanguage":"fr-FR","potentialAction":[{"@type":"ReadAction","target":["https:\/\/omnivion.net\/core\/fr\/team\/ahlam-ettamri\/"]}]},{"@type":"ImageObject","inLanguage":"fr-FR","@id":"https:\/\/omnivion.net\/core\/fr\/team\/ahlam-ettamri\/#primaryimage","url":"http:\/\/omnivion.net\/core\/wp-content\/uploads\/2012\/08\/P1130010b_web.jpg","contentUrl":"http:\/\/omnivion.net\/core\/wp-content\/uploads\/2012\/08\/P1130010b_web.jpg"},{"@type":"BreadcrumbList","@id":"https:\/\/omnivion.net\/core\/fr\/team\/ahlam-ettamri\/#breadcrumb","itemListElement":[{"@type":"ListItem","position":1,"name":"Accueil","item":"https:\/\/omnivion.net\/core\/en\/silverstorm\/"},{"@type":"ListItem","position":2,"name":"Equipe","item":"https:\/\/omnivion.net\/core\/team\/"},{"@type":"ListItem","position":3,"name":"Ahlam Ettamri"}]},{"@type":"WebSite","@id":"https:\/\/omnivion.net\/core\/fr\/#website","url":"https:\/\/omnivion.net\/core\/fr\/","name":"omnivion.net","description":"...ARTS D&#039;\u00caTRE CORPS...","potentialAction":[{"@type":"SearchAction","target":{"@type":"EntryPoint","urlTemplate":"https:\/\/omnivion.net\/core\/fr\/?s={search_term_string}"},"query-input":{"@type":"PropertyValueSpecification","valueRequired":true,"valueName":"search_term_string"}}],"inLanguage":"fr-FR"}]}},"jetpack_sharing_enabled":true,"jetpack_shortlink":"https:\/\/wp.me\/P2fe7Q-7J","jetpack_likes_enabled":true,"_links":{"self":[{"href":"https:\/\/omnivion.net\/core\/fr\/wp-json\/wp\/v2\/pages\/479","targetHints":{"allow":["GET"]}}],"collection":[{"href":"https:\/\/omnivion.net\/core\/fr\/wp-json\/wp\/v2\/pages"}],"about":[{"href":"https:\/\/omnivion.net\/core\/fr\/wp-json\/wp\/v2\/types\/page"}],"author":[{"embeddable":true,"href":"https:\/\/omnivion.net\/core\/fr\/wp-json\/wp\/v2\/users\/1"}],"replies":[{"embeddable":true,"href":"https:\/\/omnivion.net\/core\/fr\/wp-json\/wp\/v2\/comments?post=479"}],"version-history":[{"count":12,"href":"https:\/\/omnivion.net\/core\/fr\/wp-json\/wp\/v2\/pages\/479\/revisions"}],"predecessor-version":[{"id":4665,"href":"https:\/\/omnivion.net\/core\/fr\/wp-json\/wp\/v2\/pages\/479\/revisions\/4665"}],"up":[{"embeddable":true,"href":"https:\/\/omnivion.net\/core\/fr\/wp-json\/wp\/v2\/pages\/66"}],"wp:attachment":[{"href":"https:\/\/omnivion.net\/core\/fr\/wp-json\/wp\/v2\/media?parent=479"}],"curies":[{"name":"wp","href":"https:\/\/api.w.org\/{rel}","templated":true}]}}