{"id":4727,"date":"2022-07-07T11:28:12","date_gmt":"2022-07-07T10:28:12","guid":{"rendered":"https:\/\/omnivion.net\/core\/?page_id=4727"},"modified":"2025-06-30T10:55:47","modified_gmt":"2025-06-30T09:55:47","slug":"thanatos","status":"publish","type":"page","link":"https:\/\/omnivion.net\/core\/fr\/projets\/projets-artistiques\/newtopia-10\/thanatos\/","title":{"rendered":"Thanatos &#038; Cie \/ Newtopia 10.7"},"content":{"rendered":"<p><div id=\"attachment_4728\" style=\"width: 810px\" class=\"wp-caption alignnone\"><img data-recalc-dims=\"1\" loading=\"lazy\" decoding=\"async\" aria-describedby=\"caption-attachment-4728\" class=\"size-full wp-image-4728\" src=\"https:\/\/i0.wp.com\/omnivion.net\/core\/wp-content\/uploads\/2022\/07\/2022_Montage_Thanatos.jpeg?resize=800%2C531\" alt=\"\" width=\"800\" height=\"531\" srcset=\"https:\/\/i0.wp.com\/omnivion.net\/core\/wp-content\/uploads\/2022\/07\/2022_Montage_Thanatos.jpeg?w=800&amp;ssl=1 800w, https:\/\/i0.wp.com\/omnivion.net\/core\/wp-content\/uploads\/2022\/07\/2022_Montage_Thanatos.jpeg?resize=300%2C199&amp;ssl=1 300w, https:\/\/i0.wp.com\/omnivion.net\/core\/wp-content\/uploads\/2022\/07\/2022_Montage_Thanatos.jpeg?resize=768%2C510&amp;ssl=1 768w\" sizes=\"auto, (max-width: 800px) 100vw, 800px\" \/><p id=\"caption-attachment-4728\" class=\"wp-caption-text\">Photos (montage) par : Anthony Le Guen Cl\u00e9ment Sirgue<\/p><\/div><\/p>\n<p><strong><span style=\"font-size: 14pt;\">Pr\u00e9sent\u00e9 le 13 mai 2023, \u00e0 19H00, \u00e0 la Pl\u00e9iade, Rue de la Mairie, 37520 La Riche<\/span><\/strong><\/p>\n<p><strong>DOSSIER DE PRESSE :<\/strong><a href=\"https:\/\/omnivion.net\/core\/wp-content\/uploads\/2024\/04\/2023_Thanatos-et-Cie_Dossier_Presse.pdf\"><strong> Thanatos &amp; Cie (2023)<\/strong><\/a><\/p>\n<p><span style=\"font-size: 14pt;\"><strong>Photos : <\/strong><\/span><a href=\"https:\/\/flic.kr\/s\/aHBqjAGoyp\" target=\"_blank\" rel=\"noopener\"><strong><span style=\"font-size: 14pt;\">https:\/\/flic.kr\/s\/aHBqjAGoyp<\/span><\/strong><\/a><\/p>\n<p><span style=\"font-size: 14pt;\"><strong>Teaser : <a href=\"https:\/\/vimeo.com\/854800783\">https:\/\/vimeo.com\/854800783<\/a><\/strong><\/span><\/p>\n<p>&nbsp;<\/p>\n<h2>Thanatos et Cie<span lang=\"fr-FR\"> (2023)\u00a0<\/span><\/h2>\n<p>[Du grec ancien \u03b8\u03ac\u03bd\u03b1\u03c4\u03bf\u03c2<span style=\"font-size: medium;\"><span lang=\"fr-FR\"> (\u00ab\u00a0mort\u00a0\u00bb) et cie = compagnie]<\/span><\/span><\/p>\n<p>Pi\u00e8ce chor\u00e9graphique inclusive, collaboration d\u2019Omnivion avec le service psychiatrique du CHU de Tours, en partenariat avec la Pl\u00e9iade \/ Ville de la Riche. Une cr\u00e9ation autour de la Mort, dans le cadre du projet <a href=\"https:\/\/omnivion.net\/core\/projets\/projets-artistiques\/newtopia-10\/\">Enterres-Encieux \/ Newtopia 10<\/a>, soutenu par la DRAC Centre, la Ville de Tours, La Pl\u00e9iade \/ Ville de la Riche et Transept37.<\/p>\n<p>Quel titre ! Oui\u00a0! Quel titre donner \u00e0 une pi\u00e8ce avec un tel sujet vertigineux comme la Mort?<\/p>\n<p>L&rsquo;amour et la mort, nous savons bien, sont des essentielles, le fond de caisse de tout art, toute philosophie, toute religion. En notre si\u00e8cle d\u2019\u00e9veil \u00e9cologique, nous savons d\u00e9j\u00e0 que notre survie d\u00e9pend des \u00eatres aussi petits qu\u2019un moucheron, les insectes de toute sort, voire m\u00eame des bact\u00e9ries. Devrons-nous (re-)apprendre \u00e0 aimer alors les petits \u00eatres, les minorit\u00e9s, les poussi\u00e8res d&rsquo;\u00e9toiles\u00a0? Aimer ou mourir\u00a0? Cette derni\u00e8re question nous dirige discr\u00e8tement vers la d\u00e9finition psychanalytique du mot Thanatos\u00a0: la pulsion de la mort.<\/p>\n<p>Comment une \u00e9quipe aussi diversifi\u00e9e, avec des singularit\u00e9s aussi color\u00e9es, se met en r\u00e9sonance pour s&rsquo;exprimer sur le ph\u00e9nom\u00e8ne de la mort ? S&rsquo;exprimer avec le corps, le mouvement, la danse, la voix, la musique ? La danse, matrice de toute forme d&rsquo;art, si l&rsquo;on croit Paul Val\u00e9ry, pourrait-elle encore nous \u00e9merveiller, nous \u00e9tonner en transformant nos perceptions sur la mort ?<\/p>\n<p>Pourquoi des milliers des cultures s&rsquo;expriment en dansant face \u00e0 la mort ? Et pourquoi les grands patriarcats monoth\u00e9istes qui ont \u00ab\u00a0combattu\u00a0\u00bb la mort avec leurs messies, sont aussi allergiques \u00e0 la danse ? Viendrait cela de la puissance alchimique de la danse\u00a0? Outre le rapport au corps sexu\u00e9 (\u00e9ros), \u00e7a serait peut-\u00eatre l&rsquo;extase de la danse qui les effraie\u00a0? Une extase qui \u00e9limine en quelques instants toute peur de mourir\u00a0? Mais laissons ces sp\u00e9culations anthropologiques et focalisons sur nos imaginaires solidaires qui d\u00e9sirent repeindre les milles visages de cette manifestation du vivant\u2026<\/p>\n<p>Thanatos alors ! La mort en grec. Et toute une \u00e9quipe d&rsquo;artistes amateurs et professionnels ravi.e.s de danser des questions du passage de l&rsquo;autre c\u00f4t\u00e9 de la vie. Les premi\u00e8res mati\u00e8res, en tout cas, sont, comme souvent, \u00e9tonnantes et promettantes ! En plus \u00e7a serra le 10\u00e8me anniversaire pour ce projet fou qui s&rsquo;appelle<span style=\"font-size: medium;\"><span lang=\"fr-FR\"> : <\/span><\/span><a href=\"https:\/\/omnivion.net\/core\/projets\/projets-artistiques\/newtopia-10\/\"><span style=\"font-size: medium;\"><span lang=\"fr-FR\"><b>Newtopia<\/b><\/span><\/span><\/a><span style=\"font-size: medium;\"><span lang=\"fr-FR\"> ! Au plaisir de se voir et se revoir ! <\/span><\/span><\/p>\n<p><strong>Conception \/ direction :\u00a0<\/strong>Dimitri Tsiapkinis<br \/>\n<strong>Danse \/ Chor\u00e9graphie :<\/strong> Sophie Abbas, St\u00e9phanie Bardin, Bartel Bruynseels, Christine Causera, Itzel Chausson, Ga\u00eblle Delahaie, Cinthia Gomez, Claire Guillaume, Nikicha Jaillette, Ghislaine Lorne, Rosa Pires de Matos, K\u00e9vin Mey, Catherine Mondou, Bruno Morin, Kourouma Balla Moussa, Yvan Pousset, Beno\u00eet Pradier, Emma Seghouane, Nael Tsiapkinis, Dominique Chanteloup, Alain Ferrandez<\/p>\n<p><strong>ECLAIRAGE\/R\u00c9GIE TECHNIQUE<\/strong><br \/>\nMarine Pourqui\u00e9<\/p>\n<p><strong>MUSIQUE<\/strong><br \/>\nDominique Chanteloup, Alain Ferrandez<\/p>\n<p><strong>ART-VID\u00c9O<\/strong><br \/>\nCatherine Mondou<\/p>\n<p><strong>Production :<\/strong> Omnivion\/ Arts d\u2019\u00catre Corps<\/p>\n<p>Dur\u00e9e : ~ 60min<\/p>\n<p>\/\/\/\/\/\/\/\/\/\/\/\/\/\/\/\/\/\/\/\/\/\/\/\/\/\/\/\/\/\/\/\/\/\/\/\/\/\/\/\/\/\/\/\/\/\/\/\/\/\/\/\/\/\/\/\/\/\/\/\/\/\/\/\/\/\/\/\/\/\/\/\/\/\/\/\/\/\/\/\/\/\/\/\/\/\/\/\/\/\/\/\/\/\/\/\/\/\/\/\/\/\/\/\/\/\/<\/p>\n<p><strong>Partenaires et financement : DRAC Centre, Ville de Tours, Ville de la Riche \/ La Pl\u00e9iade, CHU de Tours, Transept37, Arpents d&rsquo;Art, Centre Social la Rabi\u00e8re, Commune de Nikiti (Gr\u00e8ce)<\/strong><\/p>\n<p><img data-recalc-dims=\"1\" loading=\"lazy\" decoding=\"async\" class=\"alignnone size-full wp-image-4822\" src=\"https:\/\/i0.wp.com\/omnivion.net\/core\/wp-content\/uploads\/2022\/09\/logos_N_10_web.jpg?resize=800%2C268\" alt=\"\" width=\"800\" height=\"268\" srcset=\"https:\/\/i0.wp.com\/omnivion.net\/core\/wp-content\/uploads\/2022\/09\/logos_N_10_web.jpg?w=800&amp;ssl=1 800w, https:\/\/i0.wp.com\/omnivion.net\/core\/wp-content\/uploads\/2022\/09\/logos_N_10_web.jpg?resize=300%2C101&amp;ssl=1 300w, https:\/\/i0.wp.com\/omnivion.net\/core\/wp-content\/uploads\/2022\/09\/logos_N_10_web.jpg?resize=768%2C257&amp;ssl=1 768w\" sizes=\"auto, (max-width: 800px) 100vw, 800px\" \/><\/p>","protected":false},"excerpt":{"rendered":"<p>Pr\u00e9sent\u00e9 le 13 mai 2023, \u00e0 19H00, \u00e0 la Pl\u00e9iade, Rue de la [&hellip;]<\/p>\n","protected":false},"author":1,"featured_media":0,"parent":4461,"menu_order":0,"comment_status":"closed","ping_status":"closed","template":"","meta":{"jetpack_post_was_ever_published":false,"footnotes":""},"class_list":["post-4727","page","type-page","status-publish","hentry"],"yoast_head":"<!-- This site is optimized with the Yoast SEO plugin v27.4 - https:\/\/yoast.com\/product\/yoast-seo-wordpress\/ -->\n<title>Thanatos &amp; Cie \/ Newtopia 10.7 - omnivion.net<\/title>\n<meta name=\"robots\" content=\"index, follow, max-snippet:-1, max-image-preview:large, max-video-preview:-1\" \/>\n<link rel=\"canonical\" href=\"https:\/\/omnivion.net\/core\/fr\/projets\/projets-artistiques\/newtopia-10\/thanatos\/\" \/>\n<meta property=\"og:locale\" content=\"fr_FR\" \/>\n<meta property=\"og:type\" content=\"article\" \/>\n<meta property=\"og:title\" content=\"Thanatos &amp; Cie \/ Newtopia 10.7 - omnivion.net\" \/>\n<meta property=\"og:description\" content=\"Pr\u00e9sent\u00e9 le 13 mai 2023, \u00e0 19H00, \u00e0 la Pl\u00e9iade, Rue de la [&hellip;]\" \/>\n<meta property=\"og:url\" content=\"https:\/\/omnivion.net\/core\/fr\/projets\/projets-artistiques\/newtopia-10\/thanatos\/\" \/>\n<meta property=\"og:site_name\" content=\"omnivion.net\" \/>\n<meta property=\"article:modified_time\" content=\"2025-06-30T09:55:47+00:00\" \/>\n<meta property=\"og:image\" content=\"http:\/\/omnivion.net\/core\/wp-content\/uploads\/2022\/07\/2022_Montage_Thanatos.jpeg\" \/>\n<meta name=\"twitter:card\" content=\"summary_large_image\" \/>\n<meta name=\"twitter:label1\" content=\"Dur\u00e9e de lecture estim\u00e9e\" \/>\n\t<meta name=\"twitter:data1\" content=\"4 minutes\" \/>\n<script type=\"application\/ld+json\" class=\"yoast-schema-graph\">{\"@context\":\"https:\\\/\\\/schema.org\",\"@graph\":[{\"@type\":\"WebPage\",\"@id\":\"https:\\\/\\\/omnivion.net\\\/core\\\/fr\\\/projets\\\/projets-artistiques\\\/newtopia-10\\\/thanatos\\\/\",\"url\":\"https:\\\/\\\/omnivion.net\\\/core\\\/fr\\\/projets\\\/projets-artistiques\\\/newtopia-10\\\/thanatos\\\/\",\"name\":\"Thanatos & Cie \\\/ Newtopia 10.7 - omnivion.net\",\"isPartOf\":{\"@id\":\"https:\\\/\\\/omnivion.net\\\/core\\\/fr\\\/#website\"},\"primaryImageOfPage\":{\"@id\":\"https:\\\/\\\/omnivion.net\\\/core\\\/fr\\\/projets\\\/projets-artistiques\\\/newtopia-10\\\/thanatos\\\/#primaryimage\"},\"image\":{\"@id\":\"https:\\\/\\\/omnivion.net\\\/core\\\/fr\\\/projets\\\/projets-artistiques\\\/newtopia-10\\\/thanatos\\\/#primaryimage\"},\"thumbnailUrl\":\"http:\\\/\\\/omnivion.net\\\/core\\\/wp-content\\\/uploads\\\/2022\\\/07\\\/2022_Montage_Thanatos.jpeg\",\"datePublished\":\"2022-07-07T10:28:12+00:00\",\"dateModified\":\"2025-06-30T09:55:47+00:00\",\"breadcrumb\":{\"@id\":\"https:\\\/\\\/omnivion.net\\\/core\\\/fr\\\/projets\\\/projets-artistiques\\\/newtopia-10\\\/thanatos\\\/#breadcrumb\"},\"inLanguage\":\"fr-FR\",\"potentialAction\":[{\"@type\":\"ReadAction\",\"target\":[\"https:\\\/\\\/omnivion.net\\\/core\\\/fr\\\/projets\\\/projets-artistiques\\\/newtopia-10\\\/thanatos\\\/\"]}]},{\"@type\":\"ImageObject\",\"inLanguage\":\"fr-FR\",\"@id\":\"https:\\\/\\\/omnivion.net\\\/core\\\/fr\\\/projets\\\/projets-artistiques\\\/newtopia-10\\\/thanatos\\\/#primaryimage\",\"url\":\"http:\\\/\\\/omnivion.net\\\/core\\\/wp-content\\\/uploads\\\/2022\\\/07\\\/2022_Montage_Thanatos.jpeg\",\"contentUrl\":\"http:\\\/\\\/omnivion.net\\\/core\\\/wp-content\\\/uploads\\\/2022\\\/07\\\/2022_Montage_Thanatos.jpeg\"},{\"@type\":\"BreadcrumbList\",\"@id\":\"https:\\\/\\\/omnivion.net\\\/core\\\/fr\\\/projets\\\/projets-artistiques\\\/newtopia-10\\\/thanatos\\\/#breadcrumb\",\"itemListElement\":[{\"@type\":\"ListItem\",\"position\":1,\"name\":\"Accueil\",\"item\":\"https:\\\/\\\/omnivion.net\\\/core\\\/en\\\/silverstorm\\\/\"},{\"@type\":\"ListItem\",\"position\":2,\"name\":\"Projets\",\"item\":\"https:\\\/\\\/omnivion.net\\\/core\\\/fr\\\/projets\\\/\"},{\"@type\":\"ListItem\",\"position\":3,\"name\":\"Projets Artistiques\",\"item\":\"https:\\\/\\\/omnivion.net\\\/core\\\/projets\\\/projets-artistiques\\\/\"},{\"@type\":\"ListItem\",\"position\":4,\"name\":\"ENTERRES &#8211; ENCIEUX \\\/ NEWTOPIA 10\",\"item\":\"https:\\\/\\\/omnivion.net\\\/core\\\/projets\\\/projets-artistiques\\\/newtopia-10\\\/\"},{\"@type\":\"ListItem\",\"position\":5,\"name\":\"Thanatos &#038; Cie \\\/ Newtopia 10.7\"}]},{\"@type\":\"WebSite\",\"@id\":\"https:\\\/\\\/omnivion.net\\\/core\\\/fr\\\/#website\",\"url\":\"https:\\\/\\\/omnivion.net\\\/core\\\/fr\\\/\",\"name\":\"omnivion.net\",\"description\":\"...ARTS D&#039;\u00caTRE CORPS...\",\"potentialAction\":[{\"@type\":\"SearchAction\",\"target\":{\"@type\":\"EntryPoint\",\"urlTemplate\":\"https:\\\/\\\/omnivion.net\\\/core\\\/fr\\\/?s={search_term_string}\"},\"query-input\":{\"@type\":\"PropertyValueSpecification\",\"valueRequired\":true,\"valueName\":\"search_term_string\"}}],\"inLanguage\":\"fr-FR\"}]}<\/script>\n<!-- \/ Yoast SEO plugin. -->","yoast_head_json":{"title":"Thanatos & Cie \/ Newtopia 10.7 - omnivion.net","robots":{"index":"index","follow":"follow","max-snippet":"max-snippet:-1","max-image-preview":"max-image-preview:large","max-video-preview":"max-video-preview:-1"},"canonical":"https:\/\/omnivion.net\/core\/fr\/projets\/projets-artistiques\/newtopia-10\/thanatos\/","og_locale":"fr_FR","og_type":"article","og_title":"Thanatos & Cie \/ Newtopia 10.7 - omnivion.net","og_description":"Pr\u00e9sent\u00e9 le 13 mai 2023, \u00e0 19H00, \u00e0 la Pl\u00e9iade, Rue de la [&hellip;]","og_url":"https:\/\/omnivion.net\/core\/fr\/projets\/projets-artistiques\/newtopia-10\/thanatos\/","og_site_name":"omnivion.net","article_modified_time":"2025-06-30T09:55:47+00:00","og_image":[{"url":"http:\/\/omnivion.net\/core\/wp-content\/uploads\/2022\/07\/2022_Montage_Thanatos.jpeg","type":"","width":"","height":""}],"twitter_card":"summary_large_image","twitter_misc":{"Dur\u00e9e de lecture estim\u00e9e":"4 minutes"},"schema":{"@context":"https:\/\/schema.org","@graph":[{"@type":"WebPage","@id":"https:\/\/omnivion.net\/core\/fr\/projets\/projets-artistiques\/newtopia-10\/thanatos\/","url":"https:\/\/omnivion.net\/core\/fr\/projets\/projets-artistiques\/newtopia-10\/thanatos\/","name":"Thanatos & Cie \/ Newtopia 10.7 - omnivion.net","isPartOf":{"@id":"https:\/\/omnivion.net\/core\/fr\/#website"},"primaryImageOfPage":{"@id":"https:\/\/omnivion.net\/core\/fr\/projets\/projets-artistiques\/newtopia-10\/thanatos\/#primaryimage"},"image":{"@id":"https:\/\/omnivion.net\/core\/fr\/projets\/projets-artistiques\/newtopia-10\/thanatos\/#primaryimage"},"thumbnailUrl":"http:\/\/omnivion.net\/core\/wp-content\/uploads\/2022\/07\/2022_Montage_Thanatos.jpeg","datePublished":"2022-07-07T10:28:12+00:00","dateModified":"2025-06-30T09:55:47+00:00","breadcrumb":{"@id":"https:\/\/omnivion.net\/core\/fr\/projets\/projets-artistiques\/newtopia-10\/thanatos\/#breadcrumb"},"inLanguage":"fr-FR","potentialAction":[{"@type":"ReadAction","target":["https:\/\/omnivion.net\/core\/fr\/projets\/projets-artistiques\/newtopia-10\/thanatos\/"]}]},{"@type":"ImageObject","inLanguage":"fr-FR","@id":"https:\/\/omnivion.net\/core\/fr\/projets\/projets-artistiques\/newtopia-10\/thanatos\/#primaryimage","url":"http:\/\/omnivion.net\/core\/wp-content\/uploads\/2022\/07\/2022_Montage_Thanatos.jpeg","contentUrl":"http:\/\/omnivion.net\/core\/wp-content\/uploads\/2022\/07\/2022_Montage_Thanatos.jpeg"},{"@type":"BreadcrumbList","@id":"https:\/\/omnivion.net\/core\/fr\/projets\/projets-artistiques\/newtopia-10\/thanatos\/#breadcrumb","itemListElement":[{"@type":"ListItem","position":1,"name":"Accueil","item":"https:\/\/omnivion.net\/core\/en\/silverstorm\/"},{"@type":"ListItem","position":2,"name":"Projets","item":"https:\/\/omnivion.net\/core\/fr\/projets\/"},{"@type":"ListItem","position":3,"name":"Projets Artistiques","item":"https:\/\/omnivion.net\/core\/projets\/projets-artistiques\/"},{"@type":"ListItem","position":4,"name":"ENTERRES &#8211; ENCIEUX \/ NEWTOPIA 10","item":"https:\/\/omnivion.net\/core\/projets\/projets-artistiques\/newtopia-10\/"},{"@type":"ListItem","position":5,"name":"Thanatos &#038; Cie \/ Newtopia 10.7"}]},{"@type":"WebSite","@id":"https:\/\/omnivion.net\/core\/fr\/#website","url":"https:\/\/omnivion.net\/core\/fr\/","name":"omnivion.net","description":"...ARTS D&#039;\u00caTRE CORPS...","potentialAction":[{"@type":"SearchAction","target":{"@type":"EntryPoint","urlTemplate":"https:\/\/omnivion.net\/core\/fr\/?s={search_term_string}"},"query-input":{"@type":"PropertyValueSpecification","valueRequired":true,"valueName":"search_term_string"}}],"inLanguage":"fr-FR"}]}},"jetpack_sharing_enabled":true,"jetpack_shortlink":"https:\/\/wp.me\/P2fe7Q-1ef","jetpack_likes_enabled":true,"_links":{"self":[{"href":"https:\/\/omnivion.net\/core\/fr\/wp-json\/wp\/v2\/pages\/4727","targetHints":{"allow":["GET"]}}],"collection":[{"href":"https:\/\/omnivion.net\/core\/fr\/wp-json\/wp\/v2\/pages"}],"about":[{"href":"https:\/\/omnivion.net\/core\/fr\/wp-json\/wp\/v2\/types\/page"}],"author":[{"embeddable":true,"href":"https:\/\/omnivion.net\/core\/fr\/wp-json\/wp\/v2\/users\/1"}],"replies":[{"embeddable":true,"href":"https:\/\/omnivion.net\/core\/fr\/wp-json\/wp\/v2\/comments?post=4727"}],"version-history":[{"count":23,"href":"https:\/\/omnivion.net\/core\/fr\/wp-json\/wp\/v2\/pages\/4727\/revisions"}],"predecessor-version":[{"id":5619,"href":"https:\/\/omnivion.net\/core\/fr\/wp-json\/wp\/v2\/pages\/4727\/revisions\/5619"}],"up":[{"embeddable":true,"href":"https:\/\/omnivion.net\/core\/fr\/wp-json\/wp\/v2\/pages\/4461"}],"wp:attachment":[{"href":"https:\/\/omnivion.net\/core\/fr\/wp-json\/wp\/v2\/media?parent=4727"}],"curies":[{"name":"wp","href":"https:\/\/api.w.org\/{rel}","templated":true}]}}