{"id":4689,"date":"2022-06-01T14:30:46","date_gmt":"2022-06-01T13:30:46","guid":{"rendered":"https:\/\/omnivion.net\/core\/?page_id=4689"},"modified":"2023-01-20T23:12:32","modified_gmt":"2023-01-20T22:12:32","slug":"atelier-2022-2023","status":"publish","type":"page","link":"https:\/\/omnivion.net\/core\/fr\/projets\/educational-projects\/atelier-2022-2023\/","title":{"rendered":"Atelier de danse contemporaine inclusif OMNIVION 2022-2023"},"content":{"rendered":"<p><div id=\"attachment_4691\" style=\"width: 810px\" class=\"wp-caption alignnone\"><img data-recalc-dims=\"1\" loading=\"lazy\" decoding=\"async\" aria-describedby=\"caption-attachment-4691\" class=\"size-full wp-image-4691\" src=\"https:\/\/i0.wp.com\/omnivion.net\/core\/wp-content\/uploads\/2022\/06\/2022-05-11-20-32-22-P1270615edit_web.jpg?resize=800%2C515\" alt=\"\" width=\"800\" height=\"515\" srcset=\"https:\/\/i0.wp.com\/omnivion.net\/core\/wp-content\/uploads\/2022\/06\/2022-05-11-20-32-22-P1270615edit_web.jpg?w=800&amp;ssl=1 800w, https:\/\/i0.wp.com\/omnivion.net\/core\/wp-content\/uploads\/2022\/06\/2022-05-11-20-32-22-P1270615edit_web.jpg?resize=300%2C193&amp;ssl=1 300w, https:\/\/i0.wp.com\/omnivion.net\/core\/wp-content\/uploads\/2022\/06\/2022-05-11-20-32-22-P1270615edit_web.jpg?resize=768%2C494&amp;ssl=1 768w\" sizes=\"auto, (max-width: 800px) 100vw, 800px\" \/><p id=\"caption-attachment-4691\" class=\"wp-caption-text\">Photo par D. Tsiapkinis<\/p><\/div><\/p>\n<p>&nbsp;<\/p>\n<h2 style=\"text-align: center;\"><strong>Atelier inclusif hebdomadaire avec Dimitri Tsiapkinis ouvert \u00e0 toute personne ayant un minimum d\u2019exp\u00e9rience <\/strong><strong>en expression corporelle de tout genre (Niveau mixte)<\/strong><\/h2>\n<p>La nouvelle s\u00e9rie d\u2019ateliers Omnivion commence le mercredi 7 septembre 2022!<\/p>\n<p><strong>Objectifs :<\/strong><\/p>\n<ul>\n<li>&gt;\u00c9tudier diverses pratiques de danse contemporaine dans une perspective d&rsquo;ouverture<\/li>\n<li>&gt;Prendre plaisir \u00e0 improviser et \u00e0 inventer des danses ; seul ou \u00e0 plusieurs<\/li>\n<li>&gt;Participer \u00e0 l\u2019invention des mati\u00e8res pour <a href=\"https:\/\/omnivion.net\/core\/projets\/projets-artistiques\/newtopia-10\/\">Newtopia 10 \/ Projets de danse inclusifs<\/a> (danse et sant\u00e9 psychique)<\/li>\n<\/ul>\n<p>Un travail technique et cr\u00e9atif avec les fondamentaux de la danse contemporaine qui s\u2019inspire de multiples sources, comme les pratiques somatiques (p\u00e9dagogie perceptive\/fascia), les arts martiaux Shaolin, le th\u00e9\u00e2tre corporel, les danses d\u2019ailleurs. Les improvisations cadencent et re-contextualisent le travail technique. Nous insistons \u00e0 l\u2019expressivit\u00e9 sensible et \u00e0 la singularit\u00e9 du danseur en opposition au <em>corps-objet<\/em> qui perdure dans nos soci\u00e9t\u00e9s. Les mati\u00e8res que nous allons partager vont nourrir des performances diverses dans le cadre de <a href=\"https:\/\/omnivion.net\/core\/projets\/projets-artistiques\/newtopia-10\/\"><strong>Newtopia 10 \/ Enterres-Encieux<\/strong><\/a>. Une \u00e9ventuelle participation aux performances publiques sera n\u00e9goci\u00e9e avec le directeur du projet.<\/p>\n<p><strong>Horaires : vendredis 18H30-21H00 <\/strong>(25 sessions)<\/p>\n<p><strong>Lieu : Salle polyvalente \/ Centre Social Plurielles, 6 Avenue du G\u00e9n\u00e9ral de Gaulle, 37000 Tours<br \/>\n<\/strong><\/p>\n<p><strong>(ou parfois pour certaines dates au Centre social La Rabi\u00e8re,<\/strong> Rue de la Roti\u00e9re 37300 Jou\u00e9-l\u00e8s-Tours )<\/p>\n<p><strong>Dates du 1er trimestre : 7(Rabi\u00e8re!), 16, 23 septembre, 5(Rabi\u00e8re!), 14 octobre, 18, 23(Rabi\u00e8re!) novembre, 2, 9, 16 d\u00e9cembre\u00a0<\/strong> <strong>=&gt; 10 sessions<\/strong><\/p>\n<p><strong>Dates du 2\u00e8me &amp; 3\u00e8me trimestre : <\/strong><\/p>\n<p><strong>JAN 6, 13, 20 \/ <\/strong><\/p>\n<p><strong>F\u00c9V 3, 10 \/ <\/strong><\/p>\n<p><strong>MARS 3, 10, 17, 31 \/ <\/strong><\/p>\n<p><strong>AVRIL 7, 12(Rabi\u00e8re!) \/ <\/strong><\/p>\n<p><strong>MAI 5, 26 \/ <\/strong><\/p>\n<p><strong>JUIN 2, 9<br \/>\n<\/strong><\/p>\n<p><strong>=&gt; 15 sessions<\/strong><\/p>\n<p><strong>\u00a0<\/strong><\/p>\n<p><strong>METTEZ CETTE PAGE A VOS FAVORIS POUR V\u00c9RIFIER R\u00c9GULI\u00c8REMENT LES DATES! :-)<\/strong><\/p>\n<p><strong>Tarif pour les 25 ateliers : 240\u20ac<\/strong> (facilit\u00e9 de paiement possible) <strong>Inscriptions : <a href=\"https:\/\/www.helloasso.com\/associations\/omnivion\/evenements\/atelier-de-danse-contemporaine-omnivion-2022-2023\">helloasso.com\/\/atelier-de-danse-contemporaine-omnivion<\/a><\/strong><\/p>\n<p><strong>+ Adh\u00e9sion \u00e0 Omnivion : 10\u20ac.<\/strong> Vous pouvez adh\u00e9rer ici : <strong><a href=\"https:\/\/www.helloasso.com\/associations\/omnivion\/adhesions\/adhesions-cotisations-2020-2022\">helloasso.com\/associations\/omnivion\/adhesions<\/a><\/strong><\/p>\n<p>&nbsp;<\/p>\n<p>\/\/\/\/\/\/\/\/\/\/\/\/\/\/\/\/\/\/\/\/\/\/\/\/\/\/\/\/\/\/\/\/\/\/\/\/\/\/\/\/\/\/\/\/\/\/\/\/\/\/\/\/\/\/\/\/\/\/\/\/\/\/\/\/\/\/\/\/\/\/\/\/\/\/\/\/\/\/\/\/\/\/\/\/\/\/\/\/\/\/\/\/\/\/\/\/\/\/\/\/\/\/\/\/\/\/\/\/\/\/\/\/\/\/\/<\/p>\n<p>&nbsp;<\/p>\n<p>Autres infos, photos etc. sur <a href=\"https:\/\/www.facebook.com\/omnivion\">Facebook<\/a> et par mail \u00e0 nos adh\u00e9rents.<\/p>","protected":false},"excerpt":{"rendered":"<p>&nbsp; Atelier inclusif hebdomadaire avec Dimitri Tsiapkinis ouvert \u00e0 toute personne ayant un [&hellip;]<\/p>\n","protected":false},"author":1,"featured_media":0,"parent":63,"menu_order":0,"comment_status":"closed","ping_status":"closed","template":"","meta":{"jetpack_post_was_ever_published":false,"footnotes":""},"class_list":["post-4689","page","type-page","status-publish","hentry"],"yoast_head":"<!-- This site is optimized with the Yoast SEO plugin v26.8 - https:\/\/yoast.com\/product\/yoast-seo-wordpress\/ -->\n<title>Atelier de danse contemporaine inclusif OMNIVION 2022-2023 - omnivion.net<\/title>\n<meta name=\"robots\" content=\"index, follow, max-snippet:-1, max-image-preview:large, max-video-preview:-1\" \/>\n<link rel=\"canonical\" href=\"https:\/\/omnivion.net\/core\/fr\/projets\/educational-projects\/atelier-2022-2023\/\" \/>\n<meta property=\"og:locale\" content=\"fr_FR\" \/>\n<meta property=\"og:type\" content=\"article\" \/>\n<meta property=\"og:title\" content=\"Atelier de danse contemporaine inclusif OMNIVION 2022-2023 - omnivion.net\" \/>\n<meta property=\"og:description\" content=\"&nbsp; Atelier inclusif hebdomadaire avec Dimitri Tsiapkinis ouvert \u00e0 toute personne ayant un [&hellip;]\" \/>\n<meta property=\"og:url\" content=\"https:\/\/omnivion.net\/core\/fr\/projets\/educational-projects\/atelier-2022-2023\/\" \/>\n<meta property=\"og:site_name\" content=\"omnivion.net\" \/>\n<meta property=\"article:modified_time\" content=\"2023-01-20T22:12:32+00:00\" \/>\n<meta property=\"og:image\" content=\"http:\/\/omnivion.net\/core\/wp-content\/uploads\/2022\/06\/2022-05-11-20-32-22-P1270615edit_web.jpg\" \/>\n<meta name=\"twitter:card\" content=\"summary_large_image\" \/>\n<meta name=\"twitter:label1\" content=\"Dur\u00e9e de lecture estim\u00e9e\" \/>\n\t<meta name=\"twitter:data1\" content=\"2 minutes\" \/>\n<script type=\"application\/ld+json\" class=\"yoast-schema-graph\">{\"@context\":\"https:\/\/schema.org\",\"@graph\":[{\"@type\":\"WebPage\",\"@id\":\"https:\/\/omnivion.net\/core\/fr\/projets\/educational-projects\/atelier-2022-2023\/\",\"url\":\"https:\/\/omnivion.net\/core\/fr\/projets\/educational-projects\/atelier-2022-2023\/\",\"name\":\"Atelier de danse contemporaine inclusif OMNIVION 2022-2023 - omnivion.net\",\"isPartOf\":{\"@id\":\"https:\/\/omnivion.net\/core\/fr\/#website\"},\"primaryImageOfPage\":{\"@id\":\"https:\/\/omnivion.net\/core\/fr\/projets\/educational-projects\/atelier-2022-2023\/#primaryimage\"},\"image\":{\"@id\":\"https:\/\/omnivion.net\/core\/fr\/projets\/educational-projects\/atelier-2022-2023\/#primaryimage\"},\"thumbnailUrl\":\"http:\/\/omnivion.net\/core\/wp-content\/uploads\/2022\/06\/2022-05-11-20-32-22-P1270615edit_web.jpg\",\"datePublished\":\"2022-06-01T13:30:46+00:00\",\"dateModified\":\"2023-01-20T22:12:32+00:00\",\"breadcrumb\":{\"@id\":\"https:\/\/omnivion.net\/core\/fr\/projets\/educational-projects\/atelier-2022-2023\/#breadcrumb\"},\"inLanguage\":\"fr-FR\",\"potentialAction\":[{\"@type\":\"ReadAction\",\"target\":[\"https:\/\/omnivion.net\/core\/fr\/projets\/educational-projects\/atelier-2022-2023\/\"]}]},{\"@type\":\"ImageObject\",\"inLanguage\":\"fr-FR\",\"@id\":\"https:\/\/omnivion.net\/core\/fr\/projets\/educational-projects\/atelier-2022-2023\/#primaryimage\",\"url\":\"http:\/\/omnivion.net\/core\/wp-content\/uploads\/2022\/06\/2022-05-11-20-32-22-P1270615edit_web.jpg\",\"contentUrl\":\"http:\/\/omnivion.net\/core\/wp-content\/uploads\/2022\/06\/2022-05-11-20-32-22-P1270615edit_web.jpg\"},{\"@type\":\"BreadcrumbList\",\"@id\":\"https:\/\/omnivion.net\/core\/fr\/projets\/educational-projects\/atelier-2022-2023\/#breadcrumb\",\"itemListElement\":[{\"@type\":\"ListItem\",\"position\":1,\"name\":\"Accueil\",\"item\":\"https:\/\/omnivion.net\/core\/en\/silverstorm\/\"},{\"@type\":\"ListItem\",\"position\":2,\"name\":\"Projets\",\"item\":\"https:\/\/omnivion.net\/core\/fr\/projets\/\"},{\"@type\":\"ListItem\",\"position\":3,\"name\":\"Projets Educatifs\",\"item\":\"https:\/\/omnivion.net\/core\/projets\/educational-projects\/\"},{\"@type\":\"ListItem\",\"position\":4,\"name\":\"Atelier de danse contemporaine inclusif OMNIVION 2022-2023\"}]},{\"@type\":\"WebSite\",\"@id\":\"https:\/\/omnivion.net\/core\/fr\/#website\",\"url\":\"https:\/\/omnivion.net\/core\/fr\/\",\"name\":\"omnivion.net\",\"description\":\"...ARTS D&#039;\u00caTRE CORPS...\",\"potentialAction\":[{\"@type\":\"SearchAction\",\"target\":{\"@type\":\"EntryPoint\",\"urlTemplate\":\"https:\/\/omnivion.net\/core\/fr\/?s={search_term_string}\"},\"query-input\":{\"@type\":\"PropertyValueSpecification\",\"valueRequired\":true,\"valueName\":\"search_term_string\"}}],\"inLanguage\":\"fr-FR\"}]}<\/script>\n<!-- \/ Yoast SEO plugin. -->","yoast_head_json":{"title":"Atelier de danse contemporaine inclusif OMNIVION 2022-2023 - omnivion.net","robots":{"index":"index","follow":"follow","max-snippet":"max-snippet:-1","max-image-preview":"max-image-preview:large","max-video-preview":"max-video-preview:-1"},"canonical":"https:\/\/omnivion.net\/core\/fr\/projets\/educational-projects\/atelier-2022-2023\/","og_locale":"fr_FR","og_type":"article","og_title":"Atelier de danse contemporaine inclusif OMNIVION 2022-2023 - omnivion.net","og_description":"&nbsp; Atelier inclusif hebdomadaire avec Dimitri Tsiapkinis ouvert \u00e0 toute personne ayant un [&hellip;]","og_url":"https:\/\/omnivion.net\/core\/fr\/projets\/educational-projects\/atelier-2022-2023\/","og_site_name":"omnivion.net","article_modified_time":"2023-01-20T22:12:32+00:00","og_image":[{"url":"http:\/\/omnivion.net\/core\/wp-content\/uploads\/2022\/06\/2022-05-11-20-32-22-P1270615edit_web.jpg","type":"","width":"","height":""}],"twitter_card":"summary_large_image","twitter_misc":{"Dur\u00e9e de lecture estim\u00e9e":"2 minutes"},"schema":{"@context":"https:\/\/schema.org","@graph":[{"@type":"WebPage","@id":"https:\/\/omnivion.net\/core\/fr\/projets\/educational-projects\/atelier-2022-2023\/","url":"https:\/\/omnivion.net\/core\/fr\/projets\/educational-projects\/atelier-2022-2023\/","name":"Atelier de danse contemporaine inclusif OMNIVION 2022-2023 - omnivion.net","isPartOf":{"@id":"https:\/\/omnivion.net\/core\/fr\/#website"},"primaryImageOfPage":{"@id":"https:\/\/omnivion.net\/core\/fr\/projets\/educational-projects\/atelier-2022-2023\/#primaryimage"},"image":{"@id":"https:\/\/omnivion.net\/core\/fr\/projets\/educational-projects\/atelier-2022-2023\/#primaryimage"},"thumbnailUrl":"http:\/\/omnivion.net\/core\/wp-content\/uploads\/2022\/06\/2022-05-11-20-32-22-P1270615edit_web.jpg","datePublished":"2022-06-01T13:30:46+00:00","dateModified":"2023-01-20T22:12:32+00:00","breadcrumb":{"@id":"https:\/\/omnivion.net\/core\/fr\/projets\/educational-projects\/atelier-2022-2023\/#breadcrumb"},"inLanguage":"fr-FR","potentialAction":[{"@type":"ReadAction","target":["https:\/\/omnivion.net\/core\/fr\/projets\/educational-projects\/atelier-2022-2023\/"]}]},{"@type":"ImageObject","inLanguage":"fr-FR","@id":"https:\/\/omnivion.net\/core\/fr\/projets\/educational-projects\/atelier-2022-2023\/#primaryimage","url":"http:\/\/omnivion.net\/core\/wp-content\/uploads\/2022\/06\/2022-05-11-20-32-22-P1270615edit_web.jpg","contentUrl":"http:\/\/omnivion.net\/core\/wp-content\/uploads\/2022\/06\/2022-05-11-20-32-22-P1270615edit_web.jpg"},{"@type":"BreadcrumbList","@id":"https:\/\/omnivion.net\/core\/fr\/projets\/educational-projects\/atelier-2022-2023\/#breadcrumb","itemListElement":[{"@type":"ListItem","position":1,"name":"Accueil","item":"https:\/\/omnivion.net\/core\/en\/silverstorm\/"},{"@type":"ListItem","position":2,"name":"Projets","item":"https:\/\/omnivion.net\/core\/fr\/projets\/"},{"@type":"ListItem","position":3,"name":"Projets Educatifs","item":"https:\/\/omnivion.net\/core\/projets\/educational-projects\/"},{"@type":"ListItem","position":4,"name":"Atelier de danse contemporaine inclusif OMNIVION 2022-2023"}]},{"@type":"WebSite","@id":"https:\/\/omnivion.net\/core\/fr\/#website","url":"https:\/\/omnivion.net\/core\/fr\/","name":"omnivion.net","description":"...ARTS D&#039;\u00caTRE CORPS...","potentialAction":[{"@type":"SearchAction","target":{"@type":"EntryPoint","urlTemplate":"https:\/\/omnivion.net\/core\/fr\/?s={search_term_string}"},"query-input":{"@type":"PropertyValueSpecification","valueRequired":true,"valueName":"search_term_string"}}],"inLanguage":"fr-FR"}]}},"jetpack_sharing_enabled":true,"jetpack_shortlink":"https:\/\/wp.me\/P2fe7Q-1dD","jetpack_likes_enabled":true,"_links":{"self":[{"href":"https:\/\/omnivion.net\/core\/fr\/wp-json\/wp\/v2\/pages\/4689","targetHints":{"allow":["GET"]}}],"collection":[{"href":"https:\/\/omnivion.net\/core\/fr\/wp-json\/wp\/v2\/pages"}],"about":[{"href":"https:\/\/omnivion.net\/core\/fr\/wp-json\/wp\/v2\/types\/page"}],"author":[{"embeddable":true,"href":"https:\/\/omnivion.net\/core\/fr\/wp-json\/wp\/v2\/users\/1"}],"replies":[{"embeddable":true,"href":"https:\/\/omnivion.net\/core\/fr\/wp-json\/wp\/v2\/comments?post=4689"}],"version-history":[{"count":17,"href":"https:\/\/omnivion.net\/core\/fr\/wp-json\/wp\/v2\/pages\/4689\/revisions"}],"predecessor-version":[{"id":4924,"href":"https:\/\/omnivion.net\/core\/fr\/wp-json\/wp\/v2\/pages\/4689\/revisions\/4924"}],"up":[{"embeddable":true,"href":"https:\/\/omnivion.net\/core\/fr\/wp-json\/wp\/v2\/pages\/63"}],"wp:attachment":[{"href":"https:\/\/omnivion.net\/core\/fr\/wp-json\/wp\/v2\/media?parent=4689"}],"curies":[{"name":"wp","href":"https:\/\/api.w.org\/{rel}","templated":true}]}}