{"id":4644,"date":"2022-05-17T21:59:56","date_gmt":"2022-05-17T20:59:56","guid":{"rendered":"https:\/\/omnivion.net\/core\/?page_id=4644"},"modified":"2022-05-17T22:39:43","modified_gmt":"2022-05-17T21:39:43","slug":"newt10-1","status":"publish","type":"page","link":"https:\/\/omnivion.net\/core\/fr\/projets\/projets-artistiques\/newtopia-10\/newt10-1\/","title":{"rendered":"ENTERRES &#8211; ENCIEUX \/ NEWTOPIA 10.1"},"content":{"rendered":"<p><div id=\"attachment_4648\" style=\"width: 810px\" class=\"wp-caption alignnone\"><img data-recalc-dims=\"1\" loading=\"lazy\" decoding=\"async\" aria-describedby=\"caption-attachment-4648\" class=\"size-full wp-image-4648\" src=\"https:\/\/i0.wp.com\/omnivion.net\/core\/wp-content\/uploads\/2022\/05\/DURET-Bernard-19_edit2_web.jpg?resize=800%2C416\" alt=\"\" width=\"800\" height=\"416\" srcset=\"https:\/\/i0.wp.com\/omnivion.net\/core\/wp-content\/uploads\/2022\/05\/DURET-Bernard-19_edit2_web.jpg?w=800&amp;ssl=1 800w, https:\/\/i0.wp.com\/omnivion.net\/core\/wp-content\/uploads\/2022\/05\/DURET-Bernard-19_edit2_web.jpg?resize=300%2C156&amp;ssl=1 300w, https:\/\/i0.wp.com\/omnivion.net\/core\/wp-content\/uploads\/2022\/05\/DURET-Bernard-19_edit2_web.jpg?resize=768%2C399&amp;ssl=1 768w\" sizes=\"auto, (max-width: 800px) 100vw, 800px\" \/><p id=\"caption-attachment-4648\" class=\"wp-caption-text\">Photo par Bernard Duret<\/p><\/div><\/p>\n<p>&nbsp;<\/p>\n<h3>UNE EXPOSITION PHOTOGRAPHIQUE PAR <a href=\"https:\/\/www.flickr.com\/photos\/46500487@N05\/albums\" target=\"_blank\" rel=\"noopener\">BERNARD DURET<\/a> ET UNE PERFORMANCE PAR <a href=\"https:\/\/omnivion.net\/core\/team\/dimitrios-tsiapkinis\/\" target=\"_blank\" rel=\"noopener\">DIMITRI TSIAPKINIS<\/a>, <a href=\"https:\/\/omnivion.net\/core\/team\/christine-causera\/\" target=\"_blank\" rel=\"noopener\">CHRISTINE CAUSERA<\/a>, MARIE-LAURE GERVAIS ET L&rsquo;\u00c9QUIPE DU <a href=\"https:\/\/www.inicea.fr\/pole-de-sante-mentale-la-confluence-saint-cyr-sur-loire\" target=\"_blank\" rel=\"noopener\">P\u00d4LE DE SANT\u00c9 MENTALE LA CONFLUENCE<\/a>, DANS LE CADRE DE : <a href=\"https:\/\/omnivion.net\/core\/projets\/projets-artistiques\/newtopia-10\/\">ENTERRES-ENCIEUX \/ NEWTOPIA 10.<\/a><\/h3>\n<h3>EXPOSITION DU 4 MARS AU 4 AVRIL 2022, AU P\u00d4LE DE SANT\u00c9 MENTALE LA CONFLUENCE, 118 rue de la Croix P\u00e9rigourd, St Cyr sur Loire (37540)<\/h3>\n<h3>P\u00c9RFORMANCE LE 7 MARS 2022, dans la caf\u00e9t\u00e9ria du service.<\/h3>\n<p>&nbsp;<\/p>\n<p><strong>&gt;&gt;&gt;&gt;Quelques images de la performance du 7 mars : <a href=\"https:\/\/flic.kr\/s\/aHBqjzNcrW\" target=\"_blank\" rel=\"noopener\">flic.kr\/s\/aHBqjzNcrW<\/a><\/strong><\/p>\n<p><strong>\/\/\/\/\/\/\/\/\/\/\/\/\/\/\/\/\/\/\/\/\/\/\/\/\/\/\/\/\/\/\/\/\/\/\/\/\/\/\/\/\/\/\/\/\/\/\/\/\/\/\/\/\/\/\/\/\/\/\/\/\/\/\/\/\/\/\/\/\/\/\/\/\/\/\/\/\/\/\/\/\/\/\/\/\/\/\/\/\/\/\/\/\/\/\/\/\/\/\/\/\/\/<\/strong><\/p>\n<p><b>Partenaires et financement : <\/b><b><a href=\"https:\/\/www.culture.gouv.fr\/Regions\/Drac-Centre-Val-de-Loire\" target=\"_blank\" rel=\"noopener\">DRAC &amp; ARS Centre<\/a>, Fonds de dotation Transept37, <a href=\"https:\/\/www.chu-tours.fr\/\" target=\"_blank\" rel=\"noopener\">CHU de Tours<\/a>, <a href=\"https:\/\/www.tours.fr\/\" target=\"_blank\" rel=\"noopener\">Ville de Tours<\/a>, <a href=\"https:\/\/www.facebook.com\/arpents.dart\" target=\"_blank\" rel=\"noopener\">Arpents d\u2019Art<\/a>, <a href=\"https:\/\/www.inicea.fr\/pole-de-sante-mentale-la-confluence-saint-cyr-sur-loire\" target=\"_blank\" rel=\"noopener\">P\u00f4le de Sant\u00e9 Mentale la Confluence<\/a>, <a href=\"https:\/\/www.cesap.asso.fr\/37-etablissementetservice\/actualites-etablissements\/eme-chateau-de-launay\">IME de Reugny<\/a>,\u00a0<a href=\"https:\/\/csxrabieremorier.centres-sociaux.fr\/\" target=\"_blank\" rel=\"noopener\">Centre Social la Rabi\u00e8re<\/a><\/b><\/p>","protected":false},"excerpt":{"rendered":"<p>&nbsp; UNE EXPOSITION PHOTOGRAPHIQUE PAR BERNARD DURET ET UNE PERFORMANCE PAR DIMITRI TSIAPKINIS, [&hellip;]<\/p>\n","protected":false},"author":1,"featured_media":0,"parent":4461,"menu_order":0,"comment_status":"closed","ping_status":"closed","template":"","meta":{"jetpack_post_was_ever_published":false,"footnotes":""},"class_list":["post-4644","page","type-page","status-publish","hentry"],"yoast_head":"<!-- This site is optimized with the Yoast SEO plugin v26.8 - https:\/\/yoast.com\/product\/yoast-seo-wordpress\/ -->\n<title>ENTERRES - ENCIEUX \/ NEWTOPIA 10.1 - omnivion.net<\/title>\n<meta name=\"robots\" content=\"index, follow, max-snippet:-1, max-image-preview:large, max-video-preview:-1\" \/>\n<link rel=\"canonical\" href=\"https:\/\/omnivion.net\/core\/fr\/projets\/projets-artistiques\/newtopia-10\/newt10-1\/\" \/>\n<meta property=\"og:locale\" content=\"fr_FR\" \/>\n<meta property=\"og:type\" content=\"article\" \/>\n<meta property=\"og:title\" content=\"ENTERRES - ENCIEUX \/ NEWTOPIA 10.1 - omnivion.net\" \/>\n<meta property=\"og:description\" content=\"&nbsp; UNE EXPOSITION PHOTOGRAPHIQUE PAR BERNARD DURET ET UNE PERFORMANCE PAR DIMITRI TSIAPKINIS, [&hellip;]\" \/>\n<meta property=\"og:url\" content=\"https:\/\/omnivion.net\/core\/fr\/projets\/projets-artistiques\/newtopia-10\/newt10-1\/\" \/>\n<meta property=\"og:site_name\" content=\"omnivion.net\" \/>\n<meta property=\"article:modified_time\" content=\"2022-05-17T21:39:43+00:00\" \/>\n<meta property=\"og:image\" content=\"http:\/\/omnivion.net\/core\/wp-content\/uploads\/2022\/05\/DURET-Bernard-19_edit2_web.jpg\" \/>\n<meta name=\"twitter:card\" content=\"summary_large_image\" \/>\n<meta name=\"twitter:label1\" content=\"Dur\u00e9e de lecture estim\u00e9e\" \/>\n\t<meta name=\"twitter:data1\" content=\"1 minute\" \/>\n<script type=\"application\/ld+json\" class=\"yoast-schema-graph\">{\"@context\":\"https:\/\/schema.org\",\"@graph\":[{\"@type\":\"WebPage\",\"@id\":\"https:\/\/omnivion.net\/core\/fr\/projets\/projets-artistiques\/newtopia-10\/newt10-1\/\",\"url\":\"https:\/\/omnivion.net\/core\/fr\/projets\/projets-artistiques\/newtopia-10\/newt10-1\/\",\"name\":\"ENTERRES - ENCIEUX \/ NEWTOPIA 10.1 - omnivion.net\",\"isPartOf\":{\"@id\":\"https:\/\/omnivion.net\/core\/fr\/#website\"},\"primaryImageOfPage\":{\"@id\":\"https:\/\/omnivion.net\/core\/fr\/projets\/projets-artistiques\/newtopia-10\/newt10-1\/#primaryimage\"},\"image\":{\"@id\":\"https:\/\/omnivion.net\/core\/fr\/projets\/projets-artistiques\/newtopia-10\/newt10-1\/#primaryimage\"},\"thumbnailUrl\":\"http:\/\/omnivion.net\/core\/wp-content\/uploads\/2022\/05\/DURET-Bernard-19_edit2_web.jpg\",\"datePublished\":\"2022-05-17T20:59:56+00:00\",\"dateModified\":\"2022-05-17T21:39:43+00:00\",\"breadcrumb\":{\"@id\":\"https:\/\/omnivion.net\/core\/fr\/projets\/projets-artistiques\/newtopia-10\/newt10-1\/#breadcrumb\"},\"inLanguage\":\"fr-FR\",\"potentialAction\":[{\"@type\":\"ReadAction\",\"target\":[\"https:\/\/omnivion.net\/core\/fr\/projets\/projets-artistiques\/newtopia-10\/newt10-1\/\"]}]},{\"@type\":\"ImageObject\",\"inLanguage\":\"fr-FR\",\"@id\":\"https:\/\/omnivion.net\/core\/fr\/projets\/projets-artistiques\/newtopia-10\/newt10-1\/#primaryimage\",\"url\":\"http:\/\/omnivion.net\/core\/wp-content\/uploads\/2022\/05\/DURET-Bernard-19_edit2_web.jpg\",\"contentUrl\":\"http:\/\/omnivion.net\/core\/wp-content\/uploads\/2022\/05\/DURET-Bernard-19_edit2_web.jpg\"},{\"@type\":\"BreadcrumbList\",\"@id\":\"https:\/\/omnivion.net\/core\/fr\/projets\/projets-artistiques\/newtopia-10\/newt10-1\/#breadcrumb\",\"itemListElement\":[{\"@type\":\"ListItem\",\"position\":1,\"name\":\"Accueil\",\"item\":\"https:\/\/omnivion.net\/core\/en\/silverstorm\/\"},{\"@type\":\"ListItem\",\"position\":2,\"name\":\"Projets\",\"item\":\"https:\/\/omnivion.net\/core\/fr\/projets\/\"},{\"@type\":\"ListItem\",\"position\":3,\"name\":\"Projets Artistiques\",\"item\":\"https:\/\/omnivion.net\/core\/projets\/projets-artistiques\/\"},{\"@type\":\"ListItem\",\"position\":4,\"name\":\"ENTERRES &#8211; ENCIEUX \/ NEWTOPIA 10\",\"item\":\"https:\/\/omnivion.net\/core\/projets\/projets-artistiques\/newtopia-10\/\"},{\"@type\":\"ListItem\",\"position\":5,\"name\":\"ENTERRES &#8211; ENCIEUX \/ NEWTOPIA 10.1\"}]},{\"@type\":\"WebSite\",\"@id\":\"https:\/\/omnivion.net\/core\/fr\/#website\",\"url\":\"https:\/\/omnivion.net\/core\/fr\/\",\"name\":\"omnivion.net\",\"description\":\"...ARTS D&#039;\u00caTRE CORPS...\",\"potentialAction\":[{\"@type\":\"SearchAction\",\"target\":{\"@type\":\"EntryPoint\",\"urlTemplate\":\"https:\/\/omnivion.net\/core\/fr\/?s={search_term_string}\"},\"query-input\":{\"@type\":\"PropertyValueSpecification\",\"valueRequired\":true,\"valueName\":\"search_term_string\"}}],\"inLanguage\":\"fr-FR\"}]}<\/script>\n<!-- \/ Yoast SEO plugin. -->","yoast_head_json":{"title":"ENTERRES - ENCIEUX \/ NEWTOPIA 10.1 - omnivion.net","robots":{"index":"index","follow":"follow","max-snippet":"max-snippet:-1","max-image-preview":"max-image-preview:large","max-video-preview":"max-video-preview:-1"},"canonical":"https:\/\/omnivion.net\/core\/fr\/projets\/projets-artistiques\/newtopia-10\/newt10-1\/","og_locale":"fr_FR","og_type":"article","og_title":"ENTERRES - ENCIEUX \/ NEWTOPIA 10.1 - omnivion.net","og_description":"&nbsp; UNE EXPOSITION PHOTOGRAPHIQUE PAR BERNARD DURET ET UNE PERFORMANCE PAR DIMITRI TSIAPKINIS, [&hellip;]","og_url":"https:\/\/omnivion.net\/core\/fr\/projets\/projets-artistiques\/newtopia-10\/newt10-1\/","og_site_name":"omnivion.net","article_modified_time":"2022-05-17T21:39:43+00:00","og_image":[{"url":"http:\/\/omnivion.net\/core\/wp-content\/uploads\/2022\/05\/DURET-Bernard-19_edit2_web.jpg","type":"","width":"","height":""}],"twitter_card":"summary_large_image","twitter_misc":{"Dur\u00e9e de lecture estim\u00e9e":"1 minute"},"schema":{"@context":"https:\/\/schema.org","@graph":[{"@type":"WebPage","@id":"https:\/\/omnivion.net\/core\/fr\/projets\/projets-artistiques\/newtopia-10\/newt10-1\/","url":"https:\/\/omnivion.net\/core\/fr\/projets\/projets-artistiques\/newtopia-10\/newt10-1\/","name":"ENTERRES - ENCIEUX \/ NEWTOPIA 10.1 - omnivion.net","isPartOf":{"@id":"https:\/\/omnivion.net\/core\/fr\/#website"},"primaryImageOfPage":{"@id":"https:\/\/omnivion.net\/core\/fr\/projets\/projets-artistiques\/newtopia-10\/newt10-1\/#primaryimage"},"image":{"@id":"https:\/\/omnivion.net\/core\/fr\/projets\/projets-artistiques\/newtopia-10\/newt10-1\/#primaryimage"},"thumbnailUrl":"http:\/\/omnivion.net\/core\/wp-content\/uploads\/2022\/05\/DURET-Bernard-19_edit2_web.jpg","datePublished":"2022-05-17T20:59:56+00:00","dateModified":"2022-05-17T21:39:43+00:00","breadcrumb":{"@id":"https:\/\/omnivion.net\/core\/fr\/projets\/projets-artistiques\/newtopia-10\/newt10-1\/#breadcrumb"},"inLanguage":"fr-FR","potentialAction":[{"@type":"ReadAction","target":["https:\/\/omnivion.net\/core\/fr\/projets\/projets-artistiques\/newtopia-10\/newt10-1\/"]}]},{"@type":"ImageObject","inLanguage":"fr-FR","@id":"https:\/\/omnivion.net\/core\/fr\/projets\/projets-artistiques\/newtopia-10\/newt10-1\/#primaryimage","url":"http:\/\/omnivion.net\/core\/wp-content\/uploads\/2022\/05\/DURET-Bernard-19_edit2_web.jpg","contentUrl":"http:\/\/omnivion.net\/core\/wp-content\/uploads\/2022\/05\/DURET-Bernard-19_edit2_web.jpg"},{"@type":"BreadcrumbList","@id":"https:\/\/omnivion.net\/core\/fr\/projets\/projets-artistiques\/newtopia-10\/newt10-1\/#breadcrumb","itemListElement":[{"@type":"ListItem","position":1,"name":"Accueil","item":"https:\/\/omnivion.net\/core\/en\/silverstorm\/"},{"@type":"ListItem","position":2,"name":"Projets","item":"https:\/\/omnivion.net\/core\/fr\/projets\/"},{"@type":"ListItem","position":3,"name":"Projets Artistiques","item":"https:\/\/omnivion.net\/core\/projets\/projets-artistiques\/"},{"@type":"ListItem","position":4,"name":"ENTERRES &#8211; ENCIEUX \/ NEWTOPIA 10","item":"https:\/\/omnivion.net\/core\/projets\/projets-artistiques\/newtopia-10\/"},{"@type":"ListItem","position":5,"name":"ENTERRES &#8211; ENCIEUX \/ NEWTOPIA 10.1"}]},{"@type":"WebSite","@id":"https:\/\/omnivion.net\/core\/fr\/#website","url":"https:\/\/omnivion.net\/core\/fr\/","name":"omnivion.net","description":"...ARTS D&#039;\u00caTRE CORPS...","potentialAction":[{"@type":"SearchAction","target":{"@type":"EntryPoint","urlTemplate":"https:\/\/omnivion.net\/core\/fr\/?s={search_term_string}"},"query-input":{"@type":"PropertyValueSpecification","valueRequired":true,"valueName":"search_term_string"}}],"inLanguage":"fr-FR"}]}},"jetpack_sharing_enabled":true,"jetpack_shortlink":"https:\/\/wp.me\/P2fe7Q-1cU","jetpack_likes_enabled":true,"_links":{"self":[{"href":"https:\/\/omnivion.net\/core\/fr\/wp-json\/wp\/v2\/pages\/4644","targetHints":{"allow":["GET"]}}],"collection":[{"href":"https:\/\/omnivion.net\/core\/fr\/wp-json\/wp\/v2\/pages"}],"about":[{"href":"https:\/\/omnivion.net\/core\/fr\/wp-json\/wp\/v2\/types\/page"}],"author":[{"embeddable":true,"href":"https:\/\/omnivion.net\/core\/fr\/wp-json\/wp\/v2\/users\/1"}],"replies":[{"embeddable":true,"href":"https:\/\/omnivion.net\/core\/fr\/wp-json\/wp\/v2\/comments?post=4644"}],"version-history":[{"count":4,"href":"https:\/\/omnivion.net\/core\/fr\/wp-json\/wp\/v2\/pages\/4644\/revisions"}],"predecessor-version":[{"id":4658,"href":"https:\/\/omnivion.net\/core\/fr\/wp-json\/wp\/v2\/pages\/4644\/revisions\/4658"}],"up":[{"embeddable":true,"href":"https:\/\/omnivion.net\/core\/fr\/wp-json\/wp\/v2\/pages\/4461"}],"wp:attachment":[{"href":"https:\/\/omnivion.net\/core\/fr\/wp-json\/wp\/v2\/media?parent=4644"}],"curies":[{"name":"wp","href":"https:\/\/api.w.org\/{rel}","templated":true}]}}