{"id":4623,"date":"2022-05-17T20:58:35","date_gmt":"2022-05-17T19:58:35","guid":{"rendered":"https:\/\/omnivion.net\/core\/?page_id=4623"},"modified":"2023-06-04T20:25:22","modified_gmt":"2023-06-04T19:25:22","slug":"newtopia-10-4","status":"publish","type":"page","link":"https:\/\/omnivion.net\/core\/fr\/projets\/projets-artistiques\/newtopia-10\/newtopia-10-4\/","title":{"rendered":"Enterres &#8211; Encieux \/ Newtopia 10.4"},"content":{"rendered":"<p><div id=\"attachment_4994\" style=\"width: 810px\" class=\"wp-caption alignnone\"><img data-recalc-dims=\"1\" loading=\"lazy\" decoding=\"async\" aria-describedby=\"caption-attachment-4994\" class=\"size-large wp-image-4994\" src=\"https:\/\/i0.wp.com\/omnivion.net\/core\/wp-content\/uploads\/2023\/06\/2022-05-20-16.42.47_redimensionner-1024x485.jpg?resize=800%2C379\" alt=\"\" width=\"800\" height=\"379\" srcset=\"https:\/\/i0.wp.com\/omnivion.net\/core\/wp-content\/uploads\/2023\/06\/2022-05-20-16.42.47_redimensionner-scaled.jpg?resize=1024%2C485&amp;ssl=1 1024w, https:\/\/i0.wp.com\/omnivion.net\/core\/wp-content\/uploads\/2023\/06\/2022-05-20-16.42.47_redimensionner-scaled.jpg?resize=300%2C142&amp;ssl=1 300w, https:\/\/i0.wp.com\/omnivion.net\/core\/wp-content\/uploads\/2023\/06\/2022-05-20-16.42.47_redimensionner-scaled.jpg?resize=768%2C364&amp;ssl=1 768w, https:\/\/i0.wp.com\/omnivion.net\/core\/wp-content\/uploads\/2023\/06\/2022-05-20-16.42.47_redimensionner-scaled.jpg?resize=1536%2C728&amp;ssl=1 1536w, https:\/\/i0.wp.com\/omnivion.net\/core\/wp-content\/uploads\/2023\/06\/2022-05-20-16.42.47_redimensionner-scaled.jpg?resize=2048%2C970&amp;ssl=1 2048w\" sizes=\"auto, (max-width: 800px) 100vw, 800px\" \/><p id=\"caption-attachment-4994\" class=\"wp-caption-text\">Photo : Dimitri Tsiapkinis<\/p><\/div><\/p>\n<h3><\/h3>\n<h3>20 MAI 2022, \u00c0 15H30, AU CENTRE SOCIAL DE LA RABI\u00c8RE \u2013 RUE DE LA ROTI\u00c8RE \u2013 37300 JOU\u00c9-L\u00c8S-TOURS,<\/h3>\n<p>pr\u00e9sent\u00e9 dans le cadre de la F\u00eate de 20 Ans (!) des Mardi Pratiques du <strong><a href=\"http:\/\/www.centresocialrabiere.fr\/\" target=\"_blank\" rel=\"noopener noreferrer\">Centre Social la Rabi\u00e8re<\/a>.<\/strong> Un partage de notre univers chor\u00e9graphique avec des adh\u00e9rents du Centre Social et des habitants du quartier de la Rabi\u00e8re, \u00e0 Jou\u00e9-l\u00e8s-Tours. Contactez nous par mail si vous voulez \u00eatre parmi nous. (places limit\u00e9es!)<\/p>\n<p><strong>Entr\u00e9e libre.<\/strong><\/p>\n<p>&nbsp;<\/p>\n<h2><strong>PROGRAMME :<\/strong><\/h2>\n<ul>\n<li><strong>Concert par l&rsquo;artiste pluridisciplinaire Xing Yang<\/strong> avec l\u2019instrument chinois traditionnel Go-chin.<\/li>\n<li><strong>#Enterres<\/strong>\u00a0<strong>Vox<\/strong> : Performance de danse contemporaine avec des nouvelles mati\u00e8res de nos recherches chor\u00e9graphiques 2022.<\/li>\n<li>Danse partag\u00e9e entre les membres d\u2019Omnivion et le public.<\/li>\n<\/ul>\n<p><strong>Interpr\u00e9tation\u00a0<\/strong>: <a href=\"https:\/\/omnivion.net\/core\/team\/christine-causera\/\">Christine Causera<\/a>, Dominique Chanteloup, Cinthia Gomez, <a href=\"https:\/\/omnivion.net\/core\/team\/claire_guillaume\/\">Claire Guillaume<\/a>, <a href=\"https:\/\/omnivion.net\/core\/team\/dimitrios-tsiapkinis\/\">Dimitri Tsiapkinis<\/a>, Xing Yang.<\/p>\n<p>&lt;&lt;&lt;&lt;&lt;&lt;&lt;&lt;&lt;&lt;&lt;&lt;&lt;&lt;&lt;&lt;&lt;&lt;&lt;&lt;&lt;&lt;&lt;&lt;&lt;&lt;&lt;&lt;&lt;&lt;&lt;&lt;&lt;&lt;&lt;&lt;&lt;&lt;&lt;&lt;&lt;&lt;&lt;&lt;&lt;&lt;&lt;&lt;&lt;&lt;&lt;&lt;&lt;&lt;&lt;&lt;&lt;&lt;&lt;&lt;<\/p>\n<p><b>Partenaires et financement : <\/b><b><a href=\"https:\/\/www.culture.gouv.fr\/Regions\/Drac-Centre-Val-de-Loire\" target=\"_blank\" rel=\"noopener\">DRAC &amp; ARS Centre<\/a>, Fonds de dotation Transept37, <a href=\"https:\/\/www.chu-tours.fr\/\" target=\"_blank\" rel=\"noopener\">CHU de Tours<\/a>, <a href=\"https:\/\/www.tours.fr\/\" target=\"_blank\" rel=\"noopener\">Ville de Tours<\/a>, <a href=\"https:\/\/www.facebook.com\/arpents.dart\" target=\"_blank\" rel=\"noopener\">Arpents d\u2019Art<\/a>, <a href=\"https:\/\/www.inicea.fr\/pole-de-sante-mentale-la-confluence-saint-cyr-sur-loire\" target=\"_blank\" rel=\"noopener\">P\u00f4le de Sant\u00e9 Mentale la Confluence<\/a>, <a href=\"https:\/\/www.cesap.asso.fr\/37-etablissementetservice\/actualites-etablissements\/eme-chateau-de-launay\">IME de Reugny<\/a>, <a href=\"https:\/\/www.revue-trakt.com\/\" target=\"_blank\" rel=\"noopener\">Magazine Trakt<\/a>,\u00a0<a href=\"https:\/\/csxrabieremorier.centres-sociaux.fr\/\" target=\"_blank\" rel=\"noopener\">Centre Social la Rabi\u00e8re<\/a>, <a href=\"https:\/\/www.apajh37.org\/\" target=\"_blank\" rel=\"noopener\">APAJH37<\/a>,\u00a0<a href=\"https:\/\/www.petitmorier.fr\/\" target=\"_blank\" rel=\"noopener\">Petit Morier<\/a>, La Grange Babel<\/b><\/p>","protected":false},"excerpt":{"rendered":"<p>20 MAI 2022, \u00c0 15H30, AU CENTRE SOCIAL DE LA RABI\u00c8RE \u2013 RUE [&hellip;]<\/p>\n","protected":false},"author":1,"featured_media":0,"parent":4461,"menu_order":0,"comment_status":"closed","ping_status":"closed","template":"","meta":{"jetpack_post_was_ever_published":false,"footnotes":""},"class_list":["post-4623","page","type-page","status-publish","hentry"],"yoast_head":"<!-- This site is optimized with the Yoast SEO plugin v26.8 - https:\/\/yoast.com\/product\/yoast-seo-wordpress\/ -->\n<title>Enterres - Encieux \/ Newtopia 10.4 - omnivion.net<\/title>\n<meta name=\"robots\" content=\"index, follow, max-snippet:-1, max-image-preview:large, max-video-preview:-1\" \/>\n<link rel=\"canonical\" href=\"https:\/\/omnivion.net\/core\/fr\/projets\/projets-artistiques\/newtopia-10\/newtopia-10-4\/\" \/>\n<meta property=\"og:locale\" content=\"fr_FR\" \/>\n<meta property=\"og:type\" content=\"article\" \/>\n<meta property=\"og:title\" content=\"Enterres - Encieux \/ Newtopia 10.4 - omnivion.net\" \/>\n<meta property=\"og:description\" content=\"20 MAI 2022, \u00c0 15H30, AU CENTRE SOCIAL DE LA RABI\u00c8RE \u2013 RUE [&hellip;]\" \/>\n<meta property=\"og:url\" content=\"https:\/\/omnivion.net\/core\/fr\/projets\/projets-artistiques\/newtopia-10\/newtopia-10-4\/\" \/>\n<meta property=\"og:site_name\" content=\"omnivion.net\" \/>\n<meta property=\"article:modified_time\" content=\"2023-06-04T19:25:22+00:00\" \/>\n<meta property=\"og:image\" content=\"http:\/\/omnivion.net\/core\/wp-content\/uploads\/2023\/06\/2022-05-20-16.42.47_redimensionner-1024x485.jpg\" \/>\n<meta name=\"twitter:card\" content=\"summary_large_image\" \/>\n<meta name=\"twitter:label1\" content=\"Dur\u00e9e de lecture estim\u00e9e\" \/>\n\t<meta name=\"twitter:data1\" content=\"2 minutes\" \/>\n<script type=\"application\/ld+json\" class=\"yoast-schema-graph\">{\"@context\":\"https:\/\/schema.org\",\"@graph\":[{\"@type\":\"WebPage\",\"@id\":\"https:\/\/omnivion.net\/core\/fr\/projets\/projets-artistiques\/newtopia-10\/newtopia-10-4\/\",\"url\":\"https:\/\/omnivion.net\/core\/fr\/projets\/projets-artistiques\/newtopia-10\/newtopia-10-4\/\",\"name\":\"Enterres - Encieux \/ Newtopia 10.4 - omnivion.net\",\"isPartOf\":{\"@id\":\"https:\/\/omnivion.net\/core\/fr\/#website\"},\"primaryImageOfPage\":{\"@id\":\"https:\/\/omnivion.net\/core\/fr\/projets\/projets-artistiques\/newtopia-10\/newtopia-10-4\/#primaryimage\"},\"image\":{\"@id\":\"https:\/\/omnivion.net\/core\/fr\/projets\/projets-artistiques\/newtopia-10\/newtopia-10-4\/#primaryimage\"},\"thumbnailUrl\":\"http:\/\/omnivion.net\/core\/wp-content\/uploads\/2023\/06\/2022-05-20-16.42.47_redimensionner-1024x485.jpg\",\"datePublished\":\"2022-05-17T19:58:35+00:00\",\"dateModified\":\"2023-06-04T19:25:22+00:00\",\"breadcrumb\":{\"@id\":\"https:\/\/omnivion.net\/core\/fr\/projets\/projets-artistiques\/newtopia-10\/newtopia-10-4\/#breadcrumb\"},\"inLanguage\":\"fr-FR\",\"potentialAction\":[{\"@type\":\"ReadAction\",\"target\":[\"https:\/\/omnivion.net\/core\/fr\/projets\/projets-artistiques\/newtopia-10\/newtopia-10-4\/\"]}]},{\"@type\":\"ImageObject\",\"inLanguage\":\"fr-FR\",\"@id\":\"https:\/\/omnivion.net\/core\/fr\/projets\/projets-artistiques\/newtopia-10\/newtopia-10-4\/#primaryimage\",\"url\":\"http:\/\/omnivion.net\/core\/wp-content\/uploads\/2023\/06\/2022-05-20-16.42.47_redimensionner-1024x485.jpg\",\"contentUrl\":\"http:\/\/omnivion.net\/core\/wp-content\/uploads\/2023\/06\/2022-05-20-16.42.47_redimensionner-1024x485.jpg\"},{\"@type\":\"BreadcrumbList\",\"@id\":\"https:\/\/omnivion.net\/core\/fr\/projets\/projets-artistiques\/newtopia-10\/newtopia-10-4\/#breadcrumb\",\"itemListElement\":[{\"@type\":\"ListItem\",\"position\":1,\"name\":\"Accueil\",\"item\":\"https:\/\/omnivion.net\/core\/en\/silverstorm\/\"},{\"@type\":\"ListItem\",\"position\":2,\"name\":\"Projets\",\"item\":\"https:\/\/omnivion.net\/core\/fr\/projets\/\"},{\"@type\":\"ListItem\",\"position\":3,\"name\":\"Projets Artistiques\",\"item\":\"https:\/\/omnivion.net\/core\/projets\/projets-artistiques\/\"},{\"@type\":\"ListItem\",\"position\":4,\"name\":\"ENTERRES &#8211; ENCIEUX \/ NEWTOPIA 10\",\"item\":\"https:\/\/omnivion.net\/core\/projets\/projets-artistiques\/newtopia-10\/\"},{\"@type\":\"ListItem\",\"position\":5,\"name\":\"Enterres &#8211; Encieux \/ Newtopia 10.4\"}]},{\"@type\":\"WebSite\",\"@id\":\"https:\/\/omnivion.net\/core\/fr\/#website\",\"url\":\"https:\/\/omnivion.net\/core\/fr\/\",\"name\":\"omnivion.net\",\"description\":\"...ARTS D&#039;\u00caTRE CORPS...\",\"potentialAction\":[{\"@type\":\"SearchAction\",\"target\":{\"@type\":\"EntryPoint\",\"urlTemplate\":\"https:\/\/omnivion.net\/core\/fr\/?s={search_term_string}\"},\"query-input\":{\"@type\":\"PropertyValueSpecification\",\"valueRequired\":true,\"valueName\":\"search_term_string\"}}],\"inLanguage\":\"fr-FR\"}]}<\/script>\n<!-- \/ Yoast SEO plugin. -->","yoast_head_json":{"title":"Enterres - Encieux \/ Newtopia 10.4 - omnivion.net","robots":{"index":"index","follow":"follow","max-snippet":"max-snippet:-1","max-image-preview":"max-image-preview:large","max-video-preview":"max-video-preview:-1"},"canonical":"https:\/\/omnivion.net\/core\/fr\/projets\/projets-artistiques\/newtopia-10\/newtopia-10-4\/","og_locale":"fr_FR","og_type":"article","og_title":"Enterres - Encieux \/ Newtopia 10.4 - omnivion.net","og_description":"20 MAI 2022, \u00c0 15H30, AU CENTRE SOCIAL DE LA RABI\u00c8RE \u2013 RUE [&hellip;]","og_url":"https:\/\/omnivion.net\/core\/fr\/projets\/projets-artistiques\/newtopia-10\/newtopia-10-4\/","og_site_name":"omnivion.net","article_modified_time":"2023-06-04T19:25:22+00:00","og_image":[{"url":"http:\/\/omnivion.net\/core\/wp-content\/uploads\/2023\/06\/2022-05-20-16.42.47_redimensionner-1024x485.jpg","type":"","width":"","height":""}],"twitter_card":"summary_large_image","twitter_misc":{"Dur\u00e9e de lecture estim\u00e9e":"2 minutes"},"schema":{"@context":"https:\/\/schema.org","@graph":[{"@type":"WebPage","@id":"https:\/\/omnivion.net\/core\/fr\/projets\/projets-artistiques\/newtopia-10\/newtopia-10-4\/","url":"https:\/\/omnivion.net\/core\/fr\/projets\/projets-artistiques\/newtopia-10\/newtopia-10-4\/","name":"Enterres - Encieux \/ Newtopia 10.4 - omnivion.net","isPartOf":{"@id":"https:\/\/omnivion.net\/core\/fr\/#website"},"primaryImageOfPage":{"@id":"https:\/\/omnivion.net\/core\/fr\/projets\/projets-artistiques\/newtopia-10\/newtopia-10-4\/#primaryimage"},"image":{"@id":"https:\/\/omnivion.net\/core\/fr\/projets\/projets-artistiques\/newtopia-10\/newtopia-10-4\/#primaryimage"},"thumbnailUrl":"http:\/\/omnivion.net\/core\/wp-content\/uploads\/2023\/06\/2022-05-20-16.42.47_redimensionner-1024x485.jpg","datePublished":"2022-05-17T19:58:35+00:00","dateModified":"2023-06-04T19:25:22+00:00","breadcrumb":{"@id":"https:\/\/omnivion.net\/core\/fr\/projets\/projets-artistiques\/newtopia-10\/newtopia-10-4\/#breadcrumb"},"inLanguage":"fr-FR","potentialAction":[{"@type":"ReadAction","target":["https:\/\/omnivion.net\/core\/fr\/projets\/projets-artistiques\/newtopia-10\/newtopia-10-4\/"]}]},{"@type":"ImageObject","inLanguage":"fr-FR","@id":"https:\/\/omnivion.net\/core\/fr\/projets\/projets-artistiques\/newtopia-10\/newtopia-10-4\/#primaryimage","url":"http:\/\/omnivion.net\/core\/wp-content\/uploads\/2023\/06\/2022-05-20-16.42.47_redimensionner-1024x485.jpg","contentUrl":"http:\/\/omnivion.net\/core\/wp-content\/uploads\/2023\/06\/2022-05-20-16.42.47_redimensionner-1024x485.jpg"},{"@type":"BreadcrumbList","@id":"https:\/\/omnivion.net\/core\/fr\/projets\/projets-artistiques\/newtopia-10\/newtopia-10-4\/#breadcrumb","itemListElement":[{"@type":"ListItem","position":1,"name":"Accueil","item":"https:\/\/omnivion.net\/core\/en\/silverstorm\/"},{"@type":"ListItem","position":2,"name":"Projets","item":"https:\/\/omnivion.net\/core\/fr\/projets\/"},{"@type":"ListItem","position":3,"name":"Projets Artistiques","item":"https:\/\/omnivion.net\/core\/projets\/projets-artistiques\/"},{"@type":"ListItem","position":4,"name":"ENTERRES &#8211; ENCIEUX \/ NEWTOPIA 10","item":"https:\/\/omnivion.net\/core\/projets\/projets-artistiques\/newtopia-10\/"},{"@type":"ListItem","position":5,"name":"Enterres &#8211; Encieux \/ Newtopia 10.4"}]},{"@type":"WebSite","@id":"https:\/\/omnivion.net\/core\/fr\/#website","url":"https:\/\/omnivion.net\/core\/fr\/","name":"omnivion.net","description":"...ARTS D&#039;\u00caTRE CORPS...","potentialAction":[{"@type":"SearchAction","target":{"@type":"EntryPoint","urlTemplate":"https:\/\/omnivion.net\/core\/fr\/?s={search_term_string}"},"query-input":{"@type":"PropertyValueSpecification","valueRequired":true,"valueName":"search_term_string"}}],"inLanguage":"fr-FR"}]}},"jetpack_sharing_enabled":true,"jetpack_shortlink":"https:\/\/wp.me\/P2fe7Q-1cz","jetpack_likes_enabled":true,"_links":{"self":[{"href":"https:\/\/omnivion.net\/core\/fr\/wp-json\/wp\/v2\/pages\/4623","targetHints":{"allow":["GET"]}}],"collection":[{"href":"https:\/\/omnivion.net\/core\/fr\/wp-json\/wp\/v2\/pages"}],"about":[{"href":"https:\/\/omnivion.net\/core\/fr\/wp-json\/wp\/v2\/types\/page"}],"author":[{"embeddable":true,"href":"https:\/\/omnivion.net\/core\/fr\/wp-json\/wp\/v2\/users\/1"}],"replies":[{"embeddable":true,"href":"https:\/\/omnivion.net\/core\/fr\/wp-json\/wp\/v2\/comments?post=4623"}],"version-history":[{"count":10,"href":"https:\/\/omnivion.net\/core\/fr\/wp-json\/wp\/v2\/pages\/4623\/revisions"}],"predecessor-version":[{"id":4997,"href":"https:\/\/omnivion.net\/core\/fr\/wp-json\/wp\/v2\/pages\/4623\/revisions\/4997"}],"up":[{"embeddable":true,"href":"https:\/\/omnivion.net\/core\/fr\/wp-json\/wp\/v2\/pages\/4461"}],"wp:attachment":[{"href":"https:\/\/omnivion.net\/core\/fr\/wp-json\/wp\/v2\/media?parent=4623"}],"curies":[{"name":"wp","href":"https:\/\/api.w.org\/{rel}","templated":true}]}}