{"id":460,"date":"2012-08-30T19:08:37","date_gmt":"2012-08-30T18:08:37","guid":{"rendered":"http:\/\/www.omnivion.net\/core\/?page_id=460"},"modified":"2013-04-25T14:38:01","modified_gmt":"2013-04-25T13:38:01","slug":"age-dor","status":"publish","type":"page","link":"https:\/\/omnivion.net\/core\/fr\/projets\/projets-artistiques\/age-dor\/","title":{"rendered":"Age d&rsquo;Or"},"content":{"rendered":"<p><img data-recalc-dims=\"1\" loading=\"lazy\" decoding=\"async\" class=\"alignnone size-full wp-image-461\" title=\"P1130055 (3)_web\" src=\"https:\/\/i0.wp.com\/www.omnivion.net\/core\/wp-content\/uploads\/2012\/08\/P1130055-3_web.jpg?resize=800%2C314\" alt=\"\" width=\"800\" height=\"314\" srcset=\"https:\/\/i0.wp.com\/omnivion.net\/core\/wp-content\/uploads\/2012\/08\/P1130055-3_web.jpg?w=800&amp;ssl=1 800w, https:\/\/i0.wp.com\/omnivion.net\/core\/wp-content\/uploads\/2012\/08\/P1130055-3_web.jpg?resize=300%2C117&amp;ssl=1 300w\" sizes=\"auto, (max-width: 800px) 100vw, 800px\" \/><\/p>\n<p align=\"left\">\n<p align=\"left\"><strong><em>\u00c2ge d&rsquo;Or est une exp\u00e9rience chor\u00e9graphique qui explore des tendances contemporaines dans le domaine du d\u00e9veloppement personnel, \u00a0semblant devenir des nouvelles normes en Occident. La \u00ab\u00a0cr\u00e9ation de soi\u00a0\u00bb, \u00e0 travers des pratiques psychoth\u00e9rapeutiques, sociales, sportives, spirituelles, somatiques, etc. devient un signe d&rsquo;appartenance \u00e0 une \u00e9lite qui a le pouvoir; le pouvoir sur soi et sur le monde.<\/em><\/strong><\/p>\n<p>Ce solo est une continuit\u00e9 du pr\u00e9c\u00e9dent solo de Dimitri Tsiapkinis, intitul\u00e9 \u00a0<em><strong><a href=\"http:\/\/youtu.be\/DGWuFq435ng\">Delirium Tremens<\/a><\/strong><\/em>. Ainsi il continue avec des questionnements identitaires mais persiste dans le m\u00eame esprit optimiste concernant l&rsquo;avenir de l&rsquo;humanit\u00e9. Ce projet artistique de <em>cr\u00e9ation de soi <\/em>\u00a0souhaite faire partie de la vague de changements qu\u2019on t\u00e9moigne depuis quelques ann\u00e9es. (Certains parlent de changement radical du paradigme socio-\u00e9conomique et culturel.)<\/p>\n<p align=\"left\">M\u00eame si ce travail promeut le d\u00e9veloppement des aspects positifs de la personnalit\u00e9, ce serait na\u00eff de croire que l&rsquo;acte transformatif est un \u00ab\u00a0bonheur\u00a0\u00bb. La souffrance, la peur et la violence vont de pair avec l&rsquo;humour, l&rsquo;amour et des \u00e9tats de joie. Comment accepter les comportements paradoxaux de nos concitoyens si l&rsquo;on n&rsquo;ose pas faire face \u00e0 nos propre ombres et fragilit\u00e9s?<br \/>\nLes \u00e9l\u00e9ments dramaturgiques incluent : du th\u00e9\u00e2tre corporel, de la <a href=\"https:\/\/www.google.fr\/search?q=r%C3%A9ciprocit%C3%A9+actuante&amp;rlz=1C1CHMO_frFR491FR491&amp;oq=r%C3%A9ciprocit%C3%A9+actuante&amp;sugexp=chrome,mod=0&amp;sourceid=chrome&amp;ie=UTF-8\"><em>r\u00e9ciprocit\u00e9 actuante<\/em><\/a>, des arts martiaux, de l&rsquo;humour, de la m\u00e9ditation, et de la&#8230;danse contemporaine. Le concept est tr\u00e8s influenc\u00e9 par les recherches de Ken Wilber sur la th\u00e9orie Int\u00e9grale et des celles de Danis Bois sur le paradigme du Sensible.<\/p>\n<p align=\"left\">\u00a0\u00a0\u00a0\u00a0\u00a0\u00a0\u00a0\u00a0\u00a0 Questions cl\u00e9s : Comment int\u00e9grer plut\u00f4t que r\u00e9sister? Comment incorporer plut\u00f4t que rejeter? Comment transcender plut\u00f4t qu\u2019\u00e9liminer? Quelle dialectique face \u00e0 l&rsquo;\u00e9gocentrisme? Y aurait-il une \u201cspiritualit\u00e9 non-religieuse\u201d et quel serait son rapport au corps? Y aurait-il une soci\u00e9t\u00e9 en devenir qui changerait radicalement notre fa\u00e7on de penser et agir? Un Age d&rsquo;Or o\u00f9 l&rsquo;or ne sera pas une source de conflit parce que sa valeur serrait relativis\u00e9 par des valeurs cosmocentriques? Et de quelle mani\u00e8re ce corps pourrait le c\u00e9l\u00e9brer par anticipation?<\/p>\n<p align=\"left\">Des questions qui am\u00e8nent vers une conscience multi-perspective et r\u00eavent d\u2019une \u00ab\u00a0lib\u00e9ration\u00a0\u00bb progressive de tendances dualistes. Plut\u00f4t que de chercher la perfection dans les utopies, cr\u00e9er des <em>neutopies<\/em> imparfaites et laisser l&rsquo;\u00e9volutivit\u00e9 s&rsquo;exprimer; laisser de nouvelles formes appara\u00eetre.<\/p>\n<p><strong>Chor\u00e9graphie &amp; performance : Dimitri Tsiapkinis<\/strong><\/p>\n<p><strong>Musique Live : Evaggelos Demiropoulos<br \/>\n<\/strong><\/p>\n<p><strong>\u00c9clairages : Kostas Danis<\/strong><\/p>\n<p><strong>Maquillage : Roula Georgiadou <\/strong><\/p>\n<p>&nbsp;<\/p>\n<p><strong>Photos du spectacle au fetival Dimitria de Thessaloniki (2012) : <a href=\"http:\/\/sdrv.ms\/10CpiIj\">Photos \u00c2ge d&rsquo;or<\/a><\/strong><\/p>\n<p>&nbsp;<\/p>\n<p><strong><span style=\"text-decoration: underline;\">Remerciements pour leur soutien \u00e0 cette cr\u00e9ation<\/span>\u00a0<\/strong><\/p>\n<p><strong>France : MJC Jou\u00e9s-les-Tours, La Pleiade (Ville de La Riche), Centre Chor\u00e9graphique National de Tours, Le Volap\u00fck, <\/strong><\/p>\n<p><strong>Gr\u00e8ce : l&rsquo;\u00e9cole de danse Viky Sianou<strong>, le Th\u00e9\u00e2tre National de la Gr\u00e8ce du Nord (Costumes), Le Lyc\u00e9e Club de Femmes Grecques (Costumes), Popi Sfika, Cornilia Sidira (Photos), Rodoula Gouliaberi, Christina Preftitsi.<\/strong><\/strong><\/p>\n<p><strong><strong><br \/>\n<\/strong><\/strong><\/p>","protected":false},"excerpt":{"rendered":"<p>\u00c2ge d&rsquo;Or est une exp\u00e9rience chor\u00e9graphique qui explore des tendances contemporaines dans le [&hellip;]<\/p>\n","protected":false},"author":1,"featured_media":0,"parent":60,"menu_order":0,"comment_status":"closed","ping_status":"closed","template":"","meta":{"jetpack_post_was_ever_published":false,"footnotes":""},"class_list":["post-460","page","type-page","status-publish","hentry"],"yoast_head":"<!-- This site is optimized with the Yoast SEO plugin v26.8 - https:\/\/yoast.com\/product\/yoast-seo-wordpress\/ -->\n<title>Age d&#039;Or - omnivion.net<\/title>\n<meta name=\"robots\" content=\"index, follow, max-snippet:-1, max-image-preview:large, max-video-preview:-1\" \/>\n<link rel=\"canonical\" href=\"https:\/\/omnivion.net\/core\/fr\/projets\/projets-artistiques\/age-dor\/\" \/>\n<meta property=\"og:locale\" content=\"fr_FR\" \/>\n<meta property=\"og:type\" content=\"article\" \/>\n<meta property=\"og:title\" content=\"Age d&#039;Or - omnivion.net\" \/>\n<meta property=\"og:description\" content=\"\u00c2ge d&rsquo;Or est une exp\u00e9rience chor\u00e9graphique qui explore des tendances contemporaines dans le [&hellip;]\" \/>\n<meta property=\"og:url\" content=\"https:\/\/omnivion.net\/core\/fr\/projets\/projets-artistiques\/age-dor\/\" \/>\n<meta property=\"og:site_name\" content=\"omnivion.net\" \/>\n<meta property=\"article:modified_time\" content=\"2013-04-25T13:38:01+00:00\" \/>\n<meta property=\"og:image\" content=\"http:\/\/www.omnivion.net\/core\/wp-content\/uploads\/2012\/08\/P1130055-3_web.jpg\" \/>\n<meta name=\"twitter:card\" content=\"summary_large_image\" \/>\n<meta name=\"twitter:label1\" content=\"Dur\u00e9e de lecture estim\u00e9e\" \/>\n\t<meta name=\"twitter:data1\" content=\"4 minutes\" \/>\n<script type=\"application\/ld+json\" class=\"yoast-schema-graph\">{\"@context\":\"https:\/\/schema.org\",\"@graph\":[{\"@type\":\"WebPage\",\"@id\":\"https:\/\/omnivion.net\/core\/fr\/projets\/projets-artistiques\/age-dor\/\",\"url\":\"https:\/\/omnivion.net\/core\/fr\/projets\/projets-artistiques\/age-dor\/\",\"name\":\"Age d'Or - omnivion.net\",\"isPartOf\":{\"@id\":\"https:\/\/omnivion.net\/core\/fr\/#website\"},\"primaryImageOfPage\":{\"@id\":\"https:\/\/omnivion.net\/core\/fr\/projets\/projets-artistiques\/age-dor\/#primaryimage\"},\"image\":{\"@id\":\"https:\/\/omnivion.net\/core\/fr\/projets\/projets-artistiques\/age-dor\/#primaryimage\"},\"thumbnailUrl\":\"http:\/\/www.omnivion.net\/core\/wp-content\/uploads\/2012\/08\/P1130055-3_web.jpg\",\"datePublished\":\"2012-08-30T18:08:37+00:00\",\"dateModified\":\"2013-04-25T13:38:01+00:00\",\"breadcrumb\":{\"@id\":\"https:\/\/omnivion.net\/core\/fr\/projets\/projets-artistiques\/age-dor\/#breadcrumb\"},\"inLanguage\":\"fr-FR\",\"potentialAction\":[{\"@type\":\"ReadAction\",\"target\":[\"https:\/\/omnivion.net\/core\/fr\/projets\/projets-artistiques\/age-dor\/\"]}]},{\"@type\":\"ImageObject\",\"inLanguage\":\"fr-FR\",\"@id\":\"https:\/\/omnivion.net\/core\/fr\/projets\/projets-artistiques\/age-dor\/#primaryimage\",\"url\":\"http:\/\/www.omnivion.net\/core\/wp-content\/uploads\/2012\/08\/P1130055-3_web.jpg\",\"contentUrl\":\"http:\/\/www.omnivion.net\/core\/wp-content\/uploads\/2012\/08\/P1130055-3_web.jpg\"},{\"@type\":\"BreadcrumbList\",\"@id\":\"https:\/\/omnivion.net\/core\/fr\/projets\/projets-artistiques\/age-dor\/#breadcrumb\",\"itemListElement\":[{\"@type\":\"ListItem\",\"position\":1,\"name\":\"Accueil\",\"item\":\"https:\/\/omnivion.net\/core\/en\/silverstorm\/\"},{\"@type\":\"ListItem\",\"position\":2,\"name\":\"Projets\",\"item\":\"https:\/\/omnivion.net\/core\/fr\/projets\/\"},{\"@type\":\"ListItem\",\"position\":3,\"name\":\"Projets Artistiques\",\"item\":\"https:\/\/omnivion.net\/core\/projets\/projets-artistiques\/\"},{\"@type\":\"ListItem\",\"position\":4,\"name\":\"Age d&rsquo;Or\"}]},{\"@type\":\"WebSite\",\"@id\":\"https:\/\/omnivion.net\/core\/fr\/#website\",\"url\":\"https:\/\/omnivion.net\/core\/fr\/\",\"name\":\"omnivion.net\",\"description\":\"...ARTS D&#039;\u00caTRE CORPS...\",\"potentialAction\":[{\"@type\":\"SearchAction\",\"target\":{\"@type\":\"EntryPoint\",\"urlTemplate\":\"https:\/\/omnivion.net\/core\/fr\/?s={search_term_string}\"},\"query-input\":{\"@type\":\"PropertyValueSpecification\",\"valueRequired\":true,\"valueName\":\"search_term_string\"}}],\"inLanguage\":\"fr-FR\"}]}<\/script>\n<!-- \/ Yoast SEO plugin. -->","yoast_head_json":{"title":"Age d'Or - omnivion.net","robots":{"index":"index","follow":"follow","max-snippet":"max-snippet:-1","max-image-preview":"max-image-preview:large","max-video-preview":"max-video-preview:-1"},"canonical":"https:\/\/omnivion.net\/core\/fr\/projets\/projets-artistiques\/age-dor\/","og_locale":"fr_FR","og_type":"article","og_title":"Age d'Or - omnivion.net","og_description":"\u00c2ge d&rsquo;Or est une exp\u00e9rience chor\u00e9graphique qui explore des tendances contemporaines dans le [&hellip;]","og_url":"https:\/\/omnivion.net\/core\/fr\/projets\/projets-artistiques\/age-dor\/","og_site_name":"omnivion.net","article_modified_time":"2013-04-25T13:38:01+00:00","og_image":[{"url":"http:\/\/www.omnivion.net\/core\/wp-content\/uploads\/2012\/08\/P1130055-3_web.jpg","type":"","width":"","height":""}],"twitter_card":"summary_large_image","twitter_misc":{"Dur\u00e9e de lecture estim\u00e9e":"4 minutes"},"schema":{"@context":"https:\/\/schema.org","@graph":[{"@type":"WebPage","@id":"https:\/\/omnivion.net\/core\/fr\/projets\/projets-artistiques\/age-dor\/","url":"https:\/\/omnivion.net\/core\/fr\/projets\/projets-artistiques\/age-dor\/","name":"Age d'Or - omnivion.net","isPartOf":{"@id":"https:\/\/omnivion.net\/core\/fr\/#website"},"primaryImageOfPage":{"@id":"https:\/\/omnivion.net\/core\/fr\/projets\/projets-artistiques\/age-dor\/#primaryimage"},"image":{"@id":"https:\/\/omnivion.net\/core\/fr\/projets\/projets-artistiques\/age-dor\/#primaryimage"},"thumbnailUrl":"http:\/\/www.omnivion.net\/core\/wp-content\/uploads\/2012\/08\/P1130055-3_web.jpg","datePublished":"2012-08-30T18:08:37+00:00","dateModified":"2013-04-25T13:38:01+00:00","breadcrumb":{"@id":"https:\/\/omnivion.net\/core\/fr\/projets\/projets-artistiques\/age-dor\/#breadcrumb"},"inLanguage":"fr-FR","potentialAction":[{"@type":"ReadAction","target":["https:\/\/omnivion.net\/core\/fr\/projets\/projets-artistiques\/age-dor\/"]}]},{"@type":"ImageObject","inLanguage":"fr-FR","@id":"https:\/\/omnivion.net\/core\/fr\/projets\/projets-artistiques\/age-dor\/#primaryimage","url":"http:\/\/www.omnivion.net\/core\/wp-content\/uploads\/2012\/08\/P1130055-3_web.jpg","contentUrl":"http:\/\/www.omnivion.net\/core\/wp-content\/uploads\/2012\/08\/P1130055-3_web.jpg"},{"@type":"BreadcrumbList","@id":"https:\/\/omnivion.net\/core\/fr\/projets\/projets-artistiques\/age-dor\/#breadcrumb","itemListElement":[{"@type":"ListItem","position":1,"name":"Accueil","item":"https:\/\/omnivion.net\/core\/en\/silverstorm\/"},{"@type":"ListItem","position":2,"name":"Projets","item":"https:\/\/omnivion.net\/core\/fr\/projets\/"},{"@type":"ListItem","position":3,"name":"Projets Artistiques","item":"https:\/\/omnivion.net\/core\/projets\/projets-artistiques\/"},{"@type":"ListItem","position":4,"name":"Age d&rsquo;Or"}]},{"@type":"WebSite","@id":"https:\/\/omnivion.net\/core\/fr\/#website","url":"https:\/\/omnivion.net\/core\/fr\/","name":"omnivion.net","description":"...ARTS D&#039;\u00caTRE CORPS...","potentialAction":[{"@type":"SearchAction","target":{"@type":"EntryPoint","urlTemplate":"https:\/\/omnivion.net\/core\/fr\/?s={search_term_string}"},"query-input":{"@type":"PropertyValueSpecification","valueRequired":true,"valueName":"search_term_string"}}],"inLanguage":"fr-FR"}]}},"jetpack_sharing_enabled":true,"jetpack_shortlink":"https:\/\/wp.me\/P2fe7Q-7q","jetpack_likes_enabled":true,"_links":{"self":[{"href":"https:\/\/omnivion.net\/core\/fr\/wp-json\/wp\/v2\/pages\/460","targetHints":{"allow":["GET"]}}],"collection":[{"href":"https:\/\/omnivion.net\/core\/fr\/wp-json\/wp\/v2\/pages"}],"about":[{"href":"https:\/\/omnivion.net\/core\/fr\/wp-json\/wp\/v2\/types\/page"}],"author":[{"embeddable":true,"href":"https:\/\/omnivion.net\/core\/fr\/wp-json\/wp\/v2\/users\/1"}],"replies":[{"embeddable":true,"href":"https:\/\/omnivion.net\/core\/fr\/wp-json\/wp\/v2\/comments?post=460"}],"version-history":[{"count":13,"href":"https:\/\/omnivion.net\/core\/fr\/wp-json\/wp\/v2\/pages\/460\/revisions"}],"predecessor-version":[{"id":463,"href":"https:\/\/omnivion.net\/core\/fr\/wp-json\/wp\/v2\/pages\/460\/revisions\/463"}],"up":[{"embeddable":true,"href":"https:\/\/omnivion.net\/core\/fr\/wp-json\/wp\/v2\/pages\/60"}],"wp:attachment":[{"href":"https:\/\/omnivion.net\/core\/fr\/wp-json\/wp\/v2\/media?parent=460"}],"curies":[{"name":"wp","href":"https:\/\/api.w.org\/{rel}","templated":true}]}}