{"id":4596,"date":"2022-05-10T20:31:29","date_gmt":"2022-05-10T19:31:29","guid":{"rendered":"https:\/\/omnivion.net\/core\/?page_id=4596"},"modified":"2022-05-26T21:08:31","modified_gmt":"2022-05-26T20:08:31","slug":"newt_10-3","status":"publish","type":"page","link":"https:\/\/omnivion.net\/core\/fr\/projets\/projets-artistiques\/newtopia-10\/newt_10-3\/","title":{"rendered":"Deuil et Renaissance \/ Newtopia 10.3"},"content":{"rendered":"<p><\/p>\n<h1><img data-recalc-dims=\"1\" loading=\"lazy\" decoding=\"async\" class=\"alignnone size-full wp-image-4606\" src=\"https:\/\/i0.wp.com\/omnivion.net\/core\/wp-content\/uploads\/2022\/05\/MKriva-danse-7_edit_web2.jpg?resize=800%2C431\" alt=\"\" width=\"800\" height=\"431\" srcset=\"https:\/\/i0.wp.com\/omnivion.net\/core\/wp-content\/uploads\/2022\/05\/MKriva-danse-7_edit_web2.jpg?w=800&amp;ssl=1 800w, https:\/\/i0.wp.com\/omnivion.net\/core\/wp-content\/uploads\/2022\/05\/MKriva-danse-7_edit_web2.jpg?resize=300%2C162&amp;ssl=1 300w, https:\/\/i0.wp.com\/omnivion.net\/core\/wp-content\/uploads\/2022\/05\/MKriva-danse-7_edit_web2.jpg?resize=768%2C414&amp;ssl=1 768w\" sizes=\"auto, (max-width: 800px) 100vw, 800px\" \/><\/h1>\n<h1><strong>Deuils et Renaissances \/ Newtopia 10.3<\/strong><\/h1>\n<p>&nbsp;<\/p>\n<h3>UNE SOIR\u00c9E PERFORMANCE\u00a0PAR MARIA KRIVA\u00a0ET PROJECTION DE FILM, DANS LE CADRE DU PROJET <a href=\"https:\/\/omnivion.net\/core\/projets\/projets-artistiques\/newtopia-10\/\">ENTERRES-ENCIEUX \/ NEWTOPIA 10<\/a>\u00a0ET DU <a href=\"https:\/\/www.facebook.com\/TerreRougecie\" target=\"_blank\" rel=\"noopener\">FESTIVAL ANGATA \/ TERRE ROUGE<\/a>.<\/h3>\n<h3>LE 14 MAI 2022, \u00c0 20H30, AU P\u00c9LIAU ST. GEORGES, LA RABOUILLEUSE, \u00c9COLE DE LOIRE, ROCHECORBON (37210)<\/h3>\n<h3>En partenariat avec le <a href=\"https:\/\/www.facebook.com\/TerreRougecie\" target=\"_blank\" rel=\"noopener\">Festival Angata \/ Terre Rouge<\/a> et la <a href=\"https:\/\/www.larabouilleuse-ecoledeloire.com\/\" target=\"_blank\" rel=\"noopener\">Rabouilleuse \/ \u00c9cole de Loire<\/a>.<\/h3>\n<p>&nbsp;<\/p>\n<p><strong>Photos de la performance : <a href=\"https:\/\/flic.kr\/s\/aHBqjzQXzD\">https:\/\/flic.kr\/s\/aHBqjzQXzD<\/a><\/strong><\/p>\n<p>&nbsp;<\/p>\n<p><span style=\"font-size: 14pt;\"><strong>Au programme :<\/strong><\/span><\/p>\n<p><strong>20H30\u00a0<\/strong><strong>&gt;&gt;&gt; <em>Deuil et renaissance<\/em> (2022) \/ Performance chor\u00e9graphique et vocale<\/strong><\/p>\n<p>Maria Kriva nous propose un performance sur la th\u00e9matique du Deuil et de la Renaissance, inspir\u00e9e de danses maliennes, et de chants de deuil grecs.\u00a0Une improvisation structur\u00e9e avec chant, danse et percussion, interpr\u00e9t\u00e9e par Maria Kriva, Dimitri Tsiapkinis et les participants du <a href=\"https:\/\/omnivion.net\/core\/projets\/educational-projects\/expprim\/\"><strong>stage Expression primitive<\/strong><\/a><strong>.<\/strong><\/p>\n<p><strong>21H00 &gt;&gt;&gt; <a href=\"https:\/\/yt.artemislena.eu\/watch?v=GbR-5FiVCQg\" target=\"_blank\" rel=\"noopener\"><em>Aujourd&rsquo;hui<\/em> (2012)<\/a> \/ Projection d&rsquo;un film de fiction <\/strong><b>S\u00e9n\u00e9galais<\/b><\/p>\n<p>Un film sur le rapport \u00e0 la mort : Satch\u00e9 est sur le point de mourir. Il d\u00e9cide que son dernier jour sur Terre sera le meilleur jour de sa vie. <strong>R\u00e9alisation : Alain Gomis.<\/strong><\/p>\n<p><strong>Ce film est propos\u00e9 et financ\u00e9 par <a href=\"https:\/\/www.larabouilleuse-ecoledeloire.com\/\" target=\"_blank\" rel=\"noopener\">La Rabouilleuse \/ \u00c9cole de Loire et Cl\u00e9ment Sirgue<\/a>!\u00a0<\/strong><\/p>\n<p><strong>22H30 <\/strong><strong>&gt;&gt;&gt; <i>F\u00eate afro!<\/i><\/strong><\/p>\n<p>Musiques live et\/ou enregistr\u00e9es pour bien finir la journ\u00e9e du festival Angata! :-D<\/p>\n<p><strong>\/\/\/\/\/\/\/\/\/\/\/\/\/\/\/\/\/\/\/\/\/\/\/\/\/\/\/\/\/\/\/\/\/\/\/\/\/\/\/\/\/\/\/\/\/\/\/\/\/\/\/\/\/\/\/\/\/\/\/\/\/\/\/\/\/\/\/\/\/\/\/\/\/\/\/\/\/\/\/\/\/\/\/\/\/\/\/\/\/\/\/\/\/\/\/\/\/\/\/\/\/\/<\/strong><\/p>\n<p><b>Partenaires et financement : DRAC et ARS Centre, Fonds de dotation Transept37, CHU de Tours, Ville de Tours, Arpents d\u2019Art, P\u00f4le de sant\u00e9 la Conflunce, IME de Reugny, APAJH37, Magazine Trakt, <a href=\"https:\/\/www.larabouilleuse-ecoledeloire.com\/\" target=\"_blank\" rel=\"noopener\">la Rabouilleuse \/ \u00c9cole de Loire<\/a>, Center for Dance and Theater of Milos, Centre Social la Rabi\u00e8re.<\/b><\/p>","protected":false},"excerpt":{"rendered":"<p>Deuils et Renaissances \/ Newtopia 10.3 &nbsp; UNE SOIR\u00c9E PERFORMANCE\u00a0PAR MARIA KRIVA\u00a0ET PROJECTION [&hellip;]<\/p>\n","protected":false},"author":1,"featured_media":0,"parent":4461,"menu_order":0,"comment_status":"closed","ping_status":"closed","template":"","meta":{"jetpack_post_was_ever_published":false,"footnotes":""},"class_list":["post-4596","page","type-page","status-publish","hentry"],"yoast_head":"<!-- This site is optimized with the Yoast SEO plugin v26.8 - https:\/\/yoast.com\/product\/yoast-seo-wordpress\/ -->\n<title>Deuil et Renaissance \/ Newtopia 10.3 - omnivion.net<\/title>\n<meta name=\"robots\" content=\"index, follow, max-snippet:-1, max-image-preview:large, max-video-preview:-1\" \/>\n<link rel=\"canonical\" href=\"https:\/\/omnivion.net\/core\/fr\/projets\/projets-artistiques\/newtopia-10\/newt_10-3\/\" \/>\n<meta property=\"og:locale\" content=\"fr_FR\" \/>\n<meta property=\"og:type\" content=\"article\" \/>\n<meta property=\"og:title\" content=\"Deuil et Renaissance \/ Newtopia 10.3 - omnivion.net\" \/>\n<meta property=\"og:description\" content=\"Deuils et Renaissances \/ Newtopia 10.3 &nbsp; UNE SOIR\u00c9E PERFORMANCE\u00a0PAR MARIA KRIVA\u00a0ET PROJECTION [&hellip;]\" \/>\n<meta property=\"og:url\" content=\"https:\/\/omnivion.net\/core\/fr\/projets\/projets-artistiques\/newtopia-10\/newt_10-3\/\" \/>\n<meta property=\"og:site_name\" content=\"omnivion.net\" \/>\n<meta property=\"article:modified_time\" content=\"2022-05-26T20:08:31+00:00\" \/>\n<meta property=\"og:image\" content=\"http:\/\/omnivion.net\/core\/wp-content\/uploads\/2022\/05\/MKriva-danse-7_edit_web2.jpg\" \/>\n<meta name=\"twitter:card\" content=\"summary_large_image\" \/>\n<meta name=\"twitter:label1\" content=\"Dur\u00e9e de lecture estim\u00e9e\" \/>\n\t<meta name=\"twitter:data1\" content=\"2 minutes\" \/>\n<script type=\"application\/ld+json\" class=\"yoast-schema-graph\">{\"@context\":\"https:\/\/schema.org\",\"@graph\":[{\"@type\":\"WebPage\",\"@id\":\"https:\/\/omnivion.net\/core\/fr\/projets\/projets-artistiques\/newtopia-10\/newt_10-3\/\",\"url\":\"https:\/\/omnivion.net\/core\/fr\/projets\/projets-artistiques\/newtopia-10\/newt_10-3\/\",\"name\":\"Deuil et Renaissance \/ Newtopia 10.3 - omnivion.net\",\"isPartOf\":{\"@id\":\"https:\/\/omnivion.net\/core\/fr\/#website\"},\"primaryImageOfPage\":{\"@id\":\"https:\/\/omnivion.net\/core\/fr\/projets\/projets-artistiques\/newtopia-10\/newt_10-3\/#primaryimage\"},\"image\":{\"@id\":\"https:\/\/omnivion.net\/core\/fr\/projets\/projets-artistiques\/newtopia-10\/newt_10-3\/#primaryimage\"},\"thumbnailUrl\":\"http:\/\/omnivion.net\/core\/wp-content\/uploads\/2022\/05\/MKriva-danse-7_edit_web2.jpg\",\"datePublished\":\"2022-05-10T19:31:29+00:00\",\"dateModified\":\"2022-05-26T20:08:31+00:00\",\"breadcrumb\":{\"@id\":\"https:\/\/omnivion.net\/core\/fr\/projets\/projets-artistiques\/newtopia-10\/newt_10-3\/#breadcrumb\"},\"inLanguage\":\"fr-FR\",\"potentialAction\":[{\"@type\":\"ReadAction\",\"target\":[\"https:\/\/omnivion.net\/core\/fr\/projets\/projets-artistiques\/newtopia-10\/newt_10-3\/\"]}]},{\"@type\":\"ImageObject\",\"inLanguage\":\"fr-FR\",\"@id\":\"https:\/\/omnivion.net\/core\/fr\/projets\/projets-artistiques\/newtopia-10\/newt_10-3\/#primaryimage\",\"url\":\"http:\/\/omnivion.net\/core\/wp-content\/uploads\/2022\/05\/MKriva-danse-7_edit_web2.jpg\",\"contentUrl\":\"http:\/\/omnivion.net\/core\/wp-content\/uploads\/2022\/05\/MKriva-danse-7_edit_web2.jpg\"},{\"@type\":\"BreadcrumbList\",\"@id\":\"https:\/\/omnivion.net\/core\/fr\/projets\/projets-artistiques\/newtopia-10\/newt_10-3\/#breadcrumb\",\"itemListElement\":[{\"@type\":\"ListItem\",\"position\":1,\"name\":\"Accueil\",\"item\":\"https:\/\/omnivion.net\/core\/en\/silverstorm\/\"},{\"@type\":\"ListItem\",\"position\":2,\"name\":\"Projets\",\"item\":\"https:\/\/omnivion.net\/core\/fr\/projets\/\"},{\"@type\":\"ListItem\",\"position\":3,\"name\":\"Projets Artistiques\",\"item\":\"https:\/\/omnivion.net\/core\/projets\/projets-artistiques\/\"},{\"@type\":\"ListItem\",\"position\":4,\"name\":\"ENTERRES &#8211; ENCIEUX \/ NEWTOPIA 10\",\"item\":\"https:\/\/omnivion.net\/core\/projets\/projets-artistiques\/newtopia-10\/\"},{\"@type\":\"ListItem\",\"position\":5,\"name\":\"Deuil et Renaissance \/ Newtopia 10.3\"}]},{\"@type\":\"WebSite\",\"@id\":\"https:\/\/omnivion.net\/core\/fr\/#website\",\"url\":\"https:\/\/omnivion.net\/core\/fr\/\",\"name\":\"omnivion.net\",\"description\":\"...ARTS D&#039;\u00caTRE CORPS...\",\"potentialAction\":[{\"@type\":\"SearchAction\",\"target\":{\"@type\":\"EntryPoint\",\"urlTemplate\":\"https:\/\/omnivion.net\/core\/fr\/?s={search_term_string}\"},\"query-input\":{\"@type\":\"PropertyValueSpecification\",\"valueRequired\":true,\"valueName\":\"search_term_string\"}}],\"inLanguage\":\"fr-FR\"}]}<\/script>\n<!-- \/ Yoast SEO plugin. -->","yoast_head_json":{"title":"Deuil et Renaissance \/ Newtopia 10.3 - omnivion.net","robots":{"index":"index","follow":"follow","max-snippet":"max-snippet:-1","max-image-preview":"max-image-preview:large","max-video-preview":"max-video-preview:-1"},"canonical":"https:\/\/omnivion.net\/core\/fr\/projets\/projets-artistiques\/newtopia-10\/newt_10-3\/","og_locale":"fr_FR","og_type":"article","og_title":"Deuil et Renaissance \/ Newtopia 10.3 - omnivion.net","og_description":"Deuils et Renaissances \/ Newtopia 10.3 &nbsp; UNE SOIR\u00c9E PERFORMANCE\u00a0PAR MARIA KRIVA\u00a0ET PROJECTION [&hellip;]","og_url":"https:\/\/omnivion.net\/core\/fr\/projets\/projets-artistiques\/newtopia-10\/newt_10-3\/","og_site_name":"omnivion.net","article_modified_time":"2022-05-26T20:08:31+00:00","og_image":[{"url":"http:\/\/omnivion.net\/core\/wp-content\/uploads\/2022\/05\/MKriva-danse-7_edit_web2.jpg","type":"","width":"","height":""}],"twitter_card":"summary_large_image","twitter_misc":{"Dur\u00e9e de lecture estim\u00e9e":"2 minutes"},"schema":{"@context":"https:\/\/schema.org","@graph":[{"@type":"WebPage","@id":"https:\/\/omnivion.net\/core\/fr\/projets\/projets-artistiques\/newtopia-10\/newt_10-3\/","url":"https:\/\/omnivion.net\/core\/fr\/projets\/projets-artistiques\/newtopia-10\/newt_10-3\/","name":"Deuil et Renaissance \/ Newtopia 10.3 - omnivion.net","isPartOf":{"@id":"https:\/\/omnivion.net\/core\/fr\/#website"},"primaryImageOfPage":{"@id":"https:\/\/omnivion.net\/core\/fr\/projets\/projets-artistiques\/newtopia-10\/newt_10-3\/#primaryimage"},"image":{"@id":"https:\/\/omnivion.net\/core\/fr\/projets\/projets-artistiques\/newtopia-10\/newt_10-3\/#primaryimage"},"thumbnailUrl":"http:\/\/omnivion.net\/core\/wp-content\/uploads\/2022\/05\/MKriva-danse-7_edit_web2.jpg","datePublished":"2022-05-10T19:31:29+00:00","dateModified":"2022-05-26T20:08:31+00:00","breadcrumb":{"@id":"https:\/\/omnivion.net\/core\/fr\/projets\/projets-artistiques\/newtopia-10\/newt_10-3\/#breadcrumb"},"inLanguage":"fr-FR","potentialAction":[{"@type":"ReadAction","target":["https:\/\/omnivion.net\/core\/fr\/projets\/projets-artistiques\/newtopia-10\/newt_10-3\/"]}]},{"@type":"ImageObject","inLanguage":"fr-FR","@id":"https:\/\/omnivion.net\/core\/fr\/projets\/projets-artistiques\/newtopia-10\/newt_10-3\/#primaryimage","url":"http:\/\/omnivion.net\/core\/wp-content\/uploads\/2022\/05\/MKriva-danse-7_edit_web2.jpg","contentUrl":"http:\/\/omnivion.net\/core\/wp-content\/uploads\/2022\/05\/MKriva-danse-7_edit_web2.jpg"},{"@type":"BreadcrumbList","@id":"https:\/\/omnivion.net\/core\/fr\/projets\/projets-artistiques\/newtopia-10\/newt_10-3\/#breadcrumb","itemListElement":[{"@type":"ListItem","position":1,"name":"Accueil","item":"https:\/\/omnivion.net\/core\/en\/silverstorm\/"},{"@type":"ListItem","position":2,"name":"Projets","item":"https:\/\/omnivion.net\/core\/fr\/projets\/"},{"@type":"ListItem","position":3,"name":"Projets Artistiques","item":"https:\/\/omnivion.net\/core\/projets\/projets-artistiques\/"},{"@type":"ListItem","position":4,"name":"ENTERRES &#8211; ENCIEUX \/ NEWTOPIA 10","item":"https:\/\/omnivion.net\/core\/projets\/projets-artistiques\/newtopia-10\/"},{"@type":"ListItem","position":5,"name":"Deuil et Renaissance \/ Newtopia 10.3"}]},{"@type":"WebSite","@id":"https:\/\/omnivion.net\/core\/fr\/#website","url":"https:\/\/omnivion.net\/core\/fr\/","name":"omnivion.net","description":"...ARTS D&#039;\u00caTRE CORPS...","potentialAction":[{"@type":"SearchAction","target":{"@type":"EntryPoint","urlTemplate":"https:\/\/omnivion.net\/core\/fr\/?s={search_term_string}"},"query-input":{"@type":"PropertyValueSpecification","valueRequired":true,"valueName":"search_term_string"}}],"inLanguage":"fr-FR"}]}},"jetpack_sharing_enabled":true,"jetpack_shortlink":"https:\/\/wp.me\/P2fe7Q-1c8","jetpack_likes_enabled":true,"_links":{"self":[{"href":"https:\/\/omnivion.net\/core\/fr\/wp-json\/wp\/v2\/pages\/4596","targetHints":{"allow":["GET"]}}],"collection":[{"href":"https:\/\/omnivion.net\/core\/fr\/wp-json\/wp\/v2\/pages"}],"about":[{"href":"https:\/\/omnivion.net\/core\/fr\/wp-json\/wp\/v2\/types\/page"}],"author":[{"embeddable":true,"href":"https:\/\/omnivion.net\/core\/fr\/wp-json\/wp\/v2\/users\/1"}],"replies":[{"embeddable":true,"href":"https:\/\/omnivion.net\/core\/fr\/wp-json\/wp\/v2\/comments?post=4596"}],"version-history":[{"count":9,"href":"https:\/\/omnivion.net\/core\/fr\/wp-json\/wp\/v2\/pages\/4596\/revisions"}],"predecessor-version":[{"id":4679,"href":"https:\/\/omnivion.net\/core\/fr\/wp-json\/wp\/v2\/pages\/4596\/revisions\/4679"}],"up":[{"embeddable":true,"href":"https:\/\/omnivion.net\/core\/fr\/wp-json\/wp\/v2\/pages\/4461"}],"wp:attachment":[{"href":"https:\/\/omnivion.net\/core\/fr\/wp-json\/wp\/v2\/media?parent=4596"}],"curies":[{"name":"wp","href":"https:\/\/api.w.org\/{rel}","templated":true}]}}