{"id":4535,"date":"2022-04-07T12:27:59","date_gmt":"2022-04-07T11:27:59","guid":{"rendered":"https:\/\/omnivion.net\/core\/?page_id=4535"},"modified":"2022-08-26T12:26:24","modified_gmt":"2022-08-26T11:26:24","slug":"alexo","status":"publish","type":"page","link":"https:\/\/omnivion.net\/core\/fr\/projets\/projets-artistiques\/newtopia-10\/alexo\/","title":{"rendered":"ALEXO \/ Newtopia 10.2"},"content":{"rendered":"<p><\/p>\n<h1><img data-recalc-dims=\"1\" loading=\"lazy\" decoding=\"async\" class=\"alignnone size-large wp-image-4767\" src=\"https:\/\/i0.wp.com\/omnivion.net\/core\/wp-content\/uploads\/2022\/08\/2022-08-07_Enterres_Thanatos_Nikiti_02_web.jpeg?resize=800%2C429\" alt=\"\" width=\"800\" height=\"429\" srcset=\"https:\/\/i0.wp.com\/omnivion.net\/core\/wp-content\/uploads\/2022\/08\/2022-08-07_Enterres_Thanatos_Nikiti_02_web.jpeg?w=800&amp;ssl=1 800w, https:\/\/i0.wp.com\/omnivion.net\/core\/wp-content\/uploads\/2022\/08\/2022-08-07_Enterres_Thanatos_Nikiti_02_web.jpeg?resize=300%2C161&amp;ssl=1 300w, https:\/\/i0.wp.com\/omnivion.net\/core\/wp-content\/uploads\/2022\/08\/2022-08-07_Enterres_Thanatos_Nikiti_02_web.jpeg?resize=768%2C412&amp;ssl=1 768w\" sizes=\"auto, (max-width: 800px) 100vw, 800px\" \/><\/h1>\n<h1><\/h1>\n<h1>ALEXO \/ <span lang=\"el-GR\">\u0391\u039b\u0388\u039e\u03a9 <\/span>(du grec\u00a0: prot\u00e9ger ou compenser)<\/h1>\n<p>&nbsp;<\/p>\n<h3>Une s\u00e9rie de performances et exp\u00e9rimentations vid\u00e9ographiques dans le cadre du projet <a href=\"https:\/\/omnivion.net\/core\/projets\/projets-artistiques\/newtopia-10\/\">Enterres-Encieux \/ Newtopia 10<\/a>, par Dimitri Tsiapkinis, \u00e0 fin de g\u00e9n\u00e9rer des mati\u00e8res pour Thanatos et Cie!<\/h3>\n<h3>le 16 Avril et le 8 ao\u00fbt 2022, au Cimeti\u00e8re de Nikiti et au Mus\u00e9e Ethnographique de Nikiti, Mac\u00e9doine Centrale, Gr\u00e8ce (63088)<\/h3>\n<p><strong>[Une s\u00e9rie de captations et performances vid\u00e9o suppl\u00e9mentaires vont se r\u00e9aliser pendant juillet, ao\u00fbt et octobre 2022]<\/strong><\/p>\n<p>&nbsp;<\/p>\n<p><span style=\"font-size: large;\">En parall\u00e8le avec le concept de Thanatos et Cie (2023), je partage avec vous mes r\u00e9flexions sur la mort en lien avec cette s\u00e9rie de performances :<\/span><\/p>\n<p><span style=\"font-size: large;\"> Je suis tent\u00e9 de <\/span><span style=\"font-size: large;\"><b>reconsid\u00e9rer les liens possibles avec la terre par le toucher, par la chute, par la reptation archa\u00efque.<\/b><\/span><span style=\"font-size: large;\"> Banal, vous allez me dire\u00a0? Oui, c\u2019est d\u00e9j\u00e0 fait, depuis les d\u00e9buts de la danse moderne. Que dis-je\u00a0?! Depuis la nuit des temps, dans les danses archa\u00efques des peuples qui nous ont pr\u00e9c\u00e9d\u00e9s, nos anc\u00eatres, dont nous sommes les h\u00e9ritiers culturels et chromosomiques.<\/span><\/p>\n<p><span style=\"font-size: large;\">Alors, oui\u00a0! Banale, mais incessante cette pulsion de connaissance par le corps.<\/span><\/p>\n<p><span style=\"font-size: large;\">Les universels ne changent pas, c\u2019est le vivant qui change, ou plut\u00f4t qui se transforme\u00a0; d\u2019une forme \u00e0 l\u2019autre, l\u2019h\u00e9lix de nos ADN ne cesse de se tordre dans de nouvelles danses biochimiques.<\/span><\/p>\n<p><span style=\"font-size: large;\">Mais alors, l\u00e0\u00a0? <\/span><span style=\"font-size: large;\"><b>Un danseur au milieu d\u2019un cimeti\u00e8re chr\u00e9tien grec-orthodoxe, il <\/b><\/span><span style=\"font-size: large;\"><b>se transformerait en quoi exactement\u00a0? <\/b><\/span><span style=\"font-size: large;\">Est-ce un blasph\u00e8me pour les croyants <\/span><span style=\"font-size: large;\">du village de Nikiti en Mac\u00e9doine Centrale<\/span><span style=\"font-size: large;\">\u00a0? Et pourquoi sans public\u00a0?! Juste les t\u00e9moins vid\u00e9o- et photo- graphiques\u00a0? Il malaxe peut-\u00eatre son narcissisme froiss\u00e9 pour mieux se cocooner dedans\u00a0? Et quel rapport cela a-t-il avec le d\u00e9c\u00e8s de son p\u00e8re le m\u00eame jour, 25 ans avant\u00a0? Encore une autoanalyse chor\u00e9graphique\u00a0? Et pourquoi pas\u00a0? Je l\u2019assume. La danse a \u00e9t\u00e9 toujours un moyen pour moi de mieux vivre ma vie, de mieux supporter les paradoxes de l\u2019existence terrestre, de contempler mes tripes, de r\u00e9g\u00e9n\u00e9rer ma vitalit\u00e9, de me relier aux autres et de prendre&#8230; plaisir. Je n\u2019ai jamais \u00e9t\u00e9 <\/span><span style=\"font-size: large;\"><i>carri\u00e9riste<\/i><\/span><span style=\"font-size: large;\">, je n\u2019ai jamais cherch\u00e9 \u00e0 \u00eatre le \u00ab\u00a0meilleur\u00a0\u00bb, mais j\u2019ai toujours \u00e9t\u00e9 fid\u00e8le \u00e0 cette pulsion myst\u00e9rieuse qui est de plonger dans la transe, souvent tortur\u00e9e ou sombre, comme disent certains de mes amis. Alors oui\u00a0! Encore une opportunit\u00e9 de contempler l\u2019ombre, l\u2019inconscient et surtout la mort, grande th\u00e9matique de <strong><a href=\"https:\/\/omnivion.net\/core\/projets\/projets-artistiques\/newtopia-10\/\">Newtopia 10 \/ Enterres \u2013 Encieux.<\/a><\/strong><\/span><\/p>\n<p><span style=\"font-size: large;\">Les vid\u00e9os et photos finales seront publi\u00e9es d\u00e9but 2023 sur cette page.<br \/>\n<\/span><\/p>\n<p><span style=\"font-size: large;\">\u00a0<\/span><\/p>\n<p>&nbsp;<\/p>","protected":false},"excerpt":{"rendered":"<p>ALEXO \/ \u0391\u039b\u0388\u039e\u03a9 (du grec\u00a0: prot\u00e9ger ou compenser) &nbsp; Une s\u00e9rie de performances [&hellip;]<\/p>\n","protected":false},"author":1,"featured_media":0,"parent":4461,"menu_order":0,"comment_status":"closed","ping_status":"closed","template":"","meta":{"jetpack_post_was_ever_published":false,"footnotes":""},"class_list":["post-4535","page","type-page","status-publish","hentry"],"yoast_head":"<!-- This site is optimized with the Yoast SEO plugin v26.8 - https:\/\/yoast.com\/product\/yoast-seo-wordpress\/ -->\n<title>ALEXO \/ Newtopia 10.2 - omnivion.net<\/title>\n<meta name=\"robots\" content=\"index, follow, max-snippet:-1, max-image-preview:large, max-video-preview:-1\" \/>\n<link rel=\"canonical\" href=\"https:\/\/omnivion.net\/core\/fr\/projets\/projets-artistiques\/newtopia-10\/alexo\/\" \/>\n<meta property=\"og:locale\" content=\"fr_FR\" \/>\n<meta property=\"og:type\" content=\"article\" \/>\n<meta property=\"og:title\" content=\"ALEXO \/ Newtopia 10.2 - omnivion.net\" \/>\n<meta property=\"og:description\" content=\"ALEXO \/ \u0391\u039b\u0388\u039e\u03a9 (du grec\u00a0: prot\u00e9ger ou compenser) &nbsp; Une s\u00e9rie de performances [&hellip;]\" \/>\n<meta property=\"og:url\" content=\"https:\/\/omnivion.net\/core\/fr\/projets\/projets-artistiques\/newtopia-10\/alexo\/\" \/>\n<meta property=\"og:site_name\" content=\"omnivion.net\" \/>\n<meta property=\"article:modified_time\" content=\"2022-08-26T11:26:24+00:00\" \/>\n<meta property=\"og:image\" content=\"http:\/\/omnivion.net\/core\/wp-content\/uploads\/2022\/08\/2022-08-07_Enterres_Thanatos_Nikiti_02_web.jpeg\" \/>\n<meta name=\"twitter:card\" content=\"summary_large_image\" \/>\n<meta name=\"twitter:label1\" content=\"Dur\u00e9e de lecture estim\u00e9e\" \/>\n\t<meta name=\"twitter:data1\" content=\"3 minutes\" \/>\n<script type=\"application\/ld+json\" class=\"yoast-schema-graph\">{\"@context\":\"https:\/\/schema.org\",\"@graph\":[{\"@type\":\"WebPage\",\"@id\":\"https:\/\/omnivion.net\/core\/fr\/projets\/projets-artistiques\/newtopia-10\/alexo\/\",\"url\":\"https:\/\/omnivion.net\/core\/fr\/projets\/projets-artistiques\/newtopia-10\/alexo\/\",\"name\":\"ALEXO \/ Newtopia 10.2 - omnivion.net\",\"isPartOf\":{\"@id\":\"https:\/\/omnivion.net\/core\/fr\/#website\"},\"primaryImageOfPage\":{\"@id\":\"https:\/\/omnivion.net\/core\/fr\/projets\/projets-artistiques\/newtopia-10\/alexo\/#primaryimage\"},\"image\":{\"@id\":\"https:\/\/omnivion.net\/core\/fr\/projets\/projets-artistiques\/newtopia-10\/alexo\/#primaryimage\"},\"thumbnailUrl\":\"http:\/\/omnivion.net\/core\/wp-content\/uploads\/2022\/08\/2022-08-07_Enterres_Thanatos_Nikiti_02_web.jpeg\",\"datePublished\":\"2022-04-07T11:27:59+00:00\",\"dateModified\":\"2022-08-26T11:26:24+00:00\",\"breadcrumb\":{\"@id\":\"https:\/\/omnivion.net\/core\/fr\/projets\/projets-artistiques\/newtopia-10\/alexo\/#breadcrumb\"},\"inLanguage\":\"fr-FR\",\"potentialAction\":[{\"@type\":\"ReadAction\",\"target\":[\"https:\/\/omnivion.net\/core\/fr\/projets\/projets-artistiques\/newtopia-10\/alexo\/\"]}]},{\"@type\":\"ImageObject\",\"inLanguage\":\"fr-FR\",\"@id\":\"https:\/\/omnivion.net\/core\/fr\/projets\/projets-artistiques\/newtopia-10\/alexo\/#primaryimage\",\"url\":\"http:\/\/omnivion.net\/core\/wp-content\/uploads\/2022\/08\/2022-08-07_Enterres_Thanatos_Nikiti_02_web.jpeg\",\"contentUrl\":\"http:\/\/omnivion.net\/core\/wp-content\/uploads\/2022\/08\/2022-08-07_Enterres_Thanatos_Nikiti_02_web.jpeg\"},{\"@type\":\"BreadcrumbList\",\"@id\":\"https:\/\/omnivion.net\/core\/fr\/projets\/projets-artistiques\/newtopia-10\/alexo\/#breadcrumb\",\"itemListElement\":[{\"@type\":\"ListItem\",\"position\":1,\"name\":\"Accueil\",\"item\":\"https:\/\/omnivion.net\/core\/en\/silverstorm\/\"},{\"@type\":\"ListItem\",\"position\":2,\"name\":\"Projets\",\"item\":\"https:\/\/omnivion.net\/core\/fr\/projets\/\"},{\"@type\":\"ListItem\",\"position\":3,\"name\":\"Projets Artistiques\",\"item\":\"https:\/\/omnivion.net\/core\/projets\/projets-artistiques\/\"},{\"@type\":\"ListItem\",\"position\":4,\"name\":\"ENTERRES &#8211; ENCIEUX \/ NEWTOPIA 10\",\"item\":\"https:\/\/omnivion.net\/core\/projets\/projets-artistiques\/newtopia-10\/\"},{\"@type\":\"ListItem\",\"position\":5,\"name\":\"ALEXO \/ Newtopia 10.2\"}]},{\"@type\":\"WebSite\",\"@id\":\"https:\/\/omnivion.net\/core\/fr\/#website\",\"url\":\"https:\/\/omnivion.net\/core\/fr\/\",\"name\":\"omnivion.net\",\"description\":\"...ARTS D&#039;\u00caTRE CORPS...\",\"potentialAction\":[{\"@type\":\"SearchAction\",\"target\":{\"@type\":\"EntryPoint\",\"urlTemplate\":\"https:\/\/omnivion.net\/core\/fr\/?s={search_term_string}\"},\"query-input\":{\"@type\":\"PropertyValueSpecification\",\"valueRequired\":true,\"valueName\":\"search_term_string\"}}],\"inLanguage\":\"fr-FR\"}]}<\/script>\n<!-- \/ Yoast SEO plugin. -->","yoast_head_json":{"title":"ALEXO \/ Newtopia 10.2 - omnivion.net","robots":{"index":"index","follow":"follow","max-snippet":"max-snippet:-1","max-image-preview":"max-image-preview:large","max-video-preview":"max-video-preview:-1"},"canonical":"https:\/\/omnivion.net\/core\/fr\/projets\/projets-artistiques\/newtopia-10\/alexo\/","og_locale":"fr_FR","og_type":"article","og_title":"ALEXO \/ Newtopia 10.2 - omnivion.net","og_description":"ALEXO \/ \u0391\u039b\u0388\u039e\u03a9 (du grec\u00a0: prot\u00e9ger ou compenser) &nbsp; Une s\u00e9rie de performances [&hellip;]","og_url":"https:\/\/omnivion.net\/core\/fr\/projets\/projets-artistiques\/newtopia-10\/alexo\/","og_site_name":"omnivion.net","article_modified_time":"2022-08-26T11:26:24+00:00","og_image":[{"url":"http:\/\/omnivion.net\/core\/wp-content\/uploads\/2022\/08\/2022-08-07_Enterres_Thanatos_Nikiti_02_web.jpeg","type":"","width":"","height":""}],"twitter_card":"summary_large_image","twitter_misc":{"Dur\u00e9e de lecture estim\u00e9e":"3 minutes"},"schema":{"@context":"https:\/\/schema.org","@graph":[{"@type":"WebPage","@id":"https:\/\/omnivion.net\/core\/fr\/projets\/projets-artistiques\/newtopia-10\/alexo\/","url":"https:\/\/omnivion.net\/core\/fr\/projets\/projets-artistiques\/newtopia-10\/alexo\/","name":"ALEXO \/ Newtopia 10.2 - omnivion.net","isPartOf":{"@id":"https:\/\/omnivion.net\/core\/fr\/#website"},"primaryImageOfPage":{"@id":"https:\/\/omnivion.net\/core\/fr\/projets\/projets-artistiques\/newtopia-10\/alexo\/#primaryimage"},"image":{"@id":"https:\/\/omnivion.net\/core\/fr\/projets\/projets-artistiques\/newtopia-10\/alexo\/#primaryimage"},"thumbnailUrl":"http:\/\/omnivion.net\/core\/wp-content\/uploads\/2022\/08\/2022-08-07_Enterres_Thanatos_Nikiti_02_web.jpeg","datePublished":"2022-04-07T11:27:59+00:00","dateModified":"2022-08-26T11:26:24+00:00","breadcrumb":{"@id":"https:\/\/omnivion.net\/core\/fr\/projets\/projets-artistiques\/newtopia-10\/alexo\/#breadcrumb"},"inLanguage":"fr-FR","potentialAction":[{"@type":"ReadAction","target":["https:\/\/omnivion.net\/core\/fr\/projets\/projets-artistiques\/newtopia-10\/alexo\/"]}]},{"@type":"ImageObject","inLanguage":"fr-FR","@id":"https:\/\/omnivion.net\/core\/fr\/projets\/projets-artistiques\/newtopia-10\/alexo\/#primaryimage","url":"http:\/\/omnivion.net\/core\/wp-content\/uploads\/2022\/08\/2022-08-07_Enterres_Thanatos_Nikiti_02_web.jpeg","contentUrl":"http:\/\/omnivion.net\/core\/wp-content\/uploads\/2022\/08\/2022-08-07_Enterres_Thanatos_Nikiti_02_web.jpeg"},{"@type":"BreadcrumbList","@id":"https:\/\/omnivion.net\/core\/fr\/projets\/projets-artistiques\/newtopia-10\/alexo\/#breadcrumb","itemListElement":[{"@type":"ListItem","position":1,"name":"Accueil","item":"https:\/\/omnivion.net\/core\/en\/silverstorm\/"},{"@type":"ListItem","position":2,"name":"Projets","item":"https:\/\/omnivion.net\/core\/fr\/projets\/"},{"@type":"ListItem","position":3,"name":"Projets Artistiques","item":"https:\/\/omnivion.net\/core\/projets\/projets-artistiques\/"},{"@type":"ListItem","position":4,"name":"ENTERRES &#8211; ENCIEUX \/ NEWTOPIA 10","item":"https:\/\/omnivion.net\/core\/projets\/projets-artistiques\/newtopia-10\/"},{"@type":"ListItem","position":5,"name":"ALEXO \/ Newtopia 10.2"}]},{"@type":"WebSite","@id":"https:\/\/omnivion.net\/core\/fr\/#website","url":"https:\/\/omnivion.net\/core\/fr\/","name":"omnivion.net","description":"...ARTS D&#039;\u00caTRE CORPS...","potentialAction":[{"@type":"SearchAction","target":{"@type":"EntryPoint","urlTemplate":"https:\/\/omnivion.net\/core\/fr\/?s={search_term_string}"},"query-input":{"@type":"PropertyValueSpecification","valueRequired":true,"valueName":"search_term_string"}}],"inLanguage":"fr-FR"}]}},"jetpack_sharing_enabled":true,"jetpack_shortlink":"https:\/\/wp.me\/P2fe7Q-1b9","jetpack_likes_enabled":true,"_links":{"self":[{"href":"https:\/\/omnivion.net\/core\/fr\/wp-json\/wp\/v2\/pages\/4535","targetHints":{"allow":["GET"]}}],"collection":[{"href":"https:\/\/omnivion.net\/core\/fr\/wp-json\/wp\/v2\/pages"}],"about":[{"href":"https:\/\/omnivion.net\/core\/fr\/wp-json\/wp\/v2\/types\/page"}],"author":[{"embeddable":true,"href":"https:\/\/omnivion.net\/core\/fr\/wp-json\/wp\/v2\/users\/1"}],"replies":[{"embeddable":true,"href":"https:\/\/omnivion.net\/core\/fr\/wp-json\/wp\/v2\/comments?post=4535"}],"version-history":[{"count":11,"href":"https:\/\/omnivion.net\/core\/fr\/wp-json\/wp\/v2\/pages\/4535\/revisions"}],"predecessor-version":[{"id":4768,"href":"https:\/\/omnivion.net\/core\/fr\/wp-json\/wp\/v2\/pages\/4535\/revisions\/4768"}],"up":[{"embeddable":true,"href":"https:\/\/omnivion.net\/core\/fr\/wp-json\/wp\/v2\/pages\/4461"}],"wp:attachment":[{"href":"https:\/\/omnivion.net\/core\/fr\/wp-json\/wp\/v2\/media?parent=4535"}],"curies":[{"name":"wp","href":"https:\/\/api.w.org\/{rel}","templated":true}]}}