{"id":4485,"date":"2022-03-03T12:41:56","date_gmt":"2022-03-03T11:41:56","guid":{"rendered":"https:\/\/omnivion.net\/core\/?page_id=4485"},"modified":"2022-05-21T21:12:12","modified_gmt":"2022-05-21T20:12:12","slug":"expo-duret","status":"publish","type":"page","link":"https:\/\/omnivion.net\/core\/fr\/projets\/projets-artistiques\/newtopia-10\/expo-duret\/","title":{"rendered":"Newtopia 10.1 \/ Exposition photographique Bernard Duret &#038; performance"},"content":{"rendered":"<p><div id=\"attachment_4486\" style=\"width: 810px\" class=\"wp-caption alignnone\"><img data-recalc-dims=\"1\" loading=\"lazy\" decoding=\"async\" aria-describedby=\"caption-attachment-4486\" class=\"size-full wp-image-4486\" src=\"https:\/\/i0.wp.com\/omnivion.net\/core\/wp-content\/uploads\/2022\/03\/000950_edit_web.jpg?resize=800%2C467\" alt=\"\" width=\"800\" height=\"467\" srcset=\"https:\/\/i0.wp.com\/omnivion.net\/core\/wp-content\/uploads\/2022\/03\/000950_edit_web.jpg?w=800&amp;ssl=1 800w, https:\/\/i0.wp.com\/omnivion.net\/core\/wp-content\/uploads\/2022\/03\/000950_edit_web.jpg?resize=300%2C175&amp;ssl=1 300w, https:\/\/i0.wp.com\/omnivion.net\/core\/wp-content\/uploads\/2022\/03\/000950_edit_web.jpg?resize=768%2C448&amp;ssl=1 768w\" sizes=\"auto, (max-width: 800px) 100vw, 800px\" \/><p id=\"caption-attachment-4486\" class=\"wp-caption-text\">Photo par Bernard DURET<\/p><\/div><\/p>\n<p>&nbsp;<\/p>\n<h3><b><i>Premier volet <\/i><\/b><strong>d&rsquo;<a href=\"https:\/\/omnivion.net\/core\/projets\/projets-artistiques\/newtopia-10\/\">Enterres &#8211; Encieux \/ <\/a><a href=\"https:\/\/omnivion.net\/core\/projets\/projets-artistiques\/newtopia-10\/\">Newtopia 10<\/a><\/strong><b> \/ Danse et sant\u00e9 psychique.<br \/>\n<\/b><\/h3>\n<h4><strong>Du 4 mars au 4 avril 2022, au P\u00f4le de Sant\u00e9 Mentale la Confluence, \u00e0 Saint-Cyr-sur-Loire.<\/strong><\/h4>\n<h4><b>[\u00c9v\u00e9nement priv\u00e9 en service psychiatrique!] \/ Photos de la performance du 7 avril : <a href=\"https:\/\/flic.kr\/s\/aHBqjzNcrW\">flic.kr\/NEWT10.1<\/a><\/b><\/h4>\n<p style=\"text-align: left;\" align=\"center\">\u00ab La Photographie et la Danse sont deux arts de l&rsquo;\u00e9ph\u00e9m\u00e8re, elles peuvent se r\u00e9fl\u00e9chir comme deux arts du non-reproductible \u00bb<br clear=\"left\" \/>Bernard DURET, Photographe<\/p>\n<p><em>J&rsquo;utilise la photographie comme un passeport me permettant de d\u00e9couvrir d&rsquo;autres personnes pour comprendre et partager leurs passions et leurs \u00e9motions.<\/em><\/p>\n<p><em>Je soutiens l&rsquo;association Omnivion depuis ses d\u00e9buts et capte toutes les performances de NEWTOPIA.<\/em><\/p>\n<p><em>J&rsquo;ai collabor\u00e9 de nombreuses fois avec le Centre Chor\u00e9graphique National de Tours mais aussi avec des compagnies de rue et diverses associations locales.<\/em><\/p>\n<p><strong>&lt;&lt;&lt;&lt;&lt;&lt;&lt;&lt;&lt;&lt;&lt;&lt;&lt;&lt;&lt;&lt;&lt;&lt;&lt;&lt;&lt;&lt;&lt;&lt;&lt;&lt;&lt;&lt;&lt;&lt;&lt;&lt;&lt;&lt;&lt;&lt;&lt;&lt;&lt;&lt;&lt;&lt;&lt;&lt;&lt;&lt;&lt;&lt;&lt;&lt;&lt;&lt;&lt;&lt;&lt;&lt;&lt;&lt;&lt;&lt;&lt;&lt;&lt;&lt;&lt;&lt;&lt;&lt;&lt;&lt;&lt;<\/strong><\/p>\n<p><strong>Pour voir d&rsquo;autres \u0153uvres photographiques de Bernard Duret, vous pouvez visiter sa page sur Flickr<\/strong> :<strong> <a href=\"https:\/\/www.flickr.com\/photos\/46500487@N05\/albums\">flickr.com\/photos\/Duret<\/a><\/strong><\/p>\n<p>&nbsp;<\/p>\n<h2><strong>Programme :<\/strong><\/h2>\n<ul>\n<li><strong>4 mars, 17H00<\/strong><span class=\"-KXLs\"> : <\/span><strong>d\u00e9but de l&rsquo;exposition photographique, <\/strong>avec des photos de Newtopia 7 et 8 par le photographe <strong><a href=\"https:\/\/www.flickr.com\/photos\/46500487@N05\/albums\">Bernard Duret<\/a>.<\/strong><\/li>\n<li><strong>7 mars, 16H00<\/strong> : Vernissage de l&rsquo;expo et performance de danse contemporaine avec les r\u00e9sidents de la Confluence.<\/li>\n<li><strong>3 avril <\/strong>: <strong>Dernier jour de l&rsquo;exposition.<br \/>\n<\/strong><\/li>\n<\/ul>\n<p>&nbsp;<\/p>\n<p><strong>&lt;&lt;&lt;&lt;&lt;&lt;&lt;&lt;&lt;&lt;&lt;&lt;&lt;&lt;&lt;&lt;&lt;&lt;&lt;&lt;&lt;&lt;&lt;&lt;&lt;&lt;&lt;&lt;&lt;&lt;&lt;&lt;&lt;&lt;&lt;&lt;&lt;&lt;&lt;&lt;&lt;&lt;&lt;&lt;&lt;&lt;&lt;&lt;&lt;&lt;&lt;&lt;&lt;&lt;&lt;&lt;&lt;&lt;&lt;&lt;&lt;&lt;&lt;&lt;&lt;&lt;&lt;&lt;&lt;&lt;&lt;<\/strong><\/p>\n<p><strong>Partenaires et financement : <\/strong><\/p>\n<p><strong><a href=\"http:\/\/www.culturecommunication.gouv.fr\/Regions\/Drac-Centre-Val-de-Loire\" target=\"_blank\" rel=\"noopener noreferrer\">DRAC Centre<\/a>, <a href=\"http:\/\/ars.centre.sante.fr\/\" target=\"_blank\" rel=\"noopener noreferrer\">ARS Centre<\/a>, <a href=\"https:\/\/transept37.fr\/\" target=\"_blank\" rel=\"noopener noreferrer\">Fonds de dotation Transept37<\/a>, <a href=\"http:\/\/www.chu-tours.fr\/\" target=\"_blank\" rel=\"noopener noreferrer\">CHRU de Tours<\/a>, <a href=\"http:\/\/lesarpentsdart.fr\/cms\/\" target=\"_blank\" rel=\"noopener noreferrer\">Arpents d\u2019Art<\/a>, <a href=\"http:\/\/www.tours.fr\/\">Ville de Tours<\/a>, <a href=\"https:\/\/www.inicea.fr\/pole-de-sante-mentale-la-confluence-saint-cyr-sur-loire\">La Confluence<\/a>, <a href=\"http:\/\/centresocialrabiere.fr\/\" target=\"_blank\" rel=\"noopener noreferrer\">Centre Sociale la Rabi\u00e8re<\/a>.<\/strong><\/p>","protected":false},"excerpt":{"rendered":"<p>&nbsp; Premier volet d&rsquo;Enterres &#8211; Encieux \/ Newtopia 10 \/ Danse et sant\u00e9 [&hellip;]<\/p>\n","protected":false},"author":1,"featured_media":0,"parent":4461,"menu_order":0,"comment_status":"closed","ping_status":"closed","template":"","meta":{"jetpack_post_was_ever_published":false,"footnotes":""},"class_list":["post-4485","page","type-page","status-publish","hentry"],"yoast_head":"<!-- This site is optimized with the Yoast SEO plugin v26.8 - https:\/\/yoast.com\/product\/yoast-seo-wordpress\/ -->\n<title>Newtopia 10.1 \/ Exposition photographique Bernard Duret &amp; performance - omnivion.net<\/title>\n<meta name=\"robots\" content=\"index, follow, max-snippet:-1, max-image-preview:large, max-video-preview:-1\" \/>\n<link rel=\"canonical\" href=\"https:\/\/omnivion.net\/core\/fr\/projets\/projets-artistiques\/newtopia-10\/expo-duret\/\" \/>\n<meta property=\"og:locale\" content=\"fr_FR\" \/>\n<meta property=\"og:type\" content=\"article\" \/>\n<meta property=\"og:title\" content=\"Newtopia 10.1 \/ Exposition photographique Bernard Duret &amp; performance - omnivion.net\" \/>\n<meta property=\"og:description\" content=\"&nbsp; Premier volet d&rsquo;Enterres &#8211; Encieux \/ Newtopia 10 \/ Danse et sant\u00e9 [&hellip;]\" \/>\n<meta property=\"og:url\" content=\"https:\/\/omnivion.net\/core\/fr\/projets\/projets-artistiques\/newtopia-10\/expo-duret\/\" \/>\n<meta property=\"og:site_name\" content=\"omnivion.net\" \/>\n<meta property=\"article:modified_time\" content=\"2022-05-21T20:12:12+00:00\" \/>\n<meta property=\"og:image\" content=\"http:\/\/omnivion.net\/core\/wp-content\/uploads\/2022\/03\/000950_edit_web.jpg\" \/>\n<meta name=\"twitter:card\" content=\"summary_large_image\" \/>\n<meta name=\"twitter:label1\" content=\"Dur\u00e9e de lecture estim\u00e9e\" \/>\n\t<meta name=\"twitter:data1\" content=\"1 minute\" \/>\n<script type=\"application\/ld+json\" class=\"yoast-schema-graph\">{\"@context\":\"https:\/\/schema.org\",\"@graph\":[{\"@type\":\"WebPage\",\"@id\":\"https:\/\/omnivion.net\/core\/fr\/projets\/projets-artistiques\/newtopia-10\/expo-duret\/\",\"url\":\"https:\/\/omnivion.net\/core\/fr\/projets\/projets-artistiques\/newtopia-10\/expo-duret\/\",\"name\":\"Newtopia 10.1 \/ Exposition photographique Bernard Duret & performance - omnivion.net\",\"isPartOf\":{\"@id\":\"https:\/\/omnivion.net\/core\/fr\/#website\"},\"primaryImageOfPage\":{\"@id\":\"https:\/\/omnivion.net\/core\/fr\/projets\/projets-artistiques\/newtopia-10\/expo-duret\/#primaryimage\"},\"image\":{\"@id\":\"https:\/\/omnivion.net\/core\/fr\/projets\/projets-artistiques\/newtopia-10\/expo-duret\/#primaryimage\"},\"thumbnailUrl\":\"http:\/\/omnivion.net\/core\/wp-content\/uploads\/2022\/03\/000950_edit_web.jpg\",\"datePublished\":\"2022-03-03T11:41:56+00:00\",\"dateModified\":\"2022-05-21T20:12:12+00:00\",\"breadcrumb\":{\"@id\":\"https:\/\/omnivion.net\/core\/fr\/projets\/projets-artistiques\/newtopia-10\/expo-duret\/#breadcrumb\"},\"inLanguage\":\"fr-FR\",\"potentialAction\":[{\"@type\":\"ReadAction\",\"target\":[\"https:\/\/omnivion.net\/core\/fr\/projets\/projets-artistiques\/newtopia-10\/expo-duret\/\"]}]},{\"@type\":\"ImageObject\",\"inLanguage\":\"fr-FR\",\"@id\":\"https:\/\/omnivion.net\/core\/fr\/projets\/projets-artistiques\/newtopia-10\/expo-duret\/#primaryimage\",\"url\":\"http:\/\/omnivion.net\/core\/wp-content\/uploads\/2022\/03\/000950_edit_web.jpg\",\"contentUrl\":\"http:\/\/omnivion.net\/core\/wp-content\/uploads\/2022\/03\/000950_edit_web.jpg\"},{\"@type\":\"BreadcrumbList\",\"@id\":\"https:\/\/omnivion.net\/core\/fr\/projets\/projets-artistiques\/newtopia-10\/expo-duret\/#breadcrumb\",\"itemListElement\":[{\"@type\":\"ListItem\",\"position\":1,\"name\":\"Accueil\",\"item\":\"https:\/\/omnivion.net\/core\/en\/silverstorm\/\"},{\"@type\":\"ListItem\",\"position\":2,\"name\":\"Projets\",\"item\":\"https:\/\/omnivion.net\/core\/fr\/projets\/\"},{\"@type\":\"ListItem\",\"position\":3,\"name\":\"Projets Artistiques\",\"item\":\"https:\/\/omnivion.net\/core\/projets\/projets-artistiques\/\"},{\"@type\":\"ListItem\",\"position\":4,\"name\":\"ENTERRES &#8211; ENCIEUX \/ NEWTOPIA 10\",\"item\":\"https:\/\/omnivion.net\/core\/projets\/projets-artistiques\/newtopia-10\/\"},{\"@type\":\"ListItem\",\"position\":5,\"name\":\"Newtopia 10.1 \/ Exposition photographique Bernard Duret &#038; performance\"}]},{\"@type\":\"WebSite\",\"@id\":\"https:\/\/omnivion.net\/core\/fr\/#website\",\"url\":\"https:\/\/omnivion.net\/core\/fr\/\",\"name\":\"omnivion.net\",\"description\":\"...ARTS D&#039;\u00caTRE CORPS...\",\"potentialAction\":[{\"@type\":\"SearchAction\",\"target\":{\"@type\":\"EntryPoint\",\"urlTemplate\":\"https:\/\/omnivion.net\/core\/fr\/?s={search_term_string}\"},\"query-input\":{\"@type\":\"PropertyValueSpecification\",\"valueRequired\":true,\"valueName\":\"search_term_string\"}}],\"inLanguage\":\"fr-FR\"}]}<\/script>\n<!-- \/ Yoast SEO plugin. -->","yoast_head_json":{"title":"Newtopia 10.1 \/ Exposition photographique Bernard Duret & performance - omnivion.net","robots":{"index":"index","follow":"follow","max-snippet":"max-snippet:-1","max-image-preview":"max-image-preview:large","max-video-preview":"max-video-preview:-1"},"canonical":"https:\/\/omnivion.net\/core\/fr\/projets\/projets-artistiques\/newtopia-10\/expo-duret\/","og_locale":"fr_FR","og_type":"article","og_title":"Newtopia 10.1 \/ Exposition photographique Bernard Duret & performance - omnivion.net","og_description":"&nbsp; Premier volet d&rsquo;Enterres &#8211; Encieux \/ Newtopia 10 \/ Danse et sant\u00e9 [&hellip;]","og_url":"https:\/\/omnivion.net\/core\/fr\/projets\/projets-artistiques\/newtopia-10\/expo-duret\/","og_site_name":"omnivion.net","article_modified_time":"2022-05-21T20:12:12+00:00","og_image":[{"url":"http:\/\/omnivion.net\/core\/wp-content\/uploads\/2022\/03\/000950_edit_web.jpg","type":"","width":"","height":""}],"twitter_card":"summary_large_image","twitter_misc":{"Dur\u00e9e de lecture estim\u00e9e":"1 minute"},"schema":{"@context":"https:\/\/schema.org","@graph":[{"@type":"WebPage","@id":"https:\/\/omnivion.net\/core\/fr\/projets\/projets-artistiques\/newtopia-10\/expo-duret\/","url":"https:\/\/omnivion.net\/core\/fr\/projets\/projets-artistiques\/newtopia-10\/expo-duret\/","name":"Newtopia 10.1 \/ Exposition photographique Bernard Duret & performance - omnivion.net","isPartOf":{"@id":"https:\/\/omnivion.net\/core\/fr\/#website"},"primaryImageOfPage":{"@id":"https:\/\/omnivion.net\/core\/fr\/projets\/projets-artistiques\/newtopia-10\/expo-duret\/#primaryimage"},"image":{"@id":"https:\/\/omnivion.net\/core\/fr\/projets\/projets-artistiques\/newtopia-10\/expo-duret\/#primaryimage"},"thumbnailUrl":"http:\/\/omnivion.net\/core\/wp-content\/uploads\/2022\/03\/000950_edit_web.jpg","datePublished":"2022-03-03T11:41:56+00:00","dateModified":"2022-05-21T20:12:12+00:00","breadcrumb":{"@id":"https:\/\/omnivion.net\/core\/fr\/projets\/projets-artistiques\/newtopia-10\/expo-duret\/#breadcrumb"},"inLanguage":"fr-FR","potentialAction":[{"@type":"ReadAction","target":["https:\/\/omnivion.net\/core\/fr\/projets\/projets-artistiques\/newtopia-10\/expo-duret\/"]}]},{"@type":"ImageObject","inLanguage":"fr-FR","@id":"https:\/\/omnivion.net\/core\/fr\/projets\/projets-artistiques\/newtopia-10\/expo-duret\/#primaryimage","url":"http:\/\/omnivion.net\/core\/wp-content\/uploads\/2022\/03\/000950_edit_web.jpg","contentUrl":"http:\/\/omnivion.net\/core\/wp-content\/uploads\/2022\/03\/000950_edit_web.jpg"},{"@type":"BreadcrumbList","@id":"https:\/\/omnivion.net\/core\/fr\/projets\/projets-artistiques\/newtopia-10\/expo-duret\/#breadcrumb","itemListElement":[{"@type":"ListItem","position":1,"name":"Accueil","item":"https:\/\/omnivion.net\/core\/en\/silverstorm\/"},{"@type":"ListItem","position":2,"name":"Projets","item":"https:\/\/omnivion.net\/core\/fr\/projets\/"},{"@type":"ListItem","position":3,"name":"Projets Artistiques","item":"https:\/\/omnivion.net\/core\/projets\/projets-artistiques\/"},{"@type":"ListItem","position":4,"name":"ENTERRES &#8211; ENCIEUX \/ NEWTOPIA 10","item":"https:\/\/omnivion.net\/core\/projets\/projets-artistiques\/newtopia-10\/"},{"@type":"ListItem","position":5,"name":"Newtopia 10.1 \/ Exposition photographique Bernard Duret &#038; performance"}]},{"@type":"WebSite","@id":"https:\/\/omnivion.net\/core\/fr\/#website","url":"https:\/\/omnivion.net\/core\/fr\/","name":"omnivion.net","description":"...ARTS D&#039;\u00caTRE CORPS...","potentialAction":[{"@type":"SearchAction","target":{"@type":"EntryPoint","urlTemplate":"https:\/\/omnivion.net\/core\/fr\/?s={search_term_string}"},"query-input":{"@type":"PropertyValueSpecification","valueRequired":true,"valueName":"search_term_string"}}],"inLanguage":"fr-FR"}]}},"jetpack_sharing_enabled":true,"jetpack_shortlink":"https:\/\/wp.me\/P2fe7Q-1al","jetpack_likes_enabled":true,"_links":{"self":[{"href":"https:\/\/omnivion.net\/core\/fr\/wp-json\/wp\/v2\/pages\/4485","targetHints":{"allow":["GET"]}}],"collection":[{"href":"https:\/\/omnivion.net\/core\/fr\/wp-json\/wp\/v2\/pages"}],"about":[{"href":"https:\/\/omnivion.net\/core\/fr\/wp-json\/wp\/v2\/types\/page"}],"author":[{"embeddable":true,"href":"https:\/\/omnivion.net\/core\/fr\/wp-json\/wp\/v2\/users\/1"}],"replies":[{"embeddable":true,"href":"https:\/\/omnivion.net\/core\/fr\/wp-json\/wp\/v2\/comments?post=4485"}],"version-history":[{"count":5,"href":"https:\/\/omnivion.net\/core\/fr\/wp-json\/wp\/v2\/pages\/4485\/revisions"}],"predecessor-version":[{"id":4676,"href":"https:\/\/omnivion.net\/core\/fr\/wp-json\/wp\/v2\/pages\/4485\/revisions\/4676"}],"up":[{"embeddable":true,"href":"https:\/\/omnivion.net\/core\/fr\/wp-json\/wp\/v2\/pages\/4461"}],"wp:attachment":[{"href":"https:\/\/omnivion.net\/core\/fr\/wp-json\/wp\/v2\/media?parent=4485"}],"curies":[{"name":"wp","href":"https:\/\/api.w.org\/{rel}","templated":true}]}}