{"id":4461,"date":"2022-02-25T19:34:55","date_gmt":"2022-02-25T18:34:55","guid":{"rendered":"https:\/\/omnivion.net\/core\/?page_id=4461"},"modified":"2024-04-07T19:45:13","modified_gmt":"2024-04-07T18:45:13","slug":"newtopia-10","status":"publish","type":"page","link":"https:\/\/omnivion.net\/core\/fr\/projets\/projets-artistiques\/newtopia-10\/","title":{"rendered":"ENTERRES &#8211; ENCIEUX \/ NEWTOPIA 10"},"content":{"rendered":"<p><div id=\"attachment_4463\" style=\"width: 810px\" class=\"wp-caption alignnone\"><img data-recalc-dims=\"1\" loading=\"lazy\" decoding=\"async\" aria-describedby=\"caption-attachment-4463\" class=\"size-full wp-image-4463\" src=\"https:\/\/i0.wp.com\/omnivion.net\/core\/wp-content\/uploads\/2022\/02\/Plague-Epidemic-in-Madagascar.jpg?resize=800%2C513\" alt=\"\" width=\"800\" height=\"513\" srcset=\"https:\/\/i0.wp.com\/omnivion.net\/core\/wp-content\/uploads\/2022\/02\/Plague-Epidemic-in-Madagascar.jpg?w=800&amp;ssl=1 800w, https:\/\/i0.wp.com\/omnivion.net\/core\/wp-content\/uploads\/2022\/02\/Plague-Epidemic-in-Madagascar.jpg?resize=300%2C192&amp;ssl=1 300w, https:\/\/i0.wp.com\/omnivion.net\/core\/wp-content\/uploads\/2022\/02\/Plague-Epidemic-in-Madagascar.jpg?resize=768%2C492&amp;ssl=1 768w\" sizes=\"auto, (max-width: 800px) 100vw, 800px\" \/><p id=\"caption-attachment-4463\" class=\"wp-caption-text\">Photo par Smarteee [CC BY-SA 4.0]<\/p><\/div>&nbsp;<\/p>\n<p>Des \u00e9v\u00e9nements chor\u00e9graphiques et artistiques <em>inclusifs<\/em> d\u00e9velopp\u00e9s autour de la conviction que la danse participe \u00e0 la construction et la r\u00e9-construction de soi et de la communaut\u00e9.<br \/>\nLe nouveau projet d&rsquo;Omnivion de cette ann\u00e9e <strong>\u00ab Enterres &#8211; Encieux \u00bb<\/strong> puise sa th\u00e9matique du ph\u00e9nom\u00e8ne de la mort, et nos rituels autour de la mort. La mort dans toutes ses \u00e9tats : abandon, destruction, renaissance, rite de passage \u00e0 d\u2019autres mondes, jubilation du n\u00e9ant. La mort dans toutes ses couleurs, en observant de loin des rituels parfois festifs d\u2019autres cultures. Oui, la mort n\u2019est pas que le mal absolu. Il est aussi le terreau qui renouvelle le vivant. Artistes, religieux et philosophes s\u2019approprient cet \u00e9tat myst\u00e9rieux pour enrichir nos visions et conceptions de la mort. Un questionnement, tout en couleurs, sur notre rapport intime, philosophique et esth\u00e9tique \u00e0 cette \u00e9tape de&#8230;vie.<\/p>\n<h3><\/h3>\n<h3>PROGRAMME :<\/h3>\n<p><strong>\u2013 4 mars \u2013 4 avril 2022 <\/strong><strong>: <a href=\"https:\/\/omnivion.net\/core\/projets\/projets-artistiques\/newtopia-10\/expo-duret\/\" target=\"_blank\" rel=\"noopener\">Expo Photo Enterres-Encieux \/ Newtopia 10.1<\/a>,<\/strong> au P\u00f4le Sant\u00e9 Mentale la Confluence \/ Saint-Cyr-sur-Loire (37540)<\/p>\n<p><strong>\u2013 7 mars 2022 : <a href=\"https:\/\/omnivion.net\/core\/projets\/projets-artistiques\/newtopia-10\/expo-duret\/\" target=\"_blank\" rel=\"noopener\">Performance de danse Enterres-Encieux \/ Newtopia 10.1<\/a>,<\/strong> avec les r\u00e9sidents du P\u00f4le Sant\u00e9 Mentale la Confluence \/ Saint-Cyr-sur-Loire (37540)<\/p>\n<p><strong>\u2013 Avril-Ao\u00fbt 2022 : <a href=\"https:\/\/omnivion.net\/core\/projets\/projets-artistiques\/newtopia-10\/alexo\/\">Alexo performances Enterres-Encieux \/ Newtopia 10.2<\/a>,<\/strong> avec Dimitri Tsiapkinis \u00e0 Nikiti, Mac\u00e9doine Centrale, Gr\u00e8ce (63088)<\/p>\n<p><strong>\u2013 14 mai 2022 : <a href=\"https:\/\/omnivion.net\/core\/projets\/projets-artistiques\/newtopia-10\/newt_10-3\/\">Performance Deuil &amp; Renaissance \/ Newtopia 10.3<\/a>,<\/strong>\u00a0en co-production avec le\u00a0<a href=\"https:\/\/www.facebook.com\/TerreRougecie\"><strong>Festival Angata \u2013 Asso Terre Rouge<\/strong><\/a>\u00a0\/ P\u00e9liau St. Georges, Rabouilleuse, Rochecorbon (37210)<\/p>\n<p><strong>\u2013 20 mai 2022 : <a href=\"https:\/\/omnivion.net\/core\/projets\/projets-artistiques\/newtopia-10\/newtopia-10-4\/\">Enterres-Encieux \/ Newtopia 10.4<\/a><\/strong><b>, pour les 20 ans de Mardis Pratique, <\/b>au Centre Social la Rabi\u00e8re \/ Jou\u00e9-l\u00e8s-Tours (37300)<\/p>\n<p><strong>\u2013 7-9 Oct 2022 : <a href=\"https:\/\/omnivion.net\/core\/fr\/projets\/projets-artistiques\/newtopia-10\/newt10-5\/\">Enterres-Encieux \/ Newtopia 10.5<\/a>,<\/strong> performances et exposition, en cor\u00e9alisation avec les Arpents d\u2019Art, \u00e0 Chapelle des Fr\u00e8res Mineurs \/ Tours (37100)<\/p>\n<p><strong>\u2013 13 mai 2023 : <a href=\"https:\/\/omnivion.net\/core\/projets\/projets-artistiques\/newtopia-10\/thanatos\/\">Thanatos &amp; Cie \/ Newtopia 10.7<\/a>, <\/strong>\u00e0 la Pl\u00e9iade, La Riche <span class=\"LrzXr\">(37520)<\/span><\/p>\n<p><strong>\u2013 16 mai 2023 : <a href=\"https:\/\/omnivion.net\/core\/fr\/projets\/projets-artistiques\/newtopia-10\/10-6\/\">Enterres-Encieux \/ Newtopia 10.6<\/a><\/strong><b>, <\/b>performances \u00e0 l\u2019h\u00f4pital Trousseau, Saint-Avertin (37550)<\/p>\n<p>&nbsp;<\/p>\n<p><strong>\/\/\/\/\/\/\/\/\/\/\/\/\/\/\/\/\/\/\/\/\/\/\/\/\/\/\/\/\/\/\/\/\/\/\/\/\/\/\/\/\/\/\/\/\/\/\/\/\/\/\/\/\/\/\/\/\/\/\/\/\/\/\/\/\/\/\/\/\/\/\/\/\/\/\/\/\/\/\/\/\/\/\/\/\/\/\/\/\/\/\/\/\/\/\/\/\/\/\/\/\/\/<\/strong><\/p>\n<p><b>Partenaires et financement : DRAC et ARS Centre, Fonds de dotation Transept37, CHU de Tours, Ville de Tours, Arpents d\u2019Art, <a href=\"https:\/\/www.inicea.fr\/pole-de-sante-mentale-la-confluence-saint-cyr-sur-loire\" target=\"_blank\" rel=\"noopener\">P\u00f4le de sant\u00e9 la Conflunce<\/a>, IME de Reugny, APAJH37, Magazine Trakt, la Rabouilleuse \/ \u00c9cole de Loire, Center for Dance and Theater of Milos, Centre Social la Rabi\u00e8re.<\/b><\/p>\n<p><img data-recalc-dims=\"1\" loading=\"lazy\" decoding=\"async\" class=\"alignnone size-full wp-image-4822\" src=\"https:\/\/i0.wp.com\/omnivion.net\/core\/wp-content\/uploads\/2022\/09\/logos_N_10_web.jpg?resize=800%2C268\" alt=\"\" width=\"800\" height=\"268\" srcset=\"https:\/\/i0.wp.com\/omnivion.net\/core\/wp-content\/uploads\/2022\/09\/logos_N_10_web.jpg?w=800&amp;ssl=1 800w, https:\/\/i0.wp.com\/omnivion.net\/core\/wp-content\/uploads\/2022\/09\/logos_N_10_web.jpg?resize=300%2C101&amp;ssl=1 300w, https:\/\/i0.wp.com\/omnivion.net\/core\/wp-content\/uploads\/2022\/09\/logos_N_10_web.jpg?resize=768%2C257&amp;ssl=1 768w\" sizes=\"auto, (max-width: 800px) 100vw, 800px\" \/><\/p>","protected":false},"excerpt":{"rendered":"<p>&nbsp; Des \u00e9v\u00e9nements chor\u00e9graphiques et artistiques inclusifs d\u00e9velopp\u00e9s autour de la conviction que [&hellip;]<\/p>\n","protected":false},"author":1,"featured_media":0,"parent":60,"menu_order":0,"comment_status":"closed","ping_status":"closed","template":"","meta":{"jetpack_post_was_ever_published":false,"footnotes":""},"class_list":["post-4461","page","type-page","status-publish","hentry"],"yoast_head":"<!-- This site is optimized with the Yoast SEO plugin v26.8 - https:\/\/yoast.com\/product\/yoast-seo-wordpress\/ -->\n<title>ENTERRES - ENCIEUX \/ NEWTOPIA 10 - omnivion.net<\/title>\n<meta name=\"robots\" content=\"index, follow, max-snippet:-1, max-image-preview:large, max-video-preview:-1\" \/>\n<link rel=\"canonical\" href=\"https:\/\/omnivion.net\/core\/fr\/projets\/projets-artistiques\/newtopia-10\/\" \/>\n<meta property=\"og:locale\" content=\"fr_FR\" \/>\n<meta property=\"og:type\" content=\"article\" \/>\n<meta property=\"og:title\" content=\"ENTERRES - ENCIEUX \/ NEWTOPIA 10 - omnivion.net\" \/>\n<meta property=\"og:description\" content=\"&nbsp; Des \u00e9v\u00e9nements chor\u00e9graphiques et artistiques inclusifs d\u00e9velopp\u00e9s autour de la conviction que [&hellip;]\" \/>\n<meta property=\"og:url\" content=\"https:\/\/omnivion.net\/core\/fr\/projets\/projets-artistiques\/newtopia-10\/\" \/>\n<meta property=\"og:site_name\" content=\"omnivion.net\" \/>\n<meta property=\"article:modified_time\" content=\"2024-04-07T18:45:13+00:00\" \/>\n<meta property=\"og:image\" content=\"http:\/\/omnivion.net\/core\/wp-content\/uploads\/2022\/02\/Plague-Epidemic-in-Madagascar.jpg\" \/>\n<meta name=\"twitter:card\" content=\"summary_large_image\" \/>\n<meta name=\"twitter:label1\" content=\"Dur\u00e9e de lecture estim\u00e9e\" \/>\n\t<meta name=\"twitter:data1\" content=\"3 minutes\" \/>\n<script type=\"application\/ld+json\" class=\"yoast-schema-graph\">{\"@context\":\"https:\/\/schema.org\",\"@graph\":[{\"@type\":\"WebPage\",\"@id\":\"https:\/\/omnivion.net\/core\/fr\/projets\/projets-artistiques\/newtopia-10\/\",\"url\":\"https:\/\/omnivion.net\/core\/fr\/projets\/projets-artistiques\/newtopia-10\/\",\"name\":\"ENTERRES - ENCIEUX \/ NEWTOPIA 10 - omnivion.net\",\"isPartOf\":{\"@id\":\"https:\/\/omnivion.net\/core\/fr\/#website\"},\"primaryImageOfPage\":{\"@id\":\"https:\/\/omnivion.net\/core\/fr\/projets\/projets-artistiques\/newtopia-10\/#primaryimage\"},\"image\":{\"@id\":\"https:\/\/omnivion.net\/core\/fr\/projets\/projets-artistiques\/newtopia-10\/#primaryimage\"},\"thumbnailUrl\":\"http:\/\/omnivion.net\/core\/wp-content\/uploads\/2022\/02\/Plague-Epidemic-in-Madagascar.jpg\",\"datePublished\":\"2022-02-25T18:34:55+00:00\",\"dateModified\":\"2024-04-07T18:45:13+00:00\",\"breadcrumb\":{\"@id\":\"https:\/\/omnivion.net\/core\/fr\/projets\/projets-artistiques\/newtopia-10\/#breadcrumb\"},\"inLanguage\":\"fr-FR\",\"potentialAction\":[{\"@type\":\"ReadAction\",\"target\":[\"https:\/\/omnivion.net\/core\/fr\/projets\/projets-artistiques\/newtopia-10\/\"]}]},{\"@type\":\"ImageObject\",\"inLanguage\":\"fr-FR\",\"@id\":\"https:\/\/omnivion.net\/core\/fr\/projets\/projets-artistiques\/newtopia-10\/#primaryimage\",\"url\":\"http:\/\/omnivion.net\/core\/wp-content\/uploads\/2022\/02\/Plague-Epidemic-in-Madagascar.jpg\",\"contentUrl\":\"http:\/\/omnivion.net\/core\/wp-content\/uploads\/2022\/02\/Plague-Epidemic-in-Madagascar.jpg\"},{\"@type\":\"BreadcrumbList\",\"@id\":\"https:\/\/omnivion.net\/core\/fr\/projets\/projets-artistiques\/newtopia-10\/#breadcrumb\",\"itemListElement\":[{\"@type\":\"ListItem\",\"position\":1,\"name\":\"Accueil\",\"item\":\"https:\/\/omnivion.net\/core\/en\/silverstorm\/\"},{\"@type\":\"ListItem\",\"position\":2,\"name\":\"Projets\",\"item\":\"https:\/\/omnivion.net\/core\/fr\/projets\/\"},{\"@type\":\"ListItem\",\"position\":3,\"name\":\"Projets Artistiques\",\"item\":\"https:\/\/omnivion.net\/core\/projets\/projets-artistiques\/\"},{\"@type\":\"ListItem\",\"position\":4,\"name\":\"ENTERRES &#8211; ENCIEUX \/ NEWTOPIA 10\"}]},{\"@type\":\"WebSite\",\"@id\":\"https:\/\/omnivion.net\/core\/fr\/#website\",\"url\":\"https:\/\/omnivion.net\/core\/fr\/\",\"name\":\"omnivion.net\",\"description\":\"...ARTS D&#039;\u00caTRE CORPS...\",\"potentialAction\":[{\"@type\":\"SearchAction\",\"target\":{\"@type\":\"EntryPoint\",\"urlTemplate\":\"https:\/\/omnivion.net\/core\/fr\/?s={search_term_string}\"},\"query-input\":{\"@type\":\"PropertyValueSpecification\",\"valueRequired\":true,\"valueName\":\"search_term_string\"}}],\"inLanguage\":\"fr-FR\"}]}<\/script>\n<!-- \/ Yoast SEO plugin. -->","yoast_head_json":{"title":"ENTERRES - ENCIEUX \/ NEWTOPIA 10 - omnivion.net","robots":{"index":"index","follow":"follow","max-snippet":"max-snippet:-1","max-image-preview":"max-image-preview:large","max-video-preview":"max-video-preview:-1"},"canonical":"https:\/\/omnivion.net\/core\/fr\/projets\/projets-artistiques\/newtopia-10\/","og_locale":"fr_FR","og_type":"article","og_title":"ENTERRES - ENCIEUX \/ NEWTOPIA 10 - omnivion.net","og_description":"&nbsp; Des \u00e9v\u00e9nements chor\u00e9graphiques et artistiques inclusifs d\u00e9velopp\u00e9s autour de la conviction que [&hellip;]","og_url":"https:\/\/omnivion.net\/core\/fr\/projets\/projets-artistiques\/newtopia-10\/","og_site_name":"omnivion.net","article_modified_time":"2024-04-07T18:45:13+00:00","og_image":[{"url":"http:\/\/omnivion.net\/core\/wp-content\/uploads\/2022\/02\/Plague-Epidemic-in-Madagascar.jpg","type":"","width":"","height":""}],"twitter_card":"summary_large_image","twitter_misc":{"Dur\u00e9e de lecture estim\u00e9e":"3 minutes"},"schema":{"@context":"https:\/\/schema.org","@graph":[{"@type":"WebPage","@id":"https:\/\/omnivion.net\/core\/fr\/projets\/projets-artistiques\/newtopia-10\/","url":"https:\/\/omnivion.net\/core\/fr\/projets\/projets-artistiques\/newtopia-10\/","name":"ENTERRES - ENCIEUX \/ NEWTOPIA 10 - omnivion.net","isPartOf":{"@id":"https:\/\/omnivion.net\/core\/fr\/#website"},"primaryImageOfPage":{"@id":"https:\/\/omnivion.net\/core\/fr\/projets\/projets-artistiques\/newtopia-10\/#primaryimage"},"image":{"@id":"https:\/\/omnivion.net\/core\/fr\/projets\/projets-artistiques\/newtopia-10\/#primaryimage"},"thumbnailUrl":"http:\/\/omnivion.net\/core\/wp-content\/uploads\/2022\/02\/Plague-Epidemic-in-Madagascar.jpg","datePublished":"2022-02-25T18:34:55+00:00","dateModified":"2024-04-07T18:45:13+00:00","breadcrumb":{"@id":"https:\/\/omnivion.net\/core\/fr\/projets\/projets-artistiques\/newtopia-10\/#breadcrumb"},"inLanguage":"fr-FR","potentialAction":[{"@type":"ReadAction","target":["https:\/\/omnivion.net\/core\/fr\/projets\/projets-artistiques\/newtopia-10\/"]}]},{"@type":"ImageObject","inLanguage":"fr-FR","@id":"https:\/\/omnivion.net\/core\/fr\/projets\/projets-artistiques\/newtopia-10\/#primaryimage","url":"http:\/\/omnivion.net\/core\/wp-content\/uploads\/2022\/02\/Plague-Epidemic-in-Madagascar.jpg","contentUrl":"http:\/\/omnivion.net\/core\/wp-content\/uploads\/2022\/02\/Plague-Epidemic-in-Madagascar.jpg"},{"@type":"BreadcrumbList","@id":"https:\/\/omnivion.net\/core\/fr\/projets\/projets-artistiques\/newtopia-10\/#breadcrumb","itemListElement":[{"@type":"ListItem","position":1,"name":"Accueil","item":"https:\/\/omnivion.net\/core\/en\/silverstorm\/"},{"@type":"ListItem","position":2,"name":"Projets","item":"https:\/\/omnivion.net\/core\/fr\/projets\/"},{"@type":"ListItem","position":3,"name":"Projets Artistiques","item":"https:\/\/omnivion.net\/core\/projets\/projets-artistiques\/"},{"@type":"ListItem","position":4,"name":"ENTERRES &#8211; ENCIEUX \/ NEWTOPIA 10"}]},{"@type":"WebSite","@id":"https:\/\/omnivion.net\/core\/fr\/#website","url":"https:\/\/omnivion.net\/core\/fr\/","name":"omnivion.net","description":"...ARTS D&#039;\u00caTRE CORPS...","potentialAction":[{"@type":"SearchAction","target":{"@type":"EntryPoint","urlTemplate":"https:\/\/omnivion.net\/core\/fr\/?s={search_term_string}"},"query-input":{"@type":"PropertyValueSpecification","valueRequired":true,"valueName":"search_term_string"}}],"inLanguage":"fr-FR"}]}},"jetpack_sharing_enabled":true,"jetpack_shortlink":"https:\/\/wp.me\/P2fe7Q-19X","jetpack_likes_enabled":true,"_links":{"self":[{"href":"https:\/\/omnivion.net\/core\/fr\/wp-json\/wp\/v2\/pages\/4461","targetHints":{"allow":["GET"]}}],"collection":[{"href":"https:\/\/omnivion.net\/core\/fr\/wp-json\/wp\/v2\/pages"}],"about":[{"href":"https:\/\/omnivion.net\/core\/fr\/wp-json\/wp\/v2\/types\/page"}],"author":[{"embeddable":true,"href":"https:\/\/omnivion.net\/core\/fr\/wp-json\/wp\/v2\/users\/1"}],"replies":[{"embeddable":true,"href":"https:\/\/omnivion.net\/core\/fr\/wp-json\/wp\/v2\/comments?post=4461"}],"version-history":[{"count":25,"href":"https:\/\/omnivion.net\/core\/fr\/wp-json\/wp\/v2\/pages\/4461\/revisions"}],"predecessor-version":[{"id":5355,"href":"https:\/\/omnivion.net\/core\/fr\/wp-json\/wp\/v2\/pages\/4461\/revisions\/5355"}],"up":[{"embeddable":true,"href":"https:\/\/omnivion.net\/core\/fr\/wp-json\/wp\/v2\/pages\/60"}],"wp:attachment":[{"href":"https:\/\/omnivion.net\/core\/fr\/wp-json\/wp\/v2\/media?parent=4461"}],"curies":[{"name":"wp","href":"https:\/\/api.w.org\/{rel}","templated":true}]}}