{"id":4454,"date":"2022-02-25T18:02:22","date_gmt":"2022-02-25T17:02:22","guid":{"rendered":"https:\/\/omnivion.net\/core\/?page_id=4454"},"modified":"2022-05-10T22:26:19","modified_gmt":"2022-05-10T21:26:19","slug":"stage-nina-dipla","status":"publish","type":"page","link":"https:\/\/omnivion.net\/core\/fr\/projets\/educational-projects\/stage-nina-dipla\/","title":{"rendered":"Stage de Danse Contemporaine avec Nina Dipla"},"content":{"rendered":"<p><div id=\"attachment_4458\" style=\"width: 810px\" class=\"wp-caption alignnone\"><img data-recalc-dims=\"1\" loading=\"lazy\" decoding=\"async\" aria-describedby=\"caption-attachment-4458\" class=\"size-large wp-image-4458\" src=\"https:\/\/i0.wp.com\/omnivion.net\/core\/wp-content\/uploads\/2022\/02\/20-July-2017-Nina-KAGUYA-photos1-347_edit-1024x587.jpg?resize=800%2C459\" alt=\"\" width=\"800\" height=\"459\" srcset=\"https:\/\/i0.wp.com\/omnivion.net\/core\/wp-content\/uploads\/2022\/02\/20-July-2017-Nina-KAGUYA-photos1-347_edit.jpg?resize=1024%2C587&amp;ssl=1 1024w, https:\/\/i0.wp.com\/omnivion.net\/core\/wp-content\/uploads\/2022\/02\/20-July-2017-Nina-KAGUYA-photos1-347_edit.jpg?resize=300%2C172&amp;ssl=1 300w, https:\/\/i0.wp.com\/omnivion.net\/core\/wp-content\/uploads\/2022\/02\/20-July-2017-Nina-KAGUYA-photos1-347_edit.jpg?resize=768%2C440&amp;ssl=1 768w, https:\/\/i0.wp.com\/omnivion.net\/core\/wp-content\/uploads\/2022\/02\/20-July-2017-Nina-KAGUYA-photos1-347_edit.jpg?resize=1536%2C880&amp;ssl=1 1536w, https:\/\/i0.wp.com\/omnivion.net\/core\/wp-content\/uploads\/2022\/02\/20-July-2017-Nina-KAGUYA-photos1-347_edit.jpg?resize=2048%2C1174&amp;ssl=1 2048w\" sizes=\"auto, (max-width: 800px) 100vw, 800px\" \/><p id=\"caption-attachment-4458\" class=\"wp-caption-text\">Photo par Nina KAGUYA<\/p><\/div><\/p>\n<p>&nbsp;<\/p>\n<h2>\u00ab\u00a0VERS UNE \u00c9COUTE PROFONDE\u00a0\u00bb<\/h2>\n<h2>Automne 2022,<span class=\"LrzXr\"> Tours (<\/span><span class=\"LrzXr\">37000)<\/span><\/h2>\n<h3><strong>TARIF : 80\u20ac<\/strong><\/h3>\n<div>\n<h3 class=\"ydpef7ff72byiv6394245233ydpd4e78df_1mf ydpef7ff72byiv6394245233ydpd4e78df_1mj\"><b>R\u00c9SERVATIONS : Bient\u00f4t sur cette page.<br \/>\n<\/b><\/h3>\n<div><\/div>\n<\/div>\n<div>\n<div class=\"ydpef7ff72byiv6394245233ydpd4e78df_1mf ydpef7ff72byiv6394245233ydpd4e78df_1mj\">\u00ab\u00a0What comes, will go. What is found, will be lost again. But what you are is beyond coming and going and beyond description.\u00a0\u00bb Rumi<\/div>\n<\/div>\n<div>\n<div class=\"ydpef7ff72byiv6394245233ydpd4e78df_1mf ydpef7ff72byiv6394245233ydpd4e78df_1mj\"><\/div>\n<\/div>\n<div>\n<div class=\"ydpef7ff72byiv6394245233ydpd4e78df_1mf ydpef7ff72byiv6394245233ydpd4e78df_1mj\" dir=\"ltr\" data-setdir=\"false\">Influenc\u00e9e par son travail avec Pina Bausch, ainsi que par la pratique du yoga et de l&rsquo;a\u00efkido, Nina Dipla a d\u00e9velopp\u00e9 sa propre m\u00e9thode de transmission de la danse, selon laquelle elle dirige de nombreux workshops \u00e0 travers le monde. Les participants ont la possibilit\u00e9 de retrouver, \u00e0 travers le mouvement, un niveau profond de conscience et de confiance. Les axes du workshop sont la simplicit\u00e9, l&rsquo;utilisation de l&rsquo;espace, ainsi que la recherche de l&rsquo;harmonie et de la fluidit\u00e9. L&rsquo;objectif est d&rsquo;atteindre un \u00e9tat de v\u00e9rit\u00e9 intime dans le moment, tout en \u00e9tant une partie de l&rsquo;espace et en \u00e9vitant d&rsquo;\u00eatre influenc\u00e9s par les autres : \u00eatre simplement l\u00e0, ouverts et disponibles avec son corps comme avec son esprit.<\/div>\n<div dir=\"ltr\" data-setdir=\"false\"><\/div>\n<\/div>\n<div dir=\"ltr\" data-setdir=\"false\">\n<p><strong>Biographie courte de Nina Dipla :<\/strong><\/p>\n<p>Membre du Folkwang Tanzstudio \u00e0 partir de 1994, elle travaille notamment avec Pina Bausch. Depuis 1999, elle collabore en tant qu\u2019interpr\u00e8te avec divers chor\u00e9graphes, compositeurs et metteurs en sc\u00e8ne. Elle a \u00e9t\u00e9 assistante chor\u00e9graphique au Tanztheater Wuppertal (Pina Bausch) pour la reprise du Tannh\u00e4user. Nina habite actuellement \u00e0 Paris o\u00f9 elle enseigne la danse contemporaine et propose des stages et cr\u00e9ations\u00a0 en France et \u00e0 l\u2019\u00e9tranger (Allemagne, Gr\u00e8ce, Slov\u00e9nie, Argentine, Italie, Br\u00e9sil, Chili, P\u00e9rou, Japon, Serbie, Angleterre, Chypre, Suisse, Su\u00e8de, Taiwan, Macao, Hong-Kong\u2026).<\/p>\n<p>Les derni\u00e8res ann\u00e9es Nina travaille sur tout dans des projets qui sont li\u00e9s aux rencontres au-del\u00e0 des fronti\u00e8res, des cultures ou des religions. Il s&rsquo;agit d&rsquo; exp\u00e9riences artistiques, mais, avant tout, d&rsquo; exp\u00e9riences humaines.<\/p>\n<p>Dans cette perspective, elle r\u00e9alise en Asie depuis 2014 \u00e0 present, des cr\u00e9ations collectives \u00ab\u00a07 Steps of Life\u00a0\u00bb\u00a0 \u00ab\u00a0All in a Thought\u00a0\u00bb Japon Taiwan\u00a0 \u00ab\u00a0The other side of the Sacred\u00a0\u00bb Macao Honk Kong\u00a0 \u00ab\u00a0Kaguya Conversations avec la Lune\u00a0\u00bb \u00ab\u00a0 Dear Pina\u2026\u00a0\u00bb (Japon &amp; Taiwan)<\/p>\n<p>A\u00a0 Paris Nina depuis 2016\u00a0 collabore avec la troupe du Theatre de la Ville \/ E. Demarcy Mota pour les cr\u00e9ations \u00ab Alice et autres Merveilles \u00bb \u00ab Les Sorci\u00e8res de Salem \u00bb\u00a0 \u00ab Alice traverse le miroir \u00bb \u2026Depuis 2019- aujourd\u2019hui elle fait partie de la \u00ab Troupe de l\u2019imaginaire \u00bb\u00a0 du Theatre de la Ville autant que consultante de danse &amp; po\u00e9sie. Actuellement elle fait partie de la compagnie Act Opus autant que interpr\u00e8te \u00e0 la creation \u00ab Nous L\u2019Europe le banquet des peuples \u00bb Roland Auzet texte Roland Gaud\u00e9 et elle pr\u00e9pare sa propre creation \u00ab \u039a\u0391\u039b\u039f \u03a4\u0391\u039e\u0399\u0394\u0399 Bon voyage \u00bb un projet de danse-musique-po\u00e9sie programm\u00e9 pour le Festival de Taiwan KSF en 2022.<\/p>\n<p>&nbsp;<\/p>\n<p><strong>Contact :<\/strong><\/p>\n<p>Web: <a href=\"http:\/\/www.ninadipla.com\">www.ninadipla.com<\/a><\/p>\n<p>Youtube: Nina Dipla Danse Contemporaine<\/p>\n<\/div>\n<p><\/p>","protected":false},"excerpt":{"rendered":"<p>&nbsp; \u00ab\u00a0VERS UNE \u00c9COUTE PROFONDE\u00a0\u00bb Automne 2022, Tours (37000) TARIF : 80\u20ac R\u00c9SERVATIONS [&hellip;]<\/p>\n","protected":false},"author":1,"featured_media":0,"parent":63,"menu_order":0,"comment_status":"closed","ping_status":"closed","template":"","meta":{"jetpack_post_was_ever_published":false,"footnotes":""},"class_list":["post-4454","page","type-page","status-publish","hentry"],"yoast_head":"<!-- This site is optimized with the Yoast SEO plugin v26.8 - https:\/\/yoast.com\/product\/yoast-seo-wordpress\/ -->\n<title>Stage de Danse Contemporaine avec Nina Dipla - omnivion.net<\/title>\n<meta name=\"robots\" content=\"index, follow, max-snippet:-1, max-image-preview:large, max-video-preview:-1\" \/>\n<link rel=\"canonical\" href=\"https:\/\/omnivion.net\/core\/fr\/projets\/educational-projects\/stage-nina-dipla\/\" \/>\n<meta property=\"og:locale\" content=\"fr_FR\" \/>\n<meta property=\"og:type\" content=\"article\" \/>\n<meta property=\"og:title\" content=\"Stage de Danse Contemporaine avec Nina Dipla - omnivion.net\" \/>\n<meta property=\"og:description\" content=\"&nbsp; \u00ab\u00a0VERS UNE \u00c9COUTE PROFONDE\u00a0\u00bb Automne 2022, Tours (37000) TARIF : 80\u20ac R\u00c9SERVATIONS [&hellip;]\" \/>\n<meta property=\"og:url\" content=\"https:\/\/omnivion.net\/core\/fr\/projets\/educational-projects\/stage-nina-dipla\/\" \/>\n<meta property=\"og:site_name\" content=\"omnivion.net\" \/>\n<meta property=\"article:modified_time\" content=\"2022-05-10T21:26:19+00:00\" \/>\n<meta property=\"og:image\" content=\"http:\/\/omnivion.net\/core\/wp-content\/uploads\/2022\/02\/20-July-2017-Nina-KAGUYA-photos1-347_edit-1024x587.jpg\" \/>\n<meta name=\"twitter:card\" content=\"summary_large_image\" \/>\n<meta name=\"twitter:label1\" content=\"Dur\u00e9e de lecture estim\u00e9e\" \/>\n\t<meta name=\"twitter:data1\" content=\"3 minutes\" \/>\n<script type=\"application\/ld+json\" class=\"yoast-schema-graph\">{\"@context\":\"https:\/\/schema.org\",\"@graph\":[{\"@type\":\"WebPage\",\"@id\":\"https:\/\/omnivion.net\/core\/fr\/projets\/educational-projects\/stage-nina-dipla\/\",\"url\":\"https:\/\/omnivion.net\/core\/fr\/projets\/educational-projects\/stage-nina-dipla\/\",\"name\":\"Stage de Danse Contemporaine avec Nina Dipla - omnivion.net\",\"isPartOf\":{\"@id\":\"https:\/\/omnivion.net\/core\/fr\/#website\"},\"primaryImageOfPage\":{\"@id\":\"https:\/\/omnivion.net\/core\/fr\/projets\/educational-projects\/stage-nina-dipla\/#primaryimage\"},\"image\":{\"@id\":\"https:\/\/omnivion.net\/core\/fr\/projets\/educational-projects\/stage-nina-dipla\/#primaryimage\"},\"thumbnailUrl\":\"http:\/\/omnivion.net\/core\/wp-content\/uploads\/2022\/02\/20-July-2017-Nina-KAGUYA-photos1-347_edit-1024x587.jpg\",\"datePublished\":\"2022-02-25T17:02:22+00:00\",\"dateModified\":\"2022-05-10T21:26:19+00:00\",\"breadcrumb\":{\"@id\":\"https:\/\/omnivion.net\/core\/fr\/projets\/educational-projects\/stage-nina-dipla\/#breadcrumb\"},\"inLanguage\":\"fr-FR\",\"potentialAction\":[{\"@type\":\"ReadAction\",\"target\":[\"https:\/\/omnivion.net\/core\/fr\/projets\/educational-projects\/stage-nina-dipla\/\"]}]},{\"@type\":\"ImageObject\",\"inLanguage\":\"fr-FR\",\"@id\":\"https:\/\/omnivion.net\/core\/fr\/projets\/educational-projects\/stage-nina-dipla\/#primaryimage\",\"url\":\"http:\/\/omnivion.net\/core\/wp-content\/uploads\/2022\/02\/20-July-2017-Nina-KAGUYA-photos1-347_edit-1024x587.jpg\",\"contentUrl\":\"http:\/\/omnivion.net\/core\/wp-content\/uploads\/2022\/02\/20-July-2017-Nina-KAGUYA-photos1-347_edit-1024x587.jpg\"},{\"@type\":\"BreadcrumbList\",\"@id\":\"https:\/\/omnivion.net\/core\/fr\/projets\/educational-projects\/stage-nina-dipla\/#breadcrumb\",\"itemListElement\":[{\"@type\":\"ListItem\",\"position\":1,\"name\":\"Accueil\",\"item\":\"https:\/\/omnivion.net\/core\/en\/silverstorm\/\"},{\"@type\":\"ListItem\",\"position\":2,\"name\":\"Projets\",\"item\":\"https:\/\/omnivion.net\/core\/fr\/projets\/\"},{\"@type\":\"ListItem\",\"position\":3,\"name\":\"Projets Educatifs\",\"item\":\"https:\/\/omnivion.net\/core\/projets\/educational-projects\/\"},{\"@type\":\"ListItem\",\"position\":4,\"name\":\"Stage de Danse Contemporaine avec Nina Dipla\"}]},{\"@type\":\"WebSite\",\"@id\":\"https:\/\/omnivion.net\/core\/fr\/#website\",\"url\":\"https:\/\/omnivion.net\/core\/fr\/\",\"name\":\"omnivion.net\",\"description\":\"...ARTS D&#039;\u00caTRE CORPS...\",\"potentialAction\":[{\"@type\":\"SearchAction\",\"target\":{\"@type\":\"EntryPoint\",\"urlTemplate\":\"https:\/\/omnivion.net\/core\/fr\/?s={search_term_string}\"},\"query-input\":{\"@type\":\"PropertyValueSpecification\",\"valueRequired\":true,\"valueName\":\"search_term_string\"}}],\"inLanguage\":\"fr-FR\"}]}<\/script>\n<!-- \/ Yoast SEO plugin. -->","yoast_head_json":{"title":"Stage de Danse Contemporaine avec Nina Dipla - omnivion.net","robots":{"index":"index","follow":"follow","max-snippet":"max-snippet:-1","max-image-preview":"max-image-preview:large","max-video-preview":"max-video-preview:-1"},"canonical":"https:\/\/omnivion.net\/core\/fr\/projets\/educational-projects\/stage-nina-dipla\/","og_locale":"fr_FR","og_type":"article","og_title":"Stage de Danse Contemporaine avec Nina Dipla - omnivion.net","og_description":"&nbsp; \u00ab\u00a0VERS UNE \u00c9COUTE PROFONDE\u00a0\u00bb Automne 2022, Tours (37000) TARIF : 80\u20ac R\u00c9SERVATIONS [&hellip;]","og_url":"https:\/\/omnivion.net\/core\/fr\/projets\/educational-projects\/stage-nina-dipla\/","og_site_name":"omnivion.net","article_modified_time":"2022-05-10T21:26:19+00:00","og_image":[{"url":"http:\/\/omnivion.net\/core\/wp-content\/uploads\/2022\/02\/20-July-2017-Nina-KAGUYA-photos1-347_edit-1024x587.jpg","type":"","width":"","height":""}],"twitter_card":"summary_large_image","twitter_misc":{"Dur\u00e9e de lecture estim\u00e9e":"3 minutes"},"schema":{"@context":"https:\/\/schema.org","@graph":[{"@type":"WebPage","@id":"https:\/\/omnivion.net\/core\/fr\/projets\/educational-projects\/stage-nina-dipla\/","url":"https:\/\/omnivion.net\/core\/fr\/projets\/educational-projects\/stage-nina-dipla\/","name":"Stage de Danse Contemporaine avec Nina Dipla - omnivion.net","isPartOf":{"@id":"https:\/\/omnivion.net\/core\/fr\/#website"},"primaryImageOfPage":{"@id":"https:\/\/omnivion.net\/core\/fr\/projets\/educational-projects\/stage-nina-dipla\/#primaryimage"},"image":{"@id":"https:\/\/omnivion.net\/core\/fr\/projets\/educational-projects\/stage-nina-dipla\/#primaryimage"},"thumbnailUrl":"http:\/\/omnivion.net\/core\/wp-content\/uploads\/2022\/02\/20-July-2017-Nina-KAGUYA-photos1-347_edit-1024x587.jpg","datePublished":"2022-02-25T17:02:22+00:00","dateModified":"2022-05-10T21:26:19+00:00","breadcrumb":{"@id":"https:\/\/omnivion.net\/core\/fr\/projets\/educational-projects\/stage-nina-dipla\/#breadcrumb"},"inLanguage":"fr-FR","potentialAction":[{"@type":"ReadAction","target":["https:\/\/omnivion.net\/core\/fr\/projets\/educational-projects\/stage-nina-dipla\/"]}]},{"@type":"ImageObject","inLanguage":"fr-FR","@id":"https:\/\/omnivion.net\/core\/fr\/projets\/educational-projects\/stage-nina-dipla\/#primaryimage","url":"http:\/\/omnivion.net\/core\/wp-content\/uploads\/2022\/02\/20-July-2017-Nina-KAGUYA-photos1-347_edit-1024x587.jpg","contentUrl":"http:\/\/omnivion.net\/core\/wp-content\/uploads\/2022\/02\/20-July-2017-Nina-KAGUYA-photos1-347_edit-1024x587.jpg"},{"@type":"BreadcrumbList","@id":"https:\/\/omnivion.net\/core\/fr\/projets\/educational-projects\/stage-nina-dipla\/#breadcrumb","itemListElement":[{"@type":"ListItem","position":1,"name":"Accueil","item":"https:\/\/omnivion.net\/core\/en\/silverstorm\/"},{"@type":"ListItem","position":2,"name":"Projets","item":"https:\/\/omnivion.net\/core\/fr\/projets\/"},{"@type":"ListItem","position":3,"name":"Projets Educatifs","item":"https:\/\/omnivion.net\/core\/projets\/educational-projects\/"},{"@type":"ListItem","position":4,"name":"Stage de Danse Contemporaine avec Nina Dipla"}]},{"@type":"WebSite","@id":"https:\/\/omnivion.net\/core\/fr\/#website","url":"https:\/\/omnivion.net\/core\/fr\/","name":"omnivion.net","description":"...ARTS D&#039;\u00caTRE CORPS...","potentialAction":[{"@type":"SearchAction","target":{"@type":"EntryPoint","urlTemplate":"https:\/\/omnivion.net\/core\/fr\/?s={search_term_string}"},"query-input":{"@type":"PropertyValueSpecification","valueRequired":true,"valueName":"search_term_string"}}],"inLanguage":"fr-FR"}]}},"jetpack_sharing_enabled":true,"jetpack_shortlink":"https:\/\/wp.me\/P2fe7Q-19Q","jetpack_likes_enabled":true,"_links":{"self":[{"href":"https:\/\/omnivion.net\/core\/fr\/wp-json\/wp\/v2\/pages\/4454","targetHints":{"allow":["GET"]}}],"collection":[{"href":"https:\/\/omnivion.net\/core\/fr\/wp-json\/wp\/v2\/pages"}],"about":[{"href":"https:\/\/omnivion.net\/core\/fr\/wp-json\/wp\/v2\/types\/page"}],"author":[{"embeddable":true,"href":"https:\/\/omnivion.net\/core\/fr\/wp-json\/wp\/v2\/users\/1"}],"replies":[{"embeddable":true,"href":"https:\/\/omnivion.net\/core\/fr\/wp-json\/wp\/v2\/comments?post=4454"}],"version-history":[{"count":8,"href":"https:\/\/omnivion.net\/core\/fr\/wp-json\/wp\/v2\/pages\/4454\/revisions"}],"predecessor-version":[{"id":4603,"href":"https:\/\/omnivion.net\/core\/fr\/wp-json\/wp\/v2\/pages\/4454\/revisions\/4603"}],"up":[{"embeddable":true,"href":"https:\/\/omnivion.net\/core\/fr\/wp-json\/wp\/v2\/pages\/63"}],"wp:attachment":[{"href":"https:\/\/omnivion.net\/core\/fr\/wp-json\/wp\/v2\/media?parent=4454"}],"curies":[{"name":"wp","href":"https:\/\/api.w.org\/{rel}","templated":true}]}}